{"id":321,"date":"2024-09-17T11:35:51","date_gmt":"2024-09-17T11:35:51","guid":{"rendered":"https:\/\/alfakher24h.de\/?post_type=product&#038;p=321"},"modified":"2025-07-16T07:12:17","modified_gmt":"2025-07-16T07:12:17","slug":"al-fakher-crown-bar-big-cloud-8000-per-sigaretta-elettronica-usa-e-getta-peach-ice","status":"publish","type":"product","link":"https:\/\/alfakher24h.de\/it\/prodotto\/al-fakher-crown-bar-big-cloud-8000-per-sigaretta-elettronica-usa-e-getta-peach-ice\/","title":{"rendered":"Al Fakher Crown Bar Big Cloud 8000 PRO tiri Sigaretta elettronica usa e getta - Pesca ghiaccio"},"content":{"rendered":"<h2><strong><a href=\"https:\/\/alfakher24h.de\/it\/categoria-di-prodotto\/al-fakher-crown-bar-big-cloud-8000-pro\/\">Al Fakher Crown Bar Big Cloud 8000 PRO Tiri<\/a> Sigaretta elettronica monouso - Peach Ice: un piacere elevato per i vaporizzatori<\/strong><\/h2>\n<p>Le Al Fakher Crown Bar Big Cloud 8000 PRO tirate <a href=\"https:\/\/alfakher24h.de\/it\/\">Sigaretta elettronica usa e getta<\/a> offre una combinazione eccezionale di tecnologia avanzata, lunga durata e aromi intensi, che elevano il vaping a un nuovo livello. Con la sua struttura facile da usare e un numero impressionante di tiri fino a 8000, questo dispositivo \u00e8 rivolto sia ai vaper esperti che ai principianti che cercano un'opzione usa e getta comoda e potente. Particolarmente popolare \u00e8 il sapore <em>Peach Ice<\/em>che convince con una nota di frutta rinfrescante e un finale di mentolo fresco.<\/p>\n<h3><strong>Perch\u00e9 Al Fakher Crown Bar Big Cloud 8000 PRO?<\/strong><\/h3>\n<p>La <em>Al Fakher Crown Bar Big Cloud 8000 PRO<\/em> \u00c8 molto pi\u00f9 di una normale sigaretta elettronica usa e getta. Offre un'esperienza di svapo premium che \u00e8 difficile da superare in termini di qualit\u00e0 e comfort. Questa sigaretta elettronica non \u00e8 solo particolarmente duratura, ma anche ricaricabile: una caratteristica unica per una sigaretta elettronica usa e getta che garantisce flessibilit\u00e0 e un utilizzo prolungato.<\/p>\n<p>Se stai cercando un dispositivo affidabile e di alta qualit\u00e0 che combini aromi intensi con un morbido colpo di nicotina, questo modello \u00e8 una scelta eccellente. Acquista il tuo dispositivo ora su <em>alfakher24h.de<\/em>il pi\u00f9 grande portale online per sigarette elettroniche monouso in Germania.<\/p>\n<h3><strong>Dettagli tecnici in generale:<\/strong><\/h3>\n<ul>\n<li><strong>Fino a 8000 treni per dispositivo:<\/strong> Il <a href=\"https:\/\/alfakher24h.de\/it\/\">Al Fakher<\/a> Crown Bar Big Cloud 8000 PRO \u00e8 stata sviluppata per gli utenti abituali e offre un piacere duraturo senza la necessit\u00e0 di ricaricare continuamente.<\/li>\n<li><strong>5 mg di sale di nicotina:<\/strong> Perfetto per i vaporizzatori che cercano un'esperienza di nicotina morbida ma allo stesso tempo soddisfacente.<\/li>\n<li><strong>18 ml di capacit\u00e0 di E-Liquid:<\/strong> Un volume di riempimento generoso garantisce un utilizzo prolungato senza necessit\u00e0 di ricaricare.<\/li>\n<li><strong>850 mAh batteria:<\/strong> Potente batteria ricaricabile con porta di ricarica Type-C per una ricarica rapida e comoda.<\/li>\n<li><strong>Funzionalit\u00e0 a due modalit\u00e0 (MTL\/DTL):<\/strong> La possibilit\u00e0 di passare da Mouth-to-Lung (MTL) a Direct-to-Lung (DTL) adatta l'esperienza di svapo alle preferenze individuali.<\/li>\n<li><strong>Display a LED:<\/strong> Un display integrato mostra lo stato della batteria e il livello di liquido rimanente, per rimanere sempre informati.<\/li>\n<\/ul>\n<h3><strong>Un'esperienza di vapore senza pari: Peach Ice<\/strong><\/h3>\n<p>La sigaretta elettronica usa e getta Al Fakher Crown Bar Big Cloud 8000 PRO \u00e8 disponibile in molti aromi unici, ma <em>Peach Ice<\/em> Si distingue particolarmente. Questo sapore unisce la dolcezza succosa di pesche mature con un tocco di mentolo rinfrescante e provoca una vera esplosione di gusto.<\/p>\n<h4>La magia di Peach Ice - Il frutto incontra la freschezza<\/h4>\n<p>Peach Ice \u00e8 una masterclass nella combinazione di elementi fruttati e rinfrescanti. Il sapore di pesca \u00e8 dolce, ma non travolgente - proprio cos\u00ec da rallegrare i sensi senza risultare troppo pesante. Quando si inspira, la dolcezza fine e fresca delle pesche avvolge, mentre quando si espira un tocco di mentolo stimola le papille gustative e lascia un gradevole finale fresco.<\/p>\n<p>Questo gusto \u00e8 ideale per tutti coloro che amano le esperienze di svapo sia fruttate che rinfrescanti. L'equilibrio tra la pesca dolce e il mentolo rinfrescante rende ogni aspirazione un momento rinfrescante, specialmente nelle giornate calde o dopo un periodo stressante. Il retrogusto fresco permane a lungo e offre cos\u00ec una sensazione di freschezza duratura in bocca.<\/p>\n<h3><strong>Qualit\u00e0 e sicurezza<\/strong><\/h3>\n<p>Oltre agli intensi aromi, il dispositivo convince anche per gli elevati standard di sicurezza. La batteria ricaricabile garantisce una maggiore durata d'uso, mentre la lavorazione di alta qualit\u00e0 assicura la longevit\u00e0. Ogni dispositivo viene sottoposto a rigorosi controlli di qualit\u00e0 per garantire che si tenga in mano un prodotto sicuro e affidabile.<\/p>\n<p>Con 5 mg di sale di nicotina \u00e8 cos\u00ec <em>Al Fakher Crown Bar Big Cloud 8000 PRO<\/em> Perfetto per i vaporizzatori che cercano un effetto di nicotina lieve ma comunque percettibile. Il morbido impatto sulla gola garantisce un'esperienza di vaporizzazione piacevole, che non \u00e8 n\u00e9 troppo forte n\u00e9 troppo debole, ideale per l'uso quotidiano.<\/p>\n<h3><strong>Perch\u00e9 comprare su alfakher24h.de?<\/strong><\/h3>\n<p>Se lei vuole <em>Al Fakher Crown Bar Big Cloud 8000 PRO<\/em> desiderano acquistare, visitino \u043e\u0431\u044f\u0437\u0430\u0442\u0435\u043b\u044c\u043d\u043e il nostro sito web <em>alfakher24h.de<\/em>Come la pi\u00f9 grande piattaforma online per <a href=\"https:\/\/alfakher24h.de\/it\/\">Sigarette elettroniche monouso<\/a> In Germania offriamo non solo un'ampia gamma di prodotti, ma anche un servizio clienti eccellente e una consegna rapida. Che tu stia cercando nuovi aromi o voglia ordinare nuovamente il tuo gusto preferito, da noi troverai tutto ci\u00f2 che il cuore di un vaporizzatore desidera.<\/p>\n<p>I nostri prezzi sono competitivi e il nostro processo di ordinazione \u00e8 semplice e senza complicazioni. Con solo pochi clic puoi ordinare il tuo modello di vaporizzatore usa e getta preferito a casa tua e goderti un'esperienza di svapo di prima classe.<\/p>\n<p><img loading=\"lazy\" decoding=\"async\" class=\"alignnone size-full wp-image-325\" src=\"https:\/\/alfakher24h.de\/wp-content\/uploads\/2024\/09\/Al-Fakher-Crown-Bar-Big-Cloud-8000-PRO-Zuege-Einweg-E-Zigarette-Peach-Ice-2.webp\" alt=\"Al Fakher Crown Bar Big Cloud 8000 PRO tiri Sigaretta elettronica usa e getta - Pesca ghiaccio\" width=\"2000\" height=\"2000\" title=\"\" srcset=\"https:\/\/alfakher24h.de\/wp-content\/uploads\/2024\/09\/Al-Fakher-Crown-Bar-Big-Cloud-8000-PRO-Zuege-Einweg-E-Zigarette-Peach-Ice-2.webp 2000w, https:\/\/alfakher24h.de\/wp-content\/uploads\/2024\/09\/Al-Fakher-Crown-Bar-Big-Cloud-8000-PRO-Zuege-Einweg-E-Zigarette-Peach-Ice-2-300x300.webp 300w, https:\/\/alfakher24h.de\/wp-content\/uploads\/2024\/09\/Al-Fakher-Crown-Bar-Big-Cloud-8000-PRO-Zuege-Einweg-E-Zigarette-Peach-Ice-2-1024x1024.webp 1024w, https:\/\/alfakher24h.de\/wp-content\/uploads\/2024\/09\/Al-Fakher-Crown-Bar-Big-Cloud-8000-PRO-Zuege-Einweg-E-Zigarette-Peach-Ice-2-150x150.webp 150w, https:\/\/alfakher24h.de\/wp-content\/uploads\/2024\/09\/Al-Fakher-Crown-Bar-Big-Cloud-8000-PRO-Zuege-Einweg-E-Zigarette-Peach-Ice-2-768x768.webp 768w, https:\/\/alfakher24h.de\/wp-content\/uploads\/2024\/09\/Al-Fakher-Crown-Bar-Big-Cloud-8000-PRO-Zuege-Einweg-E-Zigarette-Peach-Ice-2-1536x1536.webp 1536w, https:\/\/alfakher24h.de\/wp-content\/uploads\/2024\/09\/Al-Fakher-Crown-Bar-Big-Cloud-8000-PRO-Zuege-Einweg-E-Zigarette-Peach-Ice-2-600x600.webp 600w, https:\/\/alfakher24h.de\/wp-content\/uploads\/2024\/09\/Al-Fakher-Crown-Bar-Big-Cloud-8000-PRO-Zuege-Einweg-E-Zigarette-Peach-Ice-2-100x100.webp 100w\" sizes=\"auto, (max-width: 2000px) 100vw, 2000px\" \/><\/p>\n<h3><strong>La scelta perfetta per ogni vaporizzatore<\/strong><\/h3>\n<p>Indipendentemente dal fatto che tu sia alla ricerca di un dispositivo per principianti o un vaporizzatore esperto che cerca nuovi sapori - la <em><a href=\"https:\/\/alfakher24h.de\/it\/\">Al Fakher<\/a> Crown Bar Big Cloud 8000 PRO<\/em> Offre tutto ci\u00f2 di cui hai bisogno. La sorprendente durata della batteria, il grande volume di liquido e la variet\u00e0 dei sapori rendono questa sigaretta elettronica usa e getta la scelta ideale per tutti.<\/p>\n<p>Riassunto offre la <em>Al Fakher Crown Bar Big Cloud 8000 PRO<\/em> con la loro struttura elegante, la lunga durata di utilizzo e gli aromi intensi, offrono un'esperienza di svapo eccezionale. Il <em>Peach Ice<\/em>Il gusto \u00e8 la perfetta miscela di dolcezza fruttata e freschezza rinfrescante che risveglier\u00e0 i vostri sensi. Non esitate e ordinate il vostro dispositivo ora su <a href=\"https:\/\/alfakher24h.de\/it\/\"><em>alfakher24h.de<\/em><\/a> - Il tuo primo indirizzo per le sigarette elettroniche usa e getta in Germania.<\/p>","protected":false},"excerpt":{"rendered":"<div class=\"flex-shrink-0 flex flex-col relative items-end\">\n<div>\n<div class=\"pt-0\">\n<div class=\"gizmo-bot-avatar flex h-8 w-8 items-center justify-center overflow-hidden rounded-full\">\n<div class=\"relative p-1 rounded-sm flex items-center justify-center bg-token-main-surface-primary text-token-text-primary h-8 w-8\"><\/div>\n<\/div>\n<\/div>\n<\/div>\n<\/div>\n<div class=\"group\/conversation-turn relative flex w-full min-w-0 flex-col agent-turn\">\n<div class=\"flex-col gap-1 md:gap-3\">\n<div class=\"flex max-w-full flex-col flex-grow\">\n<div class=\"min-h-[20px] text-message flex w-full flex-col items-end gap-2 whitespace-normal break-words [.text-message+&amp;]:mt-5\" dir=\"auto\" data-message-author-role=\"assistant\" data-message-id=\"ee39f08f-00c9-4c46-ab6b-ca301d38fd1c\">\n<div class=\"flex w-full flex-col gap-1 empty:hidden first:pt-[3px]\">\n<div class=\"markdown prose w-full break-words dark:prose-invert light\">\n<p>La Al Fakher Crown Bar Big Cloud 8000 PRO offre una combinazione di tecnologia all'avanguardia con una batteria di lunga durata e aromi intensi come Peach Ice, rendendola la scelta ideale per un'esperienza di svapo prolungata e rinfrescante.<\/p>\n<\/div>\n<\/div>\n<\/div>\n<\/div>\n<\/div>\n<\/div>","protected":false},"featured_media":322,"comment_status":"open","ping_status":"closed","template":"","meta":{"om_disable_all_campaigns":false},"product_brand":[],"product_cat":[21],"product_tag":[],"class_list":{"0":"post-321","1":"product","2":"type-product","3":"status-publish","4":"has-post-thumbnail","6":"product_cat-al-fakher-crown-bar-big-cloud-8000-pro","8":"first","9":"outofstock","10":"shipping-taxable","11":"purchasable","12":"product-type-simple"},"_links":{"self":[{"href":"https:\/\/alfakher24h.de\/it\/wp-json\/wp\/v2\/product\/321","targetHints":{"allow":["GET"]}}],"collection":[{"href":"https:\/\/alfakher24h.de\/it\/wp-json\/wp\/v2\/product"}],"about":[{"href":"https:\/\/alfakher24h.de\/it\/wp-json\/wp\/v2\/types\/product"}],"replies":[{"embeddable":true,"href":"https:\/\/alfakher24h.de\/it\/wp-json\/wp\/v2\/comments?post=321"}],"wp:featuredmedia":[{"embeddable":true,"href":"https:\/\/alfakher24h.de\/it\/wp-json\/wp\/v2\/media\/322"}],"wp:attachment":[{"href":"https:\/\/alfakher24h.de\/it\/wp-json\/wp\/v2\/media?parent=321"}],"wp:term":[{"taxonomy":"product_brand","embeddable":true,"href":"https:\/\/alfakher24h.de\/it\/wp-json\/wp\/v2\/product_brand?post=321"},{"taxonomy":"product_cat","embeddable":true,"href":"https:\/\/alfakher24h.de\/it\/wp-json\/wp\/v2\/product_cat?post=321"},{"taxonomy":"product_tag","embeddable":true,"href":"https:\/\/alfakher24h.de\/it\/wp-json\/wp\/v2\/product_tag?post=321"}],"curies":[{"name":"wp","href":"https:\/\/api.w.org\/{rel}","templated":true}]}}