{"id":296,"date":"2024-09-17T07:17:40","date_gmt":"2024-09-17T07:17:40","guid":{"rendered":"https:\/\/alfakher24h.de\/?post_type=product&#038;p=296"},"modified":"2025-07-16T07:12:18","modified_gmt":"2025-07-16T07:12:18","slug":"al-fakher-crown-bar-big-cloud-8000-per-puff-sigaretta-elettronica-usa-e-getta-sogno-lucido","status":"publish","type":"product","link":"https:\/\/alfakher24h.de\/it\/prodotto\/al-fakher-crown-bar-big-cloud-8000-per-puff-sigaretta-elettronica-usa-e-getta-sogno-lucido\/","title":{"rendered":"Al Fakher Crown Bar Big Cloud 8000 PRO tiri sigaretta elettronica usa e getta - Sogno lucido"},"content":{"rendered":"<h2><strong><a href=\"https:\/\/alfakher24h.de\/it\/categoria-di-prodotto\/al-fakher-crown-bar-big-cloud-8000-pro\/\">Al Fakher Crown Bar Big Cloud 8000<\/a> PRO Monouso E-Zigarette \u2013 Sogno Lucido<\/strong><\/h2>\n<p>La Al Fakher Crown Bar Big Cloud 8000 PRO \u00e8 una delle pi\u00f9 avanzate <a href=\"https:\/\/alfakher24h.de\/it\/\">Sigarette elettroniche monouso<\/a> Sul mercato e combina la tecnologia pi\u00f9 avanzata con una facile gestione e prestazioni eccezionali. Questo dispositivo \u00e8 stato progettato sia per i principianti che per gli svapatori esperti e offre in Germania un'esperienza di svapo senza pari. Con una capacit\u00e0 impressionante fino a 8000 tiri e una versatile funzione a doppio modo, che consente di passare tra gli stili di svapo \"bocca al polmone\" (MTL) e \"diretto al polmone\" (DTL), la Crown Bar Big Cloud 8000 PRO \u00e8 la scelta ideale per tutti coloro che cercano un'esperienza di svapo intensa, saporita e pratica.<\/p>\n<p>&nbsp;<\/p>\n<h3><strong>Evidenze tecniche dell'Al Fakher Crown Bar Big Cloud 8000 PRO<\/strong><\/h3>\n<p>La raffinatezza tecnica dell'Al Fakher Crown Bar Big Cloud 8000 PRO rende questo dispositivo una vera e propria vetrina nel settore delle sigarette elettroniche usa e getta. Offre una variet\u00e0 di funzioni che garantiscono un'esperienza di svapo confortevole e di lunga durata.<\/p>\n<ul>\n<li><strong>8000 treni per dispositivo:<\/strong> Questa impressionante capacit\u00e0 consente una vaporizzazione continua per un lungo periodo di tempo, senza la necessit\u00e0 di ricaricare o rabboccare.<\/li>\n<li><strong>5 mg di sale di nicotina:<\/strong> Garantisce una sferzata di nicotina morbida ma soddisfacente, che risponde alle esigenze sia dei nuovi che degli utenti esperti di svapo.<\/li>\n<li><strong>18 ml E-Liquid<\/strong> Il dispositivo \u00e8 precaricato e offre una grande quantit\u00e0 di e-liquid per un ampio utilizzo.<\/li>\n<li><strong>Batteria da 800 mAh:<\/strong> La batteria ricaricabile offre una lunga durata di funzionamento e pu\u00f2 essere caricata velocemente e facilmente tramite il connettore di ricarica di tipo C.<\/li>\n<li><strong>Display a LED:<\/strong> Il display LED pratico ti informa sempre sullo stato attuale della batteria e dell'e-liquid.<\/li>\n<li><strong>Funzione a due modalit\u00e0:<\/strong> Scegli tra la modalit\u00e0 DTL intensiva e la pi\u00f9 delicata modalit\u00e0 MTL in base alle tue preferenze, per personalizzare la tua esperienza di svapo.<\/li>\n<li><strong>tiro simile a shisha<\/strong> Goditi il sentimento autentico e il gusto di una tradizionale shisha in un formato moderno e portatile.<\/li>\n<\/ul>\n<h3><strong>Le particolarit\u00e0 della funzione Dual-Mode<\/strong><\/h3>\n<p>La funzione Dual-Mode della <a href=\"https:\/\/alfakher24h.de\/it\/\">Al Fakher<\/a> Crown Bar Big Cloud 8000 PRO \u00e8 una caratteristica eccezionale che consente una transizione senza soluzione di continuit\u00e0 tra due diversi stili di svapo. Se preferisci una forte aspirazione diretta ai polmoni (DTL), puoi selezionare questa modalit\u00e0 per generare una nuvola di vapore potente e immediata. In alternativa, puoi scegliere lo stile \"bocca ai polmoni\" (MTL) per sperimentare un effetto di vapore pi\u00f9 morbido e delicato. Questa flessibilit\u00e0 ti consente di personalizzare l'esperienza di svapo in base alle tue preferenze individuali, sia che tu preferisca un colpo intenso o una nota aromatica delicata.<\/p>\n<p><img loading=\"lazy\" decoding=\"async\" class=\"alignnone size-full wp-image-299\" src=\"https:\/\/alfakher24h.de\/wp-content\/uploads\/2024\/09\/Al-Fakher-Crown-Bar-Big-Cloud-8000-PRO-Zuege-Einweg-E-Zigarette-Lucid-Dream-2.webp\" alt=\"Al Fakher Crown Bar Big Cloud 8000 PRO tiri sigaretta elettronica usa e getta - Sogno lucido\" width=\"2000\" height=\"2000\" title=\"\" srcset=\"https:\/\/alfakher24h.de\/wp-content\/uploads\/2024\/09\/Al-Fakher-Crown-Bar-Big-Cloud-8000-PRO-Zuege-Einweg-E-Zigarette-Lucid-Dream-2.webp 2000w, https:\/\/alfakher24h.de\/wp-content\/uploads\/2024\/09\/Al-Fakher-Crown-Bar-Big-Cloud-8000-PRO-Zuege-Einweg-E-Zigarette-Lucid-Dream-2-300x300.webp 300w, https:\/\/alfakher24h.de\/wp-content\/uploads\/2024\/09\/Al-Fakher-Crown-Bar-Big-Cloud-8000-PRO-Zuege-Einweg-E-Zigarette-Lucid-Dream-2-1024x1024.webp 1024w, https:\/\/alfakher24h.de\/wp-content\/uploads\/2024\/09\/Al-Fakher-Crown-Bar-Big-Cloud-8000-PRO-Zuege-Einweg-E-Zigarette-Lucid-Dream-2-150x150.webp 150w, https:\/\/alfakher24h.de\/wp-content\/uploads\/2024\/09\/Al-Fakher-Crown-Bar-Big-Cloud-8000-PRO-Zuege-Einweg-E-Zigarette-Lucid-Dream-2-768x768.webp 768w, https:\/\/alfakher24h.de\/wp-content\/uploads\/2024\/09\/Al-Fakher-Crown-Bar-Big-Cloud-8000-PRO-Zuege-Einweg-E-Zigarette-Lucid-Dream-2-1536x1536.webp 1536w, https:\/\/alfakher24h.de\/wp-content\/uploads\/2024\/09\/Al-Fakher-Crown-Bar-Big-Cloud-8000-PRO-Zuege-Einweg-E-Zigarette-Lucid-Dream-2-600x600.webp 600w, https:\/\/alfakher24h.de\/wp-content\/uploads\/2024\/09\/Al-Fakher-Crown-Bar-Big-Cloud-8000-PRO-Zuege-Einweg-E-Zigarette-Lucid-Dream-2-100x100.webp 100w\" sizes=\"auto, (max-width: 2000px) 100vw, 2000px\" \/><\/p>\n<h3><strong>Descrizione dettagliata dell'aroma del sogno lucido<\/strong><\/h3>\n<p>L'aroma del sogno lucido di <a href=\"https:\/\/alfakher24h.de\/it\/\">Al Fakher<\/a> Crown Bar Big Cloud 8000 PRO \u00e8 una miscela accattivante che offre un viaggio di gusto senza pari. Questo aroma combina varie note di gusto sottili ed esotiche per creare un'esperienza di svapo eccezionale.<\/p>\n<ul>\n<li><strong>Note di frutta fresca:<\/strong> L'aroma di Lucid Dream si apre con un'esplosione rinfrescante di aromi fruttati che ricordano frutti succosi e maturi. La miscela di sfumature fruttate offre un'introduzione vivace e rivitalizzante all'esperienza di svapo.<\/li>\n<li><strong>Dolce gentile:<\/strong> Una dolcezza armoniosa completa le note fruttate e garantisce un'esperienza gustativa equilibrata e piacevole. Questa componente dolce aiuta a smussare il profumo e a sottolineare l'intensit\u00e0 degli aromi fruttati.<\/li>\n<li><strong>Sfumatura di freschezza:<\/strong> Un effetto sottile e rinfrescante completa l'esperienza di gusto e garantisce una piacevole freschezza che rinfresca piacevolmente il palato e rende particolarmente piacevole la vaporizzazione.<\/li>\n<\/ul>\n<p>Complessivamente, l'aroma del sogno lucido offre un'esperienza di gusto equilibrata e complessa, che risulta sia rivitalizzante che calmante. \u00c8 ideale per i vaporizzatori che cercano un gusto unico e rinfrescante che vada oltre il solito aroma.<\/p>\n<p>Per la migliore esperienza di svapo e una vasta selezione di <a href=\"https:\/\/alfakher24h.de\/it\/\">Sigarette elettroniche monouso<\/a> In Germania visita <a href=\"https:\/\/alfakher24h.de\/it\/\">alfakher24h.de<\/a>, la tua pi\u00f9 grande piattaforma online per Disposable Vapes. Qui non solo trovi i migliori prodotti, ma anche un servizio di prim'ordine e una consegna rapida.<\/p>","protected":false},"excerpt":{"rendered":"<p>La Al Fakher Crown Bar Big Cloud 8000 PRO \u00e8 una sigaretta elettronica usa e getta avanzata, che offre fino a 8000 tiri, una batteria ricaricabile, 18 ml di e-liquid preinstallato e un sistema a doppio modo versatile per una vaporizzazione personalizzabile<\/p>","protected":false},"featured_media":297,"comment_status":"open","ping_status":"closed","template":"","meta":{"om_disable_all_campaigns":false},"product_brand":[],"product_cat":[21],"product_tag":[],"class_list":{"0":"post-296","1":"product","2":"type-product","3":"status-publish","4":"has-post-thumbnail","6":"product_cat-al-fakher-crown-bar-big-cloud-8000-pro","8":"first","9":"outofstock","10":"shipping-taxable","11":"purchasable","12":"product-type-simple"},"_links":{"self":[{"href":"https:\/\/alfakher24h.de\/it\/wp-json\/wp\/v2\/product\/296","targetHints":{"allow":["GET"]}}],"collection":[{"href":"https:\/\/alfakher24h.de\/it\/wp-json\/wp\/v2\/product"}],"about":[{"href":"https:\/\/alfakher24h.de\/it\/wp-json\/wp\/v2\/types\/product"}],"replies":[{"embeddable":true,"href":"https:\/\/alfakher24h.de\/it\/wp-json\/wp\/v2\/comments?post=296"}],"wp:featuredmedia":[{"embeddable":true,"href":"https:\/\/alfakher24h.de\/it\/wp-json\/wp\/v2\/media\/297"}],"wp:attachment":[{"href":"https:\/\/alfakher24h.de\/it\/wp-json\/wp\/v2\/media?parent=296"}],"wp:term":[{"taxonomy":"product_brand","embeddable":true,"href":"https:\/\/alfakher24h.de\/it\/wp-json\/wp\/v2\/product_brand?post=296"},{"taxonomy":"product_cat","embeddable":true,"href":"https:\/\/alfakher24h.de\/it\/wp-json\/wp\/v2\/product_cat?post=296"},{"taxonomy":"product_tag","embeddable":true,"href":"https:\/\/alfakher24h.de\/it\/wp-json\/wp\/v2\/product_tag?post=296"}],"curies":[{"name":"wp","href":"https:\/\/api.w.org\/{rel}","templated":true}]}}