{"id":2071,"date":"2025-07-21T05:51:25","date_gmt":"2025-07-21T05:51:25","guid":{"rendered":"https:\/\/alfakher24h.de\/?post_type=product&#038;p=2071"},"modified":"2025-07-21T05:52:15","modified_gmt":"2025-07-21T05:52:15","slug":"vozol-star-20000-puff-doppia-potenza-ricaricabile-vaporizzatore-monouso-mango-ghiaccio","status":"publish","type":"product","link":"https:\/\/alfakher24h.de\/it\/prodotto\/vozol-star-20000-puff-doppia-potenza-ricaricabile-vaporizzatore-monouso-mango-ghiaccio\/","title":{"rendered":"Vozol Star 20000 Puffs Dual Power Ricaricabile Monouso Vape Mango ghiaccio"},"content":{"rendered":"<p><strong>Dettagli:<\/strong><br \/>\n<a href=\"https:\/\/alfakher24h.de\/it\/prodotto\/vozol-star-20000-puff-doppia-potenza-ricaricabile-vaporizzatore-monouso-fragola-kiwi\/\"><strong>Vozol Star 20000 Puffs<\/strong><\/a>\u00a0\u00c8 un intelligente vaporizzatore monouso con design Full-View e costruito con la tecnologia S.i.L.C, offre fino a 20000 puff. Contiene 24ml di succo elettronico 2% Niko. La pi\u00f9 recente e unica S.i.L.C garantisce che ogni tiro sia liscio, identico, di lunga durata e pulito. Il Vozol Star 20000 Puffs \u00e8 disponibile in due modalit\u00e0 diverse: la modalit\u00e0 \"ECO\" pu\u00f2 raggiungere fino a 20000 puff, alimentata da una singola bobina Mesh, ogni tiro fornisce aromi sfumati e nuvole morbide. Il modello \"Power\" raggiunge fino a 15000 puff e li aumenta con la potenza della doppia bobina Mesh. Intensifica ogni tiro con aromi robusti e nuvole spesse. Per ogni modalit\u00e0 c'\u00e8 la Stella 20000. \u00c8 sufficiente un interruttore per adattarsi al proprio stato d'animo. Con una batteria ricaricabile da 650 mAh e una capacit\u00e0 sorprendente di 24 ml. Le sue funzioni di ricarica rapida assicurano tempi di inattivit\u00e0 ridotti, in modo che gli utenti possano godere di sessioni pi\u00f9 lunghe con meno interruzioni.<\/p>\n<p><img loading=\"lazy\" decoding=\"async\" class=\"alignnone size-full wp-image-2060\" src=\"https:\/\/alfakher24h.de\/wp-content\/uploads\/2025\/07\/vozol-star-20000.webp\" alt=\"\" width=\"1131\" height=\"1600\" title=\"\" srcset=\"https:\/\/alfakher24h.de\/wp-content\/uploads\/2025\/07\/vozol-star-20000.webp 1131w, https:\/\/alfakher24h.de\/wp-content\/uploads\/2025\/07\/vozol-star-20000-212x300.webp 212w, https:\/\/alfakher24h.de\/wp-content\/uploads\/2025\/07\/vozol-star-20000-724x1024.webp 724w, https:\/\/alfakher24h.de\/wp-content\/uploads\/2025\/07\/vozol-star-20000-768x1086.webp 768w, https:\/\/alfakher24h.de\/wp-content\/uploads\/2025\/07\/vozol-star-20000-1086x1536.webp 1086w, https:\/\/alfakher24h.de\/wp-content\/uploads\/2025\/07\/vozol-star-20000-8x12.webp 8w, https:\/\/alfakher24h.de\/wp-content\/uploads\/2025\/07\/vozol-star-20000-600x849.webp 600w\" sizes=\"auto, (max-width: 1131px) 100vw, 1131px\" \/><\/p>\n<p><strong>Dati tecnici:<\/strong><br \/>\n650mAh batteria ricaricabile<br \/>\n24ml di liquido e preriempito<br \/>\n5% Typ<br \/>\nFino a 20.000 puff<br \/>\nProtezione del bocchino<br \/>\nBobine a doppia maglia<br \/>\nVisualizzazione a schermo intero<br \/>\nTipo C - connettore di ricarica<br \/>\nTipo di bobina: Dual Mesh Coils con doppia modalit\u00e0 (Power Mode ed Eco Mode)<br \/>\nS.i.L.C.-Tecnica: Liscia, identica, di lunga durata, pulita<\/p>\n<p><strong>Il pacchetto include:<\/strong><br \/>\n1 pezzo* Vozol Star 20000 Puffs Dual Power Vape monouso ricaricabile<\/p>\n<p>&nbsp;<\/p>","protected":false},"excerpt":{"rendered":"<p><strong>Dati tecnici:<\/strong><br \/>\n650mAh batteria ricaricabile<br \/>\n24ml di liquido e preriempito<br \/>\n5% Typ<br \/>\nFino a 20.000 puff<\/p>","protected":false},"featured_media":2072,"comment_status":"open","ping_status":"closed","template":"","meta":{"om_disable_all_campaigns":false},"product_brand":[],"product_cat":[50],"product_tag":[],"class_list":{"0":"post-2071","1":"product","2":"type-product","3":"status-publish","4":"has-post-thumbnail","6":"product_cat-vozol-star-20000-puffs","8":"first","9":"instock","10":"shipping-taxable","11":"purchasable","12":"product-type-simple"},"_links":{"self":[{"href":"https:\/\/alfakher24h.de\/it\/wp-json\/wp\/v2\/product\/2071","targetHints":{"allow":["GET"]}}],"collection":[{"href":"https:\/\/alfakher24h.de\/it\/wp-json\/wp\/v2\/product"}],"about":[{"href":"https:\/\/alfakher24h.de\/it\/wp-json\/wp\/v2\/types\/product"}],"replies":[{"embeddable":true,"href":"https:\/\/alfakher24h.de\/it\/wp-json\/wp\/v2\/comments?post=2071"}],"wp:featuredmedia":[{"embeddable":true,"href":"https:\/\/alfakher24h.de\/it\/wp-json\/wp\/v2\/media\/2072"}],"wp:attachment":[{"href":"https:\/\/alfakher24h.de\/it\/wp-json\/wp\/v2\/media?parent=2071"}],"wp:term":[{"taxonomy":"product_brand","embeddable":true,"href":"https:\/\/alfakher24h.de\/it\/wp-json\/wp\/v2\/product_brand?post=2071"},{"taxonomy":"product_cat","embeddable":true,"href":"https:\/\/alfakher24h.de\/it\/wp-json\/wp\/v2\/product_cat?post=2071"},{"taxonomy":"product_tag","embeddable":true,"href":"https:\/\/alfakher24h.de\/it\/wp-json\/wp\/v2\/product_tag?post=2071"}],"curies":[{"name":"wp","href":"https:\/\/api.w.org\/{rel}","templated":true}]}}