{"id":1769,"date":"2025-03-11T11:15:30","date_gmt":"2025-03-11T11:15:30","guid":{"rendered":"https:\/\/alfakher24h.de\/?post_type=product&#038;p=1769"},"modified":"2025-07-12T13:27:55","modified_gmt":"2025-07-12T13:27:55","slug":"httperror-response-code-429-too-many-requests-32","status":"publish","type":"product","link":"https:\/\/alfakher24h.de\/it\/prodotto\/httperror-response-code-429-too-many-requests-32\/","title":{"rendered":"Arymi IFun 28000 Z\u00fcge Einweg E Zigarette \u2013 Frutto di Lampone Uva \u2013 Fragola Frutto del Drago"},"content":{"rendered":"<h2 data-start=\"0\" data-end=\"91\">Arymi IFun 28000 Z\u00fcge\u00a0One-way e-cigarette: Il piacere ultimo per i vaper in Germania<\/h2>\n<p data-start=\"93\" data-end=\"698\">La\u00a0<strong data-start=\"97\" data-end=\"141\">Arymi IFun 28000 Z\u00fcge Einweg E-Zigarette \n traduzione: \nArymi IFun 28000 tiri monouso sigaretta elettronica<\/strong>\u00a0\u00e8 la scelta perfetta per tutti coloro che cercano un'esperienza di vaping potente, di lunga durata e di eccellente gusto. In Germania, la domanda di sigarette elettroniche usa e getta di alta qualit\u00e0, in particolare quelle con\u00a0<strong data-start=\"367\" data-end=\"378\">Nicotina<\/strong>\u00e8 aumentato notevolmente negli ultimi anni. Con la\u00a0<strong data-start=\"428\" data-end=\"448\">Arymi IFun 28000<\/strong>\u00a0Offriamo un prodotto che non solo per la sua notevole\u00a0<strong data-start=\"517\" data-end=\"532\">Numero di soffiate<\/strong>\u00a0fino a\u00a0<strong data-start=\"544\" data-end=\"560\">28.000 treni<\/strong>ma anche attraverso il suo avanzato\u00a0<strong data-start=\"604\" data-end=\"619\">Tecnologia<\/strong>,\u00a0<strong data-start=\"621\" data-end=\"646\">batteria ad alte prestazioni<\/strong>\u00a0e diversificate\u00a0<strong data-start=\"664\" data-end=\"688\">Sapore<\/strong>\u00a0corrompe.<\/p>\n<p data-start=\"700\" data-end=\"954\">Se sei una\u00a0<strong data-start=\"714\" data-end=\"736\">Sigaretta elettronica usa e getta<\/strong>\u00a0cercano, che offre pi\u00f9 di quanto offrano i modelli tradizionali, siete nel posto giusto. Potete\u00a0<strong data-start=\"831\" data-end=\"851\">Arymi IFun 28000<\/strong>\u00a0comodo\u00a0<strong data-start=\"859\" data-end=\"882\">auf alfakher24h.de<\/strong>\u00a0acquistare \u2013 la pi\u00f9 grande piattaforma per\u00a0<strong data-start=\"918\" data-end=\"938\">sigarette usa e getta<\/strong>\u00a0in Germania.<\/p>\n<h3 data-start=\"956\" data-end=\"1013\">Descrizione del prodotto: Potente e di lunga durata<\/h3>\n<p data-start=\"1015\" data-end=\"1464\">La\u00a0<strong data-start=\"1019\" data-end=\"1063\">Arymi IFun 28000 Z\u00fcge Einweg E-Zigarette \n traduzione: \nArymi IFun 28000 tiri monouso sigaretta elettronica<\/strong>\u00a0\u00e8 un prodotto eccezionale che supera tutte le aspettative per una sigaretta elettronica usa e getta. Con una\u00a0<strong data-start=\"1166\" data-end=\"1198\">Capacit\u00e0 di 28 ml di e-liquid<\/strong>\u00a0e uno\u00a0<strong data-start=\"1209\" data-end=\"1234\">Contenuto di nicotina di 2 %<\/strong>\u00a0offre questo modello una\u00a0<strong data-start=\"1261\" data-end=\"1285\">utilizzo a lungo termine<\/strong>\u00a0per vaper esigenti. Con\u00a0<strong data-start=\"1316\" data-end=\"1339\">fino a 28.000 treni<\/strong>\u00a0\u00e8 uno dei\u00a0<strong data-start=\"1357\" data-end=\"1382\">pi\u00f9 longevi<\/strong>\u00a0Prodotti sul mercato, che lo rende la scelta ideale per l'uso quotidiano.<\/p>\n<p data-start=\"1466\" data-end=\"1868\">La\u00a0<strong data-start=\"1470\" data-end=\"1490\">Arymi IFun 28000<\/strong>\u00a0offre non solo una durata impressionante, ma anche una\u00a0<strong data-start=\"1559\" data-end=\"1584\">facile da usare<\/strong>\u00a0Applicazione. Con un\u00a0<strong data-start=\"1606\" data-end=\"1641\">design semplice ed ergonomico<\/strong>\u00a0\u00e8 particolarmente facile da usare e comoda da maneggiare. Grazie alla\u00a0<strong data-start=\"1723\" data-end=\"1757\">funzione di flusso d'aria regolabile<\/strong>\u00a0Puoi personalizzare completamente il comportamento dello sbuffo in base alle tue preferenze e goderti un'esperienza di svapo personalizzata.<\/p>\n<h3 data-start=\"1870\" data-end=\"1932\">Propriet\u00e0 dei\u00a0treni Arymi IFun 28000 monouso e-zigarette<\/h3>\n<ul data-start=\"1934\" data-end=\"2943\">\n<li data-start=\"1934\" data-end=\"2089\"><strong data-start=\"1936\" data-end=\"1978\">Lunga durata (fino a 28.000 tiri)<\/strong>Goditi un'esperienza di svapo prolungata senza preoccuparti di ricaricare frequentemente.<\/li>\n<li data-start=\"2090\" data-end=\"2201\"><strong data-start=\"2092\" data-end=\"2120\">28 ml capacit\u00e0 di e-liquid<\/strong>Offre una quantit\u00e0 generosa di liquido per diverse settimane di uso intensivo.<\/li>\n<li data-start=\"2202\" data-end=\"2311\"><strong data-start=\"2204\" data-end=\"2229\">Contenuto di nicotina del 2 %<\/strong>Ideale per i fumatori che necessitano di un apporto di nicotina dosato in modo piacevole.<\/li>\n<li data-start=\"2312\" data-end=\"2454\"><strong data-start=\"2314\" data-end=\"2356\">Batteria da 600 mAh (ricaricabile tramite Type-C)<\/strong>Garantisce prestazioni uniformi e consente di caricare facilmente il dispositivo quando necessario.<\/li>\n<li data-start=\"2455\" data-end=\"2584\"><strong data-start=\"2457\" data-end=\"2501\">Bobina Mesh Premium (1,0 \u03a9 Bobina Doppia Mesh)<\/strong>Produce dense, flavorful steam clouds for an intense taste experience.<\/li>\n<li data-start=\"2585\" data-end=\"2700\"><strong data-start=\"2587\" data-end=\"2611\">Flusso d'aria regolabile<\/strong>: Consente la regolazione fine del flusso d'aria per una produzione di vapore personalizzata.<\/li>\n<li data-start=\"2701\" data-end=\"2835\"><strong data-start=\"2703\" data-end=\"2734\">Indicatore di batteria e liquido<\/strong>: Con i pratici display, saprai sempre quanta energia e liquido sono ancora disponibili.<\/li>\n<li data-start=\"2836\" data-end=\"2943\"><strong data-start=\"2838\" data-end=\"2860\">Leggero e compatto<\/strong>Il dispositivo pesa solo 120 g per pezzo ed \u00e8 quindi particolarmente maneggevole e portatile.<\/li>\n<\/ul>\n<p data-start=\"2945\" data-end=\"3095\"><strong data-start=\"2945\" data-end=\"2964\">Unit\u00e0 di confezionamento<\/strong>10 pezzi per scatola<br data-start=\"2982\" data-end=\"2985\" \/><strong data-start=\"2985\" data-end=\"3008\">Peso per confezione<\/strong>: 120 g \/ pezzo<br data-start=\"3023\" data-end=\"3026\" \/><strong data-start=\"3026\" data-end=\"3046\">Quantit\u00e0 per scatola<\/strong>: 200 pezzi<br data-start=\"3057\" data-end=\"3060\" \/><strong data-start=\"3060\" data-end=\"3088\">Peso totale per scatola<\/strong>: 25 kg<\/p>\n<h2 data-start=\"0\" data-end=\"71\"><img loading=\"lazy\" decoding=\"async\" class=\"alignnone wp-image-2302 size-full\" title=\"Arymi IFun 28000 Z\u00fcge Einweg E Zigarette - Framboise Grape - Fraise Fruit de Dragon 2\" src=\"https:\/\/alfakher24h.de\/wp-content\/uploads\/2025\/03\/all1.webp\" sizes=\"auto, (max-width: 904px) 100vw, 904px\" srcset=\"https:\/\/alfakher24h.de\/wp-content\/uploads\/2025\/03\/all1.webp 904w, https:\/\/alfakher24h.de\/wp-content\/uploads\/2025\/03\/all1-212x300.webp 212w, https:\/\/alfakher24h.de\/wp-content\/uploads\/2025\/03\/all1-723x1024.webp 723w, https:\/\/alfakher24h.de\/wp-content\/uploads\/2025\/03\/all1-768x1087.webp 768w, https:\/\/alfakher24h.de\/wp-content\/uploads\/2025\/03\/all1-8x12.webp 8w, https:\/\/alfakher24h.de\/wp-content\/uploads\/2025\/03\/all1-600x850.webp 600w\" alt=\"Arymi IFun 28000 Z\u00fcge Einweg E Zigarette - Raspberry Grape - Strawberry Dragong Fruitbecomes Arymi IFun 28000 Z\u00fcge Einweg E-Zigarette - Raspberry Grape - Strawberry Dragon Fruit\" width=\"904\" height=\"1280\" \/><\/h2>\n<hr data-start=\"4635\" data-end=\"4638\" \/>\n<h3 data-start=\"3097\" data-end=\"3143\">Sapore: esplosione di gusto ad ogni tiro<\/h3>\n<p data-start=\"3145\" data-end=\"3568\">La\u00a0<strong data-start=\"3149\" data-end=\"3193\"><a href=\"https:\/\/alfakherwelt.de\/product-category\/arymi-ifun-28000\/\" target=\"_blank\" rel=\"noopener\">Arymi IFun 28000 Z\u00fcge \n\nbecomes \n\nArymi IFun 28000 Zug<\/a>\u00a0Sigaretta elettronica usa e getta<\/strong>\u00a0offre una selezione impressionante di\u00a0<strong data-start=\"3232\" data-end=\"3256\">Sapore<\/strong>che hanno qualcosa da offrire per ogni vaper. Ogni tiro porta un'esplosione di gusto che non dimenticherete cos\u00ec facilmente. Le due varianti pi\u00f9 popolari sono\u00a0<strong data-start=\"3426\" data-end=\"3444\">Mora e uva<\/strong>\u00a0und\u00a0<strong data-start=\"3449\" data-end=\"3473\">Frutto del drago di fragola<\/strong>, ma la selezione cresce costantemente. Ecco una descrizione dettagliata di questi due aromi:<\/p>\n<h4 data-start=\"3570\" data-end=\"3595\"><strong data-start=\"3575\" data-end=\"3593\">Mora e uva<\/strong><\/h4>\n<p data-start=\"3596\" data-end=\"4205\">Un mix fruttato di succose more e dolci uva, che unisce il meglio di entrambi i mondi. Il gusto \u00e8 sia dolce che leggermente acidulo e garantisce un'esperienza rinfrescante che stuzzica il palato. Ad ogni tiro, apprezzerai la freschezza naturale e l'intenso sapore di questi due frutti, che armonizzano alla perfezione. Il gusto fruttato e dolce persiste a lungo e rimane inconfondibile ad ogni inalazione. Ideale per tutti coloro che desiderano un\u00a0<strong data-start=\"4069\" data-end=\"4103\">sapore fruttato e dolce<\/strong>\u00a0preferiscono e la nota fresca di\u00a0<strong data-start=\"4140\" data-end=\"4153\">Moras<\/strong>\u00a0in combinazione con la\u00a0<strong data-start=\"4177\" data-end=\"4197\">Dolce di uva<\/strong>\u00a0amare.<\/p>\n<h4 data-start=\"4207\" data-end=\"4238\"><strong data-start=\"4212\" data-end=\"4236\">Frutto del drago di fragola<\/strong><\/h4>\n<p data-start=\"4239\" data-end=\"4852\">Questa combinazione unisce la fragola fresca e dolce con il sapore esotico della\u00a0<strong data-start=\"4336\" data-end=\"4352\">Frutto del drago<\/strong>. La\u00a0<strong data-start=\"4358\" data-end=\"4374\">Frutto del drago<\/strong>, noto anche come Pitaya, ha una nota morbida e leggermente dolce che si abbina perfettamente alla freschezza e all'intensit\u00e0 della fragola. Il gusto non \u00e8 solo fruttato, ma anche leggermente floreale, il che rende il tiro particolarmente\u00a0<strong data-start=\"4599\" data-end=\"4611\">esotico<\/strong>\u00a0und\u00a0<strong data-start=\"4616\" data-end=\"4628\">vivo<\/strong>\u00a0render\u00e0. Se siete alla ricerca di un gusto fruttato intenso ma non troppo pesante, questa combinazione vi piacer\u00e0 sicuramente. \u00c8 una scelta ideale per i vaper che\u00a0<strong data-start=\"4816\" data-end=\"4845\">Dolci e aromi tropicali<\/strong>\u00a0piacciono.<\/p>\n<p data-start=\"4854\" data-end=\"4918\"><strong data-start=\"4854\" data-end=\"4915\">Ulteriori possibili gusti (disponibili in futuro)<\/strong>:<\/p>\n<ul data-start=\"4919\" data-end=\"5007\">\n<li data-start=\"4919\" data-end=\"4939\"><strong data-start=\"4921\" data-end=\"4937\">Mango-Papaya<\/strong><\/li>\n<li data-start=\"4940\" data-end=\"4961\"><strong data-start=\"4942\" data-end=\"4959\">Menta-lime<\/strong><\/li>\n<li data-start=\"4962\" data-end=\"4987\"><strong data-start=\"4964\" data-end=\"4985\">Frutta tropicale<\/strong><\/li>\n<li data-start=\"4988\" data-end=\"5007\"><strong data-start=\"4990\" data-end=\"5007\">Crema di vaniglia<\/strong><\/li>\n<\/ul>\n<h3 data-start=\"5009\" data-end=\"5082\">Perch\u00e9 dovresti acquistare la sigaretta elettronica usa e getta Arymi IFun 28000<\/h3>\n<ol data-start=\"5084\" data-end=\"5767\">\n<li data-start=\"5084\" data-end=\"5231\"><strong data-start=\"5087\" data-end=\"5104\">Longevit\u00e0<\/strong>Con\u00a0<strong data-start=\"5110\" data-end=\"5126\">28.000 treni<\/strong>\u00a0Hanno la garanzia che il loro vape dura a lungo. Non devono preoccuparsi costantemente di acquistarne un altro.<\/li>\n<li data-start=\"5232\" data-end=\"5340\"><strong data-start=\"5235\" data-end=\"5256\">Sapore premium<\/strong>: Il\u00a0<strong data-start=\"5262\" data-end=\"5275\">Mesh Coil<\/strong>\u00a0garantisce un vapore intenso e saporito ad ogni aspirazione.<\/li>\n<li data-start=\"5341\" data-end=\"5449\"><strong data-start=\"5344\" data-end=\"5367\">Facile gestione<\/strong>: Nessun rifornimento, nessuna ricarica (eccetto quando la batteria \u00e8 scarica), goditi semplicemente.<\/li>\n<li data-start=\"5450\" data-end=\"5620\"><strong data-start=\"5453\" data-end=\"5489\">Saporiti versatili<\/strong>: Indipendentemente dal fatto che preferiate aromi fruttati, dolci o esotici \u2013 le\u00a0<strong data-start=\"5559\" data-end=\"5579\">Arymi IFun 28000<\/strong>\u00a0Ha qualcosa da offrire per ogni gusto.<\/li>\n<li data-start=\"5621\" data-end=\"5767\"><strong data-start=\"5624\" data-end=\"5650\">Perfetta forza di nicotina<\/strong>Con 2 % di nicotina si ottiene una dose piacevole di nicotina, ideale per fumatori e ex fumatori.<\/li>\n<\/ol>\n<h3 data-start=\"5769\" data-end=\"5821\">FAQ sull'Arymi IFun 28000 Z\u00fcge  E-Zigarette monouso<\/h3>\n<p data-start=\"5823\" data-end=\"6066\"><strong data-start=\"5823\" data-end=\"5890\">1. Quanto dura la sigaretta elettronica usa e getta Arymi IFun 28000 tiri?<\/strong><br data-start=\"5890\" data-end=\"5893\" \/>La\u00a0<strong data-start=\"5897\" data-end=\"5922\">Arymi IFun 28000 Z\u00fcge \n\nbecomes \n\nArymi IFun 28000 Zug<\/strong>\u00a0offre\u00a0<strong data-start=\"5930\" data-end=\"5952\">fino a 28.000 treni<\/strong>che \u00e8 sufficiente per l'uso quotidiano per diverse settimane o mesi, a seconda della frequenza di utilizzo.<\/p>\n<p data-start=\"6068\" data-end=\"6242\"><strong data-start=\"6068\" data-end=\"6121\">2. Quanto nicotina contiene l'Arymi IFun 28000?<\/strong><br data-start=\"6121\" data-end=\"6124\" \/>Il contenuto di nicotina \u00e8 di\u00a0<strong data-start=\"6150\" data-end=\"6157\">2 %<\/strong>che offre un'alimentazione di nicotina moderata, adatta alla maggior parte dei vaper.<\/p>\n<p data-start=\"6244\" data-end=\"6483\"><strong data-start=\"6244\" data-end=\"6309\">3. Devo ricaricare la sigaretta elettronica usa e getta Arymi IFun 28000?<\/strong><br data-start=\"6309\" data-end=\"6312\" \/>S\u00ec, la batteria \u00e8\u00a0<strong data-start=\"6329\" data-end=\"6348\">ricaricabile<\/strong>\u00a0sopra\u00a0<strong data-start=\"6354\" data-end=\"6364\">Type-C<\/strong>La batteria dura per tutta la vita del liquido, ma quando \u00e8 scarica, pu\u00f2 essere facilmente ricaricata.<\/p>\n<p data-start=\"6485\" data-end=\"6702\"><strong data-start=\"6485\" data-end=\"6527\">4. Posso regolare l'afflusso d'aria?<\/strong><br data-start=\"6527\" data-end=\"6530\" \/>S\u00ec, le\u00a0<strong data-start=\"6538\" data-end=\"6563\">Arymi IFun 28000 Z\u00fcge \n\nbecomes \n\nArymi IFun 28000 Zug<\/strong>\u00a0dispone di una\u00a0<strong data-start=\"6582\" data-end=\"6606\">Flusso d'aria regolabile<\/strong>, con cui \u00e8 possibile adattare il flusso d'aria a piacimento per ottimizzare l'esperienza di svapo.<\/p>\n<p data-start=\"6704\" data-end=\"6922\"><strong data-start=\"6704\" data-end=\"6751\">5. Dove posso comprare Arymi IFun 28000?<\/strong><br data-start=\"6751\" data-end=\"6754\" \/>Sie k\u00f6nnen die \n -&gt; Lei pu\u00f2\u00a0<strong data-start=\"6769\" data-end=\"6808\">Arymi IFun 28000 monouso e-cigarette<\/strong> Acquista comodamente e in sicurezza su alfakher24h.de - la pi\u00f9 grande piattaforma per\u00a0<strong data-start=\"6886\" data-end=\"6906\">sigarette usa e getta<\/strong>\u00a0in Germania.<\/p>\n<h3 data-start=\"6924\" data-end=\"6933\">Conclusione<\/h3>\n<p data-start=\"6935\" data-end=\"7461\" data-is-last-node=\"\">La\u00a0<strong data-start=\"6939\" data-end=\"6983\">Arymi IFun 28000 Z\u00fcge Einweg E-Zigarette \n traduzione: \nArymi IFun 28000 tiri monouso sigaretta elettronica<\/strong>\u00a0\u00c8 pi\u00f9 di un semplice vape ordinario - \u00e8 la scelta perfetta per chi cerca una sigaretta elettronica usa e getta durevole, di alta qualit\u00e0 e dal gusto eccezionale. Con la sua\u00a0<strong data-start=\"7174\" data-end=\"7202\">numero considerevole di sbuffi<\/strong>il\u00a0<strong data-start=\"7208\" data-end=\"7245\">svariate sfumature di gusto<\/strong>\u00a0e il\u00a0<strong data-start=\"7254\" data-end=\"7278\">facile gestione<\/strong>\u00a0\u00e8 la scelta ideale per tutti i vaper in\u00a0<strong data-start=\"7321\" data-end=\"7336\">Deutschland<\/strong>.Acquistate oggi stesso le Vostre\u00a0<strong data-start=\"7365\" data-end=\"7385\">Arymi IFun 28000<\/strong> Su alfakher24h.de e vivete il vaping a un livello completamente nuovo!<\/p>","protected":false},"excerpt":{"rendered":"<p><strong data-start=\"6939\" data-end=\"6983\">Arymi IFun 28000 Z\u00fcge Einweg E-Zigarette \n traduzione: \nArymi IFun 28000 tiri monouso sigaretta elettronica<\/strong>\u00a0\u00c8 pi\u00f9 di un semplice vape ordinario - \u00e8 la scelta perfetta per chi cerca una sigaretta elettronica usa e getta durevole, di alta qualit\u00e0 e dal gusto eccezionale. Con la sua\u00a0<strong data-start=\"7174\" data-end=\"7202\">numero considerevole di sbuffi<\/strong>,<\/p>","protected":false},"featured_media":1770,"comment_status":"open","ping_status":"closed","template":"","meta":{"om_disable_all_campaigns":false},"product_brand":[],"product_cat":[45],"product_tag":[],"class_list":{"0":"post-1769","1":"product","2":"type-product","3":"status-publish","4":"has-post-thumbnail","6":"product_cat-arymi-ifun-28000","8":"first","9":"outofstock","10":"shipping-taxable","11":"purchasable","12":"product-type-simple"},"_links":{"self":[{"href":"https:\/\/alfakher24h.de\/it\/wp-json\/wp\/v2\/product\/1769","targetHints":{"allow":["GET"]}}],"collection":[{"href":"https:\/\/alfakher24h.de\/it\/wp-json\/wp\/v2\/product"}],"about":[{"href":"https:\/\/alfakher24h.de\/it\/wp-json\/wp\/v2\/types\/product"}],"replies":[{"embeddable":true,"href":"https:\/\/alfakher24h.de\/it\/wp-json\/wp\/v2\/comments?post=1769"}],"wp:featuredmedia":[{"embeddable":true,"href":"https:\/\/alfakher24h.de\/it\/wp-json\/wp\/v2\/media\/1770"}],"wp:attachment":[{"href":"https:\/\/alfakher24h.de\/it\/wp-json\/wp\/v2\/media?parent=1769"}],"wp:term":[{"taxonomy":"product_brand","embeddable":true,"href":"https:\/\/alfakher24h.de\/it\/wp-json\/wp\/v2\/product_brand?post=1769"},{"taxonomy":"product_cat","embeddable":true,"href":"https:\/\/alfakher24h.de\/it\/wp-json\/wp\/v2\/product_cat?post=1769"},{"taxonomy":"product_tag","embeddable":true,"href":"https:\/\/alfakher24h.de\/it\/wp-json\/wp\/v2\/product_tag?post=1769"}],"curies":[{"name":"wp","href":"https:\/\/api.w.org\/{rel}","templated":true}]}}