{"id":1766,"date":"2025-03-11T06:02:06","date_gmt":"2025-03-11T06:02:06","guid":{"rendered":"https:\/\/alfakher24h.de\/?post_type=product&#038;p=1766"},"modified":"2025-07-12T13:27:55","modified_gmt":"2025-07-12T13:27:55","slug":"httperror-response-code-429-too-many-requests-29","status":"publish","type":"product","link":"https:\/\/alfakher24h.de\/it\/prodotto\/httperror-response-code-429-too-many-requests-29\/","title":{"rendered":"Arymi IFun 28000 Z\u00fcge Einweg E Zigarette \u2013 Minz Eis \u2013 Bananen Milchshake"},"content":{"rendered":"<h2><a href=\"https:\/\/alfakher24h.de\/it\/\">Arymi IFun 28000 Z\u00fcge Einweg E-Zigarette \n\nbecomes \n\nArymi IFun 28000 tirate monouso sigaretta elettronica<\/a>: La scelta definitiva per vaporizzatori esigenti<\/h2>\n<div style=\"width: 848px;\" class=\"wp-video\"><video class=\"wp-video-shortcode\" id=\"video-1766-1\" width=\"848\" height=\"478\" preload=\"metadata\" controls=\"controls\"><source type=\"video\/mp4\" src=\"https:\/\/alfakher24h.de\/wp-content\/uploads\/2025\/03\/VID-20241031-WA0010.mp4?_=1\" \/><a href=\"https:\/\/alfakher24h.de\/wp-content\/uploads\/2025\/03\/VID-20241031-WA0010.mp4\">https:\/\/alfakher24h.de\/wp-content\/uploads\/2025\/03\/VID-20241031-WA0010.mp4<\/a><\/video><\/div>\n<p data-start=\"92\" data-end=\"802\">La\u00a0<strong data-start=\"96\" data-end=\"140\">Arymi IFun 28000 Z\u00fcge Einweg E Zigarette \n\nbecomes \n\nArymi IFun 28000 tiri monouso e-cigarette<\/strong>\u00a0\u00e8 la soluzione perfetta per tutti coloro che cercano un'esperienza di svapo duratura, facile da usare e dal gusto eccezionale. Con un numero impressionante di 28.000 tiri, una generosa capacit\u00e0 di liquido elettronico e funzioni innovative, questo prodotto offre prestazioni eccezionali che vi convinceranno. In questo articolo scoprirete tutto ci\u00f2 che c'\u00e8 da sapere sulla\u00a0<strong data-start=\"509\" data-end=\"542\">Arymi IFun sigaretta elettronica usa e getta<\/strong>\u00a0devono sapere, dalle caratteristiche notevoli a una descrizione dettagliata dei sapori. Acquista il tuo\u00a0<strong data-start=\"678\" data-end=\"700\">Sigaretta elettronica usa e getta<\/strong> direttamente su \/alfakher24h.de, la pi\u00f9 grande piattaforma di vendita online di sigarette elettroniche usa e getta in Germania.<\/p>\n<hr data-start=\"804\" data-end=\"807\" \/>\n<h3 data-start=\"809\" data-end=\"886\"><strong data-start=\"812\" data-end=\"886\">Perch\u00e9 l'Arymi IFun 28000 Z\u00fcge <a href=\"https:\/\/alfakher24h.de\/it\/\">Sigaretta elettronica usa e getta<\/a> La loro prima scelta \u00e8<\/strong><\/h3>\n<p data-start=\"888\" data-end=\"1358\">La\u00a0<strong data-start=\"892\" data-end=\"936\">Arymi IFun 28000 Z\u00fcge Einweg E Zigarette \n\nbecomes \n\nArymi IFun 28000 tiri monouso e-cigarette<\/strong>\u00a0\u00c8 stato sviluppato con un obiettivo chiaro: offrire un'esperienza di svapo di alta qualit\u00e0, di lunga durata e versatile. Sia che tu sia un principiante o un utente esperto di svapo, questo dispositivo superer\u00e0 le tue aspettative. La combinazione di un numero elevato di tiri e di una tecnologia a mesh coil di prim'ordine garantisce uno svapo costante e intenso, permettendoti di goderti ogni secondo.<\/p>\n<h3><strong data-start=\"1364\" data-end=\"1426\">Principali caratteristiche dei treni Arymi IFun 28000 Z\u00fcge monouso E Zigarette<\/strong><\/h3>\n<ul data-start=\"1428\" data-end=\"2738\">\n<li data-start=\"1428\" data-end=\"1602\"><strong data-start=\"1430\" data-end=\"1465\">Numero massimo di treni: 28.000 treni<\/strong>: Con un numero eccezionalmente elevato di tiri, questa sigaretta elettronica usa e getta offre una delle possibilit\u00e0 di utilizzo pi\u00f9 lunghe sul mercato.<\/li>\n<li data-start=\"1603\" data-end=\"1742\"><strong data-start=\"1605\" data-end=\"1640\">Grande capacit\u00e0 di e-liquid: 28 ml<\/strong>Il serbatoio del liquido da 28 ml garantisce che puoi vaporizzare pi\u00f9 a lungo senza dover fare rifornimento.<\/li>\n<li data-start=\"1743\" data-end=\"1906\"><strong data-start=\"1745\" data-end=\"1770\">Contenuto di nicotina di 2 %<\/strong>Ideale per coloro che desiderano avere lo stesso contenuto di nicotina di una sigaretta tradizionale, ma con i vantaggi della vaporizzazione.<\/li>\n<li data-start=\"1907\" data-end=\"2050\"><strong data-start=\"1909\" data-end=\"1938\">Akku: 600 mAh Pure Cobalt<\/strong>La batteria ad alte prestazioni garantisce una potenza costante che non diminuisce nemmeno durante lunghe sessioni di vaporizzazione.<\/li>\n<li data-start=\"2051\" data-end=\"2252\"><strong data-start=\"2053\" data-end=\"2099\">Bobina Mesh Premium con 1.0 \u03a9 Bobina Doppia Mesh<\/strong>La tecnologia innovativa della bobina a rete garantisce un'evaporazione uniforme del liquido e quindi un gusto intenso e una produzione di vapore densa.<\/li>\n<li data-start=\"2253\" data-end=\"2412\"><strong data-start=\"2255\" data-end=\"2282\">Aria di alimentazione regolabile<\/strong>: Adatta il flusso d'aria secondo le tue preferenze per personalizzare la tua esperienza di svapo e goderti la tirata perfetta.<\/li>\n<li data-start=\"2413\" data-end=\"2587\"><strong data-start=\"2415\" data-end=\"2451\">Indicatore di batteria e liquido elettronico<\/strong>: Tenere traccia dello stato della batteria e della quantit\u00e0 di liquido per assicurarsi di avere sempre abbastanza energia e liquido.<\/li>\n<li data-start=\"2588\" data-end=\"2738\"><strong data-start=\"2590\" data-end=\"2616\">Maneggevole comfort<\/strong>Il dispositivo \u00e8 leggero, maneggevole e pronto all'uso immediato, senza che tu debba preoccuparti di ulteriori impostazioni.<\/li>\n<\/ul>\n<hr data-start=\"2740\" data-end=\"2743\" \/>\n<h3 data-start=\"2745\" data-end=\"2804\"><strong data-start=\"2748\" data-end=\"2804\">Sapore dell'Arymi IFun 28000 tiri Sigaretta elettronica usa e getta<\/strong><\/h3>\n<h4 data-start=\"2806\" data-end=\"2822\"><strong data-start=\"2810\" data-end=\"2822\">Mint Ice<\/strong><\/h4>\n<p data-start=\"2824\" data-end=\"3278\">Il\u00a0<strong data-start=\"2828\" data-end=\"2840\">Mint Ice<\/strong>Il gusto \u00e8 perfetto per tutti gli amanti di esperienze di vapore fresche e rinfrescanti. Questa combinazione di gusto di menta fresca e un calcio ghiacciato porta un immediato rinfresco. La freschezza naturale della menta, abbinata a una nota di cristallo di ghiaccio freddo, garantisce un'esperienza piacevole e intensa che non \u00e8 mai troppo invadente. Perfetto per iniziare la giornata o per godersi un momento di vapore rinfrescante nel mezzo.<\/p>\n<h4 data-start=\"3280\" data-end=\"3304\"><strong data-start=\"3284\" data-end=\"3304\">Banana Milkshake<\/strong><\/h4>\n<p data-start=\"3306\" data-end=\"3763\">Il\u00a0<strong data-start=\"3310\" data-end=\"3330\">Banana Milkshake<\/strong>Il gusto \u00e8 una combinazione invitante di banane dolci e una nota cremosa di milkshake. Questo gusto ricorda un classico milkshake di banana fresco, direttamente dalla bar. La texture cremosa garantisce un'esperienza di svapo morbida e piacevole, dolce e allo stesso tempo soddisfacente. Per coloro che cercano un'opzione dolce ma non troppo pesante, questo gusto \u00e8 una scelta eccellente.<\/p>\n<h2 data-start=\"0\" data-end=\"107\"><img loading=\"lazy\" decoding=\"async\" class=\"alignnone wp-image-2299 size-full\" title=\"Arymi IFun 28000 Z\u00fcge Einweg E Zigarette - Mint Ice - Banana Milkshake 2 becomes Arymi IFun 28000 Z\u00fcge Einweg E-Zigarette - Minz Eis - Bananen Milchshake 2\" src=\"https:\/\/alfakher24h.de\/wp-content\/uploads\/2025\/03\/arymi-hookalit-2.webp\" sizes=\"auto, (max-width: 1077px) 100vw, 1077px\" srcset=\"https:\/\/alfakher24h.de\/wp-content\/uploads\/2025\/03\/arymi-hookalit-2.webp 1077w, https:\/\/alfakher24h.de\/wp-content\/uploads\/2025\/03\/arymi-hookalit-2-300x284.webp 300w, https:\/\/alfakher24h.de\/wp-content\/uploads\/2025\/03\/arymi-hookalit-2-1024x970.webp 1024w, https:\/\/alfakher24h.de\/wp-content\/uploads\/2025\/03\/arymi-hookalit-2-768x727.webp 768w, https:\/\/alfakher24h.de\/wp-content\/uploads\/2025\/03\/arymi-hookalit-2-13x12.webp 13w, https:\/\/alfakher24h.de\/wp-content\/uploads\/2025\/03\/arymi-hookalit-2-600x568.webp 600w\" alt=\"Arymi IFun 28000 Z\u00fcge Einweg E Zigarette - Mint Ice - Banana Milkshake becomes Arymi IFun 28000 puff monouso sigaretta elettronica - Mint Ice - Banana Milkshake\" width=\"1077\" height=\"1020\" \/><\/h2>\n<h3 data-start=\"3770\" data-end=\"3840\"><strong data-start=\"3773\" data-end=\"3840\">Vantaggi dell'acquisto della sigaretta elettronica usa e getta Arymi IFun 28000 tiri<\/strong><\/h3>\n<ul data-start=\"3842\" data-end=\"4862\">\n<li data-start=\"3842\" data-end=\"4043\"><strong data-start=\"3844\" data-end=\"3871\">Lungo utilizzo\u7d99\u7d9a<\/strong>Con 28.000 movimenti, questo prodotto offre una durata eccezionalmente lunga ed \u00e8 ideale per l'uso quotidiano, senza doverlo sostituire dopo poco tempo.<\/li>\n<li data-start=\"4044\" data-end=\"4298\"><strong data-start=\"4046\" data-end=\"4078\">Nessun rabbocco necessario<\/strong>Essendo una sigaretta elettronica usa e getta, non dovrai preoccuparti di rabboccare il liquido. Una volta che la batteria o il liquido \u00e8 esaurito, puoi semplicemente gettare via il dispositivo e usarne uno nuovo.<\/li>\n<li data-start=\"4299\" data-end=\"4470\"><strong data-start=\"4301\" data-end=\"4324\">Facile gestione<\/strong>Nessuna configurazione complicata richiesta. Aprire la confezione e iniziare subito a svapare: perfetto per i principianti e per le persone impegnate.<\/li>\n<li data-start=\"4471\" data-end=\"4653\"><strong data-start=\"4473\" data-end=\"4498\">Perfetta portabilit\u00e0<\/strong>Compatta e leggera, l'Arymi IFun pu\u00f2 essere facilmente ripiegata nella vostra borsa o zaino, in modo da poterla godere sempre e ovunque.<\/li>\n<li data-start=\"4654\" data-end=\"4862\"><strong data-start=\"4656\" data-end=\"4692\">Saporiti versatili<\/strong>Con una selezione di deliziosi sapori che vanno dalle fresche note di menta alle dolci e cremose creazioni di frutta, c'\u00e8 qualcosa per tutti i gusti.<\/li>\n<\/ul>\n<hr data-start=\"4864\" data-end=\"4867\" \/>\n<h3 data-start=\"4869\" data-end=\"4965\"><strong data-start=\"4872\" data-end=\"4965\">Perch\u00e9 dovresti comprare la sigaretta elettronica usa e getta Arymi IFun 28000 Z\u00fcge su \/alfakher24h.de<\/strong><\/h3>\n<p data-start=\"4967\" data-end=\"5318\"><strong data-start=\"4967\" data-end=\"4986\">\/alfakher24h.de Alfakherwelt.de<\/strong>\u00a0\u00e8 la pi\u00f9 grande piattaforma online per l'acquisto di\u00a0<strong data-start=\"5036\" data-end=\"5059\">Sigarette elettroniche monouso<\/strong>\u00a0In Germania e offre una vasta selezione di prodotti per il vaping. Il nostro sito web \u00e8 progettato per garantirti non solo una consegna rapida e sicura, ma anche un'esperienza di acquisto facile e intuitiva.<\/p>\n<h3><strong data-start=\"5324\" data-end=\"5350\">Perch\u00e9 alfakher24h.de?<\/strong><\/h3>\n<ul data-start=\"5351\" data-end=\"5879\">\n<li data-start=\"5351\" data-end=\"5527\"><strong data-start=\"5353\" data-end=\"5370\">Ampia selezione<\/strong>Offriamo una vasta gamma di\u00a0<strong data-start=\"5412\" data-end=\"5435\">Sigarette elettroniche monouso<\/strong>incluso le\u00a0<strong data-start=\"5456\" data-end=\"5481\">Arymi IFun 28000 Z\u00fcge \n\nbecomes \n\nArymi IFun 28000 Zug<\/strong>in modo da poter trovare i migliori prodotti.<\/li>\n<li data-start=\"5528\" data-end=\"5649\"><strong data-start=\"5530\" data-end=\"5552\">Consegna rapida<\/strong>: Profitta di una consegna rapida, in modo da poter godere dei tuoi vapes senza ritardi.<\/li>\n<li data-start=\"5650\" data-end=\"5755\"><strong data-start=\"5652\" data-end=\"5672\">Acquisto sicuro<\/strong>I suoi dati sono al sicuro con noi e garantiamo un pagamento senza problemi.<\/li>\n<li data-start=\"5756\" data-end=\"5879\"><strong data-start=\"5758\" data-end=\"5780\">Offerte esclusive<\/strong>Come piattaforma leader, offriamo regolarmente offerte esclusive e sconti per i nostri clienti.<\/li>\n<\/ul>\n<hr data-start=\"5881\" data-end=\"5884\" \/>\n<h3 data-start=\"5886\" data-end=\"5952\"><strong data-start=\"5889\" data-end=\"5952\">Domande frequenti sulla <a href=\"https:\/\/alfakher24h.de\/it\/\">Arymi<\/a> IFun 28000 Z\u00fcge Einweg E Zigarette \ntraduce a \nIFun 28000 tiri Sigaretta elettronica usa e getta<\/strong><\/h3>\n<h3 data-start=\"5954\" data-end=\"6031\"><strong data-start=\"5958\" data-end=\"6031\">Quanto dura la batteria della sigaretta elettronica usa e getta Arymi IFun 28000 tiri?<\/strong><\/h3>\n<p data-start=\"6033\" data-end=\"6232\">La batteria del\u00a0<strong data-start=\"6046\" data-end=\"6060\">Arymi IFun<\/strong>\u00a0Ha una capacit\u00e0 di 600 mAh e offre potenza sufficiente per supportare i 28.000 tiri completi. \u00c8 progettato per durare a lungo anche con un uso intensivo.<\/p>\n<h3 data-start=\"6234\" data-end=\"6289\"><strong data-start=\"6238\" data-end=\"6289\">Quante volte devo rabboccare il contenitore del liquido?<\/strong><\/h3>\n<p data-start=\"6291\" data-end=\"6494\">La\u00a0<strong data-start=\"6295\" data-end=\"6339\">Arymi IFun 28000 Z\u00fcge Einweg E Zigarette \n\nbecomes \n\nArymi IFun 28000 tiri monouso e-cigarette<\/strong>\u00a0\u00c8 un prodotto monouso e non necessita di essere ricaricato. Una volta esaurito il liquido, \u00e8 possibile gettare via la sigaretta elettronica e utilizzarne una nuova.<\/p>\n<h3 data-start=\"6496\" data-end=\"6539\"><strong data-start=\"6500\" data-end=\"6539\">Posso regolare l'afflusso d'aria?<\/strong><\/h3>\n<p data-start=\"6541\" data-end=\"6751\">S\u00ec, le\u00a0<strong data-start=\"6549\" data-end=\"6593\">Arymi IFun 28000 Z\u00fcge Einweg E Zigarette \n\nbecomes \n\nArymi IFun 28000 tiri monouso e-cigarette<\/strong>\u00a0dispone di un flusso d'aria regolabile, in modo da poter adattare il flusso d'aria alle tue preferenze, per godere di un'esperienza di svapo personalizzata.<\/p>\n<h3 data-start=\"6753\" data-end=\"6803\"><strong data-start=\"6757\" data-end=\"6803\">\u00c8 il prodotto disponibile in Germania?<\/strong><\/h3>\n<p data-start=\"6805\" data-end=\"6961\">S\u00ec, le\u00a0<strong data-start=\"6813\" data-end=\"6857\">Arymi IFun 28000 Z\u00fcge Einweg E Zigarette \n\nbecomes \n\nArymi IFun 28000 tiri monouso e-cigarette<\/strong> \u00e8 disponibile in Germania e pu\u00f2 essere ordinato semplicemente tramite il nostro sito web\/ <a href=\"https:\/\/alfakher24h.de\/it\/\">alfakher24h.de<\/a>\u00a0possono essere ordinati.<\/p>\n<hr data-start=\"6963\" data-end=\"6966\" \/>\n<p data-start=\"6968\" data-end=\"7202\" data-is-last-node=\"\">Con la\u00a0<strong data-start=\"6976\" data-end=\"7020\">Arymi IFun 28000 Z\u00fcge \n\nbecomes \n\nArymi IFun 28000 Zug <a href=\"https:\/\/alfakher24h.de\/it\/\">Sigaretta elettronica usa e getta<\/a><\/strong> Scegliete un'esperienza di svapo di alta qualit\u00e0, duratura e dal gusto raffinato. Ordinate ora su \/alfakher24h.de e godete il futuro dello svapo!<\/p>","protected":false},"excerpt":{"rendered":"<p>Con la\u00a0<strong data-start=\"6976\" data-end=\"7020\">Arymi IFun 28000 Z\u00fcge \n\nbecomes \n\nArymi IFun 28000 Zug <a href=\"https:\/\/alfakher24h.de\/it\/\">Sigaretta elettronica usa e getta<\/a><\/strong> Scegliete un'esperienza di svapo di alta qualit\u00e0, duratura e dal gusto raffinato. Ordinate ora su \/alfakher24h.de e godete il futuro dello svapo!<\/p>","protected":false},"featured_media":1767,"comment_status":"open","ping_status":"closed","template":"","meta":{"om_disable_all_campaigns":false},"product_brand":[],"product_cat":[45],"product_tag":[],"class_list":{"0":"post-1766","1":"product","2":"type-product","3":"status-publish","4":"has-post-thumbnail","6":"product_cat-arymi-ifun-28000","8":"first","9":"outofstock","10":"shipping-taxable","11":"purchasable","12":"product-type-simple"},"_links":{"self":[{"href":"https:\/\/alfakher24h.de\/it\/wp-json\/wp\/v2\/product\/1766","targetHints":{"allow":["GET"]}}],"collection":[{"href":"https:\/\/alfakher24h.de\/it\/wp-json\/wp\/v2\/product"}],"about":[{"href":"https:\/\/alfakher24h.de\/it\/wp-json\/wp\/v2\/types\/product"}],"replies":[{"embeddable":true,"href":"https:\/\/alfakher24h.de\/it\/wp-json\/wp\/v2\/comments?post=1766"}],"wp:featuredmedia":[{"embeddable":true,"href":"https:\/\/alfakher24h.de\/it\/wp-json\/wp\/v2\/media\/1767"}],"wp:attachment":[{"href":"https:\/\/alfakher24h.de\/it\/wp-json\/wp\/v2\/media?parent=1766"}],"wp:term":[{"taxonomy":"product_brand","embeddable":true,"href":"https:\/\/alfakher24h.de\/it\/wp-json\/wp\/v2\/product_brand?post=1766"},{"taxonomy":"product_cat","embeddable":true,"href":"https:\/\/alfakher24h.de\/it\/wp-json\/wp\/v2\/product_cat?post=1766"},{"taxonomy":"product_tag","embeddable":true,"href":"https:\/\/alfakher24h.de\/it\/wp-json\/wp\/v2\/product_tag?post=1766"}],"curies":[{"name":"wp","href":"https:\/\/api.w.org\/{rel}","templated":true}]}}