{"id":1762,"date":"2025-03-11T05:43:45","date_gmt":"2025-03-11T05:43:45","guid":{"rendered":"https:\/\/alfakher24h.de\/?post_type=product&#038;p=1762"},"modified":"2025-07-12T13:27:56","modified_gmt":"2025-07-12T13:27:56","slug":"httperror-response-code-429-too-many-requests-22","status":"publish","type":"product","link":"https:\/\/alfakher24h.de\/it\/prodotto\/httperror-response-code-429-too-many-requests-22\/","title":{"rendered":"Arymi IFun 28000 Z\u00fcge Einweg E Zigarette \u2013 Mirtillo Lampone \u2013 Mojito"},"content":{"rendered":"<h2 data-start=\"0\" data-end=\"92\"><strong data-start=\"0\" data-end=\"92\"><a href=\"https:\/\/alfakher24h.de\/it\/\">Arymi IFun 28000 Z\u00fcge Einweg E-Zigarette \n\nbecomes \n\nArymi IFun 28000 tiri Sigaretta elettronica usa e getta<\/a> - L'esperienza di vaping definitiva in Germania<\/strong><\/h2>\n<div style=\"width: 848px;\" class=\"wp-video\"><video class=\"wp-video-shortcode\" id=\"video-1762-1\" width=\"848\" height=\"478\" preload=\"metadata\" controls=\"controls\"><source type=\"video\/mp4\" src=\"https:\/\/alfakher24h.de\/wp-content\/uploads\/2025\/03\/VID-20241031-WA0010.mp4?_=1\" \/><a href=\"https:\/\/alfakher24h.de\/wp-content\/uploads\/2025\/03\/VID-20241031-WA0010.mp4\">https:\/\/alfakher24h.de\/wp-content\/uploads\/2025\/03\/VID-20241031-WA0010.mp4<\/a><\/video><\/div>\n<p data-start=\"94\" data-end=\"675\">La\u00a0<strong data-start=\"98\" data-end=\"142\">Arymi IFun 28000 Z\u00fcge \n\nbecomes \n\nArymi IFun 28000 Zug <a href=\"https:\/\/alfakher24h.de\/it\/\">Sigaretta elettronica usa e getta<\/a><\/strong>\u00a0\u00e8 una delle innovazioni pi\u00f9 recenti sul mercato e garantisce un'esperienza di vaping eccezionale che supera tutte le aspettative. Con un numero impressionante di\u00a0<strong data-start=\"315\" data-end=\"331\">28.000 treni<\/strong> e offre una variet\u00e0 di funzioni di alta qualit\u00e0, questo dispositivo offre prestazioni senza precedenti che ti entusiasmeranno. In questo articolo scoprirai tutto ci\u00f2 che c'\u00e8 da sapere su questo eccezionale prodotto e perch\u00e9 vale la pena acquistarlo su alfakher24h.de, il tuo pi\u00f9 grande negozio online di sigarette elettroniche usa e getta in Germania.<\/p>\n<hr data-start=\"677\" data-end=\"680\" \/>\n<h3 data-start=\"682\" data-end=\"763\">Descrizione dettagliata del prodotto dell'Arymi IFun 28000 tiri Sigaretta elettronica usa e getta<\/h3>\n<p data-start=\"765\" data-end=\"1293\">La\u00a0<strong data-start=\"769\" data-end=\"813\">Arymi IFun 28000 Z\u00fcge Einweg E-Zigarette \n traduzione: \nArymi IFun 28000 tiri monouso sigaretta elettronica<\/strong>\u00a0\u00e8 stato sviluppato appositamente per i vaper esigenti che cercano un'esperienza duratura, potente e saporita. Con una\u00a0<strong data-start=\"951\" data-end=\"983\">Capacit\u00e0 di E-Liquid di 28 ml<\/strong>\u00a0e uno\u00a0<strong data-start=\"994\" data-end=\"1019\">Contenuto di nicotina di 2 %<\/strong>\u00a0Questo dispositivo non solo offre una lunga durata di utilizzo, ma anche un'esperienza di svapo piacevole e contenente nicotina. \u00c8 il compagno ideale per tutti coloro che desiderano un dispositivo di alta qualit\u00e0, facile da usare e adatto perfettamente all'uso quotidiano.<\/p>\n<p data-start=\"1295\" data-end=\"1773\">Grazie al\u00a0<strong data-start=\"1304\" data-end=\"1329\">1,0 \u03a9 Dual Mesh Coils<\/strong>\u00a0e il\u00a0<strong data-start=\"1338\" data-end=\"1373\">funzione di flusso d'aria regolabile<\/strong>\u00a0possono personalizzare le loro sessioni di svapo in base alle loro preferenze e ottenere l'esperienza di svapo desiderata. La\u00a0<strong data-start=\"1467\" data-end=\"1492\">Tecnologia Mesh Coil<\/strong>\u00a0assicura un vapore intenso e uniforme, che fa emergere gli aromi nella loro piena essenza. Sia che tu sia un vaper esperto o che tu stia appena iniziando,\u00a0<strong data-start=\"1658\" data-end=\"1702\">Arymi IFun 28000 Z\u00fcge Einweg E-Zigarette \n traduzione: \nArymi IFun 28000 tiri monouso sigaretta elettronica<\/strong>\u00a0Offre tutto ci\u00f2 di cui avete bisogno per un'esperienza eccezionale.<\/p>\n<hr data-start=\"1775\" data-end=\"1778\" \/>\n<h3 data-start=\"1780\" data-end=\"1841\">Funzionalit\u00e0 principali dell'Arymi IFun 28000 Z\u00fcge\u00a0<a href=\"https:\/\/alfakher24h.de\/it\/\">Sigaretta elettronica usa e getta<\/a><\/h3>\n<ul data-start=\"1843\" data-end=\"3054\">\n<li data-start=\"1843\" data-end=\"1979\"><strong data-start=\"1845\" data-end=\"1884\">Impressionante conta dei puff (28.000 tiri)<\/strong>Con fino a 28.000 tiri, avete abbastanza riserva per settimane o addirittura mesi, a seconda dell'uso.<\/li>\n<li data-start=\"1980\" data-end=\"2207\"><strong data-start=\"1982\" data-end=\"2036\">Batteria ricaricabile con connettore di ricarica di tipo C<\/strong>: Goditi una prestazione costante grazie alla ricaricabile\u00a0<strong data-start=\"2102\" data-end=\"2129\">600 mAh batteria al cobalto<\/strong>. Il\u00a0<strong data-start=\"2135\" data-end=\"2159\">Tipo C connettore di ricarica<\/strong>\u00a0garantisce una ricarica rapida e facile.<\/li>\n<li data-start=\"2208\" data-end=\"2333\"><strong data-start=\"2210\" data-end=\"2238\">30 ml di capacit\u00e0 di e-liquid<\/strong>Con una capacit\u00e0 di 28 ml di e-liquid, si ottiene una quantit\u00e0 generosa per una vaporizzazione ininterrotta.<\/li>\n<li data-start=\"2334\" data-end=\"2494\"><strong data-start=\"2336\" data-end=\"2382\">Bobina Mesh Premium per gusto intenso<\/strong>: Il\u00a0<strong data-start=\"2388\" data-end=\"2406\">Dual Mesh Coil<\/strong>\u00a0assicura un vapore uniforme e pieno ed intensifica il gusto di ogni tiro.<\/li>\n<li data-start=\"2495\" data-end=\"2670\"><strong data-start=\"2497\" data-end=\"2524\">Flusso d'aria regolabile<\/strong>Con la\u00a0<strong data-start=\"2534\" data-end=\"2570\">controllo del flusso d'aria regolabile<\/strong>\u00a0Puoi regolare l'afflusso d'aria secondo il tuo gusto per ottenere l'esperienza di svapo perfetta.<\/li>\n<li data-start=\"2671\" data-end=\"2852\"><strong data-start=\"2673\" data-end=\"2709\">Indicatore di batteria e liquido elettronico<\/strong>Un pratico\u00a0<strong data-start=\"2727\" data-end=\"2763\">Indicatore di batteria e liquido elettronico<\/strong>\u00a0La tiene sempre aggiornati, in modo che non si trovi mai con la batteria scarica o il liquido elettronico esaurito.<\/li>\n<li data-start=\"2853\" data-end=\"3054\"><strong data-start=\"2855\" data-end=\"2873\">Dimensioni compatte<\/strong>Nonostante la grande capacit\u00e0 e le numerose funzioni, l'IFun 28000 \u00e8 sorprendentemente compatta e leggera. Potete comodamente trasportare il dispositivo nella vostra tasca e godervelo in qualsiasi momento.<\/li>\n<\/ul>\n<hr data-start=\"3056\" data-end=\"3059\" \/>\n<h3 data-start=\"3061\" data-end=\"3128\">Esperienza di gusto dell'Arymi IFun 28000 Z\u00fcge monouso e-zigarette<\/h3>\n<p data-start=\"3130\" data-end=\"3476\">La\u00a0<strong data-start=\"3134\" data-end=\"3178\">Arymi IFun 28000 Z\u00fcge Einweg E-Zigarette \n traduzione: \nArymi IFun 28000 tiri monouso sigaretta elettronica<\/strong>\u00a0offre una variet\u00e0 di aromi deliziosi che coccolano i sensi e rendono ogni esperienza di svapo qualcosa di speciale. Da sottolineare in particolare sono i sapori unici e popolari\u00a0<strong data-start=\"3359\" data-end=\"3382\">Mirtillo Lampone<\/strong>- e\u00a0<strong data-start=\"3388\" data-end=\"3398\">Mojito<\/strong>Saporie. Qui scoprirai cosa rende cos\u00ec speciali questi aromi:<\/p>\n<h4 data-start=\"3478\" data-end=\"3507\"><strong data-start=\"3483\" data-end=\"3506\">Mirtillo Lampone<\/strong>:<\/h4>\n<p data-start=\"3508\" data-end=\"4027\">Questo sapore \u00e8 una vera esplosione di gusto. Il\u00a0<strong data-start=\"3565\" data-end=\"3607\">sapore fresco di dolci mirtilli<\/strong>\u00a0incontra la nota rinfrescante della\u00a0<strong data-start=\"3645\" data-end=\"3658\">Moras<\/strong>che porta a un'esperienza di svapo fruttata, ma non troppo dolce.\u00a0<strong data-start=\"3732\" data-end=\"3746\">Mirtilli<\/strong>\u00a0provocano un dolce leggero ma profondo, mentre le\u00a0<strong data-start=\"3808\" data-end=\"3821\">Moras<\/strong>\u00a0le gemme gustative con un tocco di freschezza e note leggermente acidule. Insieme si crea una miscela armoniosa di sapori fruttati che entusiasma sempre di nuovo gli appassionati di vaping.<\/p>\n<h4 data-start=\"4029\" data-end=\"4045\"><strong data-start=\"4034\" data-end=\"4044\">Mojito<\/strong>:<\/h4>\n<p data-start=\"4046\" data-end=\"4482\">Per i fan di aromi rinfrescanti e frizzanti \u00e8 il\u00a0<strong data-start=\"4103\" data-end=\"4113\">Mojito<\/strong>il gusto la scelta perfetta. Questa miscela combina le\u00a0<strong data-start=\"4173\" data-end=\"4190\">menta fresca<\/strong>il\u00a0<strong data-start=\"4196\" data-end=\"4226\">gusto di limone acido<\/strong>\u00a0e un filo di\u00a0<strong data-start=\"4247\" data-end=\"4261\">Canna da zucchero<\/strong>\u00a0a un'esperienza fresca, rinfrescante e molto rigenerante.  Si sente come se stessi bevendo un vero drink Mojito - solo senza alcol, ma con un sapore intenso che porta l'estate in inverno.<\/p>\n<h2 data-start=\"0\" data-end=\"91\"><img loading=\"lazy\" decoding=\"async\" class=\"alignnone wp-image-2302 size-full\" title=\"Arymi IFun 28000 Z\u00fcge Einweg E Zigarette - Mirtillo Lampone - Mojito 2\" src=\"https:\/\/alfakher24h.de\/wp-content\/uploads\/2025\/03\/all1.webp\" sizes=\"auto, (max-width: 904px) 100vw, 904px\" srcset=\"https:\/\/alfakher24h.de\/wp-content\/uploads\/2025\/03\/all1.webp 904w, https:\/\/alfakher24h.de\/wp-content\/uploads\/2025\/03\/all1-212x300.webp 212w, https:\/\/alfakher24h.de\/wp-content\/uploads\/2025\/03\/all1-723x1024.webp 723w, https:\/\/alfakher24h.de\/wp-content\/uploads\/2025\/03\/all1-768x1087.webp 768w, https:\/\/alfakher24h.de\/wp-content\/uploads\/2025\/03\/all1-8x12.webp 8w, https:\/\/alfakher24h.de\/wp-content\/uploads\/2025\/03\/all1-600x850.webp 600w\" alt=\"Arymi IFun 28000 Z\u00fcge Einweg E Zigarette - Mirtillo Lampone - Mojito\" width=\"904\" height=\"1280\" \/><\/h2>\n<hr data-start=\"4635\" data-end=\"4638\" \/>\n<h3 data-start=\"4489\" data-end=\"4563\">Perch\u00e9 dovresti comprare la sigaretta elettronica usa e getta Arymi IFun 28000 Z\u00fcge?<\/h3>\n<p data-start=\"4565\" data-end=\"4866\">La\u00a0<strong data-start=\"4569\" data-end=\"4613\">Arymi IFun 28000 Z\u00fcge Einweg E-Zigarette \n traduzione: \nArymi IFun 28000 tiri monouso sigaretta elettronica<\/strong>\u00a0non offre solo\u00a0<strong data-start=\"4631\" data-end=\"4646\">28.000 treni<\/strong>\u00a0und\u00a0<strong data-start=\"4651\" data-end=\"4669\">30 ml E-Liquid<\/strong>ma anche una variet\u00e0 di ulteriori vantaggi che la rendono la scelta migliore per gli appassionati di vaping. Ecco alcuni motivi per cui dovresti acquistare questo prodotto su alfakher24h.de:<\/p>\n<ol data-start=\"4868\" data-end=\"5841\">\n<li data-start=\"4868\" data-end=\"5060\"><strong data-start=\"4871\" data-end=\"4894\">Lunga durata di utilizzo<\/strong>: Fino a\u00a0<strong data-start=\"4907\" data-end=\"4923\">28.000 treni<\/strong>\u00a0Non dovete preoccuparvi che il vostro dispositivo si scarichi troppo velocemente. Questo rende l'IFun 28000 particolarmente attraente per gli utilizzatori intensivi di vaporizzatori.<\/li>\n<li data-start=\"5061\" data-end=\"5258\"><strong data-start=\"5064\" data-end=\"5087\">Facile gestione<\/strong>Il dispositivo \u00e8\u00a0<strong data-start=\"5103\" data-end=\"5131\">non solo potente<\/strong>ma anche facile da usare. \u00c8 ideale per tutti coloro che cercano un'esperienza di svapo semplice, pratica e senza preoccupazioni.<\/li>\n<li data-start=\"5259\" data-end=\"5479\"><strong data-start=\"5262\" data-end=\"5284\">Aromi di alta qualit\u00e0<\/strong>Con aromi squisiti come\u00a0<strong data-start=\"5316\" data-end=\"5339\">Mirtillo Lampone<\/strong>\u00a0und\u00a0<strong data-start=\"5344\" data-end=\"5354\">Mojito<\/strong>\u00a0Sperimentate un'esperienza di gusto intensa e deliziosa che rinfresca i vostri sensi e garantisce un piacere duraturo.<\/li>\n<li data-start=\"5480\" data-end=\"5677\"><strong data-start=\"5483\" data-end=\"5508\">Tecnologia moderna<\/strong>Con la\u00a0<strong data-start=\"5518\" data-end=\"5531\">Mesh Coil<\/strong>\u00a0e il\u00a0<strong data-start=\"5540\" data-end=\"5576\">controllo del flusso d'aria regolabile<\/strong>\u00a0Offre prestazioni di prim'ordine che non troverai in nessun altro vape monouso.<\/li>\n<li data-start=\"5678\" data-end=\"5841\"><strong data-start=\"5681\" data-end=\"5706\">Perfetto per essere in movimento<\/strong>La dimensione compatta e la possibilit\u00e0 di caricare comodamente il dispositivo lo rendono il compagno ideale per la vita quotidiana, i viaggi e molto altro.<\/li>\n<\/ol>\n<hr data-start=\"5843\" data-end=\"5846\" \/>\n<h3 data-start=\"5848\" data-end=\"5882\">Domande frequenti (FAQ)<\/h3>\n<p data-start=\"5884\" data-end=\"6066\"><strong data-start=\"5884\" data-end=\"5952\">1. L'Arymi IFun 28000 \u00e8 una sigaretta elettronica usa e getta con nicotina?<\/strong>\u00a0S\u00ec, le\u00a0<strong data-start=\"5961\" data-end=\"5981\">Arymi IFun 28000<\/strong>\u00a0contiene\u00a0<strong data-start=\"5990\" data-end=\"6005\">2 % Nicotina<\/strong>Ideale per i vaper che cercano un rifornimento di nicotina leggero.<\/p>\n<p data-start=\"6068\" data-end=\"6327\"><strong data-start=\"6068\" data-end=\"6120\">2. Quanto dura la batteria dell'Arymi IFun 28000?<\/strong>\u00a0La batteria del\u00a0<strong data-start=\"6134\" data-end=\"6154\">Arymi IFun 28000<\/strong>\u00a0\u00e8 con una\u00a0<strong data-start=\"6169\" data-end=\"6196\">600 mAh batteria al cobalto<\/strong>\u00a0dotati, che possono essere utilizzati fino a\u00a0<strong data-start=\"6226\" data-end=\"6241\">28.000 treni<\/strong>\u00a0ausreicht. Das Ger\u00e4t kann bei Bedarf \u00fcber den\u00a0<strong data-start=\"6288\" data-end=\"6308\">Connettore di tipo C<\/strong>\u00a0essere caricati.<\/p>\n<p data-start=\"6329\" data-end=\"6503\"><strong data-start=\"6329\" data-end=\"6372\">3. Qual \u00e8 la capacit\u00e0 del liquido elettronico?<\/strong>\u00a0La\u00a0<strong data-start=\"6377\" data-end=\"6399\">Capacit\u00e0 di E-Liquido<\/strong>\u00a0del dispositivo betr\u00e4gt\u00a0<strong data-start=\"6419\" data-end=\"6428\">28 ml<\/strong>che garantisce un utilizzo prolungato senza la necessit\u00e0 di ricaricare frequentemente.<\/p>\n<p data-start=\"6505\" data-end=\"6660\"><strong data-start=\"6505\" data-end=\"6544\">4. Come posso caricare il dispositivo?<\/strong>\u00a0Das Ger\u00e4t ist mit einem \ndispositivo \u00e8 dotato di un\u00a0<strong data-start=\"6569\" data-end=\"6593\">Tipo C connettore di ricarica<\/strong>\u00a0dotato di un sistema di ricarica rapida e facile.<\/p>\n<p data-start=\"6662\" data-end=\"6865\"><strong data-start=\"6662\" data-end=\"6699\">5. Quali aromi sono disponibili?<\/strong>\u00a0Attualmente offre la\u00a0<strong data-start=\"6719\" data-end=\"6739\">Arymi IFun 28000<\/strong>\u00a0due aromi popolari:\u00a0<strong data-start=\"6762\" data-end=\"6785\">Mirtillo Lampone<\/strong>\u00a0und\u00a0<strong data-start=\"6790\" data-end=\"6800\">Mojito<\/strong>Ulteriori gusti potrebbero essere disponibili in futuro.<\/p>\n<hr data-start=\"6867\" data-end=\"6870\" \/>\n<h3 data-start=\"6872\" data-end=\"6881\">Conclusione<\/h3>\n<p data-start=\"6883\" data-end=\"7489\">La\u00a0<strong data-start=\"6887\" data-end=\"6931\"><a href=\"https:\/\/alfakher24h.de\/it\/\">Arymi<\/a> IFun 28000 Z\u00fcge Einweg E-Zigarette \ntraduzione non necessaria, output: IFun 28000 Z\u00fcge Einweg E-Zigarette<\/strong>\u00a0\u00c8 un dispositivo potente, versatile e facile da usare che entusiasma sia i nuovi che gli esperti di svapo. Con una\u00a0<strong data-start=\"7068\" data-end=\"7100\">Capacit\u00e0 di E-Liquid di 28 ml<\/strong>,\u00a0<strong data-start=\"7102\" data-end=\"7118\">28.000 treni<\/strong>,\u00a0<strong data-start=\"7120\" data-end=\"7146\">bobina a rete di alta qualit\u00e0<\/strong>\u00a0und\u00a0<strong data-start=\"7151\" data-end=\"7178\">flusso d'aria regolabile<\/strong>\u00a0offre tutto ci\u00f2 che serve per un'esperienza di vaping intensa e piacevole. Scopri l'esperienza di svapo definitiva e acquista il\u00a0<strong data-start=\"7339\" data-end=\"7383\">Arymi IFun 28000 Z\u00fcge Einweg E-Zigarette \n traduzione: \nArymi IFun 28000 tiri monouso sigaretta elettronica<\/strong>\u00a0ancora oggi su alfakher24h.de, il vostro pi\u00f9 grande negozio online per\u00a0<strong data-start=\"7450\" data-end=\"7488\">Sigarette elettroniche monouso in Germania<\/strong>.<\/p>","protected":false},"excerpt":{"rendered":"<p><strong data-start=\"6887\" data-end=\"6931\">Arymi IFun 28000 Z\u00fcge Einweg E-Zigarette \n traduzione: \nArymi IFun 28000 tiri monouso sigaretta elettronica<\/strong>\u00a0\u00c8 un dispositivo potente, versatile e facile da usare che entusiasma sia i nuovi che gli esperti di svapo. Con una\u00a0<strong data-start=\"7068\" data-end=\"7100\">Capacit\u00e0 di E-Liquid di 28 ml<\/strong>,\u00a0<strong data-start=\"7102\" data-end=\"7118\">28.000 treni<\/strong>,\u00a0<strong data-start=\"7120\" data-end=\"7146\">bobina a rete di alta qualit\u00e0<\/strong>\u00a0und\u00a0<strong data-start=\"7151\" data-end=\"7178\">flusso d'aria regolabile<\/strong>\u00a0offre tutto ci\u00f2 che serve per un'esperienza di vaping intensa e piacevole. Scopri l'esperienza di svapo definitiva e acquista il\u00a0<strong data-start=\"7339\" data-end=\"7383\">Arymi IFun 28000 Z\u00fcge Einweg E-Zigarette \n traduzione: \nArymi IFun 28000 tiri monouso sigaretta elettronica<\/strong><\/p>","protected":false},"featured_media":1763,"comment_status":"open","ping_status":"closed","template":"","meta":{"om_disable_all_campaigns":false},"product_brand":[],"product_cat":[45],"product_tag":[],"class_list":{"0":"post-1762","1":"product","2":"type-product","3":"status-publish","4":"has-post-thumbnail","6":"product_cat-arymi-ifun-28000","8":"first","9":"outofstock","10":"shipping-taxable","11":"purchasable","12":"product-type-simple"},"_links":{"self":[{"href":"https:\/\/alfakher24h.de\/it\/wp-json\/wp\/v2\/product\/1762","targetHints":{"allow":["GET"]}}],"collection":[{"href":"https:\/\/alfakher24h.de\/it\/wp-json\/wp\/v2\/product"}],"about":[{"href":"https:\/\/alfakher24h.de\/it\/wp-json\/wp\/v2\/types\/product"}],"replies":[{"embeddable":true,"href":"https:\/\/alfakher24h.de\/it\/wp-json\/wp\/v2\/comments?post=1762"}],"wp:featuredmedia":[{"embeddable":true,"href":"https:\/\/alfakher24h.de\/it\/wp-json\/wp\/v2\/media\/1763"}],"wp:attachment":[{"href":"https:\/\/alfakher24h.de\/it\/wp-json\/wp\/v2\/media?parent=1762"}],"wp:term":[{"taxonomy":"product_brand","embeddable":true,"href":"https:\/\/alfakher24h.de\/it\/wp-json\/wp\/v2\/product_brand?post=1762"},{"taxonomy":"product_cat","embeddable":true,"href":"https:\/\/alfakher24h.de\/it\/wp-json\/wp\/v2\/product_cat?post=1762"},{"taxonomy":"product_tag","embeddable":true,"href":"https:\/\/alfakher24h.de\/it\/wp-json\/wp\/v2\/product_tag?post=1762"}],"curies":[{"name":"wp","href":"https:\/\/api.w.org\/{rel}","templated":true}]}}