{"id":1760,"date":"2025-03-11T05:34:06","date_gmt":"2025-03-11T05:34:06","guid":{"rendered":"https:\/\/alfakher24h.de\/?post_type=product&#038;p=1760"},"modified":"2025-07-12T13:27:56","modified_gmt":"2025-07-12T13:27:56","slug":"httperror-response-code-429-too-many-requests-24","status":"publish","type":"product","link":"https:\/\/alfakher24h.de\/it\/prodotto\/httperror-response-code-429-too-many-requests-24\/","title":{"rendered":"Arymi IFun 28000 Z\u00fcge Einweg E Zigarette \u2013 Mela doppia \u2013 Mirtillo ciliegia cranberry"},"content":{"rendered":"<h2 data-start=\"493\" data-end=\"598\"><strong data-start=\"497\" data-end=\"598\">Arymi IFun 28000 Z\u00fcge\u00a0Einweg E-Zigarette: La scelta definitiva per gli appassionati di vaping in Germania<\/strong><\/h2>\n<div style=\"width: 848px;\" class=\"wp-video\"><video class=\"wp-video-shortcode\" id=\"video-1760-1\" width=\"848\" height=\"478\" preload=\"metadata\" controls=\"controls\"><source type=\"video\/mp4\" src=\"https:\/\/alfakher24h.de\/wp-content\/uploads\/2025\/03\/VID-20241031-WA0010.mp4?_=1\" \/><a href=\"https:\/\/alfakher24h.de\/wp-content\/uploads\/2025\/03\/VID-20241031-WA0010.mp4\">https:\/\/alfakher24h.de\/wp-content\/uploads\/2025\/03\/VID-20241031-WA0010.mp4<\/a><\/video><\/div>\n<p data-start=\"600\" data-end=\"1130\">La\u00a0<strong data-start=\"604\" data-end=\"648\">Arymi IFun 28000 Z\u00fcge Einweg E-Zigarette \n traduzione: \nArymi IFun 28000 tiri monouso sigaretta elettronica<\/strong>\u00a0rappresenta una vera rivoluzione nel settore dei vapes usa e getta e stabilisce nuovi standard per qualit\u00e0, gusto ed esperienza utente. Con un numero impressionante di 28.000 tiri e un design facile da usare, questa e-cigarette \u00e8 la scelta ideale per i vaper che cercano lunga durata e gusto di alta qualit\u00e0. Qui non solo si ottiene un'elevata prestazione, ma anche una variet\u00e0 di aromi che rende ogni momento di vaping un'esperienza unica.<\/p>\n<h4 data-start=\"1132\" data-end=\"1160\"><strong data-start=\"1137\" data-end=\"1160\">Descrizione del prodotto<\/strong><\/h4>\n<p data-start=\"1162\" data-end=\"1744\">La\u00a0<strong data-start=\"1166\" data-end=\"1210\">Arymi IFun 28000 Z\u00fcge Einweg E-Zigarette \n traduzione: \nArymi IFun 28000 tiri monouso sigaretta elettronica<\/strong>\u00a0\u00e8 stato sviluppato con l'obiettivo di offrire un'esperienza di svapo senza pari. Con un generoso\u00a0<strong data-start=\"1311\" data-end=\"1334\">Capacit\u00e0 di 28 ml<\/strong>\u00a0E-Liquid e un\u00a0<strong data-start=\"1354\" data-end=\"1378\">Contenuto di nicotina di 2%<\/strong>\u00a0\u00e8 perfetta per coloro che vogliono godere sia del gusto che della nicotina. La\u00a0<strong data-start=\"1480\" data-end=\"1512\">600 mAh batteria al cobalto puro<\/strong>\u00a0permette di godere di ogni tiro fino all'ultimo soffio. Grazie alla\u00a0<strong data-start=\"1592\" data-end=\"1640\">Tecnologia Mesh Coil (1,0 \u03a9 Dual Mesh Coil)<\/strong>\u00a0Il gusto diventa intenso e corposo, portando a un'esperienza di svapo particolarmente saporita.<\/p>\n<p data-start=\"1746\" data-end=\"2170\">Un caratteristico rilevante di questa e-cigarette \u00e8 il\u00a0<strong data-start=\"1800\" data-end=\"1826\">flusso d'aria regolabile<\/strong>, che consente all'utente di personalizzare l'esperienza di svapo in base alle proprie preferenze. Sia che si preferisca una boccata leggera o un gusto intenso e vigoroso, l'IFun 28000 pu\u00f2 offrire entrambi. Inoltre, garantisce il\u00a0<strong data-start=\"2057\" data-end=\"2093\">Indicatore di batteria e liquido elettronico<\/strong>\u00a0per farvi sapere quando \u00e8 il momento di comprare il prossimo Vape.<\/p>\n<p data-start=\"2172\" data-end=\"2428\">Grazie al design pratico e compatto di\u00a0<strong data-start=\"2219\" data-end=\"2239\">Arymi IFun 28000<\/strong>\u00a0Puoi portare questo e-cig ovunque. Non \u00e8 solo facile da usare, ma anche estremamente affidabile, ideale per quando sei in giro, in viaggio o mentre ti rilassi a casa.<\/p>\n<h3 data-start=\"2430\" data-end=\"2500\"><strong data-start=\"2434\" data-end=\"2500\">Importante caratteristiche dei treni Arymi IFun 28000 monouso e-zigarette<\/strong><\/h3>\n<ul data-start=\"2502\" data-end=\"3487\">\n<li data-start=\"2502\" data-end=\"2679\"><strong data-start=\"2504\" data-end=\"2550\">Numero sorprendente di treni (28.000 treni)<\/strong>Con uno dei conteggi di puff pi\u00f9 alti sul mercato, otterrai pi\u00f9 che abbastanza tiri prima di aver bisogno di una nuova sigaretta elettronica.<\/li>\n<li data-start=\"2680\" data-end=\"2835\"><strong data-start=\"2682\" data-end=\"2714\">Capacit\u00e0 di E-Liquid di 28 ml<\/strong>Una generosa capacit\u00e0 di liquido che garantisce un piacere duraturo senza la necessit\u00e0 di rabbocchi frequenti.<\/li>\n<li data-start=\"2836\" data-end=\"2953\"><strong data-start=\"2838\" data-end=\"2862\">21%<\/strong>Ideale per coloro che desiderano un livello moderato di nicotina, senza esagerare con la dose.<\/li>\n<li data-start=\"2954\" data-end=\"3091\"><strong data-start=\"2956\" data-end=\"2993\">Tecnologia a bobina mesh di alta qualit\u00e0<\/strong>: La bobina a doppia maglia da 1,0 \u03a9 garantisce un'evaporazione uniforme e un sapore intenso.<\/li>\n<li data-start=\"3092\" data-end=\"3204\"><strong data-start=\"3094\" data-end=\"3121\">Flusso d'aria regolabile<\/strong>: Adatta la tua esperienza di svapo, da delicata a intensa, in base alle tue preferenze.<\/li>\n<li data-start=\"3205\" data-end=\"3326\"><strong data-start=\"3207\" data-end=\"3248\">Indicatori per E-Liquid e batteria<\/strong>: Tenere sempre sotto controllo il livello di riempimento e lo stato di carica.<\/li>\n<li data-start=\"3327\" data-end=\"3487\"><strong data-start=\"3329\" data-end=\"3352\">Mobile e pratico<\/strong>Con un peso di soli 120 g per unit\u00e0 e un design pratico, l'IFun 28000 \u00e8 la scelta ideale per l'uso quotidiano.<\/li>\n<\/ul>\n<h3 data-start=\"3489\" data-end=\"3548\"><strong data-start=\"3493\" data-end=\"3548\">I treni Arymi IFun 28000  sigarette elettroniche monouso sapori<\/strong><\/h3>\n<p data-start=\"3550\" data-end=\"3815\">La sigaretta elettronica usa e getta Arymi IFun 28000 arriva in un'ampia gamma di aromi emozionanti, perfettamente sintonizzati sui nervi del gusto. Qui ti presentiamo gli aromi pi\u00f9 popolari, che sono disponibili nella\u00a0<strong data-start=\"3766\" data-end=\"3786\">Arymi IFun 28000<\/strong>\u00a0Le e-cigarette sono disponibili:<\/p>\n<h4 data-start=\"3817\" data-end=\"3841\"><strong data-start=\"3822\" data-end=\"3841\">1. Double Apple<\/strong><\/h4>\n<p data-start=\"3842\" data-end=\"4394\">Il gusto di\u00a0<strong data-start=\"3860\" data-end=\"3876\">Double Apple<\/strong>\u00a0\u00c8 un'autentica esplosione di gusto per ogni amante delle mele. Con una miscela di note di mela dolci e leggermente acide, perfettamente armonizzate tra loro, questo gusto offre un'esperienza fresca e croccante che rimane rinfrescante per tutto il giorno. Il rapporto equilibrato tra dolcezza e freschezza rende questo aroma il compagno ideale per il tuo viaggio di svapo. Il gusto leggermente fruttato ti fa sognare i ricordi di un raccolto di mele succose e porta una freschezza naturale in ogni boccata.<\/p>\n<h4 data-start=\"4396\" data-end=\"4417\"><strong data-start=\"4401\" data-end=\"4417\">2. Mirtillo<\/strong><\/h4>\n<p data-start=\"4418\" data-end=\"4974\">Il\u00a0<strong data-start=\"4422\" data-end=\"4435\">Mirtillo<\/strong>-Aroma offre un gusto delizioso e intenso di mirtilli maturi e freschi. Ogni aspirazione rilascia una nota dolce e allo stesso tempo leggermente acida, che rinfresca i sensi e allo stesso tempo offra una piacevole dolcezza. I mirtilli diventano un'esperienza aromatica che ricorda una favola estiva \u2013 semplicemente perfetta per tutti coloro che desiderano godere appieno del gusto fruttato. Ad ogni inalazione, sentirai come il fresco sapore dei frutti si dispiega nella tua bocca, assicurando un'esperienza di svapo soddisfacente.<\/p>\n<h4 data-start=\"4976\" data-end=\"4994\"><strong data-start=\"4981\" data-end=\"4994\">3. Cherry<\/strong><\/h4>\n<p data-start=\"4995\" data-end=\"5406\"><strong data-start=\"4995\" data-end=\"5005\">Cherry<\/strong>\u00a0Oppure la ciliegia \u00e8 un altro aroma molto popolare, che cattura perfettamente il gusto dolce e allo stesso tempo leggermente amarognolo della ciliegia. \u00c8 l'incarnazione della fruttivit\u00e0 e garantisce un gusto armonioso e gradevole che coccola il palato. Sia in combinazione con altri frutti che come gusto unico, la\u00a0<strong data-start=\"5328\" data-end=\"5338\">Cherry<\/strong>-Option assicura sempre un'esperienza di svapo rinfrescante e dolce.<\/p>\n<h4 data-start=\"5408\" data-end=\"5429\"><strong data-start=\"5413\" data-end=\"5429\">4. Mirtillo rosso<\/strong><\/h4>\n<p data-start=\"5430\" data-end=\"5940\">La\u00a0<strong data-start=\"5434\" data-end=\"5447\">Cranberry<\/strong>Il sapore dona una fresca acidit\u00e0 che si distingue piacevolmente dai pi\u00f9 dolci aromi di frutta. Il sapore amarognolo del mirtillo rosso \u00e8 bilanciato da una leggera dolcezza, portando a un'esperienza di svapo equilibrata e fresca. Questo aroma \u00e8 perfetto per chi cerca un gusto fruttato che sia allo stesso tempo rinfrescante e un po' insolito. Il sapore fresco e leggermente amarognolo garantisce una piacevole variazione ed \u00e8 ideale per il consumo quotidiano.<\/p>\n<h2 data-start=\"0\" data-end=\"91\"><img loading=\"lazy\" decoding=\"async\" class=\"alignnone wp-image-2302 size-full\" title=\"Arymi IFun 28000 Z\u00fcge Einweg E Zigarette - Mela doppia - Mirtillo ciliegia cranberry 2\" src=\"https:\/\/alfakher24h.de\/wp-content\/uploads\/2025\/03\/all1.webp\" sizes=\"auto, (max-width: 904px) 100vw, 904px\" srcset=\"https:\/\/alfakher24h.de\/wp-content\/uploads\/2025\/03\/all1.webp 904w, https:\/\/alfakher24h.de\/wp-content\/uploads\/2025\/03\/all1-212x300.webp 212w, https:\/\/alfakher24h.de\/wp-content\/uploads\/2025\/03\/all1-723x1024.webp 723w, https:\/\/alfakher24h.de\/wp-content\/uploads\/2025\/03\/all1-768x1087.webp 768w, https:\/\/alfakher24h.de\/wp-content\/uploads\/2025\/03\/all1-8x12.webp 8w, https:\/\/alfakher24h.de\/wp-content\/uploads\/2025\/03\/all1-600x850.webp 600w\" alt=\"Arymi IFun 28000 Z\u00fcge Einweg E Zigarette - Mela doppia - Mirtillo ciliegia cranberry\" width=\"904\" height=\"1280\" \/><\/h2>\n<hr data-start=\"4635\" data-end=\"4638\" \/>\n<h3 data-start=\"5942\" data-end=\"6019\"><strong data-start=\"5946\" data-end=\"6019\">Perch\u00e9 dovresti acquistare la sigaretta elettronica usa e getta Arymi IFun 28000 Z\u00fcge<\/strong><\/h3>\n<p data-start=\"6021\" data-end=\"6541\">La\u00a0<strong data-start=\"6025\" data-end=\"6069\">Arymi IFun 28000 Z\u00fcge Einweg E-Zigarette \n traduzione: \nArymi IFun 28000 tiri monouso sigaretta elettronica<\/strong>\u00a0\u00c8 la scelta perfetta per tutti coloro che sono alla ricerca di un'esperienza di svapo duratura e saporita. Con un numero elevato di tiri, una grande capacit\u00e0 di e-liquid e una batteria potente, questa e-cigarette garantisce un utilizzo prolungato senza frequenti ricariche o rabbocchi. Il flusso d'aria regolabile consente di personalizzare l'esperienza di svapo in base alle proprie preferenze individuali, mentre i vari aromi soddisfano ogni gusto.<\/p>\n<p data-start=\"6543\" data-end=\"7035\">Se stai cercando in Germania una sigaretta elettronica usa e getta di alta qualit\u00e0 e lunga durata che ti offra un'esperienza di gusto senza pari, \u00e8 la\u00a0<strong data-start=\"6698\" data-end=\"6742\">Arymi IFun 28000 Z\u00fcge Einweg E-Zigarette \n traduzione: \nArymi IFun 28000 tiri monouso sigaretta elettronica<\/strong>\u00a0la scelta ideale.\u00a0<strong data-start=\"6760\" data-end=\"6833\">Acquista la tua sigaretta elettronica usa e getta direttamente da noi su alfakher24h.de<\/strong>, la pi\u00f9 grande piattaforma di vendita di sigarette elettroniche usa e getta in Germania. Offriamo non solo i prezzi migliori, ma anche una variet\u00e0 di aromi e prodotti di alta qualit\u00e0 per le vostre esigenze.<\/p>\n<h3 data-start=\"7037\" data-end=\"7094\"><strong data-start=\"7041\" data-end=\"7094\">Domande frequenti sull'Arymi IFun 28000 Z\u00fcge  E-Zigarette monouso<\/strong><\/h3>\n<p data-start=\"7096\" data-end=\"7282\"><strong data-start=\"7096\" data-end=\"7158\">1. Quanti tiri offre la sigaretta elettronica Arymi IFun 28000?<\/strong><br data-start=\"7158\" data-end=\"7161\" \/>Die Arymi IFun bietet bis zu \n La Arymi IFun offre fino a\u00a0<strong data-start=\"7190\" data-end=\"7205\">28.000 treni<\/strong>, che la rende una delle sigarette elettroniche usa e getta pi\u00f9 longeve sul mercato.<\/p>\n<p data-start=\"7284\" data-end=\"7461\"><strong data-start=\"7284\" data-end=\"7345\">2. Qual \u00e8 il contenuto di nicotina dell'IFun 28000?<\/strong><br data-start=\"7345\" data-end=\"7348\" \/>La\u00a0<strong data-start=\"7352\" data-end=\"7372\">Arymi IFun 28000<\/strong>\u00a0contiene\u00a0<strong data-start=\"7381\" data-end=\"7395\">2% Nicotina<\/strong>ideale per coloro che preferiscono una dose di nicotina moderata.<\/p>\n<p data-start=\"7463\" data-end=\"7706\"><strong data-start=\"7463\" data-end=\"7536\">Quali aromi sono disponibili nella sigaretta elettronica Arymi IFun 28000?<\/strong><br data-start=\"7536\" data-end=\"7539\" \/>Tra i gusti pi\u00f9 popolari ci sono\u00a0<strong data-start=\"7574\" data-end=\"7590\">Double Apple<\/strong>,\u00a0<strong data-start=\"7592\" data-end=\"7605\">Mirtillo<\/strong>,\u00a0<strong data-start=\"7607\" data-end=\"7617\">Cherry<\/strong>\u00a0und\u00a0<strong data-start=\"7622\" data-end=\"7635\">Cranberry<\/strong>Ogni aroma garantisce un'esperienza di svapo unica e intensa.<\/p>\n<p data-start=\"7708\" data-end=\"7915\"><strong data-start=\"7708\" data-end=\"7760\">4. Quanto dura la batteria dell'Arymi IFun 28000?<\/strong><br data-start=\"7760\" data-end=\"7763\" \/>La\u00a0<strong data-start=\"7767\" data-end=\"7787\">Arymi IFun 28000<\/strong>\u00a0dispone di una lunga durata\u00a0<strong data-start=\"7817\" data-end=\"7837\">600 mAh batteria<\/strong>che garantisce una variet\u00e0 di tiri prima che sia necessario ricaricare.<\/p>\n<p data-start=\"7917\" data-end=\"8097\"><strong data-start=\"7917\" data-end=\"7965\">5. La Arymi IFun 28000 \u00e8 ricaricabile?<\/strong><br data-start=\"7965\" data-end=\"7968\" \/>S\u00ec, le\u00a0<strong data-start=\"7976\" data-end=\"7996\">Arymi IFun 28000<\/strong>\u00a0\u00e8 con uno\u00a0<strong data-start=\"8011\" data-end=\"8035\">Tipo C connettore di ricarica<\/strong>\u00a0dotato, in modo da poter ricaricare la batteria quando necessario.<\/p>\n<hr data-start=\"8099\" data-end=\"8102\" \/>\n<p data-start=\"8104\" data-end=\"8277\" data-is-last-node=\"\">Per ulteriori informazioni e per\u00a0<strong data-start=\"8135\" data-end=\"8150\">Acquistare vape<\/strong>visitate il nostro sito web<a href=\"https:\/\/alfakher24h.de\/it\/\"> alfakher24h.de<\/a>, La tua prima scelta per i Disposable Vapes in Germania!<\/p>","protected":false},"excerpt":{"rendered":"<p><strong data-start=\"6025\" data-end=\"6069\">Arymi IFun 28000 Z\u00fcge Einweg E-Zigarette \n traduzione: \nArymi IFun 28000 tiri monouso sigaretta elettronica<\/strong>\u00a0\u00c8 la scelta perfetta per tutti coloro che sono alla ricerca di un'esperienza di svapo duratura e saporita. Con un numero elevato di tiri, una grande capacit\u00e0 di e-liquid e una batteria potente, questa e-cigarette garantisce un utilizzo prolungato senza frequenti ricariche o rabbocchi. Il flusso d'aria regolabile consente di personalizzare l'esperienza di svapo in base alle proprie preferenze individuali, mentre i vari aromi soddisfano ogni gusto.<\/p>","protected":false},"featured_media":1761,"comment_status":"open","ping_status":"closed","template":"","meta":{"om_disable_all_campaigns":false},"product_brand":[],"product_cat":[45],"product_tag":[],"class_list":{"0":"post-1760","1":"product","2":"type-product","3":"status-publish","4":"has-post-thumbnail","6":"product_cat-arymi-ifun-28000","8":"first","9":"outofstock","10":"shipping-taxable","11":"purchasable","12":"product-type-simple"},"_links":{"self":[{"href":"https:\/\/alfakher24h.de\/it\/wp-json\/wp\/v2\/product\/1760","targetHints":{"allow":["GET"]}}],"collection":[{"href":"https:\/\/alfakher24h.de\/it\/wp-json\/wp\/v2\/product"}],"about":[{"href":"https:\/\/alfakher24h.de\/it\/wp-json\/wp\/v2\/types\/product"}],"replies":[{"embeddable":true,"href":"https:\/\/alfakher24h.de\/it\/wp-json\/wp\/v2\/comments?post=1760"}],"wp:featuredmedia":[{"embeddable":true,"href":"https:\/\/alfakher24h.de\/it\/wp-json\/wp\/v2\/media\/1761"}],"wp:attachment":[{"href":"https:\/\/alfakher24h.de\/it\/wp-json\/wp\/v2\/media?parent=1760"}],"wp:term":[{"taxonomy":"product_brand","embeddable":true,"href":"https:\/\/alfakher24h.de\/it\/wp-json\/wp\/v2\/product_brand?post=1760"},{"taxonomy":"product_cat","embeddable":true,"href":"https:\/\/alfakher24h.de\/it\/wp-json\/wp\/v2\/product_cat?post=1760"},{"taxonomy":"product_tag","embeddable":true,"href":"https:\/\/alfakher24h.de\/it\/wp-json\/wp\/v2\/product_tag?post=1760"}],"curies":[{"name":"wp","href":"https:\/\/api.w.org\/{rel}","templated":true}]}}