{"id":1758,"date":"2025-03-11T05:16:32","date_gmt":"2025-03-11T05:16:32","guid":{"rendered":"https:\/\/alfakher24h.de\/?post_type=product&#038;p=1758"},"modified":"2025-07-12T13:27:56","modified_gmt":"2025-07-12T13:27:56","slug":"httperror-response-code-429-too-many-requests-33","status":"publish","type":"product","link":"https:\/\/alfakher24h.de\/it\/prodotto\/httperror-response-code-429-too-many-requests-33\/","title":{"rendered":"Arymi IFun 28000 Z\u00fcge Einweg E Zigarette \u2013 Red apple \u2013 vimto Crush \n\nbecomes \n\nArymi IFun 28000 Z\u00fcge Einweg E-Zigarette \u2013 Red apple \u2013 Vimto Crush"},"content":{"rendered":"<h2 data-start=\"0\" data-end=\"95\"><strong data-start=\"0\" data-end=\"95\"><a href=\"https:\/\/alfakher24h.de\/it\/?post_type=product&amp;p=1758&amp;preview=true\">Arymi IFun 28000 Z\u00fcge Einweg E-Zigarette \n\nbecomes \n\nArymi IFun 28000 tirate monouso sigaretta elettronica<\/a> Il piacere ultimo per i vaporizzatori esigenti<\/strong><\/h2>\n<div style=\"width: 848px;\" class=\"wp-video\"><video class=\"wp-video-shortcode\" id=\"video-1758-1\" width=\"848\" height=\"478\" preload=\"metadata\" controls=\"controls\"><source type=\"video\/mp4\" src=\"https:\/\/alfakher24h.de\/wp-content\/uploads\/2025\/03\/VID-20241031-WA0010.mp4?_=1\" \/><a href=\"https:\/\/alfakher24h.de\/wp-content\/uploads\/2025\/03\/VID-20241031-WA0010.mp4\">https:\/\/alfakher24h.de\/wp-content\/uploads\/2025\/03\/VID-20241031-WA0010.mp4<\/a><\/video><\/div>\n<p data-start=\"97\" data-end=\"762\">La\u00a0<strong data-start=\"101\" data-end=\"145\">Arymi IFun 28000 Z\u00fcge Einweg E Zigarette \n\nbecomes \n\nArymi IFun 28000 tiri monouso e-cigarette<\/strong>\u00a0rappresenta un passo rivoluzionario nel campo della\u00a0<strong data-start=\"197\" data-end=\"220\">Sigarette elettroniche monouso<\/strong>\u00a0e offre ai fumatori di vapore\u00a0<strong data-start=\"248\" data-end=\"263\">Deutschland<\/strong>\u00a0un'esperienza di svapo senza pari. Con una generosa capacit\u00e0 di liquido, un numero impressionante di tiri e una variet\u00e0 di sapori unici, questa sigaretta elettronica \u00e8 un must assoluto per tutti coloro che cercano un'esperienza di svapo di alta qualit\u00e0 e di lunga durata. Se stai cercando la migliore\u00a0<strong data-start=\"611\" data-end=\"633\">Sigaretta elettronica usa e getta<\/strong> sind, dann k\u00f6nnen Sie diese exklusiv auf alfakher24h.de, Germania's gr\u00f6\u00dftem Online-Shop f\u00fcr \n becomes \nsind, dann k\u00f6nnen Sie diese exklusiv auf alfakher24h.de,  Deutschland gr\u00f6\u00dftem Online-Shop f\u00fcr\u00a0<strong data-start=\"733\" data-end=\"753\">Vape monouso<\/strong>acquistare.<\/p>\n<h3 data-start=\"764\" data-end=\"787\">Descrizione del prodotto<\/h3>\n<p data-start=\"789\" data-end=\"1214\">La\u00a0<strong data-start=\"793\" data-end=\"837\">Arymi IFun 28000 Z\u00fcge Einweg E Zigarette \n\nbecomes \n\nArymi IFun 28000 tiri monouso e-cigarette<\/strong>\u00a0\u00e8 stata sviluppata per i vaporizzatori che cercano qualit\u00e0, comfort e piacere al massimo livello. Con una\u00a0<strong data-start=\"939\" data-end=\"971\">Capacit\u00e0 di 28 ml di e-liquid<\/strong>\u00a0e uno\u00a0<strong data-start=\"982\" data-end=\"1006\">Quantit\u00e0 di nicotina di 2 %<\/strong>\u00a0offre tutto ci\u00f2 che un vaporizzatore esigente potrebbe desiderare. L'elevato numero di\u00a0<strong data-start=\"1107\" data-end=\"1122\">28.000 treni<\/strong>\u00a0garantisce un'esperienza di lunga durata, ideale per l'uso quotidiano.<\/p>\n<p data-start=\"1216\" data-end=\"1509\">Il design innovativo del vape garantisce che l'uso sia intuitivo e confortevole.\u00a0<strong data-start=\"1314\" data-end=\"1341\">aria di alimentazione regolabile<\/strong>\u00a0consente agli utenti di personalizzare l'esperienza di svapo in base alle loro preferenze - sia che si preferisca una tirata pi\u00f9 intensa o pi\u00f9 leggera, questa funzione lo rende possibile.<\/p>\n<p data-start=\"1511\" data-end=\"1859\">La\u00a0<strong data-start=\"1515\" data-end=\"1562\">Batteria ricaricabile con connettore di ricarica di tipo C<\/strong>\u00a0non \u00e8 solo potente, ma anche ecologico e consente di ricaricare velocemente la sigaretta elettronica in qualsiasi momento, in modo da non dover mai rinunciare alla vostra esperienza di svapo. La\u00a0<strong data-start=\"1748\" data-end=\"1772\">1,0 \u03a9 Dual Mesh Coil<\/strong>\u00a0sorgt dabei f\u00fcr ein gleichm\u00e4\u00dfiges Dampfen und verst\u00e4rkt den -&gt; \n\nassicura nel contempo una vaporizzazione uniforme e amplifica il\u00a0<strong data-start=\"1833\" data-end=\"1846\">Gusto<\/strong>\u00a0ogni treno.<\/p>\n<h3 data-start=\"1861\" data-end=\"1938\">principali caratteristiche della\u00a0<strong data-start=\"1894\" data-end=\"1938\">Arymi IFun 28000 Z\u00fcge \n\nbecomes \n\nArymi IFun 28000 Zug\u00a0<a href=\"https:\/\/alfakher24h.de\/it\/\">Sigaretta elettronica usa e getta<\/a><\/strong><\/h3>\n<ul data-start=\"1940\" data-end=\"3243\">\n<li data-start=\"1940\" data-end=\"2178\"><strong data-start=\"1942\" data-end=\"1982\">Impressionante numero di tiri (28.000 tiri):<\/strong>\u00a0Con un numero impressionante di\u00a0<strong data-start=\"2018\" data-end=\"2034\">28.000 treni<\/strong>\u00a0possono godere appieno di questo\u00a0<strong data-start=\"2071\" data-end=\"2093\">Sigaretta elettronica usa e getta<\/strong>\u00a0Sperimentare per un lungo periodo di tempo senza dover sostituire costantemente la sigaretta elettronica.<\/li>\n<li data-start=\"2179\" data-end=\"2369\"><strong data-start=\"2181\" data-end=\"2204\">Capacit\u00e0 di E-Liquido:<\/strong>\u00a0Con una\u00a0<strong data-start=\"2215\" data-end=\"2243\">28 ml capacit\u00e0 di e-liquid<\/strong>\u00a0Non deve preoccuparsi che il liquido finisca velocemente. Offre una capacit\u00e0 sufficiente per un utilizzo intensivo.<\/li>\n<li data-start=\"2370\" data-end=\"2548\"><strong data-start=\"2372\" data-end=\"2388\">2 % Nicotina:<\/strong>\u00a0Ideale per i fumatori di vaporizzatori che cercano un basso contenuto di nicotina. Queste\u00a0<strong data-start=\"2455\" data-end=\"2478\">Sigaretta elettronica al nicotina<\/strong>\u00a0offre un gusto equilibrato e il rilascio di nicotina desiderato.<\/li>\n<li data-start=\"2549\" data-end=\"2754\"><strong data-start=\"2551\" data-end=\"2584\">600 mAh batteria pura al cobalto:<\/strong>\u00a0La batteria garantisce una lunga durata di vita e pu\u00f2 essere facilmente sostituita con una nuova\u00a0<strong data-start=\"2652\" data-end=\"2672\">Cavo di ricarica di tipo C<\/strong>\u00a0essere caricate. Ci\u00f2 garantisce una ricarica rapida ed efficiente.<\/li>\n<li data-start=\"2755\" data-end=\"2903\"><strong data-start=\"2757\" data-end=\"2779\">Bobina Mesh Premium<\/strong>\u00a0La\u00a0<strong data-start=\"2784\" data-end=\"2808\">1,0 \u03a9 Dual Mesh Coil<\/strong>\u00a0assicura una vaporizzazione uniforme e un sapore intenso, che vizia le vostre papille gustative.<\/li>\n<li data-start=\"2904\" data-end=\"3078\"><strong data-start=\"2906\" data-end=\"2934\">Regolabile alimentazione dell'aria:<\/strong>\u00a0Regola l'afflusso d'aria a tuo piacimento per personalizzare la vaporizzazione e trovare il flusso d'aria ottimale per la tua esperienza di gusto.<\/li>\n<li data-start=\"3079\" data-end=\"3243\"><strong data-start=\"3081\" data-end=\"3119\">Variet\u00e0 di sapori:<\/strong>\u00a0Scegli tra una variet\u00e0 di sapori che soddisfano ogni gusto - da fruttato a dolce e rinfrescante.<\/li>\n<\/ul>\n<h3 data-start=\"3245\" data-end=\"3293\">Flavours - L'esperienza gustativa definitiva<\/h3>\n<p data-start=\"3295\" data-end=\"3464\">La\u00a0<strong data-start=\"3299\" data-end=\"3343\">Arymi IFun 28000 Z\u00fcge Einweg E Zigarette \n\nbecomes \n\nArymi IFun 28000 tiri monouso e-cigarette<\/strong>\u00a0offre una gamma di sapori che rendono ogni viaggio dello svapo un'esperienza senza pari. Nel dettaglio:<\/p>\n<ol data-start=\"3466\" data-end=\"4757\">\n<li data-start=\"3466\" data-end=\"4102\">\n<p data-start=\"3469\" data-end=\"4102\"><strong data-start=\"3469\" data-end=\"3483\">Mela rossa:<\/strong>\u00a0Il\u00a0<strong data-start=\"3488\" data-end=\"3501\">Mela Rossa<\/strong>\u00a0Il gusto \u00e8 un classico preferito tra i vaporizzatori, che offre il gusto pieno e fresco di una mela rossa succosa. Il gusto \u00e8 dolce e allo stesso tempo rinfrescante, con una nota di frutta naturale che pu\u00f2 essere goduta perfettamente durante tutta la giornata. Ogni tiro si sente come se stessi mordendo una mela appena raccolta - croccante, fresca e fruttata. Il gusto dolce, ma non eccessivo, \u00e8 ideale per i vaporizzatori che cercano un'esperienza lieve e tuttavia soddisfacente.\u00a0<strong data-start=\"4005\" data-end=\"4018\">Mela Rossa<\/strong>\u00a0assicura un'armoniosa miscela di dolcezza e freschezza che permane sulla lingua.<\/p>\n<\/li>\n<li data-start=\"4104\" data-end=\"4757\">\n<p data-start=\"4107\" data-end=\"4757\"><strong data-start=\"4107\" data-end=\"4123\">Vimto Crush<\/strong>\u00a0Per tutti gli amanti dei sapori esotici e unici di frutta, offre il\u00a0<strong data-start=\"4210\" data-end=\"4225\">Vimto Crush<\/strong>\u00a0Un'esperienza intensa ed emozionante al palato. Ispirata dalla popolare e fruttata miscela della classica bevanda Vimto, questa e-cig offre una deliziosa combinazione di ribes nero, lamponi e un tocco di limone. Il gusto \u00e8 vivace, fruttato e tuttavia equilibrato. Il\u00a0<strong data-start=\"4545\" data-end=\"4560\">Vimto Crush<\/strong>\u00a0Convincente per la sua complessit\u00e0 e freschezza, che garantisce un'esperienza di svapo rinvigorante. \u00c8 una scelta fantastica per gli svapatori che cercano qualcosa di unico ed emozionante.<\/p>\n<\/li>\n<\/ol>\n<h2 data-start=\"0\" data-end=\"107\"><img loading=\"lazy\" decoding=\"async\" class=\"alignnone wp-image-2299 size-full\" title=\"Arymi IFun 28000 Z\u00fcge Einweg E Zigarette - Mela rossa - vimto Crush 2\" src=\"https:\/\/alfakher24h.de\/wp-content\/uploads\/2025\/03\/arymi-hookalit-2.webp\" sizes=\"auto, (max-width: 1077px) 100vw, 1077px\" srcset=\"https:\/\/alfakher24h.de\/wp-content\/uploads\/2025\/03\/arymi-hookalit-2.webp 1077w, https:\/\/alfakher24h.de\/wp-content\/uploads\/2025\/03\/arymi-hookalit-2-300x284.webp 300w, https:\/\/alfakher24h.de\/wp-content\/uploads\/2025\/03\/arymi-hookalit-2-1024x970.webp 1024w, https:\/\/alfakher24h.de\/wp-content\/uploads\/2025\/03\/arymi-hookalit-2-768x727.webp 768w, https:\/\/alfakher24h.de\/wp-content\/uploads\/2025\/03\/arymi-hookalit-2-13x12.webp 13w, https:\/\/alfakher24h.de\/wp-content\/uploads\/2025\/03\/arymi-hookalit-2-600x568.webp 600w\" alt=\"Arymi IFun 28000 Z\u00fcge Einweg E Zigarette - Mela rossa - Vimto Crush\" width=\"1077\" height=\"1020\" \/><\/h2>\n<h3 data-start=\"4759\" data-end=\"4836\">Perch\u00e9 lei la\u00a0<strong data-start=\"4777\" data-end=\"4821\">Arymi IFun 28000 Z\u00fcge \n\nbecomes \n\nArymi IFun 28000 Zug\u00a0<a href=\"https:\/\/alfakher24h.de\/it\/\">Sigaretta elettronica usa e getta<\/a><\/strong>\u00a0dovrebbero comprare<\/h3>\n<ul data-start=\"4838\" data-end=\"5735\">\n<li data-start=\"4838\" data-end=\"5011\"><strong data-start=\"4840\" data-end=\"4858\">Longevit\u00e0:<\/strong>\u00a0Con una\u00a0<strong data-start=\"4869\" data-end=\"4898\">Capacit\u00e0 di 28000 treni<\/strong>\u00a0Ricevi un'esperienza di vapore eccezionalmente lunga e duratura, ideale per l'uso quotidiano e quando sei in viaggio.<\/li>\n<li data-start=\"5012\" data-end=\"5196\"><strong data-start=\"5014\" data-end=\"5052\">Pratico e facile da usare:<\/strong>\u00a0Il\u00a0<strong data-start=\"5057\" data-end=\"5087\">design facile da usare<\/strong>\u00a0il\u00a0<strong data-start=\"5092\" data-end=\"5114\">Sigaretta elettronica usa e getta<\/strong>\u00a0non richiede una manipolazione complicata. Basta prendere, vaporizzare e godere.<\/li>\n<li data-start=\"5197\" data-end=\"5358\"><strong data-start=\"5199\" data-end=\"5236\">Variet\u00e0 di sapori:<\/strong>\u00a0La\u00a0<strong data-start=\"5241\" data-end=\"5264\">svariate aromi<\/strong>\u00a0come\u00a0<strong data-start=\"5269\" data-end=\"5282\">Mela Rossa<\/strong>\u00a0und\u00a0<strong data-start=\"5287\" data-end=\"5302\">Vimto Crush<\/strong>\u00a0offrono l'esperienza di svapo perfetta per ogni gusto.<\/li>\n<li data-start=\"5359\" data-end=\"5562\"><strong data-start=\"5361\" data-end=\"5393\">Comodi e rispettosi dell'ambiente:<\/strong>\u00a0Grazie alla\u00a0<strong data-start=\"5403\" data-end=\"5449\">batteria ricaricabile con ricarica di tipo C<\/strong>\u00a0Questo prodotto non \u00e8 solo facile da usare, ma anche pi\u00f9 ecologico rispetto ai tradizionali prodotti usa e getta.<\/li>\n<li data-start=\"5563\" data-end=\"5735\"><strong data-start=\"5565\" data-end=\"5592\">Forza ottimale di nicotina:<\/strong>\u00a0Con una\u00a0<strong data-start=\"5603\" data-end=\"5627\">Quantit\u00e0 di nicotina di 2 %<\/strong>\u00a0Offre questo e-cigaretta il compromesso perfetto per i vaporizzatori che desiderano un'esperienza di svapo equilibrata.<\/li>\n<\/ul>\n<h3 data-start=\"5737\" data-end=\"5745\">Domande frequenti<\/h3>\n<p data-start=\"5747\" data-end=\"5823\"><strong data-start=\"5747\" data-end=\"5823\">1. La Arymi IFun 28000 Z\u00fcge Einweg E Zigarette \u00e8 ricaricabile?<\/strong><\/p>\n<p data-start=\"5825\" data-end=\"5986\">S\u00ec, le\u00a0<strong data-start=\"5833\" data-end=\"5877\">Arymi IFun 28000 Z\u00fcge Einweg E Zigarette \n\nbecomes \n\nArymi IFun 28000 tiri monouso e-cigarette<\/strong>\u00a0\u00e8 con una\u00a0<strong data-start=\"5892\" data-end=\"5919\">600 mAh batteria al cobalto<\/strong>\u00a0dotati di dispositivi che tramite\u00a0<strong data-start=\"5942\" data-end=\"5962\">Cavo di ricarica di tipo C<\/strong>\u00a0aufgeladen werden kann.\n\n wird zu \n\nessere caricato.<\/p>\n<p data-start=\"5988\" data-end=\"6051\"><strong data-start=\"5988\" data-end=\"6051\">Quanti tiri posso fare con questa sigaretta elettronica?<\/strong><\/p>\n<p data-start=\"6053\" data-end=\"6189\">Con la\u00a0<strong data-start=\"6061\" data-end=\"6105\">Arymi IFun 28000 Z\u00fcge Einweg E Zigarette \n\nbecomes \n\nArymi IFun 28000 tiri monouso e-cigarette<\/strong>\u00a0Possono fare fino a\u00a0<strong data-start=\"6124\" data-end=\"6138\">28000 treni<\/strong>\u00a0godere di una lunga durata di utilizzo.<\/p>\n<p data-start=\"6191\" data-end=\"6256\"><strong data-start=\"6191\" data-end=\"6256\">3. Posso personalizzare l'esperienza di svapo in base alle mie preferenze?<\/strong><\/p>\n<p data-start=\"6258\" data-end=\"6403\">S\u00ec, le\u00a0<strong data-start=\"6266\" data-end=\"6288\">Sigaretta elettronica usa e getta<\/strong>\u00a0dispone di una\u00a0<strong data-start=\"6307\" data-end=\"6334\">aria di alimentazione regolabile<\/strong>con cui \u00e8 possibile personalizzare il vaping in base alle proprie preferenze.<\/p>\n<p data-start=\"6405\" data-end=\"6455\"><strong data-start=\"6405\" data-end=\"6455\">Quanta nicotina contiene questa sigaretta elettronica?<\/strong><\/p>\n<p data-start=\"6457\" data-end=\"6568\">La\u00a0<strong data-start=\"6461\" data-end=\"6505\">Arymi IFun 28000 Z\u00fcge Einweg E Zigarette \n\nbecomes \n\nArymi IFun 28000 tiri monouso e-cigarette<\/strong>\u00a0contiene\u00a0<strong data-start=\"6514\" data-end=\"6529\">2 % Nicotina<\/strong>che assicura una dose equilibrata.<\/p>\n<p data-start=\"6570\" data-end=\"6645\"><strong data-start=\"6570\" data-end=\"6645\">5. Dove posso comprare la Arymi IFun 28000 Z\u00fcge Einweg E Zigarette?<\/strong><\/p>\n<p data-start=\"6647\" data-end=\"6809\">La\u00a0<strong data-start=\"6651\" data-end=\"6695\">Arymi IFun 28000 Z\u00fcge Einweg E Zigarette \n\nbecomes \n\nArymi IFun 28000 tiri monouso e-cigarette<\/strong> \u00e8 disponibile esclusivamente su alfakher24h.de, il pi\u00f9 grande negozio online per\u00a0<strong data-start=\"6773\" data-end=\"6793\">Vape monouso<\/strong>\u00a0in Germania.<\/p>\n<h3 data-start=\"6811\" data-end=\"6820\">Conclusione<\/h3>\n<p data-start=\"6822\" data-end=\"7266\">La\u00a0<strong data-start=\"6826\" data-end=\"6870\">Arymi IFun 28000 Z\u00fcge Einweg E Zigarette \n\nbecomes \n\nArymi IFun 28000 tiri monouso e-cigarette<\/strong>\u00a0\u00e8 la scelta ideale per i fumatori di sigarette elettroniche in\u00a0<strong data-start=\"6906\" data-end=\"6921\">Deutschland<\/strong>che cercano una sigaretta elettronica di alta qualit\u00e0, di lunga durata e con un gusto vario. Con una capacit\u00e0 di\u00a0<strong data-start=\"7043\" data-end=\"7061\">28 ml E-Liquid<\/strong>di un numero impressionante di\u00a0<strong data-start=\"7094\" data-end=\"7109\">28.000 treni<\/strong>\u00a0e una selezione di deliziosi sapori come\u00a0<strong data-start=\"7167\" data-end=\"7180\">Mela Rossa<\/strong>\u00a0und\u00a0<strong data-start=\"7185\" data-end=\"7200\">Vimto Crush<\/strong>\u00a0offre tutto ci\u00f2 che il cuore di un appassionato di vapore desidera.<\/p>\n<p data-start=\"7268\" data-end=\"7413\" data-is-last-node=\"\">Comprare le\u00a0<strong data-start=\"7283\" data-end=\"7327\">Arymi IFun 28000 Z\u00fcge Einweg E Zigarette \n\nbecomes \n\nArymi IFun 28000 tiri monouso e-cigarette<\/strong> Ancora oggi su alfakher24h.de e vivete il vaping a un nuovo livello!<\/p>","protected":false},"excerpt":{"rendered":"<p><strong data-start=\"6826\" data-end=\"6870\">Arymi IFun 28000 Z\u00fcge Einweg E Zigarette \n\nbecomes \n\nArymi IFun 28000 tiri monouso e-cigarette<\/strong>\u00a0\u00e8 la scelta ideale per i fumatori di sigarette elettroniche in\u00a0<strong data-start=\"6906\" data-end=\"6921\">Deutschland<\/strong>che cercano una sigaretta elettronica di alta qualit\u00e0, di lunga durata e con un gusto vario. Con una capacit\u00e0 di\u00a0<strong data-start=\"7043\" data-end=\"7061\">28 ml E-Liquid<\/strong><\/p>","protected":false},"featured_media":1759,"comment_status":"open","ping_status":"closed","template":"","meta":{"om_disable_all_campaigns":false},"product_brand":[],"product_cat":[45],"product_tag":[],"class_list":{"0":"post-1758","1":"product","2":"type-product","3":"status-publish","4":"has-post-thumbnail","6":"product_cat-arymi-ifun-28000","8":"first","9":"outofstock","10":"shipping-taxable","11":"purchasable","12":"product-type-simple"},"_links":{"self":[{"href":"https:\/\/alfakher24h.de\/it\/wp-json\/wp\/v2\/product\/1758","targetHints":{"allow":["GET"]}}],"collection":[{"href":"https:\/\/alfakher24h.de\/it\/wp-json\/wp\/v2\/product"}],"about":[{"href":"https:\/\/alfakher24h.de\/it\/wp-json\/wp\/v2\/types\/product"}],"replies":[{"embeddable":true,"href":"https:\/\/alfakher24h.de\/it\/wp-json\/wp\/v2\/comments?post=1758"}],"wp:featuredmedia":[{"embeddable":true,"href":"https:\/\/alfakher24h.de\/it\/wp-json\/wp\/v2\/media\/1759"}],"wp:attachment":[{"href":"https:\/\/alfakher24h.de\/it\/wp-json\/wp\/v2\/media?parent=1758"}],"wp:term":[{"taxonomy":"product_brand","embeddable":true,"href":"https:\/\/alfakher24h.de\/it\/wp-json\/wp\/v2\/product_brand?post=1758"},{"taxonomy":"product_cat","embeddable":true,"href":"https:\/\/alfakher24h.de\/it\/wp-json\/wp\/v2\/product_cat?post=1758"},{"taxonomy":"product_tag","embeddable":true,"href":"https:\/\/alfakher24h.de\/it\/wp-json\/wp\/v2\/product_tag?post=1758"}],"curies":[{"name":"wp","href":"https:\/\/api.w.org\/{rel}","templated":true}]}}