{"id":1756,"date":"2025-03-11T05:07:49","date_gmt":"2025-03-11T05:07:49","guid":{"rendered":"https:\/\/alfakher24h.de\/?post_type=product&#038;p=1756"},"modified":"2025-07-12T13:27:56","modified_gmt":"2025-07-12T13:27:56","slug":"httperror-response-code-429-too-many-requests-23","status":"publish","type":"product","link":"https:\/\/alfakher24h.de\/it\/prodotto\/httperror-response-code-429-too-many-requests-23\/","title":{"rendered":"Arymi IFun 28000 Z\u00fcge Einweg E Zigarette \u2013 Cherry Cola \u2013 Strawberry Ice Cream\n\nbecomes \n\nArymi IFun 28000 sigarette elettroniche monouso \u2013 Cherry Cola \u2013 Strawberry Ice Cream"},"content":{"rendered":"<h2 data-start=\"439\" data-end=\"528\">Arymi IFun 28000 Z\u00fcge\u00a0Einweg E-Zigarette \u2013 Il piacere di vaporizzare definitivo per la Germania<\/h2>\n<div style=\"width: 848px;\" class=\"wp-video\"><video class=\"wp-video-shortcode\" id=\"video-1756-1\" width=\"848\" height=\"478\" preload=\"metadata\" controls=\"controls\"><source type=\"video\/mp4\" src=\"https:\/\/alfakher24h.de\/wp-content\/uploads\/2025\/03\/VID-20241031-WA0010.mp4?_=1\" \/><a href=\"https:\/\/alfakher24h.de\/wp-content\/uploads\/2025\/03\/VID-20241031-WA0010.mp4\">https:\/\/alfakher24h.de\/wp-content\/uploads\/2025\/03\/VID-20241031-WA0010.mp4<\/a><\/video><\/div>\n<p data-start=\"530\" data-end=\"1270\">La\u00a0<strong data-start=\"534\" data-end=\"578\">Arymi IFun 28000 Z\u00fcge Einweg E-Zigarette \n traduzione: \nArymi IFun 28000 tiri monouso sigaretta elettronica<\/strong>\u00a0\u00e8 la scelta perfetta per gli appassionati di vaping in Germania che cercano una sigaretta elettronica di alta qualit\u00e0, potente e facile da usare. Con il suo design impressionante, prestazioni eccezionali e una variet\u00e0 di gusti deliziosi, la\u00a0<strong data-start=\"869\" data-end=\"883\">IFun 28000<\/strong>\u00a0tutto ci\u00f2 che ci si pu\u00f2 aspettare da un dispositivo di svapo monouso \u00e8 disponibile. Grazie a una capacit\u00e0 fino a\u00a0<strong data-start=\"983\" data-end=\"999\">28.000 treni<\/strong>\u00a0und\u00a0<strong data-start=\"1004\" data-end=\"1021\">30ml E-Liquid<\/strong>, combinato con una\u00a0<strong data-start=\"1044\" data-end=\"1066\">2 % Nicotina - Forza<\/strong>, offre un'esperienza di svapo di altissimo livello. Acquista il tuo\u00a0<strong data-start=\"1146\" data-end=\"1168\">Sigaretta elettronica usa e getta<\/strong> direttamente su alfakher24h.de, la pi\u00f9 grande piattaforma di vendita online di sigarette elettroniche usa e getta in Germania!<\/p>\n<h3 data-start=\"1272\" data-end=\"1339\">Descrizione del prodotto dell'Arymi IFun 28000 tiri Sigaretta elettronica usa e getta<\/h3>\n<p data-start=\"1341\" data-end=\"1982\">La\u00a0<strong data-start=\"1345\" data-end=\"1389\">Arymi IFun 28000 Z\u00fcge Einweg E-Zigarette \n traduzione: \nArymi IFun 28000 tiri monouso sigaretta elettronica<\/strong>\u00a0\u00e8 un capolavoro tecnologico che ti indulge ad ogni tiro con una variet\u00e0 di aromi squisiti e un intenso profumo di nicotina. Con una\u00a0<strong data-start=\"1554\" data-end=\"1587\">Capacit\u00e0 della batteria di 600 mAh<\/strong>\u00a0e uno\u00a0<strong data-start=\"1598\" data-end=\"1630\">Capacit\u00e0 di 28 ml di e-liquid<\/strong>, che pu\u00f2 contenere fino a 28.000 treni, offre una durata di vita eccezionalmente lunga e permette un utilizzo piacevole e senza stress per molti giorni.\u00a0<strong data-start=\"1794\" data-end=\"1815\">2 % Nicotina forza<\/strong>\u00a0assicura un'esperienza di svapo piacevole e soddisfacente, appositamente progettata per i fumatori e gli svapatori esperti che cercano l'esperienza di nicotina familiare.<\/p>\n<h3 data-start=\"1984\" data-end=\"2001\">Funzionalit\u00e0 chiave:<\/h3>\n<ul data-start=\"2003\" data-end=\"2863\">\n<li data-start=\"2003\" data-end=\"2103\"><strong data-start=\"2005\" data-end=\"2028\">Fino a 28.000 treni:<\/strong>\u00a0Goditi una durata di vita incredibilmente lunga per la tua esperienza di vaping.<\/li>\n<li data-start=\"2104\" data-end=\"2186\"><strong data-start=\"2106\" data-end=\"2135\">28 ml capacit\u00e0 di e-liquid:<\/strong>\u00a0Pi\u00f9 liquido per periodi di tempo pi\u00f9 lunghi senza rabbocco.<\/li>\n<li data-start=\"2187\" data-end=\"2277\"><strong data-start=\"2189\" data-end=\"2205\">2 % Nicotina:<\/strong>\u00a0Un rapporto equilibrato di nicotina per una soddisfacente vaporizzazione.<\/li>\n<li data-start=\"2278\" data-end=\"2370\"><strong data-start=\"2280\" data-end=\"2308\">Batteria al cobalto da 600 mAh<\/strong>\u00a0Elevate le prestazioni e tempi di ricarica rapidi per una potenza costante.<\/li>\n<li data-start=\"2371\" data-end=\"2478\"><strong data-start=\"2373\" data-end=\"2410\">Bobina Mesh (1,0 \u03a9 Dual Mesh Coil):<\/strong>\u00a0Bobina Mesh Premium per una produzione di vapore uniforme e ricca.<\/li>\n<li data-start=\"2479\" data-end=\"2593\"><strong data-start=\"2481\" data-end=\"2509\">Flusso d'aria regolabile:<\/strong>\u00a0Adatta il flusso d'aria secondo le tue preferenze per personalizzare la tua esperienza di svapo.<\/li>\n<li data-start=\"2594\" data-end=\"2714\"><strong data-start=\"2596\" data-end=\"2631\">Indicatore di e-liquid e batteria:<\/strong>\u00a0Gli indicatori pratici mostrano lo stato attuale della batteria e dell'e-liquid.<\/li>\n<li data-start=\"2715\" data-end=\"2863\"><strong data-start=\"2717\" data-end=\"2735\">Sistema monouso:<\/strong>\u00a0Nessun rabbocco o ricarica necessari: semplicemente goditi l'utilizzo e smaltisci il dispositivo dopo l'uso.<\/li>\n<\/ul>\n<h3>Perch\u00e9 l'Arymi IFun 28000 tiri sigaretta elettronica usa e getta \u00e8 la scelta migliore:<\/h3>\n<p data-start=\"2941\" data-end=\"3656\">La\u00a0<strong data-start=\"2945\" data-end=\"2989\">Arymi IFun 28000 Z\u00fcge Einweg E-Zigarette \n traduzione: \nArymi IFun 28000 tiri monouso sigaretta elettronica<\/strong>\u00a0offre non solo prestazioni elevate, ma anche funzioni facili da usare che la rendono la scelta preferita per i vaporizzatori in Germania. La\u00a0<strong data-start=\"3135\" data-end=\"3170\">controllo del flusso d'aria regolabile<\/strong>\u00a0permette di adattare individualmente la resistenza e la quantit\u00e0 di vapore: ideale sia per i principianti che per gli svapatori esperti. Inoltre, il\u00a0<strong data-start=\"3328\" data-end=\"3341\">Mesh Coil<\/strong>\u00a0una scelta eccellente per massimizzare il gusto e la produzione di vapore, portando a un'esperienza di svapo pi\u00f9 intensa e morbida. Con una capacit\u00e0 di\u00a0<strong data-start=\"3509\" data-end=\"3527\">28 ml E-Liquid<\/strong>\u00a0e uno\u00a0<strong data-start=\"3538\" data-end=\"3571\">Capacit\u00e0 della batteria di 600 mAh<\/strong>\u00a0potr\u00e0 godere del dispositivo per molti giorni prima di doverlo gettare via.<\/p>\n<h3 data-start=\"3658\" data-end=\"3718\">Sigaretta elettronica monouso con vari sapori<\/h3>\n<p data-start=\"3720\" data-end=\"4019\">Das Besondere an der\u00a0<strong data-start=\"3741\" data-end=\"3785\">Arymi IFun 28000 Z\u00fcge Einweg E-Zigarette \n traduzione: \nArymi IFun 28000 tiri monouso sigaretta elettronica<\/strong>\u00a0non \u00e8 solo la prestazione eccezionale, ma anche la diversit\u00e0 di\u00a0<strong data-start=\"3858\" data-end=\"3868\">Aromi<\/strong>Con le deliziose opzioni\u00a0<strong data-start=\"3898\" data-end=\"3913\">Cherry Cola<\/strong>\u00a0und\u00a0<strong data-start=\"3918\" data-end=\"3942\">Gelato alla Fragola<\/strong>\u00a0Potrete godervi un'unica e saporita esperienza di svapo.<\/p>\n<h4 data-start=\"4021\" data-end=\"4036\">Cherry Cola<\/h4>\n<p data-start=\"4038\" data-end=\"4491\">Sperimenta il gusto rinfrescante di\u00a0<strong data-start=\"4082\" data-end=\"4097\">Cherry Cola<\/strong>che combina la dolcezza frizzante della cola con la nota dolce e fruttata delle ciliegie. Questo aroma coccoler\u00e0 le tue papille gustative con una miscela perfetta di acidit\u00e0 e dolcezza. La cola ti d\u00e0 un rinfrescante effetto frizzante, mentre il sapore fruttato di ciliegia completa l'esperienza di svapo: ideale per coloro che preferiscono sapori fruttati e rinfrescanti.<\/p>\n<h4 data-start=\"4493\" data-end=\"4517\">Gelato alla Fragola<\/h4>\n<p data-start=\"4519\" data-end=\"4952\">Per i fan di aromi cremosi e dolci \u00e8\u00a0<strong data-start=\"4562\" data-end=\"4586\">Gelato alla Fragola<\/strong>\u00a0La scelta perfetta. Questo aroma offre il delizioso gusto di fragole fresche, combinate con un gelato alla vaniglia seta. \u00c8 come se stessi godendo un cucchiaio di gelato cremoso mentre svapi. La combinazione della dolce fragola e della vaniglia fresca e cremosa offre un'autentica esperienza di piacere che puoi godere ad ogni tiro.<\/p>\n<h2 data-start=\"0\" data-end=\"107\"><img loading=\"lazy\" decoding=\"async\" class=\"alignnone wp-image-2299 size-full\" title=\"Arymi IFun 28000 Z\u00fcge Einweg E Zigarette - Cherry Cola - Strawberry Ice Cream 2 becomes Arymi IFun 28000 Z\u00fcge Einweg E-Zigarette - Cherry Cola - Strawberry Ice Cream 2  No changes needed  Arymi IFun 28000 Z\u00fcge Einweg E-Zigarette - Cherry Cola - Strawberry Ice Cream 2\" src=\"https:\/\/alfakher24h.de\/wp-content\/uploads\/2025\/03\/arymi-hookalit-2.webp\" sizes=\"auto, (max-width: 1077px) 100vw, 1077px\" srcset=\"https:\/\/alfakher24h.de\/wp-content\/uploads\/2025\/03\/arymi-hookalit-2.webp 1077w, https:\/\/alfakher24h.de\/wp-content\/uploads\/2025\/03\/arymi-hookalit-2-300x284.webp 300w, https:\/\/alfakher24h.de\/wp-content\/uploads\/2025\/03\/arymi-hookalit-2-1024x970.webp 1024w, https:\/\/alfakher24h.de\/wp-content\/uploads\/2025\/03\/arymi-hookalit-2-768x727.webp 768w, https:\/\/alfakher24h.de\/wp-content\/uploads\/2025\/03\/arymi-hookalit-2-13x12.webp 13w, https:\/\/alfakher24h.de\/wp-content\/uploads\/2025\/03\/arymi-hookalit-2-600x568.webp 600w\" alt=\"Arymi IFun 28000 Z\u00fcge Einweg E Zigarette - Cherry Cola - Strawberry Ice Creambecomes Arymi IFun 28000 sigarette elettroniche monouso - Cherry Cola - Strawberry Ice Cream\" width=\"1077\" height=\"1020\" \/><\/h2>\n<h3 data-start=\"4954\" data-end=\"5014\">Ulteriori notevoli propriet\u00e0 dell'Arymi IFun 28000<\/h3>\n<ul data-start=\"5016\" data-end=\"5584\">\n<li data-start=\"5016\" data-end=\"5155\"><strong data-start=\"5018\" data-end=\"5041\">Leggero e portatile:<\/strong>\u00a0La\u00a0<strong data-start=\"5046\" data-end=\"5090\">Arymi IFun 28000 Z\u00fcge Einweg E-Zigarette \n traduzione: \nArymi IFun 28000 tiri monouso sigaretta elettronica<\/strong>\u00a0\u00c8 compatto e si adatta facilmente nella sua tasca o borsetta.<\/li>\n<li data-start=\"5156\" data-end=\"5311\"><strong data-start=\"5158\" data-end=\"5189\">Nessuna manutenzione richiesta:<\/strong>\u00a0Nessuna necessit\u00e0 di ricaricare o di parti aggiuntive: utilizzare e gettare via quando le ricariche sono esaurite.<\/li>\n<li data-start=\"5312\" data-end=\"5444\"><strong data-start=\"5314\" data-end=\"5338\">Facile gestione:<\/strong>\u00a0Con una\u00a0<strong data-start=\"5349\" data-end=\"5372\">facile utilizzo<\/strong>\u00a0e uno\u00a0<strong data-start=\"5383\" data-end=\"5407\">design ergonomico<\/strong>\u00a0\u00c8 intuitivo e comodo svapare.<\/li>\n<li data-start=\"5445\" data-end=\"5584\"><strong data-start=\"5447\" data-end=\"5474\">Sicuro e affidabile:<\/strong>\u00a0Il\u00a0<strong data-start=\"5479\" data-end=\"5497\">Protezione della batteria<\/strong>\u00a0e la\u00a0<strong data-start=\"5506\" data-end=\"5536\">Evitazione del surriscaldamento<\/strong>\u00a0offrono la sicurezza che merita.<\/li>\n<\/ul>\n<h3 data-start=\"5586\" data-end=\"5619\">Domande frequenti (FAQ)<\/h3>\n<h4 data-start=\"5621\" data-end=\"5688\">1. Quanto dura la sigaretta elettronica usa e getta Arymi IFun 28000 tiri?<\/h4>\n<p data-start=\"5689\" data-end=\"5849\">Con una\u00a0<strong data-start=\"5699\" data-end=\"5731\">Capacit\u00e0 di 28 ml di e-liquid<\/strong>\u00a0und\u00a0<strong data-start=\"5736\" data-end=\"5752\">28.000 treni<\/strong>\u00a0Puoi utilizzare questa e-cigarette per diversi giorni, a seconda della frequenza di svapo.<\/p>\n<h4 data-start=\"5851\" data-end=\"5915\">2. La sigaretta elettronica Arymi IFun 28000 pu\u00f2 essere ricaricata?<\/h4>\n<p data-start=\"5916\" data-end=\"6051\">No, le\u00a0<strong data-start=\"5926\" data-end=\"5970\">Arymi IFun 28000 Z\u00fcge Einweg E-Zigarette \n traduzione: \nArymi IFun 28000 tiri monouso sigaretta elettronica<\/strong>\u00a0\u00e8 uno\u00a0<strong data-start=\"5979\" data-end=\"5996\">Prodotto usa e getta<\/strong>che viene gettato via una volta esaurito il liquido elettronico.<\/p>\n<h4 data-start=\"6053\" data-end=\"6106\">3. Quale forza di nicotina ha l'Arymi IFun 28000?<\/h4>\n<p data-start=\"6107\" data-end=\"6242\">La\u00a0<strong data-start=\"6111\" data-end=\"6155\">Arymi IFun 28000 Z\u00fcge Einweg E-Zigarette \n traduzione: \nArymi IFun 28000 tiri monouso sigaretta elettronica<\/strong>\u00a0contiene\u00a0<strong data-start=\"6164\" data-end=\"6179\">2 % Nicotina<\/strong>che offre un'esperienza di svapo piacevole e soddisfacente.<\/p>\n<h4 data-start=\"6244\" data-end=\"6287\">4. Come posso regolare il flusso d'aria?<\/h4>\n<p data-start=\"6288\" data-end=\"6483\">La\u00a0<strong data-start=\"6292\" data-end=\"6336\">Arymi IFun 28000 Z\u00fcge Einweg E-Zigarette \n traduzione: \nArymi IFun 28000 tiri monouso sigaretta elettronica<\/strong>\u00a0dispone di una\u00a0<strong data-start=\"6355\" data-end=\"6390\">controllo del flusso d'aria regolabile<\/strong>che consente di controllare la resistenza e la quantit\u00e0 di vapore in base alle proprie preferenze.<\/p>\n<h4 data-start=\"6485\" data-end=\"6535\">Quali sapori sono disponibili?<\/h4>\n<p data-start=\"6536\" data-end=\"6678\">Attualmente sono le\u00a0<strong data-start=\"6553\" data-end=\"6568\">Cherry Cola<\/strong>\u00a0und\u00a0<strong data-start=\"6573\" data-end=\"6597\">Gelato alla Fragola<\/strong>\u00a0Aromi disponibili. Entrambi offrono un'esperienza di svapo deliziosa e rinfrescante.<\/p>\n<h3 data-start=\"6680\" data-end=\"6716\">Perch\u00e9 comprare su alfakher24h.de?<\/h3>\n<p data-start=\"6718\" data-end=\"7103\"><strong data-start=\"6718\" data-end=\"6737\">alfakher24h.de \nalfakher24h.de<\/strong>\u00a0\u00e8 il\u00a0<strong data-start=\"6746\" data-end=\"6768\">pi\u00f9 grande negozio online<\/strong>\u00a0per\u00a0<strong data-start=\"6773\" data-end=\"6796\">Sigarette elettroniche monouso<\/strong>\u00a0In Germania. Offriamo non solo i modelli e i sapori pi\u00f9 recenti, ma anche i prezzi migliori e una consegna rapida direttamente a casa tua. Acquista il tuo\u00a0<strong data-start=\"6984\" data-end=\"7028\">Arymi IFun 28000 Z\u00fcge Einweg E-Zigarette \n traduzione: \nArymi IFun 28000 tiri monouso sigaretta elettronica<\/strong>\u00a0Oggi ancora con noi e vivete la migliore esperienza di vaping della Germania!<\/p>","protected":false},"excerpt":{"rendered":"<p><strong data-start=\"6718\" data-end=\"6737\">alfakher24h.de alfakherwelt.de<\/strong>\u00a0\u00e8 il\u00a0<strong data-start=\"6746\" data-end=\"6768\">pi\u00f9 grande negozio online<\/strong>\u00a0per\u00a0<strong data-start=\"6773\" data-end=\"6796\">Sigarette elettroniche monouso<\/strong>\u00a0In Germania. Offriamo non solo i modelli e i sapori pi\u00f9 recenti, ma anche i prezzi migliori e una consegna rapida direttamente a casa tua.<\/p>","protected":false},"featured_media":1757,"comment_status":"open","ping_status":"closed","template":"","meta":{"om_disable_all_campaigns":false},"product_brand":[],"product_cat":[45],"product_tag":[],"class_list":{"0":"post-1756","1":"product","2":"type-product","3":"status-publish","4":"has-post-thumbnail","6":"product_cat-arymi-ifun-28000","8":"first","9":"outofstock","10":"shipping-taxable","11":"purchasable","12":"product-type-simple"},"_links":{"self":[{"href":"https:\/\/alfakher24h.de\/it\/wp-json\/wp\/v2\/product\/1756","targetHints":{"allow":["GET"]}}],"collection":[{"href":"https:\/\/alfakher24h.de\/it\/wp-json\/wp\/v2\/product"}],"about":[{"href":"https:\/\/alfakher24h.de\/it\/wp-json\/wp\/v2\/types\/product"}],"replies":[{"embeddable":true,"href":"https:\/\/alfakher24h.de\/it\/wp-json\/wp\/v2\/comments?post=1756"}],"wp:featuredmedia":[{"embeddable":true,"href":"https:\/\/alfakher24h.de\/it\/wp-json\/wp\/v2\/media\/1757"}],"wp:attachment":[{"href":"https:\/\/alfakher24h.de\/it\/wp-json\/wp\/v2\/media?parent=1756"}],"wp:term":[{"taxonomy":"product_brand","embeddable":true,"href":"https:\/\/alfakher24h.de\/it\/wp-json\/wp\/v2\/product_brand?post=1756"},{"taxonomy":"product_cat","embeddable":true,"href":"https:\/\/alfakher24h.de\/it\/wp-json\/wp\/v2\/product_cat?post=1756"},{"taxonomy":"product_tag","embeddable":true,"href":"https:\/\/alfakher24h.de\/it\/wp-json\/wp\/v2\/product_tag?post=1756"}],"curies":[{"name":"wp","href":"https:\/\/api.w.org\/{rel}","templated":true}]}}