{"id":1749,"date":"2025-03-10T11:26:46","date_gmt":"2025-03-10T11:26:46","guid":{"rendered":"https:\/\/alfakher24h.de\/?post_type=product&#038;p=1749"},"modified":"2025-07-12T13:27:56","modified_gmt":"2025-07-12T13:27:56","slug":"httperror-response-code-429-too-many-requests-31","status":"publish","type":"product","link":"https:\/\/alfakher24h.de\/it\/prodotto\/httperror-response-code-429-too-many-requests-31\/","title":{"rendered":"Arymi IFun 28000 Z\u00fcge Einweg E Zigarette \u2013 Rainbow candy \u2013 Energy Drink \n\nbecomes \n\nArymi IFun 28000 Z\u00fcge Einweg E-Zigarette \u2013 Rainbow Candy \u2013 Energy Drink"},"content":{"rendered":"<h2 data-start=\"0\" data-end=\"91\"><strong data-start=\"0\" data-end=\"91\"><a href=\"https:\/\/alfakher24h.de\/it\/?post_type=product&amp;p=1749&amp;preview=true\">Arymi IFun 28000 Z\u00fcge Einweg E-Zigarette \n\nbecomes \n\nArymi IFun 28000 tiri Sigaretta elettronica usa e getta<\/a> La scelta perfetta per un piacere duraturo<\/strong><\/h2>\n<div style=\"width: 848px;\" class=\"wp-video\"><video class=\"wp-video-shortcode\" id=\"video-1749-1\" width=\"848\" height=\"478\" preload=\"metadata\" controls=\"controls\"><source type=\"video\/mp4\" src=\"https:\/\/alfakher24h.de\/wp-content\/uploads\/2025\/03\/VID-20241031-WA0010.mp4?_=1\" \/><a href=\"https:\/\/alfakher24h.de\/wp-content\/uploads\/2025\/03\/VID-20241031-WA0010.mp4\">https:\/\/alfakher24h.de\/wp-content\/uploads\/2025\/03\/VID-20241031-WA0010.mp4<\/a><\/video><\/div>\n<p data-start=\"93\" data-end=\"107\"><strong data-start=\"93\" data-end=\"107\">Introduzione<\/strong><\/p>\n<p data-start=\"109\" data-end=\"652\">La\u00a0<strong data-start=\"113\" data-end=\"157\">Arymi IFun 28000 Z\u00fcge \n\nbecomes \n\nArymi IFun 28000 Zug<a href=\"https:\/\/alfakher24h.de\/it\/\"> Sigaretta elettronica usa e getta<\/a><\/strong>\u00a0\u00e8 una delle migliori opzioni per tutti coloro che cercano un'esperienza di vaping intensa e di lunga durata. Questa\u00a0<strong data-start=\"263\" data-end=\"285\">Sigaretta elettronica usa e getta<\/strong>\u00a0non \u00e8 solo potente e affidabile, ma offre anche un'ampia selezione di aromi deliziosi che massimizzano il piacere ad ogni aspirazione. Con un numero impressionante di fino a\u00a0<strong data-start=\"477\" data-end=\"493\">28.000 treni<\/strong>\u00a0e ricca\u00a0<strong data-start=\"518\" data-end=\"540\">Capacit\u00e0 di E-Liquido<\/strong>\u00a0di 30 ml, l'Arymi IFun \u00e8 un must per tutti coloro che vogliono portare la loro esperienza di vaping al livello successivo.<\/p>\n<p data-start=\"654\" data-end=\"980\">Come il pi\u00f9 grande rivenditore online per\u00a0<strong data-start=\"685\" data-end=\"708\">Sigarette elettroniche monouso<\/strong> In Germania, alfakher24h.de offre la possibilit\u00e0 di acquistare questo prodotto di alta qualit\u00e0\u00a0<strong data-start=\"792\" data-end=\"822\">Vape con nicotina<\/strong>\u00a0acquistare in modo comodo e sicuro. Scopri i vantaggi della\u00a0<strong data-start=\"883\" data-end=\"927\">Arymi IFun 28000 Z\u00fcge Einweg E-Zigarette \n traduzione: \nArymi IFun 28000 tiri monouso sigaretta elettronica<\/strong>\u00a0E sperimenti un'esperienza di vapore senza pari.<\/p>\n<hr data-start=\"982\" data-end=\"985\" \/>\n<h3 data-start=\"987\" data-end=\"1058\"><strong data-start=\"990\" data-end=\"1058\">Descrizione del prodotto dell'Arymi IFun 28000 tiri\u00a0<a href=\"https:\/\/alfakher24h.de\/it\/\">Sigaretta elettronica usa e getta<\/a><\/strong><\/h3>\n<p data-start=\"1060\" data-end=\"1531\">La\u00a0<strong data-start=\"1064\" data-end=\"1108\">Arymi IFun 28000 Z\u00fcge Einweg E-Zigarette \n traduzione: \nArymi IFun 28000 tiri monouso sigaretta elettronica<\/strong>\u00a0\u00e8 un premium-vape, sviluppato appositamente per i vaper che danno valore alla qualit\u00e0, alle prestazioni e al gusto. Questo\u00a0<strong data-start=\"1232\" data-end=\"1254\">Sigaretta elettronica usa e getta<\/strong>\u00a0non \u00e8 solo pratica, ma anche estremamente duratura. Con una\u00a0<strong data-start=\"1322\" data-end=\"1355\">Capacit\u00e0 della batteria di 600 mAh<\/strong>\u00a0e con la possibilit\u00e0 di avere uno\u00a0<strong data-start=\"1387\" data-end=\"1411\">Connettore USB Type-C<\/strong>\u00a0Per essere sempre pronti, questa sigaretta elettronica garantisce di avere abbastanza energia per una vaporizzazione ininterrotta.<\/p>\n<p data-start=\"1533\" data-end=\"2033\">La\u00a0<strong data-start=\"1537\" data-end=\"1565\">28 ml capacit\u00e0 di e-liquid<\/strong>\u00a0offre una lunga durata di vita e consente all'utente di fino a\u00a0<strong data-start=\"1633\" data-end=\"1648\">28.000 treni<\/strong>\u00a0per godere, senza dover costantemente ricaricare la Vape. Grazie al\u00a0<strong data-start=\"1715\" data-end=\"1729\">Mesh Coils<\/strong>\u00a0con una resistenza di\u00a0<strong data-start=\"1755\" data-end=\"1779\">1,0 \u03a9 Dual Mesh Coil<\/strong>\u00a0diventa ogni tiro un'esperienza senza pari con una densa nuvola di vapore saporita.\u00a0<strong data-start=\"1885\" data-end=\"1909\">Flusso d'aria regolabile<\/strong>\u00a0permette all'utente di adattare l'intensit\u00e0 del flusso d'aria in base alle proprie preferenze, aumentando ulteriormente il piacere.<\/p>\n<p data-start=\"2035\" data-end=\"2482\">La\u00a0<strong data-start=\"2039\" data-end=\"2083\">Arymi IFun 28000 Z\u00fcge Einweg E-Zigarette \n traduzione: \nArymi IFun 28000 tiri monouso sigaretta elettronica<\/strong>\u00a0in una pratica confezione singola da\u00a0<strong data-start=\"2132\" data-end=\"2151\">120 g per pezzo<\/strong>\u00a0e viene fornito in una confezione con\u00a0<strong data-start=\"2182\" data-end=\"2194\">10 pezzi<\/strong>\u00a0consegnato. Per offrire ai clienti un'esperienza di acquisto semplice, viene\u00a0<strong data-start=\"2271\" data-end=\"2285\">Arymi IFun<\/strong>\u00a0anche in una scatola con\u00a0<strong data-start=\"2311\" data-end=\"2324\">200 pezzi<\/strong>\u00a0offerto. Questo Vape \u00e8 ideale per l'uso quotidiano e offre un eccellente equilibrio tra prestazioni, portabilit\u00e0 e facilit\u00e0 d'uso.<\/p>\n<hr data-start=\"2484\" data-end=\"2487\" \/>\n<h3 data-start=\"2489\" data-end=\"2553\"><strong data-start=\"2492\" data-end=\"2553\">Funzionalit\u00e0 principali dell'Arymi IFun 28000 tiri Sigaretta elettronica monouso<\/strong><\/h3>\n<ul data-start=\"2555\" data-end=\"3348\">\n<li data-start=\"2555\" data-end=\"2730\"><strong data-start=\"2557\" data-end=\"2596\">Impressionante conta dei puff (28.000 tiri)<\/strong>\u00a0\u2013 Con uno dei conteggi pi\u00f9 alti sul mercato, l'IFun 28000 consente fino a 28.000 tiri per un'esperienza di svapo di lunga durata.<\/li>\n<li data-start=\"2731\" data-end=\"2884\"><strong data-start=\"2733\" data-end=\"2778\">Batteria ricaricabile con ricarica di tipo C<\/strong>\u00a0- Pratica\u00a0<strong data-start=\"2792\" data-end=\"2815\">Funzione di ricarica di tipo C<\/strong>\u00a0assicura una ricarica rapida e semplice delle\u00a0<strong data-start=\"2863\" data-end=\"2883\">600 mAh batteria<\/strong>.<\/li>\n<li data-start=\"2885\" data-end=\"2963\"><strong data-start=\"2887\" data-end=\"2914\">30 ml di capacit\u00e0 di e-liquid<\/strong>\u00a0Per un piacere prolungato senza dover ricaricare continuamente.<\/li>\n<li data-start=\"2964\" data-end=\"3106\"><strong data-start=\"2966\" data-end=\"3018\">Bobina Mesh Premium per un gusto intenso<\/strong>\u00a0- La\u00a0<strong data-start=\"3025\" data-end=\"3043\">Dual Mesh Coil<\/strong>\u00a0garantisce un flusso d'aria uniforme e massimizza il sapore.<\/li>\n<li data-start=\"3107\" data-end=\"3203\"><strong data-start=\"3109\" data-end=\"3133\">Flusso d'aria regolabile<\/strong>\u00a0- Ottimizza il comportamento del tiraggio per un'esperienza di svapo personalizzata.<\/li>\n<li data-start=\"3204\" data-end=\"3348\"><strong data-start=\"3206\" data-end=\"3228\">Variet\u00e0 di aromi<\/strong>\u00a0- La\u00a0<strong data-start=\"3235\" data-end=\"3255\">Arymi IFun 28000<\/strong>\u00a0offre un'ampia gamma di sapori, tra cui Rainbow Candy ed Energy Drink.<\/li>\n<\/ul>\n<hr data-start=\"3350\" data-end=\"3353\" \/>\n<h3 data-start=\"3355\" data-end=\"3398\"><strong data-start=\"3358\" data-end=\"3398\">Descrizione dettagliata degli aromi<\/strong><\/h3>\n<p data-start=\"3400\" data-end=\"3652\">La\u00a0<strong data-start=\"3404\" data-end=\"3414\">Aromi<\/strong>\u00a0il\u00a0<strong data-start=\"3419\" data-end=\"3463\">Arymi IFun 28000 Z\u00fcge Einweg E-Zigarette \n traduzione: \nArymi IFun 28000 tiri monouso sigaretta elettronica<\/strong>\u00a0offrono una variet\u00e0 di sapori che soddisfa anche i pi\u00f9 esigenti vapers. Di seguito, troverai una descrizione dettagliata dei sapori pi\u00f9 popolari:<\/p>\n<h4 data-start=\"3654\" data-end=\"3675\"><strong data-start=\"3658\" data-end=\"3675\">Rainbow Candy<\/strong><\/h4>\n<p data-start=\"3677\" data-end=\"4156\">La\u00a0<strong data-start=\"3681\" data-end=\"3698\">Rainbow Candy<\/strong>Questo sapore \u00e8 un vero capolavoro di aromi. Immaginate un mix colorato di vari caramelli a base di frutta - dalle note di agrumi acidi alle dolci fragole e ciliegie. Ogni aspirazione di questa e-cigarette svela un caleidoscopio di aromi fruttati, che coccola il palato con un'esplosione di dolcezza e freschezza rinfrescante. Il sapore persiste a lungo dopo l'aspirazione, garantendo cos\u00ec un'esperienza di svapo completa e soddisfacente.<\/p>\n<p data-start=\"4158\" data-end=\"4406\">Questa miscela di dolci fruttati ricorda i popolari bonbon arcobaleno e vi fa immergere nei ricordi della vostra infanzia. \u00c8 la scelta perfetta per tutti coloro che cercano un gusto dolce, ma non eccessivamente pesante.<\/p>\n<h4 data-start=\"4408\" data-end=\"4428\"><strong data-start=\"4412\" data-end=\"4428\">Energy Drink<\/strong><\/h4>\n<p data-start=\"4430\" data-end=\"4878\">Per coloro che amano il gusto di una bevanda energetizzante rinvigorente, offre la\u00a0<strong data-start=\"4514\" data-end=\"4558\">Arymi IFun 28000 Z\u00fcge Einweg E-Zigarette \n traduzione: \nArymi IFun 28000 tiri monouso sigaretta elettronica<\/strong>\u00a0L'aroma di una classica bevanda energetica. Questo gusto combina note di agrumi rinfrescanti con un tocco di dolce aroma di frutti di bosco, che dona una sensazione di freschezza e vitalit\u00e0 al vaping. Il gusto ricorda la freschezza frizzante di una bevanda ben raffreddata che trasmette energia e vitalit\u00e0.<\/p>\n<p data-start=\"4880\" data-end=\"5187\">Questo gusto \u00e8 ideale per coloro che cercano un boost di energia e preferiscono un'alternativa rinfrescante ai classici sapori di tabacco. L'equilibrio tra la dolcezza e l'acidit\u00e0 garantisce una vaporizzazione uniforme, non troppo intensa, che rende ogni momento un piacere speciale.<\/p>\n<h2 data-start=\"0\" data-end=\"91\"><img loading=\"lazy\" decoding=\"async\" class=\"alignnone wp-image-2302 size-full\" title=\"Arymi IFun 28000 Z\u00fcge Einweg E Zigarette - Rainbow candy - Energy Drink 2 becomes Arymi IFun 28000 Z\u00fcge Einweg E-Zigarette - Rainbow candy - Energy Drink 2\" src=\"https:\/\/alfakher24h.de\/wp-content\/uploads\/2025\/03\/all1.webp\" sizes=\"auto, (max-width: 904px) 100vw, 904px\" srcset=\"https:\/\/alfakher24h.de\/wp-content\/uploads\/2025\/03\/all1.webp 904w, https:\/\/alfakher24h.de\/wp-content\/uploads\/2025\/03\/all1-212x300.webp 212w, https:\/\/alfakher24h.de\/wp-content\/uploads\/2025\/03\/all1-723x1024.webp 723w, https:\/\/alfakher24h.de\/wp-content\/uploads\/2025\/03\/all1-768x1087.webp 768w, https:\/\/alfakher24h.de\/wp-content\/uploads\/2025\/03\/all1-8x12.webp 8w, https:\/\/alfakher24h.de\/wp-content\/uploads\/2025\/03\/all1-600x850.webp 600w\" alt=\"Arymi IFun 28000 Z\u00fcge Einweg E Zigarette - Rainbow candy - Energy Drink becomes Arymi IFun 28000 Z\u00fcge Einweg E-Zigarette - Rainbow candy - Energy Drink\" width=\"904\" height=\"1280\" \/><\/h2>\n<hr data-start=\"4635\" data-end=\"4638\" \/>\n<h3 data-start=\"5194\" data-end=\"5270\"><strong data-start=\"5197\" data-end=\"5270\">Perch\u00e9 dovresti comprare la sigaretta elettronica usa e getta Arymi IFun 28000 Z\u00fcge<\/strong><\/h3>\n<p data-start=\"5272\" data-end=\"5406\">La\u00a0<strong data-start=\"5276\" data-end=\"5320\">Arymi IFun 28000 Z\u00fcge Einweg E-Zigarette \n traduzione: \nArymi IFun 28000 tiri monouso sigaretta elettronica<\/strong>\u00a0offre una variet\u00e0 di vantaggi che la rendono la scelta migliore per molti svapatori:<\/p>\n<ul data-start=\"5408\" data-end=\"6253\">\n<li data-start=\"5408\" data-end=\"5565\"><strong data-start=\"5410\" data-end=\"5427\">Longevit\u00e0<\/strong>: Fino a\u00a0<strong data-start=\"5440\" data-end=\"5456\">28.000 treni<\/strong>\u00a0offre questo vaporizzatore monouso una durata di vita eccezionalmente lunga rispetto ad altre sigarette elettroniche monouso.<\/li>\n<li data-start=\"5566\" data-end=\"5743\"><strong data-start=\"5568\" data-end=\"5586\">Versatilit\u00e0<\/strong>: La\u00a0<strong data-start=\"5592\" data-end=\"5616\">Flusso d'aria regolabile<\/strong>\u00a0permette di personalizzare il vaping in base alle tue preferenze, da un'esperienza leggera a una pi\u00f9 intensa.<\/li>\n<li data-start=\"5744\" data-end=\"5876\"><strong data-start=\"5746\" data-end=\"5757\">Comfort<\/strong>: La\u00a0<strong data-start=\"5763\" data-end=\"5783\">600 mAh batteria<\/strong>\u00a0e il\u00a0<strong data-start=\"5792\" data-end=\"5816\">Tipo C connettore di ricarica<\/strong>\u00a0caricare il\u00a0<strong data-start=\"5841\" data-end=\"5849\">Vape<\/strong>\u00a0veloce e senza complicazioni.<\/li>\n<li data-start=\"5877\" data-end=\"6050\"><strong data-start=\"5879\" data-end=\"5899\">Qualit\u00e0 premium<\/strong>Con una\u00a0<strong data-start=\"5911\" data-end=\"5933\">Capacit\u00e0 di E-Liquido<\/strong>\u00a0da\u00a0<strong data-start=\"5938\" data-end=\"5947\">30 ml<\/strong>\u00a0e uno\u00a0<strong data-start=\"5958\" data-end=\"5971\">Mesh Coil<\/strong>\u00a0Questa vape garantisce un'esperienza di gusto intensa e nuvole di vapore dense.<\/li>\n<li data-start=\"6051\" data-end=\"6253\"><strong data-start=\"6053\" data-end=\"6071\">Comodit\u00e0<\/strong>Da die\u00a0<strong data-start=\"6080\" data-end=\"6124\">Arymi IFun 28000 Z\u00fcge Einweg E-Zigarette \n traduzione: \nArymi IFun 28000 tiri monouso sigaretta elettronica<\/strong>\u00a0\u00e8 gi\u00e0 completamente carico e con\u00a0<strong data-start=\"6168\" data-end=\"6180\">E-Liquid<\/strong>\u00a0Quando arriva pieno, non devi fare altro che goderti la Vape!<\/li>\n<\/ul>\n<p data-start=\"6255\" data-end=\"6413\">Questa vape \u00e8 perfetta per tutti coloro che danno valore alla qualit\u00e0, al gusto e alla facilit\u00e0 d'uso e cercano una soluzione a lungo termine per la loro esperienza di svapo.<\/p>\n<hr data-start=\"6415\" data-end=\"6418\" \/>\n<h3 data-start=\"6420\" data-end=\"6502\"><strong data-start=\"6423\" data-end=\"6502\">FAQs \u2013 Domande frequenti sull'Arymi IFun 28000 Z\u00fcge  E-Zigarette monouso<\/strong><\/h3>\n<h4 data-start=\"6504\" data-end=\"6572\"><strong data-start=\"6508\" data-end=\"6572\">Quanto dura la sigaretta elettronica usa e getta Arymi IFun 28000 tiri?<\/strong><\/h4>\n<p data-start=\"6573\" data-end=\"6814\">La\u00a0<strong data-start=\"6577\" data-end=\"6621\">Arymi IFun 28000 Z\u00fcge Einweg E-Zigarette \n traduzione: \nArymi IFun 28000 tiri monouso sigaretta elettronica<\/strong>\u00a0tiene fino a\u00a0<strong data-start=\"6634\" data-end=\"6649\">28.000 treni<\/strong>, che la rende uno dei vapes monouso pi\u00f9 longevi sul mercato. La lunga durata garantisce che non si debba continuamente cercare un nuovo vape.<\/p>\n<h4 data-start=\"6816\" data-end=\"6861\"><strong data-start=\"6820\" data-end=\"6861\">La Arymi IFun 28000 contiene nicotina?<\/strong><\/h4>\n<p data-start=\"6862\" data-end=\"7032\">S\u00ec, le\u00a0<strong data-start=\"6870\" data-end=\"6914\">Arymi IFun 28000 Z\u00fcge Einweg E-Zigarette \n traduzione: \nArymi IFun 28000 tiri monouso sigaretta elettronica<\/strong>\u00a0contiene\u00a0<strong data-start=\"6923\" data-end=\"6938\">2 % Nicotina<\/strong>che li rende ideali per coloro che cercano la sensazione di una classica boccata di sigaretta.<\/p>\n<h4 data-start=\"7034\" data-end=\"7093\"><strong data-start=\"7038\" data-end=\"7093\">Posso essere ricaricata la Arymi IFun 28000?<\/strong><\/h4>\n<p data-start=\"7094\" data-end=\"7265\">S\u00ec, le\u00a0<strong data-start=\"7102\" data-end=\"7122\">Arymi IFun 28000<\/strong>\u00a0dispone di una\u00a0<strong data-start=\"7141\" data-end=\"7170\">batteria ricaricabile<\/strong>\u00a0con uno\u00a0<strong data-start=\"7181\" data-end=\"7205\">Tipo C connettore di ricarica<\/strong>sodich\u00e9 \u00e8 possibile caricare la batteria comodamente quando necessario.<\/p>\n<h4 data-start=\"7267\" data-end=\"7304\"><strong data-start=\"7271\" data-end=\"7304\">Quali aromi sono disponibili?<\/strong><\/h4>\n<p data-start=\"7305\" data-end=\"7487\">Attualmente offre la\u00a0<strong data-start=\"7324\" data-end=\"7368\">Arymi IFun 28000 Z\u00fcge Einweg E-Zigarette \n traduzione: \nArymi IFun 28000 tiri monouso sigaretta elettronica<\/strong>\u00a0gli aromi\u00a0<strong data-start=\"7380\" data-end=\"7397\">Rainbow Candy<\/strong>\u00a0und\u00a0<strong data-start=\"7402\" data-end=\"7418\">Energy Drink<\/strong>Entrambi i sapori offrono un'esperienza di svapo unica e deliziosa.<\/p>\n<hr data-start=\"7489\" data-end=\"7492\" \/>\n<p data-start=\"7494\" data-end=\"7767\" data-is-last-node=\"\">Per un ordine semplice e veloce della\u00a0<strong data-start=\"7540\" data-end=\"7584\">Arymi IFun 28000 Z\u00fcge Einweg E-Zigarette \n traduzione: \nArymi IFun 28000 tiri monouso sigaretta elettronica<\/strong>\u00a0Visitate semplicemente<a href=\"https:\/\/alfakher24h.de\/it\/\"> alfakher24h.de<\/a>Offriamo la pi\u00f9 ampia selezione di\u00a0<strong data-start=\"7666\" data-end=\"7704\">Sigarette elettroniche monouso in Germania<\/strong>\u00a0e garantiamo una consegna rapida e un pagamento sicuro.<\/p>","protected":false},"excerpt":{"rendered":"<p><strong data-start=\"7540\" data-end=\"7584\">Arymi IFun 28000 Z\u00fcge Einweg E-Zigarette \n traduzione: \nArymi IFun 28000 tiri monouso sigaretta elettronica<\/strong>\u00a0Visitate semplicemente alfakher24h.de. Offriamo la pi\u00f9 ampia selezione di\u00a0<strong data-start=\"7666\" data-end=\"7704\">Sigarette elettroniche monouso in Germania<\/strong>\u00a0e garantiamo una consegna rapida e un pagamento sicuro.<\/p>","protected":false},"featured_media":1750,"comment_status":"open","ping_status":"closed","template":"","meta":{"om_disable_all_campaigns":false},"product_brand":[],"product_cat":[45],"product_tag":[],"class_list":{"0":"post-1749","1":"product","2":"type-product","3":"status-publish","4":"has-post-thumbnail","6":"product_cat-arymi-ifun-28000","8":"first","9":"outofstock","10":"shipping-taxable","11":"purchasable","12":"product-type-simple"},"_links":{"self":[{"href":"https:\/\/alfakher24h.de\/it\/wp-json\/wp\/v2\/product\/1749","targetHints":{"allow":["GET"]}}],"collection":[{"href":"https:\/\/alfakher24h.de\/it\/wp-json\/wp\/v2\/product"}],"about":[{"href":"https:\/\/alfakher24h.de\/it\/wp-json\/wp\/v2\/types\/product"}],"replies":[{"embeddable":true,"href":"https:\/\/alfakher24h.de\/it\/wp-json\/wp\/v2\/comments?post=1749"}],"wp:featuredmedia":[{"embeddable":true,"href":"https:\/\/alfakher24h.de\/it\/wp-json\/wp\/v2\/media\/1750"}],"wp:attachment":[{"href":"https:\/\/alfakher24h.de\/it\/wp-json\/wp\/v2\/media?parent=1749"}],"wp:term":[{"taxonomy":"product_brand","embeddable":true,"href":"https:\/\/alfakher24h.de\/it\/wp-json\/wp\/v2\/product_brand?post=1749"},{"taxonomy":"product_cat","embeddable":true,"href":"https:\/\/alfakher24h.de\/it\/wp-json\/wp\/v2\/product_cat?post=1749"},{"taxonomy":"product_tag","embeddable":true,"href":"https:\/\/alfakher24h.de\/it\/wp-json\/wp\/v2\/product_tag?post=1749"}],"curies":[{"name":"wp","href":"https:\/\/api.w.org\/{rel}","templated":true}]}}