{"id":1744,"date":"2025-03-10T10:27:38","date_gmt":"2025-03-10T10:27:38","guid":{"rendered":"https:\/\/alfakher24h.de\/?post_type=product&#038;p=1744"},"modified":"2025-07-12T13:27:57","modified_gmt":"2025-07-12T13:27:57","slug":"httperror-response-code-429-too-many-requests-25","status":"publish","type":"product","link":"https:\/\/alfakher24h.de\/it\/prodotto\/httperror-response-code-429-too-many-requests-25\/","title":{"rendered":"Arymi IFun 28000 Z\u00fcge Einweg E Zigarette \u2013 Fizzy Cherry \u2013 Blue Razz Lemonade\n\nbecomes \n\nArymi IFun 28000 Tiri Sigaretta elettronica monouso - Fizzy Cherry - Blue Razz Lemonade"},"content":{"rendered":"<div class=\"wp-video\"><\/div>\n<h3 data-start=\"492\" data-end=\"601\"><strong data-start=\"496\" data-end=\"601\">Arymi IFun 28000 Z\u00fcge\u00a0Einweg E Zigarette: L'esperienza definitiva per gli appassionati di vaping in Germania<\/strong><\/h3>\n<div style=\"width: 848px;\" class=\"wp-video\"><video class=\"wp-video-shortcode\" id=\"video-1744-1\" width=\"848\" height=\"478\" preload=\"metadata\" controls=\"controls\"><source type=\"video\/mp4\" src=\"https:\/\/alfakher24h.de\/wp-content\/uploads\/2025\/03\/VID-20241031-WA0010.mp4?_=1\" \/><a href=\"https:\/\/alfakher24h.de\/wp-content\/uploads\/2025\/03\/VID-20241031-WA0010.mp4\">https:\/\/alfakher24h.de\/wp-content\/uploads\/2025\/03\/VID-20241031-WA0010.mp4<\/a><\/video><\/div>\n<p data-start=\"603\" data-end=\"1191\">Se stai cercando una sigaretta elettronica usa e getta potente e confortevole, che convinca sia per gusto che per funzionalit\u00e0, allora \u00e8 la\u00a0<strong data-start=\"765\" data-end=\"809\">Arymi IFun 28000 Z\u00fcge Einweg E Zigarette \n\nbecomes \n\nArymi IFun 28000 tiri monouso e-cigarette<\/strong>\u00a0esattamente quello che fa per te. Con un numero eccezionale di 28.000 tiri, una generosa capacit\u00e0 di e-liquid di 28 ml e un contenuto di nicotina perfetto, questo vaporizzatore usa e getta offre un'esperienza utente eccezionale. Questo vaporizzatore di alta qualit\u00e0 \u00e8 ideale per i principianti e per gli utenti esperti di vaporizzazione e si distingue per la sua facilit\u00e0 d'uso e le prestazioni affidabili.<\/p>\n<h3 data-start=\"1193\" data-end=\"1268\"><strong data-start=\"1197\" data-end=\"1268\">Descrizione del prodotto: Il meglio della tecnologia dello svapo e del gusto<\/strong><\/h3>\n<p data-start=\"1270\" data-end=\"1733\">La\u00a0<strong data-start=\"1274\" data-end=\"1318\">Arymi IFun 28000 Z\u00fcge Einweg E-Zigarette \n traduzione: \nArymi IFun 28000 tiri monouso sigaretta elettronica<\/strong>\u00a0\u00c8 stata progettata pensando alla facilit\u00e0 d'uso e alle prestazioni, offrendo un'ecellente alternativa alle tradizionali sigarette elettroniche. Questa sigaretta elettronica usa e getta \u00e8 pronta all'uso immediato e non richiede complicate impostazioni. Con una capacit\u00e0 impressionante di 28.000 tiri, l'IFun garantisce un'esperienza di svapo prolungata che pu\u00f2 durare diverse settimane, a seconda dell'intensit\u00e0 di utilizzo.<\/p>\n<p data-start=\"1735\" data-end=\"2195\">La batteria da 600 mAh garantisce che potrete svapare per molto tempo senza interruzioni, senza preoccuparvi di doverla ricaricare di continuo. Se la batteria dovesse scaricarsi, pu\u00f2 essere ricaricata velocemente tramite un moderno\u00a0<strong data-start=\"1956\" data-end=\"1979\">Connettore USB di tipo C<\/strong>\u00a0essere caricate, il che rende l'utilizzo ancora pi\u00f9 comodo. Le\u00a0<strong data-start=\"2040\" data-end=\"2064\">1,0 \u03a9 Dual Mesh Coil<\/strong>\u00a0garantisce un'evaporazione uniforme e continua dell'e-liquid e permette una vaporizzazione intensa e uniforme.<\/p>\n<h3 data-start=\"2197\" data-end=\"2260\"><strong data-start=\"2201\" data-end=\"2260\">Funzioni dell'Arymi IFun 28000 Z\u00fcge  Sigaretta Elettronica Monouso<\/strong><\/h3>\n<ul data-start=\"2262\" data-end=\"3386\">\n<li data-start=\"2262\" data-end=\"2454\"><strong data-start=\"2264\" data-end=\"2306\">Numero di tiri di prima classe (28.000 tiri):<\/strong>\u00a0Goditi un'esperienza di svapo senza pari per un lungo periodo di tempo, senza doverti preoccupare di frequenti acquisti di ricambio.<\/li>\n<li data-start=\"2455\" data-end=\"2620\"><strong data-start=\"2457\" data-end=\"2499\">Batteria ricaricabile con connettore di tipo C:<\/strong>\u00a0Grazie al moderno connettore di ricarica Type-C, puoi caricare velocemente e facilmente l'IFun quando la batteria sta per esaurirsi.<\/li>\n<li data-start=\"2621\" data-end=\"2797\"><strong data-start=\"2623\" data-end=\"2660\">Grande capacit\u00e0 di e-liquid (28 ml):<\/strong>\u00a0Il generoso serbatoio da 28 ml di e-liquid \u00e8 sufficiente per molte tirate e consente di vaporizzare a lungo senza doverlo continuamente ricaricare.<\/li>\n<li data-start=\"2798\" data-end=\"2987\"><strong data-start=\"2800\" data-end=\"2845\">Bobina a rete premium (1,0 \u03a9 Bobina a rete doppia):<\/strong>\u00a0Questa bobina mesh di alta qualit\u00e0 garantisce una formazione di vapore eccellente e un gusto intenso, che rende la vaporizzazione una vera delizia.<\/li>\n<li data-start=\"2988\" data-end=\"3118\"><strong data-start=\"2990\" data-end=\"3015\">Flusso d'aria regolabile:<\/strong>\u00a0Regola l'afflusso d'aria secondo le tue preferenze per personalizzare l'esperienza di svapo.<\/li>\n<li data-start=\"3119\" data-end=\"3271\"><strong data-start=\"3121\" data-end=\"3152\">Visualizzazione di e-liquid e batteria:<\/strong>\u00a0Gli indicatori integrati vi informano in qualsiasi momento sullo stato di carica della batteria e sul livello di riempimento dell'e-liquid.<\/li>\n<li data-start=\"3272\" data-end=\"3386\"><strong data-start=\"3274\" data-end=\"3301\">Vape usa e getta pratica:<\/strong>\u00a0Nessun complicato rifornimento o riarrangiamento necessario - semplicemente disimballare e godere.<\/li>\n<\/ul>\n<h3 data-start=\"3388\" data-end=\"3465\"><strong data-start=\"3392\" data-end=\"3465\">Perch\u00e9 lei la<a href=\"https:\/\/alfakherwelt.de\/product-category\/arymi-ifun-28000\/\" target=\"_blank\" rel=\"noopener\">\u00a0Arymi IFun 28000 Z\u00fcge \n\nbecomes \n\nArymi IFun 28000 Zug<\/a>\u00a0Sigarette elettroniche monouso da comprare<\/strong><\/h3>\n<ul data-start=\"3467\" data-end=\"4206\">\n<li data-start=\"3467\" data-end=\"3624\"><strong data-start=\"3469\" data-end=\"3487\">Longevit\u00e0:<\/strong>\u00a0Con fino a 28.000 tiri, questa sigaretta elettronica usa e getta offre una longevit\u00e0 senza precedenti e garantisce un'esperienza di svapo di lunga durata.<\/li>\n<li data-start=\"3625\" data-end=\"3843\"><strong data-start=\"3627\" data-end=\"3664\">Pratico e facile da usare:<\/strong>\u00a0L'utilizzo monouso e la possibilit\u00e0 di ricaricare velocemente la sigaretta elettronica tramite la porta di tipo C la rendono una scelta eccellente per i fumatori di tutte le fasce di esperienza.<\/li>\n<li data-start=\"3844\" data-end=\"4021\"><strong data-start=\"3846\" data-end=\"3881\">Variate opzioni di gusto:<\/strong>\u00a0La Arymi IFun offre una variet\u00e0 di aromi che far\u00e0 battere pi\u00f9 velocemente il cuore di ogni appassionato di svapo. Perfetta per tutti coloro che apprezzano la variet\u00e0.<\/li>\n<li data-start=\"4022\" data-end=\"4206\"><strong data-start=\"4024\" data-end=\"4052\">Tecnologia di alta gamma:<\/strong>\u00a0La Premium Mesh Coil garantisce un sapore intenso, mentre l'airflow regolabile adatta la vaporizzazione al vostro gusto individuale.<\/li>\n<\/ul>\n<p><img loading=\"lazy\" decoding=\"async\" class=\"alignnone wp-image-2299 size-full\" title=\"Arymi IFun 28000 Z\u00fcge Einweg E Zigarette - Fizzy Cherry - Blue Razz Lemonade 2 becomes Arymi IFun 28000 Z\u00fcge Einweg E-Zigarette - Fizzy Cherry - Blue Razz Lemonade 2  Correction becomes Arymi IFun 28000 puff Einweg E-Zigarette - Fizzy Cherry - Blue Razz Lemonade 2\" src=\"https:\/\/alfakher24h.de\/wp-content\/uploads\/2025\/03\/arymi-hookalit-2.webp\" sizes=\"auto, (max-width: 1077px) 100vw, 1077px\" srcset=\"https:\/\/alfakher24h.de\/wp-content\/uploads\/2025\/03\/arymi-hookalit-2.webp 1077w, https:\/\/alfakher24h.de\/wp-content\/uploads\/2025\/03\/arymi-hookalit-2-300x284.webp 300w, https:\/\/alfakher24h.de\/wp-content\/uploads\/2025\/03\/arymi-hookalit-2-1024x970.webp 1024w, https:\/\/alfakher24h.de\/wp-content\/uploads\/2025\/03\/arymi-hookalit-2-768x727.webp 768w, https:\/\/alfakher24h.de\/wp-content\/uploads\/2025\/03\/arymi-hookalit-2-13x12.webp 13w, https:\/\/alfakher24h.de\/wp-content\/uploads\/2025\/03\/arymi-hookalit-2-600x568.webp 600w\" alt=\"Arymi IFun 28000 Z\u00fcge Einweg E Zigarette - Fizzy Cherry - Blue Razz Lemonadebecomes Arymi IFun 28000 tiri sigaretta elettronica usa e getta - Fizzy Cherry - Blue Razz Lemonade\" width=\"1077\" height=\"1020\" \/><\/p>\n<h3 data-start=\"4208\" data-end=\"4279\"><strong data-start=\"4212\" data-end=\"4279\">Descrizione dettagliata degli aromi: un piacere per tutti i sensi<\/strong><\/h3>\n<p data-start=\"4281\" data-end=\"4442\">La\u00a0<strong data-start=\"4285\" data-end=\"4329\">Arymi IFun 28000 Z\u00fcge Einweg E Zigarette \n\nbecomes \n\nArymi IFun 28000 tiri monouso e-cigarette<\/strong>\u00a0arriva con due raffinati sapori, che rendono la vaporizzazione un'esperienza davvero unica.<\/p>\n<h4 data-start=\"4444\" data-end=\"4485\"><strong data-start=\"4449\" data-end=\"4485\">Fizzy Cherry<\/strong><\/h4>\n<p data-start=\"4487\" data-end=\"5065\">Il\u00a0<strong data-start=\"4491\" data-end=\"4507\">Fizzy Cherry<\/strong>Il gusto \u00e8 un vero capolavoro di diversit\u00e0 di aromi. Al primo tiro, sentirai un'esplosione immediata di ciliegie dolci e succose, combinate alla perfezione con una frizzantezza spruzzante. Questa combinazione crea un effetto rinfrescante e rivitalizzante, che ti d\u00e0 la sensazione di sorseggiare una bevanda a base di ciliegia frizzante. Il gusto \u00e8 pieno e autentico e permane piacevolmente in bocca senza sopraffare. Ideale per tutti coloro che amano gli aromi dolci e rinfrescanti, ma cercano comunque qualcosa di nuovo ed emozionante.<\/p>\n<h4 data-start=\"5067\" data-end=\"5119\"><strong data-start=\"5072\" data-end=\"5119\">Blue Razz Lemonade<\/strong><\/h4>\n<p data-start=\"5121\" data-end=\"5601\"><strong data-start=\"5121\" data-end=\"5143\">Blue Razz Lemonade<\/strong>\u00a0\u00e8 un altro favorito per tutti coloro che amano esperienze di gusto complesse e versatili. Questo gusto unisce la dolcezza fruttata dei mirtilli con la freschezza spruzzante della limonata di limone. I mirtilli offrono una piacevole dolcezza, mentre il limone aggiunge un tocco rinfrescante che completa armoniosamente l'intero gusto. Il finale \u00e8 rinfrescante e di lunga durata, il che rende questo gusto perfetto per tutta la giornata.<\/p>\n<p data-start=\"5603\" data-end=\"5875\">Entrambi i sapori sono perfettamente bilanciati tra loro e offrono una miscela equilibrata di fruttosit\u00e0, dolcezza e frizzantezza. Sia che lei si faccia per\u00a0<strong data-start=\"5752\" data-end=\"5768\">Fizzy Cherry<\/strong>\u00a0o\u00a0<strong data-start=\"5774\" data-end=\"5796\">Blue Razz Lemonade<\/strong>\u00a0Decidete, potete essere certi che ogni svapo \u00e8 un vero piacere.<\/p>\n<h3 data-start=\"5877\" data-end=\"5915\"><strong data-start=\"5881\" data-end=\"5915\">Domande frequenti (FAQ)<\/strong><\/h3>\n<p data-start=\"5917\" data-end=\"6174\"><strong data-start=\"5917\" data-end=\"5985\">1. L'Arymi IFun 28000 \u00e8 una sigaretta elettronica usa e getta con nicotina?<\/strong><br data-start=\"5985\" data-end=\"5988\" \/>S\u00ec, la Arymi IFun 28000 tiri sigaretta elettronica usa e getta contiene\u00a0<strong data-start=\"6045\" data-end=\"6060\">2 % Nicotina<\/strong>che consente un apporto moderato di nicotina, ideale per fumatori e svapatori che cercano una chiara scarica di nicotina.<\/p>\n<p data-start=\"6176\" data-end=\"6344\"><strong data-start=\"6176\" data-end=\"6220\">Due. Quanti treni offre Arymi IFun?<\/strong><br data-start=\"6220\" data-end=\"6223\" \/>Die Arymi IFun bietet bis zu \n La Arymi IFun offre fino a\u00a0<strong data-start=\"6252\" data-end=\"6267\">28.000 treni<\/strong>, che la rende una delle sigarette elettroniche usa e getta pi\u00f9 longeve sul mercato.<\/p>\n<p data-start=\"6346\" data-end=\"6523\"><strong data-start=\"6346\" data-end=\"6390\">3. Come posso caricare l'Arymi IFun?<\/strong><br data-start=\"6390\" data-end=\"6393\" \/>Die Arymi IFun ist mit einem\u00a0<strong data-start=\"6422\" data-end=\"6442\">Connettore di tipo C<\/strong>\u00a0dotato di un sistema che consente di ricaricare velocemente ed efficientemente la sigaretta elettronica.<\/p>\n<p data-start=\"6525\" data-end=\"6731\"><strong data-start=\"6525\" data-end=\"6580\">4. Quanto dura la capacit\u00e0 di e-liquid di 28 ml?<\/strong><br data-start=\"6580\" data-end=\"6583\" \/>La\u00a0<strong data-start=\"6587\" data-end=\"6605\">28 ml E-Liquid<\/strong>\u00a0bastano fino a 28.000 tiri, a seconda della frequenza di utilizzo. In questo modo potrai goderteli a lungo senza doverli ricaricare.<\/p>\n<p data-start=\"6733\" data-end=\"6979\"><strong data-start=\"6733\" data-end=\"6777\">Quali sono i vantaggi delle Mesh Coil?<\/strong><br data-start=\"6777\" data-end=\"6780\" \/>La\u00a0<strong data-start=\"6784\" data-end=\"6808\">1,0 \u03a9 Dual Mesh Coil<\/strong>\u00a0assicura un'evaporazione uniforme e fornisce un gusto intenso e pieno. Ci\u00f2 migliora l'esperienza di svapo e garantisce prestazioni costantemente elevate.<\/p>\n<p data-start=\"6981\" data-end=\"7250\"><strong data-start=\"6981\" data-end=\"7020\">6. Posso regolare l'Airflow?<\/strong><br data-start=\"7020\" data-end=\"7023\" \/>S\u00ec, le\u00a0<strong data-start=\"7031\" data-end=\"7075\">Arymi IFun 28000 Z\u00fcge Einweg E Zigarette \n\nbecomes \n\nArymi IFun 28000 tiri monouso e-cigarette<\/strong>\u00a0ha una\u00a0<strong data-start=\"7085\" data-end=\"7109\">regolabile flusso d'aria<\/strong>che ti permette di regolare l'afflusso d'aria in base alle tue preferenze personali, per godere di un'esperienza di svapo su misura.<\/p>\n<h3 data-start=\"7252\" data-end=\"7293\"><strong data-start=\"7256\" data-end=\"7293\">Perch\u00e9 comprare su alfakher24h.de?<\/strong><\/h3>\n<p data-start=\"7295\" data-end=\"7768\">Bei alfakher24h.de, il pi\u00f9 grande piattaforma online per sigarette elettroniche monouso in Germania, troverai le\u00a0<strong data-start=\"7404\" data-end=\"7448\">Arymi IFun 28000 Z\u00fcge Einweg E Zigarette \n\nbecomes \n\nArymi IFun 28000 tiri monouso e-cigarette<\/strong>\u00a0a prezzi eccezionali. Il nostro sito web facile da usare le consente di effettuare un ordine rapido e semplice e garantiamo una consegna rapida e un servizio clienti di prim'ordine. Affidatevi a noi quando si tratta di alta qualit\u00e0\u00a0<strong data-start=\"7685\" data-end=\"7720\">Sigarette elettroniche monouso con nicotina<\/strong>\u00a0Va -\u00a0<strong data-start=\"7728\" data-end=\"7743\">Acquistare vape<\/strong>\u00a0Non \u00e8 mai stato cos\u00ec facile!<\/p>","protected":false},"excerpt":{"rendered":"<p>alfakher24h.de, la pi\u00f9 grande piattaforma online per sigarette elettroniche monouso in Germania, troverai le\u00a0<strong data-start=\"7404\" data-end=\"7448\">Arymi IFun 28000 Z\u00fcge Einweg E Zigarette \n\nbecomes \n\nArymi IFun 28000 tiri monouso e-cigarette<\/strong>\u00a0a prezzi eccezionali. Il nostro sito web facile da usare consente di effettuare un ordine rapido e semplice,<\/p>","protected":false},"featured_media":1747,"comment_status":"open","ping_status":"closed","template":"","meta":{"om_disable_all_campaigns":false},"product_brand":[],"product_cat":[45],"product_tag":[],"class_list":{"0":"post-1744","1":"product","2":"type-product","3":"status-publish","4":"has-post-thumbnail","6":"product_cat-arymi-ifun-28000","8":"first","9":"outofstock","10":"shipping-taxable","11":"purchasable","12":"product-type-simple"},"_links":{"self":[{"href":"https:\/\/alfakher24h.de\/it\/wp-json\/wp\/v2\/product\/1744","targetHints":{"allow":["GET"]}}],"collection":[{"href":"https:\/\/alfakher24h.de\/it\/wp-json\/wp\/v2\/product"}],"about":[{"href":"https:\/\/alfakher24h.de\/it\/wp-json\/wp\/v2\/types\/product"}],"replies":[{"embeddable":true,"href":"https:\/\/alfakher24h.de\/it\/wp-json\/wp\/v2\/comments?post=1744"}],"wp:featuredmedia":[{"embeddable":true,"href":"https:\/\/alfakher24h.de\/it\/wp-json\/wp\/v2\/media\/1747"}],"wp:attachment":[{"href":"https:\/\/alfakher24h.de\/it\/wp-json\/wp\/v2\/media?parent=1744"}],"wp:term":[{"taxonomy":"product_brand","embeddable":true,"href":"https:\/\/alfakher24h.de\/it\/wp-json\/wp\/v2\/product_brand?post=1744"},{"taxonomy":"product_cat","embeddable":true,"href":"https:\/\/alfakher24h.de\/it\/wp-json\/wp\/v2\/product_cat?post=1744"},{"taxonomy":"product_tag","embeddable":true,"href":"https:\/\/alfakher24h.de\/it\/wp-json\/wp\/v2\/product_tag?post=1744"}],"curies":[{"name":"wp","href":"https:\/\/api.w.org\/{rel}","templated":true}]}}