{"id":1742,"date":"2025-03-10T05:09:46","date_gmt":"2025-03-10T05:09:46","guid":{"rendered":"https:\/\/alfakher24h.de\/?post_type=product&#038;p=1742"},"modified":"2025-03-10T05:09:47","modified_gmt":"2025-03-10T05:09:47","slug":"httperror-response-code-429-too-many-requests-17","status":"publish","type":"product","link":"https:\/\/alfakher24h.de\/it\/prodotto\/httperror-response-code-429-too-many-requests-17\/","title":{"rendered":"Arymi Hookalit 40000 tiri Sigaretta elettronica monouso - Lush Ice"},"content":{"rendered":"<h2>Arymi Hookalit 40000 treni\u00a0<a href=\"https:\/\/alfakher24h.de\/it\/\">Sigaretta elettronica usa e getta<\/a> La tua scelta definitiva per un piacere di svapo duraturo<\/h2>\n<div style=\"width: 1020px;\" class=\"wp-video\"><video class=\"wp-video-shortcode\" id=\"video-1742-1\" width=\"1020\" height=\"574\" preload=\"metadata\" controls=\"controls\"><source type=\"video\/mp4\" src=\"https:\/\/alfakher24h.de\/wp-content\/uploads\/2025\/03\/arymi-hookalit-40000-\u89c6\u9891.mp4?_=1\" \/><a href=\"https:\/\/alfakher24h.de\/wp-content\/uploads\/2025\/03\/arymi-hookalit-40000-\u89c6\u9891.mp4\">https:\/\/alfakher24h.de\/wp-content\/uploads\/2025\/03\/arymi-hookalit-40000-\u89c6\u9891.mp4<\/a><\/video><\/div>\n<p>La\u00a0<strong>Arymi Hookalit 40000 treni <a href=\"https:\/\/alfakher24h.de\/it\/\">Sigaretta elettronica usa e getta<\/a><\/strong>\u00a0\u00c8 la scelta perfetta per tutti coloro che cercano l'esperienza di vaping definitiva. Con una capacit\u00e0 eccezionale di liquido elettronico da 40 ml e una potente batteria ricaricabile integrata da 1300mAh, questa sigaretta elettronica usa e getta offre una delle migliori prestazioni sul mercato. \u00c8 la scelta ideale per il vaping associato a un alto numero di tiri e a un utilizzo prolungato.<\/p>\n<p>La\u00a0<strong>Arymi Hookalit<\/strong>\u00a0si caratterizza per una facile gestione e un design ergonomico, che si rivolge sia ai neofiti che agli esperti di svapo. Indipendentemente dal fatto che tu sia un\u00a0<strong>MTL (Mouth to Lung)<\/strong>\u00a0o\u00a0<strong>DL (Polmone Diretto)<\/strong>\u00a0Esperienza di svapo preferita, questa sigaretta elettronica usa e getta offre un controllo del flusso d'aria flessibile, permettendoti di goderti la quantit\u00e0 di vapore perfetta secondo le tue preferenze.<\/p>\n<p>Comprare le\u00a0<strong>Arymi Hookalit 40000 Z\u00fcge Einweg E Zigarette \n\nbecomes \n\nArymi Hookalit 40000 tiri Sigaretta elettronica usa e getta<\/strong> auf alfakher24h.de, la pi\u00f9 grande piattaforma di vendita online per\u00a0<strong>Sigarette elettroniche monouso in Germania<\/strong>Da noi trover\u00e0 sempre i prodotti pi\u00f9 recenti, dotati di materiali di alta qualit\u00e0 e funzioni innovative.<\/p>\n<h3>Descrizione del prodotto della<a href=\"https:\/\/alfakher24h.de\/it\/\">\u00a0Arymi<\/a> Hookalit 40000 tiri Sigaretta elettronica monouso<\/h3>\n<p>La\u00a0<strong>Arymi Hookalit 40000 Z\u00fcge Einweg E Zigarette \n\nbecomes \n\nArymi Hookalit 40000 tiri Sigaretta elettronica usa e getta<\/strong>\u00a0offre non solo una qualit\u00e0 eccezionale, ma anche un'autentica esperienza gustativa. Con una\u00a0<em>Capacit\u00e0 di E-Liquido<\/em>\u00a0da 40 ml permette fino a 40.000 tiri (MTL) o 20.000 tiri (DL) \u2013 \u00e8 sufficiente per un utilizzo prolungato senza frequenti ricariche.\u00a0<em>0,6ohm Mesh-Coil<\/em>\u00a0garantisce una distribuzione uniforme del vapore, portando a una produzione di vapore perfetta che \u00e8 piacevole per la maggior parte dei vaper.<\/p>\n<p><strong>Con nicotina (5 mg\/ml)<\/strong>\u00a0dotata, l'Arymi Hookalit offre un gradevole Throat Hit, perfetto per coloro che sono alla ricerca di una vera alternativa alla sigaretta tradizionale. \u00c8 dotata di una\u00a0<strong>semplice display digitale<\/strong>\u00a0dotato di un indicatore che mostra esattamente quanti treni sono ancora disponibili.\u00a0<em>sistema di treno attivato semplicemente<\/em>\u00a0permette di iniziare subito, senza che siano necessari ulteriori pulsanti o impostazioni.<\/p>\n<p>Un'altra caratteristica eccezionale della sigaretta elettronica Arymi Hookalit 40000 \u00e8\u00a0<em>controllo del flusso d'aria regolabile<\/em>Sia che preferiate il vaping con vapore pi\u00f9 intenso (DL) o una presa pi\u00f9 leggera (MTL), questa funzione vi consente di regolare l'afflusso d'aria in base alle vostre esigenze.<\/p>\n<h4>Sapore: godete il vero aroma dello Shisha!<\/h4>\n<p>La\u00a0<strong>Arymi Hookalit 40000<\/strong>\u00a0Una sigaretta elettronica usa e getta offre una selezione esquisita di prodotti autentici\u00a0<strong>Sapore di shisha<\/strong>che si adattano perfettamente per il\u00a0<em>Direct Lung (DL)<\/em>\u00a0Vaping sono adatti. Da sottolineare in particolare il gusto inconfondibile di\u00a0<strong>Lush Ice<\/strong>noto per la sua miscela rinfrescante di aroma di anguria fruttata e una fresca svolta di mentolo.<\/p>\n<p><strong>Lush Ice<\/strong>\u00a0\u00c8 pi\u00f9 di un semplice gusto ordinario - \u00e8 un'autentica esperienza gustativa. La dolcezza fruttata del melone d'acqua si incontra con la mentolo rinfrescante, che lascia una fresca sensazione di freddo che rende l'intero processo di svapo un'esperienza unica. La combinazione di questi due sapori garantisce un vapore pieno e arrotondato, che coccola il palato e placa la sete. L'effetto rinfrescante, morbido ma allo stesso tempo deciso, \u00e8 perfetto per coloro che amano combinare aromi freschi e leggermente dolci con una nota rinfrescante.<\/p>\n<p>Questo gusto \u00e8 ideale per l'uso durante\u00a0<em>Direct Lung<\/em>\u00a0Vaping, che si distingue per una forte, ma comunque liscia produzione di vapore, che viene erogata in modo uniforme e saporito ad ogni aspirazione. Per tutti coloro che preferiscono una sensazione meno intensa, \u00e8 adatta anche la\u00a0<strong>MTL-Vaping<\/strong>Opzione in cui il sapore risulta pi\u00f9 morbido e sottile.<\/p>\n<h3>Arymi Hookalit 40000 Tiri Sigaretta Elettronica Monouso - Funzioni in dettaglio<\/h3>\n<ul>\n<li><strong>Capacit\u00e0 di e-liquid:<\/strong>\u00a0Con 40 ml di E-Liquid, l'Arymi Hookalit offre una capacit\u00e0 eccezionalmente grande che ti permette di goderti molte boccate senza dover ricaricare.<\/li>\n<li><strong>Capacit\u00e0 della batteria:<\/strong>\u00a0La batteria integrata da 1300mAh consente un utilizzo prolungato prima di dover essere ricaricata.<\/li>\n<li><strong>Puff Count: \n Conteggio Puff:<\/strong>\u00a0Fino a\u00a0<strong>40.000 treni (MTL)<\/strong>\u00a0o\u00a0<strong>20.000 treni (DL)<\/strong>\u00a0Ricevi un numero eccezionale di tiri da una singola e-cig.<\/li>\n<li><strong>Tecnologia Coil:<\/strong>\u00a0La\u00a0<strong>0,6 Ohm Mesh-Coil<\/strong>\u00a0garantisce una distribuzione uniforme del vapore e un'elevata produzione di vapore.<\/li>\n<li><strong>Controllo del flusso d'aria:<\/strong>\u00a0La regolazione dell flusso d'aria regolabile offre la flessibilit\u00e0 di passare tra\u00a0<strong>MTL<\/strong>\u00a0und\u00a0<strong>DL<\/strong>\u00a0per ottenere l'esperienza di vapore perfetta.<\/li>\n<li><strong>Contenuto di nicotina:<\/strong>\u00a0Il contenuto di nicotina dello 0,5% (5 mg\/ml) garantisce un piacevole assorbimento di nicotina.<\/li>\n<li><strong>USB Tipo-C porta di ricarica:<\/strong>\u00a0Il connettore di ricarica consente di caricare velocemente il dispositivo (il cavo di ricarica non \u00e8 incluso nella confezione).<\/li>\n<li><strong>Sistema di attivazione del treno semplice:<\/strong>\u00a0La Arymi Hookalit \u00e8 pronta all'uso immediato: semplicemente estrarre e godere.<\/li>\n<\/ul>\n<h3>Perch\u00e9 dovresti acquistare le sigarette elettroniche usa e getta Arymi Hookalit 40000 tiri<\/h3>\n<ol>\n<li><strong>Lungo piacere:<\/strong>\u00a0Con fino a 40.000 tiri, potrai goderti appieno l'esperienza per molto tempo senza preoccuparti di ricaricare.<\/li>\n<li><strong>Sapore di alta qualit\u00e0:<\/strong>\u00a0I sapori autentici della shisha, in particolare il fresco Lush Ice, offrono un'esperienza unica, sia intensa che rinfrescante.<\/li>\n<li><strong>Flessibilit\u00e0 nello svapo:<\/strong>\u00a0Grazie al controllo del flusso d'aria regolabile, \u00e8 possibile scegliere tra un vapore intenso (DL) e una presa leggera (MTL), a seconda di ci\u00f2 che richiede il vostro gusto personale.<\/li>\n<li><strong>Facile utilizzo:<\/strong>\u00a0Il sistema di attivazione del treno rende l'uso semplicissimo: non \u00e8 necessario alcun pulsante.<\/li>\n<li><strong>Tecnologia innovativa:<\/strong>\u00a0Die Verwendung eines\u00a0<strong>Bobine a maglia<\/strong>\u00a0assicura un vapore uniforme, mentre il display digitale indica sempre con precisione quanti tiri sono ancora rimasti.<\/li>\n<\/ol>\n<h2><img loading=\"lazy\" decoding=\"async\" class=\"alignnone wp-image-2120 size-full\" title=\"Arymi Hookalit 40000 Z\u00fcge Einweg E Zigarette - Lush Ice 2 becomes Arymi Hookalit 40000 Z\u00fcge Einweg E-Zigarette - Lush Ice 2\" src=\"https:\/\/alfakher24h.de\/wp-content\/uploads\/2025\/03\/arymi-hookalit-40000.webp\" sizes=\"auto, (max-width: 2000px) 100vw, 2000px\" srcset=\"https:\/\/alfakher24h.de\/wp-content\/uploads\/2025\/03\/arymi-hookalit-40000.webp 2000w, https:\/\/alfakher24h.de\/wp-content\/uploads\/2025\/03\/arymi-hookalit-40000-300x300.webp 300w, https:\/\/alfakher24h.de\/wp-content\/uploads\/2025\/03\/arymi-hookalit-40000-1024x1024.webp 1024w, https:\/\/alfakher24h.de\/wp-content\/uploads\/2025\/03\/arymi-hookalit-40000-150x150.webp 150w, https:\/\/alfakher24h.de\/wp-content\/uploads\/2025\/03\/arymi-hookalit-40000-768x768.webp 768w, https:\/\/alfakher24h.de\/wp-content\/uploads\/2025\/03\/arymi-hookalit-40000-1536x1536.webp 1536w, https:\/\/alfakher24h.de\/wp-content\/uploads\/2025\/03\/arymi-hookalit-40000-12x12.webp 12w, https:\/\/alfakher24h.de\/wp-content\/uploads\/2025\/03\/arymi-hookalit-40000-600x600.webp 600w, https:\/\/alfakher24h.de\/wp-content\/uploads\/2025\/03\/arymi-hookalit-40000-100x100.webp 100w\" alt=\"Arymi Hookalit 40000 tiri Sigaretta elettronica monouso - Lush Ice\" width=\"2000\" height=\"2000\" \/><\/h2>\n<h3>Domande frequenti sull'Arymi Hookalit 40000 tiri Sigaretta elettronica monouso<\/h3>\n<p><strong>Quanto dura la batteria dell'Arymi Hookalit?<\/strong>\u00a0La\u00a0<strong>1300mAh<\/strong>\u00a0La batteria solitamente dura fino a 20.000 tiri\u00a0<strong>Direct Lung<\/strong>\u00a0e 40.000 treni presso\u00a0<strong>Mouth to Lung<\/strong>Tuttavia, ci\u00f2 dipende dalla frequenza di utilizzo.<\/p>\n<p><strong>Posso ricaricare la Arymi Hookalit?<\/strong>\u00a0S\u00ec, le\u00a0<strong>Arymi Hookalit<\/strong>\u00a0ha un\u00a0<strong>USB Tipo-C<\/strong>\u00a0Allacciamento che consente di ricaricare la batteria secondo le esigenze. Si prega di notare che il cavo di ricarica non \u00e8 incluso nella confezione.<\/p>\n<p><strong>La Arymi Hookalit contiene nicotina?<\/strong>\u00a0S\u00ec, le\u00a0<strong>Arymi Hookalit 40000 Z\u00fcge Einweg E Zigarette \n\nbecomes \n\nArymi Hookalit 40000 tiri Sigaretta elettronica usa e getta<\/strong>\u00a0contiene\u00a0<strong>5 mg\/ml nicotina<\/strong>\u00a0(0,5%).<\/p>\n<p><strong>Quanto tempo ci vuole perch\u00e9 l'Arymi Hookalit si scarichi completamente?<\/strong>\u00a0La durata di utilizzo varia a seconda della frequenza dei treni. In media offre fino a\u00a0<strong>40.000 treni<\/strong>\u00a0presso\u00a0<strong>MTL<\/strong>\u00a0und\u00a0<strong>20.000 treni<\/strong>\u00a0presso\u00a0<strong>DL<\/strong>che pu\u00f2 durare diversi giorni o settimane a seconda dell'uso.<\/p>\n<p><strong>Come posso riempire o ricaricare l'Arymi Hookalit?<\/strong>\u00a0La Arymi Hookalit \u00e8 una sigaretta elettronica monouso e non necessita di essere ricaricata. Dopo averla utilizzata completamente, semplicemente smaltire il dispositivo.<\/p>\n<h3>Acquista la tua Arymi Hookalit 40000 tiri sigaretta elettronica usa e getta su alfakher24h.de<\/h3>\n<p>Se sei alla ricerca di un fornitore affidabile per prodotti di alta qualit\u00e0\u00a0<strong><a href=\"https:\/\/alfakher24h.de\/it\/\">Sigarette elettroniche monouso<\/a> in Germania<\/strong> Se sei, allora sei da noi esattamente nel posto giusto. Visita alfakher24h.de e compra le\u00a0<strong>Arymi Hookalit 40000 Z\u00fcge Einweg E Zigarette \n\nbecomes \n\nArymi Hookalit 40000 tiri Sigaretta elettronica usa e getta<\/strong>\u00a0con\u00a0<strong>Nicotina<\/strong>\u00a0e numerosi rinfrescanti\u00a0<strong>Sapore di shisha<\/strong>\u00a0come\u00a0<strong>Lush Ice<\/strong>. Fidati di noi quando si tratta di trovare prodotti di prim'ordine per la tua esperienza di svapo.<\/p>","protected":false},"excerpt":{"rendered":"<p>Fornitori di alta qualit\u00e0\u00a0<strong><a href=\"https:\/\/alfakher24h.de\/it\/\">Sigarette elettroniche monouso<\/a> in Germania<\/strong> Se sei, allora sei da noi esattamente nel posto giusto. Visita alfakher24h.de e compra le\u00a0<strong>Arymi Hookalit 40000 Z\u00fcge Einweg E Zigarette \n\nbecomes \n\nArymi Hookalit 40000 tiri Sigaretta elettronica usa e getta<\/strong>\u00a0con\u00a0<strong>Nicotina<\/strong>\u00a0e numerosi rinfrescanti\u00a0<strong>Sapore di shisha<\/strong><\/p>","protected":false},"featured_media":1743,"comment_status":"open","ping_status":"closed","template":"","meta":{"om_disable_all_campaigns":false},"product_brand":[],"product_cat":[44],"product_tag":[],"class_list":{"0":"post-1742","1":"product","2":"type-product","3":"status-publish","4":"has-post-thumbnail","6":"product_cat-arymi-hookalit-40000","8":"first","9":"instock","10":"shipping-taxable","11":"purchasable","12":"product-type-simple"},"_links":{"self":[{"href":"https:\/\/alfakher24h.de\/it\/wp-json\/wp\/v2\/product\/1742","targetHints":{"allow":["GET"]}}],"collection":[{"href":"https:\/\/alfakher24h.de\/it\/wp-json\/wp\/v2\/product"}],"about":[{"href":"https:\/\/alfakher24h.de\/it\/wp-json\/wp\/v2\/types\/product"}],"replies":[{"embeddable":true,"href":"https:\/\/alfakher24h.de\/it\/wp-json\/wp\/v2\/comments?post=1742"}],"wp:featuredmedia":[{"embeddable":true,"href":"https:\/\/alfakher24h.de\/it\/wp-json\/wp\/v2\/media\/1743"}],"wp:attachment":[{"href":"https:\/\/alfakher24h.de\/it\/wp-json\/wp\/v2\/media?parent=1742"}],"wp:term":[{"taxonomy":"product_brand","embeddable":true,"href":"https:\/\/alfakher24h.de\/it\/wp-json\/wp\/v2\/product_brand?post=1742"},{"taxonomy":"product_cat","embeddable":true,"href":"https:\/\/alfakher24h.de\/it\/wp-json\/wp\/v2\/product_cat?post=1742"},{"taxonomy":"product_tag","embeddable":true,"href":"https:\/\/alfakher24h.de\/it\/wp-json\/wp\/v2\/product_tag?post=1742"}],"curies":[{"name":"wp","href":"https:\/\/api.w.org\/{rel}","templated":true}]}}