{"id":1732,"date":"2025-03-10T04:35:15","date_gmt":"2025-03-10T04:35:15","guid":{"rendered":"https:\/\/alfakher24h.de\/?post_type=product&#038;p=1732"},"modified":"2025-03-10T04:38:53","modified_gmt":"2025-03-10T04:38:53","slug":"httperror-response-code-429-too-many-requests-20","status":"publish","type":"product","link":"https:\/\/alfakher24h.de\/it\/prodotto\/httperror-response-code-429-too-many-requests-20\/","title":{"rendered":"Arymi Hookalit 40000 Z\u00fcge Einweg E Zigarette \u2013 Passion Fruit\n\nbecomes \n\nArymi Hookalit 40000 tiri Sigaretta elettronica usa e getta - Passion Fruit"},"content":{"rendered":"<h2><strong><a href=\"https:\/\/alfakher24h.de\/it\/\">Arymi<\/a> Hookalit 40000 Z\u00fcge Einweg E-Zigarette: Vivete l'esperienza di vaping definitiva in Germania<\/strong><\/h2>\n<div style=\"width: 1020px;\" class=\"wp-video\"><video class=\"wp-video-shortcode\" id=\"video-1732-1\" width=\"1020\" height=\"574\" preload=\"metadata\" controls=\"controls\"><source type=\"video\/mp4\" src=\"https:\/\/alfakher24h.de\/wp-content\/uploads\/2025\/03\/arymi-hookalit-40000-\u89c6\u9891.mp4?_=1\" \/><a href=\"https:\/\/alfakher24h.de\/wp-content\/uploads\/2025\/03\/arymi-hookalit-40000-\u89c6\u9891.mp4\">https:\/\/alfakher24h.de\/wp-content\/uploads\/2025\/03\/arymi-hookalit-40000-\u89c6\u9891.mp4<\/a><\/video><\/div>\n<p>La\u00a0<strong>Arymi Hookalit 40000 Z\u00fcge Einweg E-Zigarette \n\nbecomes \n\nArymi Hookalit 40000 tiri Sigaretta elettronica usa e getta<\/strong>\u00a0stabilisce nuovi standard nel mondo delle sigarette elettroniche usa e getta. Con una capacit\u00e0 impressionante fino a\u00a0<strong>40.000 treni<\/strong>\u00a0E con una prestazione eccezionale, questo dispositivo offre un'esperienza di svapo senza pari. Ideale per gli svapatori che cercano qualit\u00e0, comfort e una variet\u00e0 di aromi, l'Arymi Hookalit ha tutto ci\u00f2 che serve per vivere il perfetto piacere di svapo.<\/p>\n<p>In questo articolo vi presentiamo informazioni dettagliate su\u00a0<strong>Arymi Hookalit 40000 Z\u00fcge Einweg E-Zigarette \n\nbecomes \n\nArymi Hookalit 40000 tiri Sigaretta elettronica usa e getta<\/strong>loro uniche propriet\u00e0 e aromi a disposizione. Se siete alla ricerca di un'opzione affidabile e potente\u00a0<strong><a href=\"https:\/\/alfakher24h.de\/it\/\">Sigaretta elettronica usa e getta<\/a> con nicotina<\/strong> trovano, sul nostro sito web, alfakher24h.de, l'offerta migliore.<\/p>\n<h3><strong>Descrizione del prodotto:<\/strong><\/h3>\n<p>La\u00a0<strong>Arymi Hookalit 40000 Z\u00fcge Einweg E-Zigarette \n\nbecomes \n\nArymi Hookalit 40000 tiri Sigaretta elettronica usa e getta<\/strong>\u00a0\u00e8 uno dei vaporizzatori usa e getta pi\u00f9 avanzati e potenti disponibili sul mercato. Con un\u00a0<strong>40ml E-Liquid<\/strong>\u00a0offre non solo una lunga durata di vita, ma anche un'impressionante versatilit\u00e0 in termini di gusto ed esperienza di svapo. Sia che tu scelga il classico\u00a0<strong>MTL<\/strong>\u00a0(Mouth to Lung) Preferiscono svapare o\u00a0<strong>DL<\/strong>\u00a0(Vapore diretto) Vaporeggiare - i\u00a0<strong>Arymi Hookalit<\/strong>\u00a0Si adatta perfettamente alle Sue esigenze.<\/p>\n<p>La\u00a0<strong>integrazione 1300mAh<\/strong>\u00a0batteria ricaricabile garantisce che il vostro\u00a0<strong>Sigaretta elettronica usa e getta<\/strong>\u00a0sempre pronto all'uso e offre una lunga durata di utilizzo. Grazie alla\u00a0<strong>Carica USB Type-C<\/strong>\u00a0(Cavo non incluso) \u00e8 possibile caricare rapidamente la batteria per continuare la tua esperienza di svapo senza lunghe interruzioni.<\/p>\n<p>Un'altra caratteristica eccezionale \u00e8 il\u00a0<strong>0,6ohm Mesh Coil<\/strong>che garantisce una produzione di vapore uniforme e intensa. Il\u00a0<strong>Straw-like Drip Tip<\/strong>\u00a0assicura una piacevole sensazione di trazione e il\u00a0<strong>schermo digitale<\/strong>\u00a0consente una facile gestione e controllo delle impostazioni.<\/p>\n<p>La\u00a0<strong>Arymi Hookalit 40000 Z\u00fcge Einweg E-Zigarette \n\nbecomes \n\nArymi Hookalit 40000 tiri Sigaretta elettronica usa e getta<\/strong>\u00a0vieni con una\u00a0<strong>attivazione del treno facile da usare<\/strong>, in modo da permetterti di tirare semplicemente alla e-cig per goderti il vapore. Per coloro che danno valore alla flessibilit\u00e0, offre la\u00a0<strong>controllo del flusso d'aria regolabile<\/strong>\u00a0la perfetta adattamento sia per la vaporizzazione MTL che DL.<\/p>\n<p>Il\u00a0<strong>Livello di nicotina 5 mg\/ml<\/strong>\u00a0(0,5%) offre una miscela equilibrata per coloro che preferiscono un assorbimento moderato di nicotina. Sia che tu sia un vaporizzatore esperto o un principiante, la\u00a0<strong>Arymi Hookalit<\/strong>\u00a0Offre un piacevole esperienza di vapore ad ogni viaggio.<\/p>\n<h2><img loading=\"lazy\" decoding=\"async\" class=\"alignnone wp-image-2120 size-full\" title=\"Arymi Hookalit 40000 Z\u00fcge Einweg E Zigarette - Passion Fruit 2 becomes Arymi Hookalit 40000 Z\u00fcge Einweg E-Zigarette - Passion Fruit 2\" src=\"https:\/\/alfakher24h.de\/wp-content\/uploads\/2025\/03\/arymi-hookalit-40000.webp\" sizes=\"auto, (max-width: 2000px) 100vw, 2000px\" srcset=\"https:\/\/alfakher24h.de\/wp-content\/uploads\/2025\/03\/arymi-hookalit-40000.webp 2000w, https:\/\/alfakher24h.de\/wp-content\/uploads\/2025\/03\/arymi-hookalit-40000-300x300.webp 300w, https:\/\/alfakher24h.de\/wp-content\/uploads\/2025\/03\/arymi-hookalit-40000-1024x1024.webp 1024w, https:\/\/alfakher24h.de\/wp-content\/uploads\/2025\/03\/arymi-hookalit-40000-150x150.webp 150w, https:\/\/alfakher24h.de\/wp-content\/uploads\/2025\/03\/arymi-hookalit-40000-768x768.webp 768w, https:\/\/alfakher24h.de\/wp-content\/uploads\/2025\/03\/arymi-hookalit-40000-1536x1536.webp 1536w, https:\/\/alfakher24h.de\/wp-content\/uploads\/2025\/03\/arymi-hookalit-40000-12x12.webp 12w, https:\/\/alfakher24h.de\/wp-content\/uploads\/2025\/03\/arymi-hookalit-40000-600x600.webp 600w, https:\/\/alfakher24h.de\/wp-content\/uploads\/2025\/03\/arymi-hookalit-40000-100x100.webp 100w\" alt=\"Arymi Hookalit 40000 Z\u00fcge Einweg E Zigarette - Passion Fruit traduce a  Arymi Hookalit 40000 tiri Sigaretta elettronica usa e getta - Passion Fruit\" width=\"2000\" height=\"2000\" \/><\/h2>\n<h3><strong>Produktmerkmale der\u00a0<a href=\"https:\/\/alfakher24h.de\/it\/\">Arymi<\/a> Hookalit 40000 tiri sigaretta elettronica monouso:<\/strong><\/h3>\n<ul>\n<li><strong>40ml di capacit\u00e0 di E-Liquid:<\/strong>\u00a0Offre una durata di utilizzo eccezionalmente lunga con fino a 40.000 tiri in stile MTL e 20.000 tiri in stile DL.<\/li>\n<li><strong>Batteria ricaricabile da 1300mAh:<\/strong>\u00a0Consente un utilizzo prolungato ed \u00e8 comodo da ricaricare tramite USB Type-C.<\/li>\n<li><strong>0,6 Ohm Mesh Coil<\/strong>\u00a0Garantisce una produzione di vapore uniforme e intensa.<\/li>\n<li><strong>Straw-like Drip Tip: \n Suggerimento per gocciolamento simile a una cannuccia:<\/strong>\u00a0Per una piacevole sensazione di guida e un comfort semplice.<\/li>\n<li><strong>Controllo del flusso d'aria regolabile:<\/strong>\u00a0Ottimizza la tua esperienza di svapo per MTL o DL in base alle tue preferenze.<\/li>\n<li><strong>Schermo digitale:<\/strong>\u00a0Offre una semplice interfaccia utente per il monitoraggio dei parametri del vapore.<\/li>\n<li><strong>Forza del nicotina:<\/strong>\u00a00,5% nicotina (5 mg\/ml), perfetto per il consumo moderato.<\/li>\n<li><strong>Aromi autentici per shisha:<\/strong>\u00a0Ideale per la vaporizzazione DTL (Direct to Lung) e un'ampia gamma di sapori.<\/li>\n<li><strong>Attivazione del treno:<\/strong>\u00a0Goditi un'esperienza di svapo senza stress che reagisce al treno.<\/li>\n<li><strong>Caricamento USB Type-C:<\/strong>\u00a0Per una ricarica rapida senza lunghe attese.<\/li>\n<\/ul>\n<p><strong>Contenuto della confezione dell'Arymi Hookalit 40000 tiri Sigaretta elettronica monouso:<\/strong><\/p>\n<ul>\n<li>1 x Arymi Hookalit 40K Kit monouso<\/li>\n<\/ul>\n<hr \/>\n<h3><strong>Aromi dell'Arymi Hookalit 40000 tiri<a href=\"https:\/\/alfakher24h.de\/it\/\">\u00a0Sigaretta elettronica usa e getta<\/a>:<\/strong><\/h3>\n<p>La\u00a0<strong>Arymi Hookalit 40000 Z\u00fcge Einweg E-Zigarette \n\nbecomes \n\nArymi Hookalit 40000 tiri Sigaretta elettronica usa e getta<\/strong>\u00a0offre una variet\u00e0 di aromi che elevano l'esperienza di svapo a un nuovo livello. Attualmente offriamo nella nostra gamma il\u00a0<strong>Passione<\/strong>-Aroma che, con la sua dolcezza fruttata ed esotica e un'acidit\u00e0 rinfrescante, garantisce il perfetto piacere di svapo. Ma non \u00e8 tutto! Qui ci sono i dettagli degli aromi:<\/p>\n<h3><strong>Passione<\/strong><\/h3>\n<p>La\u00a0<strong>Passione<\/strong>\u00a0\u00e8 un super aroma tropicale noto per il suo equilibrio unico di dolcezza e freschezza. La\u00a0<strong>dolce fruttato<\/strong>\u00a0La passione del frutto \u00e8 data da un gradevole\u00a0<strong>nota acuta<\/strong>\u00a0accompagnata, che insieme offrono un'esplosione di gusto rinfrescante e rivitalizzante. Il gusto \u00e8 vivace e la freschezza del frutto della passione fa s\u00ec che ogni tiro vi ricordi una vacanza tropicale. Questa composizione di gusto \u00e8 particolarmente popolare tra i vaporizzatori che preferiscono aromi fruttati e dolci, che sono allo stesso tempo rinfrescanti e non travolgenti.<\/p>\n<p>Il gusto della\u00a0<strong>Passione<\/strong>\u00a0\u00e8 particolarmente adatto per il\u00a0<strong>Direct-to-Lung (DL)<\/strong>\u00a0Stil, poich\u00e9 sviluppa il gusto pieno e garantisce un'esperienza di svapo intensa. La\u00a0<strong>intensit\u00e0 fruttata<\/strong>\u00a0Questo aroma \u00e8 ulteriormente esaltato dall'eccezionale produzione di vapore dell'Arymi Hookalit, rendendo ogni aspirazione una vera esperienza gustativa.<\/p>\n<p>Quando si \u00e8 rilassati a casa o in viaggio, le\u00a0<strong>Passione<\/strong>\u00a0assicura un'esplosione di sapore costante che vizia il vostro palato. Questo aroma \u00e8 ideale per i vaporizzatori che cercano un sapore tropicale unico e inconfondibile che si sviluppa in modo piacevole e duraturo sulla lingua.<\/p>\n<hr \/>\n<h3><strong>Perch\u00e9 dovresti acquistare le sigarette elettroniche usa e getta Arymi Hookalit 40000 tiri:<\/strong><\/h3>\n<p>La\u00a0<strong>Arymi Hookalit 40000 Z\u00fcge Einweg E-Zigarette \n\nbecomes \n\nArymi Hookalit 40000 tiri Sigaretta elettronica usa e getta<\/strong>\u00a0Offre una serie di vantaggi eccezionali che la distinguono da altri prodotti sul mercato. Ecco alcuni motivi per cui questo prodotto dovrebbe essere la tua prima scelta:<\/p>\n<ol>\n<li><strong>Lunga durata di vita:<\/strong>\u00a0Con una impressionante capacit\u00e0 di E-Liquid di\u00a0<strong>40ml<\/strong>\u00a0e una quantit\u00e0 di burst fino a\u00a0<strong>40.000 treni<\/strong>\u00a0(MTL) \u00e8 uno delle e-cigarette monouso pi\u00f9 longeve sul mercato.<\/li>\n<li><strong>Versatilit\u00e0:<\/strong>\u00a0La\u00a0<strong>controllo del flusso d'aria regolabile<\/strong>\u00a0e la possibilit\u00e0 di passare tra\u00a0<strong>MTL e DL<\/strong>\u00a0Per cambiare, offrono una grande flessibilit\u00e0 per diversi stili di svapo.<\/li>\n<li><strong>Comodo caricamento:<\/strong>\u00a0Grazie alla\u00a0<strong>Funzione di ricarica USB Type-C<\/strong>\u00a0Potete caricare velocemente il dispositivo ed essere sempre pronti all'uso.<\/li>\n<li><strong>Aromi autentici per shisha:<\/strong>\u00a0L'uso di veri aromi per shisha garantisce un'esperienza di gusto autentica e di alta qualit\u00e0.<\/li>\n<li><strong>Facile da usare:<\/strong>\u00a0Con la\u00a0<strong>Attivazione del treno<\/strong>\u00a0\u00e8 davvero facile usare un dispositivo per la vaporizzazione ed \u00e8 necessario un minimo di istruzioni.<\/li>\n<li><strong>Eccellenti aromi:<\/strong>\u00a0Soprattutto le\u00a0<strong>Passione<\/strong>\u00a0garantisce un'esperienza di svapo vivificante e rinfrescante.<\/li>\n<\/ol>\n<hr \/>\n<h3><strong>Domande frequenti (FAQ):<\/strong><\/h3>\n<h4><strong>Quanti tiri offre la sigaretta elettronica usa e getta Arymi Hookalit 40000?<\/strong><\/h4>\n<p>La\u00a0<strong>Arymi Hookalit 40000 sigaretta elettronica monouso<\/strong>\u00a0offre\u00a0<strong>fino a 40.000 treni in modalit\u00e0 MTL<\/strong>\u00a0und\u00a0<strong>fino a 20.000 treni in modalit\u00e0 DL<\/strong>.<\/p>\n<h4><strong>2. Qual \u00e8 il livello di nicotina dell'Arymi Hookalit?<\/strong><\/h4>\n<p>Il dispositivo contiene\u00a0<strong>0,5% Nicotina<\/strong>\u00a0(5 mg\/ml), che offre un assorbimento equilibrato di nicotina per la maggior parte dei vapers.<\/p>\n<h4><strong>3. Posso ricaricare la sigaretta elettronica usa e getta Arymi Hookalit 40000?<\/strong><\/h4>\n<p>S\u00ec, le\u00a0<strong>Arymi Hookalit 40000<\/strong>\u00a0dispone di una\u00a0<strong>batteria ricaricabile da 1300mAh<\/strong>che sono sopra\u00a0<strong>USB Type-C<\/strong>\u00a0pu\u00f2 essere caricata (cavo di ricarica non incluso).<\/p>\n<h4><strong>Quali aromi sono disponibili?<\/strong><\/h4>\n<p>Attualmente offriamo il\u00a0<strong>Passione<\/strong>-Aroma on, noto per la sua dolcezza fresca e fruttata. Potrebbero seguire altri aromi.<\/p>\n<h4><strong>5. Come posso acquistare Arymi Hookalit 40000?<\/strong><\/h4>\n<p>Visita il nostro sito web alfakher24h.de la pi\u00f9 grande piattaforma online per\u00a0<a href=\"https:\/\/alfakher24h.de\/it\/\"><strong>Sigarette elettroniche monouso<\/strong><\/a>\u00a0in\u00a0<strong>Deutschland<\/strong>, e assicuri la sua\u00a0<strong>Arymi Hookalit 40000 Z\u00fcge Einweg E-Zigarette \n\nbecomes \n\nArymi Hookalit 40000 tiri Sigaretta elettronica usa e getta<\/strong>\u00a0ancora.<\/p>","protected":false},"excerpt":{"rendered":"<p>Visita il nostro sito web alfakher24h.de la pi\u00f9 grande piattaforma online per\u00a0<a href=\"https:\/\/alfakher24h.de\/it\/\"><strong>Sigarette elettroniche monouso<\/strong><\/a>\u00a0in\u00a0<strong>Deutschland<\/strong>, e assicuri la sua\u00a0<strong>Arymi Hookalit 40000 Z\u00fcge Einweg E-Zigarette \n\nbecomes \n\nArymi Hookalit 40000 tiri Sigaretta elettronica usa e getta<\/strong>\u00a0ancora.<\/p>","protected":false},"featured_media":1735,"comment_status":"open","ping_status":"closed","template":"","meta":{"om_disable_all_campaigns":false},"product_brand":[],"product_cat":[44],"product_tag":[],"class_list":{"0":"post-1732","1":"product","2":"type-product","3":"status-publish","4":"has-post-thumbnail","6":"product_cat-arymi-hookalit-40000","8":"first","9":"instock","10":"shipping-taxable","11":"purchasable","12":"product-type-simple"},"_links":{"self":[{"href":"https:\/\/alfakher24h.de\/it\/wp-json\/wp\/v2\/product\/1732","targetHints":{"allow":["GET"]}}],"collection":[{"href":"https:\/\/alfakher24h.de\/it\/wp-json\/wp\/v2\/product"}],"about":[{"href":"https:\/\/alfakher24h.de\/it\/wp-json\/wp\/v2\/types\/product"}],"replies":[{"embeddable":true,"href":"https:\/\/alfakher24h.de\/it\/wp-json\/wp\/v2\/comments?post=1732"}],"wp:featuredmedia":[{"embeddable":true,"href":"https:\/\/alfakher24h.de\/it\/wp-json\/wp\/v2\/media\/1735"}],"wp:attachment":[{"href":"https:\/\/alfakher24h.de\/it\/wp-json\/wp\/v2\/media?parent=1732"}],"wp:term":[{"taxonomy":"product_brand","embeddable":true,"href":"https:\/\/alfakher24h.de\/it\/wp-json\/wp\/v2\/product_brand?post=1732"},{"taxonomy":"product_cat","embeddable":true,"href":"https:\/\/alfakher24h.de\/it\/wp-json\/wp\/v2\/product_cat?post=1732"},{"taxonomy":"product_tag","embeddable":true,"href":"https:\/\/alfakher24h.de\/it\/wp-json\/wp\/v2\/product_tag?post=1732"}],"curies":[{"name":"wp","href":"https:\/\/api.w.org\/{rel}","templated":true}]}}