{"id":1712,"date":"2025-03-06T09:22:05","date_gmt":"2025-03-06T09:22:05","guid":{"rendered":"https:\/\/alfakher24h.de\/?post_type=product&#038;p=1712"},"modified":"2025-05-21T04:35:19","modified_gmt":"2025-05-21T04:35:19","slug":"httperror-response-code-429-too-many-requests-3","status":"publish","type":"product","link":"https:\/\/alfakher24h.de\/it\/prodotto\/httperror-response-code-429-too-many-requests-3\/","title":{"rendered":"AI Fakher Crown Bar 15000 tiri Sigaretta elettronica usa e getta - Sogno lucido"},"content":{"rendered":"<h2><strong><a href=\"https:\/\/alfakher24h.de\/it\/\">Al Fakher Crown Bar 15000 PRO<\/a> Dispositivo Vape Monouso - Sigaretta Elettronica Monouso ad Alte Prestazioni e Sapore<\/strong><\/h2>\n<hr \/>\n<h3>Sul prodotto<\/h3>\n<p>Sperimentate il vaping definitivo con il\u00a0<strong><a href=\"https:\/\/alfakher24h.de\/it\/\">Al Fakher<\/a> Crown Bar 15000 PRO<\/strong>\u00a0- di una potente sigaretta elettronica monouso, che convince con caratteristiche innovative e un piacere incomparabile. Questa avanzata vaporizzazione offre una prestazione impressionante con\u00a0<strong>15000 treni<\/strong>uno\u00a0<strong>batteria ricaricabile da 600mAh con USB-C<\/strong>\u00a0e uno\u00a0<strong>Serbatoio E-Liquid da 22ml<\/strong>. Al Fakher, noto per prodotti di alta qualit\u00e0, ha sviluppato con questa e-cigarette un'esperienza concepita specificamente per il gusto e le esigenze di vaper esigenti in Germania.<\/p>\n<p>Con un display LED unico, puoi tenere d'occhio il livello di riempimento e la durata della batteria: ideale per tutti coloro che danno valore alla panoramica e al controllo. L'Al Fakher Crown Bar 15000 PRO \u00e8 perfetta per un'esperienza di svapo intensa e duratura ed \u00e8 la scelta ideale per gli utenti frequenti grazie al suo design moderno e alla lunga durata.<\/p>\n<hr \/>\n<h3>Principali caratteristiche<\/h3>\n<ul>\n<li><strong>Numero di soffiate<\/strong>: Fino a\u00a0<strong>15.000 treni<\/strong>che garantiscono un'esperienza di svapo eccezionalmente lunga.<\/li>\n<li><strong>Capacit\u00e0 del liquido elettronico<\/strong>: 22ml, perfettamente sintonizzato sull'elevato numero di puff per un godimento prolungato.<\/li>\n<li><strong>Batterie<\/strong>Ricaricabili\u00a0<strong>600mAh Batteria USB-C<\/strong>\u00a0(Cavo non incluso) per un utilizzo flessibile e una lunga durata della batteria.<\/li>\n<li><strong>Contenuto di nicotina<\/strong>: 5% (50mg) Nicotina \u2013 una forza adatta sia ai vaporizzatori regolari che a coloro che si convertono.<\/li>\n<li><strong>Evidenziazione del design<\/strong>: Il marchio Al Fakher inciso sul corpo rende il dispositivo un compagno elegante e un vero e proprio oggetto di design.<\/li>\n<li><strong>Facile gestione<\/strong>Grazie alla sua forma compatta e maneggevole, la Al Fakher Crown Bar 15000 PRO \u00e8 ideale per essere utilizzata in movimento.<\/li>\n<\/ul>\n<hr \/>\n<h3>Perch\u00e9 acquistare Al Fakher Crown Bar 15000 PRO?<\/h3>\n<p>Questo e-cig usa e getta non solo offre prestazioni tecnologiche all'avanguardia, ma soddisfa anche le esigenze di qualit\u00e0 e design. \u00c8 stata sviluppata appositamente per i vaper in Germania e offre una combinazione perfetta di facilit\u00e0 d'uso e prestazioni. Con il suo elevato numero di puff e il generoso volume di liquido, non \u00e8 solo pratica, ma anche estremamente economica. Per tutti coloro che cercano lunghe esperienze di svapo senza dover ricaricare continuamente, l'Al Fakher Crown Bar 15000 PRO \u00e8 la scelta perfetta.<\/p>\n<hr \/>\n<h3>Un intenso universo di sapori<\/h3>\n<p>Al Fakher ha creato un'ampia gamma di aromi autentici e di alta qualit\u00e0 grazie alla sua esperienza nel settore delle Shisha. Questa esperienza si riflette anche nei liquidi elettronici del Crown Bar 15000 PRO, offrendo agli appassionati di vaping una variet\u00e0 di sapori eccezionale:<\/p>\n<h4><strong>Sogno Lucido<\/strong><\/h4>\n<p>Un'esperienza gustativa che vi trasporta in un mondo di sogno.\u00a0<strong>Sogno Lucido<\/strong>\u00a0Offre un mix eccellente di note fruttate e cremose, che assicurano un'esperienza di svapo morbida e allo stesso tempo intensa. Il gusto \u00e8 perfetto per gli svapatori che preferiscono un equilibrio armonioso tra dolcezza e freschezza. Le sfumature cremose fanno apparire il vapore seta-mente morbido, mentre i sapori fruttati assicurano una nota rinfrescante. Ogni tiro sviluppa un gusto ricco e pieno, che non perde la sua intensit\u00e0 nemmeno dopo un consumo prolungato.<\/p>\n<hr \/>\n<h3>Vantaggi del prodotto in dettaglio<\/h3>\n<p>Con l'Al Fakher Crown Bar 15000 PRO non ricevi solo un eccezionale dispositivo di svapo, ma anche un compagno fidato nella vita quotidiana.<\/p>\n<ul>\n<li><strong>Longevit\u00e0 e Prestazioni<\/strong>15.000 puff e una grande capacit\u00e0 di e-liquid ti permettono di goderti l'esperienza di svapo per un lungo periodo di tempo senza compromettere.<\/li>\n<li><strong>ricaricabilit\u00e0<\/strong>La possibilit\u00e0 di ricaricare la batteria tramite USB-C rende l'utilizzo particolarmente flessibile e rispettoso dell'ambiente.<\/li>\n<li><strong>Design ergonomico<\/strong>La struttura snella e compatta della sigaretta elettronica fa s\u00ec che possa essere comodamente ripiegata in ogni tasca e che si adatti perfettamente per essere utilizzata in movimento.<\/li>\n<li><strong>Autentica esperienza di gusto<\/strong>Al Fakher \u00e8 sinonimo di qualit\u00e0 e offre aromi autentici e ricchi.<\/li>\n<\/ul>","protected":false},"excerpt":{"rendered":"<p>Al Fakher Crown Bar 15000 PRO Vape monouso - Sigaretta elettronica monouso con alta prestazione e gusto A proposito del prodotto Provate il vaping definitivo con Al Fakher Crown Bar 15000 PRO - una sigaretta elettronica monouso potente, che convince con caratteristiche innovative e piacere incomparabile. Questo avanzato dispositivo di vaping offre una prestazione impressionante con 15000 tiri, una batteria ricaricabile da 600mAh USB-C e un serbatoio di liquido elettronico da 22ml. Al Fakher, [\u2026]","protected":false},"featured_media":1713,"comment_status":"open","ping_status":"closed","template":"","meta":{"om_disable_all_campaigns":false},"product_brand":[],"product_cat":[43],"product_tag":[],"class_list":{"0":"post-1712","1":"product","2":"type-product","3":"status-publish","4":"has-post-thumbnail","6":"product_cat-al-fakher-crown-bar-15000","8":"first","9":"outofstock","10":"shipping-taxable","11":"purchasable","12":"product-type-simple"},"_links":{"self":[{"href":"https:\/\/alfakher24h.de\/it\/wp-json\/wp\/v2\/product\/1712","targetHints":{"allow":["GET"]}}],"collection":[{"href":"https:\/\/alfakher24h.de\/it\/wp-json\/wp\/v2\/product"}],"about":[{"href":"https:\/\/alfakher24h.de\/it\/wp-json\/wp\/v2\/types\/product"}],"replies":[{"embeddable":true,"href":"https:\/\/alfakher24h.de\/it\/wp-json\/wp\/v2\/comments?post=1712"}],"wp:featuredmedia":[{"embeddable":true,"href":"https:\/\/alfakher24h.de\/it\/wp-json\/wp\/v2\/media\/1713"}],"wp:attachment":[{"href":"https:\/\/alfakher24h.de\/it\/wp-json\/wp\/v2\/media?parent=1712"}],"wp:term":[{"taxonomy":"product_brand","embeddable":true,"href":"https:\/\/alfakher24h.de\/it\/wp-json\/wp\/v2\/product_brand?post=1712"},{"taxonomy":"product_cat","embeddable":true,"href":"https:\/\/alfakher24h.de\/it\/wp-json\/wp\/v2\/product_cat?post=1712"},{"taxonomy":"product_tag","embeddable":true,"href":"https:\/\/alfakher24h.de\/it\/wp-json\/wp\/v2\/product_tag?post=1712"}],"curies":[{"name":"wp","href":"https:\/\/api.w.org\/{rel}","templated":true}]}}