{"id":1710,"date":"2025-03-06T09:18:00","date_gmt":"2025-03-06T09:18:00","guid":{"rendered":"https:\/\/alfakher24h.de\/?post_type=product&#038;p=1710"},"modified":"2025-05-21T04:35:19","modified_gmt":"2025-05-21T04:35:19","slug":"httperror-response-code-429-too-many-requests-4","status":"publish","type":"product","link":"https:\/\/alfakher24h.de\/it\/prodotto\/httperror-response-code-429-too-many-requests-4\/","title":{"rendered":"AI Fakher Crown Bar 15000 tiri Sigaretta elettronica usa e getta - Lush Ice"},"content":{"rendered":"<h2>Al Fakher Crown Bar 15000 PRO Disposable Vape \u2013 Sigaretta elettronica usa e getta con stile e prestazioni<\/h2>\n<p><img loading=\"lazy\" decoding=\"async\" class=\"alignnone size-full wp-image-1703\" src=\"https:\/\/alfakher24h.de\/wp-content\/uploads\/2025\/03\/5AI-Fakher-Crown-Bar-15000.webp\" alt=\"\" width=\"800\" height=\"800\" title=\"\" srcset=\"https:\/\/alfakher24h.de\/wp-content\/uploads\/2025\/03\/5AI-Fakher-Crown-Bar-15000.webp 800w, https:\/\/alfakher24h.de\/wp-content\/uploads\/2025\/03\/5AI-Fakher-Crown-Bar-15000-300x300.webp 300w, https:\/\/alfakher24h.de\/wp-content\/uploads\/2025\/03\/5AI-Fakher-Crown-Bar-15000-150x150.webp 150w, https:\/\/alfakher24h.de\/wp-content\/uploads\/2025\/03\/5AI-Fakher-Crown-Bar-15000-768x768.webp 768w, https:\/\/alfakher24h.de\/wp-content\/uploads\/2025\/03\/5AI-Fakher-Crown-Bar-15000-12x12.webp 12w, https:\/\/alfakher24h.de\/wp-content\/uploads\/2025\/03\/5AI-Fakher-Crown-Bar-15000-600x600.webp 600w, https:\/\/alfakher24h.de\/wp-content\/uploads\/2025\/03\/5AI-Fakher-Crown-Bar-15000-100x100.webp 100w\" sizes=\"auto, (max-width: 800px) 100vw, 800px\" \/><\/p>\n<p>Sperimenta la prossima generazione di svapo con Al Fakher Crown Bar 15000 PRO, la sigaretta elettronica usa e getta definitiva per piacere e prestazioni. Con una capacit\u00e0 di tiro impressionante di 15.000 tiri e un design di nuova concezione, questo dispositivo combina potenza, stile e il sapore inconfondibile per cui Al Fakher \u00e8 noto. Perfetto sia per i neofiti che per gli svapatori esperti, il Crown Bar 15000 offre un'esperienza di svapo di prim'ordine che puoi goderti sempre e ovunque.<\/p>\n<h3>La massima qualit\u00e0 e tecnologia innovativa<\/h3>\n<p>Con una capacit\u00e0 di 22 ml di e-liquid e una forza di nicotina del 5-10-15-20mg \u00e8 il Al Fakher Crown Bar 15000 PRO \u00e8 pi\u00f9 di solo uno\u00a0<a href=\"https:\/\/alfakherwelt.de\/\" target=\"_blank\" rel=\"noopener\">Sigaretta elettronica usa e getta<\/a>\u00a0- \u00c8 una dichiarazione nel mondo del vapore. La batteria integrata da 600 mAh ricaricabile tramite USB-C garantisce che il dispositivo duri fino all'ultimo gocciolo di liquido elettronico, in modo che nessuna preziosa boccata vada persa.<\/p>\n<ul>\n<li><strong>Capacit\u00e0:<\/strong>\u00a022 ml di liquido elettronico di alta qualit\u00e0, che garantisce una prestazione di vapore intensa e duratura<\/li>\n<li><strong>Forza del nicotina:<\/strong>\u00a05% (50 mg) per un'esperienza di svapo forte e soddisfacente<\/li>\n<li><strong>Batteria:<\/strong>\u00a0Batteria ricaricabile da 600mAh, USB-C (cavo di ricarica non incluso), garantisce prestazioni durature<\/li>\n<li><strong>Treni:<\/strong>\u00a0Oltre 15.000 treni per un piacere duraturo<\/li>\n<li><strong>Display a LED:<\/strong>\u00a0Visualizzazione avanzata della carica della batteria e del livello di liquido elettronico<\/li>\n<\/ul>\n<h3>Perch\u00e9 l'Al Fakher Crown Bar 15000 PRO \u00e8 la scelta giusta<\/h3>\n<ol>\n<li><strong>Ineguagliata longevit\u00e0:<\/strong>\u00a0Goditi fino a 15.000 tiri: il massimo in termini di prestazioni e valore.<\/li>\n<li><strong>Elegante e design unico:<\/strong>\u00a0Il logo iconico Al Fakher e il design elegante rendono il dispositivo un vero e proprio oggetto di design.<\/li>\n<li><strong>Ricaricabilit\u00e0 USB-C:<\/strong>\u00a0Con la batteria ricaricabile da 600mAh, puoi prolungare la tua esperienza di svapo ogni volta che ne hai bisogno.<\/li>\n<li><strong>Display LED avanzato:<\/strong>\u00a0Il Crown Bar 15000 mostra sempre lo stato dell'E-Liquid e della batteria, in modo che tu sia sempre informato.<\/li>\n<li><strong>Facile gestione:<\/strong>\u00a0Nessun rabbocco o complicata configurazione: goditi e basta.<\/li>\n<\/ol>\n<hr \/>\n<h3>Descrizione dettagliata dei sapori<\/h3>\n<h4>Lush Ice<\/h4>\n<p>Il gusto Lush Ice ti trasporta in un mondo pieno di freschezza e fruttosit\u00e0. Ad ogni aspirazione si apre una base di anguria succosa, che viene perfettamente completata da un tocco di mentolo. Questo aroma \u00e8 ideale per tutti coloro che cercano un'esperienza di svapo rinfrescante e fruttosa, che rinfresca e raffreddi il palato. L'equilibrio tra l'anguria dolce e il mentolo intenso assicura un gradevole retrogusto, che lascia voglia di continuare. Ogni aspirazione \u00e8 un viaggio nella freschezza tropicale, che non diventa mai noiosa.<\/p>\n<hr \/>\n<h3>Esplosioni di gusto per ogni momento<\/h3>\n<p>La Al Fakher Crown Bar 15000 PRO \u00e8 stata sviluppata per offrirti un'ampia gamma di sapori intensi ed emozionanti. Scopri l'esperienza di aroma senza pari che Al Fakher porta nel mondo delle sigarette elettroniche usa e getta: una variet\u00e0 che rinnova ogni esperienza di svapo.<\/p>\n<hr \/>\n<h3>Perch\u00e9 comprare da noi?<\/h3>\n<p>Come principale fornitore online di sigarette elettroniche monouso in Germania, il nostro negozio - alfakher24h.de - offre un'ampia selezione dei migliori e pi\u00f9 recenti vaporizzatori monouso sul mercato. Con un focus sulla qualit\u00e0 e sul servizio clienti, siamo il punto di riferimento per tutti coloro che cercano un'esperienza di svapo di alta qualit\u00e0 e affidabile.<\/p>","protected":false},"excerpt":{"rendered":"<p>Al Fakher Crown Bar 15000 PRO \u00e8 stato sviluppato per offrirti un'ampia gamma di sapori intensi ed emozionanti. Scopri l'esperienza di aroma senza pari<\/p>","protected":false},"featured_media":1711,"comment_status":"open","ping_status":"closed","template":"","meta":{"om_disable_all_campaigns":false},"product_brand":[],"product_cat":[43],"product_tag":[],"class_list":{"0":"post-1710","1":"product","2":"type-product","3":"status-publish","4":"has-post-thumbnail","6":"product_cat-al-fakher-crown-bar-15000","8":"first","9":"outofstock","10":"shipping-taxable","11":"purchasable","12":"product-type-simple"},"_links":{"self":[{"href":"https:\/\/alfakher24h.de\/it\/wp-json\/wp\/v2\/product\/1710","targetHints":{"allow":["GET"]}}],"collection":[{"href":"https:\/\/alfakher24h.de\/it\/wp-json\/wp\/v2\/product"}],"about":[{"href":"https:\/\/alfakher24h.de\/it\/wp-json\/wp\/v2\/types\/product"}],"replies":[{"embeddable":true,"href":"https:\/\/alfakher24h.de\/it\/wp-json\/wp\/v2\/comments?post=1710"}],"wp:featuredmedia":[{"embeddable":true,"href":"https:\/\/alfakher24h.de\/it\/wp-json\/wp\/v2\/media\/1711"}],"wp:attachment":[{"href":"https:\/\/alfakher24h.de\/it\/wp-json\/wp\/v2\/media?parent=1710"}],"wp:term":[{"taxonomy":"product_brand","embeddable":true,"href":"https:\/\/alfakher24h.de\/it\/wp-json\/wp\/v2\/product_brand?post=1710"},{"taxonomy":"product_cat","embeddable":true,"href":"https:\/\/alfakher24h.de\/it\/wp-json\/wp\/v2\/product_cat?post=1710"},{"taxonomy":"product_tag","embeddable":true,"href":"https:\/\/alfakher24h.de\/it\/wp-json\/wp\/v2\/product_tag?post=1710"}],"curies":[{"name":"wp","href":"https:\/\/api.w.org\/{rel}","templated":true}]}}