{"id":1706,"date":"2025-03-06T09:04:23","date_gmt":"2025-03-06T09:04:23","guid":{"rendered":"https:\/\/alfakher24h.de\/?post_type=product&#038;p=1706"},"modified":"2025-05-21T04:35:19","modified_gmt":"2025-05-21T04:35:19","slug":"httperror-response-code-429-too-many-requests-2","status":"publish","type":"product","link":"https:\/\/alfakher24h.de\/it\/prodotto\/httperror-response-code-429-too-many-requests-2\/","title":{"rendered":"AI Fakher Crown Bar 15000 tiri Sigaretta elettronica usa e getta - Berry Ice"},"content":{"rendered":"<h2><a href=\"https:\/\/alfakher24h.de\/it\/\">Al Fakher<\/a> Crown Bar 15000 PRO: L'ulteriore <a href=\"https:\/\/alfakher24h.de\/it\/\">Sigaretta elettronica usa e getta<\/a> per la Germania<\/h2>\n<p><img loading=\"lazy\" decoding=\"async\" class=\"alignnone size-full wp-image-1703\" src=\"https:\/\/alfakher24h.de\/wp-content\/uploads\/2025\/03\/5AI-Fakher-Crown-Bar-15000.webp\" alt=\"\" width=\"800\" height=\"800\" title=\"\" srcset=\"https:\/\/alfakher24h.de\/wp-content\/uploads\/2025\/03\/5AI-Fakher-Crown-Bar-15000.webp 800w, https:\/\/alfakher24h.de\/wp-content\/uploads\/2025\/03\/5AI-Fakher-Crown-Bar-15000-300x300.webp 300w, https:\/\/alfakher24h.de\/wp-content\/uploads\/2025\/03\/5AI-Fakher-Crown-Bar-15000-150x150.webp 150w, https:\/\/alfakher24h.de\/wp-content\/uploads\/2025\/03\/5AI-Fakher-Crown-Bar-15000-768x768.webp 768w, https:\/\/alfakher24h.de\/wp-content\/uploads\/2025\/03\/5AI-Fakher-Crown-Bar-15000-12x12.webp 12w, https:\/\/alfakher24h.de\/wp-content\/uploads\/2025\/03\/5AI-Fakher-Crown-Bar-15000-600x600.webp 600w, https:\/\/alfakher24h.de\/wp-content\/uploads\/2025\/03\/5AI-Fakher-Crown-Bar-15000-100x100.webp 100w\" sizes=\"auto, (max-width: 800px) 100vw, 800px\" \/><\/p>\n<p>La\u00a0<strong>Al Fakher Crown Bar 15000 PRO<\/strong>\u00a0\u00e8 l'ultima innovazione nel mondo della\u00a0<strong>Sigarette elettroniche monouso<\/strong>Con impressionanti 15.000 tiri, un avanzato display a LED e una\u00a0<strong>batteria ricaricabile da 600mAh USB-C<\/strong>, offre la soluzione perfetta per gli appassionati di vaping in Germania. Questa e-cigarette unisce design moderno, tecnologia e i noti\u00a0<strong>Al Fakher Aromen<\/strong>\u00a0In un dispositivo facile da usare. Sia per i nuovi arrivati che per gli svapatori esperti, questo dispositivo offre un'esperienza unica.<\/p>\n<hr \/>\n<h3>Descrizione del prodotto<\/h3>\n<p>La\u00a0<strong>Al Fakher Crown Bar 15000 PRO<\/strong>\u00a0\u00e8 una delle pi\u00f9 potenti\u00a0<a href=\"https:\/\/alfakher24h.de\/it\/\"><strong>Sigarette elettroniche monouso<\/strong><\/a>\u00a0Sul mercato. Dotato di una impressionante capacit\u00e0 di 22 ml di e-liquid di alta qualit\u00e0 e di una batteria da 600 mAh\u00a0<strong>Batteria ricaricabile USB-C<\/strong>, consente questo dispositivo fino a\u00a0<strong>15.000 treni<\/strong>Grazie al display LED integrato, gli utenti hanno sempre una panoramica completa di\u00a0<strong>E-Liquid-Stand<\/strong>\u00a0e il\u00a0<strong>Stato della batteria<\/strong>Il design elegante ed ergonomico con il logo incorporato rende questo dispositivo un vero e proprio oggetto di design.<\/p>\n<p>Questa\u00a0<strong>Sigaretta elettronica usa e getta<\/strong>\u00a0\u00e8 particolarmente adatto a coloro che danno valore a\u00a0<strong>grande formazione di nuvole<\/strong>lunga durata di utilizzo e una facile gestione. Un altro vantaggio \u00e8 la grande\u00a0<strong>Variet\u00e0 di aromi<\/strong>i Al Fakher dalle sue tradizionali\u00a0<strong>Aromi per tabacco di shisha<\/strong>\u00a0acquisito e ora adatta perfettamente alle\u00a0<strong>Vaping<\/strong>\u00a0ha votato.<\/p>\n<hr \/>\n<h3>Dettagli tecnici e particolarit\u00e0<\/h3>\n<ul>\n<li><strong>Numero di soffiate<\/strong>: Oltre 15.000 treni<\/li>\n<li><strong>Quantit\u00e0 di riempimento<\/strong>: 22ml E-Liquid<\/li>\n<li><strong>Contenuto di nicotina<\/strong>: 5% (50mg)<\/li>\n<li><strong>Capacit\u00e0 della batteria<\/strong>: Batteria ricaricabile da 600mAh USB-C<\/li>\n<li><strong>Tempo di caricamento<\/strong>: Presa USB-C per ricarica rapida (cavo non incluso)<\/li>\n<li><strong>Display a LED<\/strong>: Visualizzazione del livello di e-liquid e dello stato della batteria<\/li>\n<li><strong>Design<\/strong>: Ergonomico con logo incorporato<\/li>\n<li><strong>Compatibilit\u00e0<\/strong>Perfetto per essere utilizzato in viaggio e per l'uso quotidiano<\/li>\n<li><strong>Particolarit\u00e0<\/strong>: Longevit\u00e0 grazie all'elevato numero di viaggi<\/li>\n<\/ul>\n<p>Questi dettagli fanno la\u00a0<strong>Crown Bar 15000 PRO<\/strong>\u00a0alla scelta ottimale per tutti coloro che cercano un'opzione affidabile e potente\u00a0<strong>Dispositivo per svapo<\/strong>\u00a0Cercare.<\/p>\n<hr \/>\n<h3>Variet\u00e0 di sapori - Oltre il semplice piacere<\/h3>\n<p>Al Fakher \u00e8 noto per i suoi inconfondibili\u00a0<strong>Aromi<\/strong>che hanno una lunga tradizione nel settore delle Shisha. Questa esperienza \u00e8 stata ora estesa anche al mondo delle\u00a0<strong>Vape monouso<\/strong>\u00a0trasferire per ottenere un eccellente\u00a0<strong>Esperienza di vapore<\/strong>\u00a0garantire. Le\u00a0<strong>Crown Bar 15000 PRO<\/strong>\u00a0offre una vasta gamma di sapori deliziosi, tutti accuratamente sviluppati per fornire un aroma autentico e intenso. Un aroma particolarmente popolare \u00e8\u00a0<strong>Berry Ice<\/strong>.<\/p>\n<h4><strong>Berry Ice<\/strong>Fruchtiger Genuss mit einem eiskalten Kick \n\nbecomes \n\n: Godimento fruttato con un calcio freddo come il ghiaccio<\/h4>\n<p>Il\u00a0<strong>Berry Ice<\/strong>\u00a0Aroma della\u00a0<strong>Al Fakher Crown Bar 15000 PRO<\/strong>\u00a0unisce l'intenso sapore di dolci bacche con un fresco refrigerio. Gi\u00e0 alla prima inalazione si sviluppa il gusto pieno\u00a0<strong>Sapore di birra<\/strong>che ricorda frutta matura e succosa. \u00c8 una miscela armoniosa di diverse variet\u00e0 di bacche che si distinguono per la loro dolcezza, ma allo stesso tempo offrono un'acidit\u00e0 naturale che garantisce una piacevole variet\u00e0.<\/p>\n<p>La componente fruttata \u00e8 data da una sottile\u00a0<strong>Voto di eccellenza<\/strong>\u00a0completata, che dona a ogni treno una piacevole freschezza. Questo effetto rinfrescante rende l'\u00a0<strong>Berry Ice Aroma<\/strong>\u00a0una scelta perfetta per le giornate estive calde o per i momenti in cui hai semplicemente bisogno di un tocco fresco e rinvigorante. L'aroma rimane costante per tutti e 15.000 puff e non perde intensit\u00e0 nemmeno dopo un uso prolungato.<\/p>\n<p>Ogni aroma della\u00a0<strong>Crown Bar 15000 PRO<\/strong>\u00a0\u00e8 stato progettato per essere adatto sia ai nuovi arrivati che agli esperti di svapo. I sapori sono corposi, intensi e offrono un'esperienza complessivamente soddisfacente.<\/p>\n<hr \/>\n<h3>Perch\u00e9 l'Al Fakher Crown Bar 15000 PRO \u00e8 la scelta migliore<\/h3>\n<ol>\n<li><strong>Longevit\u00e0<\/strong>Con\u00a0<strong>15.000 treni<\/strong>\u00a0Questo dispositivo dura\u660e\u986f pi\u00f9 a lungo di molti altri\u00a0<strong>Sigarette elettroniche monouso<\/strong>\u00a0sul mercato.<\/li>\n<li><strong>Variet\u00e0 di aromi<\/strong>: La selezione di aromi, come ad es.\u00a0<strong>Berry Ice<\/strong>offre l'esperienza adatta a tutti i gusti.<\/li>\n<li><strong>Comfort<\/strong>Grazie alle\u00a0<strong>batteria ricaricabile<\/strong>\u00a0e la facile maneggevolezza \u00e8 la\u00a0<strong>Crown Bar 15000 PRO<\/strong>\u00a0Ideale per essere portate in giro.<\/li>\n<li><strong>Design innovativo<\/strong>: Il design ergonomico e la\u00a0<strong>Display a LED<\/strong>\u00a0offrono non solo comfort, ma anche un aspetto moderno e stiloso.<\/li>\n<li><strong>Affidabilit\u00e0<\/strong>: Al Fakher \u00e8 sinonimo di qualit\u00e0 e gusto da decenni - un marchio a cui si pu\u00f2 fidare.<\/li>\n<li><strong>Acquisto semplice<\/strong>Visitate il nostro sito web alfakher24h.de e scoprite la nostra vasta selezione di\u00a0<a href=\"https:\/\/alfakher24h.de\/it\/\"><strong>Sigarette elettroniche monouso<\/strong>.<\/a><\/li>\n<\/ol>\n<hr \/>\n<h3>Al Fakher Crown Bar 15000 PRO - Porta la tua esperienza di vaping al livello successivo<\/h3>\n<p>Con la\u00a0<strong>Al Fakher Crown Bar 15000 PRO<\/strong>\u00a0Hanno la soluzione perfetta per Lei\u00a0<strong>Esigenze di svapo<\/strong>\u00a0Trovato. Indipendentemente dal fatto che tu stia cercando un dispositivo che duri a lungo o che abbia bisogno di uno intenso\u00a0<strong>Sapore<\/strong>che rende ogni viaggio un'esperienza unica \u2013 questo prodotto offre tutto ci\u00f2 che il cuore di un appassionato di treni a vapore desidera.<\/p>\n<p>Non perdete l'occasione di questo\u00a0<strong>prodotto di alta qualit\u00e0<\/strong> zu testen. Besuchen Sie uns auf -&gt; \nper testare. Visitateci su <a href=\"https:\/\/alfakher24h.de\/it\/\">alfakher24h.de<\/a>\u00a0e scoprite il mondo dello svapo in una nuova dimensione. Con la\u00a0<strong>Al Fakher Crown Bar 15000 PRO<\/strong>\u00a0Sarete sicuramente soddisfatti!<\/p>","protected":false},"excerpt":{"rendered":"<p><strong>Al Fakher Crown Bar 15000 PRO<\/strong>\u00a0Hanno la soluzione perfetta per Lei\u00a0<strong>Esigenze di svapo<\/strong>\u00a0Trovato. Indipendentemente dal fatto che tu stia cercando un dispositivo che duri a lungo o che abbia bisogno di uno intenso\u00a0<strong>Sapore<\/strong><\/p>","protected":false},"featured_media":1707,"comment_status":"open","ping_status":"closed","template":"","meta":{"om_disable_all_campaigns":false},"product_brand":[],"product_cat":[43],"product_tag":[],"class_list":{"0":"post-1706","1":"product","2":"type-product","3":"status-publish","4":"has-post-thumbnail","6":"product_cat-al-fakher-crown-bar-15000","8":"first","9":"outofstock","10":"shipping-taxable","11":"purchasable","12":"product-type-simple"},"_links":{"self":[{"href":"https:\/\/alfakher24h.de\/it\/wp-json\/wp\/v2\/product\/1706","targetHints":{"allow":["GET"]}}],"collection":[{"href":"https:\/\/alfakher24h.de\/it\/wp-json\/wp\/v2\/product"}],"about":[{"href":"https:\/\/alfakher24h.de\/it\/wp-json\/wp\/v2\/types\/product"}],"replies":[{"embeddable":true,"href":"https:\/\/alfakher24h.de\/it\/wp-json\/wp\/v2\/comments?post=1706"}],"wp:featuredmedia":[{"embeddable":true,"href":"https:\/\/alfakher24h.de\/it\/wp-json\/wp\/v2\/media\/1707"}],"wp:attachment":[{"href":"https:\/\/alfakher24h.de\/it\/wp-json\/wp\/v2\/media?parent=1706"}],"wp:term":[{"taxonomy":"product_brand","embeddable":true,"href":"https:\/\/alfakher24h.de\/it\/wp-json\/wp\/v2\/product_brand?post=1706"},{"taxonomy":"product_cat","embeddable":true,"href":"https:\/\/alfakher24h.de\/it\/wp-json\/wp\/v2\/product_cat?post=1706"},{"taxonomy":"product_tag","embeddable":true,"href":"https:\/\/alfakher24h.de\/it\/wp-json\/wp\/v2\/product_tag?post=1706"}],"curies":[{"name":"wp","href":"https:\/\/api.w.org\/{rel}","templated":true}]}}