{"id":1704,"date":"2025-03-06T08:55:36","date_gmt":"2025-03-06T08:55:36","guid":{"rendered":"https:\/\/alfakher24h.de\/?post_type=product&#038;p=1704"},"modified":"2025-05-21T04:35:19","modified_gmt":"2025-05-21T04:35:19","slug":"httperror-response-code-429-too-many-requests-6","status":"publish","type":"product","link":"https:\/\/alfakher24h.de\/it\/prodotto\/httperror-response-code-429-too-many-requests-6\/","title":{"rendered":"AI Fakher Crown Bar 15000 tiri Sigaretta elettronica usa e getta - White Flash"},"content":{"rendered":"<h2 data-start=\"0\" data-end=\"125\"><strong data-start=\"0\" data-end=\"125\">Al Fakher Crown Bar 15000 Vape monouso \u2013 Sigaretta elettronica usa e getta con 15.000 tiri per un'esperienza di svapo indimenticabile<\/strong><\/h2>\n<p><img loading=\"lazy\" decoding=\"async\" class=\"alignnone size-full wp-image-1703\" src=\"https:\/\/alfakher24h.de\/wp-content\/uploads\/2025\/03\/5AI-Fakher-Crown-Bar-15000.webp\" alt=\"\" width=\"800\" height=\"800\" title=\"\" srcset=\"https:\/\/alfakher24h.de\/wp-content\/uploads\/2025\/03\/5AI-Fakher-Crown-Bar-15000.webp 800w, https:\/\/alfakher24h.de\/wp-content\/uploads\/2025\/03\/5AI-Fakher-Crown-Bar-15000-300x300.webp 300w, https:\/\/alfakher24h.de\/wp-content\/uploads\/2025\/03\/5AI-Fakher-Crown-Bar-15000-150x150.webp 150w, https:\/\/alfakher24h.de\/wp-content\/uploads\/2025\/03\/5AI-Fakher-Crown-Bar-15000-768x768.webp 768w, https:\/\/alfakher24h.de\/wp-content\/uploads\/2025\/03\/5AI-Fakher-Crown-Bar-15000-12x12.webp 12w, https:\/\/alfakher24h.de\/wp-content\/uploads\/2025\/03\/5AI-Fakher-Crown-Bar-15000-600x600.webp 600w, https:\/\/alfakher24h.de\/wp-content\/uploads\/2025\/03\/5AI-Fakher-Crown-Bar-15000-100x100.webp 100w\" sizes=\"auto, (max-width: 800px) 100vw, 800px\" \/><\/p>\n<h3 data-start=\"127\" data-end=\"157\">Panoramica del prodotto<\/h3>\n<p data-start=\"158\" data-end=\"778\">La\u00a0<strong data-start=\"162\" data-end=\"214\">Al Fakher Crown Bar 15000 PRO E-cigarette monouso<\/strong>\u00a0\u00e8 una scelta eccezionale per gli appassionati di vaporizzazione che puntano sulla qualit\u00e0, sul gusto e sulla durata. Con una capacit\u00e0 impressionante di 22 ml di e-liquid e una durata della batteria che garantisce un utilizzo prolungato, questa sigaretta elettronica usa e getta \u00e8 il compagno perfetto per molti giorni. Offre ben 15.000 tiri e viene fornita con una batteria ricaricabile\u00a0<strong data-start=\"571\" data-end=\"593\">600 mAh batteria USB-C<\/strong>\u00a0(Cavo non incluso). Inoltre, il dispositivo \u00e8 dotato di un comodo display LED che mostra sempre lo stato della batteria e la quantit\u00e0 di liquido elettronico rimanente - ideale per essere utilizzato in movimento.<\/p>\n<h3 data-start=\"780\" data-end=\"802\">Evidenze dei prodotti<\/h3>\n<ul data-start=\"803\" data-end=\"1562\">\n<li data-start=\"803\" data-end=\"925\"><strong data-start=\"805\" data-end=\"830\">15.000 treni di capacit\u00e0<\/strong>Garantisce un piacere duraturo con un gusto uniforme ed aromatico ad ogni tiro.<\/li>\n<li data-start=\"926\" data-end=\"1021\"><strong data-start=\"928\" data-end=\"946\">22 ml E-Liquid<\/strong>Offre un'esperienza di gusto intensa, ideale per tutti i vapers.<\/li>\n<li data-start=\"1022\" data-end=\"1246\"><strong data-start=\"1024\" data-end=\"1064\">Batteria ricaricabile da 600 mAh USB-C<\/strong>: La batteria garantisce un utilizzo continuo fino all'ultima goccia di e-liquid. Pu\u00f2 essere facilmente ricaricata con un cavo USB-C (cavo non incluso nella confezione).<\/li>\n<li data-start=\"1247\" data-end=\"1398\"><strong data-start=\"1249\" data-end=\"1274\">5%<\/strong>Con 50 mg di nicotina, questa sigaretta elettronica usa e getta offre una piacevole soddisfazione per gli ex fumatori e gli svapatori esperti.<\/li>\n<li data-start=\"1399\" data-end=\"1562\"><strong data-start=\"1401\" data-end=\"1436\">Design moderno con display a LED<\/strong>: Il display LED avanzato mostra lo stato della batteria e il livello di liquido elettronico, in modo che tu sia sempre perfettamente informato.<\/li>\n<\/ul>\n<h3 data-start=\"1564\" data-end=\"1607\">Perch\u00e9 scegliere Al Fakher Crown Bar 15000?<\/h3>\n<ul data-start=\"1608\" data-end=\"2370\">\n<li data-start=\"1608\" data-end=\"1791\"><strong data-start=\"1610\" data-end=\"1640\">Unica longevit\u00e0<\/strong>Con 15.000 tiri, questa sigaretta elettronica usa e getta offre una delle pi\u00f9 alte capacit\u00e0 di soffiata sul mercato e riduce il frequente riacquisto o ricarica.<\/li>\n<li data-start=\"1792\" data-end=\"1950\"><strong data-start=\"1794\" data-end=\"1815\">Godimento immediato<\/strong>: Grazie alla capacit\u00e0 di e-liquid precaricata e alla batteria ricaricabile, l'uso \u00e8 semplicissimo: carica, svapa e goditi.<\/li>\n<li data-start=\"1951\" data-end=\"2106\"><strong data-start=\"1953\" data-end=\"1997\">Qualit\u00e0 premium e aromi autentici<\/strong>Al Fakher \u00e8 noto per i suoi e-liquid di alta qualit\u00e0 che donano un sapore intenso ad ogni aspirazione.<\/li>\n<li data-start=\"2107\" data-end=\"2260\"><strong data-start=\"2109\" data-end=\"2131\">Massima mobilit\u00e0<\/strong>: La batteria ricaricabile rende questa e-cigarette ideale per essere utilizzata in movimento, senza compromettere la qualit\u00e0 del vapore.<\/li>\n<li data-start=\"2261\" data-end=\"2370\"><strong data-start=\"2263\" data-end=\"2285\">Applicazione semplice<\/strong>: Nessuna complicata installazione o pulizia - basta caricare e godere subito.<\/li>\n<\/ul>\n<h3 data-start=\"2372\" data-end=\"2400\">Esclusiva variet\u00e0 di aromi<\/h3>\n<p data-start=\"2402\" data-end=\"2668\">Al Fakher offre un'ampia gamma di aromi deliziosi per le\u00a0<strong data-start=\"2468\" data-end=\"2487\">Crown Bar 15000<\/strong>che soddisfano i sogni gustativi di tutti i vaporizzatori. Con una miscela equilibrata di aromi tradizionali e moderni, Al Fakher garantisce un'esperienza di vaporizzazione unica.<\/p>\n<p data-start=\"2670\" data-end=\"3120\"><strong data-start=\"2670\" data-end=\"2685\">White Flash<\/strong>\u00a0Sperimenta il gusto fresco e rinfrescante dell'aroma \"White Flash\". Questa variet\u00e0 unisce l'intenso e fresco gusto della mentolo con una leggera dolcezza. Ideale per i vaporizzatori che cercano il colpo fresco e croccante che risveglia i sensi e rinfresca il respiro. Perfetto per tutti coloro che apprezzano un gusto fresco e leggermente dolce che non \u00e8 mai troppo invadente, ma offre comunque una rinfrescante impressionante.<\/p>\n<h3 data-start=\"3122\" data-end=\"3165\">La scelta perfetta per un intenso piacere<\/h3>\n<p data-start=\"3166\" data-end=\"3563\">La\u00a0<strong data-start=\"3170\" data-end=\"3199\">Al Fakher Crown Bar 15000<\/strong>\u00a0Le sigarette elettroniche monouso offrono un equilibrio imbattibile tra potenza, gusto e mobilit\u00e0. Ogni tiro \u00e8 un'esperienza unica che entusiasma i vaporizzatori e li invita a tornare ancora e ancora. Scoprite la qualit\u00e0 e il gusto di Al Fakher e convincetevi da soli di questa esperienza di vaporizzazione duratura e facile da usare.<\/p>\n<p data-start=\"3565\" data-end=\"3692\">Ordinate ora le\u00a0<strong data-start=\"3589\" data-end=\"3618\">Al Fakher Crown Bar 15000<\/strong>\u00a0auf \/alfakher24h.de und sperimentate la nuova dimensione della vaporizzazione!<\/p>","protected":false},"excerpt":{"rendered":"<p><strong data-start=\"3170\" data-end=\"3199\">Al Fakher Crown Bar 15000<\/strong>\u00a0Le sigarette elettroniche monouso offrono un equilibrio imbattibile tra potenza, gusto e mobilit\u00e0. Ogni tiro \u00e8 un'esperienza unica che entusiasma i vaporizzatori e li invita a tornare ancora e ancora. Scoprite la qualit\u00e0 e il gusto di Al Fakher e convincetevi da soli di questa esperienza di vaporizzazione duratura e facile da usare.<\/p>","protected":false},"featured_media":1705,"comment_status":"open","ping_status":"closed","template":"","meta":{"om_disable_all_campaigns":false},"product_brand":[],"product_cat":[43],"product_tag":[],"class_list":{"0":"post-1704","1":"product","2":"type-product","3":"status-publish","4":"has-post-thumbnail","6":"product_cat-al-fakher-crown-bar-15000","8":"first","9":"outofstock","10":"shipping-taxable","11":"purchasable","12":"product-type-simple"},"_links":{"self":[{"href":"https:\/\/alfakher24h.de\/it\/wp-json\/wp\/v2\/product\/1704","targetHints":{"allow":["GET"]}}],"collection":[{"href":"https:\/\/alfakher24h.de\/it\/wp-json\/wp\/v2\/product"}],"about":[{"href":"https:\/\/alfakher24h.de\/it\/wp-json\/wp\/v2\/types\/product"}],"replies":[{"embeddable":true,"href":"https:\/\/alfakher24h.de\/it\/wp-json\/wp\/v2\/comments?post=1704"}],"wp:featuredmedia":[{"embeddable":true,"href":"https:\/\/alfakher24h.de\/it\/wp-json\/wp\/v2\/media\/1705"}],"wp:attachment":[{"href":"https:\/\/alfakher24h.de\/it\/wp-json\/wp\/v2\/media?parent=1704"}],"wp:term":[{"taxonomy":"product_brand","embeddable":true,"href":"https:\/\/alfakher24h.de\/it\/wp-json\/wp\/v2\/product_brand?post=1704"},{"taxonomy":"product_cat","embeddable":true,"href":"https:\/\/alfakher24h.de\/it\/wp-json\/wp\/v2\/product_cat?post=1704"},{"taxonomy":"product_tag","embeddable":true,"href":"https:\/\/alfakher24h.de\/it\/wp-json\/wp\/v2\/product_tag?post=1704"}],"curies":[{"name":"wp","href":"https:\/\/api.w.org\/{rel}","templated":true}]}}