{"id":1669,"date":"2025-02-15T01:56:01","date_gmt":"2025-02-15T01:56:01","guid":{"rendered":"https:\/\/alfakher24h.de\/?post_type=product&#038;p=1669"},"modified":"2025-05-21T04:35:19","modified_gmt":"2025-05-21T04:35:19","slug":"ai-fakher-crown-bar-15000-zuege-einweg-e-sigaretta-menta","status":"publish","type":"product","link":"https:\/\/alfakher24h.de\/it\/prodotto\/ai-fakher-crown-bar-15000-zuege-einweg-e-sigaretta-menta\/","title":{"rendered":"AI Fakher Crown Bar 15000 tiri Sigaretta elettronica usa e getta - Grape Mint"},"content":{"rendered":"<h2><a href=\"https:\/\/alfakher24h.de\/it\/\">Al Fakher Crown Bar 15000 PRO<\/a>: La rivoluzione tra le sigarette elettroniche usa e getta<\/h2>\n<p>La\u00a0<strong>Al Fakher Crown Bar 15000 PRO<\/strong>\u00a0\u00e8 l'ultima innovazione tra le sigarette elettroniche monouso, che si adatta perfettamente al mercato tedesco e offre un'esperienza di svapo eccezionale. Con una combinazione unica di design di alta qualit\u00e0, prestazioni impressionanti e funzionalit\u00e0 facili da usare, questa sigaretta elettronica stabilisce nuovi standard nel mondo dello svapo. Provate aromi intensi e piacere prolungato con 15.000 tiri: una vera rivoluzione per gli appassionati di svapo.<\/p>\n<p>Visita alfakher24h.de, la pi\u00f9 grande piattaforma di vendita online di sigarette elettroniche usa e getta in Germania, e scopri Al Fakher Crown Bar 15000 PRO.<\/p>\n<p>&nbsp;<\/p>\n<h3>Design unico e lavorazione di alta qualit\u00e0<\/h3>\n<p>Il design dell'Al Fakher Crown Bar 15000 PRO \u00e8 tanto affascinante quanto funzionale. La robusta costruzione e la moderna custodia conferiscono alla sigaretta elettronica non solo un aspetto elegante, ma la rendono anche duratura e pratica per l'uso quotidiano. Il display LED innovativo mostra sempre lo stato della batteria e la quantit\u00e0 di liquido elettronico rimanente, in modo da poter tenere d'occhio la sigaretta elettronica.<\/p>\n<h3><strong>Al Fakher Crown Bar 15000 PRO<\/strong>\u00a0Funzionalit\u00e0 in generale<\/h3>\n<ul>\n<li><strong>Lunga durata di vita<\/strong>: Fino a\u00a0<strong>15.000 treni<\/strong>Ci\u00f2 significa godimento per diversi giorni senza frequenti ricariche.<\/li>\n<li><strong>Grande capacit\u00e0 di e-liquid<\/strong>:\u00a0<strong>22ml di liquido preconfezionato<\/strong>\u00a0assicura un'esplosione di sapore prolungata.<\/li>\n<li><strong>Capacit\u00e0 della batteria<\/strong>:\u00a0<strong>600mAh<\/strong>\u00a0Batteria ricaricabile USB-C, veloce e facile da ricaricare.<\/li>\n<li><strong>Display a LED<\/strong>: Informa sullo stato di riempimento del liquido e sullo stato della batteria - un vero vantaggio per comfort e sicurezza.<\/li>\n<li><strong>Elevata concentrazione di nicotina<\/strong>:\u00a0<strong>5% Nicotina<\/strong>\u00a0per una soddisfazione intensa, particolarmente adatto a fumatori e svapatori che osano il cambiamento.<\/li>\n<\/ul>\n<h3>Perch\u00e9 acquistare Al Fakher Crown Bar 15000 PRO?<\/h3>\n<p>La Al Fakher Crown Bar 15000 PRO \u00e8 stata progettata per ottenere il meglio dall'esperienza di svapo. Offre forti dosi di nicotina, una lunga produzione di vapore e un'ampia selezione di aromi intensi che riflettono alla perfezione l'esperienza di Al Fakher nello sviluppo dei sapori. La sigaretta elettronica \u00e8 perfetta per tutti coloro che cercano un'esperienza di svapo di alta qualit\u00e0, senza complicazioni, senza necessit\u00e0 di rabbocco o ricarica frequente.<\/p>\n<ol>\n<li><strong>Potente piacere a vapore<\/strong>\u00a0\u2013 Fino a 15.000 treni garantiscono ore di piacere a vapore, ideali per giornate e notti lunghe.<\/li>\n<li><strong>Batteria ricaricabile<\/strong>\u00a0\u2013 La batteria da 600mAh di lunga durata garantisce che il vapore non si esaurisca prima che il liquido sia esaurito.<\/li>\n<li><strong>Design facile da usare<\/strong>\u00a0\u2013 Con il display a LED, hai sempre il controllo della tua e-cigarette.<\/li>\n<li><strong>La qualit\u00e0 collaudata di Al Fakhers<\/strong>\u00a0\u2013 Decennale esperienza nello sviluppo di sapori per un'esperienza di svapo senza pari.<\/li>\n<li><strong>Alta concentrazione di nicotina<\/strong>\u00a0- Ideale per tutti coloro che danno valore a un'esperienza di nicotina di alta qualit\u00e0.<\/li>\n<\/ol>\n<h3>Sapore intenso - Variet\u00e0 e autenticit\u00e0<\/h3>\n<p>I sapori della Al Fakher Crown Bar 15000 PRO non sono solo vari, ma offrono anche un'esperienza autentica e intensa che i fan di Al Fakher ameranno. Ecco uno sguardo dettagliato agli aromi:<\/p>\n<h4>Grape Mint - La miscela perfetta di freschezza e dolcezza<\/h4>\n<p>Un sapore inconfondibile che combina la dolcezza e la freschezza succosa dell'uva con un tocco di menta fresca. Il perfetto equilibrio tra dolcezza e freschezza che risveglia le papille gustative e risulta piacevole in qualsiasi momento della giornata.<\/p>\n<ul>\n<li><strong>esperienza gustativa<\/strong>La nota dolce e piena dell'uva viene perfettamente completata da una nota fine di menta e garantisce un finale piacevolmente fresco.<\/li>\n<li><strong>Autenticit\u00e0<\/strong>Al Fakher ha messo la massima attenzione sull'autenticit\u00e0 durante lo sviluppo di questo aroma, in modo che ogni boccata catturi il sapore d'uva fresca.<\/li>\n<li><strong>Applicazione<\/strong>Ideale per gli amanti di aromi freschi e fruttati che cercano un sapore chiaro e intenso.<\/li>\n<\/ul>\n<h4>Ampia variet\u00e0 di aromi da <a href=\"https:\/\/alfakher24h.de\/it\/\">Al Fakher<\/a><\/h4>\n<p>Oltre a Grape Mint, la Al Fakher Crown Bar 15000 PRO offre un'ampia gamma di sapori. Ogni aroma \u00e8 stato accuratamente creato per offrire un piacere di svapo unico e per riflettere perfettamente il mondo dei sapori delle e-cigarette Al Fakher. Che tu preferisca note fruttate, dolci o pi\u00f9 amare, la Crown Bar 15000 ha qualcosa per ogni gusto.<\/p>\n<h3>Come utilizzare la Al Fakher Crown Bar 15000 PRO<a href=\"https:\/\/alfakher24h.de\/it\/\"> alfakher24h.de<\/a>\u00a0acquistare<\/h3>\n<p>Visita alfakher24h.de e sfoglia la nostra vasta selezione di <a href=\"https:\/\/alfakher24h.de\/it\/\">Sigarette elettroniche monouso<\/a>. Come la pi\u00f9 grande piattaforma per vape monouso in Germania, offriamo una selezione esclusiva di prodotti Al Fakher, che convincono per la loro eccellente qualit\u00e0 e caratteristiche innovative.<\/p>\n<p>Scegliete l'Al Fakher Crown Bar 15000 PRO e vivete un\u2019esperienza di svapo senza pari.<\/p>","protected":false},"excerpt":{"rendered":"<p>Visita alfakher24h.de e sfoglia la nostra vasta selezione di <a href=\"https:\/\/alfakher24h.de\/it\/\">Sigarette elettroniche monouso<\/a>. Come la pi\u00f9 grande piattaforma per vape monouso in Germania, offriamo una selezione esclusiva di prodotti Al Fakher, che convincono per la loro eccellente qualit\u00e0 e caratteristiche innovative.<\/p>","protected":false},"featured_media":1670,"comment_status":"open","ping_status":"closed","template":"","meta":{"om_disable_all_campaigns":false},"product_brand":[],"product_cat":[43],"product_tag":[],"class_list":{"0":"post-1669","1":"product","2":"type-product","3":"status-publish","4":"has-post-thumbnail","6":"product_cat-al-fakher-crown-bar-15000","8":"first","9":"outofstock","10":"shipping-taxable","11":"purchasable","12":"product-type-simple"},"_links":{"self":[{"href":"https:\/\/alfakher24h.de\/it\/wp-json\/wp\/v2\/product\/1669","targetHints":{"allow":["GET"]}}],"collection":[{"href":"https:\/\/alfakher24h.de\/it\/wp-json\/wp\/v2\/product"}],"about":[{"href":"https:\/\/alfakher24h.de\/it\/wp-json\/wp\/v2\/types\/product"}],"replies":[{"embeddable":true,"href":"https:\/\/alfakher24h.de\/it\/wp-json\/wp\/v2\/comments?post=1669"}],"wp:featuredmedia":[{"embeddable":true,"href":"https:\/\/alfakher24h.de\/it\/wp-json\/wp\/v2\/media\/1670"}],"wp:attachment":[{"href":"https:\/\/alfakher24h.de\/it\/wp-json\/wp\/v2\/media?parent=1669"}],"wp:term":[{"taxonomy":"product_brand","embeddable":true,"href":"https:\/\/alfakher24h.de\/it\/wp-json\/wp\/v2\/product_brand?post=1669"},{"taxonomy":"product_cat","embeddable":true,"href":"https:\/\/alfakher24h.de\/it\/wp-json\/wp\/v2\/product_cat?post=1669"},{"taxonomy":"product_tag","embeddable":true,"href":"https:\/\/alfakher24h.de\/it\/wp-json\/wp\/v2\/product_tag?post=1669"}],"curies":[{"name":"wp","href":"https:\/\/api.w.org\/{rel}","templated":true}]}}