{"id":1664,"date":"2025-02-15T01:45:09","date_gmt":"2025-02-15T01:45:09","guid":{"rendered":"https:\/\/alfakher24h.de\/?post_type=product&#038;p=1664"},"modified":"2025-05-21T04:35:19","modified_gmt":"2025-05-21T04:35:19","slug":"ai-fakher-corona-bar-15000-zuege-einweg-e-sigaretta-due-mele","status":"publish","type":"product","link":"https:\/\/alfakher24h.de\/it\/prodotto\/ai-fakher-corona-bar-15000-zuege-einweg-e-sigaretta-due-mele\/","title":{"rendered":"AI Fakher Crown Bar 15000 tiri Sigaretta elettronica usa e getta - Two Apple"},"content":{"rendered":"<h2 data-start=\"0\" data-end=\"91\"><strong data-start=\"0\" data-end=\"91\"><a href=\"https:\/\/alfakher24h.de\/it\/\">Al Fakher Crown Bar 15000\u00a0<\/a>- L'esperienza di vaping definitiva con il gusto di Two Apple<\/strong><\/h2>\n<p data-start=\"93\" data-end=\"604\">Immer pi\u00f9 persone si immergono nel mondo dello svapo senza sforzo con la sigaretta elettronica usa e getta Al Fakher Crown Bar 15000 PRO - il dispositivo perfetto per tutti gli appassionati di svapo in Germania! Con incredibili 15.000 tiri, una potente batteria da 600mAh USB-C e 22ml di e-liquid di alta qualit\u00e0, questa sigaretta elettronica usa e getta offre un'esperienza di svapo eccezionale. Ideale per l'uso quotidiano o in viaggio, la Al Fakher Crown Bar garantisce un gusto intenso e un design pratico e facile da usare.<\/p>\n<p data-start=\"606\" data-end=\"650\"><strong data-start=\"606\" data-end=\"650\">Perch\u00e9 la Al Fakher Crown Bar 15000 ?<\/strong><\/p>\n<p data-start=\"652\" data-end=\"983\">La Al Fakher Crown Bar 15000 PRO si distingue per la sua capacit\u00e0 superiore e le funzioni innovative. Non \u00e8 solo un piacere per gli occhi, ma anche un vero punto di forza grazie alle sue prestazioni eccezionali e alla facilit\u00e0 d'uso. Chi cerca un'esperienza di vaping intensa e duratura trova qui ci\u00f2 che cerca.<\/p>\n<p data-start=\"985\" data-end=\"1085\"><strong data-start=\"985\" data-end=\"1085\">Ora sul pi\u00f9 grande negozio online tedesco per sigarette elettroniche usa e getta - <a href=\"https:\/\/alfakher24h.de\/it\/\">\/alfakher24h.d<\/a>e disponibile.<\/strong><\/p>\n<hr data-start=\"1087\" data-end=\"1090\" \/>\n<h3 data-start=\"1092\" data-end=\"1147\"><strong data-start=\"1096\" data-end=\"1147\">Hauptmerkmale der\u00a0<a href=\"https:\/\/alfakher24h.de\/it\/\">Al Fakher Crown Bar 15000\u00a0<\/a><\/strong><\/h3>\n<ul data-start=\"1149\" data-end=\"1762\">\n<li data-start=\"1149\" data-end=\"1247\"><strong data-start=\"1151\" data-end=\"1166\">Numero di soffiate<\/strong>: Oltre 15.000 treni \u2013 una capacit\u00e0 eccezionalmente alta per settimane di divertimento.<\/li>\n<li data-start=\"1248\" data-end=\"1336\"><strong data-start=\"1250\" data-end=\"1272\">Capacit\u00e0 di E-Liquido<\/strong>: 22ml di e-liquid di alta qualit\u00e0 per un gusto intenso e duraturo.<\/li>\n<li data-start=\"1337\" data-end=\"1443\"><strong data-start=\"1339\" data-end=\"1357\">Capacit\u00e0 della batteria<\/strong>: La batteria USB-C da 600mAh garantisce un utilizzo prolungato, fino all'ultima goccia.<\/li>\n<li data-start=\"1444\" data-end=\"1572\"><strong data-start=\"1446\" data-end=\"1463\">Contenuto di nicotina<\/strong>: 5% (50mg) Nicotina per un gusto di vapore forte e pieno, ideale per coloro che passano da un'altra abitudine e per i vapatori esperti.<\/li>\n<li data-start=\"1573\" data-end=\"1656\"><strong data-start=\"1575\" data-end=\"1590\">Display a LED<\/strong>: Mostra sempre lo stato della batteria e il livello di liquido.<\/li>\n<li data-start=\"1657\" data-end=\"1759\"><strong data-start=\"1659\" data-end=\"1679\">Elegante design<\/strong>: Con il logo iconico Al Fakher, che conferisce al dispositivo un tocco di stile.<\/li>\n<\/ul>\n<p>&nbsp;<\/p>\n<h3 data-start=\"1768\" data-end=\"1845\"><strong data-start=\"1772\" data-end=\"1845\">Sperimentate il Sapore Incomparabile - Two Apple di <a href=\"https:\/\/alfakher24h.de\/it\/\">Al Fakher<\/a><\/strong><\/h3>\n<p data-start=\"1847\" data-end=\"2253\">La Al Fakher Crown Bar 15000 PRO offre un'esperienza unica\u00a0<em data-start=\"1912\" data-end=\"1923\">Due mele<\/em>\u00a0Sapore che ispira la cultura dello shisha, portando aromi autentici in ogni svapo.\u00a0<em data-start=\"2018\" data-end=\"2029\">Due mele<\/em>\u00a0unisce il gusto pieno e dolce delle mele verdi e rosse per un'esperienza di vapore fresca e fruttata. Il mix perfetto di dolcezza e freschezza che rinfresca il palato e garantisce un piacere duraturo.<\/p>\n<hr data-start=\"2255\" data-end=\"2258\" \/>\n<h3 data-start=\"2260\" data-end=\"2334\"><strong data-start=\"2264\" data-end=\"2334\">Perch\u00e9 Dovresti Acquistare la Al Fakher Crown Bar 15000 da Noi<\/strong><\/h3>\n<ul data-start=\"2336\" data-end=\"2901\">\n<li data-start=\"2336\" data-end=\"2447\"><strong data-start=\"2338\" data-end=\"2355\">Longevit\u00e0<\/strong>Con 15.000 tiri e una batteria potente, goditi un intenso vaping per giorni.<\/li>\n<li data-start=\"2448\" data-end=\"2554\"><strong data-start=\"2450\" data-end=\"2476\">Facilit\u00e0 d'uso<\/strong>: Nessun riempimento o cambio di cartucce - semplicemente ricarica e goditi.<\/li>\n<li data-start=\"2555\" data-end=\"2685\"><strong data-start=\"2557\" data-end=\"2584\">Autentico sapore<\/strong>: Al Fakher si distingue con il sapore \"Two Apple\" per un aroma unico e intenso.<\/li>\n<li data-start=\"2686\" data-end=\"2797\"><strong data-start=\"2688\" data-end=\"2711\">Facile gestione<\/strong>Ideale per essere utilizzate in viaggio o nella vita di tutti i giorni: compatte, leggere e facili da usare.<\/li>\n<li data-start=\"2798\" data-end=\"2901\"><strong data-start=\"2800\" data-end=\"2820\">Design discreto<\/strong>La forma elegante e compatta pu\u00f2 essere facilmente ripiegata e riposta in qualsiasi tasca.<\/li>\n<\/ul>\n<hr data-start=\"2903\" data-end=\"2906\" \/>\n<h3 data-start=\"2908\" data-end=\"2946\"><strong data-start=\"2912\" data-end=\"2946\">FAQ (Frequently Asked Questions)<\/strong><\/h3>\n<p data-start=\"2948\" data-end=\"3148\"><strong data-start=\"2948\" data-end=\"3026\">1. Quanti tiri posso aspettarmi con Al Fakher Crown Bar 15000 PRO?<\/strong>\u00a0Con questa sigaretta elettronica monouso puoi godere fino a 15.000 tiri, garantendo un'esperienza di svapo di lunga durata.<\/p>\n<p data-start=\"3150\" data-end=\"3305\"><strong data-start=\"3150\" data-end=\"3210\">2. La batteria dell'Al Fakher Crown Bar \u00e8 ricaricabile?<\/strong>\u00a0S\u00ec, la batteria da 600mAh \u00e8 ricaricabile tramite USB-C, quindi puoi ricaricarla quando necessario.<\/p>\n<p data-start=\"3307\" data-end=\"3518\"><strong data-start=\"3307\" data-end=\"3362\">3. Quanto dura il gusto della sigaretta elettronica?<\/strong>\u00a0La Al Fakher Crown Bar 15000 PRO offre una prolungata intensit\u00e0 di gusto grazie alla grande capacit\u00e0 di e-liquid di 22 ml, fino a quando il liquido non \u00e8 esaurito.<\/p>\n<p data-start=\"3520\" data-end=\"3735\"><strong data-start=\"3520\" data-end=\"3575\">Qual \u00e8 il sapore di questa sigaretta elettronica?<\/strong>\u00a0La Al Fakher Crown Bar 15000 PRO arriva con il fresco e fruttato\u00a0<em data-start=\"3648\" data-end=\"3659\">Due mele<\/em>\u00a0Sapore - una miscela di aromi di mele dolci e rinfrescanti.<\/p>\n<p data-start=\"3737\" data-end=\"3926\"><strong data-start=\"3737\" data-end=\"3780\">5. Il dispositivo \u00e8 adatto ai principianti?<\/strong>\u00a0S\u00ec, la Al Fakher Crown Bar 15000 \u00e8 ideale per i principianti, poich\u00e9 \u00e8 facile da usare e non richiede alcuna preparazione o manutenzione.<\/p>\n<hr data-start=\"3928\" data-end=\"3931\" \/>\n<p data-start=\"3933\" data-end=\"4076\" data-is-last-node=\"\">Ordina oggi stesso la tua Al Fakher Crown Bar 15000 PRO e vivi un'esperienza di svapo senza pari - esclusivamente su \/alfakher24h.de!<\/p>\n<p><img loading=\"lazy\" decoding=\"async\" class=\"alignnone wp-image-855 size-full\" title=\"AI Fakher Crown Bar 15000 tiri Sigaretta elettronica usa e getta - Two Apple 3\" src=\"https:\/\/alfakher24h.de\/wp-content\/uploads\/2025\/02\/2AI-Fakher-Crown-Bar-15000-1.webp\" sizes=\"auto, (max-width: 1920px) 100vw, 1920px\" srcset=\"https:\/\/alfakher24h.de\/wp-content\/uploads\/2025\/02\/2AI-Fakher-Crown-Bar-15000-1.webp 1920w, https:\/\/alfakher24h.de\/wp-content\/uploads\/2025\/02\/2AI-Fakher-Crown-Bar-15000-1-300x169.webp 300w, https:\/\/alfakher24h.de\/wp-content\/uploads\/2025\/02\/2AI-Fakher-Crown-Bar-15000-1-1024x576.webp 1024w, https:\/\/alfakher24h.de\/wp-content\/uploads\/2025\/02\/2AI-Fakher-Crown-Bar-15000-1-768x432.webp 768w, https:\/\/alfakher24h.de\/wp-content\/uploads\/2025\/02\/2AI-Fakher-Crown-Bar-15000-1-1536x864.webp 1536w, https:\/\/alfakher24h.de\/wp-content\/uploads\/2025\/02\/2AI-Fakher-Crown-Bar-15000-1-600x338.webp 600w\" alt=\"AI Fakher Crown Bar 15000 tiri Sigaretta elettronica usa e getta - Two Apple\" width=\"1920\" height=\"1080\" \/><\/p>","protected":false},"excerpt":{"rendered":"<p>Ordina oggi stesso la tua Al Fakher Crown Bar 15000 PRO e vivi un'esperienza di svapo senza pari - esclusivamente su \/alfakher24h.de!<\/p>","protected":false},"featured_media":1665,"comment_status":"open","ping_status":"closed","template":"","meta":{"om_disable_all_campaigns":false},"product_brand":[],"product_cat":[43],"product_tag":[],"class_list":{"0":"post-1664","1":"product","2":"type-product","3":"status-publish","4":"has-post-thumbnail","6":"product_cat-al-fakher-crown-bar-15000","8":"first","9":"outofstock","10":"shipping-taxable","11":"purchasable","12":"product-type-simple"},"_links":{"self":[{"href":"https:\/\/alfakher24h.de\/it\/wp-json\/wp\/v2\/product\/1664","targetHints":{"allow":["GET"]}}],"collection":[{"href":"https:\/\/alfakher24h.de\/it\/wp-json\/wp\/v2\/product"}],"about":[{"href":"https:\/\/alfakher24h.de\/it\/wp-json\/wp\/v2\/types\/product"}],"replies":[{"embeddable":true,"href":"https:\/\/alfakher24h.de\/it\/wp-json\/wp\/v2\/comments?post=1664"}],"wp:featuredmedia":[{"embeddable":true,"href":"https:\/\/alfakher24h.de\/it\/wp-json\/wp\/v2\/media\/1665"}],"wp:attachment":[{"href":"https:\/\/alfakher24h.de\/it\/wp-json\/wp\/v2\/media?parent=1664"}],"wp:term":[{"taxonomy":"product_brand","embeddable":true,"href":"https:\/\/alfakher24h.de\/it\/wp-json\/wp\/v2\/product_brand?post=1664"},{"taxonomy":"product_cat","embeddable":true,"href":"https:\/\/alfakher24h.de\/it\/wp-json\/wp\/v2\/product_cat?post=1664"},{"taxonomy":"product_tag","embeddable":true,"href":"https:\/\/alfakher24h.de\/it\/wp-json\/wp\/v2\/product_tag?post=1664"}],"curies":[{"name":"wp","href":"https:\/\/api.w.org\/{rel}","templated":true}]}}