{"id":1631,"date":"2025-02-08T15:05:32","date_gmt":"2025-02-08T15:05:32","guid":{"rendered":"https:\/\/alfakher24h.de\/?post_type=product&#038;p=1631"},"modified":"2025-05-21T05:11:13","modified_gmt":"2025-05-21T05:11:13","slug":"solobar-solo-30000-zuege-einweg-e-zigarette-raspberry-cherry-ice","status":"publish","type":"product","link":"https:\/\/alfakher24h.de\/it\/prodotto\/solobar-solo-30000-zuege-einweg-e-zigarette-raspberry-cherry-ice\/","title":{"rendered":"Solobar Solo 30000 Z\u00fcge Einweg E Zigarette \u2013 Raspberry Cherry Ice\n\n diventa \n\nSolobar Solo 30000 tiri Sigaretta elettronica usa e getta - Raspberry Cherry Ice"},"content":{"rendered":"<div style=\"width: 1020px;\" class=\"wp-video\"><video class=\"wp-video-shortcode\" id=\"video-1631-1\" width=\"1020\" height=\"574\" preload=\"metadata\" controls=\"controls\"><source type=\"video\/mp4\" src=\"https:\/\/alfakher24h.de\/wp-content\/uploads\/2025\/02\/solobar-solo-30000-2.mp4?_=1\" \/><a href=\"https:\/\/alfakher24h.de\/wp-content\/uploads\/2025\/02\/solobar-solo-30000-2.mp4\">https:\/\/alfakher24h.de\/wp-content\/uploads\/2025\/02\/solobar-solo-30000-2.mp4<\/a><\/video><\/div>\n<h2><strong>Solobar Solo 30000 Z\u00fcge Einweg E Zigarette \u2013 La scelta perfetta per esperienze di vaporizzazione eccezionali<\/strong><\/h2>\n<p>La\u00a0<strong>Solobar Solo 30000 Z\u00fcge Einweg E Zigarette \ntraduce a \nSolobar Solo 30000 tiri Sigaretta elettronica usa e getta<\/strong> \u00e8 la scelta ideale per tutti coloro che cercano un'esperienza di vaping di alta qualit\u00e0 e duratura. Nota in Germania per la sua lavorazione di alta qualit\u00e0 e tecnologia innovativa, questa sigaretta elettronica usa e getta offre la combinazione perfetta di prestazioni, gusto e facilit\u00e0 d'uso. Se stai cercando una sigaretta elettronica affidabile, facile da usare e con un gusto intenso, la Solobar Solo 30000 Z\u00fcge Einweg E-Zigarette \u00e8 esattamente ci\u00f2 di cui hai bisogno. Su \/alfakher24h.de, il pi\u00f9 grande rivenditore online di sigarette elettroniche usa e getta in Germania, puoi acquistare comodamente questo prodotto innovativo e godertelo.<\/p>\n<h3><strong>Principali caratteristiche della Solobar Solo 30000 tiri Sigaretta elettronica usa e getta<\/strong><\/h3>\n<p>La\u00a0<strong>Solobar Solo 30000 Z\u00fcge Einweg E Zigarette \ntraduce a \nSolobar Solo 30000 tiri Sigaretta elettronica usa e getta<\/strong>\u00a0Si distingue per la sua dotazione all'avanguardia e il design facile da usare. \u00c8 stata progettata per offrirti l'esperienza di svapo ottimale. Ecco alcune delle caratteristiche eccezionali:<\/p>\n<p><strong>Display LED per monitoraggio semplice<\/strong><\/p>\n<p>Il display LED mostra sempre lo stato attuale della tua e-cigarette. Fornisce informazioni chiare sullo stato di carica e sull'utilizzo della e-cigarette, in modo che tu sappia esattamente quando \u00e8 il momento di goderti la prossima boccata.<\/p>\n<p><strong>30.000 tiri per un piacere duraturo<\/strong><\/p>\n<p>Con un numero impressionante di fino a 30.000 tiri, la sigaretta elettronica usa e getta Solobar Solo 30000 Z\u00fcge \u00e8 particolarmente duratura. Potrete godere appieno il gusto per un lungo periodo di tempo, senza preoccuparvi di frequenti ricariche o problemi di ricarica. Perfetta per essere utilizzata in movimento e per l'uso quotidiano!<\/p>\n<h4><strong>Controllo del flusso d'aria per esperienze di vaporizzazione individuali<\/strong><\/h4>\n<p>La Solobar Solo offre un controllo preciso del flusso d'aria, permettendoti di personalizzare l'esperienza di svapo in base alle tue preferenze. Regola il flusso d'aria per ottenere una produzione di vapore pi\u00f9 intensa o una tirata pi\u00f9 calma e delicata.<\/p>\n<h4><strong>Potenza potente con uscita di potenza 10-30W<\/strong><\/h4>\n<p>Con una potenza di 10-30W, la Solobar Solo garantisce che si abbia sempre una produzione di vapore costante e potente. Non dovrai preoccuparti di tiri deboli: ogni tiro si sente forte e pieno.<\/p>\n<h4><strong>Batteria da 880 mAh per un piacere ininterrotto<\/strong><\/h4>\n<p>La batteria da 880 mAh garantisce una lunga durata della sigaretta elettronica. \u00c8 ricaricabile, in modo da poter ricaricare velocemente la Solobar Solo quando necessario, senza rinunciare alla fantastica esperienza di svapo.<\/p>\n<h4><strong>Luce ambientale per un tocco aggiuntivo<\/strong><\/h4>\n<p>La Solobar Solo dispone di una luce ambientale che completa perfettamente il design della sigaretta elettronica. Pu\u00f2 essere accesa o spenta in base alle esigenze, in modo da poter attivare la luce in base all'umore o al bisogno.<\/p>\n<h4><strong>Bobina a doppia maglia per un gusto intenso<\/strong><\/h4>\n<p>La bobina a doppia maglia garantisce un'evaporazione ancora pi\u00f9 uniforme e intensa. Ci\u00f2 significa che ogni tiro \u00e8 pieno di sapore e vapore. Sentirai l'aroma affumicato e dolce del tuo gusto preferito in ogni nuvola di vapore.<\/p>\n<h4><strong>Adatto ai principianti<\/strong><\/h4>\n<p>La Solobar Solo \u00e8 stata progettata per essere adatta a tutti i livelli di esperienza dei vaporizzatori. \u00c8 facile da usare e non richiede una configurazione complicata. Sia che tu sia un principiante o un utente esperto di vaporizzatori, questa e-cig offre un'esperienza fluida e piacevole.<\/p>\n<h3><strong>Contenuto del prodotto e volume di consegna<\/strong><\/h3>\n<p>Se si iscrive alla\u00a0<strong>Solobar Solo 30000 tiri Sigaretta elettronica usa e getta<\/strong>\u00a0Decidere, riceverai un set completo che ti offre tutto ci\u00f2 di cui hai bisogno per un'esperienza di svapo fantastica:<\/p>\n<ul>\n<li>1 x\u00a0<strong>SOLOBAR Solo 30K 30000 Vape \n\nbecomes \n\nSOLOBAR Solo 30K 30000 Vape<\/strong>\u00a0Sigaretta elettronica<\/li>\n<\/ul>\n<p>Tutto ci\u00f2 che devi fare \u00e8 prendere il dispositivo dalla confezione e iniziare subito a svapare. Non potrebbe essere pi\u00f9 facile!<\/p>\n<h3><strong>Intensi e indimenticabili aromi - Raspberry Cherry Ice<\/strong><\/h3>\n<p>Il gusto \u00e8 un fattore decisivo quando si tratta di svapare, e la\u00a0<strong>Solobar Solo 30000 Z\u00fcge Einweg E Zigarette \ntraduce a \nSolobar Solo 30000 tiri Sigaretta elettronica usa e getta<\/strong>\u00a0lascia a questo proposito nessun desiderio insoddisfatto. Da sottolineare in particolare la popolare\u00a0<strong>Raspberry Cherry Ice<\/strong>Un sapore che fornisce una vera esplosione di gusto in questa sigaretta elettronica.<\/p>\n<h4><strong>Raspberry Cherry Ice - Un'esperienza di gusto per i sensi<\/strong><\/h4>\n<p>La\u00a0<strong>Raspberry Cherry Ice<\/strong>Questa combinazione di sapori unisce la dolcezza delle more mature con la nota fruttata delle ciliegie e un fresco refrigerante, che dona al vaping una fresca sensazione di freddo. Immagina di addentare un succoso lampone e una ciliegia fresca, mentre un soffio rinfrescante di ghiaccio avvolge i tuoi sensi - esattamente cos\u00ec si sente ogni tiro di questa sigaretta elettronica.<\/p>\n<p>Il gusto della\u00a0<strong>Raspberry Cherry Ice<\/strong>La sigaretta elettronica monouso \u00e8 perfettamente bilanciata. La dolcezza dei frutti \u00e8 completata dalla freschezza ghiacciata, senza che nessuno dei due aspetti sia sopraffatto. Ogni tiro offre una miscela armoniosa di dolcezza fruttata e freschezza rinfrescante, particolarmente adatta nelle giornate estive calde o in ogni occasione per un'esperienza rinfrescante.<\/p>\n<p>Questi aromi non sono solo particolarmente piacevoli, ma anche di lunga durata. Durante tutta l'esperienza di svapo, il gusto rimane fresco e delizioso: ideale per tutti coloro che cercano un'esperienza gustativa unica e di lunga durata.<\/p>\n<h3><strong>Perch\u00e9 dovresti comprare la Solobar Solo 30000 Z\u00fcge Einweg E Zigarette?<\/strong><\/h3>\n<h4><strong>1. Longevit\u00e0 e comfort<\/strong><\/h4>\n<p>Con 30.000 tiri non dovrai preoccuparti di ricaricare o sostituire continuamente la sigaretta elettronica. Ci\u00f2 significa meno stress e pi\u00f9 tempo per goderti appieno la vaporizzazione.<\/p>\n<h4><strong>2. Facile utilizzo per tutti<\/strong><\/h4>\n<p>La sigaretta elettronica usa e getta Solobar Solo 30000 tiri \u00e8 particolarmente facile da usare. \u00c8 pronta all'uso immediato, non richiede una complicata configurazione ed \u00e8 ideale sia per i principianti che per gli svapatori esperti.<\/p>\n<h4><strong>3. Aromi perfetti<\/strong><\/h4>\n<p>La\u00a0<strong>Raspberry Cherry Ice<\/strong>offre un'esperienza di gusto senza pari. La miscela di frutta dolce e ghiaccio rinfrescante garantisce un piacere che non vorrete pi\u00f9 perdere.<\/p>\n<h4><strong>4. Tecnologia pi\u00f9 avanzata<\/strong><\/h4>\n<p>Con funzioni come un display LED, Airflow Control, Dual Mesh Coil e una batteria potente, la Solobar Solo 30000 Z\u00fcge Einweg E Zigarette offre prestazioni eccezionali e un'esperienza di svapo unica.<\/p>\n<h4><strong>5. Ideale per unterwegs<\/strong><\/h4>\n<p>Grazie al design compatto e alla lunga durata, la Solobar Solo \u00e8 la scelta perfetta per essere sempre con te. Puoi facilmente trasportarla nella tua borsa e godertela in qualsiasi momento.<\/p>\n<p><img loading=\"lazy\" decoding=\"async\" class=\"alignnone wp-image-1855 size-full\" title=\"Solobar Solo 30000 Z\u00fcge Einweg E Zigarette - Raspberry Cherry Ice 2 becomes Solobar Solo 30000 Tiri Sigaretta Elettronica Monouso - Raspberry Cherry Ice 2\" src=\"https:\/\/alfakher24h.de\/wp-content\/uploads\/2025\/02\/solobar-solo-30000-4.webp\" sizes=\"auto, (max-width: 1024px) 100vw, 1024px\" srcset=\"https:\/\/alfakher24h.de\/wp-content\/uploads\/2025\/02\/solobar-solo-30000-4.webp 1024w, https:\/\/alfakher24h.de\/wp-content\/uploads\/2025\/02\/solobar-solo-30000-4-300x174.webp 300w, https:\/\/alfakher24h.de\/wp-content\/uploads\/2025\/02\/solobar-solo-30000-4-768x446.webp 768w, https:\/\/alfakher24h.de\/wp-content\/uploads\/2025\/02\/solobar-solo-30000-4-18x10.webp 18w, https:\/\/alfakher24h.de\/wp-content\/uploads\/2025\/02\/solobar-solo-30000-4-600x348.webp 600w\" alt=\"Solobar Solo 30000 Z\u00fcge Einweg E Zigarette - Mela Ciliegia Ghiaccio\" width=\"1024\" height=\"594\" \/><\/p>\n<div class=\"flex-1 overflow-hidden @container\/thread\">\n<div class=\"h-full\">\n<div class=\"react-scroll-to-bottom--css-kyafg-79elbk h-full\">\n<div class=\"react-scroll-to-bottom--css-kyafg-1n7m0yu\">\n<div class=\"flex flex-col text-sm md:pb-9\">\n<article class=\"w-full scroll-mb-[var(--thread-trailing-height,150px)] text-token-text-primary focus-visible:outline-2 focus-visible:outline-offset-[-4px]\" dir=\"auto\" data-testid=\"conversation-turn-3\" data-scroll-anchor=\"true\">\n<div class=\"m-auto text-base py-[18px] px-3 md:px-4 w-full md:px-5 lg:px-4 xl:px-5\">\n<div class=\"mx-auto flex flex-1 gap-4 text-base md:gap-5 lg:gap-6 md:max-w-3xl lg:max-w-[40rem] xl:max-w-[48rem]\">\n<div class=\"group\/conversation-turn relative flex w-full min-w-0 flex-col agent-turn\">\n<div class=\"flex-col gap-1 md:gap-3\">\n<div class=\"flex max-w-full flex-col flex-grow\">\n<div class=\"min-h-8 text-message flex w-full flex-col items-end gap-2 whitespace-normal break-words text-start [.text-message+&amp;]:mt-5\" dir=\"auto\" data-message-author-role=\"assistant\" data-message-id=\"fda66e34-14d2-41e7-8c3d-231a0be2fd20\" data-message-model-slug=\"gpt-4o\">\n<div class=\"flex w-full flex-col gap-1 empty:hidden first:pt-[3px]\">\n<div class=\"markdown prose w-full break-words dark:prose-invert light\">\n<div class=\"flex-1 overflow-hidden @container\/thread\">\n<div class=\"h-full\">\n<div class=\"react-scroll-to-bottom--css-uwpvj-79elbk h-full\">\n<div class=\"react-scroll-to-bottom--css-uwpvj-1n7m0yu\">\n<div class=\"flex flex-col text-sm md:pb-9\">\n<article class=\"w-full scroll-mb-[var(--thread-trailing-height,150px)] text-token-text-primary focus-visible:outline-2 focus-visible:outline-offset-[-4px]\" dir=\"auto\" data-testid=\"conversation-turn-3\" data-scroll-anchor=\"true\">\n<div class=\"m-auto text-base py-[18px] px-3 md:px-4 w-full md:px-5 lg:px-4 xl:px-5\">\n<div class=\"mx-auto flex flex-1 gap-4 text-base md:gap-5 lg:gap-6 md:max-w-3xl lg:max-w-[40rem] xl:max-w-[48rem]\">\n<div class=\"group\/conversation-turn relative flex w-full min-w-0 flex-col agent-turn\">\n<div class=\"flex-col gap-1 md:gap-3\">\n<div class=\"flex max-w-full flex-col flex-grow\">\n<div class=\"min-h-8 text-message flex w-full flex-col items-end gap-2 whitespace-normal break-words text-start [.text-message+&amp;]:mt-5\" dir=\"auto\" data-message-author-role=\"assistant\" data-message-id=\"6f1c4ac8-ea94-4f09-b7d1-13a9a5054a86\" data-message-model-slug=\"gpt-4o\">\n<div class=\"flex w-full flex-col gap-1 empty:hidden first:pt-[3px]\">\n<div class=\"markdown prose w-full break-words dark:prose-invert light\">\n<h3>**6. Acquista su \/alfakher24h.de<\/h3>\n<p>Se sei alla ricerca di una di alta qualit\u00e0\u00a0<strong>Sigaretta elettronica usa e getta<\/strong> In Germania, il sito \/alfakher24h.de \u00e8 la prima scelta. Siamo il pi\u00f9 grande rivenditore online per\u00a0<strong>Sigarette elettroniche monouso con nicotina<\/strong>\u00a0E offrono una vasta selezione di prodotti di alta qualit\u00e0. Acquista ora la Solobar Solo 30000 Z\u00fcge Einweg E Zigarette e goditi un'esperienza di svapo senza pari!<\/p>\n<h2><strong>Conclusione<\/strong><\/h2>\n<p>La\u00a0<strong>Solobar Solo 30000 Z\u00fcge Einweg E Zigarette \ntraduce a \nSolobar Solo 30000 tiri Sigaretta elettronica usa e getta<\/strong>\u00a0\u00e8 pi\u00f9 di un semplice prodotto per la vaporizzazione: \u00e8 una soluzione personalizzata per tutti coloro che cercano un'esperienza di svapo duratura, saporita e facile da usare. Con la\u00a0<strong>Raspberry Cherry Ice<\/strong>Ogni sapore rende ogni svapo un vero piacere. Acquista ora su \/alfakher24h.de e scopri il vaping a un nuovo livello!<\/p>\n<\/div>\n<\/div>\n<\/div>\n<\/div>\n<\/div>\n<\/div>\n<\/div>\n<\/div>\n<\/article>\n<\/div>\n<\/div>\n<\/div>\n<\/div>\n<\/div>\n<\/div>\n<\/div>\n<\/div>\n<\/div>\n<\/div>\n<\/div>\n<\/div>\n<\/div>\n<\/article>\n<\/div>\n<\/div>\n<\/div>\n<\/div>\n<\/div>","protected":false},"excerpt":{"rendered":"<p><strong>Solobar Solo 30000 Z\u00fcge Einweg E Zigarette \ntraduce a \nSolobar Solo 30000 tiri Sigaretta elettronica usa e getta<\/strong>\u00a0\u00c8 pi\u00f9 di un semplice prodotto per svapare: \u00e8 una soluzione personalizzata per tutti coloro che cercano un'esperienza di lunga durata.<\/p>","protected":false},"featured_media":1630,"comment_status":"open","ping_status":"closed","template":"","meta":{"om_disable_all_campaigns":false},"product_brand":[],"product_cat":[41],"product_tag":[],"class_list":{"0":"post-1631","1":"product","2":"type-product","3":"status-publish","4":"has-post-thumbnail","6":"product_cat-solobar-solo-30000","8":"first","9":"outofstock","10":"shipping-taxable","11":"purchasable","12":"product-type-simple"},"_links":{"self":[{"href":"https:\/\/alfakher24h.de\/it\/wp-json\/wp\/v2\/product\/1631","targetHints":{"allow":["GET"]}}],"collection":[{"href":"https:\/\/alfakher24h.de\/it\/wp-json\/wp\/v2\/product"}],"about":[{"href":"https:\/\/alfakher24h.de\/it\/wp-json\/wp\/v2\/types\/product"}],"replies":[{"embeddable":true,"href":"https:\/\/alfakher24h.de\/it\/wp-json\/wp\/v2\/comments?post=1631"}],"wp:featuredmedia":[{"embeddable":true,"href":"https:\/\/alfakher24h.de\/it\/wp-json\/wp\/v2\/media\/1630"}],"wp:attachment":[{"href":"https:\/\/alfakher24h.de\/it\/wp-json\/wp\/v2\/media?parent=1631"}],"wp:term":[{"taxonomy":"product_brand","embeddable":true,"href":"https:\/\/alfakher24h.de\/it\/wp-json\/wp\/v2\/product_brand?post=1631"},{"taxonomy":"product_cat","embeddable":true,"href":"https:\/\/alfakher24h.de\/it\/wp-json\/wp\/v2\/product_cat?post=1631"},{"taxonomy":"product_tag","embeddable":true,"href":"https:\/\/alfakher24h.de\/it\/wp-json\/wp\/v2\/product_tag?post=1631"}],"curies":[{"name":"wp","href":"https:\/\/api.w.org\/{rel}","templated":true}]}}