{"id":1600,"date":"2025-02-05T05:10:39","date_gmt":"2025-02-05T05:10:39","guid":{"rendered":"https:\/\/alfakher24h.de\/?post_type=product&#038;p=1600"},"modified":"2025-05-21T05:11:14","modified_gmt":"2025-05-21T05:11:14","slug":"1600","status":"publish","type":"product","link":"https:\/\/alfakher24h.de\/it\/prodotto\/1600\/","title":{"rendered":"Solobar Solo 30000 Z\u00fcge Einweg E Zigarette \u2013 Mango Ice\n\ntraduzione:\n Solobar Solo 30000 tiri Sigaretta elettronica usa e getta - Mango Ice"},"content":{"rendered":"<h2>Solobar Solo 30000 Z\u00fcge Einweg E-Zigarette \u2013 Perfekte Wahl f\u00fcr Einsteiger und Profis \n\nbecomes \n\nSolobar Solo 30000 tiri Sigaretta elettronica usa e getta - Scelta perfetta per principianti e professionisti<\/h2>\n<p>La\u00a0<a href=\"https:\/\/alfakher24h.de\/it\/\"><strong>Solobar Solo 30000 Z\u00fcge Einweg E Zigarette \ntraduce a \nSolobar Solo 30000 tiri Sigaretta elettronica usa e getta<\/strong><\/a>\u00a0\u00c8 il dispositivo ideale per tutti coloro che sono alla ricerca di uno\u00a0<strong>ad alte prestazioni, durevoli<\/strong>\u00a0und\u00a0<strong>facili da usare<\/strong>\u00a0Vape sono. Con una straordinaria\u00a0<strong>Capacit\u00e0 di 30.000 treni<\/strong>\u00a0offre questo modello un'esperienza senza pari\u00a0<strong>Durata di vita<\/strong>, che lo rende la scelta migliore per gli utenti che danno valore al godimento continuo e al comfort. In questo articolo scoprirete tutto su\u00a0<strong>Solobar Solo 30000 Z\u00fcge Einweg E Zigarette \ntraduce a \nSolobar Solo 30000 tiri Sigaretta elettronica usa e getta<\/strong>loro\u00a0<strong>Funzionalit\u00e0<\/strong>, che\u00a0<strong>descrizione dettagliata del gusto<\/strong> e perch\u00e9 dovresti acquistarlo sulla nostra piattaforma alfakher24h.de - la pi\u00f9 grande piattaforma di vendita online per\u00a0<strong>Disposable Vapes in Germania<\/strong>.<\/p>\n<h3>Perch\u00e9 la Solobar Solo 30000 Z\u00fcge Einweg E-Zigarette?<\/h3>\n<p>In un mondo in cui il mercato per\u00a0<a href=\"https:\/\/alfakher24h.de\/it\/\"><strong>Sigarette elettroniche monouso<\/strong>\u00a0<\/a>costantemente cresce, ha la\u00a0<strong>Solobar Solo 30000 Tiri<\/strong>\u00a0una posizione notevole. Questa\u00a0<strong>con nicotina<\/strong>\u00a0fornita\u00a0<strong>Vape<\/strong>\u00a0offre non solo un'impressione\u00a0<strong>Produzione di vapore<\/strong>\u00a0e uno\u00a0<strong>esperienza gustativa ricca<\/strong>ma anche numerose funzionalit\u00e0 pratiche che rendono la vaporizzazione un'esperienza piacevole. \u00c8 perfetta per i principianti e per i vaporizzatori esperti che cercano un dispositivo semplice, pronto all'uso immediato. Indipendentemente dal fatto che tu sia un principiante o un utente esperto,\u00a0<strong>Solobar Solo<\/strong>\u00a0Sia che tu lo stia provando per la prima volta o che tu sia gi\u00e0 un esperto di svapo, questo modello superer\u00e0 sicuramente le tue aspettative.<\/p>\n<h3>Eccellenti caratteristiche della Solobar Solo 30000 tiri Sigaretta elettronica usa e getta<\/h3>\n<p>La\u00a0<strong>Solobar Solo 30000 Z\u00fcge Einweg E Zigarette \ntraduce a \nSolobar Solo 30000 tiri Sigaretta elettronica usa e getta<\/strong>\u00a0offre numerose funzioni che rendono la vaporizzazione pi\u00f9 piacevole e facile da usare. Ecco le caratteristiche principali:<\/p>\n<ul>\n<li><strong>Schermo display a LED<\/strong>Un pratico\u00a0<strong>Display a LED<\/strong>\u00a0visualizza lo stato attuale e la durata di utilizzo rimanente, in modo che tu sappia sempre esattamente quanto durer\u00e0 ancora il dispositivo.<\/li>\n<li><strong>30.000 treni<\/strong>Con un'estremamente alta\u00a0<strong>Capacit\u00e0 del treno<\/strong>\u00a0Questo dispositivo \u00e8 particolarmente durevole e ideale per lunghe esperienze di svapo. 30.000 tiri significano che puoi goderti a lungo senza preoccuparti di ricaricare o sostituire la sigaretta elettronica.<\/li>\n<li><strong>Controllo del flusso d'aria<\/strong>: Adatta il flusso d'aria secondo le tue preferenze. Ci\u00f2 ti consente di regolare individualmente la resistenza e l'intensit\u00e0 del vapore e quindi di creare l'esperienza di svapo perfetta.<\/li>\n<li><strong>10-30W Potenza di uscita<\/strong>Una\u00a0<strong>variabile di potenza<\/strong>\u00a0consente di regolare la potenza in base all'intensit\u00e0 del vapore desiderata, permettendo un controllo pi\u00f9 preciso dell'esperienza di svapo.<\/li>\n<li><strong>880 mAh batteria<\/strong>La batteria \u00e8\u00a0<strong>ricaricabile<\/strong>, il che significa che \u00e8 possibile utilizzare il dispositivo per un lungo periodo di tempo senza doverlo ricaricare frequentemente. Una capacit\u00e0 elevata garantisce che la vaporizzazione rimanga costante per molte tirate.<\/li>\n<li><strong>Luce ambientale On\/Off<\/strong>: Un affascinante\u00a0<strong>Luce ambientale<\/strong>\u00a0Rende il vaping non solo funzionale, ma anche visivamente attraente. Conferisce al tuo dispositivo un aspetto elegante e moderno.<\/li>\n<li><strong>Dual Mesh Coil<\/strong>: La\u00a0<strong>Tecnologia Dual Mesh Coil<\/strong>\u00a0garantisce un riscaldamento uniforme e una migliore evoluzione del gusto, rendendo ogni tiro pi\u00f9 intenso e soddisfacente.<\/li>\n<li><strong>Amichevole per l'utente<\/strong>La sigaretta elettronica usa e getta Solobar Solo 30000 tiri \u00e8 particolarmente\u00a0<strong>amichevole per i principianti<\/strong>\u00a0e non richiede un funzionamento complicato. Semplicemente\u00a0<strong>indossare<\/strong>\u00a0e godere - non ci sono impostazioni tecniche o ricariche che devi effettuare.<\/li>\n<\/ul>\n<h2><img loading=\"lazy\" decoding=\"async\" class=\"alignnone wp-image-1853 size-full\" title=\"Solobar Solo 30000 Z\u00fcge Einweg E Zigarette - Mango Ice 2 becomes Solobar Solo 30000 tiri Sigaretta elettronica usa e getta - Mango Ice 2\" src=\"https:\/\/alfakher24h.de\/wp-content\/uploads\/2025\/02\/solobar-solo-30000-2.webp\" sizes=\"auto, (max-width: 1024px) 100vw, 1024px\" srcset=\"https:\/\/alfakher24h.de\/wp-content\/uploads\/2025\/02\/solobar-solo-30000-2.webp 1024w, https:\/\/alfakher24h.de\/wp-content\/uploads\/2025\/02\/solobar-solo-30000-2-300x145.webp 300w, https:\/\/alfakher24h.de\/wp-content\/uploads\/2025\/02\/solobar-solo-30000-2-768x371.webp 768w, https:\/\/alfakher24h.de\/wp-content\/uploads\/2025\/02\/solobar-solo-30000-2-18x9.webp 18w, https:\/\/alfakher24h.de\/wp-content\/uploads\/2025\/02\/solobar-solo-30000-2-600x289.webp 600w\" alt=\"Solobar Solo 30000 tiri Sigaretta elettronica usa e getta - Mango Ice \" width=\"1024\" height=\"494\" \/><\/h2>\n<h3>Descrizione dettagliata del gusto Mango Ice<\/h3>\n<p>Uno dei pi\u00f9 eminenti\u00a0<strong>Sapore<\/strong>\u00a0il\u00a0<a href=\"https:\/\/alfakher24h.de\/it\/\"><strong>Solobar Solo 30000 tiri Sigaretta elettronica usa e getta<\/strong><\/a>\u00a0\u00e8\u00a0<strong>Mango Ice<\/strong>Questa combinazione di sapori unisce la dolcezza tropicale delle\u00a0<strong>Mango<\/strong>\u00a0con un rinfrescante\u00a0<strong>Sapore di ghiaccio<\/strong>che porta a un particolarmente\u00a0<strong>raffreddare<\/strong>ma\u00a0<strong>dolce-fruttato<\/strong>\u00a0Esperienza di vapore conduce.<\/p>\n<h4>Mango: un'esplosione di frutta<\/h4>\n<p>La\u00a0<strong>Mango<\/strong>\u00a0\u00e8 noto per la sua intensa dolcezza e il suo gusto esotico. Ogni tiro della\u00a0<strong>Mango Ice<\/strong>\u00a0E-Zigarette bringt den vollen Geschmack einer \n\nE-cigarette offre il gusto pieno di una\u00a0<strong>mango matura raccolta<\/strong>\u00a0emerge, che vizia i sensi con la sua dolcezza fresca e succosa. Il sapore naturale della mango rimane meravigliosamente autentico e non falsato, il che conferisce all'esperienza di svapo una dimensione rinfrescante e tuttavia ricca.<\/p>\n<h4>Ghiaccio: Il calcio fresco<\/h4>\n<p>La\u00a0<strong>Ghiaccio<\/strong>-Note dona al gusto una piacevole freschezza, particolarmente apprezzata nelle calde giornate estive o per coloro che amano il\u00a0<strong>effetto rinfrescante<\/strong>\u00a0offre un rinfrescante benvenuto. Questo effetto rinfrescante completa perfettamente l'esperienza di gusto e si prende cura di un\u00a0<strong>equilibrato<\/strong>ma allo stesso tempo un intenso vapore. L'interazione di\u00a0<strong>dolce mango<\/strong>\u00a0und\u00a0<strong>gelato rinfrescante<\/strong>\u00a0Crea un equilibrio armonioso tra freschezza e fruttosit\u00e0, che placa la sete di piacere per tutto il giorno.<\/p>\n<h4>Perfetta miscela per tutti i gusti<\/h4>\n<p>La\u00a0<strong>Mango Ice<\/strong>Questa combinazione di sapori \u00e8 adatta a tutti coloro che cercano un'esperienza di svapo fresca e fruttata. Sia che tu sia un esperto di svapo o che tu stia appena iniziando, questo sapore offre la perfetta combinazione di freschezza e dolcezza. La combinazione di mango e ghiaccio fa s\u00ec che non dovrai mai pi\u00f9 cercare un altro sapore. Ogni tiro \u00e8 una piccola avventura per i sensi!<\/p>\n<h3>Perch\u00e9 dovresti comprare la sigaretta elettronica usa e getta Solobar Solo 30000 tiri su alfakher24h.de?<\/h3>\n<p>alfakher24h.de \u00e8 il principale mercato online per <strong>Sigarette elettroniche monouso in Germania<\/strong>Se sei alla ricerca di una\u00a0<strong>e-cigarette di alta qualit\u00e0<\/strong>\u00a0che sono, che Lei in\u00a0<strong>Deutschland<\/strong>\u00a0velocemente e in sicurezza, la nostra piattaforma \u00e8 la scelta ideale. Offriamo non solo prodotti di alta qualit\u00e0\u00a0<strong>Vapes<\/strong>ma anche un servizio clienti eccellente e un processo di ordinazione facile da usare.<\/p>\n<h3>Vantaggi quando si acquista su <a href=\"https:\/\/alfakher24h.de\/it\/\">alfakher24h.de<\/a><\/h3>\n<ul>\n<li><strong>Consegna rapida<\/strong>: La tua ordinazione verr\u00e0 consegnata velocemente e in modo affidabile.<\/li>\n<li><strong>Ampia selezione<\/strong>Trovare una vasta selezione di\u00a0<strong>Vape monouso<\/strong>\u00a0e accessori.<\/li>\n<li><strong>Pagamento sicuro<\/strong>Offriamo metodi di pagamento sicuri per i tuoi ordini.<\/li>\n<li><strong>Supporto clienti<\/strong>Il nostro cordiale team di supporto sar\u00e0 felice di aiutarla con tutte le domande relative al suo ordine.<\/li>\n<\/ul>\n<h3>Conclusione: Solobar Solo 30000 tiri Sigaretta elettronica usa e getta - La scelta per vaporizzatori esigenti<\/h3>\n<p>La\u00a0<strong>Solobar Solo 30000 Z\u00fcge Einweg E Zigarette \ntraduce a \nSolobar Solo 30000 tiri Sigaretta elettronica usa e getta<\/strong>\u00a0\u00e8 una delle\u00a0<strong>le migliori e-cigarette sul mercato<\/strong>Con una lunga durata di vita, un\u00a0<strong>sapore ricco<\/strong>\u00a0Ecco la traduzione:\n \n E con caratteristiche innovative, questo modello \u00e8 una scelta eccellente per coloro che vogliono portare il vaping al livello successivo. Se stai cercando un'opzione affidabile e saporita\u00a0<strong>Sigaretta elettronica usa e getta<\/strong>\u00a0cercare, dovreste\u00a0<strong>Solobar Solo 30000 Tiri<\/strong>\u00a0Provate assolutamente. Visitate oggi stesso alfakher24h.de e comprate le\u00a0<strong>migliore sigaretta elettronica usa e getta<\/strong>\u00a0in Germania.<\/p>","protected":false},"excerpt":{"rendered":"<p><strong>Solobar Solo 30000 Z\u00fcge Einweg E Zigarette \ntraduce a \nSolobar Solo 30000 tiri Sigaretta elettronica usa e getta<\/strong>\u00a0\u00e8 una delle\u00a0<strong>le migliori e-cigarette sul mercato<\/strong>Con una lunga durata di vita, un\u00a0<strong>sapore ricco<\/strong>\u00a0E con le sue caratteristiche innovative, questo modello \u00e8 una scelta eccellente per tutti coloro che vogliono portare il vaping al livello successivo<\/p>","protected":false},"featured_media":1601,"comment_status":"open","ping_status":"closed","template":"","meta":{"om_disable_all_campaigns":false},"product_brand":[],"product_cat":[41],"product_tag":[],"class_list":{"0":"post-1600","1":"product","2":"type-product","3":"status-publish","4":"has-post-thumbnail","6":"product_cat-solobar-solo-30000","8":"first","9":"outofstock","10":"shipping-taxable","11":"purchasable","12":"product-type-simple"},"_links":{"self":[{"href":"https:\/\/alfakher24h.de\/it\/wp-json\/wp\/v2\/product\/1600","targetHints":{"allow":["GET"]}}],"collection":[{"href":"https:\/\/alfakher24h.de\/it\/wp-json\/wp\/v2\/product"}],"about":[{"href":"https:\/\/alfakher24h.de\/it\/wp-json\/wp\/v2\/types\/product"}],"replies":[{"embeddable":true,"href":"https:\/\/alfakher24h.de\/it\/wp-json\/wp\/v2\/comments?post=1600"}],"wp:featuredmedia":[{"embeddable":true,"href":"https:\/\/alfakher24h.de\/it\/wp-json\/wp\/v2\/media\/1601"}],"wp:attachment":[{"href":"https:\/\/alfakher24h.de\/it\/wp-json\/wp\/v2\/media?parent=1600"}],"wp:term":[{"taxonomy":"product_brand","embeddable":true,"href":"https:\/\/alfakher24h.de\/it\/wp-json\/wp\/v2\/product_brand?post=1600"},{"taxonomy":"product_cat","embeddable":true,"href":"https:\/\/alfakher24h.de\/it\/wp-json\/wp\/v2\/product_cat?post=1600"},{"taxonomy":"product_tag","embeddable":true,"href":"https:\/\/alfakher24h.de\/it\/wp-json\/wp\/v2\/product_tag?post=1600"}],"curies":[{"name":"wp","href":"https:\/\/api.w.org\/{rel}","templated":true}]}}