{"id":1596,"date":"2025-02-05T05:04:03","date_gmt":"2025-02-05T05:04:03","guid":{"rendered":"https:\/\/alfakher24h.de\/?post_type=product&#038;p=1596"},"modified":"2025-05-21T05:11:14","modified_gmt":"2025-05-21T05:11:14","slug":"solobar-solo-30000-zuege-einweg-e-sigigelon-watermelon-ice","status":"publish","type":"product","link":"https:\/\/alfakher24h.de\/it\/prodotto\/solobar-solo-30000-zuege-einweg-e-sigigelon-watermelon-ice\/","title":{"rendered":"Solobar Solo 30000 Z\u00fcge Einweg E Zigarette \u2013 Watermelon Ice \ntraduzione non necessaria per \"Solobar Solo 30000 Z\u00fcge Einweg E Zigarette \u2013 Watermelon Ice\"\n \nrisultato:\nSolobar Solo 30000 Z\u00fcge Einweg E Zigarette \u2013 Watermelon Ice"},"content":{"rendered":"<div style=\"width: 1020px;\" class=\"wp-video\"><video class=\"wp-video-shortcode\" id=\"video-1596-1\" width=\"1020\" height=\"574\" preload=\"metadata\" controls=\"controls\"><source type=\"video\/mp4\" src=\"https:\/\/alfakher24h.de\/wp-content\/uploads\/2025\/02\/solobar-solo-30000-2.mp4?_=1\" \/><a href=\"https:\/\/alfakher24h.de\/wp-content\/uploads\/2025\/02\/solobar-solo-30000-2.mp4\">https:\/\/alfakher24h.de\/wp-content\/uploads\/2025\/02\/solobar-solo-30000-2.mp4<\/a><\/video><\/div>\n<h2><strong>Solobar Solo 30000 Z\u00fcge Einweg E Zigarette \u2013 La scelta definitiva per i vaporizzatori in Germania<\/strong><\/h2>\n<p>La\u00a0<a href=\"https:\/\/alfakher24h.de\/it\/\"><strong>Solobar Solo 30000 Z\u00fcge Einweg E Zigarette \ntraduce a \nSolobar Solo 30000 tiri Sigaretta elettronica usa e getta<\/strong><\/a>\u00a0\u00c8 un vero capolavoro nel mondo delle sigarette elettroniche. Per i vapers che cercano un prodotto innovativo, facile da usare e potente, questa sigaretta elettronica usa e getta offre un'esperienza di svapo senza pari. Con 30.000 tiri, un controllo preciso del flusso d'aria e una tecnologia avanzata a doppia bobina mesh, la Solobar Solo 30000 si distingue dalle altre sigarette elettroniche usa e getta sul mercato. Scopriamo nel dettaglio le numerose caratteristiche e vantaggi di questo prodotto.<\/p>\n<hr \/>\n<h3><strong>Descrizione del prodotto<\/strong><\/h3>\n<p>La\u00a0<strong>Solobar Solo 30000 Z\u00fcge Einweg E Zigarette \ntraduce a \nSolobar Solo 30000 tiri Sigaretta elettronica usa e getta<\/strong>\u00a0\u00e8 pi\u00f9 di una semplice sigaretta elettronica usa e getta convenzionale. \u00c8 stata progettata specificamente per i vaporizzatori che cercano una lunga durata, prestazioni eccezionali e un'esperienza di gusto senza pari. Con il suo impressionante conteggio di\u00a0<strong>30.000 treni<\/strong>\u00a0e uno\u00a0<strong>880 mAh batteria ricaricabile<\/strong>\u00a0\u00c8 ideale per coloro che svapano regolarmente, ma vogliono la facilit\u00e0 d'uso di un vape usa e getta.<\/p>\n<p><strong>Cosa rende il Solobar Solo cos\u00ec speciale?<\/strong><\/p>\n<p>La\u00a0<strong>Solobar Solo 30000 Z\u00fcge Einweg E Zigarette \ntraduce a \nSolobar Solo 30000 tiri Sigaretta elettronica usa e getta<\/strong>\u00a0offre una variet\u00e0 di funzioni che la rendono un prodotto di punta sul mercato per\u00a0<strong>Sigarette elettroniche monouso in Germania<\/strong>\u00a0fare<\/p>\n<ul>\n<li><strong>Schermo LED:<\/strong>\u00a0Il display a LED mostra i tratti rimanenti e lo stato della batteria, in modo che tu sappia sempre esattamente quando \u00e8 il momento di ricaricare o sostituire il dispositivo.<\/li>\n<li><strong>30.000 treni:<\/strong>\u00a0Con una notevole quantit\u00e0 di tiri di 30.000, questa sigaretta elettronica usa e getta \u00e8 progettata per durare a lungo e coprire il fabbisogno quotidiano di svapo.<\/li>\n<li><strong>Regolazione del flusso d'aria:<\/strong>\u00a0La precisa regolazione del flusso d'aria consente di adattare la resistenza del flusso d'aria a proprio piacimento e quindi di personalizzare l'esperienza di svapo.<\/li>\n<li><strong>10-30W potenza di uscita:<\/strong>\u00a0Un'uscita di potenza variabile consente di adattare il dispositivo in base alla preferenza per una vaporizzazione pi\u00f9 intensa o pi\u00f9 leggera.<\/li>\n<li><strong>Batteria ricaricabile da 880 mAh:<\/strong>\u00a0La potente batteria garantisce una lunga durata, mentre la possibilit\u00e0 di ricaricare il dispositivo assicura che il divertimento non venga mai interrotto.<\/li>\n<li><strong>Luce ambientale On\/Off:<\/strong>\u00a0La possibilit\u00e0 di attivare o disattivare la luce ambientale aggiunge ulteriore fascino all'esperienza di vaping e rende la Solobar Solo particolarmente stilosa.<\/li>\n<li><strong>Tecnologia a doppia bobina:<\/strong>\u00a0Questa tecnologia garantisce un'evaporazione uniforme ed intensa, che intensifica il sapore e rende la vaporizzazione pi\u00f9 piacevole.<\/li>\n<li><strong>Per principianti:<\/strong>\u00a0La Solobar Solo \u00e8 perfetta per i neofiti. \u00c8 facile da usare, non richiede impostazioni complicate e offre comunque un'esperienza di svapo eccezionale.<\/li>\n<\/ul>\n<p>Con la\u00a0<strong>Solobar Solo 30000 tiri Sigaretta elettronica usa e getta<\/strong>\u00a0Hanno il dispositivo ideale per un'esperienza di svapo confortevole e duratura in Germania. Goditi la sensazione unica che questa sigaretta elettronica usa e getta offre e convinciti della sua eccezionale qualit\u00e0.<\/p>\n<h2><img loading=\"lazy\" decoding=\"async\" class=\"alignnone wp-image-1853 size-full\" title=\"Solobar Solo 30000 Z\u00fcge Einweg E Zigarette - Watermelon Ice 2 traduzione non necessaria, output: Solobar Solo 30000 Z\u00fcge Einweg E Zigarette - Watermelon Ice 2\" src=\"https:\/\/alfakher24h.de\/wp-content\/uploads\/2025\/02\/solobar-solo-30000-2.webp\" sizes=\"auto, (max-width: 1024px) 100vw, 1024px\" srcset=\"https:\/\/alfakher24h.de\/wp-content\/uploads\/2025\/02\/solobar-solo-30000-2.webp 1024w, https:\/\/alfakher24h.de\/wp-content\/uploads\/2025\/02\/solobar-solo-30000-2-300x145.webp 300w, https:\/\/alfakher24h.de\/wp-content\/uploads\/2025\/02\/solobar-solo-30000-2-768x371.webp 768w, https:\/\/alfakher24h.de\/wp-content\/uploads\/2025\/02\/solobar-solo-30000-2-18x9.webp 18w, https:\/\/alfakher24h.de\/wp-content\/uploads\/2025\/02\/solobar-solo-30000-2-600x289.webp 600w\" alt=\"Solobar Solo 30000 Z\u00fcge Einweg E Zigarette - Watermelon Ice traduce a: Solobar Solo 30000 tiri Sigaretta elettronica usa e getta - Ghiaccio di anguria \" width=\"1024\" height=\"494\" \/><\/h2>\n<h3><strong>Caratteristiche del prodotto in dettaglio<\/strong><\/h3>\n<p>La\u00a0<strong>Solobar Solo 30000 tiri Sigaretta elettronica usa e getta<\/strong>\u00a0convince con una serie di funzioni pensate appositamente per migliorare le vostre esperienze di svapo:<\/p>\n<h4>1.\u00a0<strong>Schermo LED<\/strong><\/h4>\n<p>Lo schermo LED integrato mostra i tratti rimanenti e lo stato della batteria. In questo modo, \u00e8 sempre possibile avere una panoramica e utilizzare il dispositivo in modo efficiente, senza spiacevoli sorprese.<\/p>\n<h4>2.\u00a0<strong>30.000 treni<\/strong><\/h4>\n<p>Con un numero di treni di\u00a0<strong>30.000 treni<\/strong>\u00a0Offre questo vaporizzatore monouso una durata eccezionalmente lunga. \u00c8 la scelta perfetta per tutti coloro che fumano spesso e cercano un compagno affidabile.<\/p>\n<h4>3.\u00a0<strong>Regolazione del flusso d'aria<\/strong><\/h4>\n<p>Con il controllo del flusso d'aria puoi personalizzare la tua esperienza di svapo nel modo che preferisci. Vuoi uno sviluppo di vapore pi\u00f9 intenso o una tirata pi\u00f9 tranquilla? Questo e-cig usa e getta ti d\u00e0 tutta la libert\u00e0 di creare il tuo esperienza di svapo in base alle tue esigenze.<\/p>\n<h4>4.\u00a0<strong>Potente batteria (880 mAh)<\/strong><\/h4>\n<p>La ricaricabile\u00a0<strong>Batteria da 880 mAh<\/strong>\u00a0consente di vaporizzare a lungo con il vostro dispositivo. Anche se la batteria sta per esaurirsi, potete semplicemente ricaricarla e continuare a vaporizzare.<\/p>\n<h4>5.\u00a0<strong>Dual-Mesh-Coil<\/strong><\/h4>\n<p>Grazie alla\u00a0<strong>Tecnologia a doppia bobina<\/strong>\u00a0Sperimentate un'evaporazione ancora pi\u00f9 uniforme e un sapore pi\u00f9 intenso. Le mesh coil assicurano che il sapore sia distribuito uniformemente, il che aumenta notevolmente il piacere di ogni tiro.<\/p>\n<h4>6.\u00a0<strong>Funzione di luce ambientale<\/strong><\/h4>\n<p>La\u00a0<strong>Funzione di luce ambientale<\/strong>\u00a0offre un'esperienza visiva aggiuntiva al tuo vaping. Adatta l'ambiente con una semplice funzione di commutazione e goditi un'esperienza di svapo stilosa.<\/p>\n<h4>7.\u00a0<strong>Adatto ai principianti<\/strong><\/h4>\n<p>La\u00a0<strong>Solobar Solo 30000 Z\u00fcge Einweg E Zigarette \ntraduce a \nSolobar Solo 30000 tiri Sigaretta elettronica usa e getta<\/strong>\u00a0\u00c8 particolarmente adatta per i principianti. Offre tutte le funzioni necessarie per una facile gestione e allo stesso tempo prestazioni eccezionali.<\/p>\n<hr \/>\n<h3><strong>Esperienza di gusto - Solobar Solo 30000 tiri Sigaretta elettronica usa e getta: Watermelon Ice<\/strong><\/h3>\n<p>Un punto culminante decisivo della<a href=\"https:\/\/alfakher24h.de\/it\/\">\u00a0<strong>Solobar Solo 30000 Z\u00fcge Einweg E Zigarette \ntraduce a \nSolobar Solo 30000 tiri Sigaretta elettronica usa e getta<\/strong>\u00a0<\/a>\u00e8 l'esperienza di gusto. La e-cigarretta viene fornita con l'unica\u00a0<strong>Watermelon Ice<\/strong>Un sapore che vizia il vostro palato con una miscela rinfrescante di anguria dolce e un tocco freddo di ghiaccio.<\/p>\n<h4><strong>Anguria<\/strong><\/h4>\n<p>Il gusto di anguria fresca \u00e8 particolarmente aromatico e dolce rispetto a molti altri frutti. Ogni tiro ricorda il gusto pieno e succoso delle angurie pi\u00f9 mature raccolte in estate. Questa dolcezza naturale si armonizza perfettamente con la freschezza che aggiunge l'elemento ghiaccio.<\/p>\n<h3><strong>Ghiaccio<\/strong><\/h3>\n<p>Il\u00a0<strong>Ghiaccio<\/strong>Effetto che dona una sensazione di freschezza e raffreddamento in bocca. La combinazione di anguria dolce e freschezza glaciale rende la vaporizzazione un'esperienza speciale che non solo placa la sete, ma dona anche un rinfrescante raffreddamento. \u00c8 il gusto perfetto per chi cerca un equilibrio tra freschezza e fruttosit\u00e0.<\/p>\n<p><strong>Watermelon Ice<\/strong>\u00a0\u00c8 un gusto che suscita immediatamente emozioni positive. L'effetto rinfrescante e freddo combinato con la dolcezza fruttata rende ogni tiro un piacere. Questo gusto \u00e8 ideale per tutta la giornata, sia che tu ti rilassi o sia attivo.<\/p>\n<hr \/>\n<h3><strong>Perch\u00e9 dovresti comprare la sigaretta elettronica usa e getta Solobar Solo 30000 tiri?<\/strong><\/h3>\n<p>Ci sono molti motivi per cui le\u00a0<strong>Solobar Solo 30000 Tiri <a href=\"https:\/\/alfakher24h.de\/it\/\">Sigaretta elettronica usa e getta<\/a><\/strong><a href=\"https:\/\/alfakher24h.de\/it\/\">\u00a0<\/a>La scelta migliore per Lei \u00e8:<\/p>\n<ol>\n<li><strong>Longevit\u00e0:<\/strong>\u00a0Con 30.000 tiri, questa sigaretta elettronica usa e getta \u00e8 una delle pi\u00f9 longeve sul mercato e offre una lunga durata che copre il fabbisogno quotidiano.<\/li>\n<li><strong>Potenza:<\/strong>\u00a0La\u00a0<strong>880 mAh batteria ricaricabile<\/strong>\u00a0e la\u00a0<strong>Tecnologia a doppia bobina<\/strong>\u00a0garantire una prestazione di prim'ordine e un'esperienza gustativa intensa.<\/li>\n<li><strong>Facilit\u00e0 d'uso:<\/strong>\u00a0La\u00a0<strong>Solobar Solo<\/strong>\u00a0\u00c8 perfetto per i principianti ed offre allo stesso tempo funzioni avanzate per i vaporizzatori esperti.<\/li>\n<li><strong>Versatilit\u00e0:<\/strong>\u00a0Con funzioni come\u00a0<strong>Regolazione del flusso d'aria<\/strong>\u00a0und\u00a0<strong>Luce ambientale<\/strong>\u00a0Possono personalizzare la loro esperienza di svapo in base alle loro esigenze.<\/li>\n<li><strong>Freddezza:<\/strong>\u00a0La\u00a0<strong>Watermelon Ice<\/strong>Il sapore garantisce un'esperienza di svapo rinfrescante che potrai goderti per tutto il giorno.<\/li>\n<\/ol>\n<p>Se sei alla ricerca di una di alta qualit\u00e0 e durevole\u00a0<strong>Sigaretta elettronica monouso con nicotina<\/strong>\u00a0sono, allora la\u00a0<strong>Solobar Solo 30000 Z\u00fcge Einweg E Zigarette \ntraduce a \nSolobar Solo 30000 tiri Sigaretta elettronica usa e getta<\/strong>\u00a0la scelta perfetta. Acquista il tuo\u00a0<a href=\"https:\/\/alfakher24h.de\/it\/\"><strong>Sigaretta elettronica usa e getta<\/strong><\/a> Comodamente su alfakher24h.de, il vostro fornitore di fiducia per\u00a0<strong>Disposable Vapes in Germania<\/strong>.<\/p>","protected":false},"excerpt":{"rendered":"<p>Cerca un prodotto di alta qualit\u00e0 e durevole\u00a0<strong>Sigaretta elettronica monouso con nicotina<\/strong>\u00a0sono, allora la\u00a0<strong>Solobar Solo 30000 Z\u00fcge Einweg E Zigarette \ntraduce a \nSolobar Solo 30000 tiri Sigaretta elettronica usa e getta<\/strong>\u00a0la scelta perfetta. Acquista il tuo\u00a0<a href=\"https:\/\/alfakher24h.de\/it\/\"><strong>Sigaretta elettronica usa e getta<\/strong><\/a> su alfakher24h.de comodamente,<\/p>","protected":false},"featured_media":1597,"comment_status":"open","ping_status":"closed","template":"","meta":{"om_disable_all_campaigns":false},"product_brand":[],"product_cat":[41],"product_tag":[],"class_list":{"0":"post-1596","1":"product","2":"type-product","3":"status-publish","4":"has-post-thumbnail","6":"product_cat-solobar-solo-30000","8":"first","9":"outofstock","10":"shipping-taxable","11":"purchasable","12":"product-type-simple"},"_links":{"self":[{"href":"https:\/\/alfakher24h.de\/it\/wp-json\/wp\/v2\/product\/1596","targetHints":{"allow":["GET"]}}],"collection":[{"href":"https:\/\/alfakher24h.de\/it\/wp-json\/wp\/v2\/product"}],"about":[{"href":"https:\/\/alfakher24h.de\/it\/wp-json\/wp\/v2\/types\/product"}],"replies":[{"embeddable":true,"href":"https:\/\/alfakher24h.de\/it\/wp-json\/wp\/v2\/comments?post=1596"}],"wp:featuredmedia":[{"embeddable":true,"href":"https:\/\/alfakher24h.de\/it\/wp-json\/wp\/v2\/media\/1597"}],"wp:attachment":[{"href":"https:\/\/alfakher24h.de\/it\/wp-json\/wp\/v2\/media?parent=1596"}],"wp:term":[{"taxonomy":"product_brand","embeddable":true,"href":"https:\/\/alfakher24h.de\/it\/wp-json\/wp\/v2\/product_brand?post=1596"},{"taxonomy":"product_cat","embeddable":true,"href":"https:\/\/alfakher24h.de\/it\/wp-json\/wp\/v2\/product_cat?post=1596"},{"taxonomy":"product_tag","embeddable":true,"href":"https:\/\/alfakher24h.de\/it\/wp-json\/wp\/v2\/product_tag?post=1596"}],"curies":[{"name":"wp","href":"https:\/\/api.w.org\/{rel}","templated":true}]}}