{"id":1502,"date":"2025-01-14T05:51:56","date_gmt":"2025-01-14T05:51:56","guid":{"rendered":"https:\/\/alfakher24h.de\/?post_type=product&#038;p=1502"},"modified":"2025-01-14T05:51:57","modified_gmt":"2025-01-14T05:51:57","slug":"magic-bar-alpha-20000-soffi-usa-e-getta-e-sigaretta-mix-berry-2","status":"publish","type":"product","link":"https:\/\/alfakher24h.de\/it\/prodotto\/magic-bar-alpha-20000-soffi-usa-e-getta-e-sigaretta-mix-berry-2\/","title":{"rendered":"Magic Bar Alpha 20000 Z\u00fcge Einweg E Zigarette \u2013 Love 212 \n\nbecomes \n\nMagic Bar Alpha 20000 Tiri Sigaretta Elettronica Monouso - Love 212"},"content":{"rendered":"<h2><strong><img loading=\"lazy\" decoding=\"async\" class=\"alignnone size-full wp-image-1473\" src=\"https:\/\/alfakher24h.de\/wp-content\/uploads\/2025\/01\/7Magic-Bar-Alpha-20000-scaled.webp\" alt=\"Magic-Bar-Alpha-20000.\" width=\"2560\" height=\"2560\" title=\"\" srcset=\"https:\/\/alfakher24h.de\/wp-content\/uploads\/2025\/01\/7Magic-Bar-Alpha-20000-scaled.webp 2560w, https:\/\/alfakher24h.de\/wp-content\/uploads\/2025\/01\/7Magic-Bar-Alpha-20000-300x300.webp 300w, https:\/\/alfakher24h.de\/wp-content\/uploads\/2025\/01\/7Magic-Bar-Alpha-20000-1024x1024.webp 1024w, https:\/\/alfakher24h.de\/wp-content\/uploads\/2025\/01\/7Magic-Bar-Alpha-20000-150x150.webp 150w, https:\/\/alfakher24h.de\/wp-content\/uploads\/2025\/01\/7Magic-Bar-Alpha-20000-768x768.webp 768w, https:\/\/alfakher24h.de\/wp-content\/uploads\/2025\/01\/7Magic-Bar-Alpha-20000-1536x1536.webp 1536w, https:\/\/alfakher24h.de\/wp-content\/uploads\/2025\/01\/7Magic-Bar-Alpha-20000-2048x2048.webp 2048w, https:\/\/alfakher24h.de\/wp-content\/uploads\/2025\/01\/7Magic-Bar-Alpha-20000-12x12.webp 12w, https:\/\/alfakher24h.de\/wp-content\/uploads\/2025\/01\/7Magic-Bar-Alpha-20000-600x600.webp 600w, https:\/\/alfakher24h.de\/wp-content\/uploads\/2025\/01\/7Magic-Bar-Alpha-20000-100x100.webp 100w\" sizes=\"auto, (max-width: 2560px) 100vw, 2560px\" \/>Magic Bar Alpha 20000 Z\u00fcge Einweg E Zigarette: La scelta perfetta per il moderno vaporizzatore<\/strong><\/h2>\n<p>La\u00a0<a href=\"https:\/\/alfakher24h.de\/it\/\"><strong>Magic Bar Alpha 20000 Z\u00fcge Einweg E Zigarette \n\n traduzione: \nBarra magica Alpha 20000 tiri Sigaretta elettronica usa e getta<\/strong> <\/a>\u00c8 l'esperienza definitiva per tutti gli appassionati di vaporizzazione che cercano una soluzione affidabile, avanzata e di lunga durata. Con la Magic Bar Alpha 20k, non solo godrete di ben 20.000 tiri, ma anche di una vasta gamma di aromi eccezionali che rendono la vaporizzazione un vero piacere. In questo articolo scoprirete tutto ci\u00f2 che c'\u00e8 da sapere su questo prodotto eccezionale, comprese le caratteristiche, gli aromi e perch\u00e9 dovreste acquistare la sigaretta elettronica usa e getta Magic Bar Alpha 20000 tiri su alfakher24h.de.<\/p>\n<h3><strong>Descrizione del prodotto: Magic Bar Alpha 20000 tiri Sigaretta elettronica usa e getta<\/strong><\/h3>\n<p>La Magic Bar Alpha 20k \u00e8 una\u00a0<a href=\"https:\/\/alfakher24h.de\/it\/\"><strong>Sigaretta elettronica usa e getta<\/strong><\/a>che \u00e8 dotata della tecnologia pi\u00f9 moderna. Offre un'esperienza di svapo di prima classe per tutti coloro che cercano una soluzione semplice, pratica e di alta qualit\u00e0. Con il suo\u00a0<strong>grandi volumi di e-liquid<\/strong>\u00a0di 25 ml e della longeva\u00a0<strong>650 mAh batteria<\/strong>\u00a0La Magic Bar Alpha 20k \u00e8 la scelta perfetta per l'uso quotidiano. Offre fino a 20.000 tiri - un valore sorprendente che supera di gran lunga lo standard di altri vape usa e getta.<\/p>\n<p>Con una\u00a0<strong>Concentrazione di sale di nicotina<\/strong>\u00a0di 0%, 2%, 3% o 5% potete adattare il contenuto di nicotina desiderato secondo le vostre esigenze individuali. Il\u00a0<strong>DTL (Direct to Lung)<\/strong>\u00a0Il meccanismo di tiraggio garantisce un'esperienza di svapo perfetta e intensa che entusiasmer\u00e0 sia i neofiti che gli svapatori esperti.<\/p>\n<h3><strong>I vantaggi della Magic Bar Alpha 20000 puff sigaretta elettronica usa e getta<\/strong><\/h3>\n<p>La\u00a0<strong>Magic Bar Alpha 20k<\/strong>\u00a0Non \u00e8 solo una normale sigaretta elettronica usa e getta. \u00c8 un vero capolavoro in termini di design, prestazioni e facilit\u00e0 d'uso. Ecco alcune delle caratteristiche eccezionali che distinguono questa sigaretta elettronica da altri prodotti sul mercato:<\/p>\n<ul>\n<li><strong>Volume di e-liquid da 25 ml:<\/strong>\u00a0Godete di un utilizzo a lungo termine senza frequenti ricariche.<\/li>\n<li><strong>Batteria ricaricabile da 650 mAh:<\/strong>\u00a0La batteria a lunga durata garantisce fino a 20.000 tiri prima di dover essere ricaricata.<\/li>\n<li><strong>Sali di nicotina (0%, 2%, 3%, 5%):<\/strong>\u00a0Seleziona la forza di nicotina perfetta in base alle esigenze.<\/li>\n<li><strong>0,5 \u03a9 Mesh Coil:<\/strong>\u00a0Il Mesh-Coil garantisce una distribuzione uniforme del vapore e migliora l'esperienza di gusto.<\/li>\n<li><strong>Meccanismo di DTL (Direct to Lung):<\/strong>\u00a0Per un'intensa produzione di vapore e un'esperienza di gusto eccellente.<\/li>\n<li><strong>Dimensioni compatte (40 x 29 x 110 mm):<\/strong>\u00a0Perfetto per essere portato in giro e facile da usare.<\/li>\n<li><strong>Leggero (110g):<\/strong>\u00a0Grazie al design leggero, puoi utilizzare la Magic Bar Alpha 20k senza problemi per tutto il giorno.<\/li>\n<li><strong>Materiali di alta qualit\u00e0:<\/strong>\u00a0La Magic Bar Alpha 20k \u00e8 realizzata con materiali robusti che garantiscono una lunga durata.<\/li>\n<\/ul>\n<h3><strong>Perch\u00e9 dovresti comprare la sigaretta elettronica usa e getta Magic Bar Alpha 20000 puff?<\/strong><\/h3>\n<p>La Magic Bar Alpha 20k non \u00e8 solo una normale sigaretta elettronica usa e getta. \u00c8 la scelta perfetta per gli appassionati di svapo che cercano qualit\u00e0, longevit\u00e0 ed un\u2019esperienza di gusto eccezionale. \u00c8 adatta sia ai principianti che agli svapatori esperti che desiderano un prodotto affidabile con una lunga durata di vita.<\/p>\n<p>Indipendentemente dal fatto che tu stia acquistando la tua prima sigaretta elettronica o stia cercando un'opzione pi\u00f9 potente, la Magic Bar Alpha 20k offre tutto ci\u00f2 di cui hai bisogno. Il facile utilizzo, combinato con l'elevata potenza e le varie possibilit\u00e0 di gusto, la rendono un must per tutti i vaporizzatori in Germania.<\/p>\n<h3><strong>E-Liquid e sali di nicotina: la tua scelta per l'esperienza di svapo perfetta<\/strong><\/h3>\n<p>La Magic Bar Alpha 20000 Z\u00fcge Einweg E Zigarette \u00e8 dotata di una selezione di\u00a0<strong>Sali di nicotina<\/strong>\u00a0disponibile. Questo tipo di nicotina garantisce una sensazione pi\u00f9 morbida e rapida e viene particolarmente apprezzato dai vapers che cercano l'esperienza del fumo di sigarette classiche. Con i sali di nicotina disponibili, puoi adattare la forza in base alle tue preferenze individuali.<\/p>\n<p><strong>Disponibili concentrazioni di sale di nicotina:<\/strong><\/p>\n<ul>\n<li><strong>0% Nicotina<\/strong>Ideale per coloro che desiderano un'esperienza di svapo senza nicotina.<\/li>\n<li><strong>2% Nicotina<\/strong>Perfetto per i vaporizzatori che cercano un'esperienza di nicotina leggera.<\/li>\n<li><strong>3% Nicotina<\/strong>: Offre un colpo di nicotina equilibrato.<\/li>\n<li><strong>5% Nicotina<\/strong>Per coloro che preferiscono un effetto del nicotina pi\u00f9 forte.<\/li>\n<\/ul>\n<p>Attraverso l'uso di\u00a0<strong>Sale di nicotina<\/strong>\u00a0diventa il vaping un'esperienza leggera e soddisfacente, che sostituisce perfettamente il desiderio di una sigaretta tradizionale.<\/p>\n<h2><strong>Sapore: Esperienze uniche di gusto<\/strong><\/h2>\n<p>La\u00a0<strong>Magic Bar Alpha 20k<\/strong>\u00a0offre una variet\u00e0 di aromi che entusiasmeranno ogni vaporizzatore. Da sottolineare in particolare il\u00a0<strong>Love 212<\/strong>\u00a0Un sapore che offre una miscela seducente di note fruttate, dolci e leggermente esotiche.<\/p>\n<h3><strong>Love 212 - Un'esplosione di gusto<\/strong><\/h3>\n<p>Il\u00a0<strong>Love 212<\/strong>\u00a0Il gusto della Magic Bar Alpha 20k \u00e8 una combinazione armoniosa di vari aromi, sia dolci che rinfrescanti. Il gusto si apre con una base fresca e fruttata che ricorda i frutti di bosco succosi e i frutti tropicali. L'intenso gusto fruttato \u00e8 completato da una nota sottile e cremosa che garantisce una piacevole morbidezza. \u00c8 un gusto che convince sia i principianti che gli svapatori esperti.<\/p>\n<p>La fruttosit\u00e0 rimane durante tutta l'esperienza di svapo, senza diventare troppo intensa, e garantisce un retrogusto rinfrescante e piacevole. Il\u00a0<strong>Love 212<\/strong>\u00a0Il gusto \u00e8 il compagno ideale per lunghe sessioni di vapore e garantisce un'esperienza costantemente piacevole.<\/p>\n<p>Per coloro che il\u00a0<strong>Love 212<\/strong>\u00a0Scoprire il gusto, ogni sorso diventa un'esperienza unica: un mix di freschezza, dolcezza e una sottile profondit\u00e0 che stuzzica il palato e rende dolce la giornata.<\/p>\n<p><img loading=\"lazy\" decoding=\"async\" class=\"alignnone wp-image-1774 size-full\" title=\"Magic Bar Alpha 20000 Z\u00fcge Einweg E Zigarette - Love 212 3 becomes Magic Bar Alpha 20000 Tiri Sigaretta Elettronica Monouso - Love 212 3\" src=\"https:\/\/alfakher24h.de\/wp-content\/uploads\/2025\/01\/9Magic-Bar-Alpha-20000-scaled.webp\" sizes=\"auto, (max-width: 2560px) 100vw, 2560px\" srcset=\"https:\/\/alfakher24h.de\/wp-content\/uploads\/2025\/01\/9Magic-Bar-Alpha-20000-scaled.webp 2560w, https:\/\/alfakher24h.de\/wp-content\/uploads\/2025\/01\/9Magic-Bar-Alpha-20000-300x300.webp 300w, https:\/\/alfakher24h.de\/wp-content\/uploads\/2025\/01\/9Magic-Bar-Alpha-20000-1024x1024.webp 1024w, https:\/\/alfakher24h.de\/wp-content\/uploads\/2025\/01\/9Magic-Bar-Alpha-20000-150x150.webp 150w, https:\/\/alfakher24h.de\/wp-content\/uploads\/2025\/01\/9Magic-Bar-Alpha-20000-768x768.webp 768w, https:\/\/alfakher24h.de\/wp-content\/uploads\/2025\/01\/9Magic-Bar-Alpha-20000-1536x1536.webp 1536w, https:\/\/alfakher24h.de\/wp-content\/uploads\/2025\/01\/9Magic-Bar-Alpha-20000-2048x2048.webp 2048w, https:\/\/alfakher24h.de\/wp-content\/uploads\/2025\/01\/9Magic-Bar-Alpha-20000-12x12.webp 12w, https:\/\/alfakher24h.de\/wp-content\/uploads\/2025\/01\/9Magic-Bar-Alpha-20000-600x600.webp 600w, https:\/\/alfakher24h.de\/wp-content\/uploads\/2025\/01\/9Magic-Bar-Alpha-20000-100x100.webp 100w\" alt=\"Magic Bar Alpha 20000 Z\u00fcge Einweg E Zigarette - Love 212 becomes Magic Bar Alpha 20000 Tiri Sigaretta Elettronica Monouso - Love 212\" width=\"2560\" height=\"2560\" \/><\/p>\n<h3><strong>Compri i suoi <a href=\"https:\/\/alfakher24h.de\/it\/\">Magic Bar Alpha 20000 Z\u00fcge Einweg E Zigarette \n\n traduzione: \nBarra magica Alpha 20000 tiri Sigaretta elettronica usa e getta<\/a> su <a href=\"https:\/\/alfakher24h.de\/it\/\">alfakher24h.de<\/a><\/strong><\/h3>\n<p>Bei alfakher24h.it, il pi\u00f9 grande negozio online per\u00a0<strong>Sigarette elettroniche monouso in Germania<\/strong>Possono essere i Vostri\u00a0<strong>Magic Bar Alpha 20000 Z\u00fcge Einweg E Zigarette \n\n traduzione: \nBarra magica Alpha 20000 tiri Sigaretta elettronica usa e getta<\/strong>\u00a0Acquista comodamente. Offriamo non solo prodotti di alta qualit\u00e0, ma anche un servizio clienti eccellente e una consegna rapida, in modo che tu possa goderti l'esperienza di svapo a pieni polmoni. Visita il nostro sito e scopri la vasta selezione di\u00a0<strong>Vape con nicotina<\/strong>\u00a0e altri prodotti che coprono le vostre esigenze di vapore.<\/p>\n<p>Godetevi della qualit\u00e0 e delle prestazioni della Magic Bar Alpha 20k e concedetevi la migliore esperienza di svapo sul mercato. Acquistate ora e sentite la differenza!<\/p>\n<p><strong>Acquista ora e assicurati la tua Magic Bar Alpha 20000 puff sigaretta elettronica usa e getta su alfakher24h.de<\/strong><\/p>","protected":false},"excerpt":{"rendered":"<p>alfakher24h.de, il pi\u00f9 grande negozio online per\u00a0<strong>Sigarette elettroniche monouso in Germania<\/strong>Possono essere i Vostri\u00a0<strong>Magic Bar Alpha 20000 Z\u00fcge Einweg E Zigarette \n\n traduzione: \nBarra magica Alpha 20000 tiri Sigaretta elettronica usa e getta<\/strong>\u00a0Acquista comodamente. Offriamo non solo prodotti di alta qualit\u00e0, ma anche un servizio clienti eccellente e una consegna rapida, in modo che tu possa goderti l'esperienza di svapo a pieni polmoni. Visita il nostro sito e scopri la vasta selezione di\u00a0<strong>Vape con nicotina<\/strong>\u00a0e altri prodotti<\/p>","protected":false},"featured_media":1503,"comment_status":"open","ping_status":"closed","template":"","meta":{"om_disable_all_campaigns":false},"product_brand":[],"product_cat":[39],"product_tag":[],"class_list":{"0":"post-1502","1":"product","2":"type-product","3":"status-publish","4":"has-post-thumbnail","6":"product_cat-magic-bar-20000","8":"first","9":"instock","10":"shipping-taxable","11":"purchasable","12":"product-type-simple"},"_links":{"self":[{"href":"https:\/\/alfakher24h.de\/it\/wp-json\/wp\/v2\/product\/1502","targetHints":{"allow":["GET"]}}],"collection":[{"href":"https:\/\/alfakher24h.de\/it\/wp-json\/wp\/v2\/product"}],"about":[{"href":"https:\/\/alfakher24h.de\/it\/wp-json\/wp\/v2\/types\/product"}],"replies":[{"embeddable":true,"href":"https:\/\/alfakher24h.de\/it\/wp-json\/wp\/v2\/comments?post=1502"}],"wp:featuredmedia":[{"embeddable":true,"href":"https:\/\/alfakher24h.de\/it\/wp-json\/wp\/v2\/media\/1503"}],"wp:attachment":[{"href":"https:\/\/alfakher24h.de\/it\/wp-json\/wp\/v2\/media?parent=1502"}],"wp:term":[{"taxonomy":"product_brand","embeddable":true,"href":"https:\/\/alfakher24h.de\/it\/wp-json\/wp\/v2\/product_brand?post=1502"},{"taxonomy":"product_cat","embeddable":true,"href":"https:\/\/alfakher24h.de\/it\/wp-json\/wp\/v2\/product_cat?post=1502"},{"taxonomy":"product_tag","embeddable":true,"href":"https:\/\/alfakher24h.de\/it\/wp-json\/wp\/v2\/product_tag?post=1502"}],"curies":[{"name":"wp","href":"https:\/\/api.w.org\/{rel}","templated":true}]}}