{"id":1444,"date":"2025-01-09T04:37:30","date_gmt":"2025-01-09T04:37:30","guid":{"rendered":"https:\/\/alfakher24h.de\/?post_type=product&#038;p=1444"},"modified":"2025-01-09T04:37:30","modified_gmt":"2025-01-09T04:37:30","slug":"frizzante-fantastico-10000-sbuffi-usa-e-getta-e-sigaretta-uva-ghiaccio","status":"publish","type":"product","link":"https:\/\/alfakher24h.de\/it\/prodotto\/frizzante-fantastico-10000-sbuffi-usa-e-getta-e-sigaretta-uva-ghiaccio\/","title":{"rendered":"Fizzy GREAT 10000 Z\u00fcge Einweg E Zigarette \u2013 Grape Ice \ntraduzione non necessaria per \"Fizzy GREAT 10000 Z\u00fcge Einweg E Zigarette \u2013 Grape Ice\"\n diventa:\nFizzy GREAT 10000 Z\u00fcge Einweg E Zigarette \u2013 Grape Ice"},"content":{"rendered":"<h2><strong><a href=\"https:\/\/alfakher24h.de\/it\/\">Fizzy GREAT 10000 Z\u00fcge Einweg E Zigarette \n\nbecomes \n\nFizzy GREAT 10000 tiri Sigaretta elettronica usa e getta<\/a> Scegli perfetta per la vaporizzazione a lungo termine<\/strong><\/h2>\n<p>La\u00a0<strong>Fizzy GRANDE 10000 tiri sigaretta elettronica usa e getta<\/strong>\u00a0\u00e8 la soluzione ideale per gli appassionati di vaporizzazione che cercano un'esperienza di vaping pratica, potente e duratura. Con la sua eccezionale capacit\u00e0 di fino a 10.000 tiri, una tecnologia moderna e una gestione facile all'uso, questo dispositivo monouso offre tutto ci\u00f2 che un vaper pu\u00f2 aspettarsi da un prodotto. Sia che tu sia un fumatore esperto o un principiante, questa sigaretta elettronica \u00e8 una scelta di prim'ordine per la tua esperienza di vaping.<\/p>\n<h3><strong>Descrizione dettagliata del prodotto<\/strong><\/h3>\n<p>La\u00a0<strong>Fizzy GRANDE 10000 tiri sigaretta elettronica usa e getta<\/strong>\u00a0\u00c8 un dispositivo elegante e compatto, progettato specificamente per soddisfare le esigenze dei vaporizzatori esigenti. Combina comfort, prestazioni e design in un unico dispositivo che convince sia in viaggio che a casa. Con una\u00a0<strong>Capacit\u00e0 di 18 ml di e-liquid<\/strong>\u00a0e della capacit\u00e0,\u00a0<strong>fino a 10.000 treni<\/strong>\u00a0per fornire, non rimarrete delusi dalle lunghe sessioni di svapo. Il dispositivo \u00e8 disponibile nelle seguenti concentrazioni di nicotina\u00a0<strong>2 %<\/strong>\u00a0und\u00a0<strong>5 %<\/strong>\u00a0disponibile, in modo da poter adattare l'intensit\u00e0 del vapore in base alle proprie preferenze personali.<\/p>\n<p>La\u00a0<strong>650 mAh capacit\u00e0 della batteria<\/strong>\u00a0assicura una prestazione costante e il\u00a0<strong>Connettore USB Type-C<\/strong>\u00a0consente una ricarica rapida del dispositivo. In questo modo \u00e8 possibile ricaricare il Vape velocemente e avere meno tempo di attesa tra una tirata e l'altra. Questo prodotto \u00e8 dotato di una tecnologia avanzata\u00a0<strong>Tecnologia a bobina mesh<\/strong>\u00a0dotata di caratteristiche che elevano il gusto e la resa del vapore a un nuovo livello, consentendo una vaporizzazione morbida e uniforme.<\/p>\n<h3><strong>Funzioni e vantaggi della Fizzy GREAT 10000 Z\u00fcge\u00a0<a href=\"https:\/\/alfakher24h.de\/it\/\">Sigaretta elettronica usa e getta<\/a><\/strong><\/h3>\n<ul>\n<li><strong>10.000 treni di capacit\u00e0<\/strong>\u00a0Goditi un'esperienza di svapo prolungata senza frequenti ricariche o sostituzioni del dispositivo.<\/li>\n<li><strong>Capacit\u00e0 di E-Liquid di 18 ml<\/strong>\u00a0- Offre liquido sufficiente per diversi giorni di svapo, ideale per l'uso in movimento.<\/li>\n<li><strong>Concentrazioni di nicotina di 2 mg e 5 mg<\/strong>\u00a0Scegli la forza di nicotina adatta a te e goditi la vaporizzazione in base alle tue esigenze.<\/li>\n<li><strong>650 mAh batteria<\/strong>\u00a0Per una prestazione affidabile e costante durante tutta l'utilizzo.<\/li>\n<li><strong>Connettore di ricarica USB Type-C<\/strong>\u00a0- Ricarica rapida e utilizzo prolungato senza interruzioni inutili.<\/li>\n<li><strong>Facile maneggevolezza e compattezza<\/strong>\u00a0Il dispositivo \u00e8 leggero, portatile e sta in ogni tasca, perfetto per essere utilizzato in movimento.<\/li>\n<li><strong>Disponibile in diversi gusti<\/strong>\u00a0Scoprite una variet\u00e0 di aromi deliziosi e rinfrescanti che arricchiscono la vostra esperienza di svapo.<\/li>\n<\/ul>\n<h3><strong>Perch\u00e9 scegliere la Fizzy GREAT 10000 Z\u00fcge Einweg E Zigarette<\/strong><\/h3>\n<ul>\n<li><strong>Longevit\u00e0 ed efficienza<\/strong>Con la sua eccezionale capacit\u00e0 di 10.000 tiri, questa sigaretta elettronica \u00e8 una delle pi\u00f9 longeve sul mercato. Non dovrai preoccuparti che il tuo dispositivo si esaurisca troppo velocemente: ideale per i vaper che sono sempre in movimento.<\/li>\n<li><strong>Utilizzo pratico<\/strong>Il design compatto, la facile operazione e la pronta disponibilit\u00e0 rendono particolarmente comoda la vaporizzazione con la sigaretta elettronica usa e getta Fizzy GREAT 10000 Z\u00fcge.<\/li>\n<li><strong>Tecnologia di alta gamma<\/strong>: Utilizzando la tecnologia avanzata della bobina a rete, il gusto di ogni sigaro viene distribuito in modo intenso e uniforme, permettendovi di godere appieno ogni svapo.<\/li>\n<li><strong>Variate opzioni di gusto<\/strong>: Sia che preferiate aromi di frutta fresca o varianti di mentolo rinfrescanti, con la vasta selezione di sapori c'\u00e8 qualcosa per tutti i gusti.<\/li>\n<\/ul>\n<h3><strong>Descrizione dettagliata degli aromi<\/strong><\/h3>\n<h4><strong>Anguria<\/strong><\/h4>\n<p>La\u00a0<strong>Anguria<\/strong>Variante di gusto della\u00a0<strong>Fizzy GRANDE 10000 tiri sigaretta elettronica usa e getta<\/strong>\u00a0\u00c8 un piacere rinfrescante che ricorda le giornate calde estive. Al primo tiro, proverai il dolce e succoso aroma di un'anguria matura che si scioglie sulla lingua. Il gusto \u00e8 dolce ma non travolgente - esattamente l'equilibrio giusto per sedare la sete e allo stesso tempo offrire un'esperienza di svapo intensa. Il sapore naturale dell'anguria \u00e8 supportato da una leggera e fresca sensazione di freddo che rende lo svapo particolarmente piacevole. Ogni tiro di questo gusto ti fa sentire come un fresco morso di anguria che rinfresca e ravviva i tuoi sensi.<\/p>\n<h4><strong>Traube Eis \n(Grape Ice) \n\nbecomes \n\nTraube Eis \n(Grape Ice)\n\n No change needed \n\nTraube Eis<\/strong><\/h4>\n<p>Un altro punto culminante della\u00a0<strong>Fizzy GRANDE 10000 tiri sigaretta elettronica usa e getta<\/strong>\u00a0\u00c8 questo\u00a0<strong>Gelato d'uva<\/strong>-Aroma. Questa variet\u00e0 di gusto combina il dolce e fruttato aroma d'uva con una fresca sensazione di freddo, lasciando il vaporizzatore rinfrescato. Le succose uva sono unite in un gusto intenso, allo stesso tempo dolce e rinfrescante. Questo gusto \u00e8 completato da una fresca sensazione di mentolo, che rende la vaporizzazione un'esperienza speciale. La combinazione di dolcezza fruttata e fresca sensazione di freddo assicura un'esperienza equilibrata e indimenticabile - ideale per i vaporizzatori che apprezzano sia i gusti fruttati che quelli rinfrescanti.<\/p>\n<h4><strong>Altri aromi<\/strong><\/h4>\n<p>Oltre ai sapori popolari come\u00a0<strong>Anguria<\/strong>\u00a0und\u00a0<strong>Gelato d'uva<\/strong>\u00a0offre la\u00a0<strong>Fizzy GRANDE 10000 tiri sigaretta elettronica usa e getta<\/strong>\u00a0molte altre eccitanti variet\u00e0 di gusto. Dalle varianti fruttate e dolci a quelle rinfrescanti e mentolate, c'\u00e8 qualcosa per tutti i gusti. Scegli il tuo aroma preferito e vivi un'esperienza di svapo indimenticabile ad ogni tiro.<\/p>\n<p><img loading=\"lazy\" decoding=\"async\" class=\"alignnone wp-image-1323 size-full\" title=\"Fizzy GREAT 10000 Z\u00fcge Einweg E Zigarette - Grape Ice 2 becomes Fizzy GREAT 10000 tiri Sigaretta elettronica usa e getta - Grape Ice 2\" src=\"https:\/\/alfakher24h.de\/wp-content\/uploads\/2025\/01\/Fizzy-GREAT-10000-3-scaled.webp\" sizes=\"auto, (max-width: 1810px) 100vw, 1810px\" srcset=\"https:\/\/alfakher24h.de\/wp-content\/uploads\/2025\/01\/Fizzy-GREAT-10000-3-scaled.webp 1810w, https:\/\/alfakher24h.de\/wp-content\/uploads\/2025\/01\/Fizzy-GREAT-10000-3-212x300.webp 212w, https:\/\/alfakher24h.de\/wp-content\/uploads\/2025\/01\/Fizzy-GREAT-10000-3-724x1024.webp 724w, https:\/\/alfakher24h.de\/wp-content\/uploads\/2025\/01\/Fizzy-GREAT-10000-3-768x1086.webp 768w, https:\/\/alfakher24h.de\/wp-content\/uploads\/2025\/01\/Fizzy-GREAT-10000-3-1086x1536.webp 1086w, https:\/\/alfakher24h.de\/wp-content\/uploads\/2025\/01\/Fizzy-GREAT-10000-3-1448x2048.webp 1448w, https:\/\/alfakher24h.de\/wp-content\/uploads\/2025\/01\/Fizzy-GREAT-10000-3-8x12.webp 8w, https:\/\/alfakher24h.de\/wp-content\/uploads\/2025\/01\/Fizzy-GREAT-10000-3-600x849.webp 600w\" alt=\"Fizzy GREAT 10000 Z\u00fcge Einweg E Zigarette - Grape Ice traduzione non necessaria, output: Fizzy GREAT 10000 Z\u00fcge Einweg E Zigarette - Grape Ice\" width=\"1810\" height=\"2560\" \/><\/p>\n<h3><\/h3>\n<h3><strong>Opzioni di acquisto e disponibilit\u00e0<\/strong><\/h3>\n<p>La\u00a0<strong>Fizzy GRANDE 10000 tiri sigaretta elettronica usa e getta<\/strong> \u00e8 disponibile in varie concentrazioni di nicotina e aromi. Puoi acquistare il tuo dispositivo preferito direttamente sul nostro sito web alfakher24h.de, la pi\u00f9 grande piattaforma di vendita di sigarette elettroniche usa e getta in Germania. Goditi una consegna rapida e offerte esclusive quando acquisti da noi. Offriamo un'esperienza di acquisto facile da usare, in modo da poter ordinare i tuoi prodotti preferiti velocemente e facilmente.<\/p>\n<h3><strong>Conclusione<\/strong><\/h3>\n<p>La\u00a0<strong>Fizzy GRANDE 10000 tiri sigaretta elettronica usa e getta<\/strong>\u00a0\u00e8 un prodotto di alta qualit\u00e0 e versatile, adatto ai vaporizzatori di ogni livello di esperienza. Con una lunga durata di vita, un'ampia gamma di sapori e una facile gestione, questo dispositivo di vaporizzazione monouso \u00e8 la scelta perfetta per tutti coloro che danno valore al comfort e alla qualit\u00e0. Acquista il tuo\u00a0<strong>Fizzy GRANDE 10000 tiri sigaretta elettronica usa e getta<\/strong> ancora oggi da noi su <a href=\"https:\/\/alfakher24h.de\/it\/\">alfakher24h.de<\/a>E scoprite il vaping nella sua forma migliore.<\/p>","protected":false},"excerpt":{"rendered":"<p><strong>Fizzy GRANDE 10000 tiri sigaretta elettronica usa e getta<\/strong>\u00a0\u00e8 un prodotto di alta qualit\u00e0 e versatile, adatto ai vaporizzatori di ogni livello di esperienza. Con una lunga durata di vita<\/p>","protected":false},"featured_media":1446,"comment_status":"open","ping_status":"closed","template":"","meta":{"om_disable_all_campaigns":false},"product_brand":[],"product_cat":[38],"product_tag":[],"class_list":{"0":"post-1444","1":"product","2":"type-product","3":"status-publish","4":"has-post-thumbnail","6":"product_cat-fizzy-great-10000","8":"first","9":"instock","10":"shipping-taxable","11":"purchasable","12":"product-type-simple"},"_links":{"self":[{"href":"https:\/\/alfakher24h.de\/it\/wp-json\/wp\/v2\/product\/1444","targetHints":{"allow":["GET"]}}],"collection":[{"href":"https:\/\/alfakher24h.de\/it\/wp-json\/wp\/v2\/product"}],"about":[{"href":"https:\/\/alfakher24h.de\/it\/wp-json\/wp\/v2\/types\/product"}],"replies":[{"embeddable":true,"href":"https:\/\/alfakher24h.de\/it\/wp-json\/wp\/v2\/comments?post=1444"}],"wp:featuredmedia":[{"embeddable":true,"href":"https:\/\/alfakher24h.de\/it\/wp-json\/wp\/v2\/media\/1446"}],"wp:attachment":[{"href":"https:\/\/alfakher24h.de\/it\/wp-json\/wp\/v2\/media?parent=1444"}],"wp:term":[{"taxonomy":"product_brand","embeddable":true,"href":"https:\/\/alfakher24h.de\/it\/wp-json\/wp\/v2\/product_brand?post=1444"},{"taxonomy":"product_cat","embeddable":true,"href":"https:\/\/alfakher24h.de\/it\/wp-json\/wp\/v2\/product_cat?post=1444"},{"taxonomy":"product_tag","embeddable":true,"href":"https:\/\/alfakher24h.de\/it\/wp-json\/wp\/v2\/product_tag?post=1444"}],"curies":[{"name":"wp","href":"https:\/\/api.w.org\/{rel}","templated":true}]}}