{"id":1422,"date":"2025-01-07T05:30:42","date_gmt":"2025-01-07T05:30:42","guid":{"rendered":"https:\/\/alfakher24h.de\/?post_type=product&#038;p=1422"},"modified":"2025-01-09T04:38:18","modified_gmt":"2025-01-09T04:38:18","slug":"1422","status":"publish","type":"product","link":"https:\/\/alfakher24h.de\/it\/prodotto\/1422\/","title":{"rendered":"Fizzy GREAT 10000 Z\u00fcge Einweg E Zigarette \u2013 Mixed Berry\n\nbecomes \n\nFizzy GREAT 10000 tiri Sigaretta elettronica usa e getta - Mixed Berry"},"content":{"rendered":"<div class=\"wp-video\"><\/div>\n<h2><strong><a href=\"https:\/\/alfakher24h.de\/it\/\">Fizzy<\/a> GRANDE 10000 Z\u00fcge\u00a0Einweg E Zigarette \u2013 Das Ultimative Dampferlebnis \n\nbecomes \n\nGRANDE 10000 tiri Sigaretta elettronica usa e getta - L'ulteriore esperienza di svapo<\/strong><\/h2>\n<p>La\u00a0<strong>Fizzy GRANDE 10000 tiri sigaretta elettronica usa e getta<\/strong>\u00a0Offre un'esperienza di svapo senza pari: compatta, potente e con una variet\u00e0 di sapori invitanti che coccolano le tue papille gustative. Con fino a 10000 tiri, questo innovativo dispositivo di svapo usa e getta \u00e8 il compagno perfetto per gli svapatori che cercano sia comfort che qualit\u00e0. Scopri perch\u00e9 il Fizzy GREAT 10000 \u00e8 un must per ogni appassionato di svapo in Germania.<\/p>\n<h2><strong>Descrizione del prodotto: Versatile e potente<\/strong><\/h2>\n<p>La\u00a0<strong>Fizzy GRANDE 10000 tiri sigaretta elettronica usa e getta<\/strong>\u00a0si distingue per la sua facilit\u00e0 d'uso e la lunga durata. Grazie alla\u00a0<strong>18 ml di capacit\u00e0 di succo e-liquid<\/strong>\u00a0Hanno abbastanza liquido per una lunga vaporizzazione, senza dover ricaricare continuamente. Il dispositivo offre\u00a0<strong>fino a 10.000 treni<\/strong>sodich\u00e9 non dovrai preoccuparti che il vapore si esaurisca.<\/p>\n<p>Disponibile nelle intensit\u00e0 di nicotina\u00a0<strong>2% e 5%<\/strong>, avete la libert\u00e0 di scegliere il contenuto di nicotina in base alle vostre preferenze, in modo da soddisfare le vostre esigenze. Il\u00a0<strong>sistema a bobina mesh avanzato<\/strong>\u00a0assicura un gusto uniforme ed intenso, cos\u00ec che ogni tiro sia un'esperienza completamente soddisfacente.<\/p>\n<p>Il\u00a0<strong>costruzione compatta e portatile<\/strong>\u00a0Il Fizzy GREAT rende facile essere un compagno ideale in movimento. Si adatta facilmente nella tua borsa o borsetta e si integra senza problemi nella vita quotidiana. Con un\u00a0<strong>batteria ricaricabile da 650mAh<\/strong>\u00a0und\u00a0<strong>Tipo C connettore di ricarica<\/strong>\u00a0Non \u00e8 solo potente, ma anche un risparmio di tempo. La ricarica richiede solo poco tempo, in modo da poter tornare a godere pi\u00f9 velocemente.<\/p>\n<p>Il dispositivo viene utilizzato nella pratica\u00a0<strong>Pacchetti da 10 dispositivi<\/strong>\u00a0offerto - ideale per uso personale o per condividere con gli amici. Grazie alla sua facile gestione e al design elegante, il Fizzy GREAT 10000 \u00e8 un prodotto eccezionale per tutti coloro che vogliono portare la loro esperienza di svapo al livello successivo.<\/p>\n<h2><strong>Caratteristiche del prodotto:<\/strong><\/h2>\n<ul>\n<li><strong>Marche:<\/strong>\u00a0Fizzy<\/li>\n<li><strong>Modellnummer:<\/strong>\u00a0Fizzy GREAT 10000<\/li>\n<li><strong>Dimensione del prodotto:<\/strong>\u00a085,3 mm x 53 mm<\/li>\n<li><strong>Capacit\u00e0 del succo E:<\/strong>\u00a018 ml<\/li>\n<li><strong>Forza del nicotina:<\/strong>\u00a05% oder 2%<\/li>\n<li><strong>Puffs (tiraggi):<\/strong>\u00a0Fino a 10000<\/li>\n<li><strong>Batteria:<\/strong>\u00a0650 mAh (ricaricabile)<\/li>\n<li><strong>Connettore di ricarica:<\/strong>\u00a0Type-C<\/li>\n<li><strong>Tecnologia:<\/strong>\u00a0Bobina a rete per gusto e produzione di vapore migliorati<\/li>\n<li><strong>Unit\u00e0 di confezionamento:<\/strong>\u00a010 dispositivi per confezione<\/li>\n<li><strong>Disponibili i seguenti gusti:<\/strong>\u00a0Mista di Frutti di Bosco, Anguria e altro ancora<\/li>\n<\/ul>\n<h2><strong>Esperienza gustativa: Una variet\u00e0 di opzioni<\/strong><\/h2>\n<p>La\u00a0<a href=\"https:\/\/alfakher24h.de\/it\/\"><strong>Fizzy GRANDE 10000 tiri sigaretta elettronica usa e getta<\/strong>\u00a0<\/a>Viene fornito con una variet\u00e0 di aromi che ti affascineranno ad ogni tiro. Qui troverai i migliori sapori che intensificheranno la tua esperienza di svapo e offriranno qualcosa per ogni tipo di gusto. Lasciati sedurre dalla selezione!<\/p>\n<h3><strong>Mixed Berry - Fruttato e Rinfrescante<\/strong><\/h3>\n<p>Il\u00a0<strong>Frutta Mista<\/strong>Il sapore \u00e8 una deliziosa miscela di vari tipi di frutti di bosco che si uniscono perfettamente tra loro. Al primo assaggio si sente una dolcezza rinfrescante, sostenuta dal succoso lampone e dalle dolci fragole. Questa fruttosit\u00e0 \u00e8 completata da una leggera acidit\u00e0, che rende il sapore ancora pi\u00f9 vivo. Il\u00a0<strong>Frutta Mista<\/strong>Gusto \u00e8 un gioco armonioso di\u00a0<strong>Mirtillo<\/strong>,\u00a0<strong>Mora nera<\/strong>, e\u00a0<strong>ribes rosso<\/strong>che insieme offrono un'esperienza gustativa unica.<\/p>\n<p>La combinazione di note dolci e leggermente acidule fa s\u00ec che il gusto di\u00a0<strong>Frutta Mista<\/strong>\u00a0Sia rinfrescante che emozionante. La miscela di queste bacche garantisce un'esplosione di sapori multistrato che, durante la vaporizzazione, svela costantemente nuovi aromi. Il sapore rimane costante per tutti i 10.000 puff e offre un'esperienza di vaporizzazione indimenticabile.<\/p>\n<h3><strong>Anguria - Fresca e Succosa<\/strong><\/h3>\n<p>La\u00a0<strong>Anguria<\/strong>Il gusto lascia entrare l'estate nelle tue esperienze di svapo. Il sapore dolce e succoso della\u00a0<strong>Anguria<\/strong>\u00a0conferisce a ogni tiro una sensazione fresca e piacevole. La dolcezza naturale del frutto \u00e8 accompagnata da una leggera freschezza, che garantisce un vapore assolutamente rinfrescante. \u00c8 come gustare un pezzo di anguria appena tagliata, che placa la sete e allo stesso tempo viziata le papille gustative.<\/p>\n<p>Con ogni inalazione, sentite il gusto di\u00a0<strong>frescura naturale<\/strong>\u00a0del melone, che \u00e8 tenero e allo stesso tempo intenso. Il sapore permane a lungo sulla lingua e lascia un gradevole retrogusto, che vi trasporta nelle calde giornate estive.<\/p>\n<h3><strong>Altre varianti di gusto<\/strong><\/h3>\n<p>Oltre a Mixed Berry e Watermelon, il Fizzy GREAT 10000 offre una serie di altri aromi invitanti, che possono essere costantemente adattati alle vostre preferenze. Che tu preferisca un gusto dolce o uno rinfrescante, con le numerose opzioni troverai sicuramente la tua combinazione di sapori perfetta.<\/p>\n<h2><strong>Perch\u00e9 dovresti acquistare la sigaretta elettronica usa e getta Fizzy GREAT 10000 puff<\/strong><\/h2>\n<p>Ci sono molti motivi per cui le\u00a0<strong>Fizzy GRANDE 10000 tiri sigaretta elettronica usa e getta<\/strong>\u00a0La scelta perfetta per te \u00e8. Ecco alcuni dei principali vantaggi che ti convinceranno:<\/p>\n<h3><strong>Longevit\u00e0 e comfort<\/strong><\/h3>\n<p>Con\u00a0<strong>fino a 10.000 tiri<\/strong>\u00a0Il Fizzy GREAT offre un'eccezionalmente lunga durata. Non devi preoccuparti che il vaporizzatore si esaurisca dopo pochi giorni. La capacit\u00e0 di 18 ml dell'e-liquid garantisce che potrai godere per un lungo periodo di tempo.<\/p>\n<h3><strong>Facilit\u00e0 d'uso<\/strong><\/h3>\n<p>La facile gestione rende il Fizzy GREAT un prodotto ideale per i principianti e gli esperti di svapo. Nessuna ricarica o ricambio dell'e-liquid necessario - semplicemente disimballare il dispositivo e iniziare subito a svapare.<\/p>\n<h3><strong>Potente batteria<\/strong><\/h3>\n<p>Il\u00a0<strong>650mAh batteria<\/strong>\u00a0garantisce prestazioni affidabili e costanti. Con il\u00a0<strong>Connettore di ricarica di tipo C<\/strong>\u00a0Il dispositivo si ricarica velocemente, permettendoti di passare meno tempo ad attendere e pi\u00f9 tempo a vaporizzare.<\/p>\n<h3><strong>Variate opzioni di gusto<\/strong><\/h3>\n<p>Indipendentemente dal fatto che tu sia un fan dei sapori fruttati e rinfrescanti o dei gusti dolci ed esotici - le\u00a0<strong>Fizzy GRANDE 10000 tiri sigaretta elettronica usa e getta<\/strong>\u00a0Offre tutto ci\u00f2 che potresti desiderare. La variet\u00e0 dei sapori garantisce che ci sia qualcosa per tutti.<\/p>\n<h3><strong>Disponibile in diverse concentrazioni di nicotina<\/strong><\/h3>\n<p>Con le opzioni\u00a0<strong>2% e 5% nicotina<\/strong>\u00a0Potete regolare l'intensit\u00e0 del vapore secondo le vostre preferenze personali. Sia che preferiate un'esperienza di svapo pi\u00f9 leggera o una pi\u00f9 intensa, il Fizzy GREAT offre la soluzione perfetta.<\/p>\n<h3><strong>Dimensioni compatte<\/strong><\/h3>\n<p>attraverso il design compatto potete\u00a0<strong>Fizzy GREAT 10000 Z\u00fcge Einweg E Zigarette \n\nbecomes \n\nFizzy GREAT 10000 tiri Sigaretta elettronica usa e getta<\/strong>\u00a0senza problemi ovunque con te. Sia nella tasca, nello zaino o nella borsetta, il dispositivo \u00e8 sempre a portata di mano.<\/p>\n<p><img loading=\"lazy\" decoding=\"async\" class=\"alignnone wp-image-1323 size-full\" title=\"Fizzy GREAT 10000 Z\u00fcge Einweg E Zigarette - Mixed Berry 2 becomes Fizzy GREAT 10000 puff sigaretta elettronica usa e getta - Mixed Berry 2\" src=\"https:\/\/alfakher24h.de\/wp-content\/uploads\/2025\/01\/Fizzy-GREAT-10000-3-scaled.webp\" sizes=\"auto, (max-width: 1810px) 100vw, 1810px\" srcset=\"https:\/\/alfakher24h.de\/wp-content\/uploads\/2025\/01\/Fizzy-GREAT-10000-3-scaled.webp 1810w, https:\/\/alfakher24h.de\/wp-content\/uploads\/2025\/01\/Fizzy-GREAT-10000-3-212x300.webp 212w, https:\/\/alfakher24h.de\/wp-content\/uploads\/2025\/01\/Fizzy-GREAT-10000-3-724x1024.webp 724w, https:\/\/alfakher24h.de\/wp-content\/uploads\/2025\/01\/Fizzy-GREAT-10000-3-768x1086.webp 768w, https:\/\/alfakher24h.de\/wp-content\/uploads\/2025\/01\/Fizzy-GREAT-10000-3-1086x1536.webp 1086w, https:\/\/alfakher24h.de\/wp-content\/uploads\/2025\/01\/Fizzy-GREAT-10000-3-1448x2048.webp 1448w, https:\/\/alfakher24h.de\/wp-content\/uploads\/2025\/01\/Fizzy-GREAT-10000-3-8x12.webp 8w, https:\/\/alfakher24h.de\/wp-content\/uploads\/2025\/01\/Fizzy-GREAT-10000-3-600x849.webp 600w\" alt=\"Fizzy GREAT 10000 Z\u00fcge Einweg E Zigarette - Mixed Berrybecomes Fizzy GREAT 10000 tiri Sigaretta elettronica usa e getta - Mixed Berry\" width=\"1810\" height=\"2560\" \/><\/p>\n<h2><strong>Conclusione: il vostro compagno perfetto per la vaporizzazione<\/strong><\/h2>\n<p>La\u00a0<a href=\"https:\/\/alfakher24h.de\/it\/\"><strong>Fizzy GRANDE 10000 tiri sigaretta elettronica usa e getta<\/strong><\/a>\u00a0\u00c8 la scelta perfetta per i fumatori di vaporizzatori che cercano un dispositivo pratico, durevole e ad alte prestazioni. Con una variet\u00e0 di aromi deliziosi, un alto numero di tiri e una gestione facile da usare, questo prodotto per vaporizzare si distingue dagli altri.<\/p>\n<p>Visitate <a href=\"https:\/\/alfakher24h.de\/it\/\">alfakher24h.de<\/a>la pi\u00f9 grande piattaforma per l'acquisto di\u00a0<strong><a href=\"https:\/\/alfakher24h.de\/it\/\">Sigarette elettroniche monouso<\/a>\u00a0in Germania<\/strong>e ricevi il tuo oggi stesso\u00a0<strong>Fizzy GRANDE 10000 tiri sigaretta elettronica usa e getta<\/strong>! Godetevi un'esperienza di vaporizzazione indimenticabile e scoprite il variegato mondo dei vapes monouso in Germania.<\/p>","protected":false},"excerpt":{"rendered":"<p><strong>Fizzy GRANDE 10000 tiri sigaretta elettronica usa e getta<\/strong>\u00a0\u00c8 la scelta perfetta per i fumatori di vaporizzatori che cercano un dispositivo pratico, durevole e ad alte prestazioni. Con una variet\u00e0 di aromi deliziosi, un alto numero di tiri e una gestione facile da usare, questo prodotto per vaporizzare si distingue dagli altri.<\/p>","protected":false},"featured_media":1445,"comment_status":"open","ping_status":"closed","template":"","meta":{"om_disable_all_campaigns":false},"product_brand":[],"product_cat":[38],"product_tag":[],"class_list":{"0":"post-1422","1":"product","2":"type-product","3":"status-publish","4":"has-post-thumbnail","6":"product_cat-fizzy-great-10000","8":"first","9":"instock","10":"shipping-taxable","11":"purchasable","12":"product-type-simple"},"_links":{"self":[{"href":"https:\/\/alfakher24h.de\/it\/wp-json\/wp\/v2\/product\/1422","targetHints":{"allow":["GET"]}}],"collection":[{"href":"https:\/\/alfakher24h.de\/it\/wp-json\/wp\/v2\/product"}],"about":[{"href":"https:\/\/alfakher24h.de\/it\/wp-json\/wp\/v2\/types\/product"}],"replies":[{"embeddable":true,"href":"https:\/\/alfakher24h.de\/it\/wp-json\/wp\/v2\/comments?post=1422"}],"wp:featuredmedia":[{"embeddable":true,"href":"https:\/\/alfakher24h.de\/it\/wp-json\/wp\/v2\/media\/1445"}],"wp:attachment":[{"href":"https:\/\/alfakher24h.de\/it\/wp-json\/wp\/v2\/media?parent=1422"}],"wp:term":[{"taxonomy":"product_brand","embeddable":true,"href":"https:\/\/alfakher24h.de\/it\/wp-json\/wp\/v2\/product_brand?post=1422"},{"taxonomy":"product_cat","embeddable":true,"href":"https:\/\/alfakher24h.de\/it\/wp-json\/wp\/v2\/product_cat?post=1422"},{"taxonomy":"product_tag","embeddable":true,"href":"https:\/\/alfakher24h.de\/it\/wp-json\/wp\/v2\/product_tag?post=1422"}],"curies":[{"name":"wp","href":"https:\/\/api.w.org\/{rel}","templated":true}]}}