{"id":1402,"date":"2025-01-06T05:46:37","date_gmt":"2025-01-06T05:46:37","guid":{"rendered":"https:\/\/alfakher24h.de\/?post_type=product&#038;p=1402"},"modified":"2025-01-06T05:46:37","modified_gmt":"2025-01-06T05:46:37","slug":"last-love-20000-puff-dtl-usa-e-getta-e-sigaretta-lemon-mint","status":"publish","type":"product","link":"https:\/\/alfakher24h.de\/it\/prodotto\/last-love-20000-puff-dtl-usa-e-getta-e-sigaretta-lemon-mint\/","title":{"rendered":"Ultimo Amore 20000 tiri DTL Sigaretta elettronica usa e getta - Limone Menta"},"content":{"rendered":"<h2><a href=\"https:\/\/alfakher24h.de\/it\/\">Ultimo Amore 20000 tiri Sigaretta elettronica usa e getta<\/a> Ultimo mondo del piacere per i vaper<\/h2>\n<p><strong>Scoprite il meglio del mondo delle e-cigarette con la Last Love 20000 puff e-cigarette monouso<\/strong>\u00a0- un vero capolavoro per tutti coloro che sono alla ricerca di un'esperienza di vaping indimenticabile. Con una combinazione innovativa di potenza, durata e design impressionante, questo vape monouso si distingue nettamente dalla concorrenza. Se siete alla ricerca di un\u00a0<strong>Sigaretta elettronica monouso con nicotina<\/strong>\u00a0in\u00a0<strong>Deutschland<\/strong>\u00a0sono, che offrono sia qualit\u00e0 che variet\u00e0, allora \u00e8 la\u00a0<strong>Ultimo Amore 20000 tiri Sigaretta elettronica monouso<\/strong>\u00a0esattamente quello di cui hai bisogno.<\/p>\n<h2>Descrizione del prodotto: Last Love 20000 tiri Sigaretta elettronica usa e getta<\/h2>\n<p>La\u00a0<strong>Ultimo Amore 20000 tiri Sigaretta elettronica monouso<\/strong>\u00a0non \u00e8 solo una normale sigaretta elettronica usa e getta, ma un prodotto che convince con funzioni pensate e un'esperienza utente unica. Con la possibilit\u00e0 di fino a\u00a0<strong>20000 treni<\/strong>\u00a0da godere, offre questo\u00a0<strong>Vape<\/strong>\u00a0un'eccezionale durata di utilizzo. La integrata\u00a0<strong>Batteria da 800mAh<\/strong>\u00a0assicura che non si verifichino riduzioni di prestazioni nemmeno durante lunghe sessioni di vaping.<\/p>\n<p>Un'altra caratteristica eccezionale di questo\u00a0<strong>Vape monouso ricaricabili<\/strong>\u00a0\u00e8 il\u00a0<strong>Display del livello della batteria e del liquido<\/strong>Con un'occhiata puoi sempre vedere quanta liquido \u00e8 ancora presente nel serbatoio e quanta energia \u00e8 presente nella batteria. Ci\u00f2 assicura che non ti trovi mai improvvisamente senza vapore e ti permette di utilizzare il dispositivo in modo ottimale, fino all'ultimo gocciolo di liquido evaporato.<\/p>\n<p>Con uno\u00a0<strong>2% Contenuto di nicotina<\/strong>\u00a0(20mg) potrete godervi l'esperienza di svapo che desiderate senza preoccuparvi dell'assunzione di nicotina. Questo\u00a0<strong>22ml E-Liquid<\/strong>\u00a0\u00c8 generosamente dosato e basta per numerosi viaggi, in modo da poter godere con calma del vostro gusto preferito.<\/p>\n<h3>12 Sapori Sorprendenti - Il sapore perfetto per ogni vaper<\/h3>\n<p>La\u00a0<strong>Ultimo Amore 20000 tiri Sigaretta elettronica monouso<\/strong>\u00a0offre una variet\u00e0 di\u00a0<strong>12 diversi sapori<\/strong>che non lasciano desideri aperti. Sia che si preferiscano note fresche di menta o esplosioni di sapori fruttati, la selezione \u00e8 varia e offre qualcosa di adatto per ogni vaper. Le\u00a0<strong>Limoncello Menta<\/strong>La combinazione di sapori \u00e8 un highlight speciale - una miscela rinfrescante di limone frizzante e mentolo rinfrescante, che offre un'esperienza di gusto senza pari.<\/p>\n<h2>Caratteristiche dell'ultima Love 20000 tiri sigaretta elettronica monouso<\/h2>\n<ul>\n<li><strong>20000 treni<\/strong>: Utilizzo extra lungo, ideale per i vaper che cercano un'esperienza duratura.<\/li>\n<li><strong>2% Nicotina (20mg)<\/strong>: Perfetta bilancia per tutti coloro che non vogliono rinunciare al piacere della nicotina mentre vaporizzano.<\/li>\n<li><strong>22ml E-Liquid<\/strong>Un serbatoio generoso per molte ore di piacere di svapo.<\/li>\n<li><strong>Ricaricabile<\/strong>Con batteria integrata da 800mAh, che garantisce una lunga durata e consente l'utilizzo completo del liquido.<\/li>\n<li><strong>Indicatore di livello batteria e liquido<\/strong>: Tenere sempre sott'occhio la quantit\u00e0 di liquido rimanente e la potenza della batteria.<\/li>\n<li><strong>12 diversi sapori<\/strong>Una vasta scelta per ogni gusto, da rinfrescante a fruttato e altro.<\/li>\n<li><strong>Edizione sportiva<\/strong>: La limitata\u00a0<strong>Edizione di calcio<\/strong>\u00a0offre non solo tecnologia, ma anche design che si adatta al tuo tempo libero.<\/li>\n<\/ul>\n<h3>Sapore unico e rinfrescante<\/h3>\n<p>Una delle maggiori forze della<a href=\"https:\/\/alfakher24h.de\/it\/\">\u00a0<strong>Ultimo Amore 20000 tiri Sigaretta elettronica monouso<\/strong>\u00a0i<\/a>\u00e8 la straordinaria selezione di\u00a0<strong>Sapore<\/strong>. Soprattutto le\u00a0<strong>Limoncello Menta<\/strong>La variante convince per la sua combinazione rinfrescante di limone frizzante e menta fresca. Il limone dona un sapore frizzante e fresco, che si armonizza alla perfezione con la freschezza raffreddante della menta. Il risultato \u00e8 un sapore che ravviva il palato e allo stesso tempo lo rinfresca piacevolmente.<\/p>\n<p>La\u00a0<strong>Limoncello Menta<\/strong>combinazione di sapori ideale per tutti coloro che sono alla ricerca di un\u00a0<strong>freschi, fruttosi<\/strong>\u00a0e allo stesso tempo\u00a0<strong>esperienza di vaping fantastica<\/strong>\u00a0Il limone dona una dolcezza piacevole, mentre il mentolo garantisce un effetto rinfrescante che completa l'intera esperienza di gusto. Questo gusto si adatta perfettamente a tutta la giornata e rimane piacevole in bocca anche dopo molte boccate.<\/p>\n<p>Ma questo non \u00e8 tutto - le\u00a0<strong>Ultimo Amore 20000 tiri Sigaretta elettronica monouso<\/strong>\u00a0offre molte altre variet\u00e0 di gusto, che comprendono sia aromi fruttati che varianti dolci e salate. Questa variet\u00e0 garantisce che ogni vaper trovi esattamente il gusto che corrisponde alle sue preferenze personali.<\/p>\n<h3>Perch\u00e9 dovresti provare Last Love 20000 tiri <a href=\"https:\/\/alfakher24h.de\/it\/\">Sigaretta elettronica usa e getta<\/a> dovrebbero comprare<\/h3>\n<ol>\n<li><strong>Longevit\u00e0 ed efficienza<\/strong>: Fino a\u00a0<strong>20.000 viaggi<\/strong>\u00a0e uno\u00a0<strong>22ml di liquido<\/strong>Il prodotto \u00e8 concepito per un consumo prolungato.<\/li>\n<li><strong>Facilit\u00e0 d'uso<\/strong>: La batteria ricaricabile e la pratica visualizzazione del livello di liquido e dello stato della batteria garantiscono un'esperienza di svapo confortevole senza sorprese.<\/li>\n<li><strong>Variate opzioni di gusto<\/strong>La selezione di\u00a0<strong>12 diversi sapori<\/strong>\u00a0offre qualcosa per ogni gusto - da rinfrescante a fruttato, da dolce a fresco.<\/li>\n<li><strong>Ideale per la vita quotidiana<\/strong>Con un design pratico e un\u00a0<strong>Tema di calcio<\/strong>\u00a0\u00e8 la\u00a0<strong>Ultimo Amore 20000 tiri Sigaretta elettronica monouso<\/strong>\u00a0Perfetto per gli appassionati di sport e i vaper che cercano un dispositivo unico e stiloso.<\/li>\n<li><strong>Erogazione di nicotina di alta qualit\u00e0<\/strong>: Il\u00a0<strong>2% Contenuto di nicotina<\/strong>\u00a0garantisce un'assunzione di nicotina piacevole ed equilibrata, che ottimizza il piacere di svapare.<\/li>\n<\/ol>\n<h3>Ordina oggi stesso la tua Last Love 20000 tiri sigaretta elettronica usa e getta su alfakher24h.de<\/h3>\n<p>Se sei alla ricerca di una\u00a0<strong>Sigaretta elettronica monouso con nicotina<\/strong>\u00a0sono, che non solo ti offre un'esperienza fantastica, ma \u00e8 anche pratica e duratura, allora \u00e8 la\u00a0<strong>Ultimo Amore 20000 tiri Sigaretta elettronica monouso<\/strong> esattamente quello che fa per te. Visita oggi stesso alfakher24h.de, la tua piattaforma leader per\u00a0<strong>Acquisto di sigarette elettroniche monouso in Germania<\/strong>, e scoprite i diversi aromi e la tecnologia innovativa di questa sigaretta elettronica unica. Acquistate direttamente su alfakher24h.de e vivete l'esperienza di vaping definitiva!<\/p>\n<h3>Conclusione<\/h3>\n<p>La\u00a0<strong>Ultimo Amore 20000 tiri Sigaretta elettronica monouso<\/strong>\u00a0\u00c8 pi\u00f9 di un semplice dispositivo di svapo. Combina\u00a0<strong>Longevit\u00e0<\/strong>,\u00a0<strong>Innovazione<\/strong>, e\u00a0<strong>svariati gusti<\/strong>per offrirti l'esperienza di vaping definitiva. Con\u00a0<strong>Nicotina<\/strong>di un impressionante\u00a0<strong>Durata della batteria<\/strong>,\u00a0<strong>svariate sfumature di gusto<\/strong>\u00a0E con un design unico, questo prodotto \u00e8 la scelta perfetta per ogni vaporizzatore esigente.<\/p>\n<p>Bestellen Sie jetzt bei alfakher24h.de und genie\u00dfen Sie ein\u00a0<strong>esperienza di vaping indimenticabile<\/strong>\u00a0con la\u00a0<strong>Ultimo Amore 20000 tiri Sigaretta elettronica monouso<\/strong>!<\/p>","protected":false},"excerpt":{"rendered":"<p><strong>Ultimo Amore 20000 tiri Sigaretta elettronica monouso<\/strong>\u00a0\u00c8 pi\u00f9 di un semplice dispositivo di svapo. Combina\u00a0<strong>Longevit\u00e0<\/strong>,\u00a0<strong>Innovazione<\/strong><\/p>","protected":false},"featured_media":1403,"comment_status":"open","ping_status":"closed","template":"","meta":{"om_disable_all_campaigns":false},"product_brand":[],"product_cat":[36],"product_tag":[],"class_list":{"0":"post-1402","1":"product","2":"type-product","3":"status-publish","4":"has-post-thumbnail","6":"product_cat-last-love-20000","8":"first","9":"instock","10":"shipping-taxable","11":"purchasable","12":"product-type-simple"},"_links":{"self":[{"href":"https:\/\/alfakher24h.de\/it\/wp-json\/wp\/v2\/product\/1402","targetHints":{"allow":["GET"]}}],"collection":[{"href":"https:\/\/alfakher24h.de\/it\/wp-json\/wp\/v2\/product"}],"about":[{"href":"https:\/\/alfakher24h.de\/it\/wp-json\/wp\/v2\/types\/product"}],"replies":[{"embeddable":true,"href":"https:\/\/alfakher24h.de\/it\/wp-json\/wp\/v2\/comments?post=1402"}],"wp:featuredmedia":[{"embeddable":true,"href":"https:\/\/alfakher24h.de\/it\/wp-json\/wp\/v2\/media\/1403"}],"wp:attachment":[{"href":"https:\/\/alfakher24h.de\/it\/wp-json\/wp\/v2\/media?parent=1402"}],"wp:term":[{"taxonomy":"product_brand","embeddable":true,"href":"https:\/\/alfakher24h.de\/it\/wp-json\/wp\/v2\/product_brand?post=1402"},{"taxonomy":"product_cat","embeddable":true,"href":"https:\/\/alfakher24h.de\/it\/wp-json\/wp\/v2\/product_cat?post=1402"},{"taxonomy":"product_tag","embeddable":true,"href":"https:\/\/alfakher24h.de\/it\/wp-json\/wp\/v2\/product_tag?post=1402"}],"curies":[{"name":"wp","href":"https:\/\/api.w.org\/{rel}","templated":true}]}}