{"id":1399,"date":"2025-01-06T05:38:35","date_gmt":"2025-01-06T05:38:35","guid":{"rendered":"https:\/\/alfakher24h.de\/?post_type=product&#038;p=1399"},"modified":"2025-01-06T05:38:35","modified_gmt":"2025-01-06T05:38:35","slug":"last-love-20000-sbuffi-dtl-usa-e-getta-e-sigaretta-magia-amore","status":"publish","type":"product","link":"https:\/\/alfakher24h.de\/it\/prodotto\/last-love-20000-sbuffi-dtl-usa-e-getta-e-sigaretta-magia-amore\/","title":{"rendered":"Ultimo Amore 20000 tiri DTL Sigaretta elettronica usa e getta - Magic Love"},"content":{"rendered":"<h2>Ultimo Amore 20000 Tiri Sigaretta Elettronica Monouso - La scelta definitiva per i vaporizzatori esigenti in Germania<\/h2>\n<p>La\u00a0<a href=\"https:\/\/alfakher24h.de\/it\/\"><strong>Ultimo Amore 20000 tiri Sigaretta elettronica monouso<\/strong><\/a>\u00a0\u00e8 la soluzione perfetta per tutti coloro che cercano il piacere di un vape di alta qualit\u00e0 con prestazioni eccezionali e aromi di prim'ordine. Questa edizione limitata nel\u00a0<strong>EURO2024<\/strong>-Design non \u00e8 solo un capolavoro tecnico, ma anche un vero e proprio punto di forza per ogni comunit\u00e0 di vaporizzatori. Con una\u00a0<strong>una capacit\u00e0 notevole di 20.000 treni<\/strong>a uno\u00a0<strong>batteria carica<\/strong>\u00a0e uno\u00a0<strong>indicazione pratica del liquido<\/strong>\u00a0Si distingue da tutte le altre sigarette elettroniche usa e getta. Offre il comfort e il piacere definitivi in un formato maneggevole.<\/p>\n<h3>Perch\u00e9 la Last Love 20000 Z\u00fcge Einweg E Zigarette in Germania \u00e8 la prima scelta:<\/h3>\n<p>Come piattaforma leader per\u00a0<strong>Acquisto di sigarette elettroniche monouso in Germania<\/strong>, offre alfakher24h.de\u00a0esclusivamente a Lei\u00a0<strong>Ultimo Amore 20000 tiri Sigaretta elettronica monouso<\/strong>\u00a0al. Indipendentemente dal fatto che siate principianti o esperti di svapo, questi\u00a0<strong>sigaretta elettronica con nicotina<\/strong>\u00a0La convincer\u00e0 con la sua lavorazione di alta qualit\u00e0 e le funzioni innovative.<\/p>\n<h4><strong>Caratteristiche del prodotto Last Love 20000 tiri<a href=\"https:\/\/alfakher24h.de\/it\/\"> Sigaretta elettronica usa e getta:<\/a><\/strong><\/h4>\n<ul>\n<li><strong>Costruzione di alta qualit\u00e0<\/strong>: Il\u00a0<strong>Kit ricaricabile monouso<\/strong>\u00a0\u00e8 costituito da materiali durevoli, che garantiscono un'esperienza di svapo confortevole e affidabile.<\/li>\n<li><strong>Batteria con indicatore di stato di carica<\/strong>: Questa e-cig ha una\u00a0<strong>batteria integrata da 800mAh<\/strong>che si estendono su un\u00a0<strong>Porta USB-C<\/strong>\u00a0che consente una ricarica rapida e permette di godere dell'ultimo goccio di liquido senza interrompere il piacere.<\/li>\n<li><strong>Treni fino a 20000<\/strong>Con una\u00a0<strong>22 ml di capacit\u00e0 di E-Liquid<\/strong>\u00a0e uno\u00a0<strong>2% (20 mg) Nicotina - forza<\/strong>\u00a0offre la\u00a0<strong>Ultimo Amore Sigaretta Elettronica Monouso<\/strong>\u00a0una lunga durata di conservazione, quindi non dovrai preoccuparti di rabboccare frequentemente.<\/li>\n<li><strong>12 diversi sapori<\/strong>Per ogni gusto c'\u00e8 qualcosa - dalle note fruttate e rinfrescanti fino a miscele intense e aromatiche. Lasciatevi ispirare dalla variet\u00e0 degli aromi!<\/li>\n<li><strong>Tecnologia Mesh Coil<\/strong>: La\u00a0<strong>0,6 Mesh Coil<\/strong>\u00a0assicura un gusto ottimale e una produzione di vapore ottimale, in modo da poter godere dell'esperienza di svapo definitiva.<\/li>\n<\/ul>\n<h4><strong>Dettagli tecnici della Last Love 20000 tiri sigaretta elettronica usa e getta:<\/strong><\/h4>\n<ul>\n<li><strong>Contenuto di nicotina<\/strong>: 2% (20 mg)<\/li>\n<li><strong>Quantit\u00e0 di e-liquid<\/strong>: 22 ml<\/li>\n<li><strong>Tipo a bobina<\/strong>: 0,6 Mesh-Spule per vapore uniforme e sapore intenso<\/li>\n<li><strong>Akku<\/strong>: 800 mAh, ricaricabile<\/li>\n<li><strong>Durata di vita<\/strong>: Fino a 20000 treni<\/li>\n<li><strong>Selezione di sapori<\/strong>: 12 diversi aromi tra cui scegliere<\/li>\n<li><strong>Idoneit\u00e0<\/strong>Ideale per il mercato tedesco<\/li>\n<\/ul>\n<h3><strong>Sapore della ultima Love 20000 tiri sigaretta elettronica usa e getta:<\/strong><\/h3>\n<p>La<a href=\"https:\/\/alfakher24h.de\/it\/\">\u00a0<strong>Ultimo Amore 20000 tiri Sigaretta elettronica monouso<\/strong>\u00a0<\/a>viene offerta con un'incredibile variet\u00e0 di sapori. Ognuna delle\u00a0<strong>12 aromi disponibili<\/strong>\u00a0\u00e8 stato accuratamente sviluppato per offrire un'ampia gamma di esperienze di gusto adatte a tutti gli appassionati di svapo. Da sottolineare in particolare il\u00a0<strong>Magic Love<\/strong>\u00a0Sapore che presenta una miscela unica di aromi fruttati e dolci.<\/p>\n<h4><strong>\"Sapore 'Magic Love'\" - Unico e seducente<\/strong><\/h4>\n<p>Il\u00a0<strong>Magic Love<\/strong>\u00a0Il gusto \u00e8 un capolavoro di composizione di aromi. Inizia con un inizio morbido, ma dolce\u00a0<strong>Nota di pesca<\/strong>die perfekt mit einer leichten\u00a0<strong>Freschezza di agrumi<\/strong>\u00a0viene combinato. La\u00a0<strong>dolce fruttato<\/strong>\u00a0conferisce alla miscela una nota leggera e rinfrescante, mentre le\u00a0<strong>Aromi di frutta tropicale<\/strong>\u00a0come Mango e Ananas completano il profilo generale. La\u00a0<strong>leggeri accenti speziati<\/strong>\u00a0nella miscela si preoccupano di una\u00a0<strong>bilancia armonica<\/strong>che rendono il sapore \"Magic Love\" un'esperienza autentica. Ogni inalazione porta una nuova dimensione di piacere, invitandoti a continuare a vaporizzare.<\/p>\n<hr \/>\n<h3><strong>Perch\u00e9 dovresti comprare la Last Love 20000 Z\u00fcge Einweg E-Zigarette?<\/strong><\/h3>\n<p>La\u00a0<strong>Ultimo Amore 20000 tiri Sigaretta elettronica monouso<\/strong>\u00a0\u00e8 la scelta perfetta per i fumatori di sigarette elettroniche che cercano una\u00a0<strong>alta frequenza dei treni<\/strong>,\u00a0<strong>aromi ricchi<\/strong>\u00a0und\u00a0<strong>maneggevolezza<\/strong>\u00a0stimare. Con la\u00a0<strong>Forza del nicotina di 2% (20 mg)<\/strong>\u00a0\u00e8 particolarmente adatta per\u00a0<strong>Adatto ai vaporizzatori<\/strong>che cercano un apporto moderato di nicotina senza dover rinunciare al gusto e alla resa del vapore. Attraverso la\u00a0<strong>batteria ricaricabile<\/strong>\u00a0Non dovete preoccuparvi di una rapida scarica e potete utilizzare il dispositivo pi\u00f9 volte, fino a quando l'ultimo goccia di liquido non sar\u00e0 evaporata.<\/p>\n<h4><strong>Fidati di alfakher24h.de<\/strong>\u00a0per il Suo acquisto<\/h4>\n<p>Quando il\u00a0<strong>Il pi\u00f9 grande negozio online di sigarette elettroniche monouso in Germania<\/strong>\u00a0offre alfakher24h.de non solo la\u00a0<strong>Ultimo Amore 20000 tiri Sigaretta elettronica monouso<\/strong>ma anche i tempi di consegna pi\u00f9 rapidi, offerte esclusive e una\u00a0<strong>Eccellente soddisfazione del cliente<\/strong>Offriamo una esperienza di acquisto sicura e affidabile, in modo che Lei possa concentrarsi completamente sull'esperienza di degustazione. Se sta cercando il meglio\u00a0<strong>Sigaretta elettronica monouso con nicotina<\/strong>\u00a0Cerchi, allora siete da noi esattamente nel posto giusto!<\/p>\n<hr \/>\n<h3><strong>Conclusione:<\/strong><\/h3>\n<p>La\u00a0<strong>Ultimo Amore 20000 tiri Sigaretta elettronica monouso<\/strong>\u00a0offre tutto ci\u00f2 che ci si pu\u00f2 aspettare da un moderno dispositivo vape:\u00a0<strong>godimento duraturo<\/strong>,\u00a0<strong>svariate sfumature di gusto<\/strong>,\u00a0<strong>tecnologia moderna<\/strong>\u00a0e una\u00a0<strong>elaborazione di alta qualit\u00e0<\/strong>Se stai cercando un'opzione affidabile e potente\u00a0<strong>Sigarette elettroniche monouso<\/strong> Se sei, allora questo modello \u00e8 una scelta eccellente. Ordina oggi stesso su alfakher24h.de e sperimenta il vaping nella sua forma migliore!<\/p>\n<hr \/>\n<p><strong>Caratteristiche del prodotto in sintesi:<\/strong><\/p>\n<ul>\n<li><strong>Treni<\/strong>: Fino a 20000 treni<\/li>\n<li><strong>Liquido<\/strong>: 22 ml E-Liquid con 21mg\/ml di nicotina<\/li>\n<li><strong>Akku<\/strong>: Ricaricabile (800mAh)<\/li>\n<li><strong>Coil<\/strong>: 0,6 Mesh Coil per vapore intenso<\/li>\n<li><strong>Sapore<\/strong>: 12 diversi aromi, incluso Magic Love<\/li>\n<li><strong>Particolarit\u00e0<\/strong>: Edizione limitata EURO2024<\/li>\n<\/ul>\n<p>Sperimentate il vaping al massimo livello con la\u00a0<strong>Ultimo Amore 20000 tiri Sigaretta elettronica monouso<\/strong> \u2013 esclusivamente presso <a href=\"https:\/\/alfakher24h.de\/it\/\">alfakher24h.de<\/a>!<\/p>","protected":false},"excerpt":{"rendered":"<p><strong>Ultimo Amore 20000 tiri Sigaretta elettronica monouso<\/strong>\u00a0offre tutto ci\u00f2 che ci si pu\u00f2 aspettare da un moderno dispositivo vape<\/p>","protected":false},"featured_media":1381,"comment_status":"open","ping_status":"closed","template":"","meta":{"om_disable_all_campaigns":false},"product_brand":[],"product_cat":[36],"product_tag":[],"class_list":{"0":"post-1399","1":"product","2":"type-product","3":"status-publish","4":"has-post-thumbnail","6":"product_cat-last-love-20000","8":"first","9":"instock","10":"shipping-taxable","11":"purchasable","12":"product-type-simple"},"_links":{"self":[{"href":"https:\/\/alfakher24h.de\/it\/wp-json\/wp\/v2\/product\/1399","targetHints":{"allow":["GET"]}}],"collection":[{"href":"https:\/\/alfakher24h.de\/it\/wp-json\/wp\/v2\/product"}],"about":[{"href":"https:\/\/alfakher24h.de\/it\/wp-json\/wp\/v2\/types\/product"}],"replies":[{"embeddable":true,"href":"https:\/\/alfakher24h.de\/it\/wp-json\/wp\/v2\/comments?post=1399"}],"wp:featuredmedia":[{"embeddable":true,"href":"https:\/\/alfakher24h.de\/it\/wp-json\/wp\/v2\/media\/1381"}],"wp:attachment":[{"href":"https:\/\/alfakher24h.de\/it\/wp-json\/wp\/v2\/media?parent=1399"}],"wp:term":[{"taxonomy":"product_brand","embeddable":true,"href":"https:\/\/alfakher24h.de\/it\/wp-json\/wp\/v2\/product_brand?post=1399"},{"taxonomy":"product_cat","embeddable":true,"href":"https:\/\/alfakher24h.de\/it\/wp-json\/wp\/v2\/product_cat?post=1399"},{"taxonomy":"product_tag","embeddable":true,"href":"https:\/\/alfakher24h.de\/it\/wp-json\/wp\/v2\/product_tag?post=1399"}],"curies":[{"name":"wp","href":"https:\/\/api.w.org\/{rel}","templated":true}]}}