{"id":1372,"date":"2025-01-03T06:14:13","date_gmt":"2025-01-03T06:14:13","guid":{"rendered":"https:\/\/alfakher24h.de\/?post_type=product&#038;p=1372"},"modified":"2025-01-03T06:14:13","modified_gmt":"2025-01-03T06:14:13","slug":"request-failed-with-status-code-521","status":"publish","type":"product","link":"https:\/\/alfakher24h.de\/it\/prodotto\/request-failed-with-status-code-521\/","title":{"rendered":"HighPuffs %95 HHC DISPOSABLE PEN Einweg E Zigarette \u2013 GELATO"},"content":{"rendered":"<h2><strong>GELATO HHC E-Zigarette \u2013 Il piacere unico per gli appassionati di vaping in Germania<\/strong><\/h2>\n<p>La <a href=\"https:\/\/alfakher24h.de\/it\/\">GELATO HHC E-Zigarette<\/a> di HighPuffs \u00e8 una scelta innovativa ed esclusiva per tutti coloro che cercano un'esperienza di svapo intensa e unica. Con un impressionante contenuto di HHC del 95% e una miscela di terpeni perfettamente sintonizzata, questa sigaretta elettronica usa e getta offre non solo un mondo di sapori unico, ma anche un'esperienza indimenticabile per tutti i sensi. Su alfakher24h.de, la piattaforma leader per l'acquisto di sigarette elettroniche usa e getta in Germania, troverai la sigaretta elettronica GELATO HHC di alta qualit\u00e0.<\/p>\n<h3><strong>Descrizione del prodotto:<\/strong><\/h3>\n<p>Il GELATO HHC E-Zigarette \u00e8 un vero piacere per i vaper esigenti che danno valore alla qualit\u00e0 premium e al gusto eccezionale. Con 95% HHC (idrossi esacidrocanabinolo) questa sigaretta elettronica usa e getta offre un'esperienza intensa e ricca. L'HHC \u00e8 supportato da un mix raffinato di terpeni, che porta a un gusto armonioso e distinto. \u00c8 particolarmente degno di nota che il prodotto \u00e8 noto per la sua lavorazione di alta qualit\u00e0 e la selezione accurata degli ingredienti, per garantire la massima qualit\u00e0.<\/p>\n<p>Grazie al design pratico e monouso, la GELATO HHC E-Zigarette non \u00e8 solo facile da usare, ma anche ideale per essere portata in giro. Puoi godertela ovunque senza dover pensare a ricariche o complicate operazioni. Basta scartarla, tirare una boccata dalla E-Zigarette e godere dell'esperienza di lusso!<\/p>\n<h3><strong>Caratteristiche delle<a href=\"https:\/\/alfakher24h.de\/it\/\"> GELATO HHC E-Zigarette<\/a>:<\/strong><\/h3>\n<ul>\n<li><strong>95% HHC (Idrossi-esahidrocanabinolo):<\/strong>\u00a0Un'elevata concentrazione di HHC garantisce un'esperienza forte e profonda.<\/li>\n<li><strong>Elegante miscela di terpene:<\/strong>\u00a0I terpeni accuratamente selezionati conferiscono alla sigaretta elettronica un sapore inconfondibile che entusiasma ad ogni tiro.<\/li>\n<li><strong>Design monouso<\/strong>\u00a0Facile da usare e ideale per l'uso mobile. Nessun rabbocco o ricarica necessaria.<\/li>\n<li><strong>Esperienza di svapo ottimizzata:<\/strong>\u00a0Perfetta combinazione di gusto ed effetto per un'emozione indimenticabile.<\/li>\n<li><strong>Senza nicotina:<\/strong>\u00a0La e-cigarette non contiene nicotina, il che la rende una scelta ideale per tutti coloro che vogliono godere dell'esperienza di vaping senza nicotina.<\/li>\n<li><strong>Dimensione pratica<\/strong>\u00a0Compatto e maneggevole, ideale per l'uso in viaggio.<\/li>\n<li><strong>Qualit\u00e0 costantemente elevata:<\/strong>\u00a0Il GELATO HHC E-Zigarette rappresenta la massima qualit\u00e0 e purezza in ogni singola unit\u00e0.<\/li>\n<\/ul>\n<h3><strong>Sperimentate il gusto del gelato:<\/strong><\/h3>\n<p>La GELATO HHC E-Zigarette offre un'esperienza di gusto unica. Gelato \u00e8 noto per i suoi aromi morbidi e cremosi con una miscela deliziosa di note dolci e speziate. Il profilo terpene della GELATO HHC E-Zigarette realizza perfettamente questa eredit\u00e0 e garantisce un piacere di fumare denso ma allo stesso tempo piacevole.<\/p>\n<p><strong>Dolce fruttato che incontra sapori cremosi:<\/strong>\u00a0Al primo tiro si sviluppa subito una nota dolce, quasi fruttata, che ricorda frutti maturi, mentre allo stesso tempo una piacevole cremosit\u00e0 seduce i sensi. L'equilibrio tra questi due sapori \u00e8 quasi perfetto e fa s\u00ec che ogni tiro diventi un momento di piacere indimenticabile.<\/p>\n<p><strong>Sfumature speziate con una freschezza floreale:<\/strong>\u00a0Dopo la prima esperienza di gusto, emergono le sottili sfumature speziate e floreali che portano una profondit\u00e0 unica al sapore. Questi aromi donano alla GELATO HHC E-Zigarette non solo complessit\u00e0, ma anche una piacevole freschezza che completa il gusto pieno.<\/p>\n<p><strong>Terpeni armonici:<\/strong>\u00a0La miscela di terpeni nella sigaretta elettronica GELATO HHC migliora ulteriormente l'esperienza di gusto. I terpeni utilizzati sono perfettamente sintonizzati tra loro e fanno s\u00ec che ogni tiro sia intenso, ma non soverchieggi. Il risultato \u00e8 un'esperienza di svapo morbida e ricca - un vero capolavoro di aromi.<\/p>\n<p><strong>Dolcezza arrotondata e un tocco di agrume:<\/strong>\u00a0Alla fine di ogni sorso rimane una nota dolce sottile ma distinta, che ricorda la vaniglia o il caramello. Questo retrogusto \u00e8 accompagnato da un tocco di agrumi che bilancia alla perfezione l'intero spettro di sapori e garantisce un'esperienza lunga e piacevole.<\/p>\n<p><img loading=\"lazy\" decoding=\"async\" class=\"alignnone wp-image-1731 size-full\" title=\"HighPuffs %95 HHC DISPOSABLE PEN Einweg E Zigarette - GELATO 2\" src=\"https:\/\/alfakher24h.de\/wp-content\/uploads\/2025\/01\/HighPuffs-HHC-VAPE-2.webp\" sizes=\"auto, (max-width: 1280px) 100vw, 1280px\" srcset=\"https:\/\/alfakher24h.de\/wp-content\/uploads\/2025\/01\/HighPuffs-HHC-VAPE-2.webp 1280w, https:\/\/alfakher24h.de\/wp-content\/uploads\/2025\/01\/HighPuffs-HHC-VAPE-2-300x300.webp 300w, https:\/\/alfakher24h.de\/wp-content\/uploads\/2025\/01\/HighPuffs-HHC-VAPE-2-1024x1024.webp 1024w, https:\/\/alfakher24h.de\/wp-content\/uploads\/2025\/01\/HighPuffs-HHC-VAPE-2-150x150.webp 150w, https:\/\/alfakher24h.de\/wp-content\/uploads\/2025\/01\/HighPuffs-HHC-VAPE-2-768x768.webp 768w, https:\/\/alfakher24h.de\/wp-content\/uploads\/2025\/01\/HighPuffs-HHC-VAPE-2-12x12.webp 12w, https:\/\/alfakher24h.de\/wp-content\/uploads\/2025\/01\/HighPuffs-HHC-VAPE-2-600x600.webp 600w, https:\/\/alfakher24h.de\/wp-content\/uploads\/2025\/01\/HighPuffs-HHC-VAPE-2-100x100.webp 100w\" alt=\"GELATO %95 HHC DISPOSABLE PEN Einweg E Zigarette - GELATO\" width=\"1280\" height=\"1280\" \/><\/p>\n<h3><strong>Perch\u00e9 dovreste\u00a0<a href=\"https:\/\/alfakher24h.de\/it\/\">GELATO HHC E-Zigarette<\/a> Comprare?<\/strong><\/h3>\n<ol>\n<li><strong>Qualit\u00e0 premium per vaper esigenti:<\/strong>\u00a0La sigaretta elettronica GELATO HHC non offre solo un gusto intenso, ma anche la massima qualit\u00e0 nella selezione degli ingredienti.<\/li>\n<li><strong>Ideale per principianti ed esperti di svapo:<\/strong>\u00a0Per la sua facile gestione, questa sigaretta elettronica usa e getta \u00e8 adatta sia ai principianti che agli utenti esperti che cercano qualcosa di speciale.<\/li>\n<li><strong>Sapore lussuoso che entusiasma:<\/strong>\u00a0Il gusto del gelato \u00e8 unico e offre un perfetto equilibrio di aromi dolci, speziati e freschi: un vero piacere per i sensi.<\/li>\n<li><strong>Godimento mobile senza fatica:<\/strong>\u00a0Con il loro design pratico monouso, puoi portare facilmente ovunque il GELATO HHC E-Zigarette e godertelo, senza preoccuparti di ricariche o complicate impostazioni.<\/li>\n<li><strong>Nessun nicotina, solo puro piacere:<\/strong>\u00a0Se cerchi un'esperienza di svapo senza nicotina, questa sigaretta elettronica offre esattamente ci\u00f2 di cui hai bisogno: puro piacere senza la solita nicotina.<\/li>\n<li><strong>Effetti armonizzati:<\/strong>\u00a0La combinazione di HHC e terpeni garantisce un'esperienza armoniosa, che risulta sia rilassante che rivitalizzante.<\/li>\n<\/ol>\n<h3><strong>Importante: istruzioni per l'uso e la sicurezza:<\/strong><\/h3>\n<p>Sebbene la sigaretta elettronica GELATO HHC offra un'esperienza eccezionale, \u00e8 importante essere consapevoli dei possibili effetti. L'HHC 95% contenuto pu\u00f2 avere un effetto inebriante se utilizzato in eccesso. Pertanto, raccomandiamo di utilizzare la sigaretta elettronica in modo responsabile. Assicurati di non consumare pi\u00f9 di 6 tiri al giorno per garantire un'esperienza ottimale.<\/p>\n<p>Questo prodotto \u00e8 destinato esclusivamente all'uso scientifico e non \u00e8 inteso per il consumo. Non dovrebbe essere utilizzato durante la guida o l'uso di macchinari. L'uso \u00e8 consentito solo a persone di et\u00e0 superiore a 18 anni. Conservare il prodotto sempre fuori dalla portata dei bambini.<\/p>\n<h3><strong>Ordini<\/strong><\/h3>\n<h3><strong>Perch\u00e9 dovresti comprare la GELATO HHC e-zigarette?<\/strong><\/h3>\n<ol>\n<li><strong>Qualit\u00e0 premium per vaper esigenti:<\/strong>\u00a0La sigaretta elettronica GELATO HHC non offre solo un gusto intenso, ma anche la massima qualit\u00e0 nella selezione degli ingredienti.<\/li>\n<li><strong>Ideale per principianti ed esperti di svapo:<\/strong>\u00a0Per la sua facile gestione, questa sigaretta elettronica usa e getta \u00e8 adatta sia ai principianti che agli utenti esperti che cercano qualcosa di speciale.<\/li>\n<li><strong>Sapore lussuoso che entusiasma:<\/strong>\u00a0Il gusto del gelato \u00e8 unico e offre un perfetto equilibrio di aromi dolci, speziati e freschi: un vero piacere per i sensi.<\/li>\n<li><strong>Godimento mobile senza fatica:<\/strong>\u00a0Con il loro design pratico monouso, puoi portare facilmente ovunque il GELATO HHC E-Zigarette e godertelo, senza preoccuparti di ricariche o complicate impostazioni.<\/li>\n<li><strong>Nessun nicotina, solo puro piacere:<\/strong>\u00a0Se cerchi un'esperienza di svapo senza nicotina, questa sigaretta elettronica offre esattamente ci\u00f2 di cui hai bisogno: puro piacere senza la solita nicotina.<\/li>\n<li><strong>Effetti armonizzati:<\/strong>\u00a0La combinazione di HHC e terpeni garantisce un'esperienza armoniosa, che risulta sia rilassante che rivitalizzante.<\/li>\n<\/ol>\n<h3><strong>Importante: istruzioni per l'uso e la sicurezza:<\/strong><\/h3>\n<p>Sebbene la sigaretta elettronica GELATO HHC offra un'esperienza eccezionale, \u00e8 importante essere consapevoli dei possibili effetti. L'HHC 95% contenuto pu\u00f2 avere un effetto inebriante se utilizzato in eccesso. Pertanto, raccomandiamo di utilizzare la sigaretta elettronica in modo responsabile. Assicurati di non consumare pi\u00f9 di 6 tiri al giorno per garantire un'esperienza ottimale.<\/p>\n<p>Questo prodotto \u00e8 destinato esclusivamente all'uso scientifico e non \u00e8 inteso per il consumo. Non dovrebbe essere utilizzato durante la guida o l'uso di macchinari. L'uso \u00e8 consentito solo a persone di et\u00e0 superiore a 18 anni. Conservare il prodotto sempre fuori dalla portata dei bambini.<\/p>\n<h3><strong>Ordinate la vostra GELATO HHC E-Zigarette presso<a href=\"https:\/\/alfakher24h.de\/it\/\"> alfakher24h.de<\/a>:<\/strong><\/h3>\n<p>Sperimentate il gusto esclusivo e l'esperienza di svapo di lusso con la sigaretta elettronica GELATO HHC. Ordinate ora su alfakher24h.de, la pi\u00f9 grande piattaforma per<a href=\"https:\/\/alfakher24h.de\/it\/\">\u00a0<\/a><strong><a href=\"https:\/\/alfakher24h.de\/it\/\">Sigarette elettroniche monouso<\/a> in Germania<\/strong>E goditi un'esperienza di svapo senza pari.<\/p>\n<p>Immer pi\u00f9 persone stanno scoprendo il mondo di HighPuffs e stanno provando le infinite possibilit\u00e0 offerte dalla sigaretta elettronica GELATO HHC. Non perdere l'occasione di provare questo prodotto esclusivo: le tue papille gustative ti saranno grate!<\/p>\n<h3><strong>E-Zigarette su alfakher24h.de:<\/strong><\/h3>\n<p>Sperimenta il gusto esclusivo e l'esperienza di svapo di lusso con la sigaretta elettronica GELATO HHC. Ordina ora su <a href=\"https:\/\/alfakher24h.de\/it\/\">alfakher24h.de<\/a>della pi\u00f9 grande piattaforma per\u00a0<strong>Sigarette elettroniche monouso in Germania<\/strong>E goditi un'esperienza di svapo senza pari.<\/p>\n<p>Immer pi\u00f9 persone stanno scoprendo il mondo di HighPuffs e stanno provando le infinite possibilit\u00e0 offerte dalla sigaretta elettronica GELATO HHC. Non perdere l'occasione di provare questo prodotto esclusivo: le tue papille gustative ti saranno grate!<\/p>\n<h3><strong>Parola conclusiva:<\/strong><\/h3>\n<p>Il GELATO HHC E-Zigarette di HighPuffs \u00e8 pi\u00f9 di un semplice prodotto da svapo - \u00e8 un'esperienza. Con un sapore unico, una miscela perfetta di aromi e una gestione facile da usare, \u00e8 la scelta perfetta per tutti coloro che vogliono ottenere il meglio dalla loro esperienza di svapo. Ordinate la vostra E-Zigarette su alfakher24h.de e lasciatevi incantare dalla qualit\u00e0 eccezionale e dal gusto esclusivo.<\/p>","protected":false},"excerpt":{"rendered":"<p>GELATO HHC E-Zigarette di HighPuffs \u00e8 pi\u00f9 di un semplice prodotto da svapo: \u00e8 un'esperienza. Con un sapore inconfondibile<\/p>","protected":false},"featured_media":1374,"comment_status":"open","ping_status":"closed","template":"","meta":{"om_disable_all_campaigns":false},"product_brand":[],"product_cat":[35],"product_tag":[],"class_list":{"0":"post-1372","1":"product","2":"type-product","3":"status-publish","4":"has-post-thumbnail","6":"product_cat-hhc-disposable-pen","8":"first","9":"instock","10":"shipping-taxable","11":"purchasable","12":"product-type-simple"},"_links":{"self":[{"href":"https:\/\/alfakher24h.de\/it\/wp-json\/wp\/v2\/product\/1372","targetHints":{"allow":["GET"]}}],"collection":[{"href":"https:\/\/alfakher24h.de\/it\/wp-json\/wp\/v2\/product"}],"about":[{"href":"https:\/\/alfakher24h.de\/it\/wp-json\/wp\/v2\/types\/product"}],"replies":[{"embeddable":true,"href":"https:\/\/alfakher24h.de\/it\/wp-json\/wp\/v2\/comments?post=1372"}],"wp:featuredmedia":[{"embeddable":true,"href":"https:\/\/alfakher24h.de\/it\/wp-json\/wp\/v2\/media\/1374"}],"wp:attachment":[{"href":"https:\/\/alfakher24h.de\/it\/wp-json\/wp\/v2\/media?parent=1372"}],"wp:term":[{"taxonomy":"product_brand","embeddable":true,"href":"https:\/\/alfakher24h.de\/it\/wp-json\/wp\/v2\/product_brand?post=1372"},{"taxonomy":"product_cat","embeddable":true,"href":"https:\/\/alfakher24h.de\/it\/wp-json\/wp\/v2\/product_cat?post=1372"},{"taxonomy":"product_tag","embeddable":true,"href":"https:\/\/alfakher24h.de\/it\/wp-json\/wp\/v2\/product_tag?post=1372"}],"curies":[{"name":"wp","href":"https:\/\/api.w.org\/{rel}","templated":true}]}}