{"id":1365,"date":"2025-01-03T05:19:07","date_gmt":"2025-01-03T05:19:07","guid":{"rendered":"https:\/\/alfakher24h.de\/?post_type=product&#038;p=1365"},"modified":"2025-07-16T07:13:08","modified_gmt":"2025-07-16T07:13:08","slug":"smpo-dl02-10000-boccate-usa-e-getta-e-sigaretta-uva-mirtillo","status":"publish","type":"product","link":"https:\/\/alfakher24h.de\/it\/prodotto\/smpo-dl02-10000-boccate-usa-e-getta-e-sigaretta-uva-mirtillo\/","title":{"rendered":"SMPO DL02 10000 Z\u00fcge Einweg E Zigarette \u2013 Cranberry grape\n\nbecomes \n\nSMPO DL02 10000 Z\u00fcge Einweg E-Zigarette \u2013 Cranberry Traube \n\n No, \n\nSMPO DL02 10000 puff Einweg E-Zigarette \u2013 Cranberry Traube \n\n No \n\nSMPO DL02 10000 puff disposable E-cigarette - Cranberry grape \n\nbecomes \n\nSMPO DL02 10000 puff sigaretta elettronica usa e getta - uva cranberry \n\n No \n\n SMPO DL02 10000 puff disposable e-cigarette \u2013 Cranberry grape"},"content":{"rendered":"<h2>SMPO DL02 10000 Z\u00fcge Einweg E Zigarette \u2013 Perfekte Wahl f\u00fcr Vaping-Liebhaber in Deutschland\n\nbecomes \n\nSMPO DL02 10000 Z\u00fcge Disposable E-Zigarette \u2013 Perfekte Wahl f\u00fcr Vaping-Liebhaber in Deutschland \n\n No, \n\nSMPO DL02 10000 Z\u00fcge\u00a0Einweg E Zigarette \u2013 Perfekte Wahl f\u00fcr Vaping-Liebhaber in Deutschland \n\nbecomes \n\nSMPO DL02 10000 puff  E cigarette usa e getta  - Scelta perfetta per gli appassionati di Vaping in Germania<\/h2>\n<p><strong>Vivi il meglio della <a href=\"https:\/\/alfakher24h.de\/it\/\">Sigarette elettroniche monouso con SMPO DL02 10000 tiri<\/a> Modello!<\/strong>\u00a0Con una capacit\u00e0 impressionante di 10.000 tiri e una combinazione eccezionale di facilit\u00e0 d'uso e gusto di alta qualit\u00e0, l'SMPO DL02 offre l'esperienza di svapo definitiva. Sia per l'uso quotidiano che come backup, questo dispositivo monouso \u00e8 la soluzione perfetta per ogni svapatore che cerca prestazioni elevate e comodit\u00e0.<\/p>\n<p>In questo articolo scoprirete tutto ci\u00f2 che c'\u00e8 da sapere sulla sigaretta elettronica usa e getta SMPO DL02 - dalle specifiche tecniche a una descrizione dettagliata del gusto che vi far\u00e0 incantare. Inoltre, vi mostreremo perch\u00e9 l'acquisto di questo prodotto premium su alfakher24h.de, la pi\u00f9 grande piattaforma tedesca per sigarette elettroniche usa e getta, \u00e8 la scelta migliore per voi.<\/p>\n<h3>Specifiche tecniche del SMPO DL02 10000 treni monouso E Sigaretta<\/h3>\n<p>Il SMPO DL02 \u00e8 dotato della tecnologia pi\u00f9 avanzata per offrirti un'esperienza di svapo eccezionale. Esaminiamo da vicino le principali caratteristiche tecniche di questo prodotto:<\/p>\n<ul>\n<li><strong>Potenza di picco<\/strong>: 20 W<\/li>\n<li><strong>Capacit\u00e0<\/strong>: 20 ml (per 10.000 tiri)<\/li>\n<li><strong>Capacit\u00e0 della batteria<\/strong>: 750 mAh (lunga durata di vita)<\/li>\n<li><strong>Nicotina<\/strong>: 2 % (20 mg nicotina)<\/li>\n<li><strong>Resistenza<\/strong>: 0,6 Ohm<\/li>\n<li><strong>MTL o DL<\/strong>: Scegli tra Mouth-to-Lung (MTL) o Direct-Lung (DL) per uno stile di tiro ottimale.<\/li>\n<li><strong>Numero di soffiate<\/strong>: 10.000+ treni \u2013 impressionante longevit\u00e0 per l'uso quotidiano<\/li>\n<\/ul>\n<p>Queste caratteristiche tecniche rendono l'SMPO DL02 uno dei migliori modelli di sigarette elettroniche monouso sul mercato. Offre sia potenti opzioni di vaporizzazione che un'esperienza di svapo saporita e duratura.<\/p>\n<p>Uno dei caratteristiche pi\u00f9 eccezionali della SMPO DL02 \u00e8 la sua tecnologia innovativa che assicura che il sapore sia ottimale ad ogni aspirazione, evitando il surriscaldamento e mantenendo il sapore fresco e puro. Ci\u00f2 significa che \u00e8 possibile godere dell'intensit\u00e0 completa e del sapore pieno del liquido senza che il gusto venga influenzato dal vaporizzatore.<\/p>\n<p>Grazie a questa tecnologia, un gusto deteriorato \u00e8 ormai una cosa del passato. L'SMPO DL02 garantisce un'esperienza di svapo costante e uniforme che persiste fino all'ultima boccata.<\/p>\n<h3>Design ergonomico per un comfort migliore<\/h3>\n<p>Oltre ai vantaggi tecnici, la SMPO DL02 convince anche con il suo design ergonomico. Il dispositivo si adatta perfettamente alla mano e offre una presa confortevole, che \u00e8 particolarmente utile durante lunghe sessioni di svapo. Il design garantisce comfort e facilit\u00e0 d'uso, senza compromettere le prestazioni. In questo modo, lo svapo diventa un'esperienza piacevole sotto tutti gli aspetti, sia a casa che in viaggio.<\/p>\n<h3>Perch\u00e9 dovresti comprare la sigaretta elettronica usa e getta SMPO DL02?<\/h3>\n<p>La\u00a0<a href=\"https:\/\/alfakher24h.de\/it\/\"><strong>SMPO DL02 10000 Z\u00fcge Einweg E Zigarette \n\nbecomes \n\nSMPO DL02 10000 Tiri Sigaretta Elettronica usa e getta<\/strong><\/a>\u00a0Offre molti vantaggi che la rendono una scelta eccellente per gli appassionati di vaping in Germania. Ecco alcuni motivi per cui dovresti scegliere questo prodotto:<\/p>\n<h4>1.\u00a0<strong>Lunga durata di conservazione e alto numero di soffiate<\/strong><\/h4>\n<p>Con una capacit\u00e0 di oltre\u00a0<strong>10.000 Z\u00fcgen \ndiezimilavetture \n\n Correction : \n10.000 treni<\/strong>\u00a0La SMPO DL02 \u00e8 una delle sigarette elettroniche monouso pi\u00f9 longeve sul mercato. Non dovrai pi\u00f9 preoccuparti di comprare costantemente nuovi dispositivi. Un singolo dispositivo basta per molto tempo.<\/p>\n<h4>2.\u00a0<strong>Sapore di alta qualit\u00e0<\/strong><\/h4>\n<p>Grazie ad essa, potrete godere del gusto pieno e indisturbato. Ci\u00f2 significa che ogni volta proverete lo stesso gusto fresco ed intenso, senza che l'aroma sia influenzato dal calore o dall'usura.<\/p>\n<h4>3.\u00a0<strong>Funzioni di vapore versatili<\/strong><\/h4>\n<p>Ob\u00a0<strong>MTL (Mouth-to-Lung)<\/strong>\u00a0o\u00a0<strong>DL (Polmone Diretto)<\/strong>, lo SMPO DL02 supporta entrambi gli stili di vaporizzazione, in modo da poter personalizzare la tua esperienza di vaporizzazione in base alle tue preferenze.<\/p>\n<h4>4.\u00a0<strong>Facile utilizzo e design ergonomico<\/strong><\/h4>\n<p>Il design garantisce una presa comoda, rendendolo perfetto per l'uso quotidiano. L'SMPO DL02 \u00e8 ideale per i vaper che cercano una sigaretta elettronica usa e getta facile da usare e pratica.<\/p>\n<h4>5.\u00a0<strong>Perfetto per essere in movimento<\/strong><\/h4>\n<p>Il design compatto e la lunga durata di vita rendono l'SMPO DL02 ideale per i vaper che sono sempre in movimento. Potete infilarla facilmente nella tasca o nella borsetta e godervela in qualsiasi momento.<\/p>\n<p><img loading=\"lazy\" decoding=\"async\" class=\"alignnone wp-image-1565 size-full\" title=\"SMPO DL02 10000 Z\u00fcge Einweg E Zigarette - Cranberry grape 3\" src=\"https:\/\/alfakher24h.de\/wp-content\/uploads\/2025\/01\/SMPO-DL02-product-profile_03.webp\" sizes=\"auto, (max-width: 2133px) 100vw, 2133px\" srcset=\"https:\/\/alfakher24h.de\/wp-content\/uploads\/2025\/01\/SMPO-DL02-product-profile_03.webp 2133w, https:\/\/alfakher24h.de\/wp-content\/uploads\/2025\/01\/SMPO-DL02-product-profile_03-300x169.webp 300w, https:\/\/alfakher24h.de\/wp-content\/uploads\/2025\/01\/SMPO-DL02-product-profile_03-1024x576.webp 1024w, https:\/\/alfakher24h.de\/wp-content\/uploads\/2025\/01\/SMPO-DL02-product-profile_03-768x432.webp 768w, https:\/\/alfakher24h.de\/wp-content\/uploads\/2025\/01\/SMPO-DL02-product-profile_03-1536x864.webp 1536w, https:\/\/alfakher24h.de\/wp-content\/uploads\/2025\/01\/SMPO-DL02-product-profile_03-2048x1152.webp 2048w, https:\/\/alfakher24h.de\/wp-content\/uploads\/2025\/01\/SMPO-DL02-product-profile_03-18x10.webp 18w, https:\/\/alfakher24h.de\/wp-content\/uploads\/2025\/01\/SMPO-DL02-product-profile_03-600x338.webp 600w\" alt=\"SMPO DL02 10000 Z\u00fcge Einweg E Zigarette - Cranberry grapebecomes SMPO DL02 10000 Z\u00fcge Einweg E-Zigarette - Cranberry Traube  No, SMPO DL02 10000 puff Einweg E-Zigarette - Cranberry Traube  No SMPO DL02 10000 puff disposable E cigarette - Cranberry grape\" width=\"2133\" height=\"1200\" \/><\/p>\n<hr \/>\n<h3>Descrizione dettagliata degli aromi: Cranberry-Grape - Un'esperienza gustativa rinfrescante<\/h3>\n<p>La\u00a0<a href=\"https:\/\/alfakher24h.de\/it\/\"><strong>SMPO DL02 10000 Z\u00fcge Einweg E Zigarette \n\nbecomes \n\nSMPO DL02 10000 Tiri Sigaretta Elettronica usa e getta<\/strong>\u00a0i<\/a>\u00e8 caratterizzato da una combinazione unica di\u00a0<strong>Mirtillo e uva<\/strong>\u00a0riempito - un sapore che seduce i vostri sensi e vi trasporta in un mondo di aromi rinfrescanti. Descriviamo i due aromi in dettaglio:<\/p>\n<h4>1.\u00a0<strong>Mirtillo - Un tocco di freschezza<\/strong><\/h4>\n<p>La\u00a0<strong>Cranberry<\/strong>\u00a0Nella SMPO DL02 offre una nota rinfrescante, leggermente acida, che si armonizza perfettamente con la dolcezza dell'uva. La freschezza del mirtillo rosso garantisce un gusto chiaro e rivitalizzante, ideale per il consumo quotidiano. Il sapore fruttato non \u00e8 travolgente, ma piacevole e leggero, permettendoti di goderne in ogni momento.<\/p>\n<h4>2.\u00a0<strong>Uva - Dolcezza e succosit\u00e0<\/strong><\/h4>\n<p>La\u00a0<strong>uva<\/strong>\u00a0Completa alla perfezione la cranberry, aggiungendo una nota dolce e succosa. Assicura una piacevole dolcezza che bilancia il sapore pi\u00f9 aspro e acidulo della cranberry, creando cos\u00ec una miscela equilibrata di freschezza e dolcezza. Il gusto d'uva \u00e8 dolce, ma non troppo intenso, e rimane piacevolmente delicato, il che rende la miscela perfetta per i vaper che cercano un aroma di frutta equilibrato.<\/p>\n<p>Questi due aromi si combinano per creare un'esperienza di gusto eccezionale che ti fa sentire di goderti una bevanda fresca e fruttata. Sia per una calda giornata estiva che come piacevole piacere dopo una lunga giornata di lavoro, il gusto di Cranberry-Grape \u00e8 versatile e sempre fresco.<\/p>\n<h3>Perch\u00e9 su <a href=\"https:\/\/alfakher24h.de\/it\/\">alfakher24h.de<\/a>\u00a0Comprare?<\/h3>\n<p>Se sei alla ricerca di sigarette elettroniche monouso di alta qualit\u00e0 in Germania, alfakher24h.de \u00e8 la tua prima scelta. Siamo il pi\u00f9 grande negozio online di sigarette elettroniche monouso in Germania e ti offriamo non solo prodotti di prim'ordine, ma anche un eccellente servizio clienti.<\/p>\n<ul>\n<li><strong>Acquisto sicuro e affidabile<\/strong><\/li>\n<li><strong>Consegna rapida<\/strong><\/li>\n<li><strong>Servizio orientato al cliente<\/strong><\/li>\n<\/ul>\n<p>Visita il nostro sito web alfakher24h.de e scopri la nostra vasta gamma di sigarette elettroniche usa e getta, compresa la SMPO DL02 da 10000 tiri. Approfitta dei nostri prezzi attraenti e della consegna rapida per goderti subito l'esperienza di svapo.<\/p>\n<h3>Conclusione<\/h3>\n<p>La\u00a0<strong>SMPO DL02 10000 Z\u00fcge Einweg E Zigarette \n\nbecomes \n\nSMPO DL02 10000 Tiri Sigaretta Elettronica usa e getta<\/strong> \u00c8 la scelta perfetta per i vaper che cercano un dispositivo monouso durevole, potente e dal gusto eccezionale. Con oltre 10.000 tiri, un'ampia variet\u00e0 di sapori e la tecnologia innovativa di protezione dalla secchezza tramite riscaldamento, questo prodotto \u00e8 un vero punto culminante nel mondo delle sigarette elettroniche monouso. Acquista ora la tua sigaretta elettronica monouso SMPO DL02 su alfakher24h.de e sperimenta la differenza!<\/p>","protected":false},"excerpt":{"rendered":"<p><strong>SMPO DL02 10000 Z\u00fcge Einweg E Zigarette \n\nbecomes \n\nSMPO DL02 10000 Tiri Sigaretta Elettronica usa e getta<\/strong> \u00e8 la scelta perfetta per i vaper che cercano un prodotto durevole, potente e dal gusto eccezionale<\/p>","protected":false},"featured_media":1366,"comment_status":"open","ping_status":"closed","template":"","meta":{"om_disable_all_campaigns":false},"product_brand":[],"product_cat":[34],"product_tag":[],"class_list":{"0":"post-1365","1":"product","2":"type-product","3":"status-publish","4":"has-post-thumbnail","6":"product_cat-smpo-dl02-10000","8":"first","9":"outofstock","10":"shipping-taxable","11":"purchasable","12":"product-type-simple"},"_links":{"self":[{"href":"https:\/\/alfakher24h.de\/it\/wp-json\/wp\/v2\/product\/1365","targetHints":{"allow":["GET"]}}],"collection":[{"href":"https:\/\/alfakher24h.de\/it\/wp-json\/wp\/v2\/product"}],"about":[{"href":"https:\/\/alfakher24h.de\/it\/wp-json\/wp\/v2\/types\/product"}],"replies":[{"embeddable":true,"href":"https:\/\/alfakher24h.de\/it\/wp-json\/wp\/v2\/comments?post=1365"}],"wp:featuredmedia":[{"embeddable":true,"href":"https:\/\/alfakher24h.de\/it\/wp-json\/wp\/v2\/media\/1366"}],"wp:attachment":[{"href":"https:\/\/alfakher24h.de\/it\/wp-json\/wp\/v2\/media?parent=1365"}],"wp:term":[{"taxonomy":"product_brand","embeddable":true,"href":"https:\/\/alfakher24h.de\/it\/wp-json\/wp\/v2\/product_brand?post=1365"},{"taxonomy":"product_cat","embeddable":true,"href":"https:\/\/alfakher24h.de\/it\/wp-json\/wp\/v2\/product_cat?post=1365"},{"taxonomy":"product_tag","embeddable":true,"href":"https:\/\/alfakher24h.de\/it\/wp-json\/wp\/v2\/product_tag?post=1365"}],"curies":[{"name":"wp","href":"https:\/\/api.w.org\/{rel}","templated":true}]}}