{"id":1363,"date":"2025-01-03T05:12:59","date_gmt":"2025-01-03T05:12:59","guid":{"rendered":"https:\/\/alfakher24h.de\/?post_type=product&#038;p=1363"},"modified":"2025-07-16T07:13:09","modified_gmt":"2025-07-16T07:13:09","slug":"smpo-dl02-10000-puff-usa-e-getta-e-sigaretta-blueberry-ice","status":"publish","type":"product","link":"https:\/\/alfakher24h.de\/it\/prodotto\/smpo-dl02-10000-puff-usa-e-getta-e-sigaretta-blueberry-ice\/","title":{"rendered":"SMPO DL02 10000 Z\u00fcge Einweg E Zigarette \u2013 BLUEBERRY ICE\n\nbecomes \n\nSMPO DL02 10000 Z\u00fcge Einweg E-Zigarette \u2013 BLUEBERRY ICE"},"content":{"rendered":"<h2><strong>SMPO DL02 10000 Z\u00fcge Einweg E Zigarette \u2013 La scelta perfetta per il piacere in movimento<\/strong><br \/>\n<em>Sperimentate il comfort ultimo e la qualit\u00e0 insuperabile<\/em><\/h2>\n<p>La\u00a0<a href=\"https:\/\/alfakher24h.de\/it\/\"><strong>SMPO DL02 10000 Z\u00fcge Einweg E Zigarette \n\nbecomes \n\nSMPO DL02 10000 Tiri Sigaretta Elettronica usa e getta<\/strong>\u00a0i<\/a>\u00e8 la soluzione ideale per tutti coloro che cercano una sigaretta elettronica pratica, potente e dal gusto piacevole. Con una capacit\u00e0 impressionante di\u00a0<strong>10.000 Z\u00fcgen \ndiezimilavetture \n\n Correction : \n10.000 treni<\/strong>\u00a0Ecco la traduzione:\n\nE con una tecnologia innovativa, questo modello offre non solo un gusto eccellente, ma anche un'esperienza utente eccezionale. Sia che tu sia un fumatore esperto o un principiante nel settore della\u00a0<a href=\"https:\/\/alfakher24h.de\/it\/\"><strong>Sigarette elettroniche monouso<\/strong><\/a>\u00a0sono - Il SMPO DL02 superer\u00e0 sicuramente le vostre aspettative.<\/p>\n<p><strong>Caratteristiche del prodotto:<\/strong><\/p>\n<ul>\n<li><strong>Capacit\u00e0:<\/strong>\u00a010.000 treni<\/li>\n<li><strong>Capacit\u00e0 della batteria:<\/strong>\u00a0750 mAh per una maggiore durata di utilizzo<\/li>\n<li><strong>Nikotinanteil: \n Contenuto di nicotina:<\/strong>\u00a02 % (20 mg) per un soddisfacente effetto di nicotina<\/li>\n<li><strong>Potenza di picco:<\/strong>\u00a020 W per un costante piacere di vapore<\/li>\n<li><strong>Resistenza:<\/strong>\u00a00,6 Ohm per un'esperienza di svapo eccellente<\/li>\n<li><strong>Sapore:<\/strong>\u00a0Pi\u00f9 intenso\u00a0<strong>Blueberry Ice<\/strong>\u00a0Sapore perfetto per l'estate<\/li>\n<li><strong>Design<\/strong>\u00a0Ergonomico e maneggevole per la presa perfetta<\/li>\n<li><strong>Tecnologia:<\/strong>\u00a0Con la\u00a0<strong>Tecnologia di protezione contro il surriscaldamento CRUX<\/strong>\u00a0per un gusto costantemente buono ad ogni tiro<\/li>\n<li><strong>Tipo di vaporizzatore:<\/strong>\u00a0MTL (Mouth to Lung) o DL (Direct Lung) opzione in base alle preferenze<\/li>\n<\/ul>\n<p><strong>La SMPO DL02 sigaretta elettronica usa e getta in dettaglio:<\/strong><\/p>\n<p>La\u00a0<strong>SMPO DL02<\/strong>\u00a0Sigarette elettroniche monouso fissano nuovi standard nel settore delle\u00a0<strong>Vape monouso<\/strong>. \u00c8 stata sviluppata appositamente per gli utenti che sono alla ricerca di un\u00a0<strong>dispositivo a vapore pratico, potente e di alta qualit\u00e0<\/strong>\u00a0Sia che tu sia in viaggio che ti rilassi a casa, l'SMPO DL02 offre una facile gestione, un gusto eccellente e prestazioni impressionanti.<\/p>\n<h3><strong>Design ed ergonomia<\/strong><\/h3>\n<p>Il design ergonomico dell'SMPO DL02 fa s\u00ec che il dispositivo sia comodamente posizionato nella mano e garantisca un'esperienza utente piacevole. Non \u00e8 solo funzionale, ma anche esteticamente gradevole.\u00a0<strong>maneggevoli e facili da tenere<\/strong>\u00a0Il corpo garantisce che tu possa godere di un comfort totale anche durante lunghe sessioni di vapore. Il design compatto \u00e8 ideale per l'uso quotidiano e pu\u00f2 essere facilmente ripiegato e riposto in una tasca.<\/p>\n<h3><strong>Tecnologia innovativa per l'esperienza di vapore perfetta<\/strong><\/h3>\n<p>La\u00a0<strong>Tecnologia di protezione contro il surriscaldamento CRUX<\/strong>\u00a0assicura che ogni treno del\u00a0<strong><a href=\"https:\/\/alfakher24h.de\/it\/\">SMPO DL<\/a>02<\/strong>\u00a0una qualit\u00e0 costante. Questa tecnologia protegge dal surriscaldamento, che pu\u00f2 causare un\u00a0<strong>sapore puro e coerente<\/strong>\u00a0conduce - anche in caso di lunghe pause di utilizzo. In questo modo otterrete sempre il miglior sapore e potrete godere appieno del\u00a0<strong>Blueberry Ice<\/strong>\u00a0degustare.<\/p>\n<h3><strong>10.000 tiri per un piacere duraturo<\/strong><\/h3>\n<p>Con una capacit\u00e0 di 10.000 treni \u00e8 il\u00a0<strong>SMPO DL02<\/strong>\u00a0Uno dei vaporizzatori monouso pi\u00f9 potenti sul mercato. Ci\u00f2 significa che potrai godere di una potenza costante e di un sapore pieno per un lungo periodo di tempo, senza doverti preoccupare di ricariche o problemi di ricarica. La batteria da 750 mAh garantisce che il dispositivo funzioni in modo affidabile anche in caso di utilizzo intensivo.<\/p>\n<p><strong>Esperienza di gusto - Blueberry Ice<\/strong><\/p>\n<p>Il\u00a0<strong>Blueberry Ice<\/strong>\u00a0Sapore del\u00a0<strong>SMPO DL02<\/strong>\u00a0\u00c8 un vero capolavoro del mondo degli aromi. Qui le note dolci e fruttate di mirtilli maturi si fondono con una nota fresca e fredda di ghiaccio per creare un'esperienza di gusto unica.<\/p>\n<p>Ogni tiro di questa sigaretta elettronica monouso ti conquister\u00e0 con un gusto naturale e bilanciato di frutta.\u00a0<strong>Blueberry Ice<\/strong>\u00a0Sapore \u00e8 perfetto per tutti coloro che amano il gusto intenso delle bacche fresche, ma allo stesso tempo desiderano godere dell'effetto rinfrescante del ghiaccio. Il\u00a0<strong>retrogusto gelido<\/strong>\u00a0fornisce un tocco di freschezza in pi\u00f9, che rende la vaporizzazione un'esperienza rinfrescante, soprattutto nelle giornate calde estive. Questo gusto si abbina perfettamente ad ogni stato d'animo e ad ogni momento - sia che si tratti di rilassarsi dopo una lunga giornata o come compagno rinfrescante durante una passeggiata nel parco.<\/p>\n<p>prodotto invariato\u00a0<strong>Blueberry Ice<\/strong>\u00a0con ogni tiro costante, in modo da poter apprezzare appieno l'aroma senza che si affievolisca o si alteri nel tempo. \u00c8 il mix perfetto di\u00a0<strong>dolce fruttato<\/strong>\u00a0und\u00a0<strong>ghiaccio fresco e rinfrescante<\/strong>che porta la tua esperienza di svapo al livello successivo.<\/p>\n<p><img loading=\"lazy\" decoding=\"async\" class=\"alignnone wp-image-1560 size-full\" title=\"SMPO DL02 10000 Z\u00fcge Einweg E Zigarette - BLUEBERRY ICE 3\" src=\"https:\/\/alfakher24h.de\/wp-content\/uploads\/2025\/01\/SMPO-DL02-product-profile_01.webp\" sizes=\"auto, (max-width: 2133px) 100vw, 2133px\" srcset=\"https:\/\/alfakher24h.de\/wp-content\/uploads\/2025\/01\/SMPO-DL02-product-profile_01.webp 2133w, https:\/\/alfakher24h.de\/wp-content\/uploads\/2025\/01\/SMPO-DL02-product-profile_01-300x169.webp 300w, https:\/\/alfakher24h.de\/wp-content\/uploads\/2025\/01\/SMPO-DL02-product-profile_01-1024x576.webp 1024w, https:\/\/alfakher24h.de\/wp-content\/uploads\/2025\/01\/SMPO-DL02-product-profile_01-768x432.webp 768w, https:\/\/alfakher24h.de\/wp-content\/uploads\/2025\/01\/SMPO-DL02-product-profile_01-1536x864.webp 1536w, https:\/\/alfakher24h.de\/wp-content\/uploads\/2025\/01\/SMPO-DL02-product-profile_01-2048x1152.webp 2048w, https:\/\/alfakher24h.de\/wp-content\/uploads\/2025\/01\/SMPO-DL02-product-profile_01-18x10.webp 18w, https:\/\/alfakher24h.de\/wp-content\/uploads\/2025\/01\/SMPO-DL02-product-profile_01-600x338.webp 600w\" alt=\"SMPO DL02 10000 Z\u00fcge Einweg E Zigarette - BLUEBERRY ICEbecomes SMPO DL02 10000 Z\u00fcge Einweg E-Zigarette - BLUEBERRY ICE  No change needed SMPO DL02 10000 Z\u00fcge Einweg E-Zigarette - BLUEBERRY ICE\" width=\"2133\" height=\"1200\" \/><\/p>\n<h3><strong>Perch\u00e9 dovresti comprare la sigaretta elettronica usa e getta SMPO DL02 10000 tiri?<\/strong><\/h3>\n<ul>\n<li><strong>Lunga durata di vita:<\/strong>\u00a0Con 10.000 tiri, l'SMPO DL02 offre una durata di utilizzo eccezionalmente lunga, ideale per le persone che vogliono accedere al loro vape durante tutta la giornata.<\/li>\n<li><strong>Pratico e facile da usare:<\/strong>\u00a0Non sono necessarie preparazioni: basta semplicemente disimballare e godere subito. Il design ergonomico e la facile gestione lo rendono perfetto per essere utilizzato in movimento.<\/li>\n<li><strong>Esperienza gustativa perfetta:<\/strong>\u00a0Il\u00a0<strong>Blueberry Ice<\/strong>\u00a0Il gusto rimane costante e fresco, permettendoti di godere ogni volta della stessa esperienza unica.<\/li>\n<li><strong>Per tutti i vaporizzatori adatti:<\/strong>\u00a0Sia che si scelga MTL o DL, l'SMPO DL02 si adatta alle vostre preferenze e vi offre un'esperienza di svapo personalizzata.<\/li>\n<li><strong>Alta dose di nicotina:<\/strong>\u00a0Con 20 mg di nicotina (2%) l'SMPO DL02 garantisce un forte effetto di nicotina, che soddisfa le esigenze dei vaporizzatori esperti.<\/li>\n<li><strong>Disponibile presso<a href=\"https:\/\/alfakher24h.de\/it\/\"> alfakher24h.de<\/a>:<\/strong>\u00a0Acquista comodamente e in sicurezza sulla pi\u00f9 grande piattaforma online per sigarette elettroniche monouso in\u00a0<strong>Deutschland<\/strong>Sfrutta una consegna rapida e un servizio clienti eccellente.<\/li>\n<\/ul>\n<p><strong>Conclusione - SMPO DL02 Sigaretta Elettronica Monouso: La tua scelta per qualit\u00e0 e piacere<\/strong><\/p>\n<p>La\u00a0<strong>SMPO DL02 10000 Z\u00fcge Einweg E Zigarette \n\nbecomes \n\nSMPO DL02 10000 Tiri Sigaretta Elettronica usa e getta<\/strong>\u00a0\u00e8 un prodotto eccezionale per tutti coloro che cercano una sigaretta elettronica durevole, ad alte prestazioni e dal gusto eccezionale. Con la tecnologia innovativa, la grande capacit\u00e0 di tiraggio e l'intenso\u00a0<strong>Blueberry Ice<\/strong>\u00a0Sperimenta un'esperienza di svapo di alta classe.<\/p>\n<p>Visita alfakher24h.de per ordinare\u00a0<strong>SMPO DL02 10000 Z\u00fcge Einweg E Zigarette \n\nbecomes \n\nSMPO DL02 10000 Tiri Sigaretta Elettronica usa e getta<\/strong>\u00a0ancora oggi per ordinare e approfittare della nostra vasta gamma di prodotti. Siamo orgogliosi di offrire la pi\u00f9 ampia selezione di sigarette elettroniche monouso in\u00a0<strong>Deutschland<\/strong>\u00a0da offrire - garantito il posto migliore per i vostri\u00a0<strong>Vape<\/strong>\u00a0da comprare.<\/p>\n<p><strong>Ora acquista e goditi il gusto pieno!<\/strong><\/p>","protected":false},"excerpt":{"rendered":"<p><strong>SMPO DL02 10000 Z\u00fcge Einweg E Zigarette \n\nbecomes \n\nSMPO DL02 10000 Tiri Sigaretta Elettronica usa e getta<\/strong>\u00a0ancora oggi da ordinare e di approfittare del nostro vasto assortimento<\/p>","protected":false},"featured_media":1364,"comment_status":"open","ping_status":"closed","template":"","meta":{"om_disable_all_campaigns":false},"product_brand":[],"product_cat":[34],"product_tag":[],"class_list":{"0":"post-1363","1":"product","2":"type-product","3":"status-publish","4":"has-post-thumbnail","6":"product_cat-smpo-dl02-10000","8":"first","9":"outofstock","10":"shipping-taxable","11":"purchasable","12":"product-type-simple"},"_links":{"self":[{"href":"https:\/\/alfakher24h.de\/it\/wp-json\/wp\/v2\/product\/1363","targetHints":{"allow":["GET"]}}],"collection":[{"href":"https:\/\/alfakher24h.de\/it\/wp-json\/wp\/v2\/product"}],"about":[{"href":"https:\/\/alfakher24h.de\/it\/wp-json\/wp\/v2\/types\/product"}],"replies":[{"embeddable":true,"href":"https:\/\/alfakher24h.de\/it\/wp-json\/wp\/v2\/comments?post=1363"}],"wp:featuredmedia":[{"embeddable":true,"href":"https:\/\/alfakher24h.de\/it\/wp-json\/wp\/v2\/media\/1364"}],"wp:attachment":[{"href":"https:\/\/alfakher24h.de\/it\/wp-json\/wp\/v2\/media?parent=1363"}],"wp:term":[{"taxonomy":"product_brand","embeddable":true,"href":"https:\/\/alfakher24h.de\/it\/wp-json\/wp\/v2\/product_brand?post=1363"},{"taxonomy":"product_cat","embeddable":true,"href":"https:\/\/alfakher24h.de\/it\/wp-json\/wp\/v2\/product_cat?post=1363"},{"taxonomy":"product_tag","embeddable":true,"href":"https:\/\/alfakher24h.de\/it\/wp-json\/wp\/v2\/product_tag?post=1363"}],"curies":[{"name":"wp","href":"https:\/\/api.w.org\/{rel}","templated":true}]}}