{"id":1361,"date":"2025-01-03T04:51:34","date_gmt":"2025-01-03T04:51:34","guid":{"rendered":"https:\/\/alfakher24h.de\/?post_type=product&#038;p=1361"},"modified":"2025-07-16T07:13:09","modified_gmt":"2025-07-16T07:13:09","slug":"smpo-dl02-10000-sbuffi-usa-e-getta-e-sigarette-gusti-casualiconsegna-veloce","status":"publish","type":"product","link":"https:\/\/alfakher24h.de\/it\/prodotto\/smpo-dl02-10000-sbuffi-usa-e-getta-e-sigarette-gusti-casualiconsegna-veloce\/","title":{"rendered":"SMPO DL02 10000 Z\u00fcge Einweg E Zigarette \u2013 Random flavors(fast delivery)\n\nbecomes \n\nSMPO DL02 10000 Tiri Sigaretta elettronica usa e getta - Sapori casuali (consegna rapida)"},"content":{"rendered":"<h2><strong>SMPO DL02 10000 Z\u00fcge Einweg E Zigarette: La scelta definitiva per i vaporizzatori in Germania<\/strong><\/h2>\n<p>La\u00a0<a href=\"https:\/\/alfakher24h.de\/it\/?post_type=product&amp;p=1361&amp;preview=true\"><strong>SMPO DL02 10000 Z\u00fcge Einweg E Zigarette \n\nbecomes \n\nSMPO DL02 10000 Tiri Sigaretta Elettronica usa e getta<\/strong><\/a>\u00a0\u00e8 il compagno perfetto per gli appassionati di vaporizzatori che cercano una soluzione facile da usare, duratura e versatile. Con una capacit\u00e0 impressionante di\u00a0<strong>10.000 Z\u00fcgen \ndiezimilavetture \n\n Correction : \n10.000 treni<\/strong>\u00a0e una variet\u00e0 di sapori che coccolano il palato, questo prodotto stabilisce nuovi standard nel mondo della\u00a0<strong>Sigarette elettroniche monouso<\/strong>Per tutti quelli che in Germania cercano un prodotto di alta qualit\u00e0 <a href=\"https:\/\/alfakher24h.de\/it\/\"><strong>Sigaretta elettronica con nicotina<\/strong><\/a>\u00a0cercare, \u00e8 il\u00a0<a href=\"https:\/\/alfakher24h.de\/it\/\"><strong>SMPO DL02<\/strong><\/a>\u00a0La scelta perfetta. Che tu sia un fumatore esperto o un principiante, questo modello offre tutto ci\u00f2 di cui hai bisogno per un'esperienza di svapo piacevole.<\/p>\n<hr \/>\n<h2><strong>Perch\u00e9 il SMPO DL02 10000 treni monouso e-zigarette \u00e8 la scelta migliore per te<\/strong><\/h2>\n<p>La\u00a0<strong>SMPO DL02 10000 Z\u00fcge Einweg E Zigarette \n\nbecomes \n\nSMPO DL02 10000 Tiri Sigaretta Elettronica usa e getta<\/strong>\u00a0\u00e8 una scelta eccezionale per tutti coloro che cercano un modo confortevole ed efficiente per godere dell'esperienza di svapo. Non \u00e8 attraente solo per la sua alta capacit\u00e0 di tiro e la tecnologia innovativa, ma anche per la sua facilit\u00e0 d'uso e l'eccezionale esperienza di gusto. Sia che tu sia in Germania alla ricerca di una\u00a0<strong>Sigaretta elettronica monouso con nicotina<\/strong>\u00a0cercano o semplicemente hanno bisogno di un'opzione pratica per unterwegs - l'SMPO DL02 convince sotto ogni aspetto.<\/p>\n<h3><strong>Sigaretta elettronica monouso con nicotina - Ideale per essere utilizzata in movimento<\/strong><\/h3>\n<p>Con una forza di nicotina di\u00a0<strong>2 % (20 mg)<\/strong>\u00a0si adatta\u00a0<strong>SMPO DL02<\/strong>\u00a0Perfetti per i vaporizzatori che cercano il brivido della nicotina in combinazione con un gradevole piacere di svapo. Questi\u00a0<strong>Sigaretta elettronica con nicotina<\/strong>\u00a0offre un piacere immediato, senza necessit\u00e0 di ricarica o manutenzione complicata. La\u00a0<strong>SMPO DL02<\/strong>\u00a0\u00c8 particolarmente pratico per l'uso in movimento o come backup per la vaporizzazione quotidiana.<\/p>\n<h3><strong>Funzioni e propriet\u00e0 dei treni SMPO DL02 10000 Z\u00fcge monouso E Zigarette \n\n Nota: il testo contiene termini che potrebbero essere marchi o nomi propri, lascio invariati.\n\nFunzioni e propriet\u00e0 della SMPO DL02 10000 Z\u00fcge sigaretta elettronica monouso<\/strong><\/h3>\n<ul>\n<li><strong>Capacit\u00e0:<\/strong>\u00a020 ml - Quindi \u00e8 il\u00a0<strong>SMPO DL02<\/strong>\u00a0Perfetto per un godimento prolungato, poich\u00e9 la generosa capacit\u00e0 di liquido garantisce un elevato numero di tiri.<\/li>\n<li><strong>Treni:<\/strong>\u00a0Pi\u00f9 di\u00a0<strong>10.000 treni<\/strong>\u00a0\u2013 Un'impressione notevole per una\u00a0<a href=\"https:\/\/alfakher24h.de\/it\/\"><strong>Sigaretta elettronica usa e getta<\/strong>,<\/a> che offre una lunga durata di vita e un'esperienza di svapo intensa.<\/li>\n<li><strong>Capacit\u00e0 della batteria:<\/strong>\u00a0750 mAh - La capacit\u00e0 elevata garantisce che la batteria duri abbastanza a lungo per raggiungere facilmente i 10.000 tiri.<\/li>\n<li><strong>Potenza di picco:<\/strong>\u00a020 W - Ideale per un costante piacere di vapore con una prestazione costante.<\/li>\n<li><strong>Resistenza:<\/strong>\u00a00,6 Ohm - La resistenza garantisce una produzione di vapore equilibrata e un'esperienza MTL (Mouth to Lung) o DL (Direct to Lung) piacevole.<\/li>\n<li><strong>Tecnologia:<\/strong>\u00a0Con la\u00a0<strong>Tecnologia di protezione intelligente dal surriscaldamento CRUX<\/strong>\u00a0Goditi ad ogni tiro il gusto puro. Questa tecnologia innovativa protegge il dispositivo dal surriscaldamento e garantisce una maggiore durata.<\/li>\n<li><strong>Design ergonomico:<\/strong>\u00a0Il\u00a0<strong>SMPO DL02<\/strong>\u00a0\u00e8 progettato in modo ergonomico, in modo che si adatti comodamente alla mano e garantisca un utilizzo confortevole.<\/li>\n<\/ul>\n<h3><strong>Vantaggi della SMPO DL02 10000 Tiri Sigaretta Elettronica Monouso<\/strong><\/h3>\n<ul>\n<li><strong>Facile gestione:<\/strong>\u00a0Nessun rabbocco o manutenzione necessari - semplicemente disimballare e iniziare a svapare!<\/li>\n<li><strong>Lunga durata di conservazione:<\/strong>\u00a0Con oltre\u00a0<strong>10.000 Z\u00fcgen \ndiezimilavetture \n\n Correction : \n10.000 treni<\/strong>\u00a0Possono concentrarsi a lungo su vostre\u00a0<strong>Sigaretta elettronica usa e getta<\/strong>\u00a0lasciare.<\/li>\n<li><strong>Sapore di alta qualit\u00e0:<\/strong>\u00a0Grazie alla\u00a0<strong>Tecnologia di protezione contro il surriscaldamento CRUX<\/strong>\u00a0Il gusto viene riprodotto in modo ottimale ad ogni tiro.<\/li>\n<li><strong>Versatilit\u00e0:<\/strong>\u00a0La\u00a0<strong>SMPO DL02<\/strong>\u00a0\u00e8 adatto sia ai fumatori MTL che DL e offre quindi un vasto pubblico.<\/li>\n<\/ul>\n<p><img loading=\"lazy\" decoding=\"async\" class=\"alignnone wp-image-1560 size-full\" title=\"SMPO DL02 10000 Z\u00fcge Einweg E Zigarette - Random flavors(fast delivery) 3 becomes SMPO DL02 10000 Z\u00fcge Einweg E-Zigarette - Sapori casuali (consegna rapida) 3\" src=\"https:\/\/alfakher24h.de\/wp-content\/uploads\/2025\/01\/SMPO-DL02-product-profile_01.webp\" sizes=\"auto, (max-width: 2133px) 100vw, 2133px\" srcset=\"https:\/\/alfakher24h.de\/wp-content\/uploads\/2025\/01\/SMPO-DL02-product-profile_01.webp 2133w, https:\/\/alfakher24h.de\/wp-content\/uploads\/2025\/01\/SMPO-DL02-product-profile_01-300x169.webp 300w, https:\/\/alfakher24h.de\/wp-content\/uploads\/2025\/01\/SMPO-DL02-product-profile_01-1024x576.webp 1024w, https:\/\/alfakher24h.de\/wp-content\/uploads\/2025\/01\/SMPO-DL02-product-profile_01-768x432.webp 768w, https:\/\/alfakher24h.de\/wp-content\/uploads\/2025\/01\/SMPO-DL02-product-profile_01-1536x864.webp 1536w, https:\/\/alfakher24h.de\/wp-content\/uploads\/2025\/01\/SMPO-DL02-product-profile_01-2048x1152.webp 2048w, https:\/\/alfakher24h.de\/wp-content\/uploads\/2025\/01\/SMPO-DL02-product-profile_01-18x10.webp 18w, https:\/\/alfakher24h.de\/wp-content\/uploads\/2025\/01\/SMPO-DL02-product-profile_01-600x338.webp 600w\" alt=\"SMPO DL02 10000 Z\u00fcge Einweg E Zigarette - Random flavors(fast delivery)becomes SMPO DL02 10000 tiri Sigaretta elettronica usa e getta - Sapori casuali(consegna rapida)\" width=\"2133\" height=\"1200\" \/><\/p>\n<h2><strong>Scoprite i sapori della sigaretta elettronica usa e getta SMPO DL02 10000 tiri<\/strong><\/h2>\n<p>Un altro punto culminante della\u00a0<strong>SMPO DL02 10000 Z\u00fcge Einweg E Zigarette \n\nbecomes \n\nSMPO DL02 10000 Tiri Sigaretta Elettronica usa e getta<\/strong>\u00a0sono i diversi\u00a0<strong>Sapore<\/strong>, che potrete godere durante la cottura a vapore. Un'opzione particolarmente popolare \u00e8 la\u00a0<strong>Lemon Candy<\/strong>Un sapore che combina il pieno godimento di un limone dolce e rinfrescante con una piacevole nota di zucchero filato.<\/p>\n<h3><strong>Altre varianti di gusto (Disponibili su <a href=\"https:\/\/alfakher24h.de\/it\/\">alfakher24h.de<\/a>)<\/strong><\/h3>\n<p>Accanto\u00a0<strong>Lemon Candy<\/strong>\u00a0offre la\u00a0<strong>SMPO DL02<\/strong>\u00a0numerose altre variet\u00e0 di gusto, che arricchiranno la vostra esperienza di svapo. Tutti i sapori sono stati selezionati con cura e offrono un mix equilibrato di\u00a0<strong>freschi, fruttosi<\/strong>\u00a0o\u00a0<strong>cremigen<\/strong>\u00a0Note che rendono il vaping un'esperienza indimenticabile.<\/p>\n<hr \/>\n<h2><strong>Perch\u00e9 dovresti acquistare la sigaretta elettronica usa e getta SMPO DL02 10000 su alfakher24h.de<\/strong><\/h2>\n<p>alfakher24h.de \u00e8 il pi\u00f9 grande negozio online per <strong>Sigarette elettroniche monouso<\/strong>\u00a0in\u00a0<strong>Deutschland<\/strong>. Da noi non troverai solo le\u00a0<strong>SMPO DL02 10000 Z\u00fcge Einweg E Zigarette \n\nbecomes \n\nSMPO DL02 10000 Tiri Sigaretta Elettronica usa e getta<\/strong>ma anche un'enorme selezione di altri prodotti di alta qualit\u00e0\u00a0<strong>Prodotti Vape<\/strong>I nostri clienti apprezzano non solo l'enorme selezione e i prezzi convenienti, ma anche la nostra consegna rapida e il nostro eccellente servizio clienti.<\/p>\n<p>Con il vostro\u00a0<strong>SMPO DL02 10000 Z\u00fcge Einweg E Zigarette \n\nbecomes \n\nSMPO DL02 10000 Tiri Sigaretta Elettronica usa e getta<\/strong>\u00a0Acquistando da noi, potrete beneficiare di:<\/p>\n<ul>\n<li><strong>Spedizione rapida<\/strong>\u00a0direttamente a casa sua<\/li>\n<li><strong>Offerte esclusive<\/strong>\u00a0und\u00a0<strong>Sconti<\/strong><\/li>\n<li><strong>Eccellente servizio clienti<\/strong>che \u00e8 sempre l\u00ec per te<\/li>\n<li><strong>Metodi di pagamento affidabili<\/strong>\u00a0per la Sua sicurezza<\/li>\n<\/ul>\n<p>Su alfakher24h.de troverai solo prodotti di altissima qualit\u00e0. I nostri <strong>Sigarette elettroniche monouso<\/strong>\u00a0Sono sempre aggiornati sull'ultima tecnologia, in modo da poter essere sicuri di avere sempre la migliore esperienza.<\/p>\n<hr \/>\n<h2><strong>Conclusione: L'SMPO DL02 10000 treno monouso e-zigarette \u00e8 un must per i vaporizzatori in Germania<\/strong><\/h2>\n<p>La\u00a0<strong>SMPO DL02 10000 Z\u00fcge Einweg E Zigarette \n\nbecomes \n\nSMPO DL02 10000 Tiri Sigaretta Elettronica usa e getta<\/strong>\u00a0\u00e8 una scelta eccellente per tutti i vaporizzatori in\u00a0<strong>Deutschland<\/strong>che cercano un prodotto potente, facile da usare e dal sapore convincente\u00a0<strong>Sigaretta elettronica con nicotina<\/strong>\u00a0cercare. Con una\u00a0<strong>Capacit\u00e0 di 10.000 treni<\/strong>innovativo\u00a0<strong>Tecnologia di protezione contro il surriscaldamento CRUX<\/strong>\u00a0e una variet\u00e0 di deliziosi\u00a0<strong>Sapore<\/strong>\u00a0offre questo prodotto tutto ci\u00f2 che serve per un'esperienza di svapo fantastica.<\/p>\n<p><strong>Acquista oggi stesso la tua SMPO DL02 10000 tiri sigaretta elettronica usa e getta <a href=\"https:\/\/alfakher24h.de\/it\/\">alfakher24h.de <\/a><\/strong>e godete del miglior piacere del vapore che il mercato ha da offrire!<\/p>","protected":false},"excerpt":{"rendered":"<p><strong>SMPO DL02 10000 Z\u00fcge Einweg E Zigarette \n\nbecomes \n\nSMPO DL02 10000 Tiri Sigaretta Elettronica usa e getta<\/strong>\u00a0\u00e8 una scelta eccellente per tutti i vaporizzatori in\u00a0<strong>Deutschland<\/strong><\/p>","protected":false},"featured_media":1335,"comment_status":"open","ping_status":"closed","template":"","meta":{"om_disable_all_campaigns":false},"product_brand":[],"product_cat":[34],"product_tag":[],"class_list":{"0":"post-1361","1":"product","2":"type-product","3":"status-publish","4":"has-post-thumbnail","6":"product_cat-smpo-dl02-10000","8":"first","9":"outofstock","10":"shipping-taxable","11":"purchasable","12":"product-type-simple"},"_links":{"self":[{"href":"https:\/\/alfakher24h.de\/it\/wp-json\/wp\/v2\/product\/1361","targetHints":{"allow":["GET"]}}],"collection":[{"href":"https:\/\/alfakher24h.de\/it\/wp-json\/wp\/v2\/product"}],"about":[{"href":"https:\/\/alfakher24h.de\/it\/wp-json\/wp\/v2\/types\/product"}],"replies":[{"embeddable":true,"href":"https:\/\/alfakher24h.de\/it\/wp-json\/wp\/v2\/comments?post=1361"}],"wp:featuredmedia":[{"embeddable":true,"href":"https:\/\/alfakher24h.de\/it\/wp-json\/wp\/v2\/media\/1335"}],"wp:attachment":[{"href":"https:\/\/alfakher24h.de\/it\/wp-json\/wp\/v2\/media?parent=1361"}],"wp:term":[{"taxonomy":"product_brand","embeddable":true,"href":"https:\/\/alfakher24h.de\/it\/wp-json\/wp\/v2\/product_brand?post=1361"},{"taxonomy":"product_cat","embeddable":true,"href":"https:\/\/alfakher24h.de\/it\/wp-json\/wp\/v2\/product_cat?post=1361"},{"taxonomy":"product_tag","embeddable":true,"href":"https:\/\/alfakher24h.de\/it\/wp-json\/wp\/v2\/product_tag?post=1361"}],"curies":[{"name":"wp","href":"https:\/\/api.w.org\/{rel}","templated":true}]}}