{"id":1299,"date":"2024-12-29T02:14:37","date_gmt":"2024-12-29T02:14:37","guid":{"rendered":"https:\/\/alfakher24h.de\/?post_type=product&#038;p=1299"},"modified":"2025-05-21T05:10:20","modified_gmt":"2025-05-21T05:10:20","slug":"fumot-randm-20k-sbuffi-usa-e-getta-e-sigaretta-mr-blue","status":"publish","type":"product","link":"https:\/\/alfakher24h.de\/it\/prodotto\/fumot-randm-20k-sbuffi-usa-e-getta-e-sigaretta-mr-blue\/","title":{"rendered":"Fumot RandM 20000 Z\u00fcge Einweg E Zigarette \u2013 Mr Blue \n\nbecomes \n\nFumot RandM 20000 puff Einweg-E-Zigarette \u2013 Mr Blue"},"content":{"rendered":"<h2><strong>Fumot RandM 20000 Z\u00fcge Einweg E Zigarette: La scelta definitiva per il vaping in Germania<\/strong><\/h2>\n<p>La\u00a0<a href=\"https:\/\/alfakher24h.de\/it\/?post_type=product&amp;p=1299&amp;preview=true\"><strong>Fumot RandM 20000 tiri sigaretta elettronica usa e getta<\/strong>\u00a0<\/a>\u00c8 uno dei pi\u00f9 avanzati vaporizzatori monouso sul mercato e supera tutto ci\u00f2 che finora sapevi sulla vaporizzazione. Progettato per offrirti l'esperienza di vaporizzazione definitiva, questa e-cigarette combina tecnologie innovative, materiali di alta qualit\u00e0 e un'ampia selezione di aromi deliziosi. Con Fumot Tornado 20000 hai la libert\u00e0 di portare il tuo piacere di vaporizzazione a un livello completamente nuovo.<\/p>\n<h3><strong>Perch\u00e9 la Fumot RandM 20000 sigaretta elettronica usa e getta \u00e8 la scelta giusta<\/strong><\/h3>\n<p>Come leader di mercato in Germania per\u00a0<strong>Sigarette elettroniche monouso<\/strong> Alfakher24h.de offre il Fumot RandM Tornado 20000 puff, che si distingue per le sue prestazioni eccezionali e il comfort notevole. Questa e-cigarette offre\u00a0<strong>20.000 treni<\/strong>\u00a0\u2013 un numero impressionante che ti accompagna per tutta la giornata. Tuttavia, non \u00e8 solo il gran numero di treni a renderlo un favorito tra gli appassionati di vapore, ma anche le sue varie funzioni e l'uso confortevole.<\/p>\n<h3><strong>Caratteristiche del prodotto della sigaretta elettronica usa e getta Fumot RandM20000<\/strong><\/h3>\n<ul>\n<li><strong>Tecnologia a doppia rete<\/strong>Il Fumot RandM Tornado 20000 utilizza una tecnologia a doppia bobina mesh che garantisce nuvole di vapore particolarmente intense e aromatiche.\u00a0<strong>Modalit\u00e0 Monomotore<\/strong>\u00a0puoi goderti 20.000 mosse impressionanti, mentre il\u00a0<strong>Modalit\u00e0 Doppio Motore<\/strong>\u00a0offre la possibilit\u00e0 di attivare entrambe le mesh-coils e raddoppiare la potenza per un'esperienza di svapo pi\u00f9 intensa. Questa modalit\u00e0 offre fino a\u00a0<strong>10.000 treni<\/strong>.<\/li>\n<li><strong>850 mAh batteria<\/strong>Con una potente\u00a0<strong>850 mAh batteria<\/strong>\u00a0Il Fumot RandM Tornado 20000 garantisce una lunga durata di vita. Questa batteria garantisce che tu riceva ogni volta delle boccate regolari e potenti, senza doverti preoccupare dell'alimentazione. Ci\u00f2 significa meno pause per la ricarica e pi\u00f9 godimento durante il giorno.<\/li>\n<li><strong>Indicatori per livello batteria e liquido<\/strong>: Puoi sempre il\u00a0<strong>Stato della batteria<\/strong>\u00a0cos\u00ec come il\u00a0<strong>Livello del liquido<\/strong>\u00a0Controlla, poich\u00e9 il Tornado 20000 \u00e8 dotato di pratici indicatori. In questo modo eviterai spiacevoli sorprese e potrai ricaricare o rabboccare il tuo dispositivo in tempo.<\/li>\n<li><strong>Regolazione del flusso d'aria<\/strong>: Un altro punto saliente dell'Fumot RandM Tornado 20000 \u00e8 la\u00a0<strong>Regolazione del flusso d'aria<\/strong>, che ti d\u00e0 la possibilit\u00e0 di adattare il tuo treno in base alle tue preferenze. Sia che tu voglia un\u00a0<strong>pi\u00f9 stretto<\/strong>\u00a0o\u00a0<strong>pi\u00f9 arioso \n oppure: pi\u00f9 leggero, pi\u00f9 aereo<\/strong>\u00a0Il treno preferisci, questa funzione ti offre il comfort completo e un'esperienza di svapo individuale.<\/li>\n<\/ul>\n<h3><strong>Perch\u00e9 dovresti acquistare la sigaretta elettronica usa e getta Fumot RandM Tornado 20000 puff<\/strong><\/h3>\n<ul>\n<li><strong>Duraturo e affidabile<\/strong>: Fino a\u00a0<strong>20.000 treni<\/strong>\u00a0(nella modalit\u00e0 Single Engine) il Tornado 20000 offre un'eccezionale lunga durata di utilizzo. Non devi preoccuparti di ricariche frequenti o della sostituzione del dispositivo: questa e-cig usa e getta ti accompagna in modo affidabile.<\/li>\n<li><strong>Sapori versatili<\/strong>: Indipendentemente dal fatto che tu preferisca aromi pi\u00f9 fruttati, dolci o rinfrescanti, la sigaretta elettronica usa e getta Fumot RandM Tornado 20000 offre un'ampia selezione che sicuramente soddisfa ogni gusto. Non avrai mai pi\u00f9 bisogno di cercare un'altra sigaretta elettronica una volta che avrai provato la\u00a0<strong>molto gusto<\/strong>\u00a0e questo\u00a0<strong>esperienza pura<\/strong>\u00a0Hai provato il tornado 20000.<\/li>\n<li><strong>Facile utilizzo<\/strong>Con un'interfaccia utente facile da usare\u00a0<strong>Tecnologia One-Push<\/strong>\u00a0e uno\u00a0<strong>attivazione automatica<\/strong>\u00a0Quando si tira, questa sigaretta elettronica \u00e8 facile da usare. Non devi preoccuparti di complicate impostazioni o accessori. Basta attaccare la sigaretta elettronica usa e getta e goderti la vaporizzazione!<\/li>\n<li><strong>Pratico e comodo<\/strong>Poich\u00e9 si tratta di una\u00a0<strong>Sigaretta elettronica usa e getta<\/strong>\u00a0Quando si utilizza un dispositivo di questo tipo, non \u00e8 necessario preoccuparsi della pulizia, del rabbocco o di altre operazioni di manutenzione. \u00c8 possibile semplicemente smaltire il dispositivo dopo l'uso e godere della prossima esperienza di svapo senza preoccupazioni. Ci\u00f2 rende il Fumot RandM Tornado 20000\u7279\u5225\u00a0<strong>pratico per unterwegs \n becomes \npratico per essere sempre in movimento  -&gt; \n No \npratico da portare con s\u00e9<\/strong>.<\/li>\n<li><strong>Con nicotina per il piacere ultimo<\/strong>: Il Fumot RandM Tornado 20000 contiene\u00a0<strong>Nicotina<\/strong>che riguarda coloro di voi che il\u00a0<strong>Fabbisogno di nicotina<\/strong>\u00a0quando si vapa, offre un'esperienza completa e soddisfacente.<\/li>\n<\/ul>\n<h3><strong>Sapore del Fumot RandM 20000 puff Sigaretta elettronica usa e getta<\/strong><\/h3>\n<p>Le aromi che con \n( incomplete sentence )<a href=\"https:\/\/alfakher24h.de\/it\/\">r\u00a0<strong>Fumot RandM 20000 puff Sigaretta elettronica usa e getta<\/strong><\/a>\u00a0forniti sono un vero punto culminante e fanno s\u00ec che ogni treno sia una vera esperienza gastronomica. Uno dei sapori pi\u00f9 popolari \u00e8 il\u00a0<strong>Sig. Blue<\/strong>Qui c'\u00e8 una descrizione dettagliata del profilo aromatico:<\/p>\n<ul>\n<li><strong>Sig. Blue<\/strong>: Un\u00a0<strong>sapore fruttato e dolce<\/strong>che coccola la lingua con una piacevole miscela di succose more blu e delicati effetti di freschezza. Questa miscela unica trasmette la sensazione di freschezza e fruttuosit\u00e0 ad ogni tiro ed \u00e8 perfetta per l'uso quotidiano. La nota rinfrescante garantisce un\u00a0<strong>finish ghiacciato<\/strong>che si abbina perfettamente alle dolci more e rende l'esperienza di svapo ancora pi\u00f9 intensa.<\/li>\n<\/ul>\n<p>Oltre al signor Blue, le sigarette elettroniche usa e getta Fumot RandM Tornado 20000 offrono anche molti altri sapori, che vanno da fruttati e dolci a rinfrescanti e contenenti mentolo. Ecco alcuni esempi:<\/p>\n<ul>\n<li><strong>Frutta tropicale<\/strong>Una emozionante combinazione di frutti esotici come mango, ananas e papaia per un gusto fresco e tropicale.<\/li>\n<li><strong>Cool Mint<\/strong>Un intenso gusto di mentolo che rinfresca i tuoi sensi e lascia un duraturo e fresco effetto.<\/li>\n<li><strong>Litchi rosa non \u00e8 comune, ma si trova: il nome comune \u00e8  Lychee rosa \nIn tedesco: Litschi-Rose \nIn italiano : Rosa di Litchi<\/strong>Un favoloso mix di litchi dolce e rosa delicata per una vaporizzazione leggera e floreale.<\/li>\n<li><strong>Tabacco classico<\/strong>Per coloro che amano il sapore tradizionale del tabacco, questo gusto offre un'esperienza simile a quella di una vera sigaretta con una nota di tabacco leggera ma ricca.<\/li>\n<\/ul>\n<h3><img loading=\"lazy\" decoding=\"async\" class=\"alignnone wp-image-1652 size-full\" title=\"Fumot RandM Tornado 20000 tiri Sigaretta elettronica usa e getta - Mr Blue 2\" src=\"https:\/\/alfakher24h.de\/wp-content\/uploads\/2024\/12\/Fumot-RandM-Tornado-20000-3-scaled.jpg.webp\" sizes=\"auto, (max-width: 2560px) 100vw, 2560px\" srcset=\"https:\/\/alfakher24h.de\/wp-content\/uploads\/2024\/12\/Fumot-RandM-Tornado-20000-3-scaled.jpg.webp 2560w, https:\/\/alfakher24h.de\/wp-content\/uploads\/2024\/12\/Fumot-RandM-Tornado-20000-3-300x192.jpg.webp 300w, https:\/\/alfakher24h.de\/wp-content\/uploads\/2024\/12\/Fumot-RandM-Tornado-20000-3-1024x657.jpg.webp 1024w, https:\/\/alfakher24h.de\/wp-content\/uploads\/2024\/12\/Fumot-RandM-Tornado-20000-3-768x492.jpg.webp 768w, https:\/\/alfakher24h.de\/wp-content\/uploads\/2024\/12\/Fumot-RandM-Tornado-20000-3-1536x985.jpg.webp 1536w, https:\/\/alfakher24h.de\/wp-content\/uploads\/2024\/12\/Fumot-RandM-Tornado-20000-3-2048x1313.jpg.webp 2048w, https:\/\/alfakher24h.de\/wp-content\/uploads\/2024\/12\/Fumot-RandM-Tornado-20000-3-18x12.jpg.webp 18w, https:\/\/alfakher24h.de\/wp-content\/uploads\/2024\/12\/Fumot-RandM-Tornado-20000-3-600x385.jpg.webp 600w\" alt=\"Fumot RandM Tornado 20000 Z\u00fcge Einweg E Zigarette - Mr Blue  Fumot RandM Tornado 20000 puff Einweg-E-Zigarette - Mr Blue\" width=\"2560\" height=\"1641\" \/><\/h3>\n<h3><strong>Conclusione: La Fumot RandM 20000 puff sigaretta elettronica usa e getta \u00e8 la scelta migliore per ogni vaporizzatore<\/strong><\/h3>\n<p>La\u00a0<strong>Fumot RandM 20000 puff Sigaretta elettronica usa e getta<\/strong>\u00a0\u00e8 una scelta eccezionale per tutti coloro che sono alla ricerca di un'esperienza di svapo affidabile, confortevole e dal gusto raffinato. Con la sua\u00a0<strong>lunga durata di vita<\/strong>,\u00a0<strong>svariate aromi<\/strong>\u00a0und\u00a0<strong>facile utilizzo<\/strong>\u00a0offre tutto ci\u00f2 che un fumatore pu\u00f2 desiderare. \u00c8 la soluzione perfetta per tutti coloro che cercano una\u00a0<strong><a href=\"https:\/\/alfakher24h.de\/it\/\">Sigaretta elettronica usa e getta<\/a> con nicotina<\/strong>\u00a0Cercare.<\/p>\n<p><strong>Acquista il tuo Fumot RandM 20000 E-Zigarette usa e getta oggi stesso su <a href=\"https:\/\/alfakher24h.de\/it\/\">alfakher24h.de<\/a><\/strong>\u00a0e goditi un'esperienza di vapore unica! alfakher24h.de \u00e8 la pi\u00f9 grande piattaforma per il\u00a0<strong>Acquisto di sigarette elettroniche monouso in Germania<\/strong>\u00a0e offre i migliori prodotti a prezzi imbattibili.<\/p>\n<p><strong>Il pacchetto contiene<\/strong>: 1x Fumot RandM Tornado 20000 puff Fumetto monouso<\/p>\n<p><strong>Assicurati il tuo dispositivo oggi stesso e scopri il vaping in un modo nuovo!<\/strong><\/p>","protected":false},"excerpt":{"rendered":"<h3><strong> Il Fumot RandM 20000 Z\u00fcge Einweg E Zigarette \u00e8 la scelta migliore per ogni svapatore<\/strong><\/h3>","protected":false},"featured_media":1300,"comment_status":"open","ping_status":"closed","template":"","meta":{"om_disable_all_campaigns":false},"product_brand":[],"product_cat":[33],"product_tag":[],"class_list":{"0":"post-1299","1":"product","2":"type-product","3":"status-publish","4":"has-post-thumbnail","6":"product_cat-randm-fumot-20000","8":"first","9":"outofstock","10":"shipping-taxable","11":"purchasable","12":"product-type-simple"},"_links":{"self":[{"href":"https:\/\/alfakher24h.de\/it\/wp-json\/wp\/v2\/product\/1299","targetHints":{"allow":["GET"]}}],"collection":[{"href":"https:\/\/alfakher24h.de\/it\/wp-json\/wp\/v2\/product"}],"about":[{"href":"https:\/\/alfakher24h.de\/it\/wp-json\/wp\/v2\/types\/product"}],"replies":[{"embeddable":true,"href":"https:\/\/alfakher24h.de\/it\/wp-json\/wp\/v2\/comments?post=1299"}],"wp:featuredmedia":[{"embeddable":true,"href":"https:\/\/alfakher24h.de\/it\/wp-json\/wp\/v2\/media\/1300"}],"wp:attachment":[{"href":"https:\/\/alfakher24h.de\/it\/wp-json\/wp\/v2\/media?parent=1299"}],"wp:term":[{"taxonomy":"product_brand","embeddable":true,"href":"https:\/\/alfakher24h.de\/it\/wp-json\/wp\/v2\/product_brand?post=1299"},{"taxonomy":"product_cat","embeddable":true,"href":"https:\/\/alfakher24h.de\/it\/wp-json\/wp\/v2\/product_cat?post=1299"},{"taxonomy":"product_tag","embeddable":true,"href":"https:\/\/alfakher24h.de\/it\/wp-json\/wp\/v2\/product_tag?post=1299"}],"curies":[{"name":"wp","href":"https:\/\/api.w.org\/{rel}","templated":true}]}}