{"id":1287,"date":"2024-12-29T01:56:03","date_gmt":"2024-12-29T01:56:03","guid":{"rendered":"https:\/\/alfakher24h.de\/?post_type=product&#038;p=1287"},"modified":"2025-05-21T05:10:21","modified_gmt":"2025-05-21T05:10:21","slug":"fumot-randm-tornado-20000-sbuffi-usa-e-getta-e-sigaretta-fragola-ghiaccio","status":"publish","type":"product","link":"https:\/\/alfakher24h.de\/it\/prodotto\/fumot-randm-tornado-20000-sbuffi-usa-e-getta-e-sigaretta-fragola-ghiaccio\/","title":{"rendered":"Fumot RandM 20000 Z\u00fcge Einweg E Zigarette \u2013 Strawberry Ice\n\nbecomes \n\nFumot RandM 20000 puff Einweg-E-Zigarette \u2013 Strawberry Ice"},"content":{"rendered":"<h2><strong>Fumot RandM 20000 Z\u00fcge Einweg E Zigarette \u2013 Strawberry Ice: L'esperienza di svapo definitiva<\/strong><\/h2>\n<p>La <strong><a href=\"https:\/\/alfakher24h.de\/it\/?post_type=product&amp;p=1287&amp;preview=true\">Fumot RandM 20000 tiri sigaretta elettronica usa e getta<\/a> - Strawberry Ice<\/strong> non \u00e8 solo un altro dispositivo per la vaporizzazione, ma un vero capolavoro della tecnologia del vapore. Questo Vape monouso offre un'esperienza di vaporizzazione senza pari con una serie di funzioni premium e una durabilit\u00e0 impressionante. Se stai cercando un prodotto per la vaporizzazione che combini sia stile che prestazioni, allora il RandM Tornado 20000 con il suo gusto delizioso <strong>Strawberry Ice<\/strong> il gusto \u00e8 esattamente quello che fa per te.<\/p>\n<p><img loading=\"lazy\" decoding=\"async\" class=\"alignnone size-full wp-image-1274\" src=\"https:\/\/alfakher24h.de\/wp-content\/uploads\/2024\/12\/Fumot-RandM-Tornado-20000-3-2048x1313.jpg.webp\" alt=\"\" width=\"2048\" height=\"1313\" title=\"\" srcset=\"https:\/\/alfakher24h.de\/wp-content\/uploads\/2024\/12\/Fumot-RandM-Tornado-20000-3-2048x1313.jpg.webp 2048w, https:\/\/alfakher24h.de\/wp-content\/uploads\/2024\/12\/Fumot-RandM-Tornado-20000-3-2048x1313.jpg-300x192.webp 300w, https:\/\/alfakher24h.de\/wp-content\/uploads\/2024\/12\/Fumot-RandM-Tornado-20000-3-2048x1313.jpg-1024x657.webp 1024w, https:\/\/alfakher24h.de\/wp-content\/uploads\/2024\/12\/Fumot-RandM-Tornado-20000-3-2048x1313.jpg-768x492.webp 768w, https:\/\/alfakher24h.de\/wp-content\/uploads\/2024\/12\/Fumot-RandM-Tornado-20000-3-2048x1313.jpg-1536x985.webp 1536w, https:\/\/alfakher24h.de\/wp-content\/uploads\/2024\/12\/Fumot-RandM-Tornado-20000-3-2048x1313.jpg-18x12.webp 18w, https:\/\/alfakher24h.de\/wp-content\/uploads\/2024\/12\/Fumot-RandM-Tornado-20000-3-2048x1313.jpg-600x385.webp 600w\" sizes=\"auto, (max-width: 2048px) 100vw, 2048px\" \/><\/p>\n<h3>Descrizione del prodotto: Fumot RandM 20000 tiri Sigaretta elettronica usa e getta<\/h3>\n<p>Il <strong>Fumot RandM 20000 Z\u00fcge Einweg E-Zigarette \u2013 Strawberry Ice \n\nbecomes \n\nFumot RandM 20000 puff Fumot RandM 20000 puff sigaretta elettronica usa e getta \u2013 Strawberry Ice<\/strong> \u00c8 stato progettato specificamente per offrirti un'esperienza di svapo di alta qualit\u00e0. Con una capacit\u00e0 di 20000 tiri, questo dispositivo \u00e8 perfetto per gli svapatori incalliti che cercano un dispositivo duraturo e affidabile. Il design ergonomico e le dimensioni compatte consentono una facile gestione, mentre il design elegante e moderno garantisce che tu possa sempre fare una buona impressione con questo dispositivo.<\/p>\n<p>Il <a href=\"https:\/\/alfakher24h.de\/it\/?post_type=product&amp;p=1287&amp;preview=true\"><strong>Fumot RandM 20000<\/strong>\u00a0<\/a>viene attraversata dalle <strong>Tecnologia a doppia bobina<\/strong> supporta, che garantisce un gusto eccezionale e nuvole di vapore pi\u00f9 grandi. Ogni puff \u00e8 pi\u00f9 liscio, pi\u00f9 intenso e garantisce una notevole espressione di gusto. Il serbatoio ha una capacit\u00e0 generosa <strong>20 ml E-Liquid<\/strong>sodich\u00e9 non dovrai preoccuparti di ricaricare regolarmente il dispositivo. La <strong>900 mAh batteria<\/strong> offre abbastanza energia per l'intera giornata, senza necessit\u00e0 di ricarica - grazie al <strong>Schnellladeanschlusses vom Typ C \n Tipo C<\/strong> Pu\u00f2 ricaricare il dispositivo nel pi\u00f9 breve tempo possibile, se necessario.<\/p>\n<p>Unica <strong>Smart Display<\/strong>La funzione mostra sempre la quantit\u00e0 di liquido elettronico rimasto e lo stato della batteria. In questo modo, saprai sempre quanto puoi ancora goderti prima di dover ricaricare. Il <strong>Strawberry Ice<\/strong> Il gusto garantisce una combinazione rinfrescante di fragole dolci e mentolo rinfrescante - un piacere che non solo affascina il palato, ma garantisce anche un'esperienza di svapo duratura e intensa.<\/p>\n<h3>Importante caratteristiche del Fumot RandM 20000 sigaretta elettronica usa e getta<\/h3>\n<ul>\n<li><strong>Treni<\/strong>: Fino a <strong>20000 treni<\/strong> per un piacere duraturo.<\/li>\n<li><strong>Dual-Mesh-Coil<\/strong>Per un migliore sviluppo del gusto e nuvole di vapore pi\u00f9 grandi.<\/li>\n<li><strong>Capacit\u00e0 di E-Liquido<\/strong>: <strong>20 ml<\/strong> - nessuna necessit\u00e0 di ricaricare il dispositivo.<\/li>\n<li><strong>Batterie<\/strong>: <strong>900 mAh<\/strong> per l'intera giornata senza ricaricare.<\/li>\n<li><strong>Ricarica rapida<\/strong>: <strong>Tipo C<\/strong> Presa di ricarica per una ricarica rapida in brevissimo tempo.<\/li>\n<li><strong>Smart Display<\/strong>: Mostra lo stato dell'e-liquid e della batteria, in modo da avere sempre il controllo.<\/li>\n<li><strong>Variet\u00e0 di sapori<\/strong>: Aromi variati per ogni gusto - da fruttato a gelato.<\/li>\n<li><strong>Maneggevole comfort<\/strong>Compatto e facile da usare per una vaporizzazione senza stress.<\/li>\n<\/ul>\n<h3>Esperienza gustativa: Strawberry Ice<\/h3>\n<p>La <strong>Strawberry Ice<\/strong>sapore del <strong>Fumot RandM 20000 tiri sigaretta elettronica usa e getta<\/strong> \u00e8 una vera rivelazione per tutti gli amanti di aromi fruttati e rinfrescanti. Il gusto inizia con la naturale dolcezza di fragole succose, che vengono combinate con una brezza fresca di mentolo. Ogni tiro porta alla luce il sapore di fragole mature, che si sviluppa sulla lingua e si conclude con un finale fresco e ghiacciato. <strong>Mentolo<\/strong> garantisce un raffreddamento piacevole, che soprattutto nelle giornate calde d\u00e0 una sensazione rinfrescante, senza sovrastare il gusto delle fragole fruttate.<\/p>\n<p><strong>Strawberry Ice<\/strong> offre il perfetto equilibrio tra dolcezza fruttata e sensazione di freschezza fredda ed ghiacciata. Questa combinazione rende la vaporizzazione non solo un piacere per i sensi, ma anche un'esperienza rilassante che si desidera rivivere continuamente. Il gusto rimane costantemente intenso e non si volatilizza dopo poche boccate - il <strong>Fumot RandM Tornado 20000<\/strong> assicura che il <strong>Strawberry Ice<\/strong>Il sapore rimane forte dall'inizio alla fine. Che tu sia un fumatore esperto o un principiante, questo sapore ti entusiasmer\u00e0 ad ogni tiro.<\/p>\n<h4>Perch\u00e9 dovresti scegliere <strong>Fumot RandM 20000 Z\u00fcge Einweg E-Zigarette \u2013 Strawberry Ice\n\nbecomes \n\nFumot RandM 20000 puff Fumot RandM 20000 puff sigaretta elettronica usa e getta \u2013 Strawberry Ice<\/strong> decidere<\/h4>\n<ul>\n<li><strong>Longevit\u00e0<\/strong>: Con una capacit\u00e0 di 20000 tiri, non dovrai preoccuparti di dover costantemente ricaricare o ricaricare il dispositivo.<\/li>\n<li><strong>Sapore rinfrescante<\/strong>La combinazione perfetta di fragola fruttata e mentolo rinfrescante garantisce un'esperienza di svapo indimenticabile.<\/li>\n<li><strong>Facilit\u00e0 d'uso<\/strong>Facile da usare, con un meccanismo attivato da una zip e senza complicate impostazioni.<\/li>\n<li><strong>Maneggevole comfort<\/strong>: Il design compatto si adatta perfettamente alla tua mano e la struttura ergonomica garantisce una vaporizzazione confortevole.<\/li>\n<li><strong>Tecnologia avanzata<\/strong>La bobina a doppia maglia e il display intelligente migliorano la vaporizzazione e il controllo su E-Liquid e batteria.<\/li>\n<\/ul>\n<h3>Acquista il <strong>Fumot RandM 20000 Z\u00fcge Einweg E-Zigarette \u2013 Strawberry Ice\n\nbecomes \n\nFumot RandM 20000 puff Fumot RandM 20000 puff sigaretta elettronica usa e getta \u2013 Strawberry Ice<\/strong> bei Alfakher24h.de<\/h3>\n<p>Bei <strong>Alfakher24h.de<\/strong> Offriamo la pi\u00f9 ampia selezione di <strong>Sigarette elettroniche monouso<\/strong> per il mercato tedesco. Siamo orgogliosi di essere la principale piattaforma di vendita per <strong>Vape monouso<\/strong> essere conosciuti in Germania. Il nostro <strong>Fumot RandM 20k tiri sigaretta elettronica usa e getta - Fragola Ice<\/strong> Offre la perfetta miscela di prestazioni, gusto e comfort - a un prezzo imbattibile.<\/p>\n<p>Perch\u00e9 dovresti comprare da noi? Molto semplice: noi offriamo non solo prodotti di alta qualit\u00e0, ma anche un servizio clienti eccellente e i prezzi migliori. Acquista ora online da noi e approfitta dei nostri tempi di consegna rapidi e del supporto di prim'ordine.<\/p>\n<h3>Domande frequenti su <strong>Fumot RandM 20000 tiri sigaretta elettronica usa e getta<\/strong><\/h3>\n<h4>1. Quanto dura la <strong>Fumot RandM 20000 tiri sigaretta elettronica usa e getta<\/strong>?<\/h4>\n<p>La <strong>Fumot RandM Tornado 20000<\/strong> Una sigaretta elettronica monouso dura fino a <strong>20000 treni<\/strong>, che li rende uno dei dispositivi pi\u00f9 longevi sul mercato. Puoi svapare tutto il giorno senza dover ricaricare o rabboccare il dispositivo.<\/p>\n<h4>2. Come funziona la <strong>Dual-Mesh-Coil<\/strong>Tecnologia<\/h4>\n<p>La <strong>Tecnologia a doppia bobina<\/strong> garantisce un'evaporazione uniforme del liquido elettronico, portando a esperienze di vapore e di gusto pi\u00f9 intense. Questa tecnologia aumenta l'efficienza del dispositivo e garantisce una prestazione costante ad ogni aspirazione.<\/p>\n<h4>3. Posso avere le <strong>Fumot RandM 20k tiri sigaretta elettronica usa e getta<\/strong> ricaricare?<\/h4>\n<p>No, le <strong>Fumot RandM Tornado 20000<\/strong> \u00c8 una sigaretta elettronica usa e getta e non pu\u00f2 essere ricaricata o riempita dopo il consumo di 20000 tiri. Una volta esaurito il liquido elettronico, \u00e8 necessario gettare via il dispositivo e acquistarne uno nuovo.<\/p>\n<h4>4. Quali aromi ci sono per il <strong>Fumot RandM Tornado 20000<\/strong>?<\/h4>\n<p>Accanto al <strong>Strawberry Ice<\/strong> offre la <strong>Fumot RandM Tornado 20000<\/strong> ancora molte altre delizie come <strong>Blue Razz<\/strong>, <strong>Pina Colada<\/strong>, <strong>Gelato di anguria<\/strong>, <strong>Kiwi Passione di Frutta Guava<\/strong> e molti altri. Ogni sapore offre un'esperienza di svapo unica.<\/p>\n<hr \/>\n<p>Visitate ora <strong><a href=\"https:\/\/alfakher24h.de\/it\/\" target=\"_new\" rel=\"noopener\">alfakher24h.de<\/a><\/strong> e prendete il vostro <strong>Fumot RandM 20k tiri Sigaretta elettronica usa e getta - Fragola Ice<\/strong> per l'esperienza di vaping definitiva!<\/p>","protected":false},"excerpt":{"rendered":"<p>Cercate ora <strong><a href=\"https:\/\/alfakher24h.de\/it\/\" target=\"_new\" rel=\"noopener\">alfakher24h.de<\/a><\/strong> e prendete il vostro <strong>Fumot RandM 20000 Z\u00fcge Einweg E-Zigarette \u2013 Strawberry Ice\n\nbecomes \n\nFumot RandM 20000 puff Fumot RandM 20000 puff sigaretta elettronica usa e getta \u2013 Strawberry Ice<\/strong> per l'esperienza di vaping definitiva!<\/p>","protected":false},"featured_media":1288,"comment_status":"open","ping_status":"closed","template":"","meta":{"om_disable_all_campaigns":false},"product_brand":[],"product_cat":[33],"product_tag":[],"class_list":{"0":"post-1287","1":"product","2":"type-product","3":"status-publish","4":"has-post-thumbnail","6":"product_cat-randm-fumot-20000","8":"first","9":"outofstock","10":"shipping-taxable","11":"purchasable","12":"product-type-simple"},"_links":{"self":[{"href":"https:\/\/alfakher24h.de\/it\/wp-json\/wp\/v2\/product\/1287","targetHints":{"allow":["GET"]}}],"collection":[{"href":"https:\/\/alfakher24h.de\/it\/wp-json\/wp\/v2\/product"}],"about":[{"href":"https:\/\/alfakher24h.de\/it\/wp-json\/wp\/v2\/types\/product"}],"replies":[{"embeddable":true,"href":"https:\/\/alfakher24h.de\/it\/wp-json\/wp\/v2\/comments?post=1287"}],"wp:featuredmedia":[{"embeddable":true,"href":"https:\/\/alfakher24h.de\/it\/wp-json\/wp\/v2\/media\/1288"}],"wp:attachment":[{"href":"https:\/\/alfakher24h.de\/it\/wp-json\/wp\/v2\/media?parent=1287"}],"wp:term":[{"taxonomy":"product_brand","embeddable":true,"href":"https:\/\/alfakher24h.de\/it\/wp-json\/wp\/v2\/product_brand?post=1287"},{"taxonomy":"product_cat","embeddable":true,"href":"https:\/\/alfakher24h.de\/it\/wp-json\/wp\/v2\/product_cat?post=1287"},{"taxonomy":"product_tag","embeddable":true,"href":"https:\/\/alfakher24h.de\/it\/wp-json\/wp\/v2\/product_tag?post=1287"}],"curies":[{"name":"wp","href":"https:\/\/api.w.org\/{rel}","templated":true}]}}