{"id":1284,"date":"2024-12-29T01:21:54","date_gmt":"2024-12-29T01:21:54","guid":{"rendered":"https:\/\/alfakher24h.de\/?post_type=product&#038;p=1284"},"modified":"2025-05-21T05:10:21","modified_gmt":"2025-05-21T05:10:21","slug":"fumot-randm-tornado-20000-sbuffi-usa-e-getta-e-sigaretta-pina-colada","status":"publish","type":"product","link":"https:\/\/alfakher24h.de\/it\/prodotto\/fumot-randm-tornado-20000-sbuffi-usa-e-getta-e-sigaretta-pina-colada\/","title":{"rendered":"Fumot RandM 20000 Z\u00fcge Einweg E Zigarette \u2013 Pina Colada \n\nbecomes \n\nFumot RandM 20000 puff Einweg-E-Zigarette \u2013 Pina Colada"},"content":{"rendered":"<div class=\"group\/conversation-turn relative flex w-full min-w-0 flex-col agent-turn\">\n<div class=\"flex-col gap-1 md:gap-3\">\n<div class=\"flex max-w-full flex-col flex-grow\">\n<div class=\"min-h-8 text-message flex w-full flex-col items-end gap-2 whitespace-normal break-words text-start [.text-message+&amp;]:mt-5\" dir=\"auto\" data-message-author-role=\"assistant\" data-message-id=\"da376c24-a816-4be3-a54c-31e09123b95f\" data-message-model-slug=\"gpt-4o\">\n<div class=\"flex w-full flex-col gap-1 empty:hidden first:pt-[3px]\">\n<div class=\"markdown prose w-full break-words dark:prose-invert light\">\n<h2>Fumot RandM 20000 Z\u00fcge Einweg E Zigarette \u2013 Langlebig, Genussvoll und Innovativ\n\nbecomes \n\nFumot RandM 20000 puff Einweg-E-Zigarette \u2013 Langlebig, Genussvoll und Innovativ<\/h2>\n<p>La\u00a0<a href=\"https:\/\/alfakher24h.de\/it\/?post_type=product&amp;p=1284&amp;preview=true\"><strong>Fumot RandM 20000 tiri sigaretta elettronica usa e getta<\/strong><\/a>\u00a0Unisce tecnologia eccezionale e facilit\u00e0 d'uso in un unico dispositivo. Con la sua incredibile capacit\u00e0 di fino a 20.000 tiri, \u00e8 la scelta perfetta per tutti coloro che cercano una sigaretta elettronica usa e getta di alta qualit\u00e0, durevole e dal gusto intenso. Sia per i principianti che per gli utenti esperti di vaporizzazione, questa sigaretta elettronica usa e getta soddisfa le pi\u00f9 alte esigenze e offre un'esperienza di vaporizzazione senza pari.<\/p>\n<hr \/>\n<h3>\ud83d\udee0\ufe0f\u00a0<strong>Descrizione del prodotto - Cosa fa la\u00a0<\/strong>RandM <strong>20K\u7279\u5225\u306b<\/strong><\/h3>\n<p>Il Tornado 20000 si distingue per il suo design moderno e le sue funzioni innovative. Non \u00e8 solo estremamente potente, ma anche facile da usare. Dotato di due modalit\u00e0 di potenza -\u00a0<strong>Modalit\u00e0 Monomotore<\/strong>\u00a0und\u00a0<strong>Modalit\u00e0 Doppio Motore<\/strong>\u00a0- consente un adattamento individuale alle tue preferenze.<\/p>\n<ul>\n<li><strong>Modalit\u00e0 Monomotore<\/strong>: Perfetto per un'esperienza di svapo lunga e costante con fino a 20.000 tiri.<\/li>\n<li><strong>Modalit\u00e0 Doppio Motore<\/strong>Ideale per sessioni di vapore pi\u00f9 intense con una capacit\u00e0 massima di 10.000 tiri.<\/li>\n<\/ul>\n<p>Inoltre si occupano di una\u00a0<strong>Indicatore di batteria<\/strong>\u00a0e una\u00a0<strong>Visualizzazione di E-Liquid<\/strong>\u00a0per questo, in modo da avere sempre una panoramica completa. L'innovativo\u00a0<strong>Sistema di controllo del flusso d'aria<\/strong>\u00a0permette di adattare con precisione il flusso d'aria - sia stretto che arioso, la scelta \u00e8 tua.<\/p>\n<p>La robusta\u00a0<strong>batteria da 850 mAh<\/strong>\u00a0fornisce energia sufficiente per l'intera giornata, senza richiedere frequenti ricariche.<\/p>\n<p><img loading=\"lazy\" decoding=\"async\" class=\"alignnone size-full wp-image-1274\" src=\"https:\/\/alfakher24h.de\/wp-content\/uploads\/2024\/12\/Fumot-RandM-Tornado-20000-3-2048x1313.jpg.webp\" alt=\"\" width=\"2048\" height=\"1313\" title=\"\" srcset=\"https:\/\/alfakher24h.de\/wp-content\/uploads\/2024\/12\/Fumot-RandM-Tornado-20000-3-2048x1313.jpg.webp 2048w, https:\/\/alfakher24h.de\/wp-content\/uploads\/2024\/12\/Fumot-RandM-Tornado-20000-3-2048x1313.jpg-300x192.webp 300w, https:\/\/alfakher24h.de\/wp-content\/uploads\/2024\/12\/Fumot-RandM-Tornado-20000-3-2048x1313.jpg-1024x657.webp 1024w, https:\/\/alfakher24h.de\/wp-content\/uploads\/2024\/12\/Fumot-RandM-Tornado-20000-3-2048x1313.jpg-768x492.webp 768w, https:\/\/alfakher24h.de\/wp-content\/uploads\/2024\/12\/Fumot-RandM-Tornado-20000-3-2048x1313.jpg-1536x985.webp 1536w, https:\/\/alfakher24h.de\/wp-content\/uploads\/2024\/12\/Fumot-RandM-Tornado-20000-3-2048x1313.jpg-18x12.webp 18w, https:\/\/alfakher24h.de\/wp-content\/uploads\/2024\/12\/Fumot-RandM-Tornado-20000-3-2048x1313.jpg-600x385.webp 600w\" sizes=\"auto, (max-width: 2048px) 100vw, 2048px\" \/><\/p>\n<hr \/>\n<h3>\ud83c\udf1f\u00a0<strong>Principali caratteristiche in sintesi<\/strong><\/h3>\n<ol>\n<li><strong>Tecnologia a doppia maglia<\/strong>: Densa produzione di vapore dal gusto intenso.<\/li>\n<li><strong>Facile utilizzo<\/strong>Perfetto per principianti ed esperti di vaporizzazione.<\/li>\n<li><strong>Due modalit\u00e0 di prestazione<\/strong>: Modalit\u00e0 Single e Dual Engine per una vaporizzazione flessibile.<\/li>\n<li><strong>Annunci intelligenti<\/strong>: Livello della batteria e del liquido elettronico sempre sotto controllo.<\/li>\n<li><strong>Flusso d'aria regolabile<\/strong>: Personalizza la tua esperienza di svapo.<\/li>\n<li><strong>Batteria longeva<\/strong>: Batteria da 850 mAh per prestazioni affidabili.<\/li>\n<li><strong>Design monouso<\/strong>: Nessuna manutenzione o pulizia necessaria.<\/li>\n<\/ol>\n<\/div>\n<\/div>\n<\/div>\n<\/div>\n<\/div>\n<\/div>\n<p>&nbsp;<\/p>\n<h3>\ud83c\udf4d\u00a0<strong>Sapore - Pina Colada: puro piacere tropicale<\/strong><\/h3>\n<p>La Tornado 20000 \u00e8 disponibile in una variet\u00e0 di gusti accattivanti, tra cui il popolare\u00a0<strong>Pina Colada<\/strong>Questo gusto tropicale La trasporta in un viaggio esotico pieno di aromi esotici:<\/p>\n<ul>\n<li><strong>Ananas<\/strong>Dolce, fruttato e rinfrescante - un tocco di sole tropicale in ogni sorso.<\/li>\n<li><strong>Noce di cocco<\/strong>Crema e ricco, completa perfettamente l'ananas e garantisce un finale vellutato.<\/li>\n<li><strong>Breve fresca<\/strong>: Una nota fresca e sottile che completa il profilo tropicale.<\/li>\n<\/ul>\n<p>Il risultato \u00e8 una combinazione di sapori perfettamente armonizzata, che unisce sia sfumature dolci che esotiche in modo armonioso, rendendo ogni tiro un'esperienza speciale.<\/p>\n<hr \/>\n<h3>\ud83d\udca1\u00a0<strong>Perch\u00e9 presso<a href=\"https:\/\/alfakher24h.de\/it\/?post_type=product&amp;p=1284&amp;preview=true\"> alfakher24h.de\u00a0<\/a>Comprare?<\/strong><\/h3>\n<ul>\n<li><strong>Offerta esclusiva<\/strong>Siamo la pi\u00f9 grande piattaforma per sigarette elettroniche monouso in Germania.<\/li>\n<li><strong>Prodotti di alta qualit\u00e0<\/strong>: Solo svapare accuratamente testati e certificati.<\/li>\n<li><strong>Acquisto comodo<\/strong>: Ordinare semplicemente e godere - consegnato direttamente a casa tua.<\/li>\n<li><strong>Selezione multipla<\/strong>Numerose variet\u00e0 di gusto e design.<\/li>\n<li><strong>Servizio clienti affidabile<\/strong>: Sempre qui per le tue domande.<\/li>\n<\/ul>","protected":false},"excerpt":{"rendered":"<h2><strong>Fumot RandM 20000<\/strong> Treni  Sigarette Elettroniche Monouso - Durature, Piacere e Innovative<\/h2>","protected":false},"featured_media":1285,"comment_status":"open","ping_status":"closed","template":"","meta":{"om_disable_all_campaigns":false},"product_brand":[],"product_cat":[33],"product_tag":[],"class_list":{"0":"post-1284","1":"product","2":"type-product","3":"status-publish","4":"has-post-thumbnail","6":"product_cat-randm-fumot-20000","8":"first","9":"outofstock","10":"shipping-taxable","11":"purchasable","12":"product-type-simple"},"_links":{"self":[{"href":"https:\/\/alfakher24h.de\/it\/wp-json\/wp\/v2\/product\/1284","targetHints":{"allow":["GET"]}}],"collection":[{"href":"https:\/\/alfakher24h.de\/it\/wp-json\/wp\/v2\/product"}],"about":[{"href":"https:\/\/alfakher24h.de\/it\/wp-json\/wp\/v2\/types\/product"}],"replies":[{"embeddable":true,"href":"https:\/\/alfakher24h.de\/it\/wp-json\/wp\/v2\/comments?post=1284"}],"wp:featuredmedia":[{"embeddable":true,"href":"https:\/\/alfakher24h.de\/it\/wp-json\/wp\/v2\/media\/1285"}],"wp:attachment":[{"href":"https:\/\/alfakher24h.de\/it\/wp-json\/wp\/v2\/media?parent=1284"}],"wp:term":[{"taxonomy":"product_brand","embeddable":true,"href":"https:\/\/alfakher24h.de\/it\/wp-json\/wp\/v2\/product_brand?post=1284"},{"taxonomy":"product_cat","embeddable":true,"href":"https:\/\/alfakher24h.de\/it\/wp-json\/wp\/v2\/product_cat?post=1284"},{"taxonomy":"product_tag","embeddable":true,"href":"https:\/\/alfakher24h.de\/it\/wp-json\/wp\/v2\/product_tag?post=1284"}],"curies":[{"name":"wp","href":"https:\/\/api.w.org\/{rel}","templated":true}]}}