{"id":1278,"date":"2024-12-28T12:21:10","date_gmt":"2024-12-28T12:21:10","guid":{"rendered":"https:\/\/alfakher24h.de\/?post_type=product&#038;p=1278"},"modified":"2025-01-08T15:22:30","modified_gmt":"2025-01-08T15:22:30","slug":"adalya-16000-puff-usa-e-getta-e-sigaretta-mint-point","status":"publish","type":"product","link":"https:\/\/alfakher24h.de\/it\/prodotto\/adalya-16000-puff-usa-e-getta-e-sigaretta-mint-point\/","title":{"rendered":"Adalya 16000 Z\u00fcge Einweg E Zigarette \u2013 Mint Point \ntraduce a \nAdalya 16000 tiri Sigaretta elettronica usa e getta - Mint Point"},"content":{"rendered":"<h2><strong>Adalya 16000 Z\u00fcge: La sigaretta elettronica monouso di nuova generazione<\/strong><\/h2>\n<p>La\u00a0<strong>Adalya 16000 Z\u00fcge \n\n becomes \n\nAdalya 16000 Treni<\/strong>\u00a0\u00c8 la prima e-shisha del noto marchio Adalya e rappresenta un nuovo standard per il mondo delle sigarette elettroniche e delle e-shisha usa e getta. Come successore del modello Adalya da 10.000 tiri, offre un'esperienza di gusto ancora pi\u00f9 intensa e un comportamento di tiraggio migliorato. Sviluppata per presentare i sapori popolari delle tradizionali pipe ad acqua Adalya in un formato elettronico, questa sigaretta elettronica usa e getta offre fino a 16.000 tiri e convince con una tecnica di tiraggio pi\u00f9 leggera e fluida.<\/p>\n<p>In questo articolo scoprirete tutto ci\u00f2 che c'\u00e8 da sapere sul modello Adalya 16000 Z\u00fcge, comprese le sue caratteristiche uniche, i vari sapori disponibili e perch\u00e9 questo modello \u00e8 la scelta perfetta per il mercato tedesco. Potete\u00a0<a href=\"https:\/\/alfakher24h.de\/it\/?post_type=product&amp;p=1278&amp;preview=true\"><strong>Adalya 16000 Z\u00fcge \n\n becomes \n\nAdalya 16000 Treni<\/strong> <\/a>direttamente su<a href=\"https:\/\/alfakher24h.de\/it\/?post_type=product&amp;p=1278&amp;preview=true\"> <strong>alfakher24h.de<\/strong><\/a><a href=\"https:\/\/alfakherwelt.de\/\" target=\"_blank\" rel=\"noopener\">\u00a0<\/a>Acquista, la pi\u00f9 grande piattaforma online per sigarette elettroniche usa e getta in Germania.<\/p>\n<h2>Adalya 16000 Z\u00fcge non richiede traduzione, rimane: Adalya 16000 Z\u00fcge<\/h2>\n<p>La\u00a0<strong>Adalya 16000 Z\u00fcge \n\n becomes \n\nAdalya 16000 Treni<\/strong>\u00a0offre una variet\u00e0 di funzioni che la rendono un prodotto eccezionale nel settore dei\u00a0<a href=\"https:\/\/alfakher24h.de\/it\/?post_type=product&amp;p=1278&amp;preview=true\"><strong>Sigarette elettroniche monouso<\/strong><\/a>\u00a0Ecco. Qui ci sono le caratteristiche principali in dettaglio:<\/p>\n<h3><strong>Caratteristiche dell'Adalya 16000 Z\u00fcge<\/strong><\/h3>\n<ul>\n<li><strong>Capacit\u00e0 di Puff<\/strong>Fino a 16.000 tiri \u2013 Un valore eccezionalmente alto, che consente all'utente di godere di una lunga esperienza di svapo senza dover ricaricare.<\/li>\n<li><strong>Tipo di vaporizzazione<\/strong>: DTL (Direct-To-Lung) - Lo stile DTL garantisce una presa profonda e intensa, particolarmente adatta a vaporizzatori esperti e agli appassionati di shisha.<\/li>\n<li><strong>Contenuto di nicotina<\/strong>: 20mg (2%) \u2013 Per coloro che cercano un'esperienza di nicotina equilibrata, Adalya 16000 offre una resa di nicotina piacevole ma non travolgente.<\/li>\n<li><strong>Funzionalit\u00e0 di sicurezza<\/strong>: La e-shisha dispone di un pratico\u00a0<strong>Pulsante di blocco<\/strong>che impedisce l'attivazione involontaria.<\/li>\n<li><strong>Tipo di flusso d'aria<\/strong>:\u00a0<strong>Aria di alimentazione regolabile<\/strong>\u00a0Il flusso d'aria pu\u00f2 essere regolato individualmente, consentendo un'esperienza di svapo personalizzata.<\/li>\n<li><strong>Resistenza della bobina<\/strong>: 0,6 Ohm \u2013 Questa resistenza della coil garantisce un'evaporazione costante e uniforme e quindi un ottimo sapore.<\/li>\n<li><strong>Volume di E-Liquido<\/strong>: 25 ml - Un volume generoso di e-liquid per molte boccate e un piacere duraturo.<\/li>\n<li><strong>Capacit\u00e0 della batteria<\/strong>: 850 mAh \u2013 Una batteria potente che garantisce che la sigaretta elettronica fornisca prestazioni affidabili per tutta la sua vita.<\/li>\n<li><strong>Connettore di ricarica<\/strong>: USB-C \u2013 Un moderno connettore di ricarica che garantisce una ricarica rapida ed efficiente.<\/li>\n<li><strong>Tipo di batteria<\/strong>: Ricaricabile - La batteria ricaricabile rende il dispositivo pi\u00f9 economico e pi\u00f9 ecologico.<\/li>\n<li><strong>Resistente alle perdite<\/strong>Il dispositivo \u00e8 progettato per non perdere liquido, il che rende l'uso particolarmente pulito e pratico.<\/li>\n<li><strong>Visualizzazione digitale<\/strong>: Mostra lo stato della batteria e il livello del liquido, in modo che tu sappia sempre quanta energia e liquido sono ancora disponibili.<\/li>\n<li><strong>esente da manutenzione<\/strong>: I filtri Adalya 16000 non richiedono manutenzione o pulizia regolare - ideali per chi cerca una soluzione comoda.<\/li>\n<\/ul>\n<h2>Esperienza di gusto di Adalya 16000 tiri<\/h2>\n<p>Uno dei maggiori vantaggi della\u00a0<strong>Adalya 16000 Z\u00fcge \n\n becomes \n\nAdalya 16000 Treni<\/strong>\u00a0\u00e8 la sorprendente variet\u00e0 e intensit\u00e0 degli aromi disponibili. Da sottolineare soprattutto l'unica esperienza di gusto della\u00a0<strong>Punto Menta<\/strong>Sapore. Analizziamo pi\u00f9 da vicino questo sapore fresco e freddo.<\/p>\n<h3><strong>Mint Point - Un'esperienza di freschezza unica<\/strong><\/h3>\n<p>Il\u00a0<strong>Punto Menta<\/strong>\u00a0Il gusto offre una piacevole miscela di menta dolce e mentolo fresco. Ci\u00f2 garantisce una sensazione rinfrescante, quasi gelida, che ravviva i sensi e allo stesso tempo lascia una freschezza duratura in bocca. Il\u00a0<strong>Punto Menta<\/strong>\u00a0\u00c8 perfetto per tutti coloro che preferiscono un sapore chiaro e fresco senza dolcezza o piccantezza aggiunte. Questo sapore ricorda un respiro fresco e freddo di aria di montagna ed \u00e8 ideale come compagno rinfrescante per tutta la giornata.<\/p>\n<p>Il\u00a0<strong>Punto Menta<\/strong>Il gusto viene magistralmente bilanciato dagli esperti di Adalya, in modo che non sia troppo intenso, ma nemmeno troppo delicato. \u00c8 un mix armonioso che \u00e8 un piacere sia per i fumatori di sigarette elettroniche che per gli appassionati di shisha. Il gusto rimane notevolmente costante anche dopo molte boccate e non perde intensit\u00e0, il che lo rende un favorito ideale per una lunga sessione di svapo.<\/p>\n<p>Oltre al intenso gusto di mentolo, si distingue il\u00a0<strong>Punto Menta<\/strong>\u00a0Si distingue per una nota leggermente dolce, che conferisce al fresco sapore di menta una piacevole profondit\u00e0. Questa combinazione equilibrata fa s\u00ec che ogni tiro non sia solo rinfrescante, ma lasci anche un senso di soddisfazione.<\/p>\n<p>Per coloro che cercano una variazione rispetto ai tradizionali sapori di frutta o tabacco, propone\u00a0<a href=\"https:\/\/alfakher24h.de\/it\/?post_type=product&amp;p=1278&amp;preview=true\"><strong>Punto Menta<\/strong>\u00a0<\/a>una scelta perfetta. Offre un'esperienza di gusto semplice ma allo stesso tempo esigente, che sar\u00e0 apprezzata sia dai principianti che dai vaporizzatori esperti.<\/p>\n<h2>Perch\u00e9 dovresti comprare le sigarette elettroniche Adalya 16000 Z\u00fcge<\/h2>\n<p>La\u00a0<strong>Adalya 16000 Z\u00fcge \n\n becomes \n\nAdalya 16000 Treni<\/strong> \u00e8 la scelta ideale per tutti coloro che cercano una sigaretta elettronica usa e getta di alta qualit\u00e0, durevole e facile da usare. Ecco alcuni motivi per cui dovresti acquistare questo prodotto su alfakher24h.de:<\/p>\n<h3><strong>1. Utilizzo prolungato grazie all'elevata capacit\u00e0 di buffering<\/strong><\/h3>\n<p>Fino a 16.000 treni offre la\u00a0<strong>Adalya 16000 Z\u00fcge \n\n becomes \n\nAdalya 16000 Treni<\/strong>\u00a0Una durata di vita impressionante, che dura per molti utenti diverse settimane o addirittura mesi, a seconda del consumo individuale.<\/p>\n<h3><strong>2. Flusso d'aria regolabile individualmente<\/strong><\/h3>\n<p>La possibilit\u00e0 di adattare il flusso d'aria a proprio piacimento consente un'esperienza di svapo personalizzata che non si trova con altre sigarette elettroniche usa e getta.<\/p>\n<h3><strong>3. Facile da usare - senza manutenzione<\/strong><\/h3>\n<p>Grazie al design pratico, non dovrai preoccuparti del rifornimento o della manutenzione. Semplicemente la\u00a0<strong>Adalya 16000 Z\u00fcge \n\n becomes \n\nAdalya 16000 Treni<\/strong>\u00a0inserire e godere.<\/p>\n<h3><strong>4. Caratteristiche di sicurezza<\/strong><\/h3>\n<p>La\u00a0<strong>Adalya 16000 Z\u00fcge \n\n becomes \n\nAdalya 16000 Treni<\/strong>\u00a0offre non solo una facile gestione, ma anche un alto livello di sicurezza con un pulsante di blocco che impedisce l'attivazione involontaria.<\/p>\n<h3><strong>Ampia variet\u00e0 di sapori<\/strong><\/h3>\n<p>Accanto al rinfrescante\u00a0<strong>Punto Menta<\/strong>\u00a0Adalya offre una gamma di altre emozionanti variet\u00e0, che garantiscono una piacevole alternanza in qualsiasi momento.<\/p>\n<h3><strong>6. Perfetto per essere in movimento<\/strong><\/h3>\n<p>Grazie alle dimensioni compatte e alla elevata capacit\u00e0 di buffering, si adatta bene\u00a0<strong>Adalya 16000 Z\u00fcge \n\n becomes \n\nAdalya 16000 Treni<\/strong>\u00a0Ideale per essere utilizzate in movimento o per l'uso quotidiano. Non dovrai preoccuparti di ricaricare o di portare con te cartucce di ricambio.<\/p>\n<h2>Conclusione: Perch\u00e9 Adalya 16000 Z\u00fcge \u00e8 la scelta migliore per i vaporizzatori in Germania<\/h2>\n<p>La\u00a0<strong>Adalya 16000 Z\u00fcge \n\n becomes \n\nAdalya 16000 Treni<\/strong> Le sigarette elettroniche monouso offrono tutto ci\u00f2 che un moderno svapatore desidera: longevit\u00e0, facilit\u00e0 d'uso, un'esperienza di gusto intensa e un'ampia selezione di aromi. Sia che tu sia un principiante o un esperto di svapo, la Adalya 16000 tiri superer\u00e0 le tue aspettative. Visita alfakher24h.de per ordinare la tua\u00a0<strong>Adalya 16000 Z\u00fcge \n\n becomes \n\nAdalya 16000 Treni<\/strong>\u00a0ancora oggi in vendita, e vivete il futuro della vaporizzazione.<\/p>","protected":false},"excerpt":{"rendered":"<p>Adalya 16000 Z\u00fcge Einweg E Zigarette \u2013 Mint Point \ntraduce a \nAdalya 16000 tiri Sigaretta elettronica usa e getta - Mint Point<\/p>","protected":false},"featured_media":1029,"comment_status":"open","ping_status":"closed","template":"","meta":{"om_disable_all_campaigns":false},"product_brand":[],"product_cat":[28],"product_tag":[],"class_list":{"0":"post-1278","1":"product","2":"type-product","3":"status-publish","4":"has-post-thumbnail","6":"product_cat-adalya-16000","8":"first","9":"instock","10":"shipping-taxable","11":"purchasable","12":"product-type-simple"},"_links":{"self":[{"href":"https:\/\/alfakher24h.de\/it\/wp-json\/wp\/v2\/product\/1278","targetHints":{"allow":["GET"]}}],"collection":[{"href":"https:\/\/alfakher24h.de\/it\/wp-json\/wp\/v2\/product"}],"about":[{"href":"https:\/\/alfakher24h.de\/it\/wp-json\/wp\/v2\/types\/product"}],"replies":[{"embeddable":true,"href":"https:\/\/alfakher24h.de\/it\/wp-json\/wp\/v2\/comments?post=1278"}],"wp:featuredmedia":[{"embeddable":true,"href":"https:\/\/alfakher24h.de\/it\/wp-json\/wp\/v2\/media\/1029"}],"wp:attachment":[{"href":"https:\/\/alfakher24h.de\/it\/wp-json\/wp\/v2\/media?parent=1278"}],"wp:term":[{"taxonomy":"product_brand","embeddable":true,"href":"https:\/\/alfakher24h.de\/it\/wp-json\/wp\/v2\/product_brand?post=1278"},{"taxonomy":"product_cat","embeddable":true,"href":"https:\/\/alfakher24h.de\/it\/wp-json\/wp\/v2\/product_cat?post=1278"},{"taxonomy":"product_tag","embeddable":true,"href":"https:\/\/alfakher24h.de\/it\/wp-json\/wp\/v2\/product_tag?post=1278"}],"curies":[{"name":"wp","href":"https:\/\/api.w.org\/{rel}","templated":true}]}}