{"id":1254,"date":"2024-12-26T05:43:11","date_gmt":"2024-12-26T05:43:11","guid":{"rendered":"https:\/\/alfakher24h.de\/?post_type=product&#038;p=1254"},"modified":"2024-12-26T05:43:11","modified_gmt":"2024-12-26T05:43:11","slug":"fumot-randm-digital-box-12000-puff-usa-e-getta-e-sigaretta-fragola-kiwi","status":"publish","type":"product","link":"https:\/\/alfakher24h.de\/it\/prodotto\/fumot-randm-digital-box-12000-puff-usa-e-getta-e-sigaretta-fragola-kiwi\/","title":{"rendered":"Fumot RandM Digital Box 12000 tiri Sigaretta elettronica usa e getta - Fragola kiwi"},"content":{"rendered":"<h2>Fumot RandM Digital Box 12000 Z\u00fcge Einweg E Zigarette: La tua scelta definitiva per un'esperienza di svapo premium<\/h2>\n<div style=\"width: 1020px;\" class=\"wp-video\"><video class=\"wp-video-shortcode\" id=\"video-1254-1\" width=\"1020\" height=\"574\" preload=\"metadata\" controls=\"controls\"><source type=\"video\/mp4\" src=\"https:\/\/alfakher24h.de\/wp-content\/uploads\/2024\/12\/Fumot-RandM-Digital-Box-12000.mp4?_=1\" \/><a href=\"https:\/\/alfakher24h.de\/wp-content\/uploads\/2024\/12\/Fumot-RandM-Digital-Box-12000.mp4\">https:\/\/alfakher24h.de\/wp-content\/uploads\/2024\/12\/Fumot-RandM-Digital-Box-12000.mp4<\/a><\/video><\/div>\n<p>La\u00a0<a href=\"https:\/\/alfakher24h.de\/it\/?post_type=product&amp;p=1254&amp;preview=true\"><strong>Fumot RandM Digital Box 12000 tiri Sigaretta elettronica usa e getta<\/strong>\u00a0i<\/a>\u00c8 l'ultima novit\u00e0 nel mondo dei vapes monouso e una delle migliori opzioni per chi cerca un'esperienza di svapo affidabile e intensa. Questo avanzato\u00a0<a href=\"https:\/\/alfakher24h.de\/it\/\"><strong>Sigaretta elettronica usa e getta<\/strong><\/a>\u00a0combina innovazione e qualit\u00e0 per offrirti l'esperienza di vaping definitiva. Con una capacit\u00e0 impressionante di\u00a0<strong>12000 treni<\/strong>a uno\u00a0<strong>Display a LED<\/strong>e uno\u00a0<strong>forte opzione di nicotina<\/strong>offre questo\u00a0<strong>Sigaretta elettronica con nicotina<\/strong>\u00a0tutto ci\u00f2 che si pu\u00f2 desiderare da un moderno dispositivo vape.<\/p>\n<p>La\u00a0<strong>Fumot RandM Digital Box 12000<\/strong>\u00a0Non \u00e8 solo un dispositivo tecnicamente avanzato, ma anche un capolavoro di facilit\u00e0 d'uso. Che tu sia un fumatore esperto o un principiante in questo campo, con questo dispositivo vivrai il perfetto equilibrio tra design, prestazioni e funzionalit\u00e0. Esaminiamo in dettaglio le caratteristiche uniche di questo prodotto e scopriamo perch\u00e9 dovresti assolutamente\u00a0<strong>auf alfakher24h.de<\/strong>dovrebbero comprare, la principale piattaforma per\u00a0<strong>Disposable Vapes in Germania<\/strong>.<\/p>\n<h3>Descrizione del prodotto<\/h3>\n<p>La\u00a0<strong>Fumot RandM Digital Box 12000 tiri Sigaretta elettronica usa e getta<\/strong>\u00a0\u00e8 uno dei pi\u00f9 potenti vaporizzatori monouso sul mercato. Con un\u00a0<strong>20 ml di e-liquid preriempito<\/strong>che fino a\u00a0<strong>12000 treni<\/strong>\u00a0consente, e ad un\u00a0<strong>potente batteria da 550mAh<\/strong>che ha avuto luogo su un\u00a0<strong>Connettore di tipo C<\/strong>\u00a0pu\u00f2 essere ricaricato, questo dispositivo \u00e8 ideale per lunghe sessioni di vaping. Grazie alla\u00a0<strong>Bobine a maglia<\/strong>\u00a0Questa e-cig garantisce un vapore eccezionalmente intenso e saporito, che rimane piacevolmente e dolcemente in bocca ad ogni aspirazione.<\/p>\n<p>Il design \u00e8 sia funzionale che esteticamente gradevole. Offre una forma compatta ed ergonomica che si adatta comodamente alla mano e viene fornito con un\u00a0<strong>Display a LED<\/strong>il quale\u00a0<strong>Consumo di e-liquid<\/strong>\u00a0e il\u00a0<strong>Stato della batteria<\/strong>\u00a0in tempo reale visualizza. Le\u00a0<strong>Luci RGB<\/strong>I LED che si accendono durante il vaping danno al dispositivo un tocco moderno e fresco.<\/p>\n<h3>Caratteristiche della Fumot RandM Digital Box 12000 Puffs<\/h3>\n<ul>\n<li><strong>20ml di capacit\u00e0 di e-liquid<\/strong>Goditi fino a\u00a0<strong>12000 treni<\/strong>\u00a0senza rabbocco.<\/li>\n<li><strong>Lunga durata di vita<\/strong>: Il\u00a0<strong>550mAh batteria<\/strong>\u00a0\u00e8\u00a0<strong>ricaricabile<\/strong>\u00a0sul\u00a0<strong>Connettore di tipo C<\/strong>che rende l'uso ancora pi\u00f9 confortevole.<\/li>\n<li><strong>Opzioni avanzate di nicotina<\/strong>Scegli tra\u00a0<strong>5%<\/strong>\u00a0o\u00a0<strong>2% Nicotina<\/strong>\u00a0per l'intensit\u00e0 desiderata.<\/li>\n<li><strong>6 luci RGB<\/strong>Aggiungi una dimensione visiva emozionante alla tua esperienza di svapo.<\/li>\n<li><strong>Controllo del flusso d'aria<\/strong>: Regolare il flusso d'aria a proprio piacimento per ottenere la quantit\u00e0 di vapore perfetta.<\/li>\n<li><strong>Mesh Coils<\/strong>Per un sapore intenso e vapore uniforme.<\/li>\n<li><strong>Comoda gestione<\/strong>: Nessun pulsante, attivato semplicemente trascinando.<\/li>\n<\/ul>\n<h3>Fumot RandM Digital Box 12000 Z\u00fcge Einweg E-Zigarette Flavors \n\nbecomes \n\nFumot RandM Digital Box 12000 puff Fumetto monouso sapori<\/h3>\n<p>Una delle maggiori forze della\u00a0<strong>Fumot RandM Digital Box 12000<\/strong>\u00a0\u00e8 la vasta selezione di sapori. Da sottolineare soprattutto il\u00a0<a href=\"https:\/\/alfakher24h.de\/it\/\"><strong>Fragola Kiwi<\/strong>&#8211;<\/a>sapore che combina in modo armonioso\u00a0<strong>fruttato di fragola<\/strong>\u00a0und\u00a0<strong>rinfrescante kiwi<\/strong>\u00a0offre. Il\u00a0<strong>dolce, ma non soverchiante sapore di fragola<\/strong>\u00a0sar\u00e0 perfettamente compensato dalla\u00a0<strong>Kiwi verde, leggermente acidula<\/strong>\u00a0arrotolato, il che porta a un'esperienza gustativa assolutamente soddisfacente ed equilibrata.<\/p>\n<h4>Sapore Fragola Kiwi<\/h4>\n<p>Il\u00a0<strong>Fragola Kiwi<\/strong>Sapore ti porta in un viaggio fruttato che vizi le tue papille gustative ad ogni inalazione. Il\u00a0<strong>dolce sapore di fragola<\/strong>\u00a0offre un'esperienza intensa, ma piacevole, che ricorda il gusto di fragole appena colte. In combinazione con la\u00a0<strong>kiwi fresche<\/strong>, che \u00e8 conosciuta per la sua nota leggermente acidula ma comunque rinfrescante, si crea un aroma perfettamente armonizzato. La\u00a0<strong>Fruizione<\/strong>\u00a0loro sapore si unisce armoniosamente e garantisce un'esperienza fresca, dolce e allo stesso tempo leggermente frizzante. Questo rende il\u00a0<strong>Fragola Kiwi<\/strong>Un sapore che rende questa scelta ideale per i vaporizzatori che preferiscono aromi fruttati ma non troppo dolci.<\/p>\n<p>La\u00a0<strong>Fumot RandM Digital Box 12000<\/strong>\u00a0\u00e8 ideale per tutti coloro che hanno un\u00a0<strong>un'esperienza gustativa lunga e intensa<\/strong>\u00a0cercare. Utilizzando \n(Non, utilizzo \" Durch die Verwendung von\"  in Authentic Italian translation  is  \"Utilizzando\") \n\n Utilizzando\u00a0<strong>Bobine a maglia<\/strong>\u00a0Il gusto diventa particolarmente intenso e uniforme. Con questa e-cigarette non solo proverai il\u00a0<strong>Sapore di frutta<\/strong>ma anche il\u00a0<strong>vapore pieno di bocca<\/strong>che viene rilasciato ad ogni tiro.<\/p>\n<h4>Altri sapori<\/h4>\n<p>Accanto\u00a0<strong>Fragola Kiwi<\/strong>\u00a0\u00e8 disponibile un'ampia selezione di ulteriori variet\u00e0 di gusto. Con\u00a0<strong>fino a 48 sapori disponibili<\/strong>\u00a0trovate sicuramente qualcosa che corrisponde al vostro gusto personale. Questa variet\u00e0 di opzioni garantisce che ci sia la scelta giusta per ogni tipo di svapatore, da\u00a0<strong>dolci<\/strong>\u00a0und\u00a0<strong>fruttosi<\/strong>\u00a0fino a\u00a0<strong>rinfrescanti<\/strong>\u00a0und\u00a0<strong>simile al mentolo<\/strong>\u00a0Variet\u00e0 di sapori. Cos\u00ec facendo, svapare non sar\u00e0 mai noioso!<\/p>\n<h3>Perch\u00e9 dovresti comprare la Fumot RandM Digital Box 12000 Z\u00fcge usa e getta e-sigaretta?<\/h3>\n<p>La\u00a0<strong>Fumot RandM Digital Box 12000 tiri Sigaretta elettronica usa e getta<\/strong>\u00a0offre una\u00a0<strong>combinazione imbattibile di prestazioni, design e gusto<\/strong>Sia che tu sia un occasionale utilizzatore di sigarette elettroniche o un utente abituale, questa e-cig supera le tue aspettative.<\/p>\n<ul>\n<li><strong>Duraturo ed efficace in termini di costi<\/strong>Con una\u00a0<strong>Capacit\u00e0 di 12000 treni<\/strong>\u00a0non deve preoccuparsi che il\u00a0<strong>E-Liquid-Vorrat \n\nbecomes \n\nE-Liquid-Scorta doesn't sound right \n\ntry \n\nScorta di e-liquid \n\nor \n\nFornitura di e-liquid<\/strong>\u00a0va troppo velocemente a finirsi. Un\u00a0<strong>Acquisto unico<\/strong>\u00a0mantiene a lungo, il che rende questa sigaretta elettronica usa e getta una\u00a0<strong>scelta economica<\/strong>\u00a0Fa.<\/li>\n<li><strong>Funzionalit\u00e0 innovative<\/strong>: La\u00a0<strong>Luci RGB<\/strong>\u00a0e questo\u00a0<strong>Display a LED<\/strong>\u00a0offrono non solo vantaggi pratici, ma anche una\u00a0<strong>valorizzazione visiva<\/strong>\u00a0dell'esperienza di svapo.<\/li>\n<li><strong>Aromi rinfrescanti<\/strong>: Il\u00a0<strong>Fragola Kiwi<\/strong>sapore e la variet\u00e0 di altre opzioni offrono un\u00a0<strong>vaporizzazione fruttata e piacevole<\/strong>\u00a0per ogni gusto.<\/li>\n<li><strong>Facilit\u00e0 d'uso<\/strong>Facile da usare: non sono necessarie impostazioni complicate o pulsanti.\u00a0<strong>Attivato tramite trascinamento<\/strong>.<\/li>\n<\/ul>\n<p>Se sei alla ricerca di uno\u00a0<strong>pratici, potenti<\/strong>\u00a0und\u00a0<strong>svapato gustoso<\/strong>\u00a0sono, allora la\u00a0<strong>Fumot RandM Digital Box 12000 tiri Sigaretta elettronica usa e getta<\/strong>\u00a0esattamente quello di cui hai bisogno. Procurati il tuo oggi stesso\u00a0<strong>Fumot RandM Digital Box<\/strong> auf alfakher24h.de della pi\u00f9 grande piattaforma di vendita per\u00a0<strong>Disposable Vapes in Germania<\/strong>E speriate l'esperienza di svapo definitiva!<\/p>\n<h3>Conclusione<\/h3>\n<p>La\u00a0<strong>Fumot RandM Digital Box 12000 tiri Sigaretta elettronica usa e getta<\/strong>\u00a0stabilisce nuovi standard per\u00a0<strong>Sigarette elettroniche monouso<\/strong>Con una\u00a0<strong>grande capacit\u00e0 di E-Liquid<\/strong>il\u00a0<strong>batteria ricaricabile<\/strong>a uno\u00a0<strong>Display a LED<\/strong>e una variet\u00e0 di\u00a0<strong>sapori rinfrescanti<\/strong>\u00a0offre questo dispositivo tutto ci\u00f2 che serve per un\u00a0<strong>esperienza di svapo di alta qualit\u00e0<\/strong>\u00a0servono. La tecnologia innovativa, il design accattivante e la facile gestione rendono questi\u00a0<strong>Sigaretta elettronica monouso con nicotina<\/strong>\u00a0tra le migliori sul mercato.<\/p>\n<p>Non perdere l'occasione di comprare questa eccezionale e-cigarette e\u00a0<strong>su <a href=\"https:\/\/alfakher24h.de\/it\/\">alfakher24h.de<\/a><\/strong>\u00a0da gustare!<\/p>","protected":false},"excerpt":{"rendered":"<p><strong>La Fumot RandM Digital Box 12000 Z\u00fcge Einweg E-Zigarette offre un intenso gusto di pesca ghiacciata, una tecnologia innovativa a rete Mesh-Coil e fino a 12.000 tiri per un'esperienza di svapo di alta qualit\u00e0.<\/strong><\/p>","protected":false},"featured_media":1255,"comment_status":"open","ping_status":"closed","template":"","meta":{"om_disable_all_campaigns":false},"product_brand":[],"product_cat":[27],"product_tag":[],"class_list":{"0":"post-1254","1":"product","2":"type-product","3":"status-publish","4":"has-post-thumbnail","6":"product_cat-fumot-randm-digital-box-12000-puffs","8":"first","9":"instock","10":"shipping-taxable","11":"purchasable","12":"product-type-simple"},"_links":{"self":[{"href":"https:\/\/alfakher24h.de\/it\/wp-json\/wp\/v2\/product\/1254","targetHints":{"allow":["GET"]}}],"collection":[{"href":"https:\/\/alfakher24h.de\/it\/wp-json\/wp\/v2\/product"}],"about":[{"href":"https:\/\/alfakher24h.de\/it\/wp-json\/wp\/v2\/types\/product"}],"replies":[{"embeddable":true,"href":"https:\/\/alfakher24h.de\/it\/wp-json\/wp\/v2\/comments?post=1254"}],"wp:featuredmedia":[{"embeddable":true,"href":"https:\/\/alfakher24h.de\/it\/wp-json\/wp\/v2\/media\/1255"}],"wp:attachment":[{"href":"https:\/\/alfakher24h.de\/it\/wp-json\/wp\/v2\/media?parent=1254"}],"wp:term":[{"taxonomy":"product_brand","embeddable":true,"href":"https:\/\/alfakher24h.de\/it\/wp-json\/wp\/v2\/product_brand?post=1254"},{"taxonomy":"product_cat","embeddable":true,"href":"https:\/\/alfakher24h.de\/it\/wp-json\/wp\/v2\/product_cat?post=1254"},{"taxonomy":"product_tag","embeddable":true,"href":"https:\/\/alfakher24h.de\/it\/wp-json\/wp\/v2\/product_tag?post=1254"}],"curies":[{"name":"wp","href":"https:\/\/api.w.org\/{rel}","templated":true}]}}