{"id":1231,"date":"2024-12-24T04:25:29","date_gmt":"2024-12-24T04:25:29","guid":{"rendered":"https:\/\/alfakher24h.de\/?post_type=product&#038;p=1231"},"modified":"2024-12-24T04:41:37","modified_gmt":"2024-12-24T04:41:37","slug":"1231","status":"publish","type":"product","link":"https:\/\/alfakher24h.de\/it\/prodotto\/1231\/","title":{"rendered":"Fumot RandM Digital Box 12000 Z\u00fcge Einweg E-Zigarette \u2013 Mango On Ice \n\nbecomes \n\nFumot RandM Digital Box 12000 puff Fumetto elettronico usa e getta - Mango On Ice"},"content":{"rendered":"<h2><strong>Fumot RandM Digital Box 12000 Z\u00fcge Einweg E-Zigarette \u2013 Mango On Ice: L'esperienza di svapo definitiva per vaper esigenti in Germania<\/strong><\/h2>\n<div style=\"width: 640px;\" class=\"wp-video\"><video class=\"wp-video-shortcode\" id=\"video-1231-1\" width=\"640\" height=\"360\" preload=\"metadata\" controls=\"controls\"><source type=\"video\/mp4\" src=\"https:\/\/alfakher24h.de\/wp-content\/uploads\/2024\/12\/Fumot-RandM-Digital-Box-120002.mp4?_=1\" \/><a href=\"https:\/\/alfakher24h.de\/wp-content\/uploads\/2024\/12\/Fumot-RandM-Digital-Box-120002.mp4\">https:\/\/alfakher24h.de\/wp-content\/uploads\/2024\/12\/Fumot-RandM-Digital-Box-120002.mp4<\/a><\/video><\/div>\n<p>La<a href=\"https:\/\/alfakher24h.de\/it\/?post_type=product&amp;p=1231&amp;preview=true\"> <strong>Fumot RandM Digital Box 12000 Z\u00fcge Einweg E-Zigarette \u2013 Mango On Ice \n\nbecomes \n\nFumot RandM Digital Box 12000 puff Fumetto elettronico usa e getta - Mango On Ice<\/strong> <\/a>rappresenta un significativo progresso nel settore delle sigarette elettroniche usa e getta. Combina la tecnologia pi\u00f9 avanzata con un design innovativo, per offrire un'esperienza di svapo senza pari. Con una durata di vita impressionante fino a 12.000 tiri, una batteria ricaricabile e uno schermo LED facile da usare che visualizza tutte le informazioni importanti in tempo reale, la Fumot RandM Digital Box \u00e8 la scelta perfetta per gli svapatori esigenti. Il design offre non solo comfort, ma anche punti salienti visivi che rendono lo svapo un'esperienza.<\/p>\n<h3>Descrizione del prodotto: Funzioni uniche per il massimo piacere<\/h3>\n<p>La <strong>Fumot RandM Digital Box 12000 Z\u00fcge Einweg E-Zigarette \n\nbecomes \n\nFumot RandM Digital Box 12000 tiri Sigaretta elettronica usa e getta<\/strong> Si distingue dagli altri dispositivi per il suo design innovativo e le funzioni avanzate. \u00c8 dotata di un e-liquid da 20 ml, che garantisce fino a 12.000 tiri e quindi un prolungato piacere di svapo. Il <strong>550 mAh batteria<\/strong>che passa oltre <strong>Tipo C connettore di ricarica<\/strong> pu\u00f2 essere rapidamente ricaricata, garantisce che il dispositivo sia sempre pronto all'uso. <strong>Mesh Coils<\/strong> garantiscono un sapore intenso e uniforme, cos\u00ec che ogni tiro sia un'esperienza ricca e completa.<\/p>\n<p>Inoltre, la <strong>controllo del flusso d'aria regolabile<\/strong> uno degli elementi salienti di questo prodotto. Consente di personalizzare il vaping in base alle proprie preferenze - sia che si preferisca una tirata pi\u00f9 forte o pi\u00f9 leggera, con questa funzione si ha il pieno controllo sull'esperienza di vaping. Un altro punto saliente visivo sono le <strong>6 luci RGB<\/strong>che rendono la vaporizzazione un vero evento di spettacolo e donano al dispositivo un'estetica moderna e accattivante.<\/p>\n<h3>La Mango On Ice - Un piacere esotico con una svolta rinfrescante<\/h3>\n<p>Uno delle caratteristiche pi\u00f9 eccezionali della <strong>Fumot RandM Digital Box 12000 Z\u00fcge Einweg E-Zigarette \n\nbecomes \n\nFumot RandM Digital Box 12000 tiri Sigaretta elettronica usa e getta<\/strong> \u00e8 il <strong>Mango On Ice<\/strong> Sapore. Questa unica miscela di mango dolce e tropicale e mentolo rinfrescante \u00e8 un vero punto culminante e incanta con il perfetto equilibrio di dolcezza e freschezza. Il sapore di mango \u00e8 pieno e intenso - dolce, ma non travolgente, con una leggera acidit\u00e0 fruttata che rinfresca le papille gustative.<\/p>\n<p>Ci\u00f2 che rende questo gusto\u7279\u5225o \u00e8 il tocco rinfrescante di mentolo, che rende la delizia tropicale un'esperienza ancora pi\u00f9 rinfrescante. Il mentolo porta una freschezza piacevole che completa armoniosamente il mango dolce e allo stesso tempo d\u00e0 un effetto rinfrescante. Questo gusto fresco e allo stesso tempo dolce rende il <strong>Mango On Ice<\/strong>Sapore ideale per giornate calde o per tutti coloro che cercano un'esperienza di svapo rinfrescante ed esotica.<\/p>\n<p>Grazie alla <strong>Mesh Coils<\/strong> Questo gusto viene riprodotto in modo particolarmente intenso e uniforme. Ogni tiro offre la combinazione perfetta di dolcezza fruttata e mentolo fresco, che rende la vaporizzazione un vero viaggio di piacere. L'uso di Mesh Coils garantisce un'evaporazione uniforme e fa s\u00ec che il gusto rimanga costantemente di alta qualit\u00e0 per tutta la durata d'uso.<\/p>\n<p>Per molti vaper \u00e8 il <strong>Mango On Ice<\/strong> Un sapore che rappresenta un gradito cambiamento rispetto alle classiche opzioni fruttate o mentolate. Si rivolge sia agli amanti della frutta tropicale che ai fan del mentolo rinfrescante ed \u00e8 quindi un vero tuttofare per tutto l'anno.<\/p>\n<h3>Perch\u00e9 dovresti acquistare la Fumot RandM Digital Box 12000 Z\u00fcge Einweg E-Zigarette \n\n \nPerch\u00e9 acquistare la Fumot RandM Digital Box 12000 Z\u00fcge Einweg E-Zigarette non necessita di traduzione in questo caso, traduco solo la parte che ha senso logico \n\nPerch\u00e8 dovreste comprare la  Fumot RandM Digital Box 12000 Z\u00fcge  e-zigarette usa e getta<\/h3>\n<p>Ci sono molti motivi per cui le <strong>Fumot RandM Digital Box 12000 Z\u00fcge Einweg E-Zigarette \n\nbecomes \n\nFumot RandM Digital Box 12000 tiri Sigaretta elettronica usa e getta<\/strong> la scelta ideale per la vostra esperienza di svapo \u00e8:<\/p>\n<ul>\n<li><strong>Lunga durata di conservazione:<\/strong> Con fino a 12.000 tiri non dovrai preoccuparti di sostituire costantemente il dispositivo. Offre una lunga durata di vita e garantisce un piacere di vapore prolungato.<\/li>\n<li><strong>Esperienza di vapore versatile:<\/strong> Grazie al controllo dell'aria regolabile, \u00e8 possibile personalizzare la vaporizzazione secondo le proprie preferenze, sia che si tratti di una presa pi\u00f9 forte o pi\u00f9 leggera.<\/li>\n<li><strong>Manutenzione semplice:<\/strong> La <strong>Tecnologia attivata dal disegno<\/strong> permette di semplicemente tirare e godersi la vaporizzazione, senza effettuare complicate impostazioni.<\/li>\n<li><strong>Impressionante design:<\/strong> La <strong>Luci RGB<\/strong> e il <strong>Schermo LED<\/strong> non solo creano un highlight visivo, ma rendono anche la vaporizzazione un'esperienza autentica.<\/li>\n<li><strong>Mesh Coils: \n Coil Mesh<\/strong> L'uso di Mesh Coils garantisce un'evaporazione uniforme e un sapore intenso.<\/li>\n<li><strong>Variet\u00e0 di sapori:<\/strong> La <strong>Fumot RandM Digital Box<\/strong> \u00e8 disponibile in fino a 48 varianti di gusto diverse, quindi sei sicuro di trovare un'opzione che si adatta al tuo gusto.<\/li>\n<\/ul>\n<h3>Mango On Ice: un'esperienza tropicale con una fresca svolta<\/h3>\n<p>Il <strong>Mango On Ice<\/strong>sapore offre la perfetta miscela di dolce piacere di mango e un rinfrescante fresco, che rende la vaporizzazione ancora pi\u00f9 piacevole. Il mango stesso ha un sapore pieno e tropicale, che si distingue per una sottile e fresca acidit\u00e0 e che vizia le tue papille gustative. Ma il vero punto culminante \u00e8 il <strong>Kick di mentolo<\/strong>che rende l'esperienza del vapore unica e rivitalizzante.<\/p>\n<p>Il tocco di mentolo dona una freschezza rinfrescante che completa perfettamente l'aroma tropicale di mango. Questa combinazione di sapori \u00e8 particolarmente adatta per le giornate calde o per i vaper che cercano un'alternativa piacevole e allo stesso tempo rinfrescante alle classiche sfumature di gusto. Il <strong>Mango On Ice<\/strong>-Flavor offre il meglio di entrambi i mondi: esotico frutto e rinfrescante freschezza, che rende ogni svapo un piacere.<\/p>\n<p>Grazie alle elevate qualit\u00e0 <strong>Mesh Coils<\/strong> Goditi questo gusto nella sua piena intensit\u00e0. Ogni tiro sar\u00e0 morbido ma corposo, con un'evaporazione uniforme che rende il gusto pi\u00f9 intenso e duraturo. Questa perfetta miscela di mango e mentolo offre un'esperienza di svapo equilibrata che pu\u00f2 essere goduta tutto il giorno.<\/p>\n<h3>Conclusione: ottenete l'esperienza di svapo definitiva<\/h3>\n<p>La <strong>Fumot RandM Digital Box 12000 Z\u00fcge Einweg E-Zigarette \u2013 Mango On Ice \n\nbecomes \n\nFumot RandM Digital Box 12000 puff Fumetto elettronico usa e getta - Mango On Ice<\/strong> \u00e8 pi\u00f9 di un semplice dispositivo di svapo. Combina funzioni innovative, un piacere di svapo di lunga durata e un'esperienza di gusto unica. Con fino a <strong>12.000 treni<\/strong>a uno <strong>batteria ricaricabile<\/strong>, <strong>Mesh Coils<\/strong> e una variet\u00e0 di <strong>Sapore<\/strong> offre tutto ci\u00f2 che serve per un'esperienza di svapo perfetta. Visita oggi stesso <a href=\"https:\/\/alfakher24h.de\/it\/\"><strong>alfakher24h.de<\/strong><\/a>la pi\u00f9 grande piattaforma per <strong>Disposable Vapes in Germania<\/strong>e prendi il tuo <strong><a href=\"https:\/\/alfakher24h.de\/it\/\">Fumot RandM Digital Box 12000 Z\u00fcge \n\nbecomes \n\nFumot RandM Digital Box 12000 puff<\/a> Sigaretta elettronica monouso - Mango On Ice<\/strong>Goditi il meglio che il mondo della vaporizzazione ha da offrire!<\/p>","protected":false},"excerpt":{"rendered":"<p>La <strong>Fumot RandM Digital Box 12000 Z\u00fcge Einweg E-Zigarette \u2013 Mango On Ice \n\nbecomes \n\nFumot RandM Digital Box 12000 puff Fumetto elettronico usa e getta - Mango On Ice<\/strong> offre un'esperienza di svapo unica con il sapore esotico di mango maturo, combinato con una nota rinfrescante di mentolo, e una lunga durata fino a 12.000 tiri<\/p>","protected":false},"featured_media":1232,"comment_status":"open","ping_status":"closed","template":"","meta":{"om_disable_all_campaigns":false},"product_brand":[],"product_cat":[27],"product_tag":[],"class_list":{"0":"post-1231","1":"product","2":"type-product","3":"status-publish","4":"has-post-thumbnail","6":"product_cat-fumot-randm-digital-box-12000-puffs","8":"first","9":"instock","10":"shipping-taxable","11":"purchasable","12":"product-type-simple"},"_links":{"self":[{"href":"https:\/\/alfakher24h.de\/it\/wp-json\/wp\/v2\/product\/1231","targetHints":{"allow":["GET"]}}],"collection":[{"href":"https:\/\/alfakher24h.de\/it\/wp-json\/wp\/v2\/product"}],"about":[{"href":"https:\/\/alfakher24h.de\/it\/wp-json\/wp\/v2\/types\/product"}],"replies":[{"embeddable":true,"href":"https:\/\/alfakher24h.de\/it\/wp-json\/wp\/v2\/comments?post=1231"}],"wp:featuredmedia":[{"embeddable":true,"href":"https:\/\/alfakher24h.de\/it\/wp-json\/wp\/v2\/media\/1232"}],"wp:attachment":[{"href":"https:\/\/alfakher24h.de\/it\/wp-json\/wp\/v2\/media?parent=1231"}],"wp:term":[{"taxonomy":"product_brand","embeddable":true,"href":"https:\/\/alfakher24h.de\/it\/wp-json\/wp\/v2\/product_brand?post=1231"},{"taxonomy":"product_cat","embeddable":true,"href":"https:\/\/alfakher24h.de\/it\/wp-json\/wp\/v2\/product_cat?post=1231"},{"taxonomy":"product_tag","embeddable":true,"href":"https:\/\/alfakher24h.de\/it\/wp-json\/wp\/v2\/product_tag?post=1231"}],"curies":[{"name":"wp","href":"https:\/\/api.w.org\/{rel}","templated":true}]}}