{"id":1204,"date":"2024-12-19T13:00:06","date_gmt":"2024-12-19T13:00:06","guid":{"rendered":"https:\/\/alfakher24h.de\/?post_type=product&#038;p=1204"},"modified":"2025-07-16T07:25:08","modified_gmt":"2025-07-16T07:25:08","slug":"1204","status":"publish","type":"product","link":"https:\/\/alfakher24h.de\/it\/prodotto\/1204\/","title":{"rendered":"Random Tornado 12000 Z\u00fcge Einweg E Zigarette \u2013 Miscele di Frutti Rossi"},"content":{"rendered":"<h2><strong>Random Tornado 12000 Z\u00fcge Einweg E Zigarette \u2013 Miscele di Frutti Rossi <\/strong>Introduzione: Scopri l'esperienza di vaping definitiva<\/h2>\n<p><img loading=\"lazy\" decoding=\"async\" class=\"alignnone size-full wp-image-1176\" src=\"https:\/\/alfakher24h.de\/wp-content\/uploads\/2024\/12\/Fumot-RandM-Digital-Box-12000-Puffs.webp\" alt=\"Fumot-RandM-Digital-Box-12000\" width=\"1280\" height=\"1810\" title=\"\" srcset=\"https:\/\/alfakher24h.de\/wp-content\/uploads\/2024\/12\/Fumot-RandM-Digital-Box-12000-Puffs.webp 1280w, https:\/\/alfakher24h.de\/wp-content\/uploads\/2024\/12\/Fumot-RandM-Digital-Box-12000-Puffs-212x300.webp 212w, https:\/\/alfakher24h.de\/wp-content\/uploads\/2024\/12\/Fumot-RandM-Digital-Box-12000-Puffs-724x1024.webp 724w, https:\/\/alfakher24h.de\/wp-content\/uploads\/2024\/12\/Fumot-RandM-Digital-Box-12000-Puffs-768x1086.webp 768w, https:\/\/alfakher24h.de\/wp-content\/uploads\/2024\/12\/Fumot-RandM-Digital-Box-12000-Puffs-1086x1536.webp 1086w, https:\/\/alfakher24h.de\/wp-content\/uploads\/2024\/12\/Fumot-RandM-Digital-Box-12000-Puffs-8x12.webp 8w, https:\/\/alfakher24h.de\/wp-content\/uploads\/2024\/12\/Fumot-RandM-Digital-Box-12000-Puffs-600x848.webp 600w\" sizes=\"auto, (max-width: 1280px) 100vw, 1280px\" \/><\/p>\n<p>Benvenuti nel mondo della moderna vaporizzazione con la <a href=\"https:\/\/alfakher24h.de\/it\/?post_type=product&amp;p=1204&amp;preview=true\">Random Tornado 12000 Z\u00fcge Einweg E Zigarette \u2013 Miscele di Frutti Rossi<\/a>Questo prodotto di alta qualit\u00e0 \u00e8 stato progettato specificamente per offrire un'esperienza indimenticabile agli appassionati di vaporizzazione. Con la sua tecnologia innovativa, un design inconfondibile e un gusto che vi entusiasmer\u00e0, il Random Tornado stabilisce nuovi standard nel mondo delle sigarette elettroniche usa e getta. Sia che siate in movimento o a casa, questo dispositivo sar\u00e0 il vostro compagno costante.<\/p>\n<div>\n<hr \/>\n<\/div>\n<h3>Descrizione del prodotto: Duraturo, elegante e potente<\/h3>\n<p>Il Random Tornado 12000 tirages<a href=\"https:\/\/alfakher24h.de\/it\/\"> Sigaretta elettronica usa e getta<\/a> \u00c8 molto pi\u00f9 di una semplice e-cig - \u00e8 una dichiarazione. Con fino a 12.000 tiri, offre un'esperienza di svapo di lunga durata che \u00e8 unica nella categoria dei prodotti usa e getta. Il serbatoio da 20 ml precaricato assicura che non dovrai mai pi\u00f9 ricaricare, mentre la batteria da 850 mAh con porta di ricarica USB-C consente una ricarica rapida e comoda.<\/p>\n<p>Il dispositivo non impressiona solo per le sue caratteristiche tecniche, ma anche per il suo design estetico. Le luci RGB stilose rendono il Tornado un vero e proprio punto di forza. Il design ergonomico garantisce il massimo comfort e la facilit\u00e0 d'uso.<\/p>\n<div>\n<hr \/>\n<\/div>\n<h3>Principali caratteristiche di Random Tornado 12000 Z\u00fcge<\/h3>\n<h4>\ud83d\udd39 <strong>Lunga esperienza di vapore<\/strong><\/h4>\n<p>Con una capacit\u00e0 di 20 ml, il Tornado offre fino a 12.000 tiri. Perfetto per l'uso a lungo termine e in movimento.<\/p>\n<h4>\ud83d\udd39 <strong>Batteria ricaricabile<\/strong><\/h4>\n<p>La batteria integrata da 850 mAh garantisce che il tuo piacere di svapo non sia mai interrotto. Basta caricare tramite il connettore Type-C e continuare.<\/p>\n<h4>\ud83d\udd39 <strong>Controllo del flusso d'aria individuale<\/strong><\/h4>\n<p>Regolare il flusso d'aria in base alle proprie preferenze. Sia che si desiderino nuvole intense e dense o tiri leggeri e ariosi, la scelta \u00e8 yours.<\/p>\n<h4>\ud83d\udd39 <strong>2% Nikotinst\u00e4rke \nbecomes \n2% Intensit\u00e0 di nicotina<\/strong><\/h4>\n<p>La concentrazione moderata di nicotina si adatta perfettamente sia ai principianti che agli svapatori esperti.<\/p>\n<h4>\ud83d\udd39 <strong>Illuminazione RGB<\/strong><\/h4>\n<p>Il design stiloso \u00e8 sottolineato da sei colori brillanti, che danno a ogni treno un tocco speciale.<\/p>\n<h4>\ud83d\udd39 <strong>Nessun rabbocco necessario<\/strong><\/h4>\n<p>Semplice da disimballare e pronta all'uso - la Tornado offre il massimo comfort senza compromessi.<\/p>\n<h4>\ud83d\udd39 <strong>Approccio ecologico<\/strong><\/h4>\n<p>Grazie alla batteria ricaricabile, riduci il consumo di prodotti usa e getta e contribuisci attivamente alla protezione dell'ambiente.<\/p>\n<div>\n<hr \/>\n<\/div>\n<h3>Morse code: Una esplosione di gusto di alta classe<\/h3>\n<p>Il sapore \"Mixed Berries\" \u00e8 un vero punto culminante e rende ogni tiro un'esperienza speciale. Immergiti in una miscela perfettamente bilanciata di more mature, lamponi dolci e more leggermente acidule. Questo aroma combina freschezza, dolcezza e una leggera piccantezza in un'esperienza gustativa senza pari.<\/p>\n<p>Il primo sorso vizia il palato con l'intensa freschezza dei mirtilli, seguita dalla piacevole dolcezza delle more. Nel finale, la mora esprime la sua nota caratteristica, che conferisce un accento leggermente amarognolo. La combinazione armoniosa di questi aromi garantisce un piacere duraturo e pieno, che non diventa mai noioso.<\/p>\n<p>La variante Mixed-Berries \u00e8 ideale per tutti coloro che amano gli aromi fruttati e cercano un'esperienza gustativa naturale. Che tu sia nuovo nel mondo della vaporizzazione o un intenditore esperto, questo liquido ti conquister\u00e0.<\/p>\n<div>\n<hr \/>\n<\/div>\n<h3>Perch\u00e9 presso <a href=\"https:\/\/alfakher24h.de\/it\/\">Alfakher24h.de<\/a> Comprare?<\/h3>\n<p>Alfakher24h.de \u00e8 la pi\u00f9 grande piattaforma online tedesca per <a href=\"https:\/\/alfakher24h.de\/it\/\">Sigarette elettroniche monouso<\/a> e offre i prezzi migliori e la pi\u00f9 ampia selezione. Con un sito web facile da usare, metodi di pagamento sicuri come PayPal, carte di credito e bonifici SEPA, nonch\u00e9 consegna rapida, l'acquisto della tua sigaretta elettronica usa e getta Random Tornado 12000 Z\u00fcge \u00e8 comodo e facile con noi.<\/p>\n<h4>Vantaggi quando si acquista su Alfakher24h.de:<\/h4>\n<ul data-spread=\"false\">\n<li>Selezione esclusiva di prodotti premium.<\/li>\n<li>Spedizione rapida all'interno della Germania.<\/li>\n<li>Opzioni di pagamento sicure e flessibili.<\/li>\n<li>Assistenza clienti competente, sempre a vostra disposizione.<\/li>\n<\/ul>\n<div>\n<hr \/>\n<\/div>\n<h3>Fazit: Innovazione incontra il piacere<\/h3>\n<p>La Random Tornado 12000 Z\u00fcge Einweg E Zigarette \u2013 Mixed Berries \u00e8 la scelta perfetta per tutti coloro che danno valore a stile, prestazioni e gusto. Con il suo design moderno, funzioni innovative e l'aroma unico di Mixed-Berries, stabilisce nuovi standard nel mondo delle e-cigarette usa e getta. Visitateci oggi stesso <a href=\"https:\/\/alfakher24h.de\/it\/\">Alfakher24h.de<\/a> E proteggi il tuo dispositivo per provare nuovamente a svapare.<\/p>\n<p>&nbsp;<\/p>","protected":false},"excerpt":{"rendered":"<p>La <strong>Random Tornado 12000 Z\u00fcge Einweg E Zigarette \u2013 Miscele di Frutti Rossi<\/strong> Offre con la sua batteria ricaricabile, 20 ml di liquido preriempito e fino a 12.000 tiri, un'esperienza di svapo di lunga durata con un intenso aroma di frutta.<\/p>","protected":false},"featured_media":1205,"comment_status":"open","ping_status":"closed","template":"","meta":{"om_disable_all_campaigns":false},"product_brand":[],"product_cat":[32],"product_tag":[],"class_list":{"0":"post-1204","1":"product","2":"type-product","3":"status-publish","4":"has-post-thumbnail","6":"product_cat-random-tornado-12000","8":"first","9":"outofstock","10":"shipping-taxable","11":"purchasable","12":"product-type-simple"},"_links":{"self":[{"href":"https:\/\/alfakher24h.de\/it\/wp-json\/wp\/v2\/product\/1204","targetHints":{"allow":["GET"]}}],"collection":[{"href":"https:\/\/alfakher24h.de\/it\/wp-json\/wp\/v2\/product"}],"about":[{"href":"https:\/\/alfakher24h.de\/it\/wp-json\/wp\/v2\/types\/product"}],"replies":[{"embeddable":true,"href":"https:\/\/alfakher24h.de\/it\/wp-json\/wp\/v2\/comments?post=1204"}],"wp:featuredmedia":[{"embeddable":true,"href":"https:\/\/alfakher24h.de\/it\/wp-json\/wp\/v2\/media\/1205"}],"wp:attachment":[{"href":"https:\/\/alfakher24h.de\/it\/wp-json\/wp\/v2\/media?parent=1204"}],"wp:term":[{"taxonomy":"product_brand","embeddable":true,"href":"https:\/\/alfakher24h.de\/it\/wp-json\/wp\/v2\/product_brand?post=1204"},{"taxonomy":"product_cat","embeddable":true,"href":"https:\/\/alfakher24h.de\/it\/wp-json\/wp\/v2\/product_cat?post=1204"},{"taxonomy":"product_tag","embeddable":true,"href":"https:\/\/alfakher24h.de\/it\/wp-json\/wp\/v2\/product_tag?post=1204"}],"curies":[{"name":"wp","href":"https:\/\/api.w.org\/{rel}","templated":true}]}}