{"id":1195,"date":"2024-12-19T05:42:33","date_gmt":"2024-12-19T05:42:33","guid":{"rendered":"https:\/\/alfakher24h.de\/?post_type=product&#038;p=1195"},"modified":"2025-07-16T07:25:09","modified_gmt":"2025-07-16T07:25:09","slug":"1195","status":"publish","type":"product","link":"https:\/\/alfakher24h.de\/it\/prodotto\/1195\/","title":{"rendered":"Random Tornado 12000 Z\u00fcge Einweg E Zigarette \u2013 Strawberry Donut\n\nbecomes\n\nRandom Tornado 12000 tiri Sigaretta elettronica usa e getta - Strawberry Donut"},"content":{"rendered":"<div class=\"flex max-w-full flex-col flex-grow\">\n<div class=\"min-h-8 text-message flex w-full flex-col items-end gap-2 whitespace-normal break-words text-start [.text-message+&amp;]:mt-5\" dir=\"auto\" data-message-author-role=\"assistant\" data-message-id=\"bc7fac78-dfe4-4c8d-9252-6e00a0e9794c\" data-message-model-slug=\"gpt-4o\">\n<div class=\"flex w-full flex-col gap-1 empty:hidden first:pt-[3px]\">\n<div class=\"markdown prose w-full break-words dark:prose-invert light\">\n<h2><strong>Random Tornado 12000 Z\u00fcge Einweg E Zigarette \u2013 Strawberry Donut: La tua nuova esperienza di svapo<\/strong><\/h2>\n<p><img loading=\"lazy\" decoding=\"async\" class=\"alignnone size-full wp-image-1176\" src=\"https:\/\/alfakher24h.de\/wp-content\/uploads\/2024\/12\/Fumot-RandM-Digital-Box-12000-Puffs.webp\" alt=\"Fumot-RandM-Digital-Box-12000\" width=\"1280\" height=\"1810\" title=\"\" srcset=\"https:\/\/alfakher24h.de\/wp-content\/uploads\/2024\/12\/Fumot-RandM-Digital-Box-12000-Puffs.webp 1280w, https:\/\/alfakher24h.de\/wp-content\/uploads\/2024\/12\/Fumot-RandM-Digital-Box-12000-Puffs-212x300.webp 212w, https:\/\/alfakher24h.de\/wp-content\/uploads\/2024\/12\/Fumot-RandM-Digital-Box-12000-Puffs-724x1024.webp 724w, https:\/\/alfakher24h.de\/wp-content\/uploads\/2024\/12\/Fumot-RandM-Digital-Box-12000-Puffs-768x1086.webp 768w, https:\/\/alfakher24h.de\/wp-content\/uploads\/2024\/12\/Fumot-RandM-Digital-Box-12000-Puffs-1086x1536.webp 1086w, https:\/\/alfakher24h.de\/wp-content\/uploads\/2024\/12\/Fumot-RandM-Digital-Box-12000-Puffs-8x12.webp 8w, https:\/\/alfakher24h.de\/wp-content\/uploads\/2024\/12\/Fumot-RandM-Digital-Box-12000-Puffs-600x848.webp 600w\" sizes=\"auto, (max-width: 1280px) 100vw, 1280px\" \/><\/p>\n<p>La <a href=\"https:\/\/alfakher24h.de\/it\/prodotto\/1195\/\"><em>Random Tornado 12000 Z\u00fcge Einweg E Zigarette \u2013 Strawberry Donut\n\nbecomes\n\nRandom Tornado 12000 tiri Sigaretta elettronica usa e getta - Strawberry Donut<\/em><\/a> \u00e8 la scelta perfetta per tutti coloro che cercano un'esperienza di svapo unica e pratica. Con una costruzione innovativa e un gusto inconfondibile, questo prodotto convince non solo per le sue prestazioni, ma anche per il suo stile elegante. Che tu sia un vaper esperto o che tu stia appena entrando nel mondo dello svapo, il Random Tornado ti offre tutto ci\u00f2 di cui hai bisogno e molto di pi\u00f9.<\/p>\n<p>Visitate<a href=\"https:\/\/alfakher24h.de\/it\/\"> <strong>alfakher24h.de<\/strong><\/a> - La pi\u00f9 grande piattaforma online tedesca per sigarette elettroniche usa e getta - e scopri quanto sia facile ordinare comodamente online prodotti di alta qualit\u00e0. Nel nostro negozio troverai non solo la Random Tornado, ma anche una variet\u00e0 di altri prodotti di punta per l'esperienza di svapo definitiva.<\/p>\n<h3>Descrizione del prodotto: La longevit\u00e0 incontra il comfort<\/h3>\n<p>Il Random Tornado 12000 Z\u00fcge Einweg E Zigarette si distingue nettamente da altri dispositivi. \u00c8 progettata per l'uso quotidiano e offre, con il suo generoso serbatoio di e-liquid da 20 ml e la potente batteria ricaricabile da 850 mAh, fino a 12.000 tiri - una prestazione eccezionale per un prodotto usa e getta.<\/p>\n<p><strong>Lungo utilizzo, ricarica meno frequente<\/strong><br \/>\nGrazie al connettore di ricarica di tipo C, \u00e8 possibile caricare rapidamente e facilmente la batteria, in modo da non dover pensare costantemente alla sostituzione delle batterie usa e getta. Questa tecnologia efficiente non solo contribuisce a un'esperienza di svapo sostenibile, ma garantisce anche di poter godere pi\u00f9 a lungo senza interruzioni.<\/p>\n<p><strong>Esperienza di svapo personalizzabile<\/strong><br \/>\nUn punto saliente di questa e-cigarette \u00e8 il regolatore di flusso d'aria regolabile. Che tu preferisca un vapore pi\u00f9 denso e intenso o che tu preferisca delle boccate pi\u00f9 leggere e ariose - hai la scelta. In questo modo puoi adattare la tua esperienza di svapo alle tue esigenze individuali.<\/p>\n<p><strong>Un punto culminante ottico<\/strong><br \/>\nGrazie alle luci LED RGB integrate, la vaporizzazione non diventa solo un'esperienza gustativa, ma anche visivamente eccezionale. Ad ogni aspirazione, le LED si illuminano di diversi colori e donano alla sigaretta elettronica un tocco moderno e stiloso. Perfetto, se volete fare una dichiarazione.<\/p>\n<h3>Principali caratteristiche in sintesi<\/h3>\n<ul>\n<li><strong>Lunga durata di vita:<\/strong> Fino a 12.000 tiri attraverso il serbatoio da 20 ml e la potente batteria da 850 mAh.<\/li>\n<li><strong>Batteria ricaricabile<\/strong> Con il connettore di ricarica di tipo C \u00e8 possibile caricare velocemente ed efficientemente.<\/li>\n<li><strong>Flusso d'aria regolabile:<\/strong> Adattare il flusso d'aria in base alle tue preferenze - da restrittivo ad arioso.<\/li>\n<li><strong>Luci LED RGB:<\/strong> Lumi colorati eleganti che danno un tocco speciale a ogni treno.<\/li>\n<li><strong>2 % Nicotina forza:<\/strong> Rilascio di nicotina morbido ma soddisfacente per un\u2019esperienza di svapo piacevole.<\/li>\n<li><strong>Design ergonomico:<\/strong> Maneggevole e comodo, ideale per essere utilizzato in viaggio.<\/li>\n<\/ul>\n<h3>Il gusto: Strawberry-Donut - Una vera esperienza di piacere<\/h3>\n<p>La <em>Strawberry Donut \n\nbecomes \n\nCiambella alla Fragola<\/em> Il gusto della sigaretta elettronica usa e getta Random Tornado 12000 tiri \u00e8 una felice fusione di due classici: fragole mature e succose e un donut appena sfornato. Questo aroma unico offre un perfetto equilibrio tra la fruttosit\u00e0 e un tocco di pasticceria, che rende la vaporizzazione una vera esperienza di piacere.<\/p>\n<p><strong>Fragole fresche - Un piacere fruttato<\/strong><br \/>\nIl sapore di fragole fresche e mature si sviluppa ad ogni sorso. \u00c8 un aroma dolce, ma non travolgente, che cattura la naturale freschezza del frutto. Le note fruttate offrono un contrasto rinfrescante agli aromi cremosi e leggermente dolci che seguono pi\u00f9 tardi nella miscela.<\/p>\n<p><strong>Fresco donut appena sfornato - Una partenza calda e impastata<\/strong><br \/>\nDopo le fragole succose, subentra il sapore di un donut appena sfornato, che completa perfettamente il retrogusto fresco e dolce. La morbida texture del donut \u00e8 meravigliosamente accompagnata da una leggera nota di zucchero, che completa il gusto generale e offre un'esperienza di svapo dolce ma non troppo pesante. \u00c8 come se ad ogni tiro si gustasse un piccolo morso di un donut caldo e delicatamente glassato.<\/p>\n<p><strong>Un mix indimenticabile<\/strong><br \/>\nLa combinazione di questi due aromi - la dolcezza delle fragole e il gusto ricco e leggermente zuccherato del donut - crea un'esperienza svapabile unica e soddisfacente. Questa miscela di sapori \u00e8 adatta sia agli amanti dei sapori di frutta che a coloro che apprezzano gli aromi dolci e panificati. Offre un gioco armonioso di aromi che vi trasporta in un mondo di puro piacere ad ogni tiro.<\/p>\n<h3>Perch\u00e9 dovresti comprare su Alfakher24h.de?<\/h3>\n<p><strong>La pi\u00f9 grande piattaforma della Germania per<a href=\"https:\/\/alfakher24h.de\/it\/\"> Sigarette elettroniche monouso<\/a><\/strong><br \/>\nAlfakher24h.de \u00e8 la principale piattaforma online in Germania per le sigarette elettroniche monouso. Offriamo un'ampia selezione di prodotti che si distinguono per qualit\u00e0 e gusto. Come leader di mercato, ci impegniamo a offrirvi solo i migliori prodotti, in modo che possiate godervi appieno la vaporizzazione.<\/p>\n<p><strong>Autentica qualit\u00e0 per un'autentica esperienza di svapo<\/strong><br \/>\nOgni articolo che acquisti da noi \u00e8 garantito come autentico e di altissima qualit\u00e0. Puoi fare affidamento sul fatto che riceverai un prodotto che soddisfa i pi\u00f9 alti standard e garantisce un'esperienza di svapo sicura.<\/p>\n<p><strong>Acquisto comodo e spedizione rapida<\/strong><br \/>\nCon un negozio online facile da usare e una consegna rapida, fare acquisti con noi \u00e8 semplice e comodo. Il nostro servizio clienti \u00e8 a vostra disposizione 24 ore su 24 per rispondere alle vostre domande e supportare i vostri ordini.<\/p>\n<p><strong>Ora ordina e riscopri il vaping<\/strong><br \/>\nnon perdete l'occasione di <em>Random Tornado 12000 Z\u00fcge Einweg E Zigarette \u2013 Strawberry Donut\n\nbecomes\n\nRandom Tornado 12000 tiri Sigaretta elettronica usa e getta - Strawberry Donut<\/em> e molti altri fantastici prodotti da scoprire. Visita subito oggi <strong>alfakher24h.de<\/strong> E provate a vedere quanta gioia pu\u00f2 dare il vaping.<\/p>\n<h3>Fazit: Perfetto per ogni vaporizzatore<\/h3>\n<p>La <em>Random Tornado 12000 Z\u00fcge Einweg E Zigarette \u2013 Strawberry Donut\n\nbecomes\n\nRandom Tornado 12000 tiri Sigaretta elettronica usa e getta - Strawberry Donut<\/em> non \u00e8 solo un capolavoro pratico, ma anche gustoso. Con una impressionante capacit\u00e0 di tiro di 12.000 tiri, una batteria ricaricabile e un unico sapore di fragola-donut, questo prodotto \u00e8 la scelta ideale per tutti coloro che vogliono godersi il vaping a pieni polmoni. Se stai cercando un prodotto di alta qualit\u00e0 e longevo in Germania <a href=\"https:\/\/alfakher24h.de\/it\/\">Sigaretta elettronica usa e getta<\/a> Cercate, allora il Random Tornado \u00e8 esattamente quello che vi serve.<\/p>\n<p>Ordina ora <a href=\"https:\/\/alfakher24h.de\/it\/\"><strong>alfakher24h.de<\/strong><\/a> E sperimentiate il vaping come mai prima d'ora!<\/p>\n<\/div>\n<\/div>\n<\/div>\n<\/div>\n<div class=\"mb-2 flex gap-3 empty:hidden -ml-2\">\n<div class=\"items-center justify-start rounded-xl p-1 flex\">\n<div class=\"flex items-center\"><\/div>\n<\/div>\n<\/div>","protected":false},"excerpt":{"rendered":"<p>La <strong>Random Tornado 12000 Z\u00fcge Einweg E Zigarette \n\nbecomes \n\nRandom Tornado 12000 tiri sigaretta elettronica usa e getta<\/strong> - Strawberry Donut offre un'esperienza di svapo di lunga durata con fino a 12.000 tiri e un gusto unico di fragole fresche e donut dolce, appena sfornato.<\/p>","protected":false},"featured_media":1196,"comment_status":"open","ping_status":"closed","template":"","meta":{"om_disable_all_campaigns":false},"product_brand":[],"product_cat":[32],"product_tag":[],"class_list":{"0":"post-1195","1":"product","2":"type-product","3":"status-publish","4":"has-post-thumbnail","6":"product_cat-random-tornado-12000","8":"first","9":"outofstock","10":"shipping-taxable","11":"purchasable","12":"product-type-simple"},"_links":{"self":[{"href":"https:\/\/alfakher24h.de\/it\/wp-json\/wp\/v2\/product\/1195","targetHints":{"allow":["GET"]}}],"collection":[{"href":"https:\/\/alfakher24h.de\/it\/wp-json\/wp\/v2\/product"}],"about":[{"href":"https:\/\/alfakher24h.de\/it\/wp-json\/wp\/v2\/types\/product"}],"replies":[{"embeddable":true,"href":"https:\/\/alfakher24h.de\/it\/wp-json\/wp\/v2\/comments?post=1195"}],"wp:featuredmedia":[{"embeddable":true,"href":"https:\/\/alfakher24h.de\/it\/wp-json\/wp\/v2\/media\/1196"}],"wp:attachment":[{"href":"https:\/\/alfakher24h.de\/it\/wp-json\/wp\/v2\/media?parent=1195"}],"wp:term":[{"taxonomy":"product_brand","embeddable":true,"href":"https:\/\/alfakher24h.de\/it\/wp-json\/wp\/v2\/product_brand?post=1195"},{"taxonomy":"product_cat","embeddable":true,"href":"https:\/\/alfakher24h.de\/it\/wp-json\/wp\/v2\/product_cat?post=1195"},{"taxonomy":"product_tag","embeddable":true,"href":"https:\/\/alfakher24h.de\/it\/wp-json\/wp\/v2\/product_tag?post=1195"}],"curies":[{"name":"wp","href":"https:\/\/api.w.org\/{rel}","templated":true}]}}