{"id":1193,"date":"2024-12-19T05:36:45","date_gmt":"2024-12-19T05:36:45","guid":{"rendered":"https:\/\/alfakher24h.de\/?post_type=product&#038;p=1193"},"modified":"2025-07-16T07:25:09","modified_gmt":"2025-07-16T07:25:09","slug":"1193","status":"publish","type":"product","link":"https:\/\/alfakher24h.de\/it\/prodotto\/1193\/","title":{"rendered":"Random Tornado 12000 Z\u00fcge Einweg E Zigarette \u2013 Fragola Uva"},"content":{"rendered":"<div class=\"flex max-w-full flex-col flex-grow\">\n<div class=\"min-h-8 text-message flex w-full flex-col items-end gap-2 whitespace-normal break-words text-start [.text-message+&amp;]:mt-5\" dir=\"auto\" data-message-author-role=\"assistant\" data-message-id=\"b32ed0c2-1ae4-4303-93e8-97abb2d72a45\" data-message-model-slug=\"gpt-4o\">\n<div class=\"flex w-full flex-col gap-1 empty:hidden first:pt-[3px]\">\n<h2 class=\"markdown prose w-full break-words dark:prose-invert light\"><strong>Random Tornado 12000 Z\u00fcge Einweg E Zigarette \u2013 Fragola Uva<\/strong><\/h2>\n<p><img loading=\"lazy\" decoding=\"async\" class=\"alignnone size-full wp-image-1176\" src=\"https:\/\/alfakher24h.de\/wp-content\/uploads\/2024\/12\/Fumot-RandM-Digital-Box-12000-Puffs.webp\" alt=\"Fumot-RandM-Digital-Box-12000\" width=\"1280\" height=\"1810\" title=\"\" srcset=\"https:\/\/alfakher24h.de\/wp-content\/uploads\/2024\/12\/Fumot-RandM-Digital-Box-12000-Puffs.webp 1280w, https:\/\/alfakher24h.de\/wp-content\/uploads\/2024\/12\/Fumot-RandM-Digital-Box-12000-Puffs-212x300.webp 212w, https:\/\/alfakher24h.de\/wp-content\/uploads\/2024\/12\/Fumot-RandM-Digital-Box-12000-Puffs-724x1024.webp 724w, https:\/\/alfakher24h.de\/wp-content\/uploads\/2024\/12\/Fumot-RandM-Digital-Box-12000-Puffs-768x1086.webp 768w, https:\/\/alfakher24h.de\/wp-content\/uploads\/2024\/12\/Fumot-RandM-Digital-Box-12000-Puffs-1086x1536.webp 1086w, https:\/\/alfakher24h.de\/wp-content\/uploads\/2024\/12\/Fumot-RandM-Digital-Box-12000-Puffs-8x12.webp 8w, https:\/\/alfakher24h.de\/wp-content\/uploads\/2024\/12\/Fumot-RandM-Digital-Box-12000-Puffs-600x848.webp 600w\" sizes=\"auto, (max-width: 1280px) 100vw, 1280px\" \/><\/p>\n<p>La <a href=\"https:\/\/alfakher24h.de\/it\/prodotto\/1193\/\"><strong>Random Tornado 12000 Z\u00fcge Einweg E Zigarette \u2013 Fragola Uva<\/strong> <\/a>\u00c8 la scelta perfetta per tutti coloro che cercano un dispositivo di svapo potente e duraturo. Con un impressionante conteggio di 12.000 tiri e una variet\u00e0 di funzioni innovative, questo dispositivo offre sia ai vapatori esperti che ai principianti un'esperienza di svapo senza pari. In questo articolo scoprirete tutto ci\u00f2 che c'\u00e8 da sapere su questo prodotto eccezionale e perch\u00e9 rappresenta il complemento perfetto per il vostro viaggio di svapo.<\/p>\n<p>Come uno dei leader<a href=\"https:\/\/alfakher24h.de\/it\/\"> Sigarette elettroniche monouso<\/a> In Germania, la Random Tornado 12000 rappresenta una nuova dimensione della vaporizzazione. Il dispositivo offre un ideale equilibrio tra facilit\u00e0 d'uso e tecnologia avanzata, per permettervi un'esperienza di vaporizzazione unica e piacevole. Che tu stia pianificando una sessione di vaporizzazione occasionale o un utilizzo prolungato, questo prodotto ti offrir\u00e0 lunga soddisfazione grazie alle sue caratteristiche pratiche e al suo impressionante profilo di gusto.<\/p>\n<h3>Perch\u00e9 il Random Tornado 12000 Z\u00fcge Einweg E-Zigarette \u00e8 la scelta migliore per te<\/h3>\n<p>Il Random Tornado 12000 Z\u00fcge Einweg E Zigarette si distingue per le sue prestazioni eccezionali e un funzionamento facile da usare. \u00c8 progettato specificamente per soddisfare le esigenze dei fumatori di sigarette elettroniche che cercano una soluzione affidabile e di alta qualit\u00e0 per l'uso quotidiano. Ecco alcune delle caratteristiche eccezionali che rendono il dispositivo una scelta eccellente.<\/p>\n<h4>Principali caratteristiche della sigaretta elettronica usa e getta Random Tornado 12000 tiri<\/h4>\n<ol>\n<li><strong>Lunga durata della capacit\u00e0 di E-Liquid<\/strong>\n<ul>\n<li>Con 20 ml di e-liquid preinstallato e un'impressionante autonomia fino a 12.000 tiri, il Random Tornado garantisce una durata eccezionalmente lunga. Ci\u00f2 significa che puoi goderti ore di piacere senza dover ricaricare o sostituire costantemente il dispositivo.<\/li>\n<\/ul>\n<\/li>\n<li><strong>Ricarica rapida con Type-C<\/strong>\n<ul>\n<li>Grazie alle moderne <strong>Tecnologia Type-C<\/strong> Possono caricare rapidamente ed efficientemente il dispositivo. La batteria integrata da 850 mAh garantisce che dopo una breve ricarica si possa continuare a svapare immediatamente. Ci\u00f2 fa risparmiare tempo e assicura di poter utilizzare il dispositivo ogni volta che se ne ha bisogno.<\/li>\n<\/ul>\n<\/li>\n<li><strong>Regolazione del flusso d'aria regolabile<\/strong>\n<ul>\n<li>La regolazione del flusso d'aria consente di adattare la resistenza al tiraggio in base alle proprie preferenze individuali. Hai la possibilit\u00e0 di scegliere tra un tiraggio pi\u00f9 restrittivo per un gusto pi\u00f9 intenso o un tiraggio pi\u00f9 arioso per un'esperienza pi\u00f9 delicata.<\/li>\n<\/ul>\n<\/li>\n<li><strong>Luci RGB per un'esperienza visiva<\/strong>\n<ul>\n<li>Le sei integrate <strong>Luci RGB<\/strong> Si accendono ad ogni tiro e danno al vaping un tocco visivo in pi\u00f9. Questa caratteristica elegante rende la Random Tornado un vero e proprio showstopper, che non \u00e8 solo funzionale ma anche visivamente attraente.<\/li>\n<\/ul>\n<\/li>\n<li><strong>Forza del nicotina per ogni gusto<\/strong>\n<ul>\n<li>Con una <strong>Nicotina 20 mg<\/strong> offre una piacevole dose di nicotina, adatta alla maggior parte dei vapers. Ci\u00f2 rende il dispositivo ideale per passare dal fumo o per i vapers che preferiscono un assorbimento moderato di nicotina.<\/li>\n<\/ul>\n<\/li>\n<\/ol>\n<h3>I vantaggi della Random Tornado 12000 Z\u00fcge Einweg E-Zigarette in dettaglio<\/h3>\n<ol>\n<li><strong>Longevit\u00e0 e alto numero di accessi<\/strong>\n<ul>\n<li>Con 12.000 tiri per dispositivo, otterrete un'eccezionalmente lunga durata di utilizzo. Ci\u00f2 significa che non dovrete acquistare dispositivi sostitutivi per un lungo periodo di tempo, il che \u00e8 sia pratico che efficiente in termini di costi.<\/li>\n<\/ul>\n<\/li>\n<li><strong>Funzione ricaricabile per la sostenibilit\u00e0<\/strong>\n<ul>\n<li>Un grande vantaggio della Random Tornado \u00e8 la funzione ricaricabile, che non solo rispetta l'ambiente, ma anche il vostro portafoglio. La ricarica del dispositivo con il connettore Type-C \u00e8 rapida e semplice, in modo che non siate costantemente dipendenti da prodotti usa e getta.<\/li>\n<\/ul>\n<\/li>\n<li><strong>Variet\u00e0 di aromi per un'esperienza di svapo varia<\/strong>\n<ul>\n<li>La sigaretta elettronica usa e getta Random Tornado \u00e8 disponibile in un'ampia gamma di sapori che faranno battere pi\u00f9 forte il cuore di ogni appassionato di svapo. Che tu preferisca aromi fruttati, dolci o rinfrescanti, qui troverai sicuramente il sapore perfetto per la tua esperienza di svapo.<\/li>\n<\/ul>\n<\/li>\n<li><strong>Design moderno per un look stiloso<\/strong>\n<ul>\n<li>Il design futuristico con le luci RGB luminose garantisce un'esperienza di svapo unica e attira l'attenzione. Sia a casa che in viaggio, il Random Tornado non \u00e8 solo funzionale, ma anche una vera dichiarazione di stile.<\/li>\n<\/ul>\n<\/li>\n<li><strong>Flusso d'aria personalizzabile per un maggiore controllo<\/strong>\n<ul>\n<li>La possibilit\u00e0 di adattare individualmente il flusso d'aria ti d\u00e0 il controllo sulla tua esperienza di svapo. Puoi regolare la resistenza al tiraggio a tuo piacimento e ottimizzare cos\u00ec l'intensit\u00e0 e il gusto secondo le tue preferenze personali.<\/li>\n<\/ul>\n<\/li>\n<\/ol>\n<h3>Il mondo dei sapori della sigaretta elettronica usa e getta Random Tornado 12000 tiri - Fragola Uva<\/h3>\n<p>La <strong>Fragola uva<\/strong>Variante del Tornado casuale <a href=\"https:\/\/alfakher24h.de\/it\/\">Sigaretta elettronica usa e getta<\/a> \u00c8 un vero capolavoro di variet\u00e0 di aromi. La combinazione perfetta della dolcezza della fragola e dell'acidit\u00e0 rinfrescante dell'uva garantisce un'esplosione di gusto che entusiasmer\u00e0 sia i neofiti che gli svapatori esperti.<\/p>\n<h4>esperienza gustativa del frutto di fragola e uva<\/h4>\n<p><strong>Fragola e uva<\/strong> Appartengono alle combinazioni di frutta pi\u00f9 popolari e la Random Tornado ha realizzato alla perfezione questa miscela. Gi\u00e0 dalla prima inalazione, si sperimenta la dolcezza e la freschezza della fragola, che si unisce delicatamente con l'acidit\u00e0 leggera dell'uva. Il gusto della fragola \u00e8 pieno e ricco, mentre l'uva garantisce una profondit\u00e0 fruttata piacevole, che aggiunge un'ulteriore dimensione all'esperienza di svapo.<\/p>\n<p>L'interazione tra i due frutti offre un'esperienza di gusto equilibrata che vizia il palato senza sovraccaricarlo. La fragola porta una dolcezza naturale che per\u00f2 non \u00e8 troppo intensa, mentre l'uva garantisce una nota rinfrescante e leggermente acidula che completa alla perfezione il retrogusto.<\/p>\n<h4>Ideale per il consumo quotidiano<\/h4>\n<p>La combinazione di fragola e uva non \u00e8 solo rinfrescante, ma anche abbastanza versatile da essere gustata durante tutta la giornata. Sia che lo utilizzi come compagno quotidiano o come piacere speciale nel mezzo, questo gusto non solo rimane impresso a lungo nella memoria, ma fa anche in modo che tu ritorni sempre al tuo <strong>Random Tornado 12000 Z\u00fcge Einweg E Zigarette \n\nbecomes \n\nRandom Tornado 12000 tiri sigaretta elettronica usa e getta<\/strong> interverranno.<\/p>\n<p>Con questo gusto fruttato non devi preoccuparti che la tua esperienza di svapo diventi monotona. Ogni tiro porta nuova gioia, e la miscela equilibrata di dolcezza e freschezza ti sorprender\u00e0 ancora e ancora.<\/p>\n<h3>Perch\u00e9 dovresti comprare la sigaretta elettronica usa e getta Random Tornado 12000 puff su alfakher24h.de<\/h3>\n<p><strong>alfakher24h.de<\/strong> \u00e8 il pi\u00f9 grande negozio online in Germania per l'acquisto di <strong>Sigarette elettroniche monouso<\/strong>Offriamo non solo <strong>Random Tornado 12000 Z\u00fcge Einweg E Zigarette \n\nbecomes \n\nRandom Tornado 12000 tiri sigaretta elettronica usa e getta<\/strong>ma anche un'ampia selezione di vapes di alta qualit\u00e0 e e-liquid. La nostra piattaforma \u00e8 nota per l'eccellente servizio clienti, metodi di pagamento sicuri e consegna rapida.<\/p>\n<p>Se stai cercando una sigaretta elettronica usa e getta affidabile, potente e dal gusto eccezionale, allora \u00e8 la <strong>Random Tornado 12000 Z\u00fcge Einweg E Zigarette \n\nbecomes \n\nRandom Tornado 12000 tiri sigaretta elettronica usa e getta<\/strong> esattamente la cosa giusta per te. Scopri ora il mondo della vaporizzazione su <a href=\"https:\/\/alfakher24h.de\/it\/\"><strong>alfakher24h.de<\/strong><\/a> - La tua prima scelta per le sigarette elettroniche monouso in Germania.<\/p>\n<p>Non perdere l'occasione di portare la tua esperienza di svapo al livello successivo. Visita il nostro sito oggi stesso e ordina il tuo <strong>Random Tornado 12000 Z\u00fcge Einweg E Zigarette \u2013 Fragola Uva<\/strong> direttamente da noi!<\/p>\n<\/div>\n<\/div>\n<\/div>\n<div class=\"mb-2 flex gap-3 empty:hidden -ml-2\">\n<div class=\"items-center justify-start rounded-xl p-1 flex\">\n<div class=\"flex items-center\"><\/div>\n<\/div>\n<\/div>","protected":false},"excerpt":{"rendered":"<p>La <strong>Random Tornado 12000 Z\u00fcge Einweg E Zigarette \u2013 Fragola Uva<\/strong> offre con 12.000 tiri, una batteria ricaricabile da 850 mAh, controllo del flusso d'aria regolabile e un gusto rinfrescante di fragola e uva un'esperienza eccezionale<\/p>","protected":false},"featured_media":1194,"comment_status":"open","ping_status":"closed","template":"","meta":{"om_disable_all_campaigns":false},"product_brand":[],"product_cat":[32],"product_tag":[],"class_list":{"0":"post-1193","1":"product","2":"type-product","3":"status-publish","4":"has-post-thumbnail","6":"product_cat-random-tornado-12000","8":"first","9":"outofstock","10":"shipping-taxable","11":"purchasable","12":"product-type-simple"},"_links":{"self":[{"href":"https:\/\/alfakher24h.de\/it\/wp-json\/wp\/v2\/product\/1193","targetHints":{"allow":["GET"]}}],"collection":[{"href":"https:\/\/alfakher24h.de\/it\/wp-json\/wp\/v2\/product"}],"about":[{"href":"https:\/\/alfakher24h.de\/it\/wp-json\/wp\/v2\/types\/product"}],"replies":[{"embeddable":true,"href":"https:\/\/alfakher24h.de\/it\/wp-json\/wp\/v2\/comments?post=1193"}],"wp:featuredmedia":[{"embeddable":true,"href":"https:\/\/alfakher24h.de\/it\/wp-json\/wp\/v2\/media\/1194"}],"wp:attachment":[{"href":"https:\/\/alfakher24h.de\/it\/wp-json\/wp\/v2\/media?parent=1193"}],"wp:term":[{"taxonomy":"product_brand","embeddable":true,"href":"https:\/\/alfakher24h.de\/it\/wp-json\/wp\/v2\/product_brand?post=1193"},{"taxonomy":"product_cat","embeddable":true,"href":"https:\/\/alfakher24h.de\/it\/wp-json\/wp\/v2\/product_cat?post=1193"},{"taxonomy":"product_tag","embeddable":true,"href":"https:\/\/alfakher24h.de\/it\/wp-json\/wp\/v2\/product_tag?post=1193"}],"curies":[{"name":"wp","href":"https:\/\/api.w.org\/{rel}","templated":true}]}}