{"id":1157,"date":"2024-12-12T12:50:27","date_gmt":"2024-12-12T12:50:27","guid":{"rendered":"https:\/\/alfakher24h.de\/?post_type=product&#038;p=1157"},"modified":"2024-12-17T06:20:13","modified_gmt":"2024-12-17T06:20:13","slug":"airmez-matrice-25000-sbuffi-usa-e-getta-e-sigaretta-cherry-vulcano","status":"publish","type":"product","link":"https:\/\/alfakher24h.de\/it\/prodotto\/airmez-matrice-25000-sbuffi-usa-e-getta-e-sigaretta-cherry-vulcano\/","title":{"rendered":"Airmez Matrix 25000 Z\u00fcge Einweg E Zigarette \u2013 Cherry Volcano \ntraduce a:\n Airmez Matrix 25000 tiri Sigaretta elettronica usa e getta - Cherry Volcano"},"content":{"rendered":"<div class=\"flex max-w-full flex-col flex-grow\">\n<div class=\"min-h-8 text-message flex w-full flex-col items-end gap-2 whitespace-normal break-words text-start [.text-message+&amp;]:mt-5\" dir=\"auto\" data-message-author-role=\"assistant\" data-message-id=\"ee84cf53-5671-44ac-b65f-cb0166117d02\" data-message-model-slug=\"gpt-4o\">\n<div class=\"flex w-full flex-col gap-1 empty:hidden first:pt-[3px]\">\n<div class=\"markdown prose w-full break-words dark:prose-invert light\">\n<h2><strong>Airmez Matrix 25000 Z\u00fcge Einweg E Zigarette \u2013 Cherry Volcano \ntraduce a:\n Airmez Matrix 25000 tiri Sigaretta elettronica usa e getta - Cherry Volcano<\/strong><\/h2>\n<div style=\"width: 1020px;\" class=\"wp-video\"><video class=\"wp-video-shortcode\" id=\"video-1157-1\" width=\"1020\" height=\"1020\" preload=\"metadata\" controls=\"controls\"><source type=\"video\/mp4\" src=\"https:\/\/alfakher24h.de\/wp-content\/uploads\/2024\/12\/Airmez-Matrix-25000-3.mp4?_=1\" \/><a href=\"https:\/\/alfakher24h.de\/wp-content\/uploads\/2024\/12\/Airmez-Matrix-25000-3.mp4\">https:\/\/alfakher24h.de\/wp-content\/uploads\/2024\/12\/Airmez-Matrix-25000-3.mp4<\/a><\/video><\/div>\n<p>La <strong>Airmez Matrix 25000 Z\u00fcge Einweg E Zigarette \u2013 Cherry Volcano \ntraduce a:\n Airmez Matrix 25000 tiri Sigaretta elettronica usa e getta - Cherry Volcano<\/strong> unisce innovazione, stile e un gusto squisito in un dispositivo compatto e facile da usare. Questa sigaretta elettronica usa e getta offre prestazioni impressionanti con fino a <strong>25.000 treni<\/strong> e tecnologia avanzata, che garantisce un'esperienza di svapo senza pari. Scopri Airmez Matrix in esclusiva su <strong>alfakher24h.de<\/strong>, la principale piattaforma per le sigarette elettroniche monouso in Germania, e scoprite la combinazione perfetta di qualit\u00e0, comfort e piacere.<\/p>\n<hr \/>\n<h2><strong>Descrizione del prodotto: Design di alta gamma e tecnologia eccezionale<\/strong><\/h2>\n<p>La Airmez Matrix 25000 \u00e8 un capolavoro tecnologico, progettato specificamente per i vaper pi\u00f9 esigenti. Combina funzioni avanzate con un design elegante e portatile, ideale per l'uso quotidiano.<\/p>\n<h3><strong>Potente e duraturo<\/strong><\/h3>\n<p>Con una capacit\u00e0 di <strong>25.000 treni in modalit\u00e0 normale<\/strong> und <strong>15.000 treni in modalit\u00e0 boost<\/strong> \u00e8 la Airmez Matrix 25000 uno dei dispositivi pi\u00f9 longevi sul mercato. Ci\u00f2 la rende la scelta perfetta per i vaper che danno valore all'affidabilit\u00e0 e all'efficienza.<\/p>\n<h3><strong>Uso facile e intuitivo<\/strong><\/h3>\n<p>L'integrato <strong>Schermo tattile da 2,1 pollici<\/strong> offre una navigazione intuitiva e visualizza informazioni importanti come il livello della batteria e il livello di riempimento dell'e-liquid a colpo d'occhio. Grazie alla <strong>controllo a estrazione attivata<\/strong> Viene eliminata la necessit\u00e0 di premere pulsanti: basta semplicemente inalare e godere.<\/p>\n<h3><strong>Esperienze di vapore squisite<\/strong><\/h3>\n<p>La <strong>Bobine a doppia maglia<\/strong> garantiscono un riscaldamento uniforme del liquido e massimizzano cos\u00ec lo sviluppo del gusto ad ogni tiro. Questo \u00e8 integrato dal <strong>flusso d'aria regolabile<\/strong>con cui \u00e8 possibile adattare individualmente la resistenza del treno.<\/p>\n<hr \/>\n<h2><strong>Evidenze delle caratteristiche dell'Airmez Matrix 25000<\/strong><\/h2>\n<h3><strong>1. Impressionante capacit\u00e0 di traino<\/strong><\/h3>\n<ul>\n<li><strong>Modalit\u00e0 normale:<\/strong> Fino a <strong>25.000 treni<\/strong> per un utilizzo prolungato.<\/li>\n<li><strong>Modalit\u00e0 boost:<\/strong> Intensivere nuvole di vapore presso <strong>15.000 treni<\/strong>.<\/li>\n<\/ul>\n<h3><strong>2. Bobine a doppia maglia<\/strong><\/h3>\n<p>Questa tecnologia avanzata garantisce una distribuzione uniforme del calore e un'esperienza di gusto intensa e coerente.<\/p>\n<h3><strong>3. Touchscreen facile da usare<\/strong><\/h3>\n<p>Der hochaufl\u00f6sende \nIl termine non necessita di traduzione, tuttavia in base alle regole fornite la risposta \u00e8:\n\n\nDer hochaufl\u00f6sende <strong>2,1 pollici schermo<\/strong> visualizza informazioni importanti come lo stato della batteria e il livello di liquido elettronico e consente un utilizzo intuitivo.<\/p>\n<h3><strong>4. Aria alimentabile regolabile<\/strong><\/h3>\n<p>Adatta il flusso d'aria secondo le tue preferenze - dalle tiri strette a un'esperienza di svapo ariosa.<\/p>\n<h3><strong>5. Ricarica USB di tipo C<\/strong><\/h3>\n<p>Con il moderno connettore USB di tipo C, il dispositivo \u00e8 velocemente ed efficientemente pronto all'uso.<\/p>\n<h3><strong>6. Livelli di nicotina del 5%<\/strong><\/h3>\n<p>con un contenuto di nicotina di <strong>50 mg<\/strong> offre la Airmez Matrix 25000 un forte e soddisfacente colpo di nicotina, ideale per ex fumatori e vaper esperti.<\/p>\n<h3><strong>7. Design portatile<\/strong><\/h3>\n<p>Il design snello ed elegante rende la sigaretta elettronica un compagno pratico da portare in giro.<\/p>\n<hr \/>\n<h2><strong>Descrizione del gusto: Cherry Volcano - Un vulcano di aromi<\/strong><\/h2>\n<p>Il sapore <strong>Cherry Volcano<\/strong> \u00c8 un mix unico di dolcezza ricca di ciliegie mature e una nota fresca e frizzante che ravviva i sensi. Ad ogni tiro si sviluppa un aroma intenso che funziona come un'esplosione di sapore: vivo, vigoroso e indimenticabile.<\/p>\n<h3><strong>Il profilo di gusto di Cherry Volcano:<\/strong><\/h3>\n<ul>\n<li><strong>Ciliege mature<\/strong> Il gusto pieno e dolce di ciliegie succose costituisce la base di questa miscela e garantisce un piacere inconfondibile.<\/li>\n<li><strong>Spritzige Frische: \n Freschezza spruzzante:<\/strong> Una nota rinfrescante e leggermente acida completa la dolcezza in modo perfetto e porta un equilibrio emozionante nel profilo del gusto.<\/li>\n<li><strong>Perfetta armonia:<\/strong> La combinazione di profondit\u00e0 fruttata e freschezza frizzante rende Cherry Volcano la scelta ideale per tutti coloro che cercano un gusto potente e rinfrescante.<\/li>\n<\/ul>\n<p>Questo gusto \u00e8 particolarmente adatto ai vaper che cercano un sapore intenso ma equilibrato, allo stesso tempo dolce e straordinariamente rinfrescante. Cherry Volcano \u00e8 fatto apposta per i momenti speciali e per quelli di piacere quotidiano.<\/p>\n<hr \/>\n<h2><strong>Perch\u00e9 acquistare Airmez Matrix 25000 su alfakher24h.de?<\/strong><\/h2>\n<p><strong>alfakher24h.de<\/strong> \u00e8 la pi\u00f9 grande piattaforma online tedesca per sigarette elettroniche monouso e offre:<\/p>\n<ul>\n<li><strong>Qualit\u00e0 premium:<\/strong> Tutti i prodotti provengono direttamente dal produttore e garantiscono i pi\u00f9 alti standard.<\/li>\n<li><strong>Consegna rapida:<\/strong> Spedizione dalla Germania entro 3-7 giorni.<\/li>\n<li><strong>Selezione esclusiva:<\/strong> Marche come <strong>Airmez Matrix<\/strong>, <strong>Al Fakher<\/strong> und <strong>Fizzy<\/strong>.<\/li>\n<li><strong>Supporto clienti:<\/strong> Il nostro team \u00e8 a disposizione per rispondere alle sue domande in qualsiasi momento.<\/li>\n<\/ul>\n<p>Ordinate oggi stesso l'Airmez Matrix 25000 e scoprite perch\u00e9 siamo il numero uno in Germania!<\/p>\n<hr \/>\n<h2><strong>Fazit: Perfektion in tecnica e gusto<\/strong><\/h2>\n<p>La <strong>Airmez Matrix 25000 Z\u00fcge Einweg E Zigarette \u2013 Cherry Volcano \ntraduce a:\n Airmez Matrix 25000 tiri Sigaretta elettronica usa e getta - Cherry Volcano<\/strong> offre un'esperienza di svapo che combina armoniosamente tecnologia, design e gusto. Con la sua impressionante capacit\u00e0 di tiro, caratteristiche innovative come il touchscreen e il gusto unico di Cherry Volcano, questa sigaretta elettronica stabilisce nuovi standard.<\/p>\n<p>Scoprite come la Airmez Matrix 25000 pu\u00f2 rivoluzionare la vostra esperienza di svapo. Ordinate ora su <strong>alfakher24h.de<\/strong> e godete della perfetta combinazione di qualit\u00e0, comfort e piacere.<\/p>\n<\/div>\n<\/div>\n<\/div>\n<\/div>\n<div class=\"mb-2 flex gap-3 empty:hidden -ml-2\">\n<div class=\"items-center justify-start rounded-xl p-1 flex\">\n<div class=\"flex items-center\"><\/div>\n<\/div>\n<\/div>","protected":false},"excerpt":{"rendered":"<p>La <strong>Airmez Matrix 25000 Z\u00fcge Einweg E Zigarette \u2013 Cherry Volcano \ntraduce a:\n Airmez Matrix 25000 tiri Sigaretta elettronica usa e getta - Cherry Volcano<\/strong> offre un'esperienza di vapore intensa con il dolce ripieno di ciliegie mature e una freschezza spruzzante, combinata con la tecnologia pi\u00f9 moderna per un piacere duraturo.<\/p>","protected":false},"featured_media":1158,"comment_status":"open","ping_status":"closed","template":"","meta":{"om_disable_all_campaigns":false},"product_brand":[],"product_cat":[30],"product_tag":[],"class_list":{"0":"post-1157","1":"product","2":"type-product","3":"status-publish","4":"has-post-thumbnail","6":"product_cat-airmez-matrix-25000","8":"first","9":"instock","10":"shipping-taxable","11":"purchasable","12":"product-type-simple"},"_links":{"self":[{"href":"https:\/\/alfakher24h.de\/it\/wp-json\/wp\/v2\/product\/1157","targetHints":{"allow":["GET"]}}],"collection":[{"href":"https:\/\/alfakher24h.de\/it\/wp-json\/wp\/v2\/product"}],"about":[{"href":"https:\/\/alfakher24h.de\/it\/wp-json\/wp\/v2\/types\/product"}],"replies":[{"embeddable":true,"href":"https:\/\/alfakher24h.de\/it\/wp-json\/wp\/v2\/comments?post=1157"}],"wp:featuredmedia":[{"embeddable":true,"href":"https:\/\/alfakher24h.de\/it\/wp-json\/wp\/v2\/media\/1158"}],"wp:attachment":[{"href":"https:\/\/alfakher24h.de\/it\/wp-json\/wp\/v2\/media?parent=1157"}],"wp:term":[{"taxonomy":"product_brand","embeddable":true,"href":"https:\/\/alfakher24h.de\/it\/wp-json\/wp\/v2\/product_brand?post=1157"},{"taxonomy":"product_cat","embeddable":true,"href":"https:\/\/alfakher24h.de\/it\/wp-json\/wp\/v2\/product_cat?post=1157"},{"taxonomy":"product_tag","embeddable":true,"href":"https:\/\/alfakher24h.de\/it\/wp-json\/wp\/v2\/product_tag?post=1157"}],"curies":[{"name":"wp","href":"https:\/\/api.w.org\/{rel}","templated":true}]}}