{"id":367,"date":"2024-09-18T09:00:13","date_gmt":"2024-09-18T09:00:13","guid":{"rendered":"https:\/\/alfakher24h.de\/?post_type=product&#038;p=367"},"modified":"2025-07-23T04:17:51","modified_gmt":"2025-07-23T04:17:51","slug":"al-fakher-koronarud-12000-szivas-eldobhato-e-cigi-nikotinnal-citromos-mentaval","status":"publish","type":"product","link":"https:\/\/alfakher24h.de\/hu\/termek\/al-fakher-koronarud-12000-szivas-eldobhato-e-cigi-nikotinnal-citromos-mentaval\/","title":{"rendered":"AL Fakher Crown Bar 12000 h\u00faz\u00e1s eldobhat\u00f3 e-cigaretta nikotinnal - Citrom Menta"},"content":{"rendered":"<h2><strong><a href=\"https:\/\/alfakher24h.de\/hu\/termekkategoria\/ai-fakher-koronarud-12000\/\">AL Fakher Crown Bar 12000 h\u00faz\u00e1s<\/a> Egyszer haszn\u00e1latos e-cigaretta nikotinnal - Citrom Menta<\/strong><\/h2>\n<h3>A g\u0151z\u00f6l\u00e9s j\u00f6v\u0151j\u00e9nek bemutat\u00e1sa<\/h3>\n<p>AL Fakher Crown Bar 12000 h\u00faz\u00e1s <a href=\"https:\/\/alfakher24h.de\/hu\/\">Eldobhat\u00f3 e-cigaretta<\/a> \u00daj m\u00e9rc\u00e9ket \u00e1ll\u00edt fel az egyszer haszn\u00e1latos vape-ok vil\u00e1g\u00e1ban, \u00e9s p\u00e1ratlan g\u0151z\u00f6l\u00e9si \u00e9lm\u00e9nyt ny\u00fajt. Ez a fejlett eszk\u00f6z \u00f6tv\u00f6zi a leg\u00fajabb technol\u00f3gi\u00e1t a hagyom\u00e1nyos v\u00edzipipa \u00e9lvezet\u00e9vel, \u00edgy t\u00f6k\u00e9letes v\u00e1laszt\u00e1s a n\u00e9metorsz\u00e1gi ig\u00e9nyes g\u0151z\u00f6l\u0151k sz\u00e1m\u00e1ra.  A 12 000 sz\u00edv\u00e1s\/egys\u00e9g leny\u0171g\u00f6z\u0151 kapacit\u00e1s\u00e1val a Crown Bar 12000 PRO minden eddigi egyszer haszn\u00e1latos vape-ot fel\u00fclm\u00fal. Ak\u00e1r rendszeres felhaszn\u00e1l\u00f3, ak\u00e1r csak egy hossz\u00fa \u00e9lettartam\u00fa \u00e9s megb\u00edzhat\u00f3 eszk\u00f6z ut\u00e1n kutatsz, az AL Fakher Crown Bar 12000 minden v\u00e1rakoz\u00e1sodat fel\u00fclm\u00falja.<\/p>\n<h2><strong>AL Fakher Crown Bar 12000 h\u00faz\u00e1s <\/strong>Term\u00e9kle\u00edr\u00e1s<\/h2>\n<p>Az AL Fakher Crown Bar 12000 PRO nem csup\u00e1n egy term\u00e9k, hanem egy \u00e9lm\u00e9ny. Ez az egyszer haszn\u00e1latos vape k\u00e9sz\u00fcl\u00e9k a funkcionalit\u00e1s \u00e9s a st\u00edlus t\u00f6k\u00e9letes kombin\u00e1ci\u00f3j\u00e1t k\u00edn\u00e1lja \u00d6nnek. Az innovat\u00edv 0,6 ohmos mesh coil technol\u00f3gi\u00e1j\u00e1val a Crown Bar 12000 PRO gazdag, \u00edzletes \u00e9s s\u0171r\u0171 g\u0151zfelh\u0151ket produk\u00e1l, amelyek minden sz\u00edv\u00e1st k\u00fcl\u00f6nlegess\u00e9 tesznek. A fejlett coil technol\u00f3gia biztos\u00edtja az e-liquid egyenletes p\u00e1rolg\u00e1s\u00e1t \u00e9s maximaliz\u00e1lja az aromakibocs\u00e1t\u00e1st minden sz\u00edv\u00e1sn\u00e1l.<\/p>\n<p>A k\u00e9sz\u00fcl\u00e9k digit\u00e1lis kijelz\u0151vel van felszerelve, amely b\u00e1rmikor \u00e1ttekint\u00e9st ny\u00fajt az akkumul\u00e1tor \u00e9lettartam\u00e1r\u00f3l \u00e9s a folyad\u00e9kszintr\u0151l. \u00cdgy mindig pontosan tudja, mikor kell ut\u00e1nt\u00f6lteni vagy felt\u00f6lteni. A Crown Bar 12000 PRO k\u00f6nny\u0171 \u00e9s karcs\u00fa kialak\u00edt\u00e1sa k\u00e9nyelmes kezel\u00e9st \u00e9s eleg\u00e1ns megjelen\u00e9st biztos\u00edt, amely t\u00f6k\u00e9letes a mindennapokra \u00e9s \u00fatk\u00f6zben is.<\/p>\n<p>A Type-C gyors t\u00f6lt\u0151csatlakoz\u00f3nak k\u00f6sz\u00f6nhet\u0151en az eszk\u00f6zt vill\u00e1mgyorsan felt\u00f6ltheti, hogy mindig k\u00e9szen \u00e1lljon. A Direct-to-Lung (DTL) vaporiz\u00e1ci\u00f3s st\u00edlus intenz\u00edv \u00edz\u00e9lm\u00e9nyt ny\u00fajt, \u00e9s a legig\u00e9nyesebb g\u0151z\u00f6l\u0151k elv\u00e1r\u00e1sainak is megfelel.<\/p>\n<h2><strong>AL Fakher Crown Bar 12000 h\u00faz\u00e1s <\/strong>K\u00fcl\u00f6nleges jellemz\u0151k<\/h2>\n<ul>\n<li><strong>12 000 vonat menetrendenk\u00e9nt:<\/strong> Az egyik leghosszabb \u00e9lettartam\u00fa eldobhat\u00f3 eszk\u00f6z a piacon, amely l\u00e9nyegesen nagyobb sz\u00e1m\u00fa sz\u00edv\u00e1st biztos\u00edt, mint a legt\u00f6bb hagyom\u00e1nyos vape.<\/li>\n<li><strong>\u00dajrat\u00f6lthet\u0151 akkumul\u00e1tor:<\/strong> A gyors t\u00f6lt\u00e9s lehet\u0151s\u00e9ge az USB-t\u00edpus\u00fa C csatlakoz\u00f3n kereszt\u00fcl biztos\u00edtja a k\u00e9sz\u00fcl\u00e9k \u00e9lettartam\u00e1nak meghosszabb\u00edt\u00e1s\u00e1t.<\/li>\n<li><strong>0,6 Ohm Mesh-tekercs technol\u00f3gia:<\/strong> Biztos\u00edtja a s\u0171r\u0171, \u00edzletes g\u0151zfelh\u0151ket \u00e9s egy p\u00e1ratlan g\u0151z\u00f6l\u00e9si \u00e9lm\u00e9nyt.<\/li>\n<li><strong>Digit\u00e1lis kijelz\u0151:<\/strong> Lehet\u0151v\u00e9 teszi, hogy b\u00e1rmikor szemmel tartsa az akkumul\u00e1tor \u00e1llapot\u00e1t \u00e9s a t\u00f6lt\u00f6tts\u00e9gi szintet.<\/li>\n<li><strong>K\u00f6nny\u0171 \u00e9s karcs\u00fa kialak\u00edt\u00e1s:<\/strong> Eleg\u00e1ns \u00e9s egyszer\u0171 a kezel\u00e9se, ide\u00e1lis a mindennapi haszn\u00e1latra \u00e9s \u00fatk\u00f6zben is.<\/li>\n<li><strong>Hookah Sound Waves: \nv\u00edzvezet\u00e9k hanghull\u00e1mok<\/strong> Egy integr\u00e1lt rendszer, amely a v\u00edzipipa-\u00e9lm\u00e9nyt ut\u00e1nozza \u00e9s egyedi hangulatot teremt.<\/li>\n<li><strong>DTL-Vaping:<\/strong> Az intenz\u00edvebb \u00edz\u00e9lm\u00e9ny \u00e9s az er\u0151teljesebb aromakibont\u00e1s \u00e9rdek\u00e9ben.<\/li>\n<\/ul>\n<h2><strong>AL Fakher Crown Bar 12000 Z\u00fcg \n\n(AL Fakher Crown Bar 12000 Zug) <\/strong>\u00cdz\u00e9lm\u00e9ny: Citrom Menta<\/h2>\n<p>A Lemon Mint \u00edzes\u00edt\u00e9s\u0171 <a href=\"https:\/\/alfakher24h.de\/hu\/\">AL Fakher<\/a> A Crown Bar 12000 PRO friss\u00edt\u0151 \u00e9s \u00e9l\u00e9nk\u00edt\u0151 g\u0151z\u00f6l\u00e9si \u00e9lm\u00e9nyt ny\u00fajt, amelyet a spriccel\u0151 citrom \u00e9s a h\u0171s mentol \u00edz t\u00f6k\u00e9letes egyens\u00falya jellemez. A citrom citrusos \u00e9less\u00e9ge \u00e9l\u00e9nk frissess\u00e9get biztos\u00edt, m\u00edg a menta kellemes h\u0171v\u00f6ss\u00e9get ad, amely kellemesen stimul\u00e1lja az \u00ednyet. A Lemon Mint aromaprofil minden egyes h\u00faz\u00e1sa \u00faj dimenzi\u00f3t hoz a frissess\u00e9gb\u0151l, amely egyszerre revitaliz\u00e1l \u00e9s ellaz\u00edt. A gondosan \u00f6sszehangolt citrom \u00e9s menta kombin\u00e1ci\u00f3 biztos\u00edtja, hogy ez az \u00edz mind a forr\u00f3 ny\u00e1ri napokon, mind a hideg \u00e9vszakban \u00f6r\u00f6m legyen.<\/p>\n<p>AL Fakher Crown Bar 12000 Z\u00fcge <a href=\"https:\/\/alfakher24h.de\/hu\/\">Eldobhat\u00f3 e-cigaretta<\/a> \u00c9lvezze nemcsak egy fejlett vape kiv\u00e1l\u00f3 teljes\u00edtm\u00e9ny\u00e9t, hanem egy olyan \u00edz\u00e9lm\u00e9nyt is, amely frissess\u00e9g\u00e9vel \u00e9s \u00f6sszetetts\u00e9g\u00e9vel leny\u0171g\u00f6z. Az aroma s\u0171r\u0171s\u00e9ge \u00e9s intenzit\u00e1sa \u00e1lland\u00f3 marad, \u00edgy minden sz\u00edv\u00e1s folyamatosan magas min\u0151s\u00e9get biztos\u00edt. A citrom \u00e9s menta kombin\u00e1ci\u00f3ja t\u00f6k\u00e9letesen kiegyens\u00falyozott, \u00e9s minden szempontb\u00f3l friss\u00edt\u0151 g\u0151z\u00f6l\u00e9si \u00e9lm\u00e9nyt ny\u00fajt.<\/p>\n<p><img loading=\"lazy\" decoding=\"async\" class=\"alignnone size-full wp-image-369\" src=\"https:\/\/alfakher24h.de\/wp-content\/uploads\/2024\/09\/AL-Fakher-Crown-Bar-12000-Zuege-Einweg-E-Zigarette-Mit-Nikotin-Lemon-Mint-2.webp\" alt=\"AL Fakher Crown Bar 12000 h\u00faz\u00e1s eldobhat\u00f3 e-cigaretta nikotinnal - Citrom Menta\" width=\"1837\" height=\"2522\" title=\"\" srcset=\"https:\/\/alfakher24h.de\/wp-content\/uploads\/2024\/09\/AL-Fakher-Crown-Bar-12000-Zuege-Einweg-E-Zigarette-Mit-Nikotin-Lemon-Mint-2.webp 1837w, https:\/\/alfakher24h.de\/wp-content\/uploads\/2024\/09\/AL-Fakher-Crown-Bar-12000-Zuege-Einweg-E-Zigarette-Mit-Nikotin-Lemon-Mint-2-219x300.webp 219w, https:\/\/alfakher24h.de\/wp-content\/uploads\/2024\/09\/AL-Fakher-Crown-Bar-12000-Zuege-Einweg-E-Zigarette-Mit-Nikotin-Lemon-Mint-2-746x1024.webp 746w, https:\/\/alfakher24h.de\/wp-content\/uploads\/2024\/09\/AL-Fakher-Crown-Bar-12000-Zuege-Einweg-E-Zigarette-Mit-Nikotin-Lemon-Mint-2-768x1054.webp 768w, https:\/\/alfakher24h.de\/wp-content\/uploads\/2024\/09\/AL-Fakher-Crown-Bar-12000-Zuege-Einweg-E-Zigarette-Mit-Nikotin-Lemon-Mint-2-1119x1536.webp 1119w, https:\/\/alfakher24h.de\/wp-content\/uploads\/2024\/09\/AL-Fakher-Crown-Bar-12000-Zuege-Einweg-E-Zigarette-Mit-Nikotin-Lemon-Mint-2-1492x2048.webp 1492w, https:\/\/alfakher24h.de\/wp-content\/uploads\/2024\/09\/AL-Fakher-Crown-Bar-12000-Zuege-Einweg-E-Zigarette-Mit-Nikotin-Lemon-Mint-2-600x824.webp 600w\" sizes=\"auto, (max-width: 1837px) 100vw, 1837px\" \/><\/p>\n<h2><strong>AL Fakher Crown Bar 12000 h\u00faz\u00e1s <\/strong>V\u00e1s\u00e1roljon most az AL Fakher-n\u00e9l<\/h2>\n<p>Saj\u00e1t tapasztalatb\u00f3l tudja meg, mi\u00e9rt az AL Fakher Crown Bar 12000 h\u00faz\u00e1s <a href=\"https:\/\/alfakher24h.de\/hu\/\">Egyszer haszn\u00e1latos e-cigaretta nikotinnal<\/a> N\u00e9metorsz\u00e1gban az ig\u00e9nyes g\u0151z\u00f6l\u0151k els\u0151 v\u00e1laszt\u00e1sa. L\u00e1togassa meg <a href=\"https:\/\/alfakher24h.de\/hu\/\" target=\"_new\" rel=\"noopener\">alfakher24h.de<\/a>N\u00e9metorsz\u00e1g legnagyobb online kiskereskedelmi platformja az eldobhat\u00f3 e-cigarett\u00e1khoz, \u00e9s biztos\u00edtsa mag\u00e1nak az AL Fakher Crown Bar 12000 h\u00faz\u00e1s Lemon Mint \u00edz\u0171 p\u00e9ld\u00e1ny\u00e1t. Weboldalunk nemcsak hogy sz\u00e9les v\u00e1laszt\u00e9kot k\u00edn\u00e1l a kiv\u00e1l\u00f3 min\u0151s\u00e9g\u0171 vape term\u00e9kekb\u0151l, hanem kiv\u00e1l\u00f3 \u00fcgyf\u00e9lszolg\u00e1latot \u00e9s gyors sz\u00e1ll\u00edt\u00e1st is ny\u00fajt. V\u00e1s\u00e1roljon m\u00e9g ma \u00e9s tapasztalja meg a g\u0151z\u00f6l\u00e9st a legjobb form\u00e1j\u00e1ban!<\/p>","protected":false},"excerpt":{"rendered":"<p>Az AL Fakher Crown Bar 12000 Z\u00fcge Einweg E-Zigarette nikotinnal ell\u00e1tott, hossz\u00fa \u00e9lettartam\u00fa \u00e9s intenz\u00edv g\u0151z\u00f6l\u00e9si \u00e9lm\u00e9nyt ny\u00fajt friss\u00edt\u0151 citrom menta \u00edzzel \u00e9s korszer\u0171 0,6 ohmos mesh-tekercs technol\u00f3gi\u00e1val.<\/p>","protected":false},"featured_media":368,"comment_status":"open","ping_status":"closed","template":"","meta":{"om_disable_all_campaigns":false},"product_brand":[],"product_cat":[20],"product_tag":[],"class_list":{"0":"post-367","1":"product","2":"type-product","3":"status-publish","4":"has-post-thumbnail","6":"product_cat-ai-fakher-crown-bar-12000","8":"first","9":"instock","10":"shipping-taxable","11":"purchasable","12":"product-type-simple"},"_links":{"self":[{"href":"https:\/\/alfakher24h.de\/hu\/wp-json\/wp\/v2\/product\/367","targetHints":{"allow":["GET"]}}],"collection":[{"href":"https:\/\/alfakher24h.de\/hu\/wp-json\/wp\/v2\/product"}],"about":[{"href":"https:\/\/alfakher24h.de\/hu\/wp-json\/wp\/v2\/types\/product"}],"replies":[{"embeddable":true,"href":"https:\/\/alfakher24h.de\/hu\/wp-json\/wp\/v2\/comments?post=367"}],"wp:featuredmedia":[{"embeddable":true,"href":"https:\/\/alfakher24h.de\/hu\/wp-json\/wp\/v2\/media\/368"}],"wp:attachment":[{"href":"https:\/\/alfakher24h.de\/hu\/wp-json\/wp\/v2\/media?parent=367"}],"wp:term":[{"taxonomy":"product_brand","embeddable":true,"href":"https:\/\/alfakher24h.de\/hu\/wp-json\/wp\/v2\/product_brand?post=367"},{"taxonomy":"product_cat","embeddable":true,"href":"https:\/\/alfakher24h.de\/hu\/wp-json\/wp\/v2\/product_cat?post=367"},{"taxonomy":"product_tag","embeddable":true,"href":"https:\/\/alfakher24h.de\/hu\/wp-json\/wp\/v2\/product_tag?post=367"}],"curies":[{"name":"wp","href":"https:\/\/api.w.org\/{rel}","templated":true}]}}