{"id":342,"date":"2024-09-18T07:46:38","date_gmt":"2024-09-18T07:46:38","guid":{"rendered":"https:\/\/alfakher24h.de\/?post_type=product&#038;p=342"},"modified":"2025-07-23T04:17:51","modified_gmt":"2025-07-23T04:17:51","slug":"al-fakher-koronarud-12000-szivas-eldobhato-e-cigi-nikotinos-feketeribizli-jeggel","status":"publish","type":"product","link":"https:\/\/alfakher24h.de\/hu\/termek\/al-fakher-koronarud-12000-szivas-eldobhato-e-cigi-nikotinos-feketeribizli-jeggel\/","title":{"rendered":"AL Fakher Crown Bar 12000 h\u00faz\u00e1s eldobhat\u00f3 e-cigaretta nikotinnal - Fekete ribizli j\u00e9g"},"content":{"rendered":"<h2><strong><a href=\"https:\/\/alfakher24h.de\/hu\/termekkategoria\/ai-fakher-koronarud-12000\/\">AL Fakher Crown Bar 12000 h\u00faz\u00e1s eldobhat\u00f3<\/a> E-cigaretta nikotinnal \u2013 Fekete Ribizli J\u00e9g<\/strong><\/h2>\n<h3>Innov\u00e1ci\u00f3 \u00e9s \u00edz harm\u00f3ni\u00e1ja<\/h3>\n<p>A <strong>AL Fakher Crown Bar 12000 h\u00faz\u00e1s <a href=\"https:\/\/alfakher24h.de\/hu\/\">Eldobhat\u00f3 e-cigaretta<\/a><\/strong> Az ig\u00e9nyes vaperek sz\u00e1m\u00e1ra t\u00f6k\u00e9letes v\u00e1laszt\u00e1s, akik intenz\u00edv \u00edz\u00e1rnyalatokra \u00e9s els\u0151 oszt\u00e1ly\u00fa technol\u00f3gi\u00e1ra v\u00e1gynak.  Legfeljebb 12 000 sz\u00edv\u00e1ssal rendelkez\u0151 leny\u0171g\u00f6z\u0151 k\u00e9szlettel ez az eszk\u00f6z \u00faj m\u00e9rc\u00e9t \u00e1ll\u00edt fel a tart\u00f3ss\u00e1g \u00e9s a felhaszn\u00e1l\u00f3bar\u00e1ts\u00e1g ter\u00e9n.  Az eldobhat\u00f3 e-cigaretta \u00f6tv\u00f6zi a modern technol\u00f3gi\u00e1t a klasszikus doh\u00e1nyz\u00e1si \u00e9lm\u00e9nnyel, amely hasonl\u00f3 a v\u00edzipipa doh\u00e1nyz\u00e1s \u00e9rz\u00e9s\u00e9hez.  K\u00fcl\u00f6n\u00f6sen a \"Blackcurrant Ice\" \u00edz teszi minden sz\u00edv\u00e1st friss \u00e9s gy\u00fcm\u00f6lcs\u00f6s \u00e9lm\u00e9nny\u00e9.<\/p>\n<p>K\u00f6sz\u00f6nhet\u0151en neki <strong>nagy teljes\u00edtm\u00e9ny\u0171, \u00fajrat\u00f6lthet\u0151 akkumul\u00e1torokkal<\/strong> A Crown Bar 12000 PRO magas sz\u00ednvonal\u00fa megmunk\u00e1l\u00e1s\u00e1nak k\u00f6sz\u00f6nhet\u0151en folyamatos, egyenletes teljes\u00edtm\u00e9nyt ny\u00fajt. Az ergonomikus kialak\u00edt\u00e1s k\u00e9nyelmesen illeszkedik a k\u00e9zbe, \u00e9s biztos\u00edtja a k\u00f6nny\u0171 haszn\u00e1latot \u00fatk\u00f6zben is.<\/p>\n<p><img loading=\"lazy\" decoding=\"async\" class=\"alignnone size-full wp-image-344\" src=\"https:\/\/alfakher24h.de\/wp-content\/uploads\/2024\/09\/AL-Fakher-Crown-Bar-12000-Zuege-Einweg-E-Zigarette-Mit-Nikotin-Blackcurrant-Ice-2.webp\" alt=\"AL Fakher Crown Bar 12000 h\u00faz\u00e1s eldobhat\u00f3 e-cigaretta nikotinnal - Fekete ribizli j\u00e9g\" width=\"600\" height=\"600\" title=\"\" srcset=\"https:\/\/alfakher24h.de\/wp-content\/uploads\/2024\/09\/AL-Fakher-Crown-Bar-12000-Zuege-Einweg-E-Zigarette-Mit-Nikotin-Blackcurrant-Ice-2.webp 600w, https:\/\/alfakher24h.de\/wp-content\/uploads\/2024\/09\/AL-Fakher-Crown-Bar-12000-Zuege-Einweg-E-Zigarette-Mit-Nikotin-Blackcurrant-Ice-2-300x300.webp 300w, https:\/\/alfakher24h.de\/wp-content\/uploads\/2024\/09\/AL-Fakher-Crown-Bar-12000-Zuege-Einweg-E-Zigarette-Mit-Nikotin-Blackcurrant-Ice-2-150x150.webp 150w, https:\/\/alfakher24h.de\/wp-content\/uploads\/2024\/09\/AL-Fakher-Crown-Bar-12000-Zuege-Einweg-E-Zigarette-Mit-Nikotin-Blackcurrant-Ice-2-100x100.webp 100w\" sizes=\"auto, (max-width: 600px) 100vw, 600px\" \/><\/p>\n<hr \/>\n<h3><strong>AL Fakher Crown Bar 12000 h\u00faz\u00e1s eldobhat\u00f3 Mi\u00e9rt v\u00e1lassza az AL Fakher Crown Bar 12000-et?<\/strong><\/h3>\n<p>A <strong>AL Fakher Crown Bar 12000 PRO eldobhat\u00f3 e-cigaretta<\/strong> Sz\u00e1mos kiemelked\u0151 funkci\u00f3val rendelkezik, amelyek megk\u00fcl\u00f6nb\u00f6ztetik m\u00e1s egyszer haszn\u00e1latos vape term\u00e9kekt\u0151l a piacon. Ezek a pontok vil\u00e1goss\u00e1 teszik, mi\u00e9rt \u00e9rdemes ezt a term\u00e9ket v\u00e1lasztanod:<\/p>\n<h3>Hossz\u00fa \u00e9lettartam\u00fa puffaszt\u00e1si kapacit\u00e1s<\/h3>\n<p>Egy kapacit\u00e1ssal rendelkez\u0151 <strong>12 000 vonat<\/strong> Ez a modell a leger\u0151sebbek k\u00f6z\u00e9 tartozik <a href=\"https:\/\/alfakher24h.de\/hu\/\">Egyszer haszn\u00e1latos e-cigaretta nikotinnal<\/a>A jelenleg el\u00e9rhet\u0151 legnagyobb, messze t\u00falhaladja a legt\u00f6bb vaporiz\u00e1l\u00f3 napi sz\u00fcks\u00e9glet\u00e9t, ami azt jelenti, hogy hosszabb ideig \u00e9lvezheted az egyes k\u00e9sz\u00fcl\u00e9keket, miel\u0151tt \u00fajat kellene v\u00e1s\u00e1rolnod.<\/p>\n<h3>Intenz\u00edv \u00edz \u00e9s s\u0171r\u0171 felh\u0151k<\/h3>\n<p>A <strong>0,6 ohmos h\u00e1l\u00f3s tekercs<\/strong> A Crown Bar 12000 belsej\u00e9ben el\u0151seg\u00edti az \u00f6sszehasonl\u00edthatatlan \u00edzvil\u00e1got, \u00e9s lehet\u0151v\u00e9 teszi a s\u0171r\u0171, \u00edzben gazdag g\u0151zfelh\u0151k l\u00e9trehoz\u00e1s\u00e1t. Minden sz\u00edv\u00e1s sor\u00e1n a folyad\u00e9k teljes intenzit\u00e1sa \u00e9rv\u00e9nyes\u00fcl.<\/p>\n<h3>Modern \u00e9s ergonomikus kialak\u00edt\u00e1s<\/h3>\n<p>A v\u00e9kony \u00e9s k\u00f6nny\u0171 kialak\u00edt\u00e1s\u00fa eldobhat\u00f3 e-cigaretta k\u00f6nnyed\u00e9n belef\u00e9r b\u00e1rmely zsebbe. Az ergonomikusan kialak\u00edtott sz\u00e1jr\u00e9sz maxim\u00e1lis k\u00e9nyelmet \u00e9s kellemes haszn\u00e1latot biztos\u00edt, ak\u00e1r otthon, ak\u00e1r \u00fatk\u00f6zben.<\/p>\n<h3>\u00fajrat\u00f6lthet\u0151 \u00e9s karbantart\u00e1smentes<\/h3>\n<p>Trotz ihrer enormen Puff-Kapazit\u00e4t ist die Crown Bar 12000 \nMagyar: \nA Crown Bar 12000 <strong>\u00fajrat\u00f6lthet\u0151<\/strong>. A <strong>USB Type-C csatlakoz\u00f3<\/strong> Lehet\u0151v\u00e9 teszi a gyors \u00e9s egyszer\u0171 t\u00f6lt\u00e9st. Ugyanakkor a k\u00e9sz\u00fcl\u00e9k karbantart\u00e1st nem ig\u00e9nyel - t\u00f6k\u00e9letes azoknak a vapereknek, akik nem szeretn\u00e9nek foglalkozni k\u00e9sz\u00fcl\u00e9k\u00fck karbantart\u00e1s\u00e1val.<\/p>\n<h3>Digit\u00e1lis kijelz\u0151<\/h3>\n<p>Kiemelt \u00e9rdekess\u00e9g a <strong>digit\u00e1lis kijelz\u0151<\/strong>, amely mind az akkumul\u00e1tor \u00e1llapot\u00e1t, mind a folyad\u00e9k szintj\u00e9t kijelzi. \u00cdgy b\u00e1rmikor teljes ellen\u0151rz\u00e9s alatt tarthatod a g\u0151z\u00f6l\u00e9si \u00e9lm\u00e9nyedet, \u00e9s biztos\u00edthatod, hogy a g\u0151z\u00f6r\u00f6m soha ne \u00e9rjen v\u00e9get.<\/p>\n<hr \/>\n<h3><strong>AL Fakher Crown Bar 12000 h\u00faz\u00e1s Egyszer haszn\u00e1latos M\u0171szaki r\u00e9szletek egy pillant\u00e1sra<\/strong><\/h3>\n<ul>\n<li><strong>Vonatok:<\/strong> Legfeljebb 12 000<\/li>\n<li><strong>Nikotin<\/strong> 5 mg (0,5 %)<\/li>\n<li><strong>Spule<\/strong> 0,6 ohmos h\u00e1l\u00f3s tekercs<\/li>\n<li><strong>Felt\u00f6lt\u00e9s:<\/strong> USB-t\u00edpus C<\/li>\n<li><strong>Megjelen\u00edt\u00e9s:<\/strong> Digit\u00e1lis kijelz\u0151 az akkumul\u00e1tor \u00e9s a folyad\u00e9kszint figyel\u00e9s\u00e9re<\/li>\n<li><strong>\u00fajrat\u00f6lthet\u0151<\/strong><\/li>\n<li><strong>Karbantart\u00e1smentes<\/strong><\/li>\n<li><strong>K\u00f6nny\u0171 \u00e9s hordozhat\u00f3<\/strong><\/li>\n<\/ul>\n<p>Ez a modell ide\u00e1lis kombin\u00e1ci\u00f3j\u00e1t ny\u00fajtja a felhaszn\u00e1l\u00f3bar\u00e1t kialak\u00edt\u00e1snak, a teljes\u00edtm\u00e9nynek \u00e9s a designnak, ami a t\u00f6k\u00e9letes v\u00e1laszt\u00e1s alkalmi \u00e9s rendszeres g\u0151z\u00f6l\u0151 felhaszn\u00e1l\u00f3k sz\u00e1m\u00e1ra. <strong>Rendeljen most <a href=\"https:\/\/alfakher24h.de\/hu\/\">alfakher24h.de<\/a><\/strong>, a vezet\u0151 eldobhat\u00f3 vape platform N\u00e9metorsz\u00e1gban, \u00e9s tapasztalja meg a k\u00fcl\u00f6nbs\u00e9get.<\/p>\n<hr \/>\n<h2>\u00cdz\u00e9lm\u00e9ny - Fekete Ribizli J\u00e9g<\/h2>\n<p>A <strong>Fekete ribizli j\u00e9g<\/strong> igaz\u00e1n felmutatja mag\u00e1t a gy\u00fcm\u00f6lcskedvel\u0151k \u00e9s mindazok sz\u00e1m\u00e1ra, akik minden kortyban h\u0171s\u00edt\u0151 frissess\u00e9get keresnek. Ez a kever\u00e9k egyes\u00edti az er\u0151teljes \u00e9s m\u00e9ly arom\u00e1j\u00e1t <strong>fekete ribizli<\/strong> Egy \u00e9rint\u00e9snyi h\u0171s\u00edt\u0151 mentollal, amely kellemesen friss \u00e9rz\u00e9st biztos\u00edt a sz\u00e1jban.<\/p>\n<h3>A fekete ribizli frissess\u00e9ge<\/h3>\n<p>Az fekete ribizli intenz\u00edv gy\u00fcm\u00f6lcs\u00f6ss\u00e9ge minden h\u00faz\u00e1sn\u00e1l nyilv\u00e1nval\u00f3v\u00e1 v\u00e1lik. Ez az \u00edz frissess\u00e9g\u00e9ben hasonl\u00edt az \u00fajonnan sz\u00fcretelt bogy\u00f3khoz, amelyek teljesen \u00e9rettek \u00e9s l\u00e9d\u00fasak. A ribizli enyh\u00e9n savanyk\u00e1s jegye kellemes \u00f6sszetetts\u00e9get k\u00f6lcs\u00f6n\u00f6z, ami kiemeli az \u00edzt \u00e9s biztos\u00edtja a megk\u00fcl\u00f6nb\u00f6ztethet\u0151 g\u0151z\u00f6l\u00e9s \u00f6r\u00f6m\u00e9t.<\/p>\n<h3>A mentol h\u0171t\u0151 hat\u00e1sa<\/h3>\n<p>A fekete ribizli j\u00e9g \u00edz\u00e9t az teszi k\u00fcl\u00f6nlegess\u00e9, hogy a <strong>Mentol-komponens<\/strong>, amely friss\u00edt\u0151 \u00e9s enyh\u00e9n h\u0171s \u00e9rzetet kelt a torokban. A gy\u00fcm\u00f6lcs\u00f6s \u00e9dess\u00e9g \u00e9s a h\u0171v\u00f6ss\u00e9g kombin\u00e1ci\u00f3ja k\u00fcl\u00f6nleges m\u00e9lys\u00e9get ad az \u00edznek, ami ide\u00e1lis azoknak a vapereknek, akik kiegyens\u00falyozott, m\u00e9gis izgalmas \u00edz\u00e9lm\u00e9nyt keresnek.<\/p>\n<h3>T\u00f6k\u00e9letes a mindennapokra<\/h3>\n<p>Mindegy, hogy hossz\u00fa napon vagy t\u00fal, vagy egyszer\u0171en csak egy r\u00f6vid sz\u00fcnetet keresel - a Blackcurrant Ice minden f\u00faj\u00e1st egy kis \u00e9lvezetess\u00e9 tesz.  Az \u00edz kellemesen megmarad a sz\u00e1jban, an\u00e9lk\u00fcl, hogy t\u00fal intenz\u00edv vagy els\u00f6pr\u0151 lenne, ami miatt t\u00f6k\u00e9letes v\u00e1laszt\u00e1s a napi haszn\u00e1latra.<\/p>\n<hr \/>\n<h3><strong>AL Fakher Crown Bar 12000 h\u00faz\u00e1s eldobhat\u00f3  A g\u0151z\u00f6l\u00e9si \u00e9lm\u00e9nyedet a k\u00f6vetkez\u0151 szintre emelni<\/strong><\/h3>\n<p>A <strong>AL Fakher Crown Bar 12000 h\u00faz\u00e1s<a href=\"https:\/\/alfakher24h.de\/hu\/\"> Eldobhat\u00f3 e-cigaretta<\/a><\/strong> A Blackcurrant Ice \u00edzben ez az ide\u00e1lis v\u00e1laszt\u00e1s mindazok sz\u00e1m\u00e1ra, akik egy hossz\u00fa t\u00e1v\u00fa, intenz\u00edv \u00e9s friss\u00edt\u0151 p\u00e1rologtat\u00e1si \u00e9lm\u00e9nyt keresnek. Tart\u00f3ss\u00e1g\u00e1val, innovat\u00edv funkci\u00f3ival \u00e9s felhaszn\u00e1l\u00f3bar\u00e1t kezel\u00e9s\u00e9vel elengedhetetlen t\u00e1rs minden n\u00e9metorsz\u00e1gi vapper sz\u00e1m\u00e1ra.<\/p>\n<p>Ezeket \u00e9s sok m\u00e1s izgalmas \u00edzt megtal\u00e1lhatja <a href=\"https:\/\/alfakher24h.de\/hu\/\"><strong>alfakher24h.de<\/strong><\/a> Fedezze fel  N\u00e9metorsz\u00e1g legnagyobb eldobhat\u00f3 e-cigaretta online platformj\u00e1t.  Legyen \u00d6n tapasztalt vaporiz\u00e1l\u00f3 vagy kezd\u0151 - n\u00e1lunk megtal\u00e1lja a megfelel\u0151 k\u00e9sz\u00fcl\u00e9ket, hogy optimaliz\u00e1lja a g\u0151z\u00f6l\u00e9si \u00e9lm\u00e9nyt.  Rendeljen most, \u00e9s \u00e9lvezze, amit a vil\u00e1g az eldobhat\u00f3 vapes k\u00edn\u00e1l.<\/p>\n<hr \/>\n<h3><strong>AL Fakher Crown Bar 12000 h\u00faz\u00e1s eldobhat\u00f3 \u00d6sszefoglal\u00e1s \u2013 Mi\u00e9rt az AL Fakher Crown Bar 12000?<\/strong><\/h3>\n<p>A <strong>AL Fakher Crown Bar 12000 PRO<\/strong> Sokkal t\u00f6bb, mint egy egyszer haszn\u00e1latos e-cigaretta - ez egy <strong>Min\u0151s\u00e9g \u00e9s Innov\u00e1ci\u00f3 Nyilatkozat<\/strong>12 000 h\u00faz\u00f3val, intenz\u00edv \u00edzekkel, mint p\u00e9ld\u00e1ul a Blackcurrant Ice, \u00fajrat\u00f6lthet\u0151 akkumul\u00e1torral \u00e9s digit\u00e1lis kijelz\u0151vel rendelkezik, \u00e9s mindent tartalmaz, amit a vaperek sz\u00edve v\u00e1gyhat. Ak\u00e1r a tart\u00f3ss\u00e1got, a praktikus kialak\u00edt\u00e1st vagy az intenz\u00edv \u00edzt r\u00e9szes\u00edti el\u0151nyben - ez a modell minden ig\u00e9nyt kiel\u00e9g\u00edt.<\/p>\n<p>\u00c9lj \u00e1t a vape j\u00f6v\u0151j\u00e9t \u00e9s rendeld meg a ti\u00e9det <strong>AL Fakher Crown Bar 12000<\/strong> m\u00e9g ma fel <a href=\"https:\/\/alfakher24h.de\/hu\/\"><strong>alfakher24h.de<\/strong><\/a>, a legnagyobb eldobhat\u00f3 e-cigaretta platform N\u00e9metorsz\u00e1gban!<\/p>","protected":false},"excerpt":{"rendered":"<p>A <strong>AL Fakher Crown Bar 12000 h\u00faz\u00e1s eldobhat\u00f3 e-cigaretta<\/strong> Biztos\u00edt egy intenz\u00edv g\u0151z\u00f6l\u00e9si \u00e9lm\u00e9nyt ak\u00e1r 12 000 h\u00faz\u00e1ssal, \u00fajrat\u00f6lthet\u0151 akkumul\u00e1torral, digit\u00e1lis kijelz\u0151vel \u00e9s a friss\u00edt\u0151 Blackcurrant Ice \u00edzzel - t\u00f6k\u00e9letes a n\u00e9metorsz\u00e1gi ig\u00e9nyes g\u0151z\u00f6l\u0151k sz\u00e1m\u00e1ra.<\/p>","protected":false},"featured_media":343,"comment_status":"open","ping_status":"closed","template":"","meta":{"om_disable_all_campaigns":false},"product_brand":[],"product_cat":[20],"product_tag":[],"class_list":{"0":"post-342","1":"product","2":"type-product","3":"status-publish","4":"has-post-thumbnail","6":"product_cat-ai-fakher-crown-bar-12000","8":"first","9":"instock","10":"shipping-taxable","11":"purchasable","12":"product-type-simple"},"_links":{"self":[{"href":"https:\/\/alfakher24h.de\/hu\/wp-json\/wp\/v2\/product\/342","targetHints":{"allow":["GET"]}}],"collection":[{"href":"https:\/\/alfakher24h.de\/hu\/wp-json\/wp\/v2\/product"}],"about":[{"href":"https:\/\/alfakher24h.de\/hu\/wp-json\/wp\/v2\/types\/product"}],"replies":[{"embeddable":true,"href":"https:\/\/alfakher24h.de\/hu\/wp-json\/wp\/v2\/comments?post=342"}],"wp:featuredmedia":[{"embeddable":true,"href":"https:\/\/alfakher24h.de\/hu\/wp-json\/wp\/v2\/media\/343"}],"wp:attachment":[{"href":"https:\/\/alfakher24h.de\/hu\/wp-json\/wp\/v2\/media?parent=342"}],"wp:term":[{"taxonomy":"product_brand","embeddable":true,"href":"https:\/\/alfakher24h.de\/hu\/wp-json\/wp\/v2\/product_brand?post=342"},{"taxonomy":"product_cat","embeddable":true,"href":"https:\/\/alfakher24h.de\/hu\/wp-json\/wp\/v2\/product_cat?post=342"},{"taxonomy":"product_tag","embeddable":true,"href":"https:\/\/alfakher24h.de\/hu\/wp-json\/wp\/v2\/product_tag?post=342"}],"curies":[{"name":"wp","href":"https:\/\/api.w.org\/{rel}","templated":true}]}}