{"id":335,"date":"2024-09-17T12:48:49","date_gmt":"2024-09-17T12:48:49","guid":{"rendered":"https:\/\/alfakher24h.de\/?post_type=product&#038;p=335"},"modified":"2025-07-23T04:17:52","modified_gmt":"2025-07-23T04:17:52","slug":"al-fakher-koronarud-12000-szivas-eldobhato-e-cigi-nikotinos-bogyos-jeggel","status":"publish","type":"product","link":"https:\/\/alfakher24h.de\/hu\/termek\/al-fakher-koronarud-12000-szivas-eldobhato-e-cigi-nikotinos-bogyos-jeggel\/","title":{"rendered":"AL Fakher Crown Bar 12000 h\u00faz\u00e1s eldobhat\u00f3 e-cigaretta nikotinnal - Bogy\u00f3s J\u00e9g"},"content":{"rendered":"<h2><strong><a href=\"https:\/\/alfakher24h.de\/hu\/termekkategoria\/ai-fakher-koronarud-12000\/\">AL Fakher Crown Bar 12000 h\u00faz\u00e1s<\/a> Egyszerhaszn\u00e1latos e-cigaretta nikotinnal - Berry Ice<\/strong><\/h2>\n<p>AL Fakher Crown Bar 12000 h\u00faz\u00e1s <a href=\"https:\/\/alfakher24h.de\/hu\/\">Eldobhat\u00f3 e-cigaretta<\/a> Hoz egy \u00faj dimenzi\u00f3t a g\u0151z\u00f6l\u00e9s vil\u00e1g\u00e1ba. 12 000 sz\u00edv\u00e1ssal rendelkez\u0151 leny\u0171g\u00f6z\u0151 kapacit\u00e1s\u00e1val ez az eszk\u00f6z az igazi \u00ednyenceknek k\u00e9sz\u00fclt, akik \u00e9rt\u00e9kelik a teljes\u00edtm\u00e9nyt \u00e9s az \u00edzt. Modern technol\u00f3gi\u00e1t \u00f6tv\u00f6z a hagyom\u00e1nyos shisha-\u00e9lm\u00e9nnyel, \u00e9s p\u00e1ratlan g\u0151z\u00f6l\u00e9si \u00e9lm\u00e9nyt ny\u00fajt kompakt, felhaszn\u00e1l\u00f3bar\u00e1t form\u00e1ban. Ak\u00e1r tapasztalt g\u0151z\u00f6l\u0151 vagy, ak\u00e1r csak most l\u00e9p be az e-cigarett\u00e1k vil\u00e1g\u00e1ba, az AL Fakher Crown Bar mindent tartalmaz, ami egy teljesen kiel\u00e9g\u00edt\u0151 \u00e9lm\u00e9nyhez sz\u00fcks\u00e9ges.<\/p>\n<h3><strong>AL Fakher Crown Bar 12000 Z\u00fcge Perfekte Kombination aus Technik und Genuss \nford\u00edt\u00e1sa: \nAL Fakher Crown Bar 12000 h\u00faz\u00e1s T\u00f6k\u00e9letes technika \u00e9s \u00e9lvezet kombin\u00e1ci\u00f3ja<\/strong><\/h3>\n<p>AL Fakher Crown Bar 12000 h\u00faz\u00e1s <a href=\"https:\/\/alfakher24h.de\/hu\/\">Eldobhat\u00f3 e-cigaretta<\/a> T\u00f6bbet k\u00edn\u00e1l, mint egyszer\u0171en csak nagy kapacit\u00e1s\u00fa vonatot.  Ezt a modellt \u00fagy tervezt\u00e9k, hogy mind a kezd\u0151k, mind a tapasztalt felhaszn\u00e1l\u00f3k sz\u00e1m\u00e1ra leny\u0171g\u00f6z\u0151 g\u0151zt\u00e9rfogatot, kiv\u00e1l\u00f3 \u00edzt \u00e9s magas felhaszn\u00e1l\u00f3i k\u00e9nyelmet biztos\u00edtson.  \u00dajrat\u00f6lthet\u0151 akkumul\u00e1torral \u00e9s korszer\u0171 h\u00e1l\u00f3sz\u00f6vetes tekercsrendszerrel biztos\u00edtja a s\u0171r\u0171, \u00edzletes g\u0151zfelleget minden egyes sz\u00edv\u00e1sn\u00e1l.<\/p>\n<p><strong>M\u0171szaki jellemz\u0151k:<\/strong><\/p>\n<ul>\n<li><strong>Vonatkapacit\u00e1s<\/strong>: Legfeljebb 12 000 vonat \u2013 ide\u00e1lis a hossz\u00fa t\u00e1v\u00fa haszn\u00e1lathoz, gyakori ut\u00e1nt\u00f6lt\u00e9s vagy \u00fajrat\u00f6lt\u00e9s n\u00e9lk\u00fcl.<\/li>\n<li><strong>G\u0151zst\u00edlus<\/strong>: DTL (Direct-to-Lung) \u2013 t\u00f6k\u00e9letes mindazok sz\u00e1m\u00e1ra, akik a nagy, s\u0171r\u0171 p\u00e1rafelh\u0151ket r\u00e9szes\u00edtik el\u0151nyben.<\/li>\n<li><strong>Mesh Coil technol\u00f3gia<\/strong>: 0,6 ohmos tekercsellen\u00e1ll\u00e1ssal a Mesh Coil technol\u00f3gia folyamatosan biztos\u00edtja az \u00edzt \u00e9s a s\u0171r\u0171 f\u00fcst\u00f6t.<\/li>\n<li><strong>\u00fajrat\u00f6lthet\u0151 akkumul\u00e1tor<\/strong>: Gyakorlatias \u00e9s fenntarthat\u00f3 - egyszer\u0171en t\u00f6ltse fel C-Port seg\u00edts\u00e9g\u00e9vel \u00e9s tov\u00e1bb g\u0151z\u00f6lj\u00f6n.<\/li>\n<li><strong>Sziv\u00e1rg\u00e1sv\u00e9delem<\/strong>: Sziv\u00e1rg\u00e1smentes kialak\u00edt\u00e1s a gondtalan g\u0151z\u00f6l\u00e9si \u00e9lm\u00e9ny\u00e9rt \u00fatk\u00f6zben.<\/li>\n<li><strong>Integr\u00e1lt shisha hanghull\u00e1mok<\/strong>Minden h\u00faz\u00e1ssal hiteles shisha-\u00e9lm\u00e9ny\u00e9rt.<\/li>\n<li><strong>5 mg nikotintartalom<\/strong>: Azoknak, akik a t\u00f6k\u00e9letes nikotinl\u00f6ket keresik.<\/li>\n<li><strong>Kompakt \u00e9s hordozhat\u00f3<\/strong>K\u00e9nyelmesen elf\u00e9r b\u00e1rmilyen zsebben - az ide\u00e1lis k\u00eds\u00e9r\u0151 \u00fatk\u00f6zben.<\/li>\n<li><strong>Digit\u00e1lis kijelz\u0151<\/strong>: Megjelen\u00edti az akkumul\u00e1tor \u00e9s az olaj szintj\u00e9t, hogy soha ne \u00e9rjen v\u00e1ratlanul.<\/li>\n<\/ul>\n<p>Ezek a m\u0171szaki r\u00e9szletek teszik az AL Fakher Crown Bar-t a piacon kaphat\u00f3 egyik legjobb eldobhat\u00f3 e-cigarett\u00e1j\u00e1v\u00e1. A nagy teljes\u00edtm\u00e9ny\u0171 akkumul\u00e1tor, az innovat\u00edv technol\u00f3gia \u00e9s a k\u00f6nny\u0171 kezelhet\u0151s\u00e9g kombin\u00e1ci\u00f3ja biztos\u00edtja, hogy ez az eszk\u00f6z fel\u00fclm\u00falja elv\u00e1r\u00e1sait.<\/p>\n<p><img loading=\"lazy\" decoding=\"async\" class=\"alignnone size-full wp-image-356\" src=\"https:\/\/alfakher24h.de\/wp-content\/uploads\/2024\/09\/AL-Fakher-Crown-Bar-12000-Zuege-Einweg-E-Zigarette-Mit-Nikotin-Berry-Ice-2-1.webp\" alt=\"AL Fakher Crown Bar 12000 h\u00faz\u00e1s eldobhat\u00f3 e-cigaretta nikotinnal - Bogy\u00f3s J\u00e9g\" width=\"1837\" height=\"2522\" title=\"\" srcset=\"https:\/\/alfakher24h.de\/wp-content\/uploads\/2024\/09\/AL-Fakher-Crown-Bar-12000-Zuege-Einweg-E-Zigarette-Mit-Nikotin-Berry-Ice-2-1.webp 1837w, https:\/\/alfakher24h.de\/wp-content\/uploads\/2024\/09\/AL-Fakher-Crown-Bar-12000-Zuege-Einweg-E-Zigarette-Mit-Nikotin-Berry-Ice-2-1-219x300.webp 219w, https:\/\/alfakher24h.de\/wp-content\/uploads\/2024\/09\/AL-Fakher-Crown-Bar-12000-Zuege-Einweg-E-Zigarette-Mit-Nikotin-Berry-Ice-2-1-746x1024.webp 746w, https:\/\/alfakher24h.de\/wp-content\/uploads\/2024\/09\/AL-Fakher-Crown-Bar-12000-Zuege-Einweg-E-Zigarette-Mit-Nikotin-Berry-Ice-2-1-768x1054.webp 768w, https:\/\/alfakher24h.de\/wp-content\/uploads\/2024\/09\/AL-Fakher-Crown-Bar-12000-Zuege-Einweg-E-Zigarette-Mit-Nikotin-Berry-Ice-2-1-1119x1536.webp 1119w, https:\/\/alfakher24h.de\/wp-content\/uploads\/2024\/09\/AL-Fakher-Crown-Bar-12000-Zuege-Einweg-E-Zigarette-Mit-Nikotin-Berry-Ice-2-1-1492x2048.webp 1492w, https:\/\/alfakher24h.de\/wp-content\/uploads\/2024\/09\/AL-Fakher-Crown-Bar-12000-Zuege-Einweg-E-Zigarette-Mit-Nikotin-Berry-Ice-2-1-600x824.webp 600w\" sizes=\"auto, (max-width: 1837px) 100vw, 1837px\" \/><\/p>\n<h3><strong>AL Fakher Crown Bar 12000 h\u00faz\u00e1s  Az \u00e9rz\u00e9kek \u00e9lvezete: Berry Ice \u00edz<\/strong><\/h3>\n<p>Egy egyed\u00fcl\u00e1ll\u00f3 \u00edz\u00e9lm\u00e9ny v\u00e1rja a Berry Ice v\u00e1ltozat\u00e1val. Ez az aroma gy\u00fcm\u00f6lcs\u00f6s bogy\u00f3kat kombin\u00e1l egy friss\u00edt\u0151 j\u00e9g-lehellettel, amely fel\u00e9l\u00e9nk\u00edti \u00e9rz\u00e9keit, \u00e9s m\u00e9ly, teljes \u00edz\u00e9lm\u00e9nyt ny\u00fajt.<\/p>\n<p>A l\u00e9d\u00fas bogy\u00f3k minden h\u00faz\u00e1sn\u00e1l intenz\u00edv frissess\u00e9get adnak, amely a meleg ny\u00e1ri napokat id\u00e9zi. Ek\u00f6zben a h\u0171s\u00edt\u0151 mentol ut\u00f3\u00edz kellemes frissess\u00e9get biztos\u00edt, ami a g\u0151z\u00f6l\u00e9s \u00e9lm\u00e9ny\u00e9t igazi \u00e9lvezett\u00e9 teszi. Az \u00edz minden h\u00faz\u00e1sn\u00e1l egyenletesen bontakozik ki, \u00e9s hosszabb g\u0151z\u00f6l\u00e9s ut\u00e1n is \u00e1lland\u00f3 marad. A bogy\u00f3s arom\u00e1k \u00f6sszetetts\u00e9ge t\u00f6k\u00e9letesen harmoniz\u00e1l a k\u00f6nny\u0171, jeges hanggal, \u00edgy minden h\u00faz\u00e1sn\u00e1l egy kis frissess\u00e9get \u00e9s \u00e9dess\u00e9get \u00e9lvezhet.<\/p>\n<p>Ha szereted a gy\u00fcm\u00f6lcs\u00f6s \u00e9s friss arom\u00e1kat, akkor a Berry Ice pontosan az, amit keresel. A l\u00e9d\u00fas, \u00e9des bogy\u00f3k \u00e9s az enyhe mentolos \u00edz egy\u00fcttese k\u00fcl\u00f6n\u00f6sen a friss\u00edt\u0151 e-liquidet kedvel\u0151k sz\u00e1m\u00e1ra teszi ezt az arom\u00e1t vonz\u00f3v\u00e1. Ezenk\u00edv\u00fcl az \u00edz intenz\u00edv \u00e9s \u00e9l\u00e9nk marad, ami a g\u0151z\u00f6l\u00e9st m\u00e9g sok szippant\u00e1s ut\u00e1n is izgalmass\u00e1 \u00e9s \u00e9lvezetess\u00e9 teszi.<\/p>\n<h3><strong>AL Fakher Crown Bar 12000 h\u00faz\u00e1s Mi\u00e9rt AL Fakher Crown Bar 12000 h\u00faz\u00e1s eldobhat\u00f3 e-cigaretta?<\/strong><\/h3>\n<p>A megfelel\u0151 e-cigaretta kiv\u00e1laszt\u00e1sa d\u00f6nt\u0151 fontoss\u00e1g\u00fa egy kellemes g\u0151z\u00f6l\u00e9si \u00e9lm\u00e9nyhez. <a href=\"https:\/\/alfakher24h.de\/hu\/\">AL Fakher<\/a> Crown Bar 12000 Z\u00fcge \n\n Crown Bar 12000 h\u00faz\u00e1s <a href=\"https:\/\/alfakher24h.de\/hu\/\">Egyszer haszn\u00e1latos e-cigaretta nikotinnal<\/a> Nemcsak rendk\u00edv\u00fcli kapacit\u00e1s\u00e1val \u00e9s felhaszn\u00e1l\u00f3bar\u00e1t kialak\u00edt\u00e1s\u00e1val, hanem az arom\u00e1k v\u00e1ltozatoss\u00e1g\u00e1val \u00e9s a technikai sz\u00ednvonal\u00e1val is meggy\u0151z. Ide\u00e1lis mindazok sz\u00e1m\u00e1ra, akik nagyra \u00e9rt\u00e9kelik a min\u0151s\u00e9get, a tart\u00f3ss\u00e1got \u00e9s az autentikus \u00edzt.<\/p>\n<h4>El\u0151ny\u00f6k egy pillant\u00e1ssal:<\/h4>\n<ul>\n<li><strong>Maxim\u00e1lis vonatkapacit\u00e1s<\/strong>: Ak\u00e1r 12 000 sz\u00edv\u00e1ssal is sz\u00e1molhatunk,  ez az eszk\u00f6z l\u00e9nyegesen tov\u00e1bb tart, mint sok m\u00e1s,  egyszer haszn\u00e1latos modell a piacon.<\/li>\n<li><strong>Nincs sz\u00fcks\u00e9g ut\u00e1nt\u00f6lt\u00e9sre<\/strong>: A nagy kapacit\u00e1snak k\u00f6sz\u00f6nhet\u0151en nem kell gyakran ut\u00e1nt\u00f6ltenie.<\/li>\n<li><strong>K\u00f6nnyen haszn\u00e1lhat\u00f3<\/strong>: Nincs bonyolult be\u00e1ll\u00edt\u00e1s - egyszer\u0171en t\u00f6ltse fel \u00e9s kezdje el haszn\u00e1lni.<\/li>\n<li><strong>T\u00f6bbf\u00e9le \u00edzvari\u00e1ci\u00f3<\/strong>: Gy\u00fcm\u00f6lcs\u00f6st\u0151l az eg\u00e9szen frissig, minden \u00edzl\u00e9snek van valami.<\/li>\n<li><strong>Nikotinnal<\/strong>T\u00f6k\u00e9letes mindazok sz\u00e1m\u00e1ra, akik nem akarj\u00e1k n\u00e9lk\u00fcl\u00f6zni a nikotin fogyaszt\u00e1s\u00e1t.<\/li>\n<li><strong>Ide\u00e1lis \u00fatk\u00f6zben<\/strong>Kompakt m\u00e9rete miatt t\u00f6k\u00e9letes t\u00e1rs a mindennapokban.<\/li>\n<\/ul>\n<h3><strong>AL Fakher Crown Bar 12000 h\u00faz\u00e1s Egyszer\u0171 rendel\u00e9s tov\u00e1bb <a href=\"https:\/\/alfakher24h.de\/hu\/\">alfakher24h.de<\/a><\/strong><\/h3>\n<p>A<a href=\"https:\/\/alfakher24h.de\/hu\/\"> AL Fakher<\/a> Korona B\u00e1r 12000 h\u00faz\u00e1s eldobhat\u00f3 e-cigaretta k\u00e9nyelmesen \u00e9s biztons\u00e1gosan megv\u00e1s\u00e1rolhat\u00f3 weboldalunkon <a href=\"https:\/\/alfakher24h.de\/hu\/\">alfakher24h.de<\/a> V\u00e1s\u00e1roljon.  Mi vagyunk a legnagyobb online keresked\u0151 az egyszer haszn\u00e1latos e-cigarett\u00e1k sz\u00e1m\u00e1ra N\u00e9metorsz\u00e1gban, \u00e9s sz\u00e9les v\u00e1laszt\u00e9kot k\u00edn\u00e1lunk \u00d6nnek magas sz\u00ednvonal\u00fa term\u00e9kekb\u0151l.  Fedezze fel az arom\u00e1k v\u00e1ltozatoss\u00e1g\u00e1t, \u00e9s \u00e9lvezze az els\u0151 oszt\u00e1ly\u00fa g\u0151z\u00f6l\u00e9si \u00e9lm\u00e9nyt exkluz\u00edv aj\u00e1nlatainkkal.<\/p>\n<p>L\u00e1togasson el most az alfakher24h.de oldalra \u00e9s tal\u00e1lja meg \u00faj kedvenc e-cigaret\u00e1j\u00e1t!<\/p>","protected":false},"excerpt":{"rendered":"<p>Az AL Fakher Crown Bar 12000 Z\u00fcge Einweg E-Zigarette \u00f6tv\u00f6zi az innovat\u00edv technol\u00f3gi\u00e1t, ak\u00e1r 12 000 h\u00faz\u00e1st \u00e9s intenz\u00edv \u00edzt egy kompakt, felhaszn\u00e1l\u00f3bar\u00e1t kialak\u00edt\u00e1sban, amely els\u0151 oszt\u00e1ly\u00fa g\u0151z\u00f6l\u00e9si \u00e9lm\u00e9nyt ny\u00fajt.<\/p>","protected":false},"featured_media":338,"comment_status":"open","ping_status":"closed","template":"","meta":{"om_disable_all_campaigns":false},"product_brand":[],"product_cat":[20],"product_tag":[],"class_list":{"0":"post-335","1":"product","2":"type-product","3":"status-publish","4":"has-post-thumbnail","6":"product_cat-ai-fakher-crown-bar-12000","8":"first","9":"instock","10":"shipping-taxable","11":"purchasable","12":"product-type-simple"},"_links":{"self":[{"href":"https:\/\/alfakher24h.de\/hu\/wp-json\/wp\/v2\/product\/335","targetHints":{"allow":["GET"]}}],"collection":[{"href":"https:\/\/alfakher24h.de\/hu\/wp-json\/wp\/v2\/product"}],"about":[{"href":"https:\/\/alfakher24h.de\/hu\/wp-json\/wp\/v2\/types\/product"}],"replies":[{"embeddable":true,"href":"https:\/\/alfakher24h.de\/hu\/wp-json\/wp\/v2\/comments?post=335"}],"wp:featuredmedia":[{"embeddable":true,"href":"https:\/\/alfakher24h.de\/hu\/wp-json\/wp\/v2\/media\/338"}],"wp:attachment":[{"href":"https:\/\/alfakher24h.de\/hu\/wp-json\/wp\/v2\/media?parent=335"}],"wp:term":[{"taxonomy":"product_brand","embeddable":true,"href":"https:\/\/alfakher24h.de\/hu\/wp-json\/wp\/v2\/product_brand?post=335"},{"taxonomy":"product_cat","embeddable":true,"href":"https:\/\/alfakher24h.de\/hu\/wp-json\/wp\/v2\/product_cat?post=335"},{"taxonomy":"product_tag","embeddable":true,"href":"https:\/\/alfakher24h.de\/hu\/wp-json\/wp\/v2\/product_tag?post=335"}],"curies":[{"name":"wp","href":"https:\/\/api.w.org\/{rel}","templated":true}]}}