{"id":330,"date":"2024-09-17T12:14:14","date_gmt":"2024-09-17T12:14:14","guid":{"rendered":"https:\/\/alfakher24h.de\/?post_type=product&#038;p=330"},"modified":"2025-07-16T07:12:17","modified_gmt":"2025-07-16T07:12:17","slug":"al-fakher-koronarud-nagy-felho-8000-szivatasonkent-eldobhato-e-cigi-ket-alma","status":"publish","type":"product","link":"https:\/\/alfakher24h.de\/hu\/termek\/al-fakher-koronarud-nagy-felho-8000-szivatasonkent-eldobhato-e-cigi-ket-alma\/","title":{"rendered":"Al Fakher Crown Bar Big Cloud 8000 PRO h\u00faz\u00e1sok eldobhat\u00f3 E cigaretta - K\u00e9t alma"},"content":{"rendered":"<h2><strong>A<a href=\"https:\/\/alfakher24h.de\/hu\/termekkategoria\/al-fakher-crown-bar-big-cloud-8000-pro\/\">Fakher Crown Bar Big Cloud 8000 PRO vonatok<\/a> Egyhaszn\u00e1latos e-cigaretta - Two Apple: A v\u00e9gs\u0151 vape-\u00e9lm\u00e9ny<\/strong><\/h2>\n<h2>Bevezet\u00e9s<\/h2>\n<p>Az e-cigarett\u00e1z\u00e1s N\u00e9metorsz\u00e1gban m\u00e1r r\u00e9g\u00f3ta nagy n\u00e9pszer\u0171s\u00e9gnek \u00f6rvend, \u00e9s az Al Fakher Crown Bar Big Cloud 8000 PRO h\u00faz\u00e1s\u00fa eldobhat\u00f3 e-cigaretta a piac legjobb term\u00e9kei k\u00f6z\u00e9 tartozik. Ez a modell t\u00f6k\u00e9letes kombin\u00e1ci\u00f3j\u00e1t ny\u00fajtja a teljes\u00edtm\u00e9nynek, a felhaszn\u00e1l\u00f3bar\u00e1ts\u00e1gnak \u00e9s a leny\u0171g\u00f6z\u0151 \u00edznek. Ak\u00e1r tapasztalt vaporer vagy \u00fajonc vagy, a <strong>Al Fakher Crown Bar Big Cloud 8000 PRO<\/strong> Biztos\u00edtja sz\u00e1modra a legmagasabb szint\u0171 vape-\u00e9lm\u00e9nyt. Fedezze fel a v\u00e1ltozatoss\u00e1got \u00e9s a min\u0151s\u00e9get, amelyet csak <strong>alfakher24h.de<\/strong>N\u00e9metorsz\u00e1g legnagyobb platformja sz\u00e1m\u00e1ra <a href=\"https:\/\/alfakher24h.de\/hu\/\">Eldobhat\u00f3 e-cigarett\u00e1k<\/a>, k\u00edn\u00e1l.<\/p>\n<p>&nbsp;<\/p>\n<h3>Mit 8000 Puffs und einer gro\u00dfen 22ml E-Liquid-Kapazit\u00e4t ist der Al Fakher Crown Bar Big Cloud 8000 PRO ein erstklassiger Einweg-Verdampfer.<\/h3>\n<p>A <strong>Al Fakher Crown Bar Big Cloud 8000 PRO<\/strong> Egy m\u00e9rf\u00f6ldk\u0151 az eldobhat\u00f3 e-cigarett\u00e1k vil\u00e1g\u00e1ban, \u00e9s \u00f6tv\u00f6zi a legmodernebb technol\u00f3gi\u00e1t a kiemelked\u0151 felhaszn\u00e1l\u00f3i \u00e9lm\u00e9nnyel. Itt vannak a legfontosabb jellemz\u0151k, amelyek miatt ez az eszk\u00f6z annyira k\u00fcl\u00f6nleges:<\/p>\n<h4>1. <strong>8000 vonatok - Tart\u00f3s \u00e9s hat\u00e9kony<\/strong><\/h4>\n<p>legfeljebb <strong>8000 vonatb\u00f3l<\/strong> Ez a modell az egyik legnagyobb hat\u00f3t\u00e1vols\u00e1ggal rendelkezik a piacon. Ez azt jelenti, hogy hossz\u00fa ideig \u00e9lvezheti a vape-ot an\u00e9lk\u00fcl, hogy folyamatosan \u00faj k\u00e9sz\u00fcl\u00e9ket kellene keresnie. T\u00f6k\u00e9letes a mindennapokra \u00e9s a hossz\u00fa utaz\u00e1sokra.<\/p>\n<h4>2. <strong>5 mg nikotins\u00f3 - L\u00e1gy \u00e9s kiel\u00e9g\u00edt\u0151<\/strong><\/h4>\n<p>Minden vonat tartalmaz <strong>5 mg nikotins\u00f3<\/strong>, ami sima \u00e9s kiel\u00e9g\u00edt\u0151 hat\u00e1st biztos\u00edt, an\u00e9lk\u00fcl, hogy t\u00fal er\u0151s lenne.  A nikotins\u00f3 biztos\u00edtja a kellemes l\u00f6ket, amely kiel\u00e9g\u00edtheti a hagyom\u00e1nyos cigarett\u00e1k ir\u00e1nti ig\u00e9nyt.<\/p>\n<h4>3. <strong>18 ml E-folyad\u00e9k - B\u0151s\u00e9ges \u00edz<\/strong><\/h4>\n<p>Der vorgef\u00fcllte <strong>18 ml-es tart\u00e1ly<\/strong> Biztos\u00edtja a hossz\u00fa t\u00e1v\u00fa haszn\u00e1latot. Ezzel a mennyis\u00e9g\u0171 e-folyad\u00e9kkal biztos lehet abban, hogy sok \u00f3r\u00e1n kereszt\u00fcl folyamatosan intenz\u00edv \u00edz\u00e9lm\u00e9nyt \u00e9lvezhet.<\/p>\n<h4>4. <strong>850 mAh akkumul\u00e1tor - \u00dajrat\u00f6lthet\u0151 \u00e9s nagy teljes\u00edtm\u00e9ny\u0171<\/strong><\/h4>\n<p>A <strong>\u00fajrat\u00f6lthet\u0151 850 mAh akkumul\u00e1tor<\/strong> biztos\u00edtja az er\u0151s \u00e9s folyamatos teljes\u00edtm\u00e9nyt. Egy integr\u00e1lt <strong>USB-C csatlakoz\u00f3<\/strong> Lehet\u0151v\u00e9 teszi a gyors \u00e9s hat\u00e9kony t\u00f6lt\u00e9st, \u00edgy soha nem kell vape n\u00e9lk\u00fcl maradnia.<\/p>\n<h4>5. <strong>K\u00e9t \u00fczemm\u00f3d\u00fa funkci\u00f3 - Rugalmas g\u0151z\u00f6l\u00e9s<\/strong><\/h4>\n<p>A k\u00f6vetkez\u0151vel <strong>K\u00e9t \u00fczemm\u00f3d\u00fa funkci\u00f3<\/strong> K\u00e9pes vagy v\u00e1ltani az \"Mouth-to-Lung\" (MTL) \u00e9s a \"Direct-to-Lung\" (DTL) k\u00f6z\u00f6tt, \u00edzl\u00e9sed szerint. Ez a rugalmass\u00e1g lehet\u0151v\u00e9 teszi, hogy szem\u00e9lyre szabd a vape-\u00e9lm\u00e9nyedet, \u00e9s v\u00e1ltogass az intenz\u00edv felh\u0151k \u00e9s a l\u00e1gy f\u00faj\u00e1sok k\u00f6z\u00f6tt.<\/p>\n<h4>6. <strong>LED kijelz\u0151 - Mindig t\u00e1j\u00e9kozott<\/strong><\/h4>\n<p>Egy <strong>LED-kijelz\u0151<\/strong> B\u00e1rmikor \u00e1ttekint\u00e9st ny\u00fajt az akkumul\u00e1tor \u00e1llapot\u00e1r\u00f3l \u00e9s az e-folyad\u00e9k szintj\u00e9r\u0151l, \u00edgy mindig tudni fogja, mikor van ideje felt\u00f6lteni. Ez teljes ellen\u0151rz\u00e9st biztos\u00edt az eszk\u00f6z felett, \u00e9s biztos\u00edtja, hogy soha ne \u00e9rje meglepet\u00e9s.<\/p>\n<h2><strong>Al Fakher Crown Bar Big Cloud 8000 PRO h\u00faz\u00e1sok <\/strong>A Two Apple megk\u00fcl\u00f6nb\u00f6ztethetetlen \u00edze<\/h2>\n<p>A <strong>K\u00e9t alma<\/strong>\u00cdze a <strong>Al Fakher Crown Bar Big Cloud 8000 PRO<\/strong> Tiszteletad\u00e1s a hagyom\u00e1nyos shisha \u00edzvil\u00e1g\u00e1nak, mely mesteregyens\u00falyt k\u00edn\u00e1l a piros \u00e9s z\u00f6ld alm\u00e1k k\u00f6z\u00f6tt. Ez az \u00edzes\u00edt\u00e9s az egyik favoritja lett az e-cigarett\u00e1sok k\u00f6r\u00e9ben, \u00e9s ennek j\u00f3 oka van.<\/p>\n<h4><strong>Egyedi \u00edze a friss alm\u00e1nak<\/strong><\/h4>\n<p>Minden h\u00faz\u00e1sn\u00e1l kibontakozik a gazdag, friss \u00edze <strong>\u00e9des piros alm\u00e1k<\/strong>Z\u00f6ld alma enyhe, savanyk\u00e1s akcentus\u00e1val k\u00eds\u00e9rve. Ez a kombin\u00e1ci\u00f3 harmonikus f\u00fazi\u00f3t hoz l\u00e9tre az \u00e9dess\u00e9g \u00e9s a frissess\u00e9g k\u00f6z\u00f6tt, amely csiklandozza az \u00edzlel\u0151bimb\u00f3kat \u00e9s intenz\u00edv \u00edz\u00e9lm\u00e9nyt biztos\u00edt.<\/p>\n<h4><strong>Hosszantart\u00f3 \u00e9lvezet<\/strong><\/h4>\n<p>K\u00fcl\u00f6n\u00f6sen figyelemre m\u00e9lt\u00f3, hogy az \u00edze <strong>K\u00e9t alma<\/strong> Hossz\u00fa ideig a nyelven marad, an\u00e9lk\u00fcl, hogy tolakod\u00f3 lenne. A gy\u00fcm\u00f6lcs\u00f6s jegyek egyens\u00falya t\u00f6bb h\u00faz\u00e1s ut\u00e1n is megmarad, ami miatt ez az aroma ide\u00e1lis v\u00e1laszt\u00e1s a napi haszn\u00e1latra. Nem t\u00fal \u00e9des, sem mesters\u00e9ges, hanem hiteles \u00e9s term\u00e9szetes marad.<\/p>\n<h4><strong>T\u00f6k\u00e9letes a shisha szerelmeseinek<\/strong><\/h4>\n<p>Shisha-Alternative Einweg E-Zigarette genau das Richtige: Unser Shisha-Style Einweg E-Cig  ist ideal f\u00fcr alle, die den authentischen Geschmack von Shisha genie\u00dfen m\u00f6chten, aber die Einfachheit und Bequemlichkeit einer Einweg-E-Zigarette bevorzugen. <strong>K\u00e9t alma<\/strong>\u00cdze a <strong>Crown Bar 8000 PRO<\/strong> pontosan a megfelel\u0151. A m\u00e9ly, gazdag hangok eml\u00e9keztetnek a hagyom\u00e1nyos shisha-\u00fcl\u00e9sekre, ami ismer\u0151s \u00e9s k\u00e9nyelmes \u00e9rz\u00e9st kelt.<\/p>\n<h3>Mi\u00e9rt \u00e9rdemes az Al Fakher Crown Bar Big Cloud 8000 PRO-t megv\u00e1s\u00e1rolni az alfakher24h.de oldalon?<\/h3>\n<h4>1. <strong>Min\u0151s\u00e9g \u00e9s megb\u00edzhat\u00f3s\u00e1g<\/strong><\/h4>\n<p>A <strong><a href=\"https:\/\/alfakher24h.de\/hu\/\">Al Fakher<\/a> Crown Bar Big Cloud 8000 PRO<\/strong> a legmagasabb min\u0151s\u00e9get \u00e9s tart\u00f3ss\u00e1got jelenti. <strong>8000 vonatb\u00f3l<\/strong>egy <strong>K\u00e9t \u00fczemm\u00f3d\u00fa funkci\u00f3<\/strong> \u00e9s egy er\u0151s <strong>850 mAh akkumul\u00e1tor<\/strong> Ez az eszk\u00f6z val\u00f3ban forradalmi v\u00e1ltoz\u00e1st hozhat az egyszer haszn\u00e1latos e-cigarett\u00e1k vil\u00e1g\u00e1ban.<\/p>\n<h4>2. <strong>K\u00fcl\u00f6nb\u00f6z\u0151 \u00edzek<\/strong><\/h4>\n<p>A n\u00e9pszer\u0171 mellett <strong>K\u00e9t alma<\/strong>\u00edzl\u00e9s szerint a k\u00e9sz\u00fcl\u00e9k sz\u00e9les v\u00e1laszt\u00e9kban k\u00edn\u00e1l tov\u00e1bbi kiv\u00e9teles arom\u00e1kat. Legyen sz\u00f3 gy\u00fcm\u00f6lcs\u00f6sr\u0151l, \u00e9desr\u0151l vagy frissr\u0151l - a <strong>alfakher24h.de<\/strong> Biztosan megtal\u00e1lod a sz\u00e1modra megfelel\u0151 \u00edzt.<\/p>\n<h4>3. <strong>Felhaszn\u00e1l\u00f3bar\u00e1ts\u00e1g<\/strong><\/h4>\n<p>A k\u00e9sz\u00fcl\u00e9k el\u0151t\u00f6lt\u00f6tt \u00e9s el\u0151re felt\u00f6lt\u00f6tt, ami megsp\u00f3rolja a folyamatos ut\u00e1nt\u00f6lt\u00e9s \u00e9s \u00fajrat\u00f6lt\u00e9s f\u00e1rads\u00e1g\u00e1t. Egyszer\u0171en haszn\u00e1lja a k\u00e9sz\u00fcl\u00e9ket, amikor csak akarja, \u00e9s sz\u00fcks\u00e9g eset\u00e9n a <strong>USB-C csatlakoz\u00f3<\/strong> Gyorsan t\u00f6ltse \u00fajra.<\/p>\n<h4>4. <strong>Gyors \u00e9s biztons\u00e1gos sz\u00e1ll\u00edt\u00e1s N\u00e9metorsz\u00e1gban<\/strong><\/h4>\n<p>Fel <strong>alfakher24h.de<\/strong> Nem csak sz\u00e9les term\u00e9kv\u00e1laszt\u00e9kot k\u00edn\u00e1lunk, hanem gyors \u00e9s biztons\u00e1gos sz\u00e1ll\u00edt\u00e1st N\u00e9metorsz\u00e1gon bel\u00fcl. Mind\u00f6ssze n\u00e9h\u00e1ny kattint\u00e1ssal megrendelheted <strong><a href=\"https:\/\/alfakher24h.de\/hu\/\">Al Fakher<\/a> Crown Bar Big Cloud 8000 PRO<\/strong> K\u00e9nyelmesen h\u00e1zhoz sz\u00e1ll\u00edttatni.<\/p>\n<h4>5. <strong>A legnagyobb online platform az egyszer haszn\u00e1latos e-cigarett\u00e1khoz N\u00e9metorsz\u00e1gban<\/strong><\/h4>\n<p>N\u00e9metorsz\u00e1g legnagyobb egyszer haszn\u00e1latos e-cigaretta sz\u00e1ll\u00edt\u00f3ja <a href=\"https:\/\/alfakher24h.de\/hu\/\"><strong>alfakher24h.de<\/strong><\/a> A legjobb g\u0151z\u00f6l\u00e9si term\u00e9kek el\u00e9r\u00e9si pontja. Nemcsak a leg\u00fajabb eszk\u00f6z\u00f6ket k\u00edn\u00e1ljuk, hanem \u00e1tfog\u00f3 \u00fcgyf\u00e9lszolg\u00e1latot \u00e9s a legjobb \u00e1rakat is.<\/p>\n<p><img loading=\"lazy\" decoding=\"async\" class=\"alignnone size-full wp-image-333\" src=\"https:\/\/alfakher24h.de\/wp-content\/uploads\/2024\/09\/Al-Fakher-Crown-Bar-Big-Cloud-8000-PRO-Zuege-Einweg-E-Zigarette-Two-Apple-2.webp\" alt=\"Al Fakher Crown Bar Big Cloud 8000 PRO h\u00faz\u00e1sok eldobhat\u00f3 E cigaretta - K\u00e9t alma\" width=\"2000\" height=\"2000\" title=\"\" srcset=\"https:\/\/alfakher24h.de\/wp-content\/uploads\/2024\/09\/Al-Fakher-Crown-Bar-Big-Cloud-8000-PRO-Zuege-Einweg-E-Zigarette-Two-Apple-2.webp 2000w, https:\/\/alfakher24h.de\/wp-content\/uploads\/2024\/09\/Al-Fakher-Crown-Bar-Big-Cloud-8000-PRO-Zuege-Einweg-E-Zigarette-Two-Apple-2-300x300.webp 300w, https:\/\/alfakher24h.de\/wp-content\/uploads\/2024\/09\/Al-Fakher-Crown-Bar-Big-Cloud-8000-PRO-Zuege-Einweg-E-Zigarette-Two-Apple-2-1024x1024.webp 1024w, https:\/\/alfakher24h.de\/wp-content\/uploads\/2024\/09\/Al-Fakher-Crown-Bar-Big-Cloud-8000-PRO-Zuege-Einweg-E-Zigarette-Two-Apple-2-150x150.webp 150w, https:\/\/alfakher24h.de\/wp-content\/uploads\/2024\/09\/Al-Fakher-Crown-Bar-Big-Cloud-8000-PRO-Zuege-Einweg-E-Zigarette-Two-Apple-2-768x768.webp 768w, https:\/\/alfakher24h.de\/wp-content\/uploads\/2024\/09\/Al-Fakher-Crown-Bar-Big-Cloud-8000-PRO-Zuege-Einweg-E-Zigarette-Two-Apple-2-1536x1536.webp 1536w, https:\/\/alfakher24h.de\/wp-content\/uploads\/2024\/09\/Al-Fakher-Crown-Bar-Big-Cloud-8000-PRO-Zuege-Einweg-E-Zigarette-Two-Apple-2-600x600.webp 600w, https:\/\/alfakher24h.de\/wp-content\/uploads\/2024\/09\/Al-Fakher-Crown-Bar-Big-Cloud-8000-PRO-Zuege-Einweg-E-Zigarette-Two-Apple-2-100x100.webp 100w\" sizes=\"auto, (max-width: 2000px) 100vw, 2000px\" \/><\/p>\n<h3><strong>Fazit: Az Al Fakher Crown Bar Big Cloud 8000 PRO - A t\u00f6k\u00e9letes t\u00e1rsad egy p\u00e1ratlan vapoz\u00e1s-\u00e9lm\u00e9nyhez<\/strong><\/h3>\n<p>A k\u00f6vetkez\u0151vel <strong><a href=\"https:\/\/alfakher24h.de\/hu\/\">Al Fakher<\/a> Crown Bar Big Cloud 8000 PRO<\/strong> kap egy <a href=\"https:\/\/alfakher24h.de\/hu\/\">Eldobhat\u00f3 e-cigaretta<\/a>amely mind \u00edzben, mind teljes\u00edtm\u00e9nyben meggy\u0151z\u0151. K\u00fcl\u00f6n\u00f6sen a <strong>K\u00e9t alma<\/strong>Az \u00edz egyed\u00fcl\u00e1ll\u00f3, autentikus arom\u00e1t k\u00edn\u00e1l, amely minden sz\u00edv\u00e1st \u00e9lm\u00e9nny\u00e9 tesz. A hossz\u00fa \u00e9lettartamnak \u00e9s a felhaszn\u00e1l\u00f3bar\u00e1t kezel\u00e9snek k\u00f6sz\u00f6nhet\u0151en ez a modell a t\u00f6k\u00e9letes v\u00e1laszt\u00e1s mindazok sz\u00e1m\u00e1ra, akik egy egyszer\u0171, de m\u00e9gis kiv\u00e1l\u00f3 min\u0151s\u00e9g\u0171 vape-\u00e9lm\u00e9nyt keresnek.<\/p>\n<p>V\u00e1s\u00e1rolj most <strong>Al Fakher Crown Bar Big Cloud 8000 PRO<\/strong> auf <a href=\"https:\/\/alfakher24h.de\/hu\/\"><strong>alfakher24h.de<\/strong><\/a>N\u00e9metorsz\u00e1g legnagyobb egyszer haszn\u00e1latos e-cigaretta platformja, \u00e9s tapasztalja meg a vaporiz\u00e1l\u00e1st \u00faj szinten!<\/p>","protected":false},"excerpt":{"rendered":"<p>A <strong>Al Fakher Crown Bar Big Cloud 8000 PRO h\u00faz\u00e1s egyszer haszn\u00e1latos e-cigaretta<\/strong> Biztos\u00edt ak\u00e1r 8000 h\u00faz\u00e1ssal, kett\u0151s \u00fczemm\u00f3ddal \u00e9s intenz\u00edv \u00edzekkel, mint p\u00e9ld\u00e1ul a Two Apple, kiv\u00e9teles g\u0151z\u00f6l\u00e9si \u00e9lm\u00e9nyt ny\u00fajt, ide\u00e1lis a n\u00e9metorsz\u00e1gi g\u0151z\u00f6l\u0151k sz\u00e1m\u00e1ra, akik \u00e9rt\u00e9kelik a min\u0151s\u00e9get \u00e9s a felhaszn\u00e1l\u00f3bar\u00e1t kialak\u00edt\u00e1st.<\/p>","protected":false},"featured_media":331,"comment_status":"open","ping_status":"closed","template":"","meta":{"om_disable_all_campaigns":false},"product_brand":[],"product_cat":[21],"product_tag":[],"class_list":{"0":"post-330","1":"product","2":"type-product","3":"status-publish","4":"has-post-thumbnail","6":"product_cat-al-fakher-crown-bar-big-cloud-8000-pro","8":"first","9":"outofstock","10":"shipping-taxable","11":"purchasable","12":"product-type-simple"},"_links":{"self":[{"href":"https:\/\/alfakher24h.de\/hu\/wp-json\/wp\/v2\/product\/330","targetHints":{"allow":["GET"]}}],"collection":[{"href":"https:\/\/alfakher24h.de\/hu\/wp-json\/wp\/v2\/product"}],"about":[{"href":"https:\/\/alfakher24h.de\/hu\/wp-json\/wp\/v2\/types\/product"}],"replies":[{"embeddable":true,"href":"https:\/\/alfakher24h.de\/hu\/wp-json\/wp\/v2\/comments?post=330"}],"wp:featuredmedia":[{"embeddable":true,"href":"https:\/\/alfakher24h.de\/hu\/wp-json\/wp\/v2\/media\/331"}],"wp:attachment":[{"href":"https:\/\/alfakher24h.de\/hu\/wp-json\/wp\/v2\/media?parent=330"}],"wp:term":[{"taxonomy":"product_brand","embeddable":true,"href":"https:\/\/alfakher24h.de\/hu\/wp-json\/wp\/v2\/product_brand?post=330"},{"taxonomy":"product_cat","embeddable":true,"href":"https:\/\/alfakher24h.de\/hu\/wp-json\/wp\/v2\/product_cat?post=330"},{"taxonomy":"product_tag","embeddable":true,"href":"https:\/\/alfakher24h.de\/hu\/wp-json\/wp\/v2\/product_tag?post=330"}],"curies":[{"name":"wp","href":"https:\/\/api.w.org\/{rel}","templated":true}]}}