{"id":310,"date":"2024-09-17T07:43:40","date_gmt":"2024-09-17T07:43:40","guid":{"rendered":"https:\/\/alfakher24h.de\/?post_type=product&#038;p=310"},"modified":"2025-07-16T07:12:18","modified_gmt":"2025-07-16T07:12:18","slug":"al-fakher-koronarud-nagy-felho-8000-per-puff-eldobhato-e-cigaretta-mango-jeg","status":"publish","type":"product","link":"https:\/\/alfakher24h.de\/hu\/termek\/al-fakher-koronarud-nagy-felho-8000-per-puff-eldobhato-e-cigaretta-mango-jeg\/","title":{"rendered":"Al Fakher Crown Bar Big Cloud 8000 PRO h\u00faz\u00e1sok eldobhat\u00f3 E-cigaretta-Mango J\u00e9g"},"content":{"rendered":"<h2><strong><a href=\"https:\/\/alfakher24h.de\/hu\/termekkategoria\/al-fakher-crown-bar-big-cloud-8000-pro\/\">Al Fakher Crown Bar Big Cloud 8000 PRO h\u00faz\u00e1sok<\/a> Egyhaszn\u00e1latos E-cigaretta - Mang\u00f3 J\u00e9g<\/strong><\/h2>\n<p>\u00c9lje \u00e1t a v\u00e9gs\u0151 vape-\u00e9lm\u00e9nyt a<a href=\"https:\/\/alfakher24h.de\/hu\/\"> Al Fakher<\/a> Crown Bar Big Cloud 8000 PRO. Ez a korszer\u0171 eldobhat\u00f3 e-cigaretta \u00f6tv\u00f6zi az innovat\u00edv technol\u00f3gi\u00e1t az eleg\u00e1ns diz\u00e1jnnal, \u00e9s ide\u00e1lis minden tapasztalatszint\u0171 vaporer sz\u00e1m\u00e1ra - legyen ak\u00e1r kezd\u0151, ak\u00e1r tapasztalt p\u00e1rologtat\u00f3. Leny\u0171g\u00f6z\u0151 kapacit\u00e1s\u00e1val \u00e9s felhaszn\u00e1l\u00f3bar\u00e1t kezel\u00e9s\u00e9vel \u00faj m\u00e9rc\u00e9t \u00e1ll\u00edt fel az eldobhat\u00f3 e-cigarett\u00e1k ter\u00fclet\u00e9n.<\/p>\n<h3><strong>Al Fakher Crown Bar Big Cloud 8000 PRO h\u00faz\u00e1sok <\/strong>Al Fakher Crown Bar Big Cloud 8000 PRO<\/h3>\n<p>Al Fakher Crown Bar Big Cloud 8000 PRO<a href=\"https:\/\/alfakher24h.de\/hu\/\">Eldobhat\u00f3 e-cigaretta<\/a>, amely p\u00e1ratlan g\u0151z\u00f6l\u00e9si \u00e9lm\u00e9nyt ny\u00fajt. 18 ml-es e-folyad\u00e9k kapacit\u00e1ssal \u00e9s ak\u00e1r 8000 sz\u00edv\u00e1ssal felszerelve, ez az eszk\u00f6z rendk\u00edv\u00fcl hossz\u00fa haszn\u00e1latot k\u00edn\u00e1l \u00fajrat\u00f6lt\u00e9s vagy felt\u00f6lt\u00e9s n\u00e9lk\u00fcl. A be\u00e9p\u00edtett kett\u0151s \u00fczemm\u00f3d\u00fa funkcionalit\u00e1s lehet\u0151v\u00e9 teszi, hogy v\u00e1ltson k\u00e9t g\u0151z\u00f6l\u00e9si st\u00edlus k\u00f6z\u00f6tt: sz\u00e1jb\u00f3l t\u00fcd\u0151be (MTL) egy enyhe, \u00edzletes \u00e9lm\u00e9ny\u00e9rt, vagy k\u00f6zvetlen\u00fcl a t\u00fcd\u0151be (DTL) intenz\u00edv, felh\u0151-k\u00e9pz\u0151d\u00e9s\u0171 sz\u00edv\u00e1sokhoz.<\/p>\n<p>5 mg-os nikotins\u00f3 tartalommal az Al Fakher Crown Bar Big Cloud 8000 PRO enyhe, de er\u0151s nikotinl\u00f6ketet biztos\u00edt, amely intenz\u00edvebb\u00e9 teszi az \u00d6n g\u0151z\u00f6l\u00e9si \u00e9lm\u00e9ny\u00e9t. Az \u00fajrat\u00f6lthet\u0151 800 mAh-s akkumul\u00e1tor megb\u00edzhat\u00f3 teljes\u00edtm\u00e9nyt ny\u00fajt, m\u00edg az LED-kijelz\u0151 folyamatosan t\u00e1j\u00e9koztatja \u00d6nt az e-liquid \u00e9s az akkumul\u00e1tor kapacit\u00e1s\u00e1nak aktu\u00e1lis \u00e1llapot\u00e1r\u00f3l. A shisha-szer\u0171 sz\u00edv\u00f3hat\u00e1s \u00e9s a kompakt kialak\u00edt\u00e1s miatt ez az eldobhat\u00f3 e-cigaretta t\u00f6k\u00e9letes k\u00eds\u00e9r\u0151 az \u00faton.<\/p>\n<h3><strong>Al Fakher Crown Bar Big Cloud 8000 PRO h\u00faz\u00e1sok <\/strong>Vant\u00e1zsok \u00e1ttekint\u00e9se:<\/h3>\n<ul>\n<li><strong>K\u00e9t \u00fczemm\u00f3d\u00fa funkcionalit\u00e1s<\/strong>: V\u00e1lasszon a sz\u00e1jb\u00f3l a t\u00fcd\u0151be (MTL) \u00e9s a k\u00f6zvetlen\u00fcl a t\u00fcd\u0151be (DTL) t\u00f6rt\u00e9n\u0151 haszn\u00e1lat k\u00f6z\u00f6tt egy szem\u00e9lyre szabott g\u0151z\u00f6l\u00e9si \u00e9lm\u00e9ny\u00e9rt.<\/li>\n<li><strong>8000 vonat k\u00e9sz\u00fcl\u00e9kenk\u00e9nt<\/strong>: \u00c9lvezze a hossz\u00fa t\u00e1v\u00fa g\u0151z\u00f6l\u00e9st \u00e1lland\u00f3 ut\u00e1nt\u00f6lt\u00e9s vagy \u00fajrat\u00f6lt\u00e9s n\u00e9lk\u00fcl.<\/li>\n<li><strong>5 mg nikotins\u00f3<\/strong>F\u00fcr einen sanften, dennoch intensiven Zug mit jedem Atemzug.<\/li>\n<li><strong>800 mAh akkumul\u00e1tor<\/strong>: \u00dajrat\u00f6lthet\u0151 a Type-C csatlakoz\u00f3n kereszt\u00fcl, ide\u00e1lis hosszabb g\u0151z\u00f6l\u00e9si sessionokhoz.<\/li>\n<li><strong>LED-kijelz\u0151<\/strong>: Egy\u00e9rtelm\u0171 \u00e1ttekint\u00e9s az e-folyad\u00e9k szintj\u00e9r\u0151l \u00e9s az akkumul\u00e1tor h\u00e1tral\u00e9v\u0151 \u00e9lettartam\u00e1r\u00f3l.<\/li>\n<li><strong>V\u00edzipipa-szer\u0171 f\u00fcst<\/strong>: Nagy, s\u0171r\u0171 felh\u0151k, amelyek a klasszikus shisha-\u00e9lm\u00e9nyre eml\u00e9keztetnek.<\/li>\n<li><strong>Kompakt \u00e9s hordozhat\u00f3<\/strong>: Karcs\u00fa kialak\u00edt\u00e1s a k\u00e9nyelmes \u00fatk\u00f6zbeni g\u0151z\u00f6l\u00e9shez.<\/li>\n<\/ul>\n<h3>R\u00e9szletes funkci\u00f3le\u00edr\u00e1s<\/h3>\n<h3><strong>Al Fakher Crown Bar Big Cloud 8000 PRO h\u00faz\u00e1sok <\/strong>K\u00e9t \u00fczemm\u00f3d\u00fa funkcionalit\u00e1s<\/h3>\n<p>A Dual-Mode funkcionalit\u00e1sa a <a href=\"https:\/\/alfakher24h.de\/hu\/\">Al Fakher<\/a> A Crown Bar Big Cloud 8000 PRO egy kiemelked\u0151 tulajdons\u00e1g, amely megk\u00fcl\u00f6nb\u00f6zteti ezt az e-cigarett\u00e1t m\u00e1sokt\u00f3l. Az\u00e1ltal, hogy v\u00e1ltani lehet a sz\u00e1jb\u00f3l t\u00fcd\u0151be (MTL) \u00e9s k\u00f6zvetlen\u00fcl a t\u00fcd\u0151be (DTL) k\u00f6z\u00f6tt, szem\u00e9lyre szabhatja a g\u0151z\u00f6l\u00e9si \u00e9lm\u00e9nyt az \u00d6n preferenci\u00e1i szerint. Az MTL m\u00f3d enyhe, \u00edzletes g\u0151z\u00f6l\u00e9st k\u00edn\u00e1l, ide\u00e1lis kezd\u0151k sz\u00e1m\u00e1ra vagy azok sz\u00e1m\u00e1ra, akik egy visszafogottabb \u00e9lm\u00e9nyt r\u00e9szes\u00edtenek el\u0151nyben. A DTL m\u00f3d viszont intenz\u00edv, felh\u0151szer\u0171 f\u00faj\u00e1sokat tesz lehet\u0151v\u00e9, amelyek k\u00fcl\u00f6n\u00f6sen a tapasztalt g\u0151z\u00f6l\u0151k sz\u00e1m\u00e1ra vonz\u00f3ak.<\/p>\n<h3>8000 vonat k\u00e9sz\u00fcl\u00e9kenk\u00e9nt<\/h3>\n<p>Az Al Fakher Crown Bar Big Cloud 8000 PRO, amelynek kapacit\u00e1sa ak\u00e1r 8000 f\u00faj\u00e1s, egyike a leghosszabb \u00e9lettartam\u00fa eldobhat\u00f3 e-cigarett\u00e1knak a piacon. Ez azt jelenti, hogy \u00d6nnek ritk\u00e1bban kell ut\u00e1nt\u00f6ltenie, \u00e9s hosszabb ideig haszn\u00e1lhatja az eszk\u00f6zt. \u00c1lland\u00f3an magas teljes\u00edtm\u00e9nyre \u00e9s intenz\u00edv \u00edzre sz\u00e1m\u00edthat, an\u00e9lk\u00fcl, hogy agg\u00f3dnia kellene a p\u00f3tl\u00e1s miatt.<\/p>\n<h3>5 mg nikotins\u00f3<\/h3>\n<p>Az Al Fakher Crown Bar Big Cloud 8000 PRO 5 mg nikotins\u00f3val van el\u0151t\u00f6ltve, ami k\u00fcl\u00f6n\u00f6sen enyhe, de m\u00e9gis er\u0151s nikotinl\u00f6ket biztos\u00edt.  A nikotins\u00f3 ismert arr\u00f3l, hogy k\u00e9pes gyorsabban felsz\u00edv\u00f3dni a v\u00e9rbe \u00e9s intenz\u00edvebb \u00edzt ny\u00fajtani an\u00e9lk\u00fcl, hogy a szok\u00e1sos kapar\u00f3 \u00e9rz\u00e9st okozna a torokban.  Ez a tulajdons\u00e1g k\u00fcl\u00f6n\u00f6sen kellemess\u00e9 \u00e9s kiel\u00e9g\u00edt\u0151v\u00e9 teszi a g\u0151z\u00f6l\u00e9st.<\/p>\n<h3>800 mAh akkumul\u00e1tor<\/h3>\n<p>A be\u00e9p\u00edtett 800 mAh-s akkumul\u00e1tor a Al Fakher Crown Bar Big Cloud 8000 PRO k\u00e9sz\u00fcl\u00e9kben modern Type-C csatlakoz\u00f3n kereszt\u00fcl gyorsan felt\u00f6lthet\u0151. Ez lehet\u0151v\u00e9 teszi a hossz\u00fa haszn\u00e1latot gyakori t\u00f6lt\u00e9si sz\u00fcnetek n\u00e9lk\u00fcl. Az akkumul\u00e1tor megb\u00edzhat\u00f3 teljes\u00edtm\u00e9nyt ny\u00fajt \u00e9s biztos\u00edtja, hogy a g\u0151z\u00f6l\u00e9si sessionokat megszak\u00edt\u00e1s n\u00e9lk\u00fcl \u00e9lvezhesse.<\/p>\n<h3>LED-kijelz\u0151<\/h3>\n<p>A felhaszn\u00e1l\u00f3bar\u00e1t LED-kijelz\u0151 mindig t\u00e1j\u00e9koztatja az e-folyad\u00e9k \u00e9s az akkumul\u00e1tor kapacit\u00e1s\u00e1nak aktu\u00e1lis \u00e1llapot\u00e1r\u00f3l. \u00cdgy mindig vil\u00e1gos \u00e1ttekint\u00e9ssel rendelkezik, \u00e9s biztos lehet abban, hogy id\u0151ben ut\u00e1nt\u00f6lt vagy felt\u00f6lt, hogy folyamatos g\u0151z\u00f6l\u00e9si \u00e9lm\u00e9nyt biztos\u00edtson.<\/p>\n<h3>V\u00edzipipa-szer\u0171 f\u00fcst<\/h3>\n<p>Azok sz\u00e1m\u00e1ra, akik \u00e9rt\u00e9kelik a hagyom\u00e1nyos v\u00edzipipa-\u00e9lm\u00e9nyt, az Al Fakher Crown Bar Big Cloud 8000 PRO kiv\u00e1l\u00f3 ut\u00e1nzatot ny\u00fajt. A s\u0171r\u0171, \u00edzletes felh\u0151k, amelyeket termel, eml\u00e9keztetnek a klasszikus v\u00edzipipa-g\u0151z\u00f6l\u00e9sre, azonban a v\u00edzipipa k\u00e9nyelmetlens\u00e9gei \u00e9s k\u00f6r\u00fclm\u00e9nyei n\u00e9lk\u00fcl.<\/p>\n<h3>Kompakt \u00e9s hordozhat\u00f3<\/h3>\n<p>A karcs\u00fa, kompakt kialak\u00edt\u00e1s\u00fa Al Fakher Crown Bar Big Cloud 8000 PRO ide\u00e1lis t\u00e1rs a mindennapokban. K\u00f6nny\u0171 szerkezete biztos\u00edtja a k\u00e9nyelmes g\u0151z\u00f6l\u00e9st, b\u00e1rhol \u00e9s b\u00e1rmikor k\u00edv\u00e1nja. Probl\u00e9mamentesen belef\u00e9r b\u00e1rmely zsebbe, \u00e9s mindig k\u00e9szen \u00e1ll a k\u00f6vetkez\u0151 f\u00faj\u00e1sra.<\/p>\n<h2>Mango Ice - Az Al Fakher Crown Bar Big Cloud 8000 PRO \u00edz\u00e9lm\u00e9nye<\/h2>\n<p><strong>Mango j\u00e9g<\/strong> egyike a kiemelked\u0151 \u00edzvil\u00e1goknak <a href=\"https:\/\/alfakher24h.de\/hu\/\">Al Fakher<\/a> Crown Bar Big Cloud 8000 PRO. Ez az \u00edz egyes\u00edti a l\u00e9d\u00fas mang\u00f3 \u00e9dess\u00e9g\u00e9t egy friss\u00edt\u0151 mentolos befejez\u00e9ssel, amely kellemes h\u0171v\u00f6ss\u00e9get ad a g\u0151z\u00f6l\u00e9si \u00e9lm\u00e9nynek.<\/p>\n<p><img loading=\"lazy\" decoding=\"async\" class=\"alignnone size-full wp-image-313\" src=\"https:\/\/alfakher24h.de\/wp-content\/uploads\/2024\/09\/Al-Fakher-Crown-Bar-Big-Cloud-8000-PRO-Zuege-Einweg-E-Zigarette-Mango-Ice-2.webp\" alt=\"Al Fakher Crown Bar Big Cloud 8000 PRO h\u00faz\u00e1sok eldobhat\u00f3 E-cigaretta-Mango J\u00e9g\" width=\"2000\" height=\"2000\" title=\"\" srcset=\"https:\/\/alfakher24h.de\/wp-content\/uploads\/2024\/09\/Al-Fakher-Crown-Bar-Big-Cloud-8000-PRO-Zuege-Einweg-E-Zigarette-Mango-Ice-2.webp 2000w, https:\/\/alfakher24h.de\/wp-content\/uploads\/2024\/09\/Al-Fakher-Crown-Bar-Big-Cloud-8000-PRO-Zuege-Einweg-E-Zigarette-Mango-Ice-2-300x300.webp 300w, https:\/\/alfakher24h.de\/wp-content\/uploads\/2024\/09\/Al-Fakher-Crown-Bar-Big-Cloud-8000-PRO-Zuege-Einweg-E-Zigarette-Mango-Ice-2-1024x1024.webp 1024w, https:\/\/alfakher24h.de\/wp-content\/uploads\/2024\/09\/Al-Fakher-Crown-Bar-Big-Cloud-8000-PRO-Zuege-Einweg-E-Zigarette-Mango-Ice-2-150x150.webp 150w, https:\/\/alfakher24h.de\/wp-content\/uploads\/2024\/09\/Al-Fakher-Crown-Bar-Big-Cloud-8000-PRO-Zuege-Einweg-E-Zigarette-Mango-Ice-2-768x768.webp 768w, https:\/\/alfakher24h.de\/wp-content\/uploads\/2024\/09\/Al-Fakher-Crown-Bar-Big-Cloud-8000-PRO-Zuege-Einweg-E-Zigarette-Mango-Ice-2-1536x1536.webp 1536w, https:\/\/alfakher24h.de\/wp-content\/uploads\/2024\/09\/Al-Fakher-Crown-Bar-Big-Cloud-8000-PRO-Zuege-Einweg-E-Zigarette-Mango-Ice-2-600x600.webp 600w, https:\/\/alfakher24h.de\/wp-content\/uploads\/2024\/09\/Al-Fakher-Crown-Bar-Big-Cloud-8000-PRO-Zuege-Einweg-E-Zigarette-Mango-Ice-2-100x100.webp 100w\" sizes=\"auto, (max-width: 2000px) 100vw, 2000px\" \/><\/p>\n<h3><strong>Al Fakher Crown Bar Big Cloud 8000 PRO h\u00faz\u00e1sok <\/strong>\u00cdzle\u00edr\u00e1s<\/h3>\n<p><strong>\u00c9des mang\u00f3<\/strong>Minden Mango Ice h\u00faz\u00e1sn\u00e1l \u00e1t\u00e9lheti az \u00e9rett mang\u00f3 teljes \u00edz\u00e9t. A gy\u00fcm\u00f6lcs\u00f6s \u00e9dess\u00e9g friss, v\u00e1gott tr\u00f3pusi gy\u00fcm\u00f6lcs\u00f6kre eml\u00e9keztet, \u00e9s l\u00e9d\u00fas, finom jegyet ad a vape-\u00e9lm\u00e9ny\u00e9nek. A term\u00e9szetes \u00e9dess\u00e9g \u00e9s az intenz\u00edv mang\u00f3 \u00edz k\u00f6z\u00f6tti egyens\u00faly minden szempontb\u00f3l \u00edzletes \u00f6r\u00f6met biztos\u00edt.<\/p>\n<p><strong>H\u0171s mentol<\/strong>Miut\u00e1n a \u00e9des mang\u00f3 \u00edze kibontakozott, egy h\u0171s mentol fuvallat k\u00f6vetkezik, amely friss\u00edt\u0151 \u00e9s \u00e9l\u00e9nk\u00edt\u0151 \u00e9rz\u00e9st biztos\u00edt. Ez a mentol biztos\u00edtja, hogy a gy\u00fcm\u00f6lcs\u00f6s intenzit\u00e1s kellemesen kiegyens\u00falyozott legyen, \u00e9s friss, tiszta \u00e9rz\u00e9st hagyjon a sz\u00e1jban, amelyet k\u00fcl\u00f6n\u00f6sen a forr\u00f3 napokon \u00e9rt\u00e9kelnek.<\/p>\n<p><strong>Enyhe nikotinsokk<\/strong>A 5% nikotins\u00f3 tartalma biztos\u00edtja, hogy a Mango Ice \u00edze ne csak \u00edzben, hanem a nikotinbevitelben is kiegyens\u00falyozott legyen. A l\u00e1gy sz\u00edv\u00e1s kellemes p\u00e1rologtat\u00e1st tesz lehet\u0151v\u00e9 kellemetlen kapar\u00e1s n\u00e9lk\u00fcl a torokban, \u00e9s \u00edgy ide\u00e1lis azok sz\u00e1m\u00e1ra, akik mind a teljes mang\u00f3 \u00edzt, mind pedig az enyhe, de kiel\u00e9g\u00edt\u0151 nikotind\u00f3zist szeretn\u00e9k \u00e9lvezni.<\/p>\n<p>\u00c9lje \u00e1t a Mango Ice-t \u00e9s m\u00e1s exkluz\u00edv \u00edzeket az Al Fakher Crown Bar Big Cloud 8000 PRO-n <a href=\"https:\/\/alfakher24h.de\/hu\/\">alfakher24h.de<\/a> A legnagyobb online eldobhat\u00f3 e-cigaretta \u00e9rt\u00e9kes\u00edt\u00e9si platformja N\u00e9metorsz\u00e1gban. Fedezze fel, hogyan emeli ez a pr\u00e9mium eldobhat\u00f3 e-cigaretta az \u00d6n g\u0151z\u00f6l\u00e9si \u00e9lm\u00e9ny\u00e9t egy \u00faj szintre!<\/p>","protected":false},"excerpt":{"rendered":"<p>Az Al Fakher Crown Bar Big Cloud 8000 PRO egy fejlett, egyszer haszn\u00e1latos e-cigaretta, amely ak\u00e1r 8000 sz\u00edv\u00e1sig, \u00fajrat\u00f6lthet\u0151 akkumul\u00e1torral, 18 ml el\u0151t\u00f6lt\u00f6tt e-folyad\u00e9kkal \u00e9s sokoldal\u00fa kett\u0151s \u00fczemm\u00f3drendszerrel rendelkezik a szem\u00e9lyre szabott g\u0151z\u00f6l\u00e9shez<\/p>","protected":false},"featured_media":311,"comment_status":"open","ping_status":"closed","template":"","meta":{"om_disable_all_campaigns":false},"product_brand":[],"product_cat":[21],"product_tag":[],"class_list":{"0":"post-310","1":"product","2":"type-product","3":"status-publish","4":"has-post-thumbnail","6":"product_cat-al-fakher-crown-bar-big-cloud-8000-pro","8":"first","9":"outofstock","10":"shipping-taxable","11":"purchasable","12":"product-type-simple"},"_links":{"self":[{"href":"https:\/\/alfakher24h.de\/hu\/wp-json\/wp\/v2\/product\/310","targetHints":{"allow":["GET"]}}],"collection":[{"href":"https:\/\/alfakher24h.de\/hu\/wp-json\/wp\/v2\/product"}],"about":[{"href":"https:\/\/alfakher24h.de\/hu\/wp-json\/wp\/v2\/types\/product"}],"replies":[{"embeddable":true,"href":"https:\/\/alfakher24h.de\/hu\/wp-json\/wp\/v2\/comments?post=310"}],"wp:featuredmedia":[{"embeddable":true,"href":"https:\/\/alfakher24h.de\/hu\/wp-json\/wp\/v2\/media\/311"}],"wp:attachment":[{"href":"https:\/\/alfakher24h.de\/hu\/wp-json\/wp\/v2\/media?parent=310"}],"wp:term":[{"taxonomy":"product_brand","embeddable":true,"href":"https:\/\/alfakher24h.de\/hu\/wp-json\/wp\/v2\/product_brand?post=310"},{"taxonomy":"product_cat","embeddable":true,"href":"https:\/\/alfakher24h.de\/hu\/wp-json\/wp\/v2\/product_cat?post=310"},{"taxonomy":"product_tag","embeddable":true,"href":"https:\/\/alfakher24h.de\/hu\/wp-json\/wp\/v2\/product_tag?post=310"}],"curies":[{"name":"wp","href":"https:\/\/api.w.org\/{rel}","templated":true}]}}