{"id":306,"date":"2024-09-17T07:35:49","date_gmt":"2024-09-17T07:35:49","guid":{"rendered":"https:\/\/alfakher24h.de\/?post_type=product&#038;p=306"},"modified":"2025-07-16T07:12:18","modified_gmt":"2025-07-16T07:12:18","slug":"al-fakher-koronarud-nagy-felho-8000-szivatasonkent-eldobhato-e-cigi-varazslatos-szerelem","status":"publish","type":"product","link":"https:\/\/alfakher24h.de\/hu\/termek\/al-fakher-koronarud-nagy-felho-8000-szivatasonkent-eldobhato-e-cigi-varazslatos-szerelem\/","title":{"rendered":"Al Fakher Crown Bar Big Cloud 8000 PRO h\u00faz\u00e1sok eldobhat\u00f3 E-cigaretta - Magic Love"},"content":{"rendered":"<h2><a href=\"https:\/\/alfakher24h.de\/hu\/termekkategoria\/al-fakher-crown-bar-big-cloud-8000-pro\/\">Al Fakher Crown Bar Big Cloud 8000 PRO h\u00faz\u00e1sok<\/a> Egyhaszn\u00e1latos E-cigaretta - Magic Love<\/h2>\n<p>\u00c9lje \u00e1t a k\u00f6vetkez\u0151 szintet a vapinggal az Al Fakher Crown Bar Big Cloud 8000 PRO-val. Ez a kiv\u00e1l\u00f3 min\u0151s\u00e9g\u0171 eldobhat\u00f3 e-cigaretta minden tapasztalati szint\u0171 vapper sz\u00e1m\u00e1ra - az \u00fajoncokt\u00f3l a halad\u00f3kig - p\u00e1ratlan g\u0151z\u00f6l\u00e9si \u00e9lm\u00e9nyt ny\u00fajt. A fejlett technol\u00f3gi\u00e1val \u00e9s kiemelked\u0151 teljes\u00edtm\u00e9nnyel ez az eszk\u00f6z \u00faj m\u00e9rc\u00e9t \u00e1ll\u00edt fel a vaping ter\u00fclet\u00e9n.<\/p>\n<h3><strong>Al Fakher Crown Bar Big Cloud 8000 PRO<\/strong><\/h3>\n<p>A <a href=\"https:\/\/alfakher24h.de\/hu\/\">Al Fakher<\/a> Crown Bar Big Cloud 8000 PRO egy fejlett <a href=\"https:\/\/alfakher24h.de\/hu\/\">Egyhaszn\u00e1latos e-cigaretta<\/a> A leny\u0171g\u00f6z\u0151 teljes\u00edtm\u00e9ny\u00e9vel \u00e9s felhaszn\u00e1l\u00f3bar\u00e1t kialak\u00edt\u00e1s\u00e1val h\u00edvja fel mag\u00e1ra a figyelmet. Legfeljebb 8000 sz\u00edv\u00e1ssal \u00e9s 18 ml e-folyad\u00e9k t\u00f6lt\u00e9si mennyis\u00e9g\u00e9vel ez az e-cigaretta hossz\u00fa t\u00e1v\u00fa \u00e9s intenz\u00edv g\u0151z\u00f6l\u00e9si \u00e9lm\u00e9nyt ny\u00fajt. Az 5 mg nikotins\u00f3 adagonk\u00e9nt l\u00e1gy, de er\u0151teljes sz\u00edv\u00e1st k\u00edn\u00e1l, amely mind a kezd\u0151k, mind a tapasztalt vaperek ig\u00e9nyeinek megfelel.<\/p>\n<h3><strong>Vant\u00e1zsok \u00e1ttekint\u00e9se<\/strong><\/h3>\n<ul>\n<li><strong>K\u00e9t \u00fczemm\u00f3d\u00fa funkcionalit\u00e1s<\/strong>: V\u00e1lasszon a sz\u00e1jb\u00f3l a t\u00fcd\u0151be (MTL) \u00e9s a k\u00f6zvetlen\u00fcl a t\u00fcd\u0151be (DTL) t\u00f6rt\u00e9n\u0151 haszn\u00e1lat k\u00f6z\u00f6tt egy szem\u00e9lyre szabott g\u0151z\u00f6l\u00e9si \u00e9lm\u00e9ny\u00e9rt.<\/li>\n<li><strong>8000 vonat k\u00e9sz\u00fcl\u00e9kenk\u00e9nt<\/strong>: \u00c9lvezze a hossz\u00fa haszn\u00e1latot gyakori t\u00f6lt\u00e9s vagy ut\u00e1nt\u00f6lt\u00e9s n\u00e9lk\u00fcl.<\/li>\n<li><strong>5 mg nikotins\u00f3<\/strong>: \u00c9lje \u00e1t az enyhe, de intenz\u00edv nikotinl\u00f6k\u00e9st minden sz\u00edv\u00e1ssal.<\/li>\n<li><strong>800 mAh akkumul\u00e1tor<\/strong>: \u00dajrat\u00f6lthet\u0151 Type-C csatlakoz\u00f3n kereszt\u00fcl a hosszabb g\u0151z\u00f6l\u00e9si munkamenetekhez.<\/li>\n<li><strong>LED-kijelz\u0151<\/strong>: Tartsa szemmel az e-folyad\u00e9k szintj\u00e9t \u00e9s az akkumul\u00e1tor h\u00e1tral\u00e9v\u0151 \u00e9lettartam\u00e1t.<\/li>\n<li><strong>V\u00edzipipa-szer\u0171 \u00e9lm\u00e9ny<\/strong>: Nagy, s\u0171r\u0171 felh\u0151k az autentikus shisha-\u00e9lm\u00e9ny\u00e9rt.<\/li>\n<\/ul>\n<h3><strong>R\u00e9szletes funkci\u00f3le\u00edr\u00e1s<\/strong><\/h3>\n<h3><strong>K\u00e9t \u00fczemm\u00f3d\u00fa funkcionalit\u00e1s<\/strong><\/h3>\n<p>A <a href=\"https:\/\/alfakher24h.de\/hu\/\">Al Fakher<\/a> A Crown Bar Big Cloud 8000 PRO k\u00e9t \u00fczemm\u00f3d\u00fa funkci\u00f3val rendelkezik, amely lehet\u0151v\u00e9 teszi, hogy v\u00e1ltson k\u00e9t g\u0151z\u00f6l\u00e9si st\u00edlus k\u00f6z\u00f6tt. Az MTL (sz\u00e1jb\u00f3l t\u00fcd\u0151be) m\u00f3d intenz\u00edv arom\u00e1t biztos\u00edt, m\u00edg a DTL (k\u00f6zvetlen\u00fcl a t\u00fcd\u0151be) m\u00f3d nagyobb felh\u0151ket produk\u00e1l. Ez a rugalmass\u00e1g lehet\u0151v\u00e9 teszi, hogy teljesen szem\u00e9lyre szabja g\u0151z\u00f6l\u00e9si \u00e9lm\u00e9ny\u00e9t.<\/p>\n<h3><strong>Teljes\u00edtm\u00e9ny\u0171 akkumul\u00e1tor<\/strong><\/h3>\n<p>Egy er\u0151s 850 mAh-s akkumul\u00e1torral \u00e9s Type-C t\u00f6lt\u0151csatlakoz\u00f3val az Al Fakher Crown Bar Big Cloud 8000 PRO ide\u00e1lis hossz\u00fa g\u0151z\u00f6l\u00e9si \u00fcl\u00e9sekhez. Az 18 ml-es nikotins\u00f3oldat nagy kapacit\u00e1sa ak\u00e1r 8000 sz\u00edv\u00e1st biztos\u00edt, miel\u0151tt a k\u00e9sz\u00fcl\u00e9ket el kellene dobni. Ez a nagy kapacit\u00e1s minimaliz\u00e1lja a gyakori ut\u00e1nt\u00f6lt\u00e9sek sz\u00fcks\u00e9gess\u00e9g\u00e9t, \u00e9s stresszmentes g\u0151z\u00f6l\u00e9st biztos\u00edt.<\/p>\n<h3><strong>LED-kijelz\u0151<\/strong><\/h3>\n<p>A be\u00e9p\u00edtett LED-kijelz\u0151 mindig t\u00e1j\u00e9koztatja \u00d6nt az aktu\u00e1lis e-folyad\u00e9k szintr\u0151l \u00e9s a h\u00e1tral\u00e9v\u0151 akkumul\u00e1tor \u00e9lettartam\u00e1r\u00f3l. Ez a praktikus funkci\u00f3 megk\u00f6nny\u00edti az eszk\u00f6z \u00e1llapot\u00e1nak \u00e1ttekint\u00e9s\u00e9t \u00e9s a sz\u00fcks\u00e9ges int\u00e9zked\u00e9sek id\u0151ben t\u00f6rt\u00e9n\u0151 elv\u00e9gz\u00e9s\u00e9t.<\/p>\n<h3><strong>V\u00edzipipa-szer\u0171 \u00e9lm\u00e9ny<\/strong><\/h3>\n<p>A Al Fakher Crown Bar Big Cloud 8000 PRO egyik k\u00fcl\u00f6nleges f\u00e9nypontja a shisha-szer\u0171 g\u0151z\u00f6l\u00e9si \u00e9lm\u00e9ny. Az e-cigaretta nagy, \u00edzben intenz\u00edv felh\u0151ket termel, amelyek a hagyom\u00e1nyos shisha hangulat\u00e1t id\u00e9zik. Ez a funkci\u00f3 k\u00fcl\u00f6n\u00f6sen kiel\u00e9g\u00edt\u0151 g\u0151z\u00f6l\u00e9si \u00e9lm\u00e9nyt biztos\u00edt.<\/p>\n<h2><strong>\u00cdz\u00e9lm\u00e9ny: Magic Love<\/strong><\/h2>\n<p>Az Al Fakher Crown Bar Big Cloud 8000 PRO sz\u00e1mos \u00edzes\u00edt\u00e9st k\u00edn\u00e1l, k\u00fcl\u00f6n kiemelve a Magic Love-ot. Ez az exkluz\u00edv \u00edzes\u00edt\u00e9s egyes\u00edti az \u00e9des, gy\u00fcm\u00f6lcs\u00f6s bogy\u00f3kat egy finom vir\u00e1gos \u00e1rnyalattal, amely kifinomult m\u00e9lys\u00e9get ad az \u00edznek.<\/p>\n<h3><strong>Magic Love \u2013 \u00c1lom a bogy\u00f3kr\u00f3l \u00e9s az \u00e9dess\u00e9gr\u0151l<\/strong><\/h3>\n<p>A Magic Love \u00edze egy gondosan kompon\u00e1lt kever\u00e9k \u00e9des, l\u00e9d\u00fas bogy\u00f3kb\u00f3l \u00e9s finom vir\u00e1gos \u00e1rnyalatb\u00f3l. Ez az \u00edz azt az \u00e9rz\u00e9st k\u00f6zvet\u00edti, mint egy friss ny\u00e1ri nap, amikor a bogy\u00f3k elolvadnak a nyelven \u00e9s p\u00e1ratlan \u00edz\u00e9lm\u00e9nyt ny\u00fajtanak. Az \u00e9dess\u00e9g \u00e9s a gy\u00fcm\u00f6lcs\u00f6ss\u00e9g t\u00f6k\u00e9letes egyens\u00falya biztos\u00edtja, hogy a Magic Love minden sz\u00edv\u00e1sa val\u00f3di \u00edz\u00e9lm\u00e9ny legyen.<\/p>\n<p>A gy\u00fcm\u00f6lcs\u00f6s bogy\u00f3mix t\u00f6k\u00e9letesen harmoniz\u00e1l a nikotins\u00f3-formula enyhe f\u0171szer\u00e9vel. Az intenz\u00edv \u00e9s \u00e9des arom\u00e1k szerelmeseinek a Magic Love egy abszol\u00fat must-have. Minden sz\u00edv\u00e1s lassan bontakozik ki, \u00e9s egy testes, kellemes \u00e9rz\u00e9st ny\u00fajt a sz\u00e1jban, ami tov\u00e1bb fokozza az \u00e9lvezetet.<\/p>\n<p><img loading=\"lazy\" decoding=\"async\" class=\"alignnone size-full wp-image-309\" src=\"https:\/\/alfakher24h.de\/wp-content\/uploads\/2024\/09\/Al-Fakher-Crown-Bar-Big-Cloud-8000-PRO-Zuege-Einweg-E-Zigarette-Magic-Love-2.webp\" alt=\"Al Fakher Crown Bar Big Cloud 8000 PRO h\u00faz\u00e1sok eldobhat\u00f3 E-cigaretta - Magic Love\" width=\"2000\" height=\"2000\" title=\"\" srcset=\"https:\/\/alfakher24h.de\/wp-content\/uploads\/2024\/09\/Al-Fakher-Crown-Bar-Big-Cloud-8000-PRO-Zuege-Einweg-E-Zigarette-Magic-Love-2.webp 2000w, https:\/\/alfakher24h.de\/wp-content\/uploads\/2024\/09\/Al-Fakher-Crown-Bar-Big-Cloud-8000-PRO-Zuege-Einweg-E-Zigarette-Magic-Love-2-300x300.webp 300w, https:\/\/alfakher24h.de\/wp-content\/uploads\/2024\/09\/Al-Fakher-Crown-Bar-Big-Cloud-8000-PRO-Zuege-Einweg-E-Zigarette-Magic-Love-2-1024x1024.webp 1024w, https:\/\/alfakher24h.de\/wp-content\/uploads\/2024\/09\/Al-Fakher-Crown-Bar-Big-Cloud-8000-PRO-Zuege-Einweg-E-Zigarette-Magic-Love-2-150x150.webp 150w, https:\/\/alfakher24h.de\/wp-content\/uploads\/2024\/09\/Al-Fakher-Crown-Bar-Big-Cloud-8000-PRO-Zuege-Einweg-E-Zigarette-Magic-Love-2-768x768.webp 768w, https:\/\/alfakher24h.de\/wp-content\/uploads\/2024\/09\/Al-Fakher-Crown-Bar-Big-Cloud-8000-PRO-Zuege-Einweg-E-Zigarette-Magic-Love-2-1536x1536.webp 1536w, https:\/\/alfakher24h.de\/wp-content\/uploads\/2024\/09\/Al-Fakher-Crown-Bar-Big-Cloud-8000-PRO-Zuege-Einweg-E-Zigarette-Magic-Love-2-600x600.webp 600w, https:\/\/alfakher24h.de\/wp-content\/uploads\/2024\/09\/Al-Fakher-Crown-Bar-Big-Cloud-8000-PRO-Zuege-Einweg-E-Zigarette-Magic-Love-2-100x100.webp 100w\" sizes=\"auto, (max-width: 2000px) 100vw, 2000px\" \/><\/p>\n<h2><strong>V\u00e1s\u00e1roljon most az alfakher24h.de oldalon<\/strong><\/h2>\n<p>\u00c9lje \u00e1t az Al Fakher Crown Bar Big Cloud 8000 PRO - Magic Love rendk\u00edv\u00fcli g\u0151z\u00f6l\u00e9si \u00e9lm\u00e9ny\u00e9t. V\u00e1s\u00e1rolja meg most az egyszer haszn\u00e1latos e-cigaret\u00e1j\u00e1t <a href=\"https:\/\/alfakher24h.de\/hu\/\">alfakher24h.de<\/a> a legnagyobb online kiskereskedelmi platformja sz\u00e1m\u00e1ra <a href=\"https:\/\/alfakher24h.de\/hu\/\">Eldobhat\u00f3 e-cigarett\u00e1k<\/a> N\u00e9metorsz\u00e1gban. Gy\u0151z\u0151dj\u00f6n meg az e-cigaretta min\u0151s\u00e9g\u00e9r\u0151l \u00e9s \u00edz\u00e9r\u0151l, \u00e9s \u00e9lvezze a p\u00e1ratlan vaporiz\u00e1ci\u00f3s \u00e9lm\u00e9nyt.<\/p>","protected":false},"excerpt":{"rendered":"<p>Az Al Fakher Crown Bar Big Cloud 8000 PRO egy fejlett, egyszer haszn\u00e1latos e-cigaretta, amely ak\u00e1r 8000 sz\u00edv\u00e1sig, \u00fajrat\u00f6lthet\u0151 akkumul\u00e1torral, 18 ml el\u0151t\u00f6lt\u00f6tt e-folyad\u00e9kkal \u00e9s sokoldal\u00fa kett\u0151s \u00fczemm\u00f3drendszerrel rendelkezik a szem\u00e9lyre szabott g\u0151z\u00f6l\u00e9shez<\/p>","protected":false},"featured_media":307,"comment_status":"open","ping_status":"closed","template":"","meta":{"om_disable_all_campaigns":false},"product_brand":[],"product_cat":[21],"product_tag":[],"class_list":{"0":"post-306","1":"product","2":"type-product","3":"status-publish","4":"has-post-thumbnail","6":"product_cat-al-fakher-crown-bar-big-cloud-8000-pro","8":"first","9":"outofstock","10":"shipping-taxable","11":"purchasable","12":"product-type-simple"},"_links":{"self":[{"href":"https:\/\/alfakher24h.de\/hu\/wp-json\/wp\/v2\/product\/306","targetHints":{"allow":["GET"]}}],"collection":[{"href":"https:\/\/alfakher24h.de\/hu\/wp-json\/wp\/v2\/product"}],"about":[{"href":"https:\/\/alfakher24h.de\/hu\/wp-json\/wp\/v2\/types\/product"}],"replies":[{"embeddable":true,"href":"https:\/\/alfakher24h.de\/hu\/wp-json\/wp\/v2\/comments?post=306"}],"wp:featuredmedia":[{"embeddable":true,"href":"https:\/\/alfakher24h.de\/hu\/wp-json\/wp\/v2\/media\/307"}],"wp:attachment":[{"href":"https:\/\/alfakher24h.de\/hu\/wp-json\/wp\/v2\/media?parent=306"}],"wp:term":[{"taxonomy":"product_brand","embeddable":true,"href":"https:\/\/alfakher24h.de\/hu\/wp-json\/wp\/v2\/product_brand?post=306"},{"taxonomy":"product_cat","embeddable":true,"href":"https:\/\/alfakher24h.de\/hu\/wp-json\/wp\/v2\/product_cat?post=306"},{"taxonomy":"product_tag","embeddable":true,"href":"https:\/\/alfakher24h.de\/hu\/wp-json\/wp\/v2\/product_tag?post=306"}],"curies":[{"name":"wp","href":"https:\/\/api.w.org\/{rel}","templated":true}]}}