{"id":296,"date":"2024-09-17T07:17:40","date_gmt":"2024-09-17T07:17:40","guid":{"rendered":"https:\/\/alfakher24h.de\/?post_type=product&#038;p=296"},"modified":"2025-07-16T07:12:18","modified_gmt":"2025-07-16T07:12:18","slug":"al-fakher-koronarud-nagy-felho-8000-szivatasonkent-eldobhato-e-cigaretta-lucid-dream","status":"publish","type":"product","link":"https:\/\/alfakher24h.de\/hu\/termek\/al-fakher-koronarud-nagy-felho-8000-szivatasonkent-eldobhato-e-cigaretta-lucid-dream\/","title":{"rendered":"Al Fakher Crown Bar Big Cloud 8000 PRO h\u00faz\u00e1sok eldobhat\u00f3 E cigaretta - Lucid Dream"},"content":{"rendered":"<h2><strong><a href=\"https:\/\/alfakher24h.de\/hu\/termekkategoria\/al-fakher-crown-bar-big-cloud-8000-pro\/\">Al Fakher Crown Bar Big Cloud 8000<\/a> PRO Egyhaszn\u00e1latos E-Cigaretta \u2013 Lucid Dream<\/strong><\/h2>\n<p>Al Fakher Crown Bar Big Cloud 8000 PRO <a href=\"https:\/\/alfakher24h.de\/hu\/\">Eldobhat\u00f3 e-cigarett\u00e1k<\/a> A piacon el\u00e9rhet\u0151 \u00e9s \u00f6tv\u00f6zi a legmodernebb technol\u00f3gi\u00e1t a k\u00f6nny\u0171 kezelhet\u0151s\u00e9ggel \u00e9s a kiemelked\u0151 teljes\u00edtm\u00e9nnyel. Ezt az eszk\u00f6zt mind a kezd\u0151k, mind a tapasztalt g\u0151z\u00f6l\u0151k sz\u00e1m\u00e1ra tervezt\u00e9k, \u00e9s N\u00e9metorsz\u00e1gban p\u00e1ratlan g\u0151z\u00f6l\u00e9si \u00e9lm\u00e9nyt ny\u00fajt. Leny\u0171g\u00f6z\u0151, ak\u00e1r 8000 sz\u00edv\u00e1s kapacit\u00e1ssal \u00e9s sokoldal\u00fa kett\u0151s \u00fczemm\u00f3ddal, amely lehet\u0151v\u00e9 teszi a \"sz\u00e1jb\u00f3l t\u00fcd\u0151be\" (MTL) \u00e9s a \"k\u00f6zvetlen\u00fcl t\u00fcd\u0151be\" (DTL) g\u0151z\u00f6l\u00e9si st\u00edlusok k\u00f6z\u00f6tti v\u00e1lt\u00e1st, a Crown Bar Big Cloud 8000 PRO ide\u00e1lis v\u00e1laszt\u00e1s mindazok sz\u00e1m\u00e1ra, akik intenz\u00edv, \u00edzgazdag \u00e9s praktikus vape-\u00e9lm\u00e9nyt keresnek.<\/p>\n<p>&nbsp;<\/p>\n<h3><strong>Technikai r\u00e9szletek az Al Fakher Crown Bar Big Cloud 8000 PRO-r\u00f3l<\/strong><\/h3>\n<p>Az Al Fakher Crown Bar Big Cloud 8000 PRO m\u0171szaki kifinomults\u00e1ga miatt igazi f\u00e9nypontot jelent az eldobhat\u00f3 vaping szektorban. Sz\u00e1mos funkci\u00f3t k\u00edn\u00e1l, amelyek k\u00e9nyelmes \u00e9s hossz\u00fa t\u00e1v\u00fa g\u0151z\u00f6l\u00e9si \u00e9lm\u00e9nyt biztos\u00edtanak.<\/p>\n<ul>\n<li><strong>8000 vonat k\u00e9sz\u00fcl\u00e9kenk\u00e9nt:<\/strong> Ez a leny\u0171g\u00f6z\u0151 kapacit\u00e1s lehet\u0151v\u00e9 teszi a folyamatos g\u0151z\u00f6l\u00e9st hossz\u00fa ideig, \u00fajrat\u00f6lt\u00e9s vagy ut\u00e1nt\u00f6lt\u00e9s n\u00e9lk\u00fcl.<\/li>\n<li><strong>5 mg nikotins\u00f3:<\/strong> Elegend\u0151 enyhe, de kiel\u00e9g\u00edt\u0151 nikotint biztos\u00edt, amely megfelel mind az \u00faj, mind a tapasztalt g\u0151z\u00f6l\u0151k ig\u00e9nyeinek.<\/li>\n<li><strong>18 ml e-folyad\u00e9k<\/strong> A k\u00e9sz\u00fcl\u00e9k el\u0151re felt\u00f6lt\u00f6tt \u00e9s nagy mennyis\u00e9g\u0171 e-folyad\u00e9kot k\u00edn\u00e1l a hosszantart\u00f3 \u00e9lvezethez.<\/li>\n<li><strong>800 mAh akkumul\u00e1tor:<\/strong> A \u00fajrat\u00f6lthet\u0151 akkumul\u00e1tor hossz\u00fa \u00fczemid\u0151t biztos\u00edt, \u00e9s gyorsan \u00e9s egyszer\u0171en felt\u00f6lthet\u0151 a Type-C t\u00f6lt\u0151csatlakoz\u00f3n kereszt\u00fcl.<\/li>\n<li><strong>LED kijelz\u0151:<\/strong> A praktikus LED kijelz\u0151 folyamatosan t\u00e1j\u00e9koztatja \u00d6nt az akkumul\u00e1tor \u00e9s az e-liquid aktu\u00e1lis \u00e1llapot\u00e1r\u00f3l.<\/li>\n<li><strong>K\u00e9t \u00fczemm\u00f3d\u00fa funkci\u00f3:<\/strong> V\u00e1lasszon az intenz\u00edv DTL m\u00f3d \u00e9s a l\u00e1gyabb MTL m\u00f3d k\u00f6z\u00f6tt, hogy szem\u00e9lyre szabja g\u0151z\u00f6l\u00e9si \u00e9lm\u00e9ny\u00e9t.<\/li>\n<li><strong>Hossz\u00fa, lass\u00fa f\u00fcst<\/strong> \u00c9lvezze az autentikus \u00e9rz\u00e9st \u00e9s az \u00edzt egy hagyom\u00e1nyos shisha egy modern, hordozhat\u00f3 form\u00e1ban.<\/li>\n<\/ul>\n<h3><strong>A kett\u0151s \u00fczemm\u00f3d\u00fa funkci\u00f3 saj\u00e1toss\u00e1gai<\/strong><\/h3>\n<p>A k\u00e9t \u00fczemm\u00f3d\u00fa funkci\u00f3 <a href=\"https:\/\/alfakher24h.de\/hu\/\">Al Fakher<\/a> A Crown Bar Big Cloud 8000 PRO kiemelked\u0151 tulajdons\u00e1ga, hogy lehet\u0151v\u00e9 teszi a z\u00f6kken\u0151mentes v\u00e1lt\u00e1st k\u00e9t k\u00fcl\u00f6nb\u00f6z\u0151 g\u0151z\u00f6l\u00e9si st\u00edlus k\u00f6z\u00f6tt. Ha egy intenz\u00edv, k\u00f6zvetlen t\u00fcd\u0151be sz\u00edv\u00e1st (DTL) prefer\u00e1l, kiv\u00e1laszthatja ezt a m\u00f3dot, hogy er\u0151teljes \u00e9s azonnali g\u0151zfelh\u0151t hozzon l\u00e9tre. Alternat\u00edvak\u00e9nt v\u00e1laszthatja a \"sz\u00e1jb\u00f3l t\u00fcd\u0151be\" st\u00edlust (MTL), hogy enyh\u00e9bb \u00e9s sim\u00e1bb g\u0151zeffektust tapasztaljon. Ez a rugalmass\u00e1g lehet\u0151v\u00e9 teszi, hogy a g\u0151z\u00f6l\u00e9si \u00e9lm\u00e9nyt az \u00d6n egy\u00e9ni preferenci\u00e1i szerint alak\u00edtsa, legyen sz\u00f3 ak\u00e1r intenz\u00edv \u00fct\u00e9sr\u0151l, ak\u00e1r finom, arom\u00e1s jegyr\u0151l.<\/p>\n<p><img loading=\"lazy\" decoding=\"async\" class=\"alignnone size-full wp-image-299\" src=\"https:\/\/alfakher24h.de\/wp-content\/uploads\/2024\/09\/Al-Fakher-Crown-Bar-Big-Cloud-8000-PRO-Zuege-Einweg-E-Zigarette-Lucid-Dream-2.webp\" alt=\"Al Fakher Crown Bar Big Cloud 8000 PRO h\u00faz\u00e1sok eldobhat\u00f3 E cigaretta - Lucid Dream\" width=\"2000\" height=\"2000\" title=\"\" srcset=\"https:\/\/alfakher24h.de\/wp-content\/uploads\/2024\/09\/Al-Fakher-Crown-Bar-Big-Cloud-8000-PRO-Zuege-Einweg-E-Zigarette-Lucid-Dream-2.webp 2000w, https:\/\/alfakher24h.de\/wp-content\/uploads\/2024\/09\/Al-Fakher-Crown-Bar-Big-Cloud-8000-PRO-Zuege-Einweg-E-Zigarette-Lucid-Dream-2-300x300.webp 300w, https:\/\/alfakher24h.de\/wp-content\/uploads\/2024\/09\/Al-Fakher-Crown-Bar-Big-Cloud-8000-PRO-Zuege-Einweg-E-Zigarette-Lucid-Dream-2-1024x1024.webp 1024w, https:\/\/alfakher24h.de\/wp-content\/uploads\/2024\/09\/Al-Fakher-Crown-Bar-Big-Cloud-8000-PRO-Zuege-Einweg-E-Zigarette-Lucid-Dream-2-150x150.webp 150w, https:\/\/alfakher24h.de\/wp-content\/uploads\/2024\/09\/Al-Fakher-Crown-Bar-Big-Cloud-8000-PRO-Zuege-Einweg-E-Zigarette-Lucid-Dream-2-768x768.webp 768w, https:\/\/alfakher24h.de\/wp-content\/uploads\/2024\/09\/Al-Fakher-Crown-Bar-Big-Cloud-8000-PRO-Zuege-Einweg-E-Zigarette-Lucid-Dream-2-1536x1536.webp 1536w, https:\/\/alfakher24h.de\/wp-content\/uploads\/2024\/09\/Al-Fakher-Crown-Bar-Big-Cloud-8000-PRO-Zuege-Einweg-E-Zigarette-Lucid-Dream-2-600x600.webp 600w, https:\/\/alfakher24h.de\/wp-content\/uploads\/2024\/09\/Al-Fakher-Crown-Bar-Big-Cloud-8000-PRO-Zuege-Einweg-E-Zigarette-Lucid-Dream-2-100x100.webp 100w\" sizes=\"auto, (max-width: 2000px) 100vw, 2000px\" \/><\/p>\n<h3><strong>R\u00e9szletes le\u00edr\u00e1sa a Lucid Dream illatnak<\/strong><\/h3>\n<p>A Lucid Dream illata <a href=\"https:\/\/alfakher24h.de\/hu\/\">Al Fakher<\/a> Crown Bar Big Cloud 8000 PRO egy leny\u0171g\u00f6z\u0151 kever\u00e9k, amely p\u00e1ratlan \u00edz\u00e9lm\u00e9nyt ny\u00fajt. Ez az aroma k\u00fcl\u00f6nb\u00f6z\u0151 finom \u00e9s egzotikus \u00edzjegyeket kombin\u00e1l, hogy rendk\u00edv\u00fcli g\u0151z\u00f6l\u00e9si \u00e9lm\u00e9nyt hozzon l\u00e9tre.<\/p>\n<ul>\n<li><strong>Friss gy\u00fcm\u00f6lcs jegyek:<\/strong> A Lucid Dream illata friss gy\u00fcm\u00f6lcs\u00f6k arom\u00e1j\u00e1val kezd\u0151dik, amely eml\u00e9keztet az \u00edzletes, \u00e9rett gy\u00fcm\u00f6lcs\u00f6kre. A gy\u00fcm\u00f6lcs\u00f6s \u00e1rnyalatok kever\u00e9ke \u00e9l\u00e9nk \u00e9s felpezsd\u00edt\u0151 bevezet\u00e9st ny\u00fajt a g\u0151z\u00f6l\u00e9si \u00e9lm\u00e9nybe.<\/li>\n<li><strong>L\u00e1gy \u00c9des:<\/strong> Egy harmonikus \u00e9dess\u00e9g eg\u00e9sz\u00edti ki a gy\u00fcm\u00f6lcs\u00f6s jegyeket, \u00e9s kiegyens\u00falyozott, kellemes \u00edz\u00e9lm\u00e9nyt biztos\u00edt. Ez az \u00e9des komponens seg\u00edt kisim\u00edtani az arom\u00e1t, \u00e9s hangs\u00falyozza a gy\u00fcm\u00f6lcs\u00f6s arom\u00e1k intenzit\u00e1s\u00e1t.<\/li>\n<li><strong>H\u0171v\u00f6s lehelet:<\/strong> Egy finom, h\u0171t\u0151 hat\u00e1s eg\u00e9sz\u00edti ki az \u00edz\u00e9lm\u00e9nyt, \u00e9s kellemes frissess\u00e9get biztos\u00edt, amely kellemesen friss\u00edti a sz\u00e1jpadl\u00e1st \u00e9s k\u00fcl\u00f6n\u00f6sen kellemess\u00e9 teszi a g\u0151z\u00f6l\u00e9st.<\/li>\n<\/ul>\n<p>\u00d6sszess\u00e9g\u00e9ben a Lucid Dream illat kiegyens\u00falyozott \u00e9s \u00f6sszetett \u00edz\u00e9lm\u00e9nyt ny\u00fajt, amely egyszerre \u00e9l\u00e9nk\u00edt \u00e9s nyugtat. Ide\u00e1lis azoknak a vapereknek, akik egyedi \u00e9s friss \u00edzt keresnek, amely t\u00falmutat a szok\u00e1sos arom\u00e1n.<\/p>\n<p>A legjobb g\u0151z\u00f6l\u00e9si \u00e9lm\u00e9ny\u00e9rt \u00e9s nagy v\u00e1laszt\u00e9k\u00e9rt <a href=\"https:\/\/alfakher24h.de\/hu\/\">Eldobhat\u00f3 e-cigarett\u00e1k<\/a> N\u00e9metorsz\u00e1gban keresse fel <a href=\"https:\/\/alfakher24h.de\/hu\/\">alfakher24h.de<\/a>, a legnagyobb online platformja az eldobhat\u00f3 vape term\u00e9keknek. Itt nem csak a legjobb term\u00e9keket, hanem els\u0151 oszt\u00e1ly\u00fa szolg\u00e1ltat\u00e1st \u00e9s gyors sz\u00e1ll\u00edt\u00e1st is tal\u00e1l.<\/p>","protected":false},"excerpt":{"rendered":"<p>Az Al Fakher Crown Bar Big Cloud 8000 PRO egy fejlett, egyszer haszn\u00e1latos e-cigaretta, amely ak\u00e1r 8000 sz\u00edv\u00e1sig, \u00fajrat\u00f6lthet\u0151 akkumul\u00e1torral, 18 ml el\u0151t\u00f6lt\u00f6tt e-folyad\u00e9kkal \u00e9s sokoldal\u00fa kett\u0151s \u00fczemm\u00f3drendszerrel rendelkezik a szem\u00e9lyre szabott g\u0151z\u00f6l\u00e9shez<\/p>","protected":false},"featured_media":297,"comment_status":"open","ping_status":"closed","template":"","meta":{"om_disable_all_campaigns":false},"product_brand":[],"product_cat":[21],"product_tag":[],"class_list":{"0":"post-296","1":"product","2":"type-product","3":"status-publish","4":"has-post-thumbnail","6":"product_cat-al-fakher-crown-bar-big-cloud-8000-pro","8":"first","9":"outofstock","10":"shipping-taxable","11":"purchasable","12":"product-type-simple"},"_links":{"self":[{"href":"https:\/\/alfakher24h.de\/hu\/wp-json\/wp\/v2\/product\/296","targetHints":{"allow":["GET"]}}],"collection":[{"href":"https:\/\/alfakher24h.de\/hu\/wp-json\/wp\/v2\/product"}],"about":[{"href":"https:\/\/alfakher24h.de\/hu\/wp-json\/wp\/v2\/types\/product"}],"replies":[{"embeddable":true,"href":"https:\/\/alfakher24h.de\/hu\/wp-json\/wp\/v2\/comments?post=296"}],"wp:featuredmedia":[{"embeddable":true,"href":"https:\/\/alfakher24h.de\/hu\/wp-json\/wp\/v2\/media\/297"}],"wp:attachment":[{"href":"https:\/\/alfakher24h.de\/hu\/wp-json\/wp\/v2\/media?parent=296"}],"wp:term":[{"taxonomy":"product_brand","embeddable":true,"href":"https:\/\/alfakher24h.de\/hu\/wp-json\/wp\/v2\/product_brand?post=296"},{"taxonomy":"product_cat","embeddable":true,"href":"https:\/\/alfakher24h.de\/hu\/wp-json\/wp\/v2\/product_cat?post=296"},{"taxonomy":"product_tag","embeddable":true,"href":"https:\/\/alfakher24h.de\/hu\/wp-json\/wp\/v2\/product_tag?post=296"}],"curies":[{"name":"wp","href":"https:\/\/api.w.org\/{rel}","templated":true}]}}