{"id":2063,"date":"2025-07-21T05:40:02","date_gmt":"2025-07-21T05:40:02","guid":{"rendered":"https:\/\/alfakher24h.de\/?post_type=product&#038;p=2063"},"modified":"2025-07-21T05:48:25","modified_gmt":"2025-07-21T05:48:25","slug":"vozol-star-20000-szivas-dual-teljesitmenyu-ujratoeltheto-eldobhato-vape-eper-kivi","status":"publish","type":"product","link":"https:\/\/alfakher24h.de\/hu\/termek\/vozol-star-20000-szivas-dual-teljesitmenyu-ujratoeltheto-eldobhato-vape-eper-kivi\/","title":{"rendered":"Vozol Star 20000 Puffs Dual Power \u00dajrat\u00f6lthet\u0151 Eldobhat\u00f3 Vape Eper Kivi"},"content":{"rendered":"<p><strong>R\u00e9szletek:<\/strong><br \/>\n<a href=\"https:\/\/alfakher24h.de\/hu\/termek\/vozol-star-20000-szivas-dual-teljesitmenyu-ujratoeltheto-eldobhato-vape-eper-kivi\/\"><strong>Vozol Star 20000 Puffs<\/strong><\/a>\u00a0Egy intelligens, egyszer haszn\u00e1latos vape, teljes kijelz\u0151vel \u00e9s S.i.L.C technol\u00f3gi\u00e1val \u00e9p\u00fclt, ak\u00e1r 20000 sz\u00edv\u00e1st biztos\u00edt. 24ml 2% Niko e-liquidet tartalmaz. Az \u00faj \u00e9s egyed\u00fcl\u00e1ll\u00f3 S.i.L.C biztos\u00edtja, hogy minden sz\u00edv\u00e1s sima, azonos, hossz\u00fa ideig tart\u00f3 \u00e9s tiszta legyen. A Vozol Star 20000 Puffs k\u00e9t k\u00fcl\u00f6nb\u00f6z\u0151 m\u00f3dban \u00e9rhet\u0151 el: Az \"ECO\" m\u00f3d ak\u00e1r 20000 sz\u00edv\u00e1st \u00e9rhet el, amelyet egyetlen mesh-tekercs hajt, minden sz\u00edv\u00e1s finom arom\u00e1kat \u00e9s l\u00e1gy felh\u0151ket biztos\u00edt. A \"Power\" modell ak\u00e1r 15000 sz\u00edv\u00e1st \u00e9rhet el, \u00e9s a dual-mesh-tekercs erej\u00e9vel n\u00f6veli azokat. Minden sz\u00edv\u00e1st intenz\u00edv arom\u00e1kkal \u00e9s vastag felh\u0151kkel er\u0151s\u00edt. Minden m\u00f3dhoz tartozik a Star 20000. Csak egy kapcsol\u00f3 sz\u00fcks\u00e9ges a hangulat\u00e1nak be\u00e1ll\u00edt\u00e1s\u00e1hoz. \u00dajrat\u00f6lthet\u0151 650 mAh-s akkumul\u00e1torral \u00e9s leny\u0171g\u00f6z\u0151 24 ml-es kapacit\u00e1ssal. Gyors t\u00f6lt\u00e9si funkci\u00f3i minim\u00e1lisra cs\u00f6kkentik az \u00e1ll\u00e1sid\u0151t, lehet\u0151v\u00e9 t\u00e9ve a felhaszn\u00e1l\u00f3k sz\u00e1m\u00e1ra, hogy hosszabb \u00fcl\u00e9sek sor\u00e1n kevesebb megszak\u00edt\u00e1ssal \u00e9lvezhess\u00e9k.<\/p>\n<p><img loading=\"lazy\" decoding=\"async\" class=\"alignnone size-full wp-image-2060\" src=\"https:\/\/alfakher24h.de\/wp-content\/uploads\/2025\/07\/vozol-star-20000.webp\" alt=\"\" width=\"1131\" height=\"1600\" title=\"\" srcset=\"https:\/\/alfakher24h.de\/wp-content\/uploads\/2025\/07\/vozol-star-20000.webp 1131w, https:\/\/alfakher24h.de\/wp-content\/uploads\/2025\/07\/vozol-star-20000-212x300.webp 212w, https:\/\/alfakher24h.de\/wp-content\/uploads\/2025\/07\/vozol-star-20000-724x1024.webp 724w, https:\/\/alfakher24h.de\/wp-content\/uploads\/2025\/07\/vozol-star-20000-768x1086.webp 768w, https:\/\/alfakher24h.de\/wp-content\/uploads\/2025\/07\/vozol-star-20000-1086x1536.webp 1086w, https:\/\/alfakher24h.de\/wp-content\/uploads\/2025\/07\/vozol-star-20000-8x12.webp 8w, https:\/\/alfakher24h.de\/wp-content\/uploads\/2025\/07\/vozol-star-20000-600x849.webp 600w\" sizes=\"auto, (max-width: 1131px) 100vw, 1131px\" \/><\/p>\n<p><strong>M\u0171szaki adatok:<\/strong><br \/>\n650mAh \u00fajrat\u00f6lthet\u0151 akkumul\u00e1tor<br \/>\n24ml el\u0151t\u00f6lt\u00f6tt e-folyad\u00e9k<br \/>\n5% t\u00edpus<br \/>\nLegfeljebb 20 000 Puffot \u00e9rhet el<br \/>\nA f\u00fav\u00f3ka v\u00e9delme<br \/>\nDu\u00e1l h\u00e1l\u00f3s tekercsek<br \/>\nTeljes k\u00e9perny\u0151s megjelen\u00edt\u00e9s<br \/>\nC-t\u00edpus\u00fa t\u00f6lt\u0151csatlakoz\u00f3<br \/>\nT\u00edpus: Dupla h\u00e1l\u00f3 tekercsek k\u00e9t \u00fczemm\u00f3ddal (Teljes\u00edtm\u00e9ny \u00fczemm\u00f3d \u00e9s Eco \u00fczemm\u00f3d)<br \/>\nS.i.L.C. technol\u00f3gia: Sima, azonos, hossz\u00fa ideig tart\u00f3, tiszta<\/p>\n<p><strong>A csomag tartalmazza:<\/strong><br \/>\n1 darab* Vozol Star 20000 Puffs Dual Power \u00dajrat\u00f6lthet\u0151 Eldobhat\u00f3 Vape<\/p>\n<p>&nbsp;<\/p>","protected":false},"excerpt":{"rendered":"<p><strong>M\u0171szaki adatok:<\/strong><br \/>\n650mAh \u00fajrat\u00f6lthet\u0151 akkumul\u00e1tor<br \/>\n24ml el\u0151t\u00f6lt\u00f6tt e-folyad\u00e9k<br \/>\n5% t\u00edpus<br \/>\nLegfeljebb 20 000 Puffot \u00e9rhet el<\/p>","protected":false},"featured_media":2064,"comment_status":"open","ping_status":"closed","template":"","meta":{"om_disable_all_campaigns":false},"product_brand":[],"product_cat":[50],"product_tag":[],"class_list":{"0":"post-2063","1":"product","2":"type-product","3":"status-publish","4":"has-post-thumbnail","6":"product_cat-vozol-star-20000-puffs","8":"first","9":"instock","10":"shipping-taxable","11":"purchasable","12":"product-type-simple"},"_links":{"self":[{"href":"https:\/\/alfakher24h.de\/hu\/wp-json\/wp\/v2\/product\/2063","targetHints":{"allow":["GET"]}}],"collection":[{"href":"https:\/\/alfakher24h.de\/hu\/wp-json\/wp\/v2\/product"}],"about":[{"href":"https:\/\/alfakher24h.de\/hu\/wp-json\/wp\/v2\/types\/product"}],"replies":[{"embeddable":true,"href":"https:\/\/alfakher24h.de\/hu\/wp-json\/wp\/v2\/comments?post=2063"}],"wp:featuredmedia":[{"embeddable":true,"href":"https:\/\/alfakher24h.de\/hu\/wp-json\/wp\/v2\/media\/2064"}],"wp:attachment":[{"href":"https:\/\/alfakher24h.de\/hu\/wp-json\/wp\/v2\/media?parent=2063"}],"wp:term":[{"taxonomy":"product_brand","embeddable":true,"href":"https:\/\/alfakher24h.de\/hu\/wp-json\/wp\/v2\/product_brand?post=2063"},{"taxonomy":"product_cat","embeddable":true,"href":"https:\/\/alfakher24h.de\/hu\/wp-json\/wp\/v2\/product_cat?post=2063"},{"taxonomy":"product_tag","embeddable":true,"href":"https:\/\/alfakher24h.de\/hu\/wp-json\/wp\/v2\/product_tag?post=2063"}],"curies":[{"name":"wp","href":"https:\/\/api.w.org\/{rel}","templated":true}]}}