{"id":2052,"date":"2025-07-21T05:24:28","date_gmt":"2025-07-21T05:24:28","guid":{"rendered":"https:\/\/alfakher24h.de\/?post_type=product&#038;p=2052"},"modified":"2025-07-21T05:25:41","modified_gmt":"2025-07-21T05:25:41","slug":"humo-tok-iphone-15-pro-30k-szivas-eldobhato-vape-keszlet-30000-szivas-triple-berry","status":"publish","type":"product","link":"https:\/\/alfakher24h.de\/hu\/termek\/humo-tok-iphone-15-pro-30k-szivas-eldobhato-vape-keszlet-30000-szivas-triple-berry\/","title":{"rendered":"Humo Case iPhone 15 Pro 30K Puffs eldobhat\u00f3 vape k\u00e9szlet (30000 Puffs) Triple Berry"},"content":{"rendered":"<h2>Humo Vape Telefon Tok | 30K Puffs \u00c1ttekint\u00e9s<\/h2>\n<p><img loading=\"lazy\" decoding=\"async\" class=\"size-full wp-image-2408443 aligncenter\" src=\"https:\/\/alfakher24h.de\/wp-content\/uploads\/2025\/07\/HUMO-phone-Case-vape.webp\" sizes=\"auto, (max-width: 1380px) 100vw, 1380px\" srcset=\"https:\/\/alfakher24h.de\/wp-content\/uploads\/2025\/07\/HUMO-phone-Case-vape.webp 1380w, https:\/\/alfakher24h.de\/wp-content\/uploads\/2025\/07\/HUMO-phone-Case-vape-500x142.webp 500w, https:\/\/alfakher24h.de\/wp-content\/uploads\/2025\/07\/HUMO-phone-Case-vape-800x227.webp 800w, https:\/\/alfakher24h.de\/wp-content\/uploads\/2025\/07\/1_HUMO-phone-Case-vape-300x85.webp 300w, https:\/\/alfakher24h.de\/wp-content\/uploads\/2025\/07\/1_HUMO-phone-Case-vape-768x218.webp 768w, https:\/\/alfakher24h.de\/wp-content\/uploads\/2025\/07\/HUMO-phone-Case-vape-64x18.webp 64w\" alt=\"\" width=\"1380\" height=\"392\" title=\"\"><\/p>\n<p>K\u00e9pzelj el egy vil\u00e1got, ahol a legfontosabb napi t\u00e1rgyaid egyetlen, z\u00f6kken\u0151mentes, er\u0151s \u00e9s teljesen forradalmi eszk\u00f6zz\u00e9 egyes\u00fclnek. Gondolj bele abba, milyen k\u00e9nyelmes lenne mindent, amire sz\u00fcks\u00e9ged van, k\u00f6zvetlen\u00fcl a kezedben tartani, an\u00e9lk\u00fcl, hogy t\u00f6bb k\u00e9sz\u00fcl\u00e9ket kellene cipelni. \u00c1lland\u00f3an keress\u00fck a m\u00f3dj\u00e1t annak, hogy egyszer\u0171s\u00edts\u00fck az \u00e9let\u00fcnket, racionaliz\u00e1ljuk a rutinjainkat \u00e9s \u00f6lelj\u00fck fel azokat a technol\u00f3gi\u00e1kat, amelyek nemcsak teljes\u00edtenek, hanem inspir\u00e1lnak is. Mi lenne, ha a telefon tokja t\u00f6bbet tudna tenni, mint csak megv\u00e9deni az eszk\u00f6z\u00f6det? Mi lenne, ha egy teljesen \u00faj funkcionalit\u00e1si dimenzi\u00f3t tudna k\u00edn\u00e1lni, \u00f6tv\u00f6zve a legmodernebb diz\u00e1jnt a p\u00e1ratlan teljes\u00edtm\u00e9nnyel? Ez nem csak egy kieg\u00e9sz\u00edt\u0151; hanem az \u00e9letedst\u00edlusod kiterjeszt\u00e9se, amelyet a modern egy\u00e9n sz\u00e1m\u00e1ra terveztek, aki mind a st\u00edlust, mind az anyagot k\u00f6veteli. K\u00e9sz\u00fclj fel arra, hogy \u00fajra gondold, mit v\u00e1rsz el a mindennapi hordozhat\u00f3 eszk\u00f6zeidt\u0151l, mivel a kommunik\u00e1ci\u00f3 \u00e9s az el\u00e9gedetts\u00e9g k\u00f6z\u00f6tti hat\u00e1r hivatalosan elmos\u00f3dott. \u00dcdv\u00f6z\u00f6lj\u00fck a szem\u00e9lyes fejl\u0151d\u00e9s k\u00f6vetkez\u0151 szakasz\u00e1ban.\u00a0<a href=\"https:\/\/vapesocietysupplies.com\/collections\/disposable-vapes\/\" target=\"_blank\" rel=\"noopener\">eldobhat\u00f3 vape<\/a>\u00a0A technol\u00f3gia, mint a Humo Vape Phone Case | 30K Puffs meg\u00e9rkezett!<\/p>\n<h2><strong>Egy olyan diz\u00e1jn, amely \u00fajra\u00e9rtelmezi a diszkr\u00e9ci\u00f3t<\/strong><\/h2>\n<p>Els\u0151 pillant\u00e1sra a Humo Vape Phone Case kifinomult egyszer\u0171s\u00e9ggel mutatja mag\u00e1t. Nem hirdeti kett\u0151s identit\u00e1s\u00e1t villog\u00f3 f\u00e9nyekkel vagy kir\u00edv\u00f3 tervez\u00e9si elemekkel. Ehelyett egy pr\u00e9mium, nagy v\u00e9delmet ny\u00fajt\u00f3 telefon tok megjelen\u00e9s\u00e9t \u00e9s \u00e9rz\u00e9s\u00e9t testes\u00edti meg, amelyet \u00fagy terveztek, hogy kieg\u00e9sz\u00edtse iPhone-ja \u00e1ramvonalas eszt\u00e9tik\u00e1j\u00e1t. Nincsenek vad d\u00edsz\u00edt\u00e9sek vagy olyan dolgok, amelyek figyelmet k\u00f6vetelnek. Tiszt\u00e1nak, modernnek \u00e9s c\u00e9lszer\u0171nek t\u0171nik, lehet\u0151v\u00e9 t\u00e9ve, hogy k\u00f6nnyed\u00e9n beleolvadjon b\u00e1rmilyen szakmai vagy t\u00e1rsadalmi k\u00f6rnyezetbe. A text\u00fara szil\u00e1rdnak \u00e9s massz\u00edvnak \u00e9rzi mag\u00e1t a kez\u00e9ben, gondosan kialak\u00edtott markolattal, amely bizalmat \u00e9breszt. Prec\u00edzen r\u00e1illik az iPhone-ra, szorosan \u00f6lelve minden g\u00f6rb\u00e9t \u00e9s \u00e9lt an\u00e9lk\u00fcl, hogy laza vagy hajl\u00e9kony lenne. Ez az els\u0151 benyom\u00e1s min\u0151s\u00e9gr\u0151l \u00e9s tart\u00f3ss\u00e1gr\u00f3l \u00e1rulkodik, biztos\u00edtva \u00d6nnek, hogy ez messze t\u00f6bb, mint egy \u00fajdons\u00e1g; ez egy igaz\u00e1n j\u00f3l megtervezett hardverdarab.<\/p>\n<p>A tervez\u00e9s val\u00f3di zsenialit\u00e1sa azonban a rejtett potenci\u00e1lj\u00e1ban rejlik. Az eszk\u00f6z egyszer\u0171 felnyit\u00e1sa felfedi az eleg\u00e1nsan integr\u00e1lt sz\u00e1jr\u00e9szt, egy m\u00e9rn\u00f6ki csod\u00e1t, amely teljesen el van rejtve, am\u00edg sz\u00fcks\u00e9g van r\u00e1. Ez nem egy olyan tok, amelybe egy g\u0151z\u00f6l\u0151t er\u0151ltetnek bele; hanem egy holisztikus rendszer, ahol minden alkatr\u00e9sz \u00fagy van tervezve, hogy t\u00f6k\u00e9letes harm\u00f3ni\u00e1ban m\u0171k\u00f6dj\u00f6n. A tok gombjai t\u00f6k\u00e9letesen illeszkednek az iPhone vez\u00e9rl\u0151ihez, biztos\u00edtva ugyanazt a tapint\u00e1si v\u00e1laszt, amelyhez hozz\u00e1szokott. A sz\u00e1jr\u00e9sz mechanizmusa a simas\u00e1g mintap\u00e9ld\u00e1nya, k\u00f6nnyed\u00e9n cs\u00faszik ki egy er\u0151fesz\u00edt\u00e9s n\u00e9lk\u00fcli mozdulattal, amely egyszerre kiel\u00e9g\u00edt\u0151 \u00e9s finom. Az \u00e1ltal\u00e1nos konstrukci\u00f3 figyelemre m\u00e9lt\u00f3 egyens\u00falyt tart fenn, \u00fagy osztja el a s\u00falyt, hogy term\u00e9szetesnek \u00e9s k\u00e9nyelmesnek \u00e9rezz\u00fck a tart\u00e1s\u00e1t, legyen sz\u00f3 ak\u00e1r sz\u00f6veg k\u00fcld\u00e9s\u00e9r\u0151l, ak\u00e1r egy f\u00faj\u00e1sr\u00f3l. Ez egy mesterkurzus a diszkr\u00e9t funkcionalit\u00e1sr\u00f3l, amelyet azok sz\u00e1m\u00e1ra terveztek, akik \u00e9rt\u00e9kelik a kreat\u00edv m\u00e9rn\u00f6ki munk\u00e1t \u00e9s a visszafogott er\u0151t.<\/p>\n<h2><strong>Az \u00e9leted ritmus\u00e1ra tervezve<\/strong><\/h2>\n<p>A praktikumoss\u00e1g \u00e1ll a Humo Vape Phone Case l\u00e9t\u00e9nek k\u00f6z\u00e9ppontj\u00e1ban. B\u00e1r eredend\u0151en vastagabb, mint egy szabv\u00e1nyos v\u00e9kony tok, hogy befogadja fejlett technol\u00f3gi\u00e1j\u00e1t, m\u00e9gsem \u00e9rz\u0151dik orm\u00f3tlannak vagy t\u00e9glaszer\u0171nek. A tervez\u0151k gondosan optimaliz\u00e1lt\u00e1k a m\u00e9reteit, hogy biztos\u00edts\u00e1k, hogy zsebbar\u00e1t \u00e9s k\u00f6nnyen kezelhet\u0151 maradjon. K\u00e9nyelmesen belef\u00e9r egy kapucnis, egy dzseki vagy egy laz\u00e1n illeszked\u0151 nadr\u00e1g zseb\u00e9be, \u00edgy ide\u00e1lis t\u00e1rs a napi kalandokhoz. B\u00e1r sz\u0171k\u00f6s lehet a leg sz\u0171kebb skinny jeans-ekhez, profilja meglep\u0151en kezelhet\u0151 egy olyan eszk\u00f6zh\u00f6z, amely annyi hasznoss\u00e1got tartalmaz. A konstrukci\u00f3 teljesen mentes a z\u00f6rg\u00e9sekt\u0151l vagy furcsa r\u00e9sekt\u0151l, ami sokat mond a gy\u00e1rt\u00e1si min\u0151s\u00e9g\u00e9r\u0151l. Ez egy tiszta, szil\u00e1rd \u00e9s \u00f6sszef\u00fcgg\u0151 egys\u00e9g, amely \u00fagy \u00e9rzi, mintha az elej\u00e9t\u0151l fogva egyetlen entit\u00e1snak sz\u00e1nt\u00e1k volna.<\/p>\n<p>Ez az \u00f6sszhang kiterjed a v\u00e9d\u0151pajzs alapvet\u0151 funkci\u00f3j\u00e1ra is, amely megv\u00e9di \u00e9rt\u00e9kes okostelefonj\u00e1t. \u00c9rtve, hogy az \u00e9let kisz\u00e1m\u00edthatatlan, a Humo tokot szigor\u00fa teszteknek vetett\u00e9k al\u00e1 annak biztos\u00edt\u00e1sa \u00e9rdek\u00e9ben, hogy ellen\u00e1lljon a mindennapi haszn\u00e1lat ig\u00e9nyeinek. Leny\u0171g\u00f6z\u0151, 3 m\u00e9teres ejt\u00e9si v\u00e9delmi besorol\u00e1ssal b\u00fcszk\u00e9lkedhet, ami nyugodt sz\u00edvvel biztos\u00edtja, hogy k\u00e9sz\u00fcl\u00e9ke biztons\u00e1gban van a v\u00e9letlen leejt\u00e9sek, es\u00e9sek \u00e9s \u00fctk\u00f6z\u00e9sek ellen. Ez a robusztus v\u00e9delem biztos\u00edtja, hogy nem kell fel\u00e1ldoznia a biztons\u00e1got a k\u00e9nyelem \u00e9rdek\u00e9ben. A tok kifejezetten \u00fagy van kialak\u00edtva, hogy kompatibilis legyen a mobiltechnol\u00f3gia leg\u00fajabb fejleszt\u00e9seivel, t\u00f6k\u00e9letes illeszked\u00e9st biztos\u00edtva az iPhone 15, iPhone 15 Pro \u00e9s iPhone 15 Pro Max, valamint a k\u00f6zelg\u0151 iPhone 16, iPhone 16 Pro \u00e9s iPhone 16 Pro Max k\u00e9sz\u00fcl\u00e9kekhez. Ez a j\u00f6v\u0151orient\u00e1lt kompatibilit\u00e1s biztos\u00edtja, hogy befektet\u00e9se tov\u00e1bbra is szolg\u00e1lja \u00d6nt, ahogy friss\u00edti k\u00e9sz\u00fcl\u00e9keit.<\/p>\n<h2><strong>Korszakalkot\u00f3, p\u00e9ld\u00e1tlan g\u0151z\u00f6l\u00e9si teljes\u00edtm\u00e9ny<\/strong><\/h2>\n<p>A Humo Vape Phone Case nem csak egy \u00fcgyes koncepci\u00f3; hanem egy teljes\u00edtm\u00e9nnyel hajtott p\u00e1rologtat\u00f3 eszk\u00f6z, amely hat\u00e1rozottan meg\u00e1llja a hely\u00e9t a dedik\u00e1lt hardverrel szemben. k\u00e9pess\u00e9g\u00e9nek sz\u00edv\u00e9ben egy leny\u0171g\u00f6z\u0151 30 000 sz\u00edv\u00e1s kapacit\u00e1s \u00e1ll, egy olyan sz\u00e1m, amely biztos\u00edtja a hossz\u00fa \u00e9lettartamot \u00e9s a tart\u00f3s el\u00e9gedetts\u00e9get. Ez egy nagylelk\u0171en m\u00e9retezett, be\u00e9p\u00edtett 18mL e-folyad\u00e9k tart\u00e1ly seg\u00edts\u00e9g\u00e9vel val\u00f3sul meg, amelyet el\u0151re t\u00f6lt\u00f6ttek egy pr\u00e9mium 5% (50MG) er\u0151ss\u00e9g\u0171 k\u00e9sz\u00edtm\u00e9nnyel. Ez a kombin\u00e1ci\u00f3 k\u00f6vetkezetesen er\u0151s \u00e9s \u00edzletes \u00e9lm\u00e9nyt ny\u00fajt, sz\u00edv\u00e1s ut\u00e1n sz\u00edv\u00e1s, megsz\u00fcntetve a folyamatos ut\u00e1nt\u00f6lt\u00e9s sz\u00fcks\u00e9gess\u00e9g\u00e9t \u00e9s biztos\u00edtva, hogy mindig k\u00e9szen \u00e1lljon. A sz\u00edv\u00e1sok nagy mennyis\u00e9ge azt jelenti, hogy a Humo tokra hosszabb id\u0151szakokban is t\u00e1maszkodhat, legyen sz\u00f3 ak\u00e1r egy hossz\u00fa \u00fatr\u00f3l, egy hektikus h\u00e9tr\u0151l a munkahelyen, vagy egyszer\u0171en csak egy bar\u00e1tokkal t\u00f6lt\u00f6tt h\u00e9tv\u00e9g\u00e9r\u0151l.<\/p>\n<p>Ezt a hihetetlen teljes\u00edtm\u00e9nyt egy robusztus, 680mAh kapacit\u00e1s\u00fa \u00fajrat\u00f6lthet\u0151 akkumul\u00e1tor hajtja. Ezt az energiacell\u00e1t \u00fagy tervezt\u00e9k, hogy kitartson, k\u00f6nnyen \u00e1tv\u00e9szelve egy teljes napot norm\u00e1l haszn\u00e1lat mellett. Amikor elj\u00f6n az \u00fajrat\u00f6lt\u00e9s ideje, a modern Type-C port be\u00e9p\u00edt\u00e9se biztos\u00edtja a gyors \u00e9s hat\u00e9kony energiafelt\u00f6lt\u00e9st, minimaliz\u00e1lva az \u00e1ll\u00e1sid\u0151t \u00e9s gyorsan visszajuttatva a teljes er\u0151re. Igazi innov\u00e1ci\u00f3k\u00e9nt a tokot \u00fagy tervezt\u00e9k, hogy lehet\u0151v\u00e9 tegye az \u00e1tmen\u0151 t\u00f6lt\u00e9st. Ez azt jelenti, hogy egyszerre t\u00f6ltheti az iPhone-t \u00e9s a vape tokot, egyetlen k\u00e1belt haszn\u00e1lva. Ez a funkci\u00f3 val\u00f3ban forradalmi k\u00e9nyelmet ny\u00fajt, megsz\u00fcntetve a sz\u00fcks\u00e9gess\u00e9get arra, hogy t\u00f6bb t\u00f6lt\u0151t \u00e9s k\u00e1belt cipeljen, \u00e9s tov\u00e1bb racionaliz\u00e1lva a napi hordoz\u00e1st. Ez egy gondos r\u00e9szlet, amely hangs\u00falyozza az eszk\u00f6z azon t\u00f6rekv\u00e9s\u00e9t, hogy egyszer\u0171s\u00edtse az \u00e9let\u00e9t.<\/p>\n<h2><strong>Az Abszol\u00fat G\u0151z\u00f6l\u00e9si \u00c9lm\u00e9ny<\/strong><\/h2>\n<p>A teljes\u00edtm\u00e9ny, ahol a Humo Vape Phone Case igaz\u00e1n ragyog, bizony\u00edtva, hogy sokkal t\u00f6bb, mint egy egyszer\u0171 parti tr\u00fckk. Az eszk\u00f6z minden egyes megnyom\u00e1sra azonnali \u00e9s kiel\u00e9g\u00edt\u0151 v\u00e1laszt ad. Nincs frusztr\u00e1l\u00f3 k\u00e9sleltet\u00e9s vagy bemeleged\u00e9si id\u0151szak; azonnal m\u0171k\u00f6dik, sima \u00e9s kiel\u00e9g\u00edt\u0151 p\u00e1r\u00e1t sz\u00e1ll\u00edtva abban a pillanatban, amikor sz\u00fcks\u00e9g van r\u00e1. A sz\u00edv\u00e1s t\u00f6k\u00e9letesen kalibr\u00e1lt, k\u00f6sz\u00f6nhet\u0151en a nagy teljes\u00edtm\u00e9ny\u0171 0,9\u03a9 tekercsnek. Ide\u00e1lis egyens\u00falyt \u00e9r el - nem t\u00fal leveg\u0151s \u00e9s nem t\u00fal szoros - k\u00e9nyelmes \u00e9s \u00e9lvezetes sz\u00edv\u00e1st l\u00e9trehozva, amely sz\u00e9les k\u00f6r\u0171 g\u0151z\u00f6l\u0151 sz\u00e1m\u00e1ra vonz\u00f3 lesz. A p\u00e1raterel\u00e9s jelent\u0151s \u00e9s kiel\u00e9g\u00edt\u0151, szil\u00e1rd felh\u0151ket produk\u00e1lva, amelyek vizu\u00e1lisan kellemes \u00e9lm\u00e9nyt ny\u00fajtanak an\u00e9lk\u00fcl, hogy az eg\u00e9sz szob\u00e1t elhom\u00e1lyos\u00edtan\u00e1k. T\u00f6k\u00e9letes alkalmi, \u00fatk\u00f6zbeni sz\u00edv\u00e1sokhoz, amelyek kiel\u00e9g\u00edtik az \u00d6n v\u00e1gy\u00e1t an\u00e9lk\u00fcl, hogy felh\u00edvn\u00e1k a figyelmet.<\/p>\n<p>Az \u00edz kiemelten fontos b\u00e1rmilyen vaporiz\u00e1ci\u00f3s \u00e9lm\u00e9nyben, \u00e9s a Humo tok ebben k\u00fcl\u00f6n\u00f6sen kiemelkedik. A fejlett tekercs \u00e9s a sz\u00edv\u00f3 rendszer egy\u00fctt dolgoznak, hogy tiszta, tiszta \u00e9s \u00e1lland\u00f3 \u00edzprofilt biztos\u00edtsanak az els\u0151 sz\u00edv\u00e1st\u00f3l az utols\u00f3ig. Nincs durva hang vagy \u00e9gett \u00edz, csak az e-folyad\u00e9k val\u00f3di \u00edze, ahogy azt tervezt\u00e9k. Minden sz\u00edv\u00e1s \u00fagy \u00e9rzi, mint egy igaz\u00e1n j\u00f3 min\u0151s\u00e9g\u0171 vape, teljesen eloszlatva azt az \u00e9rz\u00e9st, hogy ez egy tr\u00fckk. Hogy teljes m\u00e9rt\u00e9kben ir\u00e1ny\u00edt\u00e1sa alatt tartsa tapasztalat\u00e1t, a tokban vil\u00e1gos \u00e9s tiszta LED kijelz\u0151 tal\u00e1lhat\u00f3. Ez az intuit\u00edv k\u00e9perny\u0151 fontos inform\u00e1ci\u00f3kat szolg\u00e1ltat egy pillanat alatt, mutatva az aktu\u00e1lis akkumul\u00e1tor szintet \u00e9s a sz\u00edv\u00e1sok sz\u00e1m\u00e1t. Ez lehet\u0151v\u00e9 teszi, hogy k\u00f6nnyen figyelemmel k\u00eds\u00e9rje haszn\u00e1lat\u00e1t \u00e9s pontosan tudja, mikor van ideje \u00fajrat\u00f6lteni, hozz\u00e1adva egy modern k\u00e9nyelmi r\u00e9teget, amely emeli az eg\u00e9sz \u00e9lm\u00e9nyt.<\/p>\n<h2><strong>Egy \u00faj paradigma a h\u00e9tk\u00f6znapi praktikuss\u00e1gban<\/strong><\/h2>\n<p>A Humo Vape Phone Case legnagyobb el\u0151nye, hogy alapvet\u0151en megv\u00e1ltoztathatja a napi rutinj\u00e1t. Az, hogy egy k\u00e9sz\u00fcl\u00e9ket cipel ahelyett, hogy kett\u0151t, jelent\u0151s gy\u0151zelem a \u00e1ramvonalasabb \u00e9let\u00e9rt folytatott k\u00fczdelemben. Nincs t\u00f6bb\u00e9 p\u00e1nikszer\u0171 zsebben val\u00f3 kutat\u00e1s, amikor r\u00e1j\u00f6n, hogy otthon hagyta a vape-ot. Nincs t\u00f6bb\u00e9 \u00e9rt\u00e9kes zsebter\u00fclet lefoglal\u00e1sa egy k\u00fcl\u00f6n k\u00e9sz\u00fcl\u00e9knek. A Humo tok \u00f6sszevonja a legfontosabb t\u00e1rgyait egy egyetlen, \u00f6sszef\u00fcgg\u0151 egys\u00e9gbe, biztos\u00edtva, hogy mindig felk\u00e9sz\u00fclt legyen. Ez egy olyan k\u00e9sz\u00fcl\u00e9k, amely \u00e9ppoly praktikus, mint innovat\u00edv, \u00e9s \u00fagy tervezt\u00e9k, hogy z\u00f6kken\u0151mentesen illeszkedjen az \u00e9let\u00e9be.<\/p>\n<p>Noha gyakorlatiass\u00e1ga tagadhatatlan, t\u00e1rsadalmi hat\u00e1sa \u00e9ppoly leny\u0171g\u00f6z\u0151. T\u00e1rsas\u00e1gi k\u00f6rnyezetben ez k\u00e9ts\u00e9gtelen\u00fcl impon\u00e1l\u00f3. Abban a pillanatban, amikor a telefonj\u00e1b\u00f3l f\u00fcst\u00f6t enged ki, azonnali besz\u00e9lget\u00e9sind\u00edt\u00f3v\u00e1 v\u00e1lik. Az emberek term\u00e9szetesen k\u00edv\u00e1ncsiak, k\u00e9tszer is odafigyelnek, mik\u00f6zben megpr\u00f3b\u00e1lj\u00e1k meg\u00e9rteni, amit \u00e9ppen l\u00e1ttak. Ez egy sz\u00f3rakoztat\u00f3, \u00e9rdekes \u00e9s eml\u00e9kezetes technol\u00f3giai darab, amelyet mindenki l\u00e1tni \u00e9s kipr\u00f3b\u00e1lni akar. Ugyanakkor rendk\u00edv\u00fcl hat\u00e9kony a diszkr\u00e9t haszn\u00e1latban is. A t\u00e1j\u00e9kozatlan szeml\u00e9l\u0151 sz\u00e1m\u00e1ra ez csak egy telefon tok, amely lehet\u0151v\u00e9 teszi, hogy egy f\u00fcst\u00f6t \u00e9lvezzen an\u00e9lk\u00fcl, hogy azt a vil\u00e1g sz\u00e1m\u00e1ra k\u00f6zvet\u00edten\u00e9. Ez az overt st\u00edlus \u00e9s a covert funkci\u00f3 t\u00f6k\u00e9letes \u00f6tv\u00f6zet\u00e9t ny\u00fajtja, lehet\u0151v\u00e9 t\u00e9ve, hogy a haszn\u00e1lat\u00e1t a helyzethez igaz\u00edtsa. Ez egy eszk\u00f6z, egy j\u00e1t\u00e9k, \u00e9s tan\u00fabizonys\u00e1g annak, hogy mi lehets\u00e9ges, amikor az innovat\u00edv gondolkod\u00e1s tal\u00e1lkozik a praktikus tervez\u00e9ssel.<\/p>\n<h2><strong>Humo Vape Telefon Tok Eldobhat\u00f3 \u00cdzek k\u00f6z\u00fcl lehet v\u00e1lasztani:<\/strong><\/h2>\n<ul>\n<li><strong>Blue Razz Ice: \nK\u00e9k Razz J\u00e9g:<\/strong>\u00a0A k\u00e9k m\u00e1ln\u00e1t intenz\u00edv hidegs\u00e9g \u00e9ri.<\/li>\n<li><strong>Miami \u00d6nt\u00f6de:<\/strong>\u00a0Citrusos h\u0171s \u00e9s mentolos frissess\u00e9g, amely miatt \u00fagy t\u0171nik, mintha a miami strandokon lenn\u00e9l.<\/li>\n<li><strong>Savany\u00fa Alma J\u00e9g:<\/strong>\u00a0Granny Smith amelyek teljesen j\u00e9ggel bevontak.<\/li>\n<li><strong>Triple Berry: \nH\u00e1romszoros Gy\u00fcm\u00f6lcs<\/strong>\u00a0Egy luxusos kever\u00e9k h\u00e1rom pr\u00e9mium bogy\u00f3b\u00f3l (m\u00e1lna, szeder \u00e9s \u00e1fonya).<\/li>\n<li><strong>S\u00e1rgadinnye j\u00e9g:<\/strong>\u00a0L\u00e9d\u00fas-\u00e9des g\u00f6r\u00f6gdinny\u00e9ket kapnak a j\u00e9ghideg kezel\u00e9st.<\/li>\n<\/ul>\n<h3><strong>Tulajdons\u00e1gok \u00e9s m\u0171szaki adatok:<\/strong><\/h3>\n<ul>\n<li>M\u00e9ret: 76,13 mm x 22,07 mm \u00d7 163,16 mm \u00e9s 75,1 mm \u00d7 21,9 mm \u00d7 164,2 mm<\/li>\n<li>18mL El\u0151re Felt\u00f6lt\u00f6tt E-Liquid<\/li>\n<li>5% (50mg) Nikotin er\u0151ss\u00e9g<\/li>\n<li>680mAh Type-C \u00fajrat\u00f6lthet\u0151 akkumul\u00e1tor<\/li>\n<li>K\u00f6r\u00fclbel\u00fcl 30 000 Puffs<\/li>\n<li>Akku- \u00e9s e-folyad\u00e9k kijelz\u0151k<\/li>\n<li>10 l\u00e1b magasb\u00f3l t\u00f6rt\u00e9n\u0151 leejt\u00e9si tesztnek ellen\u00e1ll\u00f3 kialak\u00edt\u00e1s<\/li>\n<li>Egy 0,9\u03a9-os tekercs<\/li>\n<li><strong>Kompatibilit\u00e1s<\/strong>:\u00a0iPhone 15 \/ iPhone 15 Pro \/ iPhone 15 Pro Max \u00e9s iPhone 16 \/ iPhone 16 Pro \/ iPhone 16 Pro Max<\/li>\n<\/ul>\n<h3><strong>A csomag tartalma:\u00a0<\/strong><\/h3>\n<ul>\n<li>1 \u00d7 Humo Vape telefon tok<\/li>\n<\/ul>","protected":false},"excerpt":{"rendered":"<ul>\n<li>M\u00e9ret: 76,13 mm x 22,07 mm \u00d7 163,16 mm \u00e9s 75,1 mm \u00d7 21,9 mm \u00d7 164,2 mm<\/li>\n<li>18mL El\u0151re Felt\u00f6lt\u00f6tt E-Liquid<\/li>\n<li>5% (50mg) Nikotin er\u0151ss\u00e9g<\/li>\n<li>680mAh Type-C \u00fajrat\u00f6lthet\u0151 akkumul\u00e1tor<\/li>\n<li>K\u00f6r\u00fclbel\u00fcl 30 000 Puffs<\/li>\n<\/ul>","protected":false},"featured_media":2054,"comment_status":"open","ping_status":"closed","template":"","meta":{"om_disable_all_campaigns":false},"product_brand":[],"product_cat":[49],"product_tag":[],"class_list":{"0":"post-2052","1":"product","2":"type-product","3":"status-publish","4":"has-post-thumbnail","6":"product_cat-humo-case-iphone-15-pro-30k-puffs","8":"first","9":"instock","10":"shipping-taxable","11":"purchasable","12":"product-type-simple"},"_links":{"self":[{"href":"https:\/\/alfakher24h.de\/hu\/wp-json\/wp\/v2\/product\/2052","targetHints":{"allow":["GET"]}}],"collection":[{"href":"https:\/\/alfakher24h.de\/hu\/wp-json\/wp\/v2\/product"}],"about":[{"href":"https:\/\/alfakher24h.de\/hu\/wp-json\/wp\/v2\/types\/product"}],"replies":[{"embeddable":true,"href":"https:\/\/alfakher24h.de\/hu\/wp-json\/wp\/v2\/comments?post=2052"}],"wp:featuredmedia":[{"embeddable":true,"href":"https:\/\/alfakher24h.de\/hu\/wp-json\/wp\/v2\/media\/2054"}],"wp:attachment":[{"href":"https:\/\/alfakher24h.de\/hu\/wp-json\/wp\/v2\/media?parent=2052"}],"wp:term":[{"taxonomy":"product_brand","embeddable":true,"href":"https:\/\/alfakher24h.de\/hu\/wp-json\/wp\/v2\/product_brand?post=2052"},{"taxonomy":"product_cat","embeddable":true,"href":"https:\/\/alfakher24h.de\/hu\/wp-json\/wp\/v2\/product_cat?post=2052"},{"taxonomy":"product_tag","embeddable":true,"href":"https:\/\/alfakher24h.de\/hu\/wp-json\/wp\/v2\/product_tag?post=2052"}],"curies":[{"name":"wp","href":"https:\/\/api.w.org\/{rel}","templated":true}]}}